{"id":77,"date":"2022-10-11T10:15:50","date_gmt":"2022-10-11T10:15:50","guid":{"rendered":"https:\/\/luckyjet-games.com\/?page_id=77"},"modified":"2024-03-13T18:55:21","modified_gmt":"2024-03-13T18:55:21","slug":"lucky-jet-demo-version-free-play","status":"publish","type":"page","link":"https:\/\/luckyjet-games.com\/sv\/lucky-jet-demo\/","title":{"rendered":"Lucky Jet Demoversion - Gratis spel"},"content":{"rendered":"<div style=\"text-align: center;\"><a class=\"glow-button-new\" href=\"#go\" data-go=\"go\">Spela Lucky Jet Demo eller riktiga pengar<\/a><\/div>\n\n\n<div class=\"wp-block-image\">\n<figure class=\"aligncenter\"><a href=\"#go\" data-go=\"go\"><img decoding=\"async\" width=\"589\" height=\"441\" src=\"https:\/\/luckyjet-games.com\/wp-content\/uploads\/2022\/10\/Lucky-Jet-Demo-Game.jpg\" alt=\"Lucky Jet-demospel\" class=\"wp-image-82\" srcset=\"https:\/\/luckyjet-games.com\/wp-content\/uploads\/2022\/10\/Lucky-Jet-Demo-Game.jpg 589w, https:\/\/luckyjet-games.com\/wp-content\/uploads\/2022\/10\/Lucky-Jet-Demo-Game-300x225.jpg 300w, https:\/\/luckyjet-games.com\/wp-content\/uploads\/2022\/10\/Lucky-Jet-Demo-Game-53x40.jpg 53w, https:\/\/luckyjet-games.com\/wp-content\/uploads\/2022\/10\/Lucky-Jet-Demo-Game-450x338.jpg 450w, https:\/\/luckyjet-games.com\/wp-content\/uploads\/2022\/10\/Lucky-Jet-Demo-Game-43x32.jpg 43w, https:\/\/luckyjet-games.com\/wp-content\/uploads\/2022\/10\/Lucky-Jet-Demo-Game-107x80.jpg 107w, https:\/\/luckyjet-games.com\/wp-content\/uploads\/2022\/10\/Lucky-Jet-Demo-Game-180x135.jpg 180w\" sizes=\"(max-width: 589px) 100vw, 589px\" \/><\/a><figcaption class=\"wp-element-caption\">Lucky Jet-demospel<\/figcaption><\/figure>\n<\/div>\n\n\n<p>Det h\u00e4r spelet \u00e4r b\u00e5de gratis att spela och har 2 000 mynt i f\u00f6rv\u00e4g. Det verkar som om det roliga aldrig tar slut p\u00e5 grund av den h\u00f6ga \u00e5terbetalningsgraden.<\/p>\n\n\n\n<div id=\"ez-toc-container\" class=\"ez-toc-v2_0_75 counter-hierarchy ez-toc-counter ez-toc-grey ez-toc-container-direction\">\n<div class=\"ez-toc-title-container\">\n<p class=\"ez-toc-title\" style=\"cursor:inherit\">Inneh\u00e5llsf\u00f6rteckning<\/p>\n<span class=\"ez-toc-title-toggle\"><a href=\"#\" class=\"ez-toc-pull-right ez-toc-btn ez-toc-btn-xs ez-toc-btn-default ez-toc-toggle\" aria-label=\"V\u00e4xla till inneh\u00e5llsf\u00f6rteckning\"><span class=\"ez-toc-js-icon-con\"><span class=\"\"><span class=\"eztoc-hide\" style=\"display:none;\">V\u00e4xel<\/span><span class=\"ez-toc-icon-toggle-span\"><svg style=\"fill: #999;color:#999\" xmlns=\"http:\/\/www.w3.org\/2000\/svg\" class=\"list-377408\" width=\"20px\" height=\"20px\" viewbox=\"0 0 24 24\" fill=\"none\"><path d=\"M6 6H4v2h2V6zm14 0H8v2h12V6zM4 11h2v2H4v-2zm16 0H8v2h12v-2zM4 16h2v2H4v-2zm16 0H8v2h12v-2z\" fill=\"currentColor\"><\/path><\/svg><svg style=\"fill: #999;color:#999\" class=\"arrow-unsorted-368013\" xmlns=\"http:\/\/www.w3.org\/2000\/svg\" width=\"10px\" height=\"10px\" viewbox=\"0 0 24 24\" version=\"1.2\" baseprofile=\"tiny\"><path d=\"M18.2 9.3l-6.2-6.3-6.2 6.3c-.2.2-.3.4-.3.7s.1.5.3.7c.2.2.4.3.7.3h11c.3 0 .5-.1.7-.3.2-.2.3-.5.3-.7s-.1-.5-.3-.7zM5.8 14.7l6.2 6.3 6.2-6.3c.2-.2.3-.5.3-.7s-.1-.5-.3-.7c-.2-.2-.4-.3-.7-.3h-11c-.3 0-.5.1-.7.3-.2.2-.3.5-.3.7s.1.5.3.7z\"\/><\/svg><\/span><\/span><\/span><\/a><\/span><\/div>\n<nav><ul class='ez-toc-list ez-toc-list-level-1 eztoc-toggle-hide-by-default' ><li class='ez-toc-page-1 ez-toc-heading-level-2'><a class=\"ez-toc-link ez-toc-heading-1\" href=\"https:\/\/luckyjet-games.com\/sv\/lucky-jet-demo\/#How_to_Play_Lucky_Jet_Game_for_Free\" >Hur spelar man Lucky Jet-spel gratis?<\/a><\/li><li class='ez-toc-page-1 ez-toc-heading-level-2'><a class=\"ez-toc-link ez-toc-heading-2\" href=\"https:\/\/luckyjet-games.com\/sv\/lucky-jet-demo\/#Where_I_can_find_Lucky_Jet_Game\" >Var kan jag hitta Lucky Jet Game?<\/a><\/li><li class='ez-toc-page-1 ez-toc-heading-level-2'><a class=\"ez-toc-link ez-toc-heading-3\" href=\"https:\/\/luckyjet-games.com\/sv\/lucky-jet-demo\/#Best_Casinos_Where_to_Play_Lucky_Jet_Demo\" >B\u00e4sta kasinon d\u00e4r du kan spela Lucky Jet Demo<\/a><ul class='ez-toc-list-level-3' ><li class='ez-toc-heading-level-3'><a class=\"ez-toc-link ez-toc-heading-4\" href=\"https:\/\/luckyjet-games.com\/sv\/lucky-jet-demo\/#1Win_Casino\" >1Win Casino<\/a><\/li><li class='ez-toc-page-1 ez-toc-heading-level-3'><a class=\"ez-toc-link ez-toc-heading-5\" href=\"https:\/\/luckyjet-games.com\/sv\/lucky-jet-demo\/#Cbet_Casino\" >Cbet Casino<\/a><\/li><li class='ez-toc-page-1 ez-toc-heading-level-3'><a class=\"ez-toc-link ez-toc-heading-6\" href=\"https:\/\/luckyjet-games.com\/sv\/lucky-jet-demo\/#Betano_Casino\" >Betano Kasino<\/a><\/li><li class='ez-toc-page-1 ez-toc-heading-level-3'><a class=\"ez-toc-link ez-toc-heading-7\" href=\"https:\/\/luckyjet-games.com\/sv\/lucky-jet-demo\/#Pin_Up_Casino\" >Pin Up Casino<\/a><\/li><li class='ez-toc-page-1 ez-toc-heading-level-3'><a class=\"ez-toc-link ez-toc-heading-8\" href=\"https:\/\/luckyjet-games.com\/sv\/lucky-jet-demo\/#LeoVegas\" >LeoVegas<\/a><\/li><\/ul><\/li><li class='ez-toc-page-1 ez-toc-heading-level-2'><a class=\"ez-toc-link ez-toc-heading-9\" href=\"https:\/\/luckyjet-games.com\/sv\/lucky-jet-demo\/#Advantages_of_Playing_Lucky_Jet_for_Free\" >F\u00f6rdelar med att spela Lucky Jet gratis<\/a><\/li><li class='ez-toc-page-1 ez-toc-heading-level-2'><a class=\"ez-toc-link ez-toc-heading-10\" href=\"https:\/\/luckyjet-games.com\/sv\/lucky-jet-demo\/#Conclusion\" >Slutsats<\/a><\/li><li class='ez-toc-page-1 ez-toc-heading-level-2'><a class=\"ez-toc-link ez-toc-heading-11\" href=\"https:\/\/luckyjet-games.com\/sv\/lucky-jet-demo\/#FAQ\" >VANLIGA FR\u00c5GOR<\/a><ul class='ez-toc-list-level-3' ><li class='ez-toc-heading-level-3'><a class=\"ez-toc-link ez-toc-heading-12\" href=\"https:\/\/luckyjet-games.com\/sv\/lucky-jet-demo\/#What_is_Lucky_Jet\" >Vad \u00e4r Lucky Jet?<\/a><\/li><li class='ez-toc-page-1 ez-toc-heading-level-3'><a class=\"ez-toc-link ez-toc-heading-13\" href=\"https:\/\/luckyjet-games.com\/sv\/lucky-jet-demo\/#How_do_I_play_Lucky_Jet\" >Hur spelar jag Lucky Jet?<\/a><\/li><li class='ez-toc-page-1 ez-toc-heading-level-3'><a class=\"ez-toc-link ez-toc-heading-14\" href=\"https:\/\/luckyjet-games.com\/sv\/lucky-jet-demo\/#Can_I_play_Lucky_Jet_for_free\" >Kan jag spela Lucky Jet gratis?<\/a><\/li><li class='ez-toc-page-1 ez-toc-heading-level-3'><a class=\"ez-toc-link ez-toc-heading-15\" href=\"https:\/\/luckyjet-games.com\/sv\/lucky-jet-demo\/#Can_I_win_real_money_playing_Lucky_Jet\" >Kan jag vinna riktiga pengar genom att spela Lucky Jet?<\/a><\/li><\/ul><\/li><\/ul><\/nav><\/div>\n<h2 class=\"wp-block-heading\"><span class=\"ez-toc-section\" id=\"How_to_Play_Lucky_Jet_Game_for_Free\"><\/span>Hur spelar man Lucky Jet-spel gratis?<span class=\"ez-toc-section-end\"><\/span><\/h2>\n\n\n\n<p>Det b\u00e4sta med gratis <a href=\"https:\/\/luckyjet-games.com\/sv\/\">Lucky Jet-spel<\/a> \u00e4r att du kan spela dem f\u00f6r skojs skull eller f\u00f6r att \u00f6va utan att beh\u00f6va satsa n\u00e5gra egna pengar. Detta g\u00e4ller s\u00e4rskilt f\u00f6r Lucky Jet. Du kan v\u00e4lja att spela spelet i demol\u00e4ge vilket g\u00f6r att du kan f\u00e5 en k\u00e4nsla f\u00f6r hur spelet fungerar innan du riskerar n\u00e5gra egna pengar. Alternativt kan du anv\u00e4nda de gratispengar som finns f\u00f6rinstallerade i spelet f\u00f6r att b\u00f6rja snurra p\u00e5 hjulen och se om turen \u00e4r p\u00e5 din sida.<\/p>\n\n\n\n<p>Oavsett om du \u00e4r nyb\u00f6rjare eller erfaren spelare \u00e4r Lucky Jet ett bra spel att prova tack vare de enkla reglerna och de stora utbetalningarna.<\/p>\n\n\n<div class=\"wp-block-image wp-image-83 size-full\">\n<figure class=\"aligncenter\"><img decoding=\"async\" width=\"788\" height=\"368\" src=\"https:\/\/luckyjet-games.com\/wp-content\/uploads\/2022\/10\/Lucky-Jet-Free-to-Play.jpg\" alt=\"Lucky Jet Gratis att spela\" class=\"wp-image-83\" srcset=\"https:\/\/luckyjet-games.com\/wp-content\/uploads\/2022\/10\/Lucky-Jet-Free-to-Play.jpg 788w, https:\/\/luckyjet-games.com\/wp-content\/uploads\/2022\/10\/Lucky-Jet-Free-to-Play-300x140.jpg 300w, https:\/\/luckyjet-games.com\/wp-content\/uploads\/2022\/10\/Lucky-Jet-Free-to-Play-768x359.jpg 768w, https:\/\/luckyjet-games.com\/wp-content\/uploads\/2022\/10\/Lucky-Jet-Free-to-Play-86x40.jpg 86w, https:\/\/luckyjet-games.com\/wp-content\/uploads\/2022\/10\/Lucky-Jet-Free-to-Play-69x32.jpg 69w, https:\/\/luckyjet-games.com\/wp-content\/uploads\/2022\/10\/Lucky-Jet-Free-to-Play-171x80.jpg 171w, https:\/\/luckyjet-games.com\/wp-content\/uploads\/2022\/10\/Lucky-Jet-Free-to-Play-289x135.jpg 289w\" sizes=\"(max-width: 788px) 100vw, 788px\" \/><figcaption class=\"wp-element-caption\">Lucky Jet Gratis att spela<\/figcaption><\/figure>\n<\/div>\n\n\n<div style=\"text-align: center;\"><a class=\"glow-button-new\" href=\"#go\" data-go=\"go\">Spela Lucky Jet - Gratis att spela<\/a><\/div>\n\n\n\n<h2 class=\"wp-block-heading\"><span class=\"ez-toc-section\" id=\"Where_I_can_find_Lucky_Jet_Game\"><\/span>Var kan jag hitta Lucky Jet Game?<span class=\"ez-toc-section-end\"><\/span><\/h2>\n\n\n\n<p>Spelet kan spelas p\u00e5 ett antal olika plattformar, inklusive datorer, mobiler och surfplattor. Du kan hitta det p\u00e5 ett antal onlinecasinon p\u00e5 v\u00e5r sida och du kan spela det h\u00e4r gratis.<\/p>\n\n\n\n<p>Lucky Jet \u00e4r ett enkelt men roligt casinospel som ger dig chansen att vinna stora vinster. Prova det idag och se om turen \u00e4r p\u00e5 din sida.<\/p>\n\n\n\n<h2 class=\"wp-block-heading\"><span class=\"ez-toc-section\" id=\"Best_Casinos_Where_to_Play_Lucky_Jet_Demo\"><\/span>B\u00e4sta kasinon d\u00e4r du kan spela Lucky Jet Demo<span class=\"ez-toc-section-end\"><\/span><\/h2>\n\n\n\n<h3 class=\"wp-block-heading\"><span class=\"ez-toc-section\" id=\"1Win_Casino\"><\/span>1Win Casino<span class=\"ez-toc-section-end\"><\/span><\/h3>\n\n\n\n<p>Om du letar efter en demo av Lucky Jet-spelet \u00e4r 1Win Casino ett bra st\u00e4lle att b\u00f6rja. Det h\u00e4r casinot erbjuder en rad olika spel fr\u00e5n slots till bordsspel och alla kommer med ett alternativ f\u00f6r gratis spel. Det betyder att du kan prova alla spel p\u00e5 sajten utan att beh\u00f6va riskera n\u00e5gra egna pengar.<\/p>\n\n\n\n<p>N\u00e4r det g\u00e4ller Lucky Jet, <a href=\"https:\/\/luckyjet-games.com\/sv\/lucky-jet-1win-casino-game\/\">1Win Casino<\/a> erbjuder ett stort urval av bonusar som kan anv\u00e4ndas i spelet. Dessa inkluderar en v\u00e4lkomstbonus, reload bonusar och cashback erbjudanden. Det finns ocks\u00e5 ett antal kampanjer som p\u00e5g\u00e5r n\u00e4r som helst och som ger chansen att vinna priser som free spins och bonuspengar.<\/p>\n\n\n\n<h3 class=\"wp-block-heading\"><span class=\"ez-toc-section\" id=\"Cbet_Casino\"><\/span>Cbet Casino<span class=\"ez-toc-section-end\"><\/span><\/h3>\n\n\n\n<p>Om du vill prova en Lucky Jet-demo kan du bes\u00f6ka f\u00f6ljande webbplats <a href=\"https:\/\/luckyjet-games.com\/sv\/lucky-jet-at-cbet-casino\/\">CBet Kasino<\/a>. Det h\u00e4r kasinot har m\u00e5nga olika spel, inklusive slots och bordsspel, och alla har ett gratis spelalternativ. Det inneb\u00e4r att du kan testa alla spel p\u00e5 webbplatsen utan att riskera dina egna pengar.<\/p>\n\n\n\n<h3 class=\"wp-block-heading\"><span class=\"ez-toc-section\" id=\"Betano_Casino\"><\/span>Betano Kasino<span class=\"ez-toc-section-end\"><\/span><\/h3>\n\n\n\n<p><a href=\"https:\/\/luckyjet-games.com\/sv\/lucky-jet-at-betano-casino\/\">Betano Kasino<\/a> \u00e4r perfekt f\u00f6r dem som funderar p\u00e5 att g\u00f6ra en Lucky Jet-demo. Med spel som str\u00e4cker sig fr\u00e5n slots till bordsspel, alla med ett alternativ f\u00f6r gratis spel, kan du utforska webbplatsen utan att vara r\u00e4dd f\u00f6r att f\u00f6rlora dina egna pengar.<\/p>\n\n\n\n<h3 class=\"wp-block-heading\"><span class=\"ez-toc-section\" id=\"Pin_Up_Casino\"><\/span>Pin Up Casino<span class=\"ez-toc-section-end\"><\/span><\/h3>\n\n\n\n<p>Ett annat utm\u00e4rkt val f\u00f6r dem som vill ha en Lucky Jet-demo \u00e4r att spela p\u00e5 <a href=\"https:\/\/luckyjet-games.com\/sv\/lucky-jet-at-pin-up-casino\/\">Pin Up Casino<\/a>. Det h\u00e4r kasinot har en m\u00e4ngd olika spel, inklusive slots och bordsspel, och alla har ett gratis spelalternativ.<\/p>\n\n\n\n<h3 class=\"wp-block-heading\"><span class=\"ez-toc-section\" id=\"LeoVegas\"><\/span>LeoVegas<span class=\"ez-toc-section-end\"><\/span><\/h3>\n\n\n\n<p>F\u00f6r dem som vill spela Lucky Jet-demonstrationen p\u00e5 <a href=\"https:\/\/luckyjet-games.com\/sv\/lucky-jet-at-leovegas-casino\/\">LeoVegas Casino<\/a>Det \u00e4r ett fantastiskt alternativ. Det h\u00e4r kasinot har en m\u00e4ngd olika spel, inklusive slots och bordsspel, och alla spel har en m\u00f6jlighet till gratis spel. Det betyder att du kan prova alla spel p\u00e5 sidan utan att riskera n\u00e5gra egna pengar.<\/p>\n\n\n<div class=\"wp-block-image\">\n<figure class=\"aligncenter\"><a href=\"#go\" data-go=\"go\"><img decoding=\"async\" width=\"1022\" height=\"435\" src=\"https:\/\/luckyjet-games.com\/wp-content\/uploads\/2022\/10\/Lucky-Jet-Game-Demo.jpg\" alt=\"Lucky Jet-demonstration av spelet\" class=\"wp-image-84\" srcset=\"https:\/\/luckyjet-games.com\/wp-content\/uploads\/2022\/10\/Lucky-Jet-Game-Demo.jpg 1022w, https:\/\/luckyjet-games.com\/wp-content\/uploads\/2022\/10\/Lucky-Jet-Game-Demo-300x128.jpg 300w, https:\/\/luckyjet-games.com\/wp-content\/uploads\/2022\/10\/Lucky-Jet-Game-Demo-768x327.jpg 768w, https:\/\/luckyjet-games.com\/wp-content\/uploads\/2022\/10\/Lucky-Jet-Game-Demo-94x40.jpg 94w, https:\/\/luckyjet-games.com\/wp-content\/uploads\/2022\/10\/Lucky-Jet-Game-Demo-75x32.jpg 75w, https:\/\/luckyjet-games.com\/wp-content\/uploads\/2022\/10\/Lucky-Jet-Game-Demo-188x80.jpg 188w, https:\/\/luckyjet-games.com\/wp-content\/uploads\/2022\/10\/Lucky-Jet-Game-Demo-317x135.jpg 317w\" sizes=\"(max-width: 1022px) 100vw, 1022px\" \/><\/a><figcaption class=\"wp-element-caption\">Lucky Jet-demonstration av spelet<\/figcaption><\/figure>\n<\/div>\n\n\n<div style=\"text-align: center;\"><a class=\"glow-button-new\" href=\"#go\" data-go=\"go\">Spela Demo Lucky Jet<\/a><\/div>\n\n\n\n<h2 class=\"wp-block-heading\"><span class=\"ez-toc-section\" id=\"Advantages_of_Playing_Lucky_Jet_for_Free\"><\/span>F\u00f6rdelar med att spela Lucky Jet gratis<span class=\"ez-toc-section-end\"><\/span><\/h2>\n\n\n\n<p>Den st\u00f6rsta f\u00f6rdelen med att spela Lucky Jet gratis \u00e4r att du kan g\u00f6ra det utan att beh\u00f6va riskera n\u00e5gra egna pengar. Det betyder att du kan prova spelet och f\u00e5 en k\u00e4nsla f\u00f6r hur det fungerar innan du best\u00e4mmer dig f\u00f6r om du vill spela det f\u00f6r riktiga pengar eller inte.<\/p>\n\n\n\n<p>En annan f\u00f6rdel med att spela spelet gratis \u00e4r att du kan \u00f6va och f\u00f6rb\u00e4ttra dina f\u00e4rdigheter. Om du \u00e4r nyb\u00f6rjare p\u00e5 casinospel \u00e4r gratis spelande ett utm\u00e4rkt s\u00e4tt att l\u00e4ra sig grunderna och utveckla din strategi. N\u00e4r du k\u00e4nner dig mer s\u00e4ker kan du b\u00f6rja spela f\u00f6r riktiga pengar och ha chans att vinna stora priser.<\/p>\n\n\n\n<h2 class=\"wp-block-heading\"><span class=\"ez-toc-section\" id=\"Conclusion\"><\/span>Slutsats<span class=\"ez-toc-section-end\"><\/span><\/h2>\n\n\n\n<p>Om du letar efter ett roligt och l\u00e4ttspelat casinospel \u00e4r Lucky Jet ett bra alternativ. Spelet kan spelas gratis eller f\u00f6r riktiga pengar och det ger dig chansen att vinna stora priser.<\/p>\n\n\n\n<h2 class=\"wp-block-heading\"><span class=\"ez-toc-section\" id=\"FAQ\"><\/span>VANLIGA FR\u00c5GOR<span class=\"ez-toc-section-end\"><\/span><\/h2>\n\n\n        <section class=\"sc_fs_faq sc_card\">\n            <div>\n\t\t\t\t<h3><span class=\"ez-toc-section\" id=\"What_is_Lucky_Jet\"><\/span>Vad \u00e4r Lucky Jet?<span class=\"ez-toc-section-end\"><\/span><\/h3>                <div>\n\t\t\t\t\t                    <p>\n\t\t\t\t\t\tLucky Jet \u00e4r ett casinospel som kan spelas gratis eller f\u00f6r riktiga pengar. Spelet \u00e4r enkelt att spela och erbjuder chansen att vinna stora priser.                    <\/p>\n                <\/div>\n            <\/div>\n        <\/section>\n\t\t        <section class=\"sc_fs_faq sc_card\">\n            <div>\n\t\t\t\t<h3><span class=\"ez-toc-section\" id=\"How_do_I_play_Lucky_Jet\"><\/span>Hur spelar jag Lucky Jet?<span class=\"ez-toc-section-end\"><\/span><\/h3>                <div>\n\t\t\t\t\t                    <p>\n\t\t\t\t\t\tSpelet spelas genom att snurra p\u00e5 hjulen. Du kan satsa p\u00e5 ett antal olika vinstlinjer och om du matchar r\u00e4tt symboler vinner du ett pris.                    <\/p>\n                <\/div>\n            <\/div>\n        <\/section>\n\t\t        <section class=\"sc_fs_faq sc_card\">\n            <div>\n\t\t\t\t<h3><span class=\"ez-toc-section\" id=\"Can_I_play_Lucky_Jet_for_free\"><\/span>Kan jag spela Lucky Jet gratis?<span class=\"ez-toc-section-end\"><\/span><\/h3>                <div>\n\t\t\t\t\t                    <p>\n\t\t\t\t\t\tJa, spelet kan spelas gratis. P\u00e5 s\u00e5 s\u00e4tt kan du prova spelet och f\u00e5 en k\u00e4nsla f\u00f6r hur det fungerar innan du best\u00e4mmer dig f\u00f6r om du vill spela det f\u00f6r riktiga pengar eller inte.                    <\/p>\n                <\/div>\n            <\/div>\n        <\/section>\n\t\t        <section class=\"sc_fs_faq sc_card\">\n            <div>\n\t\t\t\t<h3><span class=\"ez-toc-section\" id=\"Can_I_win_real_money_playing_Lucky_Jet\"><\/span>Kan jag vinna riktiga pengar genom att spela Lucky Jet?<span class=\"ez-toc-section-end\"><\/span><\/h3>                <div>\n\t\t\t\t\t                    <p>\n\t\t\t\t\t\tJa, du kan vinna riktiga pengar n\u00e4r du spelar Lucky Jet. Om du spelar f\u00f6r riktiga pengar har du chansen att vinna stora priser.                    <\/p>\n                <\/div>\n            <\/div>\n        <\/section>\n\t\t\n<script type=\"application\/ld+json\">{\n    \"@context\": \"https:\\\/\\\/schema.org\",\n    \"@type\": \"FAQPage\",\n    \"mainEntity\": [\n        {\n            \"@type\": \"Question\",\n            \"name\": \"What is Lucky Jet?\",\n            \"acceptedAnswer\": {\n                \"@type\": \"Answer\",\n                \"text\": \"Lucky Jet is a casino game that can be played for free or for real money. The game is simple to play and offers the chance to win big prizes.\"\n            }\n        },\n        {\n            \"@type\": \"Question\",\n            \"name\": \"How do I play Lucky Jet?\",\n            \"acceptedAnswer\": {\n                \"@type\": \"Answer\",\n                \"text\": \"The game is played by spinning the reels. You can bet on a number of different paylines and if you match the right symbols, you\\u2019ll win a prize.\"\n            }\n        },\n        {\n            \"@type\": \"Question\",\n            \"name\": \"Can I play Lucky Jet for free?\",\n            \"acceptedAnswer\": {\n                \"@type\": \"Answer\",\n                \"text\": \"Yes, the game can be played for free. This allows you to try out the game and get a feel for how it works before deciding whether or not you want to play it for real money.\"\n            }\n        },\n        {\n            \"@type\": \"Question\",\n            \"name\": \"Can I win real money playing Lucky Jet?\",\n            \"acceptedAnswer\": {\n                \"@type\": \"Answer\",\n                \"text\": \"Yes, you can win real money playing Lucky Jet. If you play for real money, you\\u2019ll have the chance to win big prizes.\"\n            }\n        }\n    ]\n}<\/script>\n\n<div class=\"author-card author-card--top\"><img alt='Profilbild' src='https:\/\/luckyjet-games.com\/wp-content\/uploads\/2023\/03\/Chris-Hodge-130x130.jpg' srcset='https:\/\/luckyjet-games.com\/wp-content\/uploads\/2023\/03\/Chris-Hodge-260x260.jpg 2x' class='avatar avatar-130 photo author-image' height='130' width='130' \/><div class=\"author-content text-md-center\"><span class=\"author-title\">F\u00f6rfattare<\/span><a href=\"https:\/\/luckyjet-games.com\/sv\/author\/chris-hodge\/\" class=\"author-name\">Chris Hodge<\/a><p class=\"author__details\">Chris Hodge \u00e4r expert p\u00e5 spel. Han har spelat och studerat kasinospel i \u00f6ver 10 \u00e5r. Under den tiden har han utvecklat en intim f\u00f6rst\u00e5else f\u00f6r strategierna och mekaniken bakom varje spel p\u00e5 kasinot.<br \/>\r\n<br \/>\r\nChris kunskap och expertis har gjort att han regelbundet bidrar till flera av de b\u00e4sta spelpublikationerna. Casinon anlitar ocks\u00e5 ofta honom f\u00f6r att ge expertr\u00e5d om nya spel och kampanjer.<\/p><\/div><!-- \/.author-content --><\/div>","protected":false},"excerpt":{"rendered":"<p>Spela Lucky Jet Demo eller riktiga pengar Detta spel \u00e4r b\u00e5de gratis att spela och kommer f\u00f6rladdat med 2000 mynt. Det roliga verkar aldrig sluta p\u00e5 grund av den h\u00f6ga avkastningen. Hur man spelar Lucky Jet-spel gratis? Det b\u00e4sta med gratis Lucky Jet-spel \u00e4r att du kan spela dem f\u00f6r [...].<\/p>","protected":false},"author":2,"featured_media":0,"parent":0,"menu_order":0,"comment_status":"closed","ping_status":"closed","template":"page-no-sidebar.php","meta":{"_acf_changed":false,"footnotes":""},"class_list":["post-77","page","type-page","status-publish","hentry"],"acf":[],"yoast_head":"<!-- This site is optimized with the Yoast SEO plugin v26.7 - https:\/\/yoast.com\/wordpress\/plugins\/seo\/ -->\n<title>Lucky Jet Free to Play Game - Play Lucky Jet Game Demo<\/title>\n<meta name=\"description\" content=\"Play Lucky Jet game demo free or real money. Find out how to Play Lucky Jet for Free and How to Win? \ud83d\ude80 Advantages of playing Lucky Jet Demo Game\" \/>\n<meta name=\"robots\" content=\"index, follow, max-snippet:-1, max-image-preview:large, max-video-preview:-1\" \/>\n<link rel=\"canonical\" href=\"https:\/\/luckyjet-games.com\/sv\/lucky-jet-demo\/\" \/>\n<meta property=\"og:locale\" content=\"sv_SE\" \/>\n<meta property=\"og:type\" content=\"article\" \/>\n<meta property=\"og:title\" content=\"Lucky Jet Free to Play Game - Play Lucky Jet Game Demo\" \/>\n<meta property=\"og:description\" content=\"Play Lucky Jet game demo free or real money. Find out how to Play Lucky Jet for Free and How to Win? \ud83d\ude80 Advantages of playing Lucky Jet Demo Game\" \/>\n<meta property=\"og:url\" content=\"https:\/\/luckyjet-games.com\/sv\/lucky-jet-demo\/\" \/>\n<meta property=\"og:site_name\" content=\"Lucky Jet Games\" \/>\n<meta property=\"article:modified_time\" content=\"2024-03-13T18:55:21+00:00\" \/>\n<meta property=\"og:image\" content=\"https:\/\/luckyjet-games.com\/wp-content\/uploads\/2022\/10\/Lucky-Jet-Demo-Game.jpg\" \/>\n<meta name=\"twitter:card\" content=\"summary_large_image\" \/>\n<meta name=\"twitter:label1\" content=\"Ber\u00e4knad l\u00e4stid\" \/>\n\t<meta name=\"twitter:data1\" content=\"5 minuter\" \/>\n<!-- \/ Yoast SEO plugin. -->","yoast_head_json":{"title":"Lucky Jet gratis att spela - Spela Lucky Jet spel demo","description":"Spela Lucky Jet-spel demo gratis eller med riktiga pengar. Ta reda p\u00e5 hur man spelar Lucky Jet gratis och hur man vinner? \ud83d\ude80 F\u00f6rdelar med att spela Lucky Jet Demo Game","robots":{"index":"index","follow":"follow","max-snippet":"max-snippet:-1","max-image-preview":"max-image-preview:large","max-video-preview":"max-video-preview:-1"},"canonical":"https:\/\/luckyjet-games.com\/sv\/lucky-jet-demo\/","og_locale":"sv_SE","og_type":"article","og_title":"Lucky Jet Free to Play Game - Play Lucky Jet Game Demo","og_description":"Play Lucky Jet game demo free or real money. Find out how to Play Lucky Jet for Free and How to Win? \ud83d\ude80 Advantages of playing Lucky Jet Demo Game","og_url":"https:\/\/luckyjet-games.com\/sv\/lucky-jet-demo\/","og_site_name":"Lucky Jet Games","article_modified_time":"2024-03-13T18:55:21+00:00","og_image":[{"url":"https:\/\/luckyjet-games.com\/wp-content\/uploads\/2022\/10\/Lucky-Jet-Demo-Game.jpg","type":"","width":"","height":""}],"twitter_card":"summary_large_image","twitter_misc":{"Ber\u00e4knad l\u00e4stid":"5 minuter"},"schema":{"@context":"https:\/\/schema.org","@graph":[{"@type":"WebPage","@id":"https:\/\/luckyjet-games.com\/lucky-jet-demo\/","url":"https:\/\/luckyjet-games.com\/lucky-jet-demo\/","name":"Lucky Jet gratis att spela - Spela Lucky Jet spel demo","isPartOf":{"@id":"https:\/\/luckyjet-games.com\/de\/#website"},"primaryImageOfPage":{"@id":"https:\/\/luckyjet-games.com\/lucky-jet-demo\/#primaryimage"},"image":{"@id":"https:\/\/luckyjet-games.com\/lucky-jet-demo\/#primaryimage"},"thumbnailUrl":"https:\/\/luckyjet-games.com\/wp-content\/uploads\/2022\/10\/Lucky-Jet-Demo-Game.jpg","datePublished":"2022-10-11T10:15:50+00:00","dateModified":"2024-03-13T18:55:21+00:00","description":"Spela Lucky Jet-spel demo gratis eller med riktiga pengar. Ta reda p\u00e5 hur man spelar Lucky Jet gratis och hur man vinner? \ud83d\ude80 F\u00f6rdelar med att spela Lucky Jet Demo Game","breadcrumb":{"@id":"https:\/\/luckyjet-games.com\/lucky-jet-demo\/#breadcrumb"},"inLanguage":"sv-SE","potentialAction":[{"@type":"ReadAction","target":["https:\/\/luckyjet-games.com\/lucky-jet-demo\/"]}]},{"@type":"ImageObject","inLanguage":"sv-SE","@id":"https:\/\/luckyjet-games.com\/lucky-jet-demo\/#primaryimage","url":"https:\/\/luckyjet-games.com\/wp-content\/uploads\/2022\/10\/Lucky-Jet-Demo-Game.jpg","contentUrl":"https:\/\/luckyjet-games.com\/wp-content\/uploads\/2022\/10\/Lucky-Jet-Demo-Game.jpg"},{"@type":"BreadcrumbList","@id":"https:\/\/luckyjet-games.com\/lucky-jet-demo\/#breadcrumb","itemListElement":[{"@type":"ListItem","position":1,"name":"Home","item":"https:\/\/luckyjet-games.com\/"},{"@type":"ListItem","position":2,"name":"Lucky Jet Demo Version &#8211; Free Play"}]},{"@type":"WebSite","@id":"https:\/\/luckyjet-games.com\/de\/#website","url":"https:\/\/luckyjet-games.com\/de\/","name":"Lucky Jet-spel","description":"","publisher":{"@id":"https:\/\/luckyjet-games.com\/de\/#organization"},"potentialAction":[{"@type":"SearchAction","target":{"@type":"EntryPoint","urlTemplate":"https:\/\/luckyjet-games.com\/de\/?s={search_term_string}"},"query-input":{"@type":"PropertyValueSpecification","valueRequired":true,"valueName":"search_term_string"}}],"inLanguage":"sv-SE"},{"@type":"Organization","@id":"https:\/\/luckyjet-games.com\/de\/#organization","name":"Lucky Jet-spel","url":"https:\/\/luckyjet-games.com\/de\/","logo":{"@type":"ImageObject","inLanguage":"sv-SE","@id":"https:\/\/luckyjet-games.com\/de\/#\/schema\/logo\/image\/","url":"https:\/\/luckyjet-games.com\/wp-content\/uploads\/2022\/10\/Lucky-Jet-Game.png","contentUrl":"https:\/\/luckyjet-games.com\/wp-content\/uploads\/2022\/10\/Lucky-Jet-Game.png","width":711,"height":599,"caption":"Lucky Jet Games"},"image":{"@id":"https:\/\/luckyjet-games.com\/de\/#\/schema\/logo\/image\/"}}]}},"_links":{"self":[{"href":"https:\/\/luckyjet-games.com\/sv\/wp-json\/wp\/v2\/pages\/77","targetHints":{"allow":["GET"]}}],"collection":[{"href":"https:\/\/luckyjet-games.com\/sv\/wp-json\/wp\/v2\/pages"}],"about":[{"href":"https:\/\/luckyjet-games.com\/sv\/wp-json\/wp\/v2\/types\/page"}],"author":[{"embeddable":true,"href":"https:\/\/luckyjet-games.com\/sv\/wp-json\/wp\/v2\/users\/2"}],"replies":[{"embeddable":true,"href":"https:\/\/luckyjet-games.com\/sv\/wp-json\/wp\/v2\/comments?post=77"}],"version-history":[{"count":0,"href":"https:\/\/luckyjet-games.com\/sv\/wp-json\/wp\/v2\/pages\/77\/revisions"}],"wp:attachment":[{"href":"https:\/\/luckyjet-games.com\/sv\/wp-json\/wp\/v2\/media?parent=77"}],"curies":[{"name":"wp","href":"https:\/\/api.w.org\/{rel}","templated":true}]}}