{"id":60,"date":"2022-10-11T08:03:52","date_gmt":"2022-10-11T08:03:52","guid":{"rendered":"https:\/\/luckyjet-games.com\/?page_id=60"},"modified":"2024-03-12T18:07:28","modified_gmt":"2024-03-12T18:07:28","slug":"lucky-jet-predictor-apk-download","status":"publish","type":"page","link":"https:\/\/luckyjet-games.com\/sv\/lucky-jet-predictor-apk-download\/","title":{"rendered":"Lucky Jet Predictor APK nedladdning"},"content":{"rendered":"<div style=\"text-align: center;\"><a class=\"glow-button\" href=\"#go\" data-go=\"go\">Spela Lucky Jet-spel<\/a><\/div>\n<div id=\"attachment_33\" style=\"width: 924px\" class=\"wp-caption aligncenter\"><a href=\"#go\" data-go=\"go\"><img decoding=\"async\" aria-describedby=\"caption-attachment-33\" class=\"wp-image-33\" title=\"Lucky Jet-spel\" src=\"https:\/\/luckyjet-games.com\/wp-content\/uploads\/2022\/10\/Jucky-Jet-Game-1024x532.jpg\" alt=\"Lucky Jet-spel\" width=\"924\" height=\"480\" srcset=\"https:\/\/luckyjet-games.com\/wp-content\/uploads\/2022\/10\/Jucky-Jet-Game-1024x532.jpg 1024w, https:\/\/luckyjet-games.com\/wp-content\/uploads\/2022\/10\/Jucky-Jet-Game-300x156.jpg 300w, https:\/\/luckyjet-games.com\/wp-content\/uploads\/2022\/10\/Jucky-Jet-Game-768x399.jpg 768w, https:\/\/luckyjet-games.com\/wp-content\/uploads\/2022\/10\/Jucky-Jet-Game-77x40.jpg 77w, https:\/\/luckyjet-games.com\/wp-content\/uploads\/2022\/10\/Jucky-Jet-Game-62x32.jpg 62w, https:\/\/luckyjet-games.com\/wp-content\/uploads\/2022\/10\/Jucky-Jet-Game-154x80.jpg 154w, https:\/\/luckyjet-games.com\/wp-content\/uploads\/2022\/10\/Jucky-Jet-Game-260x135.jpg 260w, https:\/\/luckyjet-games.com\/wp-content\/uploads\/2022\/10\/Jucky-Jet-Game.jpg 1089w\" sizes=\"(max-width: 924px) 100vw, 924px\" \/><\/a><p id=\"caption-attachment-33\" class=\"wp-caption-text\">Lucky Jet-spel<\/p><\/div>\n<p>Du kan ladda ner vilken version som helst av <a href=\"https:\/\/luckyjet-games.com\/sv\/\">Lucky Jet<\/a> F\u00f6ruts\u00e4gare. Om du vill installera Lucky Jet Predictor p\u00e5 din mobila enhet m\u00e5ste den ha Android 2.3 eller h\u00f6gre. Alla versioner av Lucky Jet Predictor finns tillg\u00e4ngliga via Android Top, och du kan f\u00e5 den direkt till din telefon eller annan Android-enhet. F\u00f6r det beh\u00f6ver du emulatorer; du kan dock anv\u00e4nda Lucky Jet Cheat Predictor p\u00e5 din dator om du anv\u00e4nder emulatorer.<\/p>\n<div id=\"ez-toc-container\" class=\"ez-toc-v2_0_75 counter-hierarchy ez-toc-counter ez-toc-grey ez-toc-container-direction\">\n<div class=\"ez-toc-title-container\">\n<p class=\"ez-toc-title\" style=\"cursor:inherit\">Inneh\u00e5llsf\u00f6rteckning<\/p>\n<span class=\"ez-toc-title-toggle\"><a href=\"#\" class=\"ez-toc-pull-right ez-toc-btn ez-toc-btn-xs ez-toc-btn-default ez-toc-toggle\" aria-label=\"V\u00e4xla till inneh\u00e5llsf\u00f6rteckning\"><span class=\"ez-toc-js-icon-con\"><span class=\"\"><span class=\"eztoc-hide\" style=\"display:none;\">V\u00e4xel<\/span><span class=\"ez-toc-icon-toggle-span\"><svg style=\"fill: #999;color:#999\" xmlns=\"http:\/\/www.w3.org\/2000\/svg\" class=\"list-377408\" width=\"20px\" height=\"20px\" viewbox=\"0 0 24 24\" fill=\"none\"><path d=\"M6 6H4v2h2V6zm14 0H8v2h12V6zM4 11h2v2H4v-2zm16 0H8v2h12v-2zM4 16h2v2H4v-2zm16 0H8v2h12v-2z\" fill=\"currentColor\"><\/path><\/svg><svg style=\"fill: #999;color:#999\" class=\"arrow-unsorted-368013\" xmlns=\"http:\/\/www.w3.org\/2000\/svg\" width=\"10px\" height=\"10px\" viewbox=\"0 0 24 24\" version=\"1.2\" baseprofile=\"tiny\"><path d=\"M18.2 9.3l-6.2-6.3-6.2 6.3c-.2.2-.3.4-.3.7s.1.5.3.7c.2.2.4.3.7.3h11c.3 0 .5-.1.7-.3.2-.2.3-.5.3-.7s-.1-.5-.3-.7zM5.8 14.7l6.2 6.3 6.2-6.3c.2-.2.3-.5.3-.7s-.1-.5-.3-.7c-.2-.2-.4-.3-.7-.3h-11c-.3 0-.5.1-.7.3-.2.2-.3.5-.3.7s.1.5.3.7z\"\/><\/svg><\/span><\/span><\/span><\/a><\/span><\/div>\n<nav><ul class='ez-toc-list ez-toc-list-level-1 eztoc-toggle-hide-by-default' ><li class='ez-toc-page-1 ez-toc-heading-level-2'><a class=\"ez-toc-link ez-toc-heading-1\" href=\"https:\/\/luckyjet-games.com\/sv\/lucky-jet-predictor-apk-download\/#How_to_Download_Lucky_Jet_Predictor_for_Android\" >Hur laddar man ner Lucky Jet Predictor f\u00f6r Android?<\/a><\/li><li class='ez-toc-page-1 ez-toc-heading-level-2'><a class=\"ez-toc-link ez-toc-heading-2\" href=\"https:\/\/luckyjet-games.com\/sv\/lucky-jet-predictor-apk-download\/#How_to_Install_Lucky_Jet_Cheat_Predictor_APK_on_Windows\" >Hur man installerar Lucky Jet Cheat Predictor APK p\u00e5 Windows?<\/a><\/li><li class='ez-toc-page-1 ez-toc-heading-level-2'><a class=\"ez-toc-link ez-toc-heading-3\" href=\"https:\/\/luckyjet-games.com\/sv\/lucky-jet-predictor-apk-download\/#How_to_Hack_Lucky_Jet_Game\" >Hur hackar man Lucky Jet-spel?<\/a><\/li><li class='ez-toc-page-1 ez-toc-heading-level-2'><a class=\"ez-toc-link ez-toc-heading-4\" href=\"https:\/\/luckyjet-games.com\/sv\/lucky-jet-predictor-apk-download\/#How_to_Use_Lucky_Jet_Cheat_Predictor\" >Hur anv\u00e4nder man Lucky Jet Cheat Predictor?<\/a><\/li><li class='ez-toc-page-1 ez-toc-heading-level-2'><a class=\"ez-toc-link ez-toc-heading-5\" href=\"https:\/\/luckyjet-games.com\/sv\/lucky-jet-predictor-apk-download\/#What_is_Lucky_Jet_Signals_Telegram_and_How_its_work\" >Vad \u00e4r Lucky Jet Signals Telegram och hur fungerar det?<\/a><\/li><li class='ez-toc-page-1 ez-toc-heading-level-2'><a class=\"ez-toc-link ez-toc-heading-6\" href=\"https:\/\/luckyjet-games.com\/sv\/lucky-jet-predictor-apk-download\/#Conclusion\" >Slutsats<\/a><\/li><\/ul><\/nav><\/div>\n<h2><span class=\"ez-toc-section\" id=\"How_to_Download_Lucky_Jet_Predictor_for_Android\"><\/span>Hur laddar man ner Lucky Jet Predictor f\u00f6r Android?<span class=\"ez-toc-section-end\"><\/span><\/h2>\n<ul>\n<li>G\u00e5 till Google Play Store fr\u00e5n din Android-enhet.<\/li>\n<li>Skriv \"Lucky Jet Predictor\" i s\u00f6kf\u00e4ltet.<\/li>\n<li>V\u00e4lj appen n\u00e4r den visas i s\u00f6kresultaten.<\/li>\n<li>Tryck p\u00e5 \"Installera\".<\/li>\n<li>V\u00e4nta tills Lucky Jet Predictor \u00e4r klar med nedladdningen och installationen p\u00e5 din enhet.<\/li>\n<li>N\u00e4r den \u00e4r klar kan du b\u00f6rja anv\u00e4nda appen!<\/li>\n<\/ul>\n<div id=\"attachment_65\" style=\"width: 496px\" class=\"wp-caption aligncenter\"><a href=\"#go\" data-go=\"go\"><img decoding=\"async\" aria-describedby=\"caption-attachment-65\" class=\"wp-image-65 size-full\" title=\"Lucky Jet fuska\" src=\"https:\/\/luckyjet-games.com\/wp-content\/uploads\/2022\/10\/Jucky-Jet-Signals-Telegram.jpg\" alt=\"Lucky Jet fuska\" width=\"496\" height=\"200\" srcset=\"https:\/\/luckyjet-games.com\/wp-content\/uploads\/2022\/10\/Jucky-Jet-Signals-Telegram.jpg 496w, https:\/\/luckyjet-games.com\/wp-content\/uploads\/2022\/10\/Jucky-Jet-Signals-Telegram-300x121.jpg 300w, https:\/\/luckyjet-games.com\/wp-content\/uploads\/2022\/10\/Jucky-Jet-Signals-Telegram-99x40.jpg 99w, https:\/\/luckyjet-games.com\/wp-content\/uploads\/2022\/10\/Jucky-Jet-Signals-Telegram-79x32.jpg 79w, https:\/\/luckyjet-games.com\/wp-content\/uploads\/2022\/10\/Jucky-Jet-Signals-Telegram-198x80.jpg 198w, https:\/\/luckyjet-games.com\/wp-content\/uploads\/2022\/10\/Jucky-Jet-Signals-Telegram-335x135.jpg 335w\" sizes=\"(max-width: 496px) 100vw, 496px\" \/><\/a><p id=\"caption-attachment-65\" class=\"wp-caption-text\">Lucky Jet fuska<\/p><\/div>\n<div style=\"text-align: center;\"><a class=\"glow-button\" href=\"#go\" data-go=\"go\">Ladda ner och spela Lucky Jet-spel<\/a><\/div>\n<h2><span class=\"ez-toc-section\" id=\"How_to_Install_Lucky_Jet_Cheat_Predictor_APK_on_Windows\"><\/span>Hur man installerar Lucky Jet Cheat Predictor APK p\u00e5 Windows?<span class=\"ez-toc-section-end\"><\/span><\/h2>\n<ul>\n<li>F\u00f6rst m\u00e5ste du installera en Android-emulator p\u00e5 din dator. Vi rekommenderar att du anv\u00e4nder Bluestacks.<\/li>\n<li>N\u00e4r du har installerat emulatorn startar du den och loggar in med ditt Google-konto.<\/li>\n<li>S\u00f6k efter \"Lucky Jet Cheat Predictor\" i Play Store.<\/li>\n<li>Installera appen.<\/li>\n<li>Starta Lucky Jet Cheat Predictor.<\/li>\n<li>Du b\u00f6r nu kunna anv\u00e4nda appen p\u00e5 din dator!<\/li>\n<\/ul>\n<div id=\"attachment_64\" style=\"width: 224px\" class=\"wp-caption aligncenter\"><a href=\"#go\" data-go=\"go\"><img decoding=\"async\" aria-describedby=\"caption-attachment-64\" class=\"wp-image-64 size-full\" title=\"Lucky Jet F\u00f6ruts\u00e4gare\" src=\"https:\/\/luckyjet-games.com\/wp-content\/uploads\/2022\/10\/Jucky-Jet-Predictor.jpg\" alt=\"Lucky Jet F\u00f6ruts\u00e4gare\" width=\"224\" height=\"478\" srcset=\"https:\/\/luckyjet-games.com\/wp-content\/uploads\/2022\/10\/Jucky-Jet-Predictor.jpg 224w, https:\/\/luckyjet-games.com\/wp-content\/uploads\/2022\/10\/Jucky-Jet-Predictor-141x300.jpg 141w, https:\/\/luckyjet-games.com\/wp-content\/uploads\/2022\/10\/Jucky-Jet-Predictor-19x40.jpg 19w, https:\/\/luckyjet-games.com\/wp-content\/uploads\/2022\/10\/Jucky-Jet-Predictor-15x32.jpg 15w, https:\/\/luckyjet-games.com\/wp-content\/uploads\/2022\/10\/Jucky-Jet-Predictor-37x80.jpg 37w, https:\/\/luckyjet-games.com\/wp-content\/uploads\/2022\/10\/Jucky-Jet-Predictor-63x135.jpg 63w\" sizes=\"(max-width: 224px) 100vw, 224px\" \/><\/a><p id=\"caption-attachment-64\" class=\"wp-caption-text\">Lucky Jet F\u00f6ruts\u00e4gare<\/p><\/div>\n<div style=\"text-align: center;\"><a class=\"glow-button\" href=\"#go\" data-go=\"go\">Spela Lucky Jet<\/a><\/div>\n<h2><span class=\"ez-toc-section\" id=\"How_to_Hack_Lucky_Jet_Game\"><\/span>Hur hackar man Lucky Jet-spel?<span class=\"ez-toc-section-end\"><\/span><\/h2>\n<p>Det finns m\u00e5nga s\u00e4tt att hacka Lucky Jet. Du kan anv\u00e4nda modifierade APK:er, lucky patcher, game killer eller freedom app.<\/p>\n<ul>\n<li>Modifierade APK:er: Du kan hitta modifierade APK:er av Lucky Jet p\u00e5 webbplatser som APKPure.com.<\/li>\n<li>Lucky Patcher: Lucky Patcher \u00e4r en Android-app som g\u00f6r det m\u00f6jligt att \u00e4ndra appbeh\u00f6righeter och kringg\u00e5 k\u00f6p i appar.<\/li>\n<li>Game Killer: Game Killer \u00e4r en Android-app som l\u00e5ter dig \u00e4ndra spel och f\u00e5 obegr\u00e4nsade resurser.<\/li>\n<li>Appen Freedom: Freedom App \u00e4r en Android-app som g\u00f6r det m\u00f6jligt f\u00f6r dig att undvika k\u00f6p i appen.<\/li>\n<\/ul>\n<h2><span class=\"ez-toc-section\" id=\"How_to_Use_Lucky_Jet_Cheat_Predictor\"><\/span>Hur anv\u00e4nder man Lucky Jet Cheat Predictor?<span class=\"ez-toc-section-end\"><\/span><\/h2>\n<ul>\n<li>N\u00e4r du har installerat appen startar du den och loggar in med ditt Google-konto.<\/li>\n<li>V\u00e4lj det spel du vill hacka.<\/li>\n<li>V\u00e4lj de resurser som du vill generera.<\/li>\n<li>Tryck p\u00e5 \"Generera\".<\/li>\n<li>V\u00e4nta p\u00e5 att resurserna ska genereras.<\/li>\n<li>Du kan nu anv\u00e4nda resurserna i spelet!<\/li>\n<\/ul>\n<h2><span class=\"ez-toc-section\" id=\"What_is_Lucky_Jet_Signals_Telegram_and_How_its_work\"><\/span>Vad \u00e4r Lucky Jet Signals Telegram och hur fungerar det?<span class=\"ez-toc-section-end\"><\/span><\/h2>\n<p>Lucky Jet Signals Telegram \u00e4r en bot som skickar dig tips och tricks om Lucky Jet-spel.<\/p>\n<ol>\n<li>F\u00f6r att anv\u00e4nda roboten l\u00e4gger du till den i din Lucky Jet Telegramgrupp.<\/li>\n<li>N\u00e4r du har lagt till Lucky Jet-boten skriver du \"\/start\" f\u00f6r att komma ig\u00e5ng.<\/li>\n<li>Botten skickar sedan ett meddelande till dig med en l\u00e4nk till Lucky Jet-fuskbladet.<\/li>\n<li>Lucky Jet-fuskbladet \u00e4r en PDF-fil som inneh\u00e5ller alla Lucky Jet-fusk och tips.<\/li>\n<li>Du kan ocks\u00e5 skriva \"\/help\" f\u00f6r att f\u00e5 en lista \u00f6ver alla kommandon som roboten st\u00f6der.<\/li>\n<\/ol>\n<div id=\"attachment_66\" style=\"width: 682px\" class=\"wp-caption aligncenter\"><a href=\"#go\" data-go=\"go\"><img decoding=\"async\" aria-describedby=\"caption-attachment-66\" class=\"wp-image-66 size-full\" title=\"Lucky Jet Signaler Telegram\" src=\"https:\/\/luckyjet-games.com\/wp-content\/uploads\/2022\/10\/Jucky-Jet-Signals-Telegram-Bot.jpg\" alt=\"Lucky Jet Signaler Telegram\" width=\"682\" height=\"392\" srcset=\"https:\/\/luckyjet-games.com\/wp-content\/uploads\/2022\/10\/Jucky-Jet-Signals-Telegram-Bot.jpg 682w, https:\/\/luckyjet-games.com\/wp-content\/uploads\/2022\/10\/Jucky-Jet-Signals-Telegram-Bot-300x172.jpg 300w, https:\/\/luckyjet-games.com\/wp-content\/uploads\/2022\/10\/Jucky-Jet-Signals-Telegram-Bot-70x40.jpg 70w, https:\/\/luckyjet-games.com\/wp-content\/uploads\/2022\/10\/Jucky-Jet-Signals-Telegram-Bot-56x32.jpg 56w, https:\/\/luckyjet-games.com\/wp-content\/uploads\/2022\/10\/Jucky-Jet-Signals-Telegram-Bot-139x80.jpg 139w, https:\/\/luckyjet-games.com\/wp-content\/uploads\/2022\/10\/Jucky-Jet-Signals-Telegram-Bot-235x135.jpg 235w\" sizes=\"(max-width: 682px) 100vw, 682px\" \/><\/a><p id=\"caption-attachment-66\" class=\"wp-caption-text\">Lucky Jet Signaler Telegram<\/p><\/div>\n<div style=\"text-align: center;\"><a class=\"glow-button\" href=\"#go\" data-go=\"go\">Spela Lucky Jet-spel<\/a><\/div>\n<h2><span class=\"ez-toc-section\" id=\"Conclusion\"><\/span>Slutsats<span class=\"ez-toc-section-end\"><\/span><\/h2>\n<p class=\"translation-block\">Lucky Jet Predictor \u00e4r en app som f\u00f6rutsp\u00e5r lyckonummer f\u00f6r det popul\u00e4ra kinesiska spelet Lucky Jet. Appen finns att ladda ner p\u00e5 Android och Windows. Du kan ocks\u00e5 anv\u00e4nda appen f\u00f6r att hacka <a href=\"https:\/\/luckyjet-games.com\/sv\/\" target=\"_self\">Lucky Jet-spelet<\/a> och f\u00e5 obegr\u00e4nsade resurser. Boten tillhandah\u00e5ller ocks\u00e5 ett Lucky Jet fusklapp som inneh\u00e5ller alla Lucky Jet-f\u00f6ruts\u00e4gelser och tips.<\/p>\n<div class=\"author-card author-card--top\"><img alt='Profilbild' src='https:\/\/luckyjet-games.com\/wp-content\/uploads\/2023\/03\/Chris-Hodge-130x130.jpg' srcset='https:\/\/luckyjet-games.com\/wp-content\/uploads\/2023\/03\/Chris-Hodge-260x260.jpg 2x' class='avatar avatar-130 photo author-image' height='130' width='130' \/><div class=\"author-content text-md-center\"><span class=\"author-title\">F\u00f6rfattare<\/span><a href=\"https:\/\/luckyjet-games.com\/sv\/author\/chris-hodge\/\" class=\"author-name\">Chris Hodge<\/a><p class=\"author__details\">Chris Hodge \u00e4r expert p\u00e5 spel. Han har spelat och studerat kasinospel i \u00f6ver 10 \u00e5r. Under den tiden har han utvecklat en intim f\u00f6rst\u00e5else f\u00f6r strategierna och mekaniken bakom varje spel p\u00e5 kasinot.<br \/>\r\n<br \/>\r\nChris kunskap och expertis har gjort att han regelbundet bidrar till flera av de b\u00e4sta spelpublikationerna. Casinon anlitar ocks\u00e5 ofta honom f\u00f6r att ge expertr\u00e5d om nya spel och kampanjer.<\/p><\/div><!-- \/.author-content --><\/div>","protected":false},"excerpt":{"rendered":"<p>Spela Lucky Jet-spel Du kan ladda ner vilken version som helst av Lucky Jet Predictor. Om du vill installera Lucky Jet Predictor p\u00e5 din mobila enhet m\u00e5ste den ha Android 2.3 eller h\u00f6gre. Alla versioner av Lucky Jet Predictor finns tillg\u00e4ngliga via Android Top, och du kan f\u00e5 det direkt till din telefon eller annan Android [...]<\/p>","protected":false},"author":2,"featured_media":62,"parent":0,"menu_order":0,"comment_status":"closed","ping_status":"closed","template":"page-no-sidebar.php","meta":{"_acf_changed":false,"footnotes":""},"class_list":["post-60","page","type-page","status-publish","has-post-thumbnail","hentry"],"acf":[],"yoast_head":"<!-- This site is optimized with the Yoast SEO plugin v26.7 - https:\/\/yoast.com\/wordpress\/plugins\/seo\/ -->\n<title>Lucky Jet Predictor - How to Hack Lucky Jet | Signals Telegram Bot<\/title>\n<meta name=\"description\" content=\"How to hack and use Lucky Jet Predictor APK. Lucky Jet Cheats and tips for winning \ud83d\ude80 Where to find predictions for Lucky Jet. Signals Telegram Bot\" \/>\n<meta name=\"robots\" content=\"index, follow, max-snippet:-1, max-image-preview:large, max-video-preview:-1\" \/>\n<link rel=\"canonical\" href=\"https:\/\/luckyjet-games.com\/sv\/lucky-jet-predictor-apk-download\/\" \/>\n<meta property=\"og:locale\" content=\"sv_SE\" \/>\n<meta property=\"og:type\" content=\"article\" \/>\n<meta property=\"og:title\" content=\"Lucky Jet Predictor - How to Hack Lucky Jet | Signals Telegram Bot\" \/>\n<meta property=\"og:description\" content=\"How to hack and use Lucky Jet Predictor APK. Lucky Jet Cheats and tips for winning \ud83d\ude80 Where to find predictions for Lucky Jet. Signals Telegram Bot\" \/>\n<meta property=\"og:url\" content=\"https:\/\/luckyjet-games.com\/sv\/lucky-jet-predictor-apk-download\/\" \/>\n<meta property=\"og:site_name\" content=\"Lucky Jet Games\" \/>\n<meta property=\"article:modified_time\" content=\"2024-03-12T18:07:28+00:00\" \/>\n<meta property=\"og:image\" content=\"https:\/\/luckyjet-games.com\/wp-content\/uploads\/2022\/10\/Lucky-Jet-Hack.jpg\" \/>\n\t<meta property=\"og:image:width\" content=\"200\" \/>\n\t<meta property=\"og:image:height\" content=\"200\" \/>\n\t<meta property=\"og:image:type\" content=\"image\/jpeg\" \/>\n<meta name=\"twitter:card\" content=\"summary_large_image\" \/>\n<meta name=\"twitter:label1\" content=\"Ber\u00e4knad l\u00e4stid\" \/>\n\t<meta name=\"twitter:data1\" content=\"4 minuter\" \/>\n<!-- \/ Yoast SEO plugin. -->","yoast_head_json":{"title":"Lucky Jet Predictor - Hur man hackar Lucky Jet | Signaler Telegram Bot","description":"Hur man hackar och anv\u00e4nder Lucky Jet Predictor APK. Lucky Jet fusk och tips f\u00f6r att vinna \ud83d\ude80 Var hittar du f\u00f6ruts\u00e4gelser f\u00f6r Lucky Jet. Signaler Telegram Bot","robots":{"index":"index","follow":"follow","max-snippet":"max-snippet:-1","max-image-preview":"max-image-preview:large","max-video-preview":"max-video-preview:-1"},"canonical":"https:\/\/luckyjet-games.com\/sv\/lucky-jet-predictor-apk-download\/","og_locale":"sv_SE","og_type":"article","og_title":"Lucky Jet Predictor - How to Hack Lucky Jet | Signals Telegram Bot","og_description":"How to hack and use Lucky Jet Predictor APK. Lucky Jet Cheats and tips for winning \ud83d\ude80 Where to find predictions for Lucky Jet. Signals Telegram Bot","og_url":"https:\/\/luckyjet-games.com\/sv\/lucky-jet-predictor-apk-download\/","og_site_name":"Lucky Jet Games","article_modified_time":"2024-03-12T18:07:28+00:00","og_image":[{"width":200,"height":200,"url":"https:\/\/luckyjet-games.com\/wp-content\/uploads\/2022\/10\/Lucky-Jet-Hack.jpg","type":"image\/jpeg"}],"twitter_card":"summary_large_image","twitter_misc":{"Ber\u00e4knad l\u00e4stid":"4 minuter"},"schema":{"@context":"https:\/\/schema.org","@graph":[{"@type":"WebPage","@id":"https:\/\/luckyjet-games.com\/lucky-jet-predictor-apk-download\/","url":"https:\/\/luckyjet-games.com\/lucky-jet-predictor-apk-download\/","name":"Lucky Jet Predictor - Hur man hackar Lucky Jet | Signaler Telegram Bot","isPartOf":{"@id":"https:\/\/luckyjet-games.com\/de\/#website"},"primaryImageOfPage":{"@id":"https:\/\/luckyjet-games.com\/lucky-jet-predictor-apk-download\/#primaryimage"},"image":{"@id":"https:\/\/luckyjet-games.com\/lucky-jet-predictor-apk-download\/#primaryimage"},"thumbnailUrl":"https:\/\/luckyjet-games.com\/wp-content\/uploads\/2022\/10\/Lucky-Jet-Hack.jpg","datePublished":"2022-10-11T08:03:52+00:00","dateModified":"2024-03-12T18:07:28+00:00","description":"Hur man hackar och anv\u00e4nder Lucky Jet Predictor APK. Lucky Jet fusk och tips f\u00f6r att vinna \ud83d\ude80 Var hittar du f\u00f6ruts\u00e4gelser f\u00f6r Lucky Jet. Signaler Telegram Bot","breadcrumb":{"@id":"https:\/\/luckyjet-games.com\/lucky-jet-predictor-apk-download\/#breadcrumb"},"inLanguage":"sv-SE","potentialAction":[{"@type":"ReadAction","target":["https:\/\/luckyjet-games.com\/lucky-jet-predictor-apk-download\/"]}]},{"@type":"ImageObject","inLanguage":"sv-SE","@id":"https:\/\/luckyjet-games.com\/lucky-jet-predictor-apk-download\/#primaryimage","url":"https:\/\/luckyjet-games.com\/wp-content\/uploads\/2022\/10\/Lucky-Jet-Hack.jpg","contentUrl":"https:\/\/luckyjet-games.com\/wp-content\/uploads\/2022\/10\/Lucky-Jet-Hack.jpg","width":200,"height":200,"caption":"Lucky Jet Hack"},{"@type":"BreadcrumbList","@id":"https:\/\/luckyjet-games.com\/lucky-jet-predictor-apk-download\/#breadcrumb","itemListElement":[{"@type":"ListItem","position":1,"name":"Home","item":"https:\/\/luckyjet-games.com\/"},{"@type":"ListItem","position":2,"name":"Lucky Jet Predictor APK Download"}]},{"@type":"WebSite","@id":"https:\/\/luckyjet-games.com\/de\/#website","url":"https:\/\/luckyjet-games.com\/de\/","name":"Lucky Jet-spel","description":"","publisher":{"@id":"https:\/\/luckyjet-games.com\/de\/#organization"},"potentialAction":[{"@type":"SearchAction","target":{"@type":"EntryPoint","urlTemplate":"https:\/\/luckyjet-games.com\/de\/?s={search_term_string}"},"query-input":{"@type":"PropertyValueSpecification","valueRequired":true,"valueName":"search_term_string"}}],"inLanguage":"sv-SE"},{"@type":"Organization","@id":"https:\/\/luckyjet-games.com\/de\/#organization","name":"Lucky Jet-spel","url":"https:\/\/luckyjet-games.com\/de\/","logo":{"@type":"ImageObject","inLanguage":"sv-SE","@id":"https:\/\/luckyjet-games.com\/de\/#\/schema\/logo\/image\/","url":"https:\/\/luckyjet-games.com\/wp-content\/uploads\/2022\/10\/Lucky-Jet-Game.png","contentUrl":"https:\/\/luckyjet-games.com\/wp-content\/uploads\/2022\/10\/Lucky-Jet-Game.png","width":711,"height":599,"caption":"Lucky Jet Games"},"image":{"@id":"https:\/\/luckyjet-games.com\/de\/#\/schema\/logo\/image\/"}}]}},"_links":{"self":[{"href":"https:\/\/luckyjet-games.com\/sv\/wp-json\/wp\/v2\/pages\/60","targetHints":{"allow":["GET"]}}],"collection":[{"href":"https:\/\/luckyjet-games.com\/sv\/wp-json\/wp\/v2\/pages"}],"about":[{"href":"https:\/\/luckyjet-games.com\/sv\/wp-json\/wp\/v2\/types\/page"}],"author":[{"embeddable":true,"href":"https:\/\/luckyjet-games.com\/sv\/wp-json\/wp\/v2\/users\/2"}],"replies":[{"embeddable":true,"href":"https:\/\/luckyjet-games.com\/sv\/wp-json\/wp\/v2\/comments?post=60"}],"version-history":[{"count":0,"href":"https:\/\/luckyjet-games.com\/sv\/wp-json\/wp\/v2\/pages\/60\/revisions"}],"wp:featuredmedia":[{"embeddable":true,"href":"https:\/\/luckyjet-games.com\/sv\/wp-json\/wp\/v2\/media\/62"}],"wp:attachment":[{"href":"https:\/\/luckyjet-games.com\/sv\/wp-json\/wp\/v2\/media?parent=60"}],"curies":[{"name":"wp","href":"https:\/\/api.w.org\/{rel}","templated":true}]}}