{"id":371,"date":"2023-10-27T15:00:00","date_gmt":"2023-10-27T15:00:00","guid":{"rendered":"https:\/\/luckyjet-games.com\/?page_id=371"},"modified":"2023-12-22T17:07:29","modified_gmt":"2023-12-22T17:07:29","slug":"rocket-gambling-game","status":"publish","type":"page","link":"https:\/\/luckyjet-games.com\/sv\/rocket-gambling-game\/","title":{"rendered":"Raketspel"},"content":{"rendered":"<div style=\"text-align: center;\"><a class=\"glow-button\" href=\"#go\" data-go=\"go\">Spela p\u00e5 Rocket Gambling Game \ud83d\ude80<\/a><\/div>\n<p>Dyk ner i kr\u00e5ngligheterna i Rocket Money Game, utforska dess regler och l\u00e4r dig strategierna f\u00f6r att maximera din avkastning.<\/p>\n<div id=\"ez-toc-container\" class=\"ez-toc-v2_0_75 counter-hierarchy ez-toc-counter ez-toc-grey ez-toc-container-direction\">\n<div class=\"ez-toc-title-container\">\n<p class=\"ez-toc-title\" style=\"cursor:inherit\">Inneh\u00e5llsf\u00f6rteckning<\/p>\n<span class=\"ez-toc-title-toggle\"><a href=\"#\" class=\"ez-toc-pull-right ez-toc-btn ez-toc-btn-xs ez-toc-btn-default ez-toc-toggle\" aria-label=\"V\u00e4xla till inneh\u00e5llsf\u00f6rteckning\"><span class=\"ez-toc-js-icon-con\"><span class=\"\"><span class=\"eztoc-hide\" style=\"display:none;\">V\u00e4xel<\/span><span class=\"ez-toc-icon-toggle-span\"><svg style=\"fill: #999;color:#999\" xmlns=\"http:\/\/www.w3.org\/2000\/svg\" class=\"list-377408\" width=\"20px\" height=\"20px\" viewbox=\"0 0 24 24\" fill=\"none\"><path d=\"M6 6H4v2h2V6zm14 0H8v2h12V6zM4 11h2v2H4v-2zm16 0H8v2h12v-2zM4 16h2v2H4v-2zm16 0H8v2h12v-2z\" fill=\"currentColor\"><\/path><\/svg><svg style=\"fill: #999;color:#999\" class=\"arrow-unsorted-368013\" xmlns=\"http:\/\/www.w3.org\/2000\/svg\" width=\"10px\" height=\"10px\" viewbox=\"0 0 24 24\" version=\"1.2\" baseprofile=\"tiny\"><path d=\"M18.2 9.3l-6.2-6.3-6.2 6.3c-.2.2-.3.4-.3.7s.1.5.3.7c.2.2.4.3.7.3h11c.3 0 .5-.1.7-.3.2-.2.3-.5.3-.7s-.1-.5-.3-.7zM5.8 14.7l6.2 6.3 6.2-6.3c.2-.2.3-.5.3-.7s-.1-.5-.3-.7c-.2-.2-.4-.3-.7-.3h-11c-.3 0-.5.1-.7.3-.2.2-.3.5-.3.7s.1.5.3.7z\"\/><\/svg><\/span><\/span><\/span><\/a><\/span><\/div>\n<nav><ul class='ez-toc-list ez-toc-list-level-1 eztoc-toggle-hide-by-default' ><li class='ez-toc-page-1 ez-toc-heading-level-2'><a class=\"ez-toc-link ez-toc-heading-1\" href=\"https:\/\/luckyjet-games.com\/sv\/rocket-gambling-game\/#Introduction_to_Rocket_Gambling\" >Introduktion till raketspel<\/a><\/li><li class='ez-toc-page-1 ez-toc-heading-level-2'><a class=\"ez-toc-link ez-toc-heading-2\" href=\"https:\/\/luckyjet-games.com\/sv\/rocket-gambling-game\/#How_to_Play_the_Rocket_Money_Game\" >Hur man spelar Rocket Money Game<\/a><\/li><li class='ez-toc-page-1 ez-toc-heading-level-2'><a class=\"ez-toc-link ez-toc-heading-3\" href=\"https:\/\/luckyjet-games.com\/sv\/rocket-gambling-game\/#Key_Features_of_Rocket_Betting\" >Nyckelfunktioner i Rocket Betting<\/a><\/li><li class='ez-toc-page-1 ez-toc-heading-level-2'><a class=\"ez-toc-link ez-toc-heading-4\" href=\"https:\/\/luckyjet-games.com\/sv\/rocket-gambling-game\/#Rocket_Gambling_on_Mobile\" >Raketspel p\u00e5 mobilen<\/a><\/li><li class='ez-toc-page-1 ez-toc-heading-level-2'><a class=\"ez-toc-link ez-toc-heading-5\" href=\"https:\/\/luckyjet-games.com\/sv\/rocket-gambling-game\/#A_Safe_and_Exciting_Alternative\" >Ett s\u00e4kert och sp\u00e4nnande alternativ<\/a><\/li><li class='ez-toc-page-1 ez-toc-heading-level-2'><a class=\"ez-toc-link ez-toc-heading-6\" href=\"https:\/\/luckyjet-games.com\/sv\/rocket-gambling-game\/#FAQs\" >Vanliga fr\u00e5gor<\/a><ul class='ez-toc-list-level-3' ><li class='ez-toc-heading-level-3'><a class=\"ez-toc-link ez-toc-heading-7\" href=\"https:\/\/luckyjet-games.com\/sv\/rocket-gambling-game\/#Is_Rocket_Gambling_safe\" >\u00c4r Rocket Gambling s\u00e4kert?<\/a><\/li><li class='ez-toc-page-1 ez-toc-heading-level-3'><a class=\"ez-toc-link ez-toc-heading-8\" href=\"https:\/\/luckyjet-games.com\/sv\/rocket-gambling-game\/#Can_I_play_Rocket_Gambling_on_mobile\" >Kan jag spela Rocket Gambling p\u00e5 mobilen?<\/a><\/li><li class='ez-toc-page-1 ez-toc-heading-level-3'><a class=\"ez-toc-link ez-toc-heading-9\" href=\"https:\/\/luckyjet-games.com\/sv\/rocket-gambling-game\/#How_do_I_cash_out\" >Hur tar jag ut pengar?<\/a><\/li><li class='ez-toc-page-1 ez-toc-heading-level-3'><a class=\"ez-toc-link ez-toc-heading-10\" href=\"https:\/\/luckyjet-games.com\/sv\/rocket-gambling-game\/#How_do_Rocket_Betting_Games_ensure_fairness\" >Hur s\u00e4kerst\u00e4ller Rocket Betting Games r\u00e4ttvisa?<\/a><\/li><li class='ez-toc-page-1 ez-toc-heading-level-3'><a class=\"ez-toc-link ez-toc-heading-11\" href=\"https:\/\/luckyjet-games.com\/sv\/rocket-gambling-game\/#Can_I_win_real_money_in_Rocket_Betting_Games\" >Kan jag vinna riktiga pengar i Rocket Betting Games?<\/a><\/li><\/ul><\/li><\/ul><\/nav><\/div>\n<h2><span class=\"ez-toc-section\" id=\"Introduction_to_Rocket_Gambling\"><\/span><strong>Introduktion till raketspel<\/strong><span class=\"ez-toc-section-end\"><\/span><\/h2>\n<p>Rocket Gambling erbjuder en sp\u00e4nnande upplevelse, d\u00e4r sp\u00e4nningen startar i det \u00f6gonblick du skjuter upp raketen. N\u00e4r den stiger bel\u00f6nas du med multiplicerande faktorer. N\u00e5 h\u00f6ga h\u00f6jder p\u00e5 upp till 1 000 g\u00e5nger och njut av enast\u00e5ende bel\u00f6ningar, multiplicera din f\u00f6rsta insats med upp till svindlande 1 000 g\u00e5nger.<\/p>\n<div id=\"attachment_372\" style=\"width: 988px\" class=\"wp-caption aligncenter\"><img decoding=\"async\" aria-describedby=\"caption-attachment-372\" class=\"wp-image-372 size-full\" title=\"Rocket Money Spel\" src=\"https:\/\/luckyjet-games.com\/wp-content\/uploads\/2023\/10\/Rocket-Money-Game.jpg\" alt=\"Rocket Money Spel\" width=\"988\" height=\"470\" srcset=\"https:\/\/luckyjet-games.com\/wp-content\/uploads\/2023\/10\/Rocket-Money-Game.jpg 988w, https:\/\/luckyjet-games.com\/wp-content\/uploads\/2023\/10\/Rocket-Money-Game-300x143.jpg 300w, https:\/\/luckyjet-games.com\/wp-content\/uploads\/2023\/10\/Rocket-Money-Game-768x365.jpg 768w, https:\/\/luckyjet-games.com\/wp-content\/uploads\/2023\/10\/Rocket-Money-Game-18x9.jpg 18w, https:\/\/luckyjet-games.com\/wp-content\/uploads\/2023\/10\/Rocket-Money-Game-84x40.jpg 84w, https:\/\/luckyjet-games.com\/wp-content\/uploads\/2023\/10\/Rocket-Money-Game-570x270.jpg 570w, https:\/\/luckyjet-games.com\/wp-content\/uploads\/2023\/10\/Rocket-Money-Game-67x32.jpg 67w, https:\/\/luckyjet-games.com\/wp-content\/uploads\/2023\/10\/Rocket-Money-Game-168x80.jpg 168w, https:\/\/luckyjet-games.com\/wp-content\/uploads\/2023\/10\/Rocket-Money-Game-284x135.jpg 284w\" sizes=\"(max-width: 988px) 100vw, 988px\" \/><p id=\"caption-attachment-372\" class=\"wp-caption-text\">Rocket Money Spel<\/p><\/div>\n<h2><span class=\"ez-toc-section\" id=\"How_to_Play_the_Rocket_Money_Game\"><\/span><strong>Hur man spelar Rocket Money Game<\/strong><span class=\"ez-toc-section-end\"><\/span><\/h2>\n<ul>\n<li><strong>Konfigurera ditt konto<\/strong>:\n<ul>\n<li>B\u00f6rja din resa genom att registrera dig p\u00e5 plattformen.<\/li>\n<li>Beroende p\u00e5 din valda plan kan du beh\u00f6va slutf\u00f6ra KYC-verifiering (skicka in juridiska dokument f\u00f6r identitetsvalidering).<\/li>\n<li>Skapa ett unikt anv\u00e4ndarnamn och l\u00f6senord f\u00f6r ditt konto. Se till att du har en kommunikationsmetod f\u00f6r kontoverifiering och en Bitcoin-pl\u00e5nbok.<\/li>\n<\/ul>\n<\/li>\n<li><strong>G\u00f6r din insats<\/strong>:\n<ul>\n<li>Best\u00e4m om du vill spela manuellt eller automatiskt.<\/li>\n<li>V\u00e4lj din \u00f6nskade kryptovaluta, och n\u00e4r du \u00e4r redo, p\u00e5b\u00f6rja ditt uttag n\u00e4r som helst.<\/li>\n<li>Manuell vadslagning ger dig fullst\u00e4ndig kontroll \u00f6ver dina beslut. Med AutoBet, effektivisera din upplevelse genom att f\u00f6rbest\u00e4mma ditt satsningsbelopp och st\u00e4lla in ett idealiskt uttagsf\u00f6rh\u00e5llande.<\/li>\n<\/ul>\n<\/li>\n<\/ul>\n<div id=\"attachment_373\" style=\"width: 613px\" class=\"wp-caption aligncenter\"><img decoding=\"async\" aria-describedby=\"caption-attachment-373\" class=\"wp-image-373 size-full\" title=\"Raketspel som tj\u00e4nar pengar\" src=\"https:\/\/luckyjet-games.com\/wp-content\/uploads\/2023\/10\/Rocket-Game-that-Makes-Money.jpg\" alt=\"Raketspel som tj\u00e4nar pengar\" width=\"613\" height=\"310\" srcset=\"https:\/\/luckyjet-games.com\/wp-content\/uploads\/2023\/10\/Rocket-Game-that-Makes-Money.jpg 613w, https:\/\/luckyjet-games.com\/wp-content\/uploads\/2023\/10\/Rocket-Game-that-Makes-Money-300x152.jpg 300w, https:\/\/luckyjet-games.com\/wp-content\/uploads\/2023\/10\/Rocket-Game-that-Makes-Money-18x9.jpg 18w, https:\/\/luckyjet-games.com\/wp-content\/uploads\/2023\/10\/Rocket-Game-that-Makes-Money-79x40.jpg 79w, https:\/\/luckyjet-games.com\/wp-content\/uploads\/2023\/10\/Rocket-Game-that-Makes-Money-63x32.jpg 63w, https:\/\/luckyjet-games.com\/wp-content\/uploads\/2023\/10\/Rocket-Game-that-Makes-Money-158x80.jpg 158w, https:\/\/luckyjet-games.com\/wp-content\/uploads\/2023\/10\/Rocket-Game-that-Makes-Money-267x135.jpg 267w\" sizes=\"(max-width: 613px) 100vw, 613px\" \/><p id=\"caption-attachment-373\" class=\"wp-caption-text\">Raketspel som tj\u00e4nar pengar<\/p><\/div>\n<ul>\n<li><strong>Lansering och uttag<\/strong>:\n<ul>\n<li>B\u00f6rja en ny spelrunda genom att l\u00e4gga en extra insats och inv\u00e4nta startnedr\u00e4kningen.<\/li>\n<li>\u00d6vervaka raketens bana och betala ut med en multiplikator som du \u00e4r bekv\u00e4m med, eller l\u00e5t AutoBet best\u00e4mma det \u00e5t dig.<\/li>\n<\/ul>\n<\/li>\n<\/ul>\n<div style=\"text-align: center;\"><a class=\"glow-button\" href=\"#go\" data-go=\"go\">\ud83d\ude80 Spela p\u00e5 Rocket Money Game<\/a><\/div>\n<h2><span class=\"ez-toc-section\" id=\"Key_Features_of_Rocket_Betting\"><\/span><strong>Nyckelfunktioner i Rocket Betting<\/strong><span class=\"ez-toc-section-end\"><\/span><\/h2>\n<ul>\n<li><strong>Blockchain-baserad struktur<\/strong>: Rocket Ship Money Game utm\u00e4rker sig med sin blockchain-orienterade upps\u00e4ttning, vilket s\u00e4kerst\u00e4ller o\u00f6vertr\u00e4ffad transparens och s\u00e4kerhet.<\/li>\n<li><strong>Visuell och ljudf\u00f6rb\u00e4ttring<\/strong>: Uppslukande 3D-grafik och audiovisuella effekter f\u00f6rst\u00e4rker din spelupplevelse. Se till att din enhet \u00e4r tillr\u00e4ckligt kraftfull f\u00f6r s\u00f6ml\u00f6st spel.<\/li>\n<li><strong>R\u00e4ttvisa<\/strong>: Bekr\u00e4fta spelets r\u00e4ttvisa genom att verifiera dess kod, se till att varje lansering och utbetalning \u00e4r transparent och opartisk.<\/li>\n<\/ul>\n<p><iframe title=\"Hur man spelar Rocket\" width=\"994\" height=\"559\" src=\"https:\/\/www.youtube.com\/embed\/qQLsUaXShnE?feature=oembed\" frameborder=\"0\" allow=\"accelerometer; autoplay; clipboard-write; encrypted-media; gyroscope; picture-in-picture; web-share\" allowfullscreen><\/iframe><\/p>\n<h2><span class=\"ez-toc-section\" id=\"Rocket_Gambling_on_Mobile\"><\/span><strong>Raketspel p\u00e5 mobilen<\/strong><span class=\"ez-toc-section-end\"><\/span><\/h2>\n<p>Rocket Gambling \u00e4r anpassat f\u00f6r mobilspel och s\u00e4kerst\u00e4ller att du kan spela n\u00e4r du \u00e4r p\u00e5 spr\u00e5ng, n\u00e4r som helst och var som helst. Dess intuitiva gr\u00e4nssnitt s\u00e4kerst\u00e4ller en smidig upplevelse, skr\u00e4ddarsydd f\u00f6r mindre sk\u00e4rmar utan att kompromissa med funktionerna.<\/p>\n<div style=\"text-align: center;\"><a class=\"glow-button\" href=\"#go\" data-go=\"go\">B\u00f6rja spela p\u00e5 Rocket Gambling Game \ud83d\ude80<\/a><\/div>\n<h2><span class=\"ez-toc-section\" id=\"A_Safe_and_Exciting_Alternative\"><\/span><strong>Ett s\u00e4kert och sp\u00e4nnande alternativ<\/strong><span class=\"ez-toc-section-end\"><\/span><\/h2>\n<p>Rocket Betting Games \u00e4r ett uppfriskande alternativ till traditionella onlinekasinon. Deras genomskinliga karakt\u00e4r, i kombination med sp\u00e4nningen i strategiskt spelande, g\u00f6r dem till en favorit bland moderna spelare. Men granska alltid en plattforms anv\u00e4ndarvillkor f\u00f6r att s\u00e4kerst\u00e4lla att den \u00f6verensst\u00e4mmer med dina spelpreferenser.<\/p>\n<h2><span class=\"ez-toc-section\" id=\"FAQs\"><\/span><strong>Vanliga fr\u00e5gor<\/strong><span class=\"ez-toc-section-end\"><\/span><\/h2>\n        <section class=\"sc_fs_faq sc_card\">\n            <div>\n\t\t\t\t<h3><span class=\"ez-toc-section\" id=\"Is_Rocket_Gambling_safe\"><\/span>\u00c4r Rocket Gambling s\u00e4kert?<span class=\"ez-toc-section-end\"><\/span><\/h3>                <div>\n\t\t\t\t\t                    <p>\n\t\t\t\t\t\tJa, dess blockchain-baserade struktur garanterar f\u00f6rstklassig s\u00e4kerhet och transparens.                    <\/p>\n                <\/div>\n            <\/div>\n        <\/section>\n\t\t        <section class=\"sc_fs_faq sc_card\">\n            <div>\n\t\t\t\t<h3><span class=\"ez-toc-section\" id=\"Can_I_play_Rocket_Gambling_on_mobile\"><\/span>Kan jag spela Rocket Gambling p\u00e5 mobilen?<span class=\"ez-toc-section-end\"><\/span><\/h3>                <div>\n\t\t\t\t\t                    <p>\n\t\t\t\t\t\tAbsolut! Spelet \u00e4r optimerat f\u00f6r mobila enheter och erbjuder en s\u00f6ml\u00f6s upplevelse.                    <\/p>\n                <\/div>\n            <\/div>\n        <\/section>\n\t\t        <section class=\"sc_fs_faq sc_card\">\n            <div>\n\t\t\t\t<h3><span class=\"ez-toc-section\" id=\"How_do_I_cash_out\"><\/span>Hur tar jag ut pengar?<span class=\"ez-toc-section-end\"><\/span><\/h3>                <div>\n\t\t\t\t\t                    <p>\n\t\t\t\t\t\tDu kan ta ut manuellt genom att v\u00e4lja \u00f6nskad multiplikator eller anv\u00e4nda AutoBet-funktionen f\u00f6r att automatiskt best\u00e4mma det b\u00e4sta utbetalningstillf\u00e4llet.                    <\/p>\n                <\/div>\n            <\/div>\n        <\/section>\n\t\t        <section class=\"sc_fs_faq sc_card\">\n            <div>\n\t\t\t\t<h3><span class=\"ez-toc-section\" id=\"How_do_Rocket_Betting_Games_ensure_fairness\"><\/span>Hur s\u00e4kerst\u00e4ller Rocket Betting Games r\u00e4ttvisa?<span class=\"ez-toc-section-end\"><\/span><\/h3>                <div>\n\t\t\t\t\t                    <p>\n\t\t\t\t\t\tRocket Betting Games anv\u00e4nder blockchain-teknik, liknande kryptovalutor som Bitcoin. Denna teknik s\u00e4kerst\u00e4ller transparens och till\u00e5ter spelare att verifiera spelets r\u00e4ttvisa.                    <\/p>\n                <\/div>\n            <\/div>\n        <\/section>\n\t\t        <section class=\"sc_fs_faq sc_card\">\n            <div>\n\t\t\t\t<h3><span class=\"ez-toc-section\" id=\"Can_I_win_real_money_in_Rocket_Betting_Games\"><\/span>Kan jag vinna riktiga pengar i Rocket Betting Games?<span class=\"ez-toc-section-end\"><\/span><\/h3>                <div>\n\t\t\t\t\t                    <p>\n\t\t\t\t\t\tDefinitivt. Dina vinster p\u00e5verkas av plattformens provisioner, dina insatser och spelets resultat. Som med allt spelande finns det potential f\u00f6r b\u00e5de vinster och f\u00f6rluster.                    <\/p>\n                <\/div>\n            <\/div>\n        <\/section>\n\t\t\n<script type=\"application\/ld+json\">{\n    \"@context\": \"https:\\\/\\\/schema.org\",\n    \"@type\": \"FAQPage\",\n    \"mainEntity\": [\n        {\n            \"@type\": \"Question\",\n            \"name\": \"Is Rocket Gambling safe?\",\n            \"acceptedAnswer\": {\n                \"@type\": \"Answer\",\n                \"text\": \"Yes, its blockchain-based structure guarantees top-notch security and transparency.\"\n            }\n        },\n        {\n            \"@type\": \"Question\",\n            \"name\": \"Can I play Rocket Gambling on mobile?\",\n            \"acceptedAnswer\": {\n                \"@type\": \"Answer\",\n                \"text\": \"Absolutely! The game is optimized for mobile devices, offering a seamless experience.\"\n            }\n        },\n        {\n            \"@type\": \"Question\",\n            \"name\": \"How do I cash out?\",\n            \"acceptedAnswer\": {\n                \"@type\": \"Answer\",\n                \"text\": \"You can cash out manually by selecting your desired multiplier or use the AutoBet feature to automatically determine the best cashout moment.\"\n            }\n        },\n        {\n            \"@type\": \"Question\",\n            \"name\": \"How do Rocket Betting Games ensure fairness?\",\n            \"acceptedAnswer\": {\n                \"@type\": \"Answer\",\n                \"text\": \"Rocket Betting Games use blockchain technology, similar to cryptocurrencies like Bitcoin. This technology ensures transparency and allows players to verify the game's fairness.\"\n            }\n        },\n        {\n            \"@type\": \"Question\",\n            \"name\": \"Can I win real money in Rocket Betting Games?\",\n            \"acceptedAnswer\": {\n                \"@type\": \"Answer\",\n                \"text\": \"Definitely. Your winnings are influenced by the platform's commissions, your bets, and the game's outcome. As with all gambling, there's potential for both wins and losses.\"\n            }\n        }\n    ]\n}<\/script>\n\n<div class=\"author-card author-card--top\"><img alt='Profilbild' src='https:\/\/luckyjet-games.com\/wp-content\/uploads\/2023\/03\/Chris-Hodge-130x130.jpg' srcset='https:\/\/luckyjet-games.com\/wp-content\/uploads\/2023\/03\/Chris-Hodge-260x260.jpg 2x' class='avatar avatar-130 photo author-image' height='130' width='130' \/><div class=\"author-content text-md-center\"><span class=\"author-title\">F\u00f6rfattare<\/span><a href=\"https:\/\/luckyjet-games.com\/sv\/author\/chris-hodge\/\" class=\"author-name\">Chris Hodge<\/a><p class=\"author__details\">Chris Hodge \u00e4r expert p\u00e5 spel. Han har spelat och studerat kasinospel i \u00f6ver 10 \u00e5r. Under den tiden har han utvecklat en intim f\u00f6rst\u00e5else f\u00f6r strategierna och mekaniken bakom varje spel p\u00e5 kasinot.<br \/>\r\n<br \/>\r\nChris kunskap och expertis har gjort att han regelbundet bidrar till flera av de b\u00e4sta spelpublikationerna. Casinon anlitar ocks\u00e5 ofta honom f\u00f6r att ge expertr\u00e5d om nya spel och kampanjer.<\/p><\/div><!-- \/.author-content --><\/div>","protected":false},"excerpt":{"rendered":"<p>Spela p\u00e5 Rocket Gambling Game \ud83d\ude80 Dyk in i det komplicerade spelet Rocket Money Game, utforska dess regler och l\u00e4r dig strategierna f\u00f6r att maximera din avkastning. Introduktion till Rocket Gambling Rocket Gambling erbjuder en sp\u00e4nnande upplevelse, d\u00e4r sp\u00e4nningen startar i det \u00f6gonblick du startar raketen. N\u00e4r den stiger bel\u00f6nas du med multiplicerande faktorer. [...]<\/p>","protected":false},"author":2,"featured_media":0,"parent":0,"menu_order":0,"comment_status":"closed","ping_status":"closed","template":"page-no-sidebar.php","meta":{"_acf_changed":false,"footnotes":""},"class_list":["post-371","page","type-page","status-publish","hentry"],"acf":[],"yoast_head":"<!-- This site is optimized with the Yoast SEO plugin v26.7 - https:\/\/yoast.com\/wordpress\/plugins\/seo\/ -->\n<title>Crash Rocket Gambling Game - Rocket Game that Makes Money<\/title>\n<meta name=\"description\" content=\"Rocket Money Game that Makes money \ud83d\ude80 How to play and where to find Crash Rocket Gambling Game? Rules and how to place bet at Rocket Betting Game\" \/>\n<meta name=\"robots\" content=\"index, follow, max-snippet:-1, max-image-preview:large, max-video-preview:-1\" \/>\n<link rel=\"canonical\" href=\"https:\/\/luckyjet-games.com\/sv\/rocket-gambling-game\/\" \/>\n<meta property=\"og:locale\" content=\"sv_SE\" \/>\n<meta property=\"og:type\" content=\"article\" \/>\n<meta property=\"og:title\" content=\"Crash Rocket Gambling Game - Rocket Game that Makes Money\" \/>\n<meta property=\"og:description\" content=\"Rocket Money Game that Makes money \ud83d\ude80 How to play and where to find Crash Rocket Gambling Game? Rules and how to place bet at Rocket Betting Game\" \/>\n<meta property=\"og:url\" content=\"https:\/\/luckyjet-games.com\/sv\/rocket-gambling-game\/\" \/>\n<meta property=\"og:site_name\" content=\"Lucky Jet Games\" \/>\n<meta property=\"article:modified_time\" content=\"2023-12-22T17:07:29+00:00\" \/>\n<meta property=\"og:image\" content=\"https:\/\/luckyjet-games.com\/wp-content\/uploads\/2023\/10\/Rocket-Money-Game.jpg\" \/>\n<meta name=\"twitter:card\" content=\"summary_large_image\" \/>\n<meta name=\"twitter:label1\" content=\"Ber\u00e4knad l\u00e4stid\" \/>\n\t<meta name=\"twitter:data1\" content=\"3 minuter\" \/>\n<!-- \/ Yoast SEO plugin. -->","yoast_head_json":{"title":"Crash Rocket Gambling Game - Raketspel som tj\u00e4nar pengar","description":"Rocket Money Game som tj\u00e4nar pengar \ud83d\ude80 Hur spelar man och var hittar man Crash Rocket Gambling Game? Regler och hur man satsar p\u00e5 Rocket Betting Game","robots":{"index":"index","follow":"follow","max-snippet":"max-snippet:-1","max-image-preview":"max-image-preview:large","max-video-preview":"max-video-preview:-1"},"canonical":"https:\/\/luckyjet-games.com\/sv\/rocket-gambling-game\/","og_locale":"sv_SE","og_type":"article","og_title":"Crash Rocket Gambling Game - Rocket Game that Makes Money","og_description":"Rocket Money Game that Makes money \ud83d\ude80 How to play and where to find Crash Rocket Gambling Game? Rules and how to place bet at Rocket Betting Game","og_url":"https:\/\/luckyjet-games.com\/sv\/rocket-gambling-game\/","og_site_name":"Lucky Jet Games","article_modified_time":"2023-12-22T17:07:29+00:00","og_image":[{"url":"https:\/\/luckyjet-games.com\/wp-content\/uploads\/2023\/10\/Rocket-Money-Game.jpg","type":"","width":"","height":""}],"twitter_card":"summary_large_image","twitter_misc":{"Ber\u00e4knad l\u00e4stid":"3 minuter"},"schema":{"@context":"https:\/\/schema.org","@graph":[{"@type":"WebPage","@id":"https:\/\/luckyjet-games.com\/rocket-gambling-game\/","url":"https:\/\/luckyjet-games.com\/rocket-gambling-game\/","name":"Crash Rocket Gambling Game - Raketspel som tj\u00e4nar pengar","isPartOf":{"@id":"https:\/\/luckyjet-games.com\/de\/#website"},"primaryImageOfPage":{"@id":"https:\/\/luckyjet-games.com\/rocket-gambling-game\/#primaryimage"},"image":{"@id":"https:\/\/luckyjet-games.com\/rocket-gambling-game\/#primaryimage"},"thumbnailUrl":"https:\/\/luckyjet-games.com\/wp-content\/uploads\/2023\/10\/Rocket-Money-Game.jpg","datePublished":"2023-10-27T15:00:00+00:00","dateModified":"2023-12-22T17:07:29+00:00","description":"Rocket Money Game som tj\u00e4nar pengar \ud83d\ude80 Hur spelar man och var hittar man Crash Rocket Gambling Game? Regler och hur man satsar p\u00e5 Rocket Betting Game","breadcrumb":{"@id":"https:\/\/luckyjet-games.com\/rocket-gambling-game\/#breadcrumb"},"inLanguage":"sv-SE","potentialAction":[{"@type":"ReadAction","target":["https:\/\/luckyjet-games.com\/rocket-gambling-game\/"]}]},{"@type":"ImageObject","inLanguage":"sv-SE","@id":"https:\/\/luckyjet-games.com\/rocket-gambling-game\/#primaryimage","url":"https:\/\/luckyjet-games.com\/wp-content\/uploads\/2023\/10\/Rocket-Money-Game.jpg","contentUrl":"https:\/\/luckyjet-games.com\/wp-content\/uploads\/2023\/10\/Rocket-Money-Game.jpg"},{"@type":"BreadcrumbList","@id":"https:\/\/luckyjet-games.com\/rocket-gambling-game\/#breadcrumb","itemListElement":[{"@type":"ListItem","position":1,"name":"Home","item":"https:\/\/luckyjet-games.com\/"},{"@type":"ListItem","position":2,"name":"Rocket Gambling Game"}]},{"@type":"WebSite","@id":"https:\/\/luckyjet-games.com\/de\/#website","url":"https:\/\/luckyjet-games.com\/de\/","name":"Lucky Jet-spel","description":"","publisher":{"@id":"https:\/\/luckyjet-games.com\/de\/#organization"},"potentialAction":[{"@type":"SearchAction","target":{"@type":"EntryPoint","urlTemplate":"https:\/\/luckyjet-games.com\/de\/?s={search_term_string}"},"query-input":{"@type":"PropertyValueSpecification","valueRequired":true,"valueName":"search_term_string"}}],"inLanguage":"sv-SE"},{"@type":"Organization","@id":"https:\/\/luckyjet-games.com\/de\/#organization","name":"Lucky Jet-spel","url":"https:\/\/luckyjet-games.com\/de\/","logo":{"@type":"ImageObject","inLanguage":"sv-SE","@id":"https:\/\/luckyjet-games.com\/de\/#\/schema\/logo\/image\/","url":"https:\/\/luckyjet-games.com\/wp-content\/uploads\/2022\/10\/Lucky-Jet-Game.png","contentUrl":"https:\/\/luckyjet-games.com\/wp-content\/uploads\/2022\/10\/Lucky-Jet-Game.png","width":711,"height":599,"caption":"Lucky Jet Games"},"image":{"@id":"https:\/\/luckyjet-games.com\/de\/#\/schema\/logo\/image\/"}}]}},"_links":{"self":[{"href":"https:\/\/luckyjet-games.com\/sv\/wp-json\/wp\/v2\/pages\/371","targetHints":{"allow":["GET"]}}],"collection":[{"href":"https:\/\/luckyjet-games.com\/sv\/wp-json\/wp\/v2\/pages"}],"about":[{"href":"https:\/\/luckyjet-games.com\/sv\/wp-json\/wp\/v2\/types\/page"}],"author":[{"embeddable":true,"href":"https:\/\/luckyjet-games.com\/sv\/wp-json\/wp\/v2\/users\/2"}],"replies":[{"embeddable":true,"href":"https:\/\/luckyjet-games.com\/sv\/wp-json\/wp\/v2\/comments?post=371"}],"version-history":[{"count":0,"href":"https:\/\/luckyjet-games.com\/sv\/wp-json\/wp\/v2\/pages\/371\/revisions"}],"wp:attachment":[{"href":"https:\/\/luckyjet-games.com\/sv\/wp-json\/wp\/v2\/media?parent=371"}],"curies":[{"name":"wp","href":"https:\/\/api.w.org\/{rel}","templated":true}]}}