{"id":360,"date":"2023-09-25T14:06:00","date_gmt":"2023-09-25T14:06:00","guid":{"rendered":"https:\/\/luckyjet-games.com\/?page_id=360"},"modified":"2023-09-25T14:08:12","modified_gmt":"2023-09-25T14:08:12","slug":"privacy-policy","status":"publish","type":"page","link":"https:\/\/luckyjet-games.com\/sv\/privacy-policy\/","title":{"rendered":"Integritetspolicy"},"content":{"rendered":"<p>P\u00e5 luckyjet-games.com har vi \u00e5tagit oss att s\u00e4kerst\u00e4lla integriteten och s\u00e4kerheten f\u00f6r v\u00e5ra spelare. Denna integritetspolicy beskriver v\u00e5r praxis n\u00e4r det g\u00e4ller insamling, anv\u00e4ndning och skydd av din personliga information. Genom att anv\u00e4nda v\u00e5ra tj\u00e4nster samtycker du till villkoren som beskrivs nedan.<\/p>\n<div id=\"ez-toc-container\" class=\"ez-toc-v2_0_75 counter-hierarchy ez-toc-counter ez-toc-grey ez-toc-container-direction\">\n<div class=\"ez-toc-title-container\">\n<p class=\"ez-toc-title\" style=\"cursor:inherit\">Inneh\u00e5llsf\u00f6rteckning<\/p>\n<span class=\"ez-toc-title-toggle\"><a href=\"#\" class=\"ez-toc-pull-right ez-toc-btn ez-toc-btn-xs ez-toc-btn-default ez-toc-toggle\" aria-label=\"V\u00e4xla till inneh\u00e5llsf\u00f6rteckning\"><span class=\"ez-toc-js-icon-con\"><span class=\"\"><span class=\"eztoc-hide\" style=\"display:none;\">V\u00e4xel<\/span><span class=\"ez-toc-icon-toggle-span\"><svg style=\"fill: #999;color:#999\" xmlns=\"http:\/\/www.w3.org\/2000\/svg\" class=\"list-377408\" width=\"20px\" height=\"20px\" viewbox=\"0 0 24 24\" fill=\"none\"><path d=\"M6 6H4v2h2V6zm14 0H8v2h12V6zM4 11h2v2H4v-2zm16 0H8v2h12v-2zM4 16h2v2H4v-2zm16 0H8v2h12v-2z\" fill=\"currentColor\"><\/path><\/svg><svg style=\"fill: #999;color:#999\" class=\"arrow-unsorted-368013\" xmlns=\"http:\/\/www.w3.org\/2000\/svg\" width=\"10px\" height=\"10px\" viewbox=\"0 0 24 24\" version=\"1.2\" baseprofile=\"tiny\"><path d=\"M18.2 9.3l-6.2-6.3-6.2 6.3c-.2.2-.3.4-.3.7s.1.5.3.7c.2.2.4.3.7.3h11c.3 0 .5-.1.7-.3.2-.2.3-.5.3-.7s-.1-.5-.3-.7zM5.8 14.7l6.2 6.3 6.2-6.3c.2-.2.3-.5.3-.7s-.1-.5-.3-.7c-.2-.2-.4-.3-.7-.3h-11c-.3 0-.5.1-.7.3-.2.2-.3.5-.3.7s.1.5.3.7z\"\/><\/svg><\/span><\/span><\/span><\/a><\/span><\/div>\n<nav><ul class='ez-toc-list ez-toc-list-level-1 eztoc-toggle-hide-by-default' ><li class='ez-toc-page-1 ez-toc-heading-level-2'><a class=\"ez-toc-link ez-toc-heading-1\" href=\"https:\/\/luckyjet-games.com\/sv\/privacy-policy\/#Information_We_Collect\" >Information vi samlar in<\/a><ul class='ez-toc-list-level-3' ><li class='ez-toc-heading-level-3'><a class=\"ez-toc-link ez-toc-heading-2\" href=\"https:\/\/luckyjet-games.com\/sv\/privacy-policy\/#Personal_Information\" >Personlig information<\/a><\/li><li class='ez-toc-page-1 ez-toc-heading-level-3'><a class=\"ez-toc-link ez-toc-heading-3\" href=\"https:\/\/luckyjet-games.com\/sv\/privacy-policy\/#Usage_Data\" >Anv\u00e4ndningsdata<\/a><\/li><li class='ez-toc-page-1 ez-toc-heading-level-3'><a class=\"ez-toc-link ez-toc-heading-4\" href=\"https:\/\/luckyjet-games.com\/sv\/privacy-policy\/#Cookies\" >Sm\u00e5kakor<\/a><\/li><\/ul><\/li><li class='ez-toc-page-1 ez-toc-heading-level-2'><a class=\"ez-toc-link ez-toc-heading-5\" href=\"https:\/\/luckyjet-games.com\/sv\/privacy-policy\/#How_We_Use_Your_Information\" >Hur vi anv\u00e4nder din information<\/a><ul class='ez-toc-list-level-3' ><li class='ez-toc-heading-level-3'><a class=\"ez-toc-link ez-toc-heading-6\" href=\"https:\/\/luckyjet-games.com\/sv\/privacy-policy\/#Account_Management\" >Kontohantering<\/a><\/li><li class='ez-toc-page-1 ez-toc-heading-level-3'><a class=\"ez-toc-link ez-toc-heading-7\" href=\"https:\/\/luckyjet-games.com\/sv\/privacy-policy\/#Personalization\" >Personalisering<\/a><\/li><li class='ez-toc-page-1 ez-toc-heading-level-3'><a class=\"ez-toc-link ez-toc-heading-8\" href=\"https:\/\/luckyjet-games.com\/sv\/privacy-policy\/#Security\" >s\u00e4kerhet<\/a><\/li><\/ul><\/li><li class='ez-toc-page-1 ez-toc-heading-level-2'><a class=\"ez-toc-link ez-toc-heading-9\" href=\"https:\/\/luckyjet-games.com\/sv\/privacy-policy\/#Sharing_Your_Information\" >Dela din information<\/a><\/li><li class='ez-toc-page-1 ez-toc-heading-level-2'><a class=\"ez-toc-link ez-toc-heading-10\" href=\"https:\/\/luckyjet-games.com\/sv\/privacy-policy\/#Compliance_with_Legal_Requirements\" >Efterlevnad av juridiska krav<\/a><\/li><li class='ez-toc-page-1 ez-toc-heading-level-2'><a class=\"ez-toc-link ez-toc-heading-11\" href=\"https:\/\/luckyjet-games.com\/sv\/privacy-policy\/#Your_Rights_and_Choices\" >Dina r\u00e4ttigheter och val<\/a><\/li><li class='ez-toc-page-1 ez-toc-heading-level-2'><a class=\"ez-toc-link ez-toc-heading-12\" href=\"https:\/\/luckyjet-games.com\/sv\/privacy-policy\/#Changes_to_this_Privacy_Policy\" >\u00c4ndringar av denna integritetspolicy<\/a><\/li><\/ul><\/nav><\/div>\n<h2><span class=\"ez-toc-section\" id=\"Information_We_Collect\"><\/span>Information vi samlar in<span class=\"ez-toc-section-end\"><\/span><\/h2>\n<h3><span class=\"ez-toc-section\" id=\"Personal_Information\"><\/span>Personlig information<span class=\"ez-toc-section-end\"><\/span><\/h3>\n<p>Vi samlar in personlig information som du l\u00e4mnar n\u00e4r du registrerar ett konto, g\u00f6r ins\u00e4ttningar eller anv\u00e4nder v\u00e5ra tj\u00e4nster. Detta kan inkludera ditt namn, e-postadress, kontaktuppgifter, f\u00f6delsedatum och betalningsinformation. Vi anv\u00e4nder denna information f\u00f6r att verifiera din identitet och ge dig en personlig spelupplevelse.<\/p>\n<h3><span class=\"ez-toc-section\" id=\"Usage_Data\"><\/span>Anv\u00e4ndningsdata<span class=\"ez-toc-section-end\"><\/span><\/h3>\n<p>F\u00f6r att f\u00f6rb\u00e4ttra v\u00e5ra tj\u00e4nster samlar vi in information om din interaktion med v\u00e5r webbplats och spel. Detta inkluderar din IP-adress, webbl\u00e4sartyp, enhetsinformation och bes\u00f6kta sidor. Vi anv\u00e4nder denna data f\u00f6r att f\u00f6rb\u00e4ttra v\u00e5r webbplats prestanda, fels\u00f6ka problem och analysera anv\u00e4ndarbeteende.<\/p>\n<h3><span class=\"ez-toc-section\" id=\"Cookies\"><\/span>Sm\u00e5kakor<span class=\"ez-toc-section-end\"><\/span><\/h3>\n<p>Vi anv\u00e4nder cookies och liknande tekniker f\u00f6r att sp\u00e5ra din aktivitet p\u00e5 v\u00e5r webbplats. Cookies \u00e4r sm\u00e5 textfiler som lagras p\u00e5 din enhet. De hj\u00e4lper oss att k\u00e4nna igen dig vid efterf\u00f6ljande bes\u00f6k och erbjuder en mer skr\u00e4ddarsydd upplevelse. Du kan hantera dina cookie-inst\u00e4llningar via din webbl\u00e4sarinst\u00e4llningar.<\/p>\n<h2><span class=\"ez-toc-section\" id=\"How_We_Use_Your_Information\"><\/span>Hur vi anv\u00e4nder din information<span class=\"ez-toc-section-end\"><\/span><\/h2>\n<h3><span class=\"ez-toc-section\" id=\"Account_Management\"><\/span>Kontohantering<span class=\"ez-toc-section-end\"><\/span><\/h3>\n<p>Vi anv\u00e4nder din personliga information f\u00f6r att skapa och hantera ditt konto, behandla transaktioner och ge kundsupport. Detta s\u00e4kerst\u00e4ller en s\u00f6ml\u00f6s spelupplevelse och l\u00e5ter oss hj\u00e4lpa dig med alla problem du kan st\u00f6ta p\u00e5.<\/p>\n<h3><span class=\"ez-toc-section\" id=\"Personalization\"><\/span>Personalisering<span class=\"ez-toc-section-end\"><\/span><\/h3>\n<p>Genom att f\u00f6rst\u00e5 dina preferenser och beteenden kan vi anpassa din spelupplevelse. Vi kan rekommendera spel, kampanjer och erbjudanden som passar dina intressen och din spelhistorik.<\/p>\n<h3><span class=\"ez-toc-section\" id=\"Security\"><\/span>s\u00e4kerhet<span class=\"ez-toc-section-end\"><\/span><\/h3>\n<p>Att skydda din information \u00e4r v\u00e5r h\u00f6gsta prioritet. Vi anv\u00e4nder branschstandardiserade s\u00e4kerhets\u00e5tg\u00e4rder f\u00f6r att skydda dina data fr\u00e5n obeh\u00f6rig \u00e5tkomst, avsl\u00f6jande eller \u00e4ndring. Detta inkluderar kryptering, brandv\u00e4ggar och regelbundna s\u00e4kerhetsrevisioner.<\/p>\n<h2><span class=\"ez-toc-section\" id=\"Sharing_Your_Information\"><\/span>Dela din information<span class=\"ez-toc-section-end\"><\/span><\/h2>\n<p>Vi s\u00e4ljer, handlar inte med eller hyr ut din personliga information till tredje part. Vi kan dock dela dina uppgifter med betrodda tj\u00e4nsteleverant\u00f6rer och partners som hj\u00e4lper oss att leverera v\u00e5ra tj\u00e4nster. Dessa enheter \u00e4r bundna av strikta sekretessavtal.<\/p>\n<h2><span class=\"ez-toc-section\" id=\"Compliance_with_Legal_Requirements\"><\/span>Efterlevnad av juridiska krav<span class=\"ez-toc-section-end\"><\/span><\/h2>\n<p>Vi kan komma att avsl\u00f6ja din information n\u00e4r det kr\u00e4vs enligt lag, till exempel som svar p\u00e5 en st\u00e4mning eller domstolsbeslut. Vi samarbetar ocks\u00e5 med brottsbek\u00e4mpande myndigheter f\u00f6r att f\u00f6rhindra bedr\u00e4gliga aktiviteter och s\u00e4kerst\u00e4lla v\u00e5r plattforms integritet.<\/p>\n<h2><span class=\"ez-toc-section\" id=\"Your_Rights_and_Choices\"><\/span>Dina r\u00e4ttigheter och val<span class=\"ez-toc-section-end\"><\/span><\/h2>\n<p>Du har r\u00e4tt att f\u00e5 tillg\u00e5ng till, uppdatera eller radera din personliga information. F\u00f6r att ut\u00f6va dessa r\u00e4ttigheter, v\u00e4nligen kontakta v\u00e5rt kundsupportteam. Du kan ocks\u00e5 avbryta prenumerationen p\u00e5 marknadsf\u00f6ringskommunikation n\u00e4r som helst.<\/p>\n<h2><span class=\"ez-toc-section\" id=\"Changes_to_this_Privacy_Policy\"><\/span>\u00c4ndringar av denna integritetspolicy<span class=\"ez-toc-section-end\"><\/span><\/h2>\n<p>Vi f\u00f6rbeh\u00e5ller oss r\u00e4tten att uppdatera denna integritetspolicy f\u00f6r att \u00e5terspegla f\u00f6r\u00e4ndringar i v\u00e5r praxis och juridiska krav. Vi uppmuntrar dig att granska den h\u00e4r sidan med j\u00e4mna mellanrum f\u00f6r eventuella uppdateringar.<\/p>\n<div class=\"author-card author-card--top\"><img alt='Profilbild' src='https:\/\/luckyjet-games.com\/wp-content\/uploads\/2023\/03\/Chris-Hodge-130x130.jpg' srcset='https:\/\/luckyjet-games.com\/wp-content\/uploads\/2023\/03\/Chris-Hodge-260x260.jpg 2x' class='avatar avatar-130 photo author-image' height='130' width='130' \/><div class=\"author-content text-md-center\"><span class=\"author-title\">F\u00f6rfattare<\/span><a href=\"https:\/\/luckyjet-games.com\/sv\/author\/chris-hodge\/\" class=\"author-name\">Chris Hodge<\/a><p class=\"author__details\">Chris Hodge \u00e4r expert p\u00e5 spel. Han har spelat och studerat kasinospel i \u00f6ver 10 \u00e5r. Under den tiden har han utvecklat en intim f\u00f6rst\u00e5else f\u00f6r strategierna och mekaniken bakom varje spel p\u00e5 kasinot.<br \/>\r\n<br \/>\r\nChris kunskap och expertis har gjort att han regelbundet bidrar till flera av de b\u00e4sta spelpublikationerna. Casinon anlitar ocks\u00e5 ofta honom f\u00f6r att ge expertr\u00e5d om nya spel och kampanjer.<\/p><\/div><!-- \/.author-content --><\/div>","protected":false},"excerpt":{"rendered":"<p>P\u00e5 luckyjet-games.com \u00e4r vi fast beslutna att s\u00e4kerst\u00e4lla v\u00e5ra spelares integritet och s\u00e4kerhet. Denna sekretesspolicy beskriver v\u00e5r praxis n\u00e4r det g\u00e4ller insamling, anv\u00e4ndning och skydd av din personliga information. Genom att anv\u00e4nda v\u00e5ra tj\u00e4nster samtycker du till de villkor som beskrivs nedan. Information som vi samlar in Personlig information Vi samlar in personlig information som du l\u00e4mnar n\u00e4r du registrerar dig [...]<\/p>","protected":false},"author":2,"featured_media":0,"parent":0,"menu_order":0,"comment_status":"closed","ping_status":"closed","template":"page-no-sidebar.php","meta":{"_acf_changed":false,"footnotes":""},"class_list":["post-360","page","type-page","status-publish","hentry"],"acf":[],"yoast_head":"<!-- This site is optimized with the Yoast SEO plugin v26.7 - https:\/\/yoast.com\/wordpress\/plugins\/seo\/ -->\n<title>Privacy Policy - Lucky Jet Games<\/title>\n<meta name=\"description\" content=\"At luckyjet-games.com, we are committed to ensuring the privacy and security of our players.\" \/>\n<meta name=\"robots\" content=\"index, follow, max-snippet:-1, max-image-preview:large, max-video-preview:-1\" \/>\n<link rel=\"canonical\" href=\"https:\/\/luckyjet-games.com\/sv\/privacy-policy\/\" \/>\n<meta property=\"og:locale\" content=\"sv_SE\" \/>\n<meta property=\"og:type\" content=\"article\" \/>\n<meta property=\"og:title\" content=\"Privacy Policy - Lucky Jet Games\" \/>\n<meta property=\"og:description\" content=\"At luckyjet-games.com, we are committed to ensuring the privacy and security of our players.\" \/>\n<meta property=\"og:url\" content=\"https:\/\/luckyjet-games.com\/sv\/privacy-policy\/\" \/>\n<meta property=\"og:site_name\" content=\"Lucky Jet Games\" \/>\n<meta property=\"article:modified_time\" content=\"2023-09-25T14:08:12+00:00\" \/>\n<meta name=\"twitter:card\" content=\"summary_large_image\" \/>\n<meta name=\"twitter:label1\" content=\"Ber\u00e4knad l\u00e4stid\" \/>\n\t<meta name=\"twitter:data1\" content=\"2 minuter\" \/>\n<!-- \/ Yoast SEO plugin. -->","yoast_head_json":{"title":"Sekretesspolicy - Lucky Jet-spel","description":"P\u00e5 luckyjet-games.com har vi \u00e5tagit oss att s\u00e4kerst\u00e4lla integriteten och s\u00e4kerheten f\u00f6r v\u00e5ra spelare.","robots":{"index":"index","follow":"follow","max-snippet":"max-snippet:-1","max-image-preview":"max-image-preview:large","max-video-preview":"max-video-preview:-1"},"canonical":"https:\/\/luckyjet-games.com\/sv\/privacy-policy\/","og_locale":"sv_SE","og_type":"article","og_title":"Privacy Policy - Lucky Jet Games","og_description":"At luckyjet-games.com, we are committed to ensuring the privacy and security of our players.","og_url":"https:\/\/luckyjet-games.com\/sv\/privacy-policy\/","og_site_name":"Lucky Jet Games","article_modified_time":"2023-09-25T14:08:12+00:00","twitter_card":"summary_large_image","twitter_misc":{"Ber\u00e4knad l\u00e4stid":"2 minuter"},"schema":{"@context":"https:\/\/schema.org","@graph":[{"@type":"WebPage","@id":"https:\/\/luckyjet-games.com\/privacy-policy\/","url":"https:\/\/luckyjet-games.com\/privacy-policy\/","name":"Sekretesspolicy - Lucky Jet-spel","isPartOf":{"@id":"https:\/\/luckyjet-games.com\/de\/#website"},"datePublished":"2023-09-25T14:06:00+00:00","dateModified":"2023-09-25T14:08:12+00:00","description":"P\u00e5 luckyjet-games.com har vi \u00e5tagit oss att s\u00e4kerst\u00e4lla integriteten och s\u00e4kerheten f\u00f6r v\u00e5ra spelare.","breadcrumb":{"@id":"https:\/\/luckyjet-games.com\/privacy-policy\/#breadcrumb"},"inLanguage":"sv-SE","potentialAction":[{"@type":"ReadAction","target":["https:\/\/luckyjet-games.com\/privacy-policy\/"]}]},{"@type":"BreadcrumbList","@id":"https:\/\/luckyjet-games.com\/privacy-policy\/#breadcrumb","itemListElement":[{"@type":"ListItem","position":1,"name":"Home","item":"https:\/\/luckyjet-games.com\/"},{"@type":"ListItem","position":2,"name":"Privacy Policy"}]},{"@type":"WebSite","@id":"https:\/\/luckyjet-games.com\/de\/#website","url":"https:\/\/luckyjet-games.com\/de\/","name":"Lucky Jet-spel","description":"","publisher":{"@id":"https:\/\/luckyjet-games.com\/de\/#organization"},"potentialAction":[{"@type":"SearchAction","target":{"@type":"EntryPoint","urlTemplate":"https:\/\/luckyjet-games.com\/de\/?s={search_term_string}"},"query-input":{"@type":"PropertyValueSpecification","valueRequired":true,"valueName":"search_term_string"}}],"inLanguage":"sv-SE"},{"@type":"Organization","@id":"https:\/\/luckyjet-games.com\/de\/#organization","name":"Lucky Jet-spel","url":"https:\/\/luckyjet-games.com\/de\/","logo":{"@type":"ImageObject","inLanguage":"sv-SE","@id":"https:\/\/luckyjet-games.com\/de\/#\/schema\/logo\/image\/","url":"https:\/\/luckyjet-games.com\/wp-content\/uploads\/2022\/10\/Lucky-Jet-Game.png","contentUrl":"https:\/\/luckyjet-games.com\/wp-content\/uploads\/2022\/10\/Lucky-Jet-Game.png","width":711,"height":599,"caption":"Lucky Jet Games"},"image":{"@id":"https:\/\/luckyjet-games.com\/de\/#\/schema\/logo\/image\/"}}]}},"_links":{"self":[{"href":"https:\/\/luckyjet-games.com\/sv\/wp-json\/wp\/v2\/pages\/360","targetHints":{"allow":["GET"]}}],"collection":[{"href":"https:\/\/luckyjet-games.com\/sv\/wp-json\/wp\/v2\/pages"}],"about":[{"href":"https:\/\/luckyjet-games.com\/sv\/wp-json\/wp\/v2\/types\/page"}],"author":[{"embeddable":true,"href":"https:\/\/luckyjet-games.com\/sv\/wp-json\/wp\/v2\/users\/2"}],"replies":[{"embeddable":true,"href":"https:\/\/luckyjet-games.com\/sv\/wp-json\/wp\/v2\/comments?post=360"}],"version-history":[{"count":0,"href":"https:\/\/luckyjet-games.com\/sv\/wp-json\/wp\/v2\/pages\/360\/revisions"}],"wp:attachment":[{"href":"https:\/\/luckyjet-games.com\/sv\/wp-json\/wp\/v2\/media?parent=360"}],"curies":[{"name":"wp","href":"https:\/\/api.w.org\/{rel}","templated":true}]}}