{"id":358,"date":"2023-09-25T11:50:26","date_gmt":"2023-09-25T11:50:26","guid":{"rendered":"https:\/\/luckyjet-games.com\/?page_id=358"},"modified":"2023-09-25T11:50:26","modified_gmt":"2023-09-25T11:50:26","slug":"cookies-policy","status":"publish","type":"page","link":"https:\/\/luckyjet-games.com\/sv\/cookies-policy\/","title":{"rendered":"Cookiespolicy"},"content":{"rendered":"<p>I den h\u00e4r omfattande guiden f\u00f6rdjupar vi oss i kr\u00e5ngligheterna med cookiespolicyer f\u00f6r att ge dig en grundlig f\u00f6rst\u00e5else f\u00f6r deras betydelse, komponenter och hur du skapar en effektiv s\u00e5dan f\u00f6r din webbplats.<\/p>\n<div id=\"ez-toc-container\" class=\"ez-toc-v2_0_75 counter-hierarchy ez-toc-counter ez-toc-grey ez-toc-container-direction\">\n<div class=\"ez-toc-title-container\">\n<p class=\"ez-toc-title\" style=\"cursor:inherit\">Inneh\u00e5llsf\u00f6rteckning<\/p>\n<span class=\"ez-toc-title-toggle\"><a href=\"#\" class=\"ez-toc-pull-right ez-toc-btn ez-toc-btn-xs ez-toc-btn-default ez-toc-toggle\" aria-label=\"V\u00e4xla till inneh\u00e5llsf\u00f6rteckning\"><span class=\"ez-toc-js-icon-con\"><span class=\"\"><span class=\"eztoc-hide\" style=\"display:none;\">V\u00e4xel<\/span><span class=\"ez-toc-icon-toggle-span\"><svg style=\"fill: #999;color:#999\" xmlns=\"http:\/\/www.w3.org\/2000\/svg\" class=\"list-377408\" width=\"20px\" height=\"20px\" viewbox=\"0 0 24 24\" fill=\"none\"><path d=\"M6 6H4v2h2V6zm14 0H8v2h12V6zM4 11h2v2H4v-2zm16 0H8v2h12v-2zM4 16h2v2H4v-2zm16 0H8v2h12v-2z\" fill=\"currentColor\"><\/path><\/svg><svg style=\"fill: #999;color:#999\" class=\"arrow-unsorted-368013\" xmlns=\"http:\/\/www.w3.org\/2000\/svg\" width=\"10px\" height=\"10px\" viewbox=\"0 0 24 24\" version=\"1.2\" baseprofile=\"tiny\"><path d=\"M18.2 9.3l-6.2-6.3-6.2 6.3c-.2.2-.3.4-.3.7s.1.5.3.7c.2.2.4.3.7.3h11c.3 0 .5-.1.7-.3.2-.2.3-.5.3-.7s-.1-.5-.3-.7zM5.8 14.7l6.2 6.3 6.2-6.3c.2-.2.3-.5.3-.7s-.1-.5-.3-.7c-.2-.2-.4-.3-.7-.3h-11c-.3 0-.5.1-.7.3-.2.2-.3.5-.3.7s.1.5.3.7z\"\/><\/svg><\/span><\/span><\/span><\/a><\/span><\/div>\n<nav><ul class='ez-toc-list ez-toc-list-level-1 eztoc-toggle-hide-by-default' ><li class='ez-toc-page-1 ez-toc-heading-level-2'><a class=\"ez-toc-link ez-toc-heading-1\" href=\"https:\/\/luckyjet-games.com\/sv\/cookies-policy\/#Introduction\" >Introduktion<\/a><\/li><li class='ez-toc-page-1 ez-toc-heading-level-2'><a class=\"ez-toc-link ez-toc-heading-2\" href=\"https:\/\/luckyjet-games.com\/sv\/cookies-policy\/#What_Are_Cookies\" >Vad \u00e4r cookies?<\/a><\/li><li class='ez-toc-page-1 ez-toc-heading-level-2'><a class=\"ez-toc-link ez-toc-heading-3\" href=\"https:\/\/luckyjet-games.com\/sv\/cookies-policy\/#Why_Do_You_Need_a_Cookies_Policy\" >Varf\u00f6r beh\u00f6ver du en cookiepolicy?<\/a><\/li><li class='ez-toc-page-1 ez-toc-heading-level-2'><a class=\"ez-toc-link ez-toc-heading-4\" href=\"https:\/\/luckyjet-games.com\/sv\/cookies-policy\/#Components_of_an_Effective_Cookies_Policy\" >Komponenter i en effektiv policy f\u00f6r cookies<\/a><ul class='ez-toc-list-level-3' ><li class='ez-toc-heading-level-3'><a class=\"ez-toc-link ez-toc-heading-5\" href=\"https:\/\/luckyjet-games.com\/sv\/cookies-policy\/#1_Introduction\" >1. Introduktion<\/a><\/li><li class='ez-toc-page-1 ez-toc-heading-level-3'><a class=\"ez-toc-link ez-toc-heading-6\" href=\"https:\/\/luckyjet-games.com\/sv\/cookies-policy\/#2_What_Are_Cookies\" >2. Vad \u00e4r cookies?<\/a><\/li><li class='ez-toc-page-1 ez-toc-heading-level-3'><a class=\"ez-toc-link ez-toc-heading-7\" href=\"https:\/\/luckyjet-games.com\/sv\/cookies-policy\/#3_Types_of_Cookies\" >3. Typer av kakor<\/a><\/li><li class='ez-toc-page-1 ez-toc-heading-level-3'><a class=\"ez-toc-link ez-toc-heading-8\" href=\"https:\/\/luckyjet-games.com\/sv\/cookies-policy\/#4_Why_Do_You_Use_Cookies\" >4. Varf\u00f6r anv\u00e4nder du cookies?<\/a><\/li><li class='ez-toc-page-1 ez-toc-heading-level-3'><a class=\"ez-toc-link ez-toc-heading-9\" href=\"https:\/\/luckyjet-games.com\/sv\/cookies-policy\/#5_How_to_Disable_Cookies\" >5. Hur man inaktiverar cookies<\/a><\/li><li class='ez-toc-page-1 ez-toc-heading-level-3'><a class=\"ez-toc-link ez-toc-heading-10\" href=\"https:\/\/luckyjet-games.com\/sv\/cookies-policy\/#6_Third-Party_Cookies\" >6. Tredjepartscookies<\/a><\/li><li class='ez-toc-page-1 ez-toc-heading-level-3'><a class=\"ez-toc-link ez-toc-heading-11\" href=\"https:\/\/luckyjet-games.com\/sv\/cookies-policy\/#7_Changes_to_Your_Policy\" >7. \u00c4ndringar av din policy<\/a><\/li><li class='ez-toc-page-1 ez-toc-heading-level-3'><a class=\"ez-toc-link ez-toc-heading-12\" href=\"https:\/\/luckyjet-games.com\/sv\/cookies-policy\/#8_Obtaining_Consent\" >8. Inh\u00e4mtning av samtycke<\/a><\/li><\/ul><\/li><li class='ez-toc-page-1 ez-toc-heading-level-2'><a class=\"ez-toc-link ez-toc-heading-13\" href=\"https:\/\/luckyjet-games.com\/sv\/cookies-policy\/#Creating_an_Effective_Cookies_Policy\" >Skapa en effektiv cookiepolicy<\/a><\/li><li class='ez-toc-page-1 ez-toc-heading-level-2'><a class=\"ez-toc-link ez-toc-heading-14\" href=\"https:\/\/luckyjet-games.com\/sv\/cookies-policy\/#Conclusion\" >Slutsats<\/a><\/li><\/ul><\/nav><\/div>\n<h2><span class=\"ez-toc-section\" id=\"Introduction\"><\/span>Introduktion<span class=\"ez-toc-section-end\"><\/span><\/h2>\n<p>N\u00e4r det g\u00e4ller att etablera en stark onlinen\u00e4rvaro \u00e4r en v\u00e4l utformad cookiepolicy en viktig komponent. Det s\u00e4kerst\u00e4ller inte bara laglig efterlevnad utan bygger ocks\u00e5 f\u00f6rtroende hos dina webbplatsbes\u00f6kare. I den h\u00e4r guiden kommer vi att utforska nyckelaspekterna av policyer f\u00f6r cookies, vilket hj\u00e4lper dig att skapa en som inte bara uppfyller juridiska krav utan ocks\u00e5 f\u00f6rb\u00e4ttrar anv\u00e4ndarupplevelsen.<\/p>\n<h2><span class=\"ez-toc-section\" id=\"What_Are_Cookies\"><\/span>Vad \u00e4r cookies?<span class=\"ez-toc-section-end\"><\/span><\/h2>\n<p>Cookies \u00e4r sm\u00e5 bitar av data som lagras p\u00e5 en anv\u00e4ndares enhet n\u00e4r de bes\u00f6ker en webbplats. De tj\u00e4nar olika syften, inklusive att komma ih\u00e5g anv\u00e4ndarpreferenser, f\u00f6rb\u00e4ttra webbplatsens funktionalitet och sp\u00e5ra anv\u00e4ndarbeteende. Cookies \u00e4r indelade i tv\u00e5 huvudkategorier:<\/p>\n<ol>\n<li><strong>Sessionscookies<\/strong>: Dessa tillf\u00e4lliga cookies lagras endast under en anv\u00e4ndares session p\u00e5 din webbplats och raderas n\u00e4r de st\u00e4nger sin webbl\u00e4sare.<\/li>\n<li><strong>Best\u00e4ndiga kakor<\/strong>: Best\u00e4ndiga cookies finns kvar p\u00e5 en anv\u00e4ndares enhet under en viss period, \u00e4ven efter att de l\u00e4mnar din webbplats.<\/li>\n<\/ol>\n<h2><span class=\"ez-toc-section\" id=\"Why_Do_You_Need_a_Cookies_Policy\"><\/span>Varf\u00f6r beh\u00f6ver du en cookiepolicy?<span class=\"ez-toc-section-end\"><\/span><\/h2>\n<p>En cookiepolicy \u00e4r viktig av flera anledningar:<\/p>\n<ol>\n<li><strong>Lagstiftning efterlevs<\/strong>: M\u00e5nga l\u00e4nder kr\u00e4ver att webbplatser informerar anv\u00e4ndarna om anv\u00e4ndningen av cookies och inh\u00e4mtar deras samtycke. Underl\u00e5tenhet att f\u00f6lja dessa regler kan leda till r\u00e4ttsliga konsekvenser.<\/li>\n<li><strong>Genomskinlighet<\/strong>: Det visar transparens och \u00e4rlighet i dina datainsamlingsmetoder, vilket fr\u00e4mjar f\u00f6rtroende hos din publik.<\/li>\n<li><strong>Anv\u00e4ndarens samtycke<\/strong>: Det till\u00e5ter anv\u00e4ndare att fatta v\u00e4lgrundade beslut om sin datasekretess genom att ge dem m\u00f6jlighet att acceptera eller avvisa cookies.<\/li>\n<\/ol>\n<h2><span class=\"ez-toc-section\" id=\"Components_of_an_Effective_Cookies_Policy\"><\/span>Komponenter i en effektiv policy f\u00f6r cookies<span class=\"ez-toc-section-end\"><\/span><\/h2>\n<p>F\u00f6r att skapa en cookiepolicy som \u00f6vertr\u00e4ffar konkurrenterna, \u00f6verv\u00e4g att inkludera f\u00f6ljande komponenter:<\/p>\n<h3><span class=\"ez-toc-section\" id=\"1_Introduction\"><\/span>1. Introduktion<span class=\"ez-toc-section-end\"><\/span><\/h3>\n<p><strong>Titel<\/strong>: M\u00e4rk tydligt din policy som en &quot;cookiespolicy&quot; f\u00f6r enkel identifiering.<\/p>\n<h3><span class=\"ez-toc-section\" id=\"2_What_Are_Cookies\"><\/span>2. Vad \u00e4r cookies?<span class=\"ez-toc-section-end\"><\/span><\/h3>\n<p>Ge en kortfattad f\u00f6rklaring av cookies, som vi diskuterade tidigare.<\/p>\n<h3><span class=\"ez-toc-section\" id=\"3_Types_of_Cookies\"><\/span>3. Typer av kakor<span class=\"ez-toc-section-end\"><\/span><\/h3>\n<p>F\u00f6rklara de olika typer av cookies som din webbplats anv\u00e4nder och deras respektive syften.<\/p>\n<h3><span class=\"ez-toc-section\" id=\"4_Why_Do_You_Use_Cookies\"><\/span>4. Varf\u00f6r anv\u00e4nder du cookies?<span class=\"ez-toc-section-end\"><\/span><\/h3>\n<p>Beskriv sk\u00e4len till att samla in anv\u00e4ndardata genom cookies och hur det gynnar b\u00e5de din webbplats och anv\u00e4ndare.<\/p>\n<h3><span class=\"ez-toc-section\" id=\"5_How_to_Disable_Cookies\"><\/span>5. Hur man inaktiverar cookies<span class=\"ez-toc-section-end\"><\/span><\/h3>\n<p>Erbjud instruktioner om hur anv\u00e4ndare kan hantera och inaktivera cookies i sina webbl\u00e4sarinst\u00e4llningar.<\/p>\n<h3><span class=\"ez-toc-section\" id=\"6_Third-Party_Cookies\"><\/span>6. Tredjepartscookies<span class=\"ez-toc-section-end\"><\/span><\/h3>\n<p>Om till\u00e4mpligt, avsl\u00f6ja eventuella tredjepartscookies som anv\u00e4nds p\u00e5 din webbplats och tillhandah\u00e5ll l\u00e4nkar till deras respektive policyer.<\/p>\n<h3><span class=\"ez-toc-section\" id=\"7_Changes_to_Your_Policy\"><\/span>7. \u00c4ndringar av din policy<span class=\"ez-toc-section-end\"><\/span><\/h3>\n<p>F\u00f6rklara att policyn f\u00f6r cookies kan komma att uppdateras och hur anv\u00e4ndare kommer att meddelas om eventuella \u00e4ndringar.<\/p>\n<h3><span class=\"ez-toc-section\" id=\"8_Obtaining_Consent\"><\/span>8. Inh\u00e4mtning av samtycke<span class=\"ez-toc-section-end\"><\/span><\/h3>\n<p>Beskriv metoderna som anv\u00e4nds f\u00f6r att f\u00e5 anv\u00e4ndarens samtycke f\u00f6r anv\u00e4ndning av cookies, s\u00e5som popup-meddelanden eller banners.<\/p>\n<h2><span class=\"ez-toc-section\" id=\"Creating_an_Effective_Cookies_Policy\"><\/span>Skapa en effektiv cookiepolicy<span class=\"ez-toc-section-end\"><\/span><\/h2>\n<p>F\u00f6lj dessa steg f\u00f6r att skapa en effektiv cookiespolicy som \u00f6vertr\u00e4ffar konkurrenterna:<\/p>\n<ol>\n<li><strong>Forskning<\/strong>: H\u00e5ll dig uppdaterad med de senaste cookie-relaterade reglerna i din m\u00e5lgrupps region.<\/li>\n<li><strong>Tydligt spr\u00e5k<\/strong>: Skriv din policy p\u00e5 ett enkelt, l\u00e4ttf\u00f6rst\u00e5eligt spr\u00e5k f\u00f6r att s\u00e4kerst\u00e4lla att anv\u00e4ndarna f\u00f6rst\u00e5r inneh\u00e5llet.<\/li>\n<li><strong>Tillg\u00e4nglighet<\/strong>: Se till att din policy \u00e4r l\u00e4ttillg\u00e4nglig, vanligtvis via en sidfotsl\u00e4nk p\u00e5 din webbplats.<\/li>\n<li><strong>Samtyckesmekanism<\/strong>: Implementera en anv\u00e4ndarv\u00e4nlig samtyckesmekanism som respekterar anv\u00e4ndarens val.<\/li>\n<li><strong>Regelbundna uppdateringar<\/strong>: Granska och uppdatera regelbundet din policy f\u00f6r att f\u00f6rbli kompatibel med nya regler.<\/li>\n<\/ol>\n<h2><span class=\"ez-toc-section\" id=\"Conclusion\"><\/span>Slutsats<span class=\"ez-toc-section-end\"><\/span><\/h2>\n<p>Sammanfattningsvis \u00e4r en v\u00e4larbetad policy f\u00f6r cookies en viktig del av din webbplats som inte bara s\u00e4kerst\u00e4ller laglig efterlevnad utan ocks\u00e5 fr\u00e4mjar f\u00f6rtroende hos din publik. Genom att f\u00f6lja riktlinjerna som beskrivs i denna omfattande guide kan du skapa en cookiepolicy som inte bara uppfyller juridiska krav utan ocks\u00e5 f\u00f6rb\u00e4ttrar anv\u00e4ndarupplevelsen p\u00e5 din webbplats.<\/p>\n<p>Genom att tillhandah\u00e5lla tydlig information om cookies, erh\u00e5lla anv\u00e4ndarens samtycke och h\u00e5lla dig uppdaterad med regulatoriska \u00e4ndringar kommer du inte bara att \u00f6vertr\u00e4ffa dina konkurrenter utan ocks\u00e5 etablera din webbplats som en p\u00e5litlig och anv\u00e4ndarcentrerad onlineplattform.<\/p>\n<div class=\"author-card author-card--top\"><img alt='Profilbild' src='https:\/\/luckyjet-games.com\/wp-content\/uploads\/2023\/03\/Chris-Hodge-130x130.jpg' srcset='https:\/\/luckyjet-games.com\/wp-content\/uploads\/2023\/03\/Chris-Hodge-260x260.jpg 2x' class='avatar avatar-130 photo author-image' height='130' width='130' \/><div class=\"author-content text-md-center\"><span class=\"author-title\">F\u00f6rfattare<\/span><a href=\"https:\/\/luckyjet-games.com\/sv\/author\/chris-hodge\/\" class=\"author-name\">Chris Hodge<\/a><p class=\"author__details\">Chris Hodge \u00e4r expert p\u00e5 spel. Han har spelat och studerat kasinospel i \u00f6ver 10 \u00e5r. Under den tiden har han utvecklat en intim f\u00f6rst\u00e5else f\u00f6r strategierna och mekaniken bakom varje spel p\u00e5 kasinot.<br \/>\r\n<br \/>\r\nChris kunskap och expertis har gjort att han regelbundet bidrar till flera av de b\u00e4sta spelpublikationerna. Casinon anlitar ocks\u00e5 ofta honom f\u00f6r att ge expertr\u00e5d om nya spel och kampanjer.<\/p><\/div><!-- \/.author-content --><\/div>","protected":false},"excerpt":{"rendered":"<p>I den h\u00e4r omfattande guiden f\u00f6rdjupar vi oss i cookiespolicyn f\u00f6r att ge dig en grundlig f\u00f6rst\u00e5else f\u00f6r dess betydelse, komponenter och hur du skapar en effektiv policy f\u00f6r din webbplats. Inledning N\u00e4r det g\u00e4ller att skapa en stark online-n\u00e4rvaro \u00e4r en v\u00e4l utformad cookiepolicy en viktig komponent. Den s\u00e4kerst\u00e4ller inte bara [...]<\/p>","protected":false},"author":2,"featured_media":0,"parent":0,"menu_order":0,"comment_status":"closed","ping_status":"closed","template":"page-no-sidebar.php","meta":{"_acf_changed":false,"footnotes":""},"class_list":["post-358","page","type-page","status-publish","hentry"],"acf":[],"yoast_head":"<!-- This site is optimized with the Yoast SEO plugin v26.7 - https:\/\/yoast.com\/wordpress\/plugins\/seo\/ -->\n<title>Cookies Policy - Lucky Jet Games<\/title>\n<meta name=\"robots\" content=\"index, follow, max-snippet:-1, max-image-preview:large, max-video-preview:-1\" \/>\n<link rel=\"canonical\" href=\"https:\/\/luckyjet-games.com\/sv\/cookies-policy\/\" \/>\n<meta property=\"og:locale\" content=\"sv_SE\" \/>\n<meta property=\"og:type\" content=\"article\" \/>\n<meta property=\"og:title\" content=\"Cookies Policy - Lucky Jet Games\" \/>\n<meta property=\"og:description\" content=\"In this comprehensive guide, we delve into the intricacies of cookies policies to provide you with a thorough understanding of their importance, components, and how to create an effective one for your website. Introduction When it comes to establishing a strong online presence, a well-crafted cookies policy is an essential component. It not only ensures [&hellip;]\" \/>\n<meta property=\"og:url\" content=\"https:\/\/luckyjet-games.com\/sv\/cookies-policy\/\" \/>\n<meta property=\"og:site_name\" content=\"Lucky Jet Games\" \/>\n<meta name=\"twitter:card\" content=\"summary_large_image\" \/>\n<!-- \/ Yoast SEO plugin. -->","yoast_head_json":{"title":"Cookiespolicy - Lucky Jet-spel","robots":{"index":"index","follow":"follow","max-snippet":"max-snippet:-1","max-image-preview":"max-image-preview:large","max-video-preview":"max-video-preview:-1"},"canonical":"https:\/\/luckyjet-games.com\/sv\/cookies-policy\/","og_locale":"sv_SE","og_type":"article","og_title":"Cookies Policy - Lucky Jet Games","og_description":"In this comprehensive guide, we delve into the intricacies of cookies policies to provide you with a thorough understanding of their importance, components, and how to create an effective one for your website. Introduction When it comes to establishing a strong online presence, a well-crafted cookies policy is an essential component. It not only ensures [&hellip;]","og_url":"https:\/\/luckyjet-games.com\/sv\/cookies-policy\/","og_site_name":"Lucky Jet Games","twitter_card":"summary_large_image","schema":{"@context":"https:\/\/schema.org","@graph":[{"@type":"WebPage","@id":"https:\/\/luckyjet-games.com\/cookies-policy\/","url":"https:\/\/luckyjet-games.com\/cookies-policy\/","name":"Cookiespolicy - Lucky Jet-spel","isPartOf":{"@id":"https:\/\/luckyjet-games.com\/de\/#website"},"datePublished":"2023-09-25T11:50:26+00:00","breadcrumb":{"@id":"https:\/\/luckyjet-games.com\/cookies-policy\/#breadcrumb"},"inLanguage":"sv-SE","potentialAction":[{"@type":"ReadAction","target":["https:\/\/luckyjet-games.com\/cookies-policy\/"]}]},{"@type":"BreadcrumbList","@id":"https:\/\/luckyjet-games.com\/cookies-policy\/#breadcrumb","itemListElement":[{"@type":"ListItem","position":1,"name":"Home","item":"https:\/\/luckyjet-games.com\/"},{"@type":"ListItem","position":2,"name":"Cookies Policy"}]},{"@type":"WebSite","@id":"https:\/\/luckyjet-games.com\/de\/#website","url":"https:\/\/luckyjet-games.com\/de\/","name":"Lucky Jet-spel","description":"","publisher":{"@id":"https:\/\/luckyjet-games.com\/de\/#organization"},"potentialAction":[{"@type":"SearchAction","target":{"@type":"EntryPoint","urlTemplate":"https:\/\/luckyjet-games.com\/de\/?s={search_term_string}"},"query-input":{"@type":"PropertyValueSpecification","valueRequired":true,"valueName":"search_term_string"}}],"inLanguage":"sv-SE"},{"@type":"Organization","@id":"https:\/\/luckyjet-games.com\/de\/#organization","name":"Lucky Jet-spel","url":"https:\/\/luckyjet-games.com\/de\/","logo":{"@type":"ImageObject","inLanguage":"sv-SE","@id":"https:\/\/luckyjet-games.com\/de\/#\/schema\/logo\/image\/","url":"https:\/\/luckyjet-games.com\/wp-content\/uploads\/2022\/10\/Lucky-Jet-Game.png","contentUrl":"https:\/\/luckyjet-games.com\/wp-content\/uploads\/2022\/10\/Lucky-Jet-Game.png","width":711,"height":599,"caption":"Lucky Jet Games"},"image":{"@id":"https:\/\/luckyjet-games.com\/de\/#\/schema\/logo\/image\/"}}]}},"_links":{"self":[{"href":"https:\/\/luckyjet-games.com\/sv\/wp-json\/wp\/v2\/pages\/358","targetHints":{"allow":["GET"]}}],"collection":[{"href":"https:\/\/luckyjet-games.com\/sv\/wp-json\/wp\/v2\/pages"}],"about":[{"href":"https:\/\/luckyjet-games.com\/sv\/wp-json\/wp\/v2\/types\/page"}],"author":[{"embeddable":true,"href":"https:\/\/luckyjet-games.com\/sv\/wp-json\/wp\/v2\/users\/2"}],"replies":[{"embeddable":true,"href":"https:\/\/luckyjet-games.com\/sv\/wp-json\/wp\/v2\/comments?post=358"}],"version-history":[{"count":0,"href":"https:\/\/luckyjet-games.com\/sv\/wp-json\/wp\/v2\/pages\/358\/revisions"}],"wp:attachment":[{"href":"https:\/\/luckyjet-games.com\/sv\/wp-json\/wp\/v2\/media?parent=358"}],"curies":[{"name":"wp","href":"https:\/\/api.w.org\/{rel}","templated":true}]}}