{"id":250,"date":"2022-12-20T11:11:31","date_gmt":"2022-12-20T11:11:31","guid":{"rendered":"https:\/\/luckyjet-games.com\/?page_id=250"},"modified":"2024-03-13T19:00:42","modified_gmt":"2024-03-13T19:00:42","slug":"lucky-jet-promo-code-and-bonus","status":"publish","type":"page","link":"https:\/\/luckyjet-games.com\/sv\/lucky-jet-promo-code\/","title":{"rendered":"Lucky Jet kampanjkod och bonus"},"content":{"rendered":"<div style=\"text-align: center;\"><a class=\"glow-button-new\" href=\"#go\" data-go=\"go\">F\u00e5 Lucky Jet-bonus \ud83c\udf81<\/a><\/div>\n\n\n\n<p>Erbjud din chans att starta spelet med introduktionskoder, men t\u00e4nk p\u00e5 att dessa endast \u00e4r giltiga under en kort tidsperiod efter att du har skapat ett konto. S\u00e5 snart du loggar in b\u00f6rjar en timer att r\u00e4kna ner den \u00e5terst\u00e5ende tiden som \u00e5terst\u00e5r av detta en g\u00e5ng i livet-erbjudande! F\u00f6r att dra nytta av denna kampanj och f\u00e5 allt den har att erbjuda, registrera dig p\u00e5 <a href=\"https:\/\/luckyjet-games.com\/sv\/\">Lucky Jet<\/a> nu - eftersom denna m\u00f6jlighet \u00e4r exklusiv f\u00f6r nya medlemmar.<\/p>\n\n\n<div class=\"wp-block-image\">\n<figure class=\"aligncenter is-resized\"><a href=\"#go\" data-go=\"go\"><img decoding=\"async\" width=\"1024\" height=\"1024\" src=\"https:\/\/luckyjet-games.com\/wp-content\/uploads\/2023\/04\/LUCKY4444-1024x1024.jpg\" alt=\"LUCKY4444\" class=\"wp-image-307\" style=\"width:450px\" srcset=\"https:\/\/luckyjet-games.com\/wp-content\/uploads\/2023\/04\/LUCKY4444-1024x1024.jpg 1024w, https:\/\/luckyjet-games.com\/wp-content\/uploads\/2023\/04\/LUCKY4444-300x300.jpg 300w, https:\/\/luckyjet-games.com\/wp-content\/uploads\/2023\/04\/LUCKY4444-150x150.jpg 150w, https:\/\/luckyjet-games.com\/wp-content\/uploads\/2023\/04\/LUCKY4444-768x768.jpg 768w, https:\/\/luckyjet-games.com\/wp-content\/uploads\/2023\/04\/LUCKY4444-1536x1536.jpg 1536w, https:\/\/luckyjet-games.com\/wp-content\/uploads\/2023\/04\/LUCKY4444-12x12.jpg 12w, https:\/\/luckyjet-games.com\/wp-content\/uploads\/2023\/04\/LUCKY4444-40x40.jpg 40w, https:\/\/luckyjet-games.com\/wp-content\/uploads\/2023\/04\/LUCKY4444-50x50.jpg 50w, https:\/\/luckyjet-games.com\/wp-content\/uploads\/2023\/04\/LUCKY4444-100x100.jpg 100w, https:\/\/luckyjet-games.com\/wp-content\/uploads\/2023\/04\/LUCKY4444-120x120.jpg 120w, https:\/\/luckyjet-games.com\/wp-content\/uploads\/2023\/04\/LUCKY4444-135x135.jpg 135w, https:\/\/luckyjet-games.com\/wp-content\/uploads\/2023\/04\/LUCKY4444-270x270.jpg 270w, https:\/\/luckyjet-games.com\/wp-content\/uploads\/2023\/04\/LUCKY4444-450x450.jpg 450w, https:\/\/luckyjet-games.com\/wp-content\/uploads\/2023\/04\/LUCKY4444-479x479.jpg 479w, https:\/\/luckyjet-games.com\/wp-content\/uploads\/2023\/04\/LUCKY4444-570x570.jpg 570w, https:\/\/luckyjet-games.com\/wp-content\/uploads\/2023\/04\/LUCKY4444-767x767.jpg 767w, https:\/\/luckyjet-games.com\/wp-content\/uploads\/2023\/04\/LUCKY4444-32x32.jpg 32w, https:\/\/luckyjet-games.com\/wp-content\/uploads\/2023\/04\/LUCKY4444-80x80.jpg 80w, https:\/\/luckyjet-games.com\/wp-content\/uploads\/2023\/04\/LUCKY4444.jpg 1600w\" sizes=\"(max-width: 1024px) 100vw, 1024px\" \/><\/a><figcaption class=\"wp-element-caption\">LUCKY4444<\/figcaption><\/figure>\n<\/div>\n\n\n<p>Det \u00e4r l\u00e4tt att f\u00e5 tag p\u00e5 Lucky Jet-kampanjkoden genom att s\u00f6ka p\u00e5 den officiella webbplatsen. Sociala n\u00e4tverk som \u00e4gnar sig \u00e5t detta spel eller webbplatser som har ett partnerskap med 1win-utvecklaren \u00e4r ocks\u00e5 potentiella k\u00e4llor. Det \u00e4r dock viktigt att avg\u00f6ra om dessa koder har g\u00e5tt ut och ersatts av nyare versioner innan man anv\u00e4nder dem.<\/p>\n\n\n\n<p>F\u00f6r att se till att spelarna f\u00e5r ut s\u00e5 mycket som m\u00f6jligt av Lucky Jet tillhandah\u00e5ller vi kontinuerligt bonusuppdateringar via koder som du kan f\u00e5 tillg\u00e5ng till p\u00e5 v\u00e5r officiella webbplats, blogginl\u00e4gg och andra plattformar i sociala medier. N\u00e4r du aktiverar dem kommer en h\u00e4rlig \u00f6verraskning utan tvekan att dyka upp p\u00e5 ditt kontosaldo!<\/p>\n\n\n\n<div id=\"ez-toc-container\" class=\"ez-toc-v2_0_75 counter-hierarchy ez-toc-counter ez-toc-grey ez-toc-container-direction\">\n<div class=\"ez-toc-title-container\">\n<p class=\"ez-toc-title\" style=\"cursor:inherit\">Inneh\u00e5llsf\u00f6rteckning<\/p>\n<span class=\"ez-toc-title-toggle\"><a href=\"#\" class=\"ez-toc-pull-right ez-toc-btn ez-toc-btn-xs ez-toc-btn-default ez-toc-toggle\" aria-label=\"V\u00e4xla till inneh\u00e5llsf\u00f6rteckning\"><span class=\"ez-toc-js-icon-con\"><span class=\"\"><span class=\"eztoc-hide\" style=\"display:none;\">V\u00e4xel<\/span><span class=\"ez-toc-icon-toggle-span\"><svg style=\"fill: #999;color:#999\" xmlns=\"http:\/\/www.w3.org\/2000\/svg\" class=\"list-377408\" width=\"20px\" height=\"20px\" viewbox=\"0 0 24 24\" fill=\"none\"><path d=\"M6 6H4v2h2V6zm14 0H8v2h12V6zM4 11h2v2H4v-2zm16 0H8v2h12v-2zM4 16h2v2H4v-2zm16 0H8v2h12v-2z\" fill=\"currentColor\"><\/path><\/svg><svg style=\"fill: #999;color:#999\" class=\"arrow-unsorted-368013\" xmlns=\"http:\/\/www.w3.org\/2000\/svg\" width=\"10px\" height=\"10px\" viewbox=\"0 0 24 24\" version=\"1.2\" baseprofile=\"tiny\"><path d=\"M18.2 9.3l-6.2-6.3-6.2 6.3c-.2.2-.3.4-.3.7s.1.5.3.7c.2.2.4.3.7.3h11c.3 0 .5-.1.7-.3.2-.2.3-.5.3-.7s-.1-.5-.3-.7zM5.8 14.7l6.2 6.3 6.2-6.3c.2-.2.3-.5.3-.7s-.1-.5-.3-.7c-.2-.2-.4-.3-.7-.3h-11c-.3 0-.5.1-.7.3-.2.2-.3.5-.3.7s.1.5.3.7z\"\/><\/svg><\/span><\/span><\/span><\/a><\/span><\/div>\n<nav><ul class='ez-toc-list ez-toc-list-level-1 eztoc-toggle-hide-by-default' ><li class='ez-toc-page-1 ez-toc-heading-level-2'><a class=\"ez-toc-link ez-toc-heading-1\" href=\"https:\/\/luckyjet-games.com\/sv\/lucky-jet-promo-code\/#How_to_Activate_a_Promocode\" >Hur aktiverar man en kampanjkod?<\/a><\/li><li class='ez-toc-page-1 ez-toc-heading-level-2'><a class=\"ez-toc-link ez-toc-heading-2\" href=\"https:\/\/luckyjet-games.com\/sv\/lucky-jet-promo-code\/#Bonus_Lucky_Jet_Game\" >Bonus Lucky Jet-spel<\/a><ul class='ez-toc-list-level-3' ><li class='ez-toc-heading-level-3'><a class=\"ez-toc-link ez-toc-heading-3\" href=\"https:\/\/luckyjet-games.com\/sv\/lucky-jet-promo-code\/#Lucky_Jet_Cashback\" >Lucky Jet Cashback<\/a><\/li><\/ul><\/li><li class='ez-toc-page-1 ez-toc-heading-level-2'><a class=\"ez-toc-link ez-toc-heading-4\" href=\"https:\/\/luckyjet-games.com\/sv\/lucky-jet-promo-code\/#How_to_Enter_a_Promo_Code_in_1win_LuckyJet\" >Hur du anger en kampanjkod i 1win LuckyJet<\/a><\/li><li class='ez-toc-page-1 ez-toc-heading-level-2'><a class=\"ez-toc-link ez-toc-heading-5\" href=\"https:\/\/luckyjet-games.com\/sv\/lucky-jet-promo-code\/#What_Does_the_Promo_Code_Give_in_Lucky_Jet_1win\" >Vad ger promokoden i Lucky Jet 1win?<\/a><\/li><\/ul><\/nav><\/div>\n<h2 class=\"wp-block-heading\"><span class=\"ez-toc-section\" id=\"How_to_Activate_a_Promocode\"><\/span>Hur aktiverar man en kampanjkod?<span class=\"ez-toc-section-end\"><\/span><\/h2>\n\n\n\n<p>Aktivera en Lucky Jet-kampanjkod \"<strong>LUCKY4444<\/strong>\" \u00e4r en ganska enkel process. Allt du beh\u00f6ver g\u00f6ra \u00e4r att ange kampanjkoden i dina kontoinst\u00e4llningar och till\u00e4mpa den. N\u00e4r det \u00e4r gjort kan du njuta av en rad f\u00f6rdelar som free spins, exklusiva bonusar eller till och med extra mynt! Det \u00e4r bara att logga in regelbundet f\u00f6r att f\u00e5 fler bel\u00f6ningar!<\/p>\n\n\n\n<p>I slut\u00e4ndan \u00e4r Lucky Jet ett otroligt underh\u00e5llande spel som kommer att h\u00e5lla dig i hetluften. Se till att dra full nytta av alla kampanjkoder som finns tillg\u00e4ngliga f\u00f6r maximal gl\u00e4dje och bel\u00f6ning!<\/p>\n\n\n\n<div style=\"text-align: center;\"><a class=\"glow-button-new\" href=\"#go\" data-go=\"go\">B\u00f6rja spela Lucky Jet<\/a><\/div>\n\n\n\n<h2 class=\"wp-block-heading\"><span class=\"ez-toc-section\" id=\"Bonus_Lucky_Jet_Game\"><\/span>Bonus Lucky Jet-spel<span class=\"ez-toc-section-end\"><\/span><\/h2>\n\n\n\n<p>F\u00f6r att hj\u00e4lpa nya spelare att f\u00e5 en positiv f\u00f6rsta upplevelse fungerar v\u00e4lkomstbonusen som en indikation p\u00e5 v\u00e4lvilja fr\u00e5n utvecklarna. Detta tj\u00e4nar till att motivera anv\u00e4ndarna att registrera sig p\u00e5 plattformen och stanna engagerade under l\u00e4ngre tidsperioder. Lucky Jet vill ocks\u00e5 att dess spelare ska f\u00f6rbli engagerade i hela deras spelprocess och f\u00f6rst\u00e5 alla dess mekanismer, s\u00e5 de uppmuntrar dem att forts\u00e4tta spela \u00e4ven efter att de har anv\u00e4nt sin v\u00e4lkomstbonus.<\/p>\n\n\n\n<p>Lucky Jet:s kampanjkoder finns \u00f6verallt! Du kan uppt\u00e4cka dem p\u00e5 bloggar, forum f\u00f6r gemenskapen, nyhetsartiklar och mycket mer. S\u00e5 se till att h\u00e5lla utkik efter de senaste kampanjkoderna och b\u00f6rja tj\u00e4na pengar p\u00e5 allt det roliga och alla bel\u00f6ningar som detta spel har att erbjuda!<\/p>\n\n\n\n<p>Ha en trevlig tid p\u00e5 Lucky Jet och ha en bra upplevelse n\u00e4r du spelar med oss. Ju mer du spelar, desto b\u00e4ttre priser f\u00e5r du!<\/p>\n\n\n<div class=\"wp-block-image\">\n<figure class=\"aligncenter\"><a href=\"#go\" data-go=\"go\"><img decoding=\"async\" width=\"631\" height=\"305\" src=\"https:\/\/luckyjet-games.com\/wp-content\/uploads\/2022\/12\/Lucky-Jet-1win.jpg\" alt=\"Lucky Jet 1win\" class=\"wp-image-255\" srcset=\"https:\/\/luckyjet-games.com\/wp-content\/uploads\/2022\/12\/Lucky-Jet-1win.jpg 631w, https:\/\/luckyjet-games.com\/wp-content\/uploads\/2022\/12\/Lucky-Jet-1win-300x145.jpg 300w, https:\/\/luckyjet-games.com\/wp-content\/uploads\/2022\/12\/Lucky-Jet-1win-18x9.jpg 18w, https:\/\/luckyjet-games.com\/wp-content\/uploads\/2022\/12\/Lucky-Jet-1win-83x40.jpg 83w, https:\/\/luckyjet-games.com\/wp-content\/uploads\/2022\/12\/Lucky-Jet-1win-66x32.jpg 66w, https:\/\/luckyjet-games.com\/wp-content\/uploads\/2022\/12\/Lucky-Jet-1win-166x80.jpg 166w, https:\/\/luckyjet-games.com\/wp-content\/uploads\/2022\/12\/Lucky-Jet-1win-279x135.jpg 279w\" sizes=\"(max-width: 631px) 100vw, 631px\" \/><\/a><figcaption class=\"wp-element-caption\">Lucky Jet 1win<\/figcaption><\/figure>\n<\/div>\n\n\n<div style=\"text-align: center;\"><a class=\"glow-button-new\" href=\"#go\" data-go=\"go\">F\u00e5 v\u00e4lkomstbonus Lucky Jet<\/a><\/div>\n\n\n\n<h3 class=\"wp-block-heading\"><span class=\"ez-toc-section\" id=\"Lucky_Jet_Cashback\"><\/span>Lucky Jet Cashback<span class=\"ez-toc-section-end\"><\/span><\/h3>\n\n\n\n<p>Ett annat s\u00e4tt att f\u00e5 vinst fr\u00e5n fritidsaktiviteter som spel \u00e4r att anv\u00e4nda det kampanjprogram som ledningen administrerar.<\/p>\n\n\n\n<p>Spelare kan tj\u00e4na tillbaka den del av pengarna de satsat p\u00e5 spelet, beroende p\u00e5 hur de presterar i spelet.<\/p>\n\n\n\n<p>Lucky Jet erbjuder gener\u00f6sa veckovisa avkastningar p\u00e5 alla spenderade belopp, vilket g\u00f6r att anv\u00e4ndarna kan h\u00e4mta ut sina bel\u00f6ningar i slutet av varje period direkt till sitt ins\u00e4ttningskonto. Delta i Lucky Jet och sk\u00f6rda frukterna!<\/p>\n\n\n\n<p>Till skillnad fr\u00e5n bonusar med kampanjkoder kan denna cashback inte tas ut, men den kan \u00e5terinvesteras i insatser eller spelautomatspins f\u00f6r att hj\u00e4lpa dig att n\u00e5 en ny seger.<\/p>\n\n\n\n<h2 class=\"wp-block-heading\"><span class=\"ez-toc-section\" id=\"How_to_Enter_a_Promo_Code_in_1win_LuckyJet\"><\/span>Hur du anger en kampanjkod i 1win LuckyJet<span class=\"ez-toc-section-end\"><\/span><\/h2>\n\n\n\n<p>Vissa anv\u00e4ndare kan ha sv\u00e5rt att till\u00e4mpa sin kampanjkod p\u00e5 grund av att de har hoppat \u00f6ver ett steg under registreringen.<\/p>\n\n\n\n<p>Om aktiveringen inte fungerar korrekt \u00e4r det viktigt att nyare spelare \u00e4r uppm\u00e4rksamma och ser till att den fungerar korrekt.<\/p>\n\n\n\n<p>F\u00f6r att anv\u00e4nda din kampanjkod p\u00e5 r\u00e4tt s\u00e4tt f\u00f6ljer du de h\u00e4r stegen:<\/p>\n\n\n\n<ol class=\"wp-block-list\">\n<li>Starta hemsidan p\u00e5 den officiella kasinots webbplats.<\/li>\n\n\n\n<li>F\u00f6r att komma \u00e5t registrering eller inloggning, klicka p\u00e5 motsvarande knapp.<\/li>\n\n\n\n<li>Fyll i de relevanta f\u00e4lten och se till att anv\u00e4nda den medf\u00f6ljande kupongkoden \"<strong>LUCKY4444<\/strong>&#8220;.<\/li>\n\n\n\n<li>F\u00f6r att kontrollera de uppgifter som l\u00e4mnats f\u00f6ljer du l\u00e4nken som skickats till din e-postadress.<\/li>\n<\/ol>\n\n\n<div class=\"wp-block-image\">\n<figure class=\"aligncenter\"><a href=\"#go\" data-go=\"go\"><img decoding=\"async\" width=\"958\" height=\"424\" src=\"https:\/\/luckyjet-games.com\/wp-content\/uploads\/2022\/12\/Lucky-Jet-Promo-Code.jpg\" alt=\"Lucky Jet kampanjkod\" class=\"wp-image-254\" srcset=\"https:\/\/luckyjet-games.com\/wp-content\/uploads\/2022\/12\/Lucky-Jet-Promo-Code.jpg 958w, https:\/\/luckyjet-games.com\/wp-content\/uploads\/2022\/12\/Lucky-Jet-Promo-Code-300x133.jpg 300w, https:\/\/luckyjet-games.com\/wp-content\/uploads\/2022\/12\/Lucky-Jet-Promo-Code-768x340.jpg 768w, https:\/\/luckyjet-games.com\/wp-content\/uploads\/2022\/12\/Lucky-Jet-Promo-Code-18x8.jpg 18w, https:\/\/luckyjet-games.com\/wp-content\/uploads\/2022\/12\/Lucky-Jet-Promo-Code-90x40.jpg 90w, https:\/\/luckyjet-games.com\/wp-content\/uploads\/2022\/12\/Lucky-Jet-Promo-Code-72x32.jpg 72w, https:\/\/luckyjet-games.com\/wp-content\/uploads\/2022\/12\/Lucky-Jet-Promo-Code-181x80.jpg 181w, https:\/\/luckyjet-games.com\/wp-content\/uploads\/2022\/12\/Lucky-Jet-Promo-Code-305x135.jpg 305w\" sizes=\"(max-width: 958px) 100vw, 958px\" \/><\/a><figcaption class=\"wp-element-caption\">Lucky Jet kampanjkod<\/figcaption><\/figure>\n<\/div>\n\n\n<div style=\"text-align: center;\"><a class=\"glow-button-new\" href=\"#go\" data-go=\"go\">Kampanjkod Lucky Jet \ud83c\udf81<\/a><\/div>\n\n\n\n<h2 class=\"wp-block-heading\"><span class=\"ez-toc-section\" id=\"What_Does_the_Promo_Code_Give_in_Lucky_Jet_1win\"><\/span>Vad ger promokoden i Lucky Jet 1win?<span class=\"ez-toc-section-end\"><\/span><\/h2>\n\n\n\n<p>Genom att till\u00e4mpa koden p\u00e5 sitt konto f\u00e5r nyb\u00f6rjare fem g\u00e5nger st\u00f6rre chanser att veta var pengarna ska anv\u00e4ndas, vilket ger dem ett v\u00e4lbeh\u00f6vligt utrymme f\u00f6r sj\u00e4lvf\u00f6rb\u00e4ttring och f\u00f6r att finslipa sina f\u00e4rdigheter i en realistisk milj\u00f6. Detta breddar inte bara deras perspektiv p\u00e5 utveckling utan s\u00e4krar ocks\u00e5 en stark grund f\u00f6r konkurrenskraftiga spel.<\/p>\n\n\n\n<p>Lucky Jet erbjuder en rad olika bonusar, inklusive multiplicerade ins\u00e4ttningar som endast kan anv\u00e4ndas i vissa spel och slots. Spelare m\u00e5ste satsa minst 1,5 g\u00e5nger det ursprungliga ins\u00e4ttningsbeloppet f\u00f6r att dra nytta av dessa bel\u00f6ningar, men eventuella vinster fr\u00e5n spel med dessa bonuspengar kan sedan skickas direkt till ditt bankkonto eller din digitala pl\u00e5nbok utan begr\u00e4nsningar.<\/p>\n\n\n\n<p>N\u00e4r koden har aktiverats kan du se n\u00e4r den l\u00f6per ut och b\u00f6rja planera hur du ska f\u00e5 ut det mesta av din ins\u00e4ttning f\u00f6re det datumet. F\u00f6r att maximera dina slotssatsningar b\u00f6r du ta dig tid att noggrant \u00f6verv\u00e4ga n\u00e4r - och hur ofta - du ska anv\u00e4nda dessa pengar.<\/p>\n<div class=\"author-card author-card--top\"><img alt='Profilbild' src='https:\/\/luckyjet-games.com\/wp-content\/uploads\/2023\/03\/Chris-Hodge-130x130.jpg' srcset='https:\/\/luckyjet-games.com\/wp-content\/uploads\/2023\/03\/Chris-Hodge-260x260.jpg 2x' class='avatar avatar-130 photo author-image' height='130' width='130' \/><div class=\"author-content text-md-center\"><span class=\"author-title\">F\u00f6rfattare<\/span><a href=\"https:\/\/luckyjet-games.com\/sv\/author\/chris-hodge\/\" class=\"author-name\">Chris Hodge<\/a><p class=\"author__details\">Chris Hodge \u00e4r expert p\u00e5 spel. Han har spelat och studerat kasinospel i \u00f6ver 10 \u00e5r. Under den tiden har han utvecklat en intim f\u00f6rst\u00e5else f\u00f6r strategierna och mekaniken bakom varje spel p\u00e5 kasinot.<br \/>\r\n<br \/>\r\nChris kunskap och expertis har gjort att han regelbundet bidrar till flera av de b\u00e4sta spelpublikationerna. Casinon anlitar ocks\u00e5 ofta honom f\u00f6r att ge expertr\u00e5d om nya spel och kampanjer.<\/p><\/div><!-- \/.author-content --><\/div>","protected":false},"excerpt":{"rendered":"<p>F\u00e5 Lucky Jet Bonus \ud83c\udf81 Erbjud din chans att starta spelet med introduktionskoder, men var medveten om att dessa bara \u00e4r giltiga under en kort tidsperiod efter att du har skapat ett konto. S\u00e5 snart du loggar in b\u00f6rjar en timer r\u00e4kna ner den \u00e5terst\u00e5ende tiden kvar p\u00e5 denna en g\u00e5ng i livet-aff\u00e4r! F\u00f6r att ta [...]<\/p>","protected":false},"author":2,"featured_media":0,"parent":0,"menu_order":0,"comment_status":"closed","ping_status":"closed","template":"page-no-sidebar.php","meta":{"_acf_changed":false,"footnotes":""},"class_list":["post-250","page","type-page","status-publish","hentry"],"acf":[],"yoast_head":"<!-- This site is optimized with the Yoast SEO plugin v26.7 - https:\/\/yoast.com\/wordpress\/plugins\/seo\/ -->\n<title>Lucky Jet promo code 1win | How to use the promocode Lucky Jet Game<\/title>\n<meta name=\"description\" content=\"Lucky Jet Promo Code and Bonus at 1Win Casino. How to Activate and Where to Find Bonus Code Lucky Jet Game? Luckyjet Bonus Voucher - Get your Reward.\" \/>\n<meta name=\"robots\" content=\"index, follow, max-snippet:-1, max-image-preview:large, max-video-preview:-1\" \/>\n<link rel=\"canonical\" href=\"https:\/\/luckyjet-games.com\/sv\/lucky-jet-promo-code\/\" \/>\n<meta property=\"og:locale\" content=\"sv_SE\" \/>\n<meta property=\"og:type\" content=\"article\" \/>\n<meta property=\"og:title\" content=\"Lucky Jet promo code 1win | How to use the promocode Lucky Jet Game\" \/>\n<meta property=\"og:description\" content=\"Lucky Jet Promo Code and Bonus at 1Win Casino. How to Activate and Where to Find Bonus Code Lucky Jet Game? Luckyjet Bonus Voucher - Get your Reward.\" \/>\n<meta property=\"og:url\" content=\"https:\/\/luckyjet-games.com\/sv\/lucky-jet-promo-code\/\" \/>\n<meta property=\"og:site_name\" content=\"Lucky Jet Games\" \/>\n<meta property=\"article:modified_time\" content=\"2024-03-13T19:00:42+00:00\" \/>\n<meta property=\"og:image\" content=\"https:\/\/luckyjet-games.com\/wp-content\/uploads\/2023\/04\/LUCKY4444-1024x1024.jpg\" \/>\n<meta name=\"twitter:card\" content=\"summary_large_image\" \/>\n<meta name=\"twitter:label1\" content=\"Ber\u00e4knad l\u00e4stid\" \/>\n\t<meta name=\"twitter:data1\" content=\"5 minuter\" \/>\n<!-- \/ Yoast SEO plugin. -->","yoast_head_json":{"title":"Lucky Jet promokod 1win | Hur man anv\u00e4nder promokoden Lucky Jet Game","description":"Lucky Jet Promo Code och Bonus p\u00e5 1Win Casino. Hur man aktiverar och var man hittar bonuskod Lucky Jet Game? Luckyjet bonuskupong - f\u00e5 din bel\u00f6ning.","robots":{"index":"index","follow":"follow","max-snippet":"max-snippet:-1","max-image-preview":"max-image-preview:large","max-video-preview":"max-video-preview:-1"},"canonical":"https:\/\/luckyjet-games.com\/sv\/lucky-jet-promo-code\/","og_locale":"sv_SE","og_type":"article","og_title":"Lucky Jet promo code 1win | How to use the promocode Lucky Jet Game","og_description":"Lucky Jet Promo Code and Bonus at 1Win Casino. How to Activate and Where to Find Bonus Code Lucky Jet Game? Luckyjet Bonus Voucher - Get your Reward.","og_url":"https:\/\/luckyjet-games.com\/sv\/lucky-jet-promo-code\/","og_site_name":"Lucky Jet Games","article_modified_time":"2024-03-13T19:00:42+00:00","og_image":[{"url":"https:\/\/luckyjet-games.com\/wp-content\/uploads\/2023\/04\/LUCKY4444-1024x1024.jpg","type":"","width":"","height":""}],"twitter_card":"summary_large_image","twitter_misc":{"Ber\u00e4knad l\u00e4stid":"5 minuter"},"schema":{"@context":"https:\/\/schema.org","@graph":[{"@type":"WebPage","@id":"https:\/\/luckyjet-games.com\/lucky-jet-promo-code\/","url":"https:\/\/luckyjet-games.com\/lucky-jet-promo-code\/","name":"Lucky Jet promokod 1win | Hur man anv\u00e4nder promokoden Lucky Jet Game","isPartOf":{"@id":"https:\/\/luckyjet-games.com\/de\/#website"},"primaryImageOfPage":{"@id":"https:\/\/luckyjet-games.com\/lucky-jet-promo-code\/#primaryimage"},"image":{"@id":"https:\/\/luckyjet-games.com\/lucky-jet-promo-code\/#primaryimage"},"thumbnailUrl":"https:\/\/luckyjet-games.com\/wp-content\/uploads\/2023\/04\/LUCKY4444-1024x1024.jpg","datePublished":"2022-12-20T11:11:31+00:00","dateModified":"2024-03-13T19:00:42+00:00","description":"Lucky Jet Promo Code och Bonus p\u00e5 1Win Casino. Hur man aktiverar och var man hittar bonuskod Lucky Jet Game? Luckyjet bonuskupong - f\u00e5 din bel\u00f6ning.","breadcrumb":{"@id":"https:\/\/luckyjet-games.com\/lucky-jet-promo-code\/#breadcrumb"},"inLanguage":"sv-SE","potentialAction":[{"@type":"ReadAction","target":["https:\/\/luckyjet-games.com\/lucky-jet-promo-code\/"]}]},{"@type":"ImageObject","inLanguage":"sv-SE","@id":"https:\/\/luckyjet-games.com\/lucky-jet-promo-code\/#primaryimage","url":"https:\/\/luckyjet-games.com\/wp-content\/uploads\/2023\/04\/LUCKY4444-1024x1024.jpg","contentUrl":"https:\/\/luckyjet-games.com\/wp-content\/uploads\/2023\/04\/LUCKY4444-1024x1024.jpg"},{"@type":"BreadcrumbList","@id":"https:\/\/luckyjet-games.com\/lucky-jet-promo-code\/#breadcrumb","itemListElement":[{"@type":"ListItem","position":1,"name":"Home","item":"https:\/\/luckyjet-games.com\/"},{"@type":"ListItem","position":2,"name":"Lucky Jet Promo Code and Bonus"}]},{"@type":"WebSite","@id":"https:\/\/luckyjet-games.com\/de\/#website","url":"https:\/\/luckyjet-games.com\/de\/","name":"Lucky Jet-spel","description":"","publisher":{"@id":"https:\/\/luckyjet-games.com\/de\/#organization"},"potentialAction":[{"@type":"SearchAction","target":{"@type":"EntryPoint","urlTemplate":"https:\/\/luckyjet-games.com\/de\/?s={search_term_string}"},"query-input":{"@type":"PropertyValueSpecification","valueRequired":true,"valueName":"search_term_string"}}],"inLanguage":"sv-SE"},{"@type":"Organization","@id":"https:\/\/luckyjet-games.com\/de\/#organization","name":"Lucky Jet-spel","url":"https:\/\/luckyjet-games.com\/de\/","logo":{"@type":"ImageObject","inLanguage":"sv-SE","@id":"https:\/\/luckyjet-games.com\/de\/#\/schema\/logo\/image\/","url":"https:\/\/luckyjet-games.com\/wp-content\/uploads\/2022\/10\/Lucky-Jet-Game.png","contentUrl":"https:\/\/luckyjet-games.com\/wp-content\/uploads\/2022\/10\/Lucky-Jet-Game.png","width":711,"height":599,"caption":"Lucky Jet Games"},"image":{"@id":"https:\/\/luckyjet-games.com\/de\/#\/schema\/logo\/image\/"}}]}},"_links":{"self":[{"href":"https:\/\/luckyjet-games.com\/sv\/wp-json\/wp\/v2\/pages\/250","targetHints":{"allow":["GET"]}}],"collection":[{"href":"https:\/\/luckyjet-games.com\/sv\/wp-json\/wp\/v2\/pages"}],"about":[{"href":"https:\/\/luckyjet-games.com\/sv\/wp-json\/wp\/v2\/types\/page"}],"author":[{"embeddable":true,"href":"https:\/\/luckyjet-games.com\/sv\/wp-json\/wp\/v2\/users\/2"}],"replies":[{"embeddable":true,"href":"https:\/\/luckyjet-games.com\/sv\/wp-json\/wp\/v2\/comments?post=250"}],"version-history":[{"count":0,"href":"https:\/\/luckyjet-games.com\/sv\/wp-json\/wp\/v2\/pages\/250\/revisions"}],"wp:attachment":[{"href":"https:\/\/luckyjet-games.com\/sv\/wp-json\/wp\/v2\/media?parent=250"}],"curies":[{"name":"wp","href":"https:\/\/api.w.org\/{rel}","templated":true}]}}