{"id":358,"date":"2023-09-25T11:50:26","date_gmt":"2023-09-25T11:50:26","guid":{"rendered":"https:\/\/luckyjet-games.com\/?page_id=358"},"modified":"2023-09-25T11:50:26","modified_gmt":"2023-09-25T11:50:26","slug":"cookies-policy","status":"publish","type":"page","link":"https:\/\/luckyjet-games.com\/pt\/cookies-policy\/","title":{"rendered":"Pol\u00edtica de Cookies"},"content":{"rendered":"<p>Neste guia abrangente, nos aprofundamos nas complexidades das pol\u00edticas de cookies para fornecer a voc\u00ea uma compreens\u00e3o completa de sua import\u00e2ncia, componentes e como criar uma pol\u00edtica eficaz para o seu site.<\/p>\n<div id=\"ez-toc-container\" class=\"ez-toc-v2_0_75 counter-hierarchy ez-toc-counter ez-toc-grey ez-toc-container-direction\">\n<div class=\"ez-toc-title-container\">\n<p class=\"ez-toc-title\" style=\"cursor:inherit\">\u00cdndice<\/p>\n<span class=\"ez-toc-title-toggle\"><a href=\"#\" class=\"ez-toc-pull-right ez-toc-btn ez-toc-btn-xs ez-toc-btn-default ez-toc-toggle\" aria-label=\"Alternar tabela de conte\u00fado\"><span class=\"ez-toc-js-icon-con\"><span class=\"\"><span class=\"eztoc-hide\" style=\"display:none;\">Alternar<\/span><span class=\"ez-toc-icon-toggle-span\"><svg style=\"fill: #999;color:#999\" xmlns=\"http:\/\/www.w3.org\/2000\/svg\" class=\"list-377408\" width=\"20px\" height=\"20px\" viewbox=\"0 0 24 24\" fill=\"none\"><path d=\"M6 6H4v2h2V6zm14 0H8v2h12V6zM4 11h2v2H4v-2zm16 0H8v2h12v-2zM4 16h2v2H4v-2zm16 0H8v2h12v-2z\" fill=\"currentColor\"><\/path><\/svg><svg style=\"fill: #999;color:#999\" class=\"arrow-unsorted-368013\" xmlns=\"http:\/\/www.w3.org\/2000\/svg\" width=\"10px\" height=\"10px\" viewbox=\"0 0 24 24\" version=\"1.2\" baseprofile=\"tiny\"><path d=\"M18.2 9.3l-6.2-6.3-6.2 6.3c-.2.2-.3.4-.3.7s.1.5.3.7c.2.2.4.3.7.3h11c.3 0 .5-.1.7-.3.2-.2.3-.5.3-.7s-.1-.5-.3-.7zM5.8 14.7l6.2 6.3 6.2-6.3c.2-.2.3-.5.3-.7s-.1-.5-.3-.7c-.2-.2-.4-.3-.7-.3h-11c-.3 0-.5.1-.7.3-.2.2-.3.5-.3.7s.1.5.3.7z\"\/><\/svg><\/span><\/span><\/span><\/a><\/span><\/div>\n<nav><ul class='ez-toc-list ez-toc-list-level-1 eztoc-toggle-hide-by-default' ><li class='ez-toc-page-1 ez-toc-heading-level-2'><a class=\"ez-toc-link ez-toc-heading-1\" href=\"https:\/\/luckyjet-games.com\/pt\/cookies-policy\/#Introduction\" >Introdu\u00e7\u00e3o<\/a><\/li><li class='ez-toc-page-1 ez-toc-heading-level-2'><a class=\"ez-toc-link ez-toc-heading-2\" href=\"https:\/\/luckyjet-games.com\/pt\/cookies-policy\/#What_Are_Cookies\" >O que s\u00e3o biscoitos?<\/a><\/li><li class='ez-toc-page-1 ez-toc-heading-level-2'><a class=\"ez-toc-link ez-toc-heading-3\" href=\"https:\/\/luckyjet-games.com\/pt\/cookies-policy\/#Why_Do_You_Need_a_Cookies_Policy\" >Por que voc\u00ea precisa de uma pol\u00edtica de cookies?<\/a><\/li><li class='ez-toc-page-1 ez-toc-heading-level-2'><a class=\"ez-toc-link ez-toc-heading-4\" href=\"https:\/\/luckyjet-games.com\/pt\/cookies-policy\/#Components_of_an_Effective_Cookies_Policy\" >Componentes de uma Pol\u00edtica de Cookies Eficaz<\/a><ul class='ez-toc-list-level-3' ><li class='ez-toc-heading-level-3'><a class=\"ez-toc-link ez-toc-heading-5\" href=\"https:\/\/luckyjet-games.com\/pt\/cookies-policy\/#1_Introduction\" >1. Introdu\u00e7\u00e3o<\/a><\/li><li class='ez-toc-page-1 ez-toc-heading-level-3'><a class=\"ez-toc-link ez-toc-heading-6\" href=\"https:\/\/luckyjet-games.com\/pt\/cookies-policy\/#2_What_Are_Cookies\" >2. O que s\u00e3o cookies?<\/a><\/li><li class='ez-toc-page-1 ez-toc-heading-level-3'><a class=\"ez-toc-link ez-toc-heading-7\" href=\"https:\/\/luckyjet-games.com\/pt\/cookies-policy\/#3_Types_of_Cookies\" >3. Tipos de Cookies<\/a><\/li><li class='ez-toc-page-1 ez-toc-heading-level-3'><a class=\"ez-toc-link ez-toc-heading-8\" href=\"https:\/\/luckyjet-games.com\/pt\/cookies-policy\/#4_Why_Do_You_Use_Cookies\" >4. Por que voc\u00ea usa cookies?<\/a><\/li><li class='ez-toc-page-1 ez-toc-heading-level-3'><a class=\"ez-toc-link ez-toc-heading-9\" href=\"https:\/\/luckyjet-games.com\/pt\/cookies-policy\/#5_How_to_Disable_Cookies\" >5. Como desativar cookies<\/a><\/li><li class='ez-toc-page-1 ez-toc-heading-level-3'><a class=\"ez-toc-link ez-toc-heading-10\" href=\"https:\/\/luckyjet-games.com\/pt\/cookies-policy\/#6_Third-Party_Cookies\" >6. Cookies de terceiros<\/a><\/li><li class='ez-toc-page-1 ez-toc-heading-level-3'><a class=\"ez-toc-link ez-toc-heading-11\" href=\"https:\/\/luckyjet-games.com\/pt\/cookies-policy\/#7_Changes_to_Your_Policy\" >7. Mudan\u00e7as na sua pol\u00edtica<\/a><\/li><li class='ez-toc-page-1 ez-toc-heading-level-3'><a class=\"ez-toc-link ez-toc-heading-12\" href=\"https:\/\/luckyjet-games.com\/pt\/cookies-policy\/#8_Obtaining_Consent\" >8. Obten\u00e7\u00e3o de consentimento<\/a><\/li><\/ul><\/li><li class='ez-toc-page-1 ez-toc-heading-level-2'><a class=\"ez-toc-link ez-toc-heading-13\" href=\"https:\/\/luckyjet-games.com\/pt\/cookies-policy\/#Creating_an_Effective_Cookies_Policy\" >Criando uma Pol\u00edtica de Cookies Eficaz<\/a><\/li><li class='ez-toc-page-1 ez-toc-heading-level-2'><a class=\"ez-toc-link ez-toc-heading-14\" href=\"https:\/\/luckyjet-games.com\/pt\/cookies-policy\/#Conclusion\" >Conclus\u00e3o<\/a><\/li><\/ul><\/nav><\/div>\n<h2><span class=\"ez-toc-section\" id=\"Introduction\"><\/span>Introdu\u00e7\u00e3o<span class=\"ez-toc-section-end\"><\/span><\/h2>\n<p>Quando se trata de estabelecer uma presen\u00e7a online forte, uma pol\u00edtica de cookies bem elaborada \u00e9 um componente essencial. Ele n\u00e3o apenas garante a conformidade legal, mas tamb\u00e9m constr\u00f3i a confian\u00e7a dos visitantes do seu site. Neste guia, exploraremos os principais aspectos das pol\u00edticas de cookies, ajudando voc\u00ea a criar uma que n\u00e3o apenas atenda aos requisitos legais, mas tamb\u00e9m melhore a experi\u00eancia do usu\u00e1rio.<\/p>\n<h2><span class=\"ez-toc-section\" id=\"What_Are_Cookies\"><\/span>O que s\u00e3o biscoitos?<span class=\"ez-toc-section-end\"><\/span><\/h2>\n<p>Cookies s\u00e3o pequenos peda\u00e7os de dados armazenados no dispositivo de um usu\u00e1rio quando ele visita um site. Eles servem v\u00e1rios prop\u00f3sitos, incluindo lembrar as prefer\u00eancias do usu\u00e1rio, melhorar a funcionalidade do site e rastrear o comportamento do usu\u00e1rio. Os cookies est\u00e3o divididos em duas categorias principais:<\/p>\n<ol>\n<li><strong>Cookies de sess\u00e3o<\/strong>: Esses cookies tempor\u00e1rios s\u00e3o armazenados apenas durante a sess\u00e3o do usu\u00e1rio em seu site e s\u00e3o exclu\u00eddos quando ele fecha o navegador.<\/li>\n<li><strong>Cookies persistentes<\/strong>: os cookies persistentes permanecem no dispositivo do usu\u00e1rio por um per\u00edodo espec\u00edfico, mesmo depois de ele sair do seu site.<\/li>\n<\/ol>\n<h2><span class=\"ez-toc-section\" id=\"Why_Do_You_Need_a_Cookies_Policy\"><\/span>Por que voc\u00ea precisa de uma pol\u00edtica de cookies?<span class=\"ez-toc-section-end\"><\/span><\/h2>\n<p>Uma pol\u00edtica de cookies \u00e9 vital por v\u00e1rios motivos:<\/p>\n<ol>\n<li><strong>Conformidade legal<\/strong>: Muitos pa\u00edses exigem que os websites informem os utilizadores sobre a utiliza\u00e7\u00e3o de cookies e obtenham o seu consentimento. O n\u00e3o cumprimento desses regulamentos pode levar a repercuss\u00f5es legais.<\/li>\n<li><strong>Transpar\u00eancia<\/strong>: demonstra transpar\u00eancia e honestidade em suas pr\u00e1ticas de coleta de dados, promovendo a confian\u00e7a de seu p\u00fablico.<\/li>\n<li><strong>Consentimento do usu\u00e1rio<\/strong>: permite que os usu\u00e1rios tomem decis\u00f5es informadas sobre a privacidade de seus dados, oferecendo-lhes a op\u00e7\u00e3o de aceitar ou rejeitar cookies.<\/li>\n<\/ol>\n<h2><span class=\"ez-toc-section\" id=\"Components_of_an_Effective_Cookies_Policy\"><\/span>Componentes de uma Pol\u00edtica de Cookies Eficaz<span class=\"ez-toc-section-end\"><\/span><\/h2>\n<p>Para criar uma pol\u00edtica de cookies que supere a concorr\u00eancia, considere incluir os seguintes componentes:<\/p>\n<h3><span class=\"ez-toc-section\" id=\"1_Introduction\"><\/span>1. Introdu\u00e7\u00e3o<span class=\"ez-toc-section-end\"><\/span><\/h3>\n<p><strong>T\u00edtulo<\/strong>: rotule claramente sua pol\u00edtica como \u201cPol\u00edtica de Cookies\u201d para facilitar a identifica\u00e7\u00e3o.<\/p>\n<h3><span class=\"ez-toc-section\" id=\"2_What_Are_Cookies\"><\/span>2. O que s\u00e3o cookies?<span class=\"ez-toc-section-end\"><\/span><\/h3>\n<p>Forne\u00e7a uma explica\u00e7\u00e3o concisa sobre cookies, conforme discutimos anteriormente.<\/p>\n<h3><span class=\"ez-toc-section\" id=\"3_Types_of_Cookies\"><\/span>3. Tipos de Cookies<span class=\"ez-toc-section-end\"><\/span><\/h3>\n<p>Explique os diferentes tipos de cookies que seu site utiliza e suas respectivas finalidades.<\/p>\n<h3><span class=\"ez-toc-section\" id=\"4_Why_Do_You_Use_Cookies\"><\/span>4. Por que voc\u00ea usa cookies?<span class=\"ez-toc-section-end\"><\/span><\/h3>\n<p>Detalhe os motivos da coleta de dados do usu\u00e1rio por meio de cookies e como isso beneficia tanto o seu site quanto os usu\u00e1rios.<\/p>\n<h3><span class=\"ez-toc-section\" id=\"5_How_to_Disable_Cookies\"><\/span>5. Como desativar cookies<span class=\"ez-toc-section-end\"><\/span><\/h3>\n<p>Oferecer instru\u00e7\u00f5es sobre como os usu\u00e1rios podem gerenciar e desativar cookies nas configura\u00e7\u00f5es do navegador.<\/p>\n<h3><span class=\"ez-toc-section\" id=\"6_Third-Party_Cookies\"><\/span>6. Cookies de terceiros<span class=\"ez-toc-section-end\"><\/span><\/h3>\n<p>Se aplic\u00e1vel, divulgue quaisquer cookies de terceiros usados em seu site e forne\u00e7a links para suas respectivas pol\u00edticas.<\/p>\n<h3><span class=\"ez-toc-section\" id=\"7_Changes_to_Your_Policy\"><\/span>7. Mudan\u00e7as na sua pol\u00edtica<span class=\"ez-toc-section-end\"><\/span><\/h3>\n<p>Explique que a pol\u00edtica de cookies pode ser atualizada e como os usu\u00e1rios ser\u00e3o notificados sobre quaisquer altera\u00e7\u00f5es.<\/p>\n<h3><span class=\"ez-toc-section\" id=\"8_Obtaining_Consent\"><\/span>8. Obten\u00e7\u00e3o de consentimento<span class=\"ez-toc-section-end\"><\/span><\/h3>\n<p>Descreva os m\u00e9todos usados para obter o consentimento do usu\u00e1rio para uso de cookies, como notifica\u00e7\u00f5es pop-up ou banners.<\/p>\n<h2><span class=\"ez-toc-section\" id=\"Creating_an_Effective_Cookies_Policy\"><\/span>Criando uma Pol\u00edtica de Cookies Eficaz<span class=\"ez-toc-section-end\"><\/span><\/h2>\n<p>Para criar uma pol\u00edtica de cookies eficaz que supere os concorrentes, siga estas etapas:<\/p>\n<ol>\n<li><strong>Pesquisar<\/strong>: mantenha-se atualizado com as regulamenta\u00e7\u00f5es mais recentes relacionadas a cookies na regi\u00e3o do seu p\u00fablico-alvo.<\/li>\n<li><strong>Linguagem clara<\/strong>: escreva sua pol\u00edtica em uma linguagem simples e de f\u00e1cil compreens\u00e3o para garantir que os usu\u00e1rios compreendam seu conte\u00fado.<\/li>\n<li><strong>Acessibilidade<\/strong>: certifique-se de que sua pol\u00edtica seja facilmente acess\u00edvel, normalmente por meio de um link de rodap\u00e9 em seu site.<\/li>\n<li><strong>Mecanismo de consentimento<\/strong>: Implemente um mecanismo de consentimento f\u00e1cil de usar que respeite as escolhas do usu\u00e1rio.<\/li>\n<li><strong>Atualiza\u00e7\u00f5es regulares<\/strong>: Revise e atualize periodicamente sua pol\u00edtica para permanecer em conformidade com as regulamenta\u00e7\u00f5es em evolu\u00e7\u00e3o.<\/li>\n<\/ol>\n<h2><span class=\"ez-toc-section\" id=\"Conclusion\"><\/span>Conclus\u00e3o<span class=\"ez-toc-section-end\"><\/span><\/h2>\n<p>Concluindo, uma pol\u00edtica de cookies bem elaborada \u00e9 um elemento essencial do seu site que n\u00e3o apenas garante a conformidade legal, mas tamb\u00e9m promove a confian\u00e7a do seu p\u00fablico. Seguindo as diretrizes descritas neste guia completo, voc\u00ea pode criar uma pol\u00edtica de cookies que n\u00e3o apenas atenda aos requisitos legais, mas tamb\u00e9m melhore a experi\u00eancia do usu\u00e1rio em seu site.<\/p>\n<p>Ao fornecer informa\u00e7\u00f5es claras sobre cookies, obter o consentimento do usu\u00e1rio e manter-se atualizado com as mudan\u00e7as regulat\u00f3rias, voc\u00ea n\u00e3o apenas superar\u00e1 seus concorrentes, mas tamb\u00e9m estabelecer\u00e1 seu site como uma plataforma online confi\u00e1vel e centrada no usu\u00e1rio.<\/p>\n<div class=\"author-card author-card--top\"><img alt='Foto Avatar' src='https:\/\/luckyjet-games.com\/wp-content\/uploads\/2023\/03\/Chris-Hodge-130x130.jpg' srcset='https:\/\/luckyjet-games.com\/wp-content\/uploads\/2023\/03\/Chris-Hodge-260x260.jpg 2x' class='avatar avatar-130 photo author-image' height='130' width='130' \/><div class=\"author-content text-md-center\"><span class=\"author-title\">Autor<\/span><a href=\"https:\/\/luckyjet-games.com\/pt\/author\/chris-hodge\/\" class=\"author-name\">Chris Hodge<\/a><p class=\"author__details\">Chris Hodge \u00e9 um especialista em jogos de azar. Ele joga e estuda jogos de cassino h\u00e1 mais de 10 anos. Naquele tempo, ele desenvolveu uma compreens\u00e3o \u00edntima das estrat\u00e9gias e mec\u00e2nica por tr\u00e1s de cada jogo no cassino.<br \/>\r\n<br \/>\r\nO conhecimento e a experi\u00eancia de Chris lhe deram um lugar como colaborador regular em v\u00e1rias publica\u00e7\u00f5es de ponta sobre jogos de azar. Ele tamb\u00e9m \u00e9 freq\u00fcentemente chamado pelos cassinos para fornecer conselhos especializados sobre novos jogos e promo\u00e7\u00f5es.<\/p><\/div><!-- \/.author-content --><\/div>","protected":false},"excerpt":{"rendered":"<p>Neste guia abrangente, analisamos os meandros das pol\u00edticas de cookies para fornecer a voc\u00ea uma compreens\u00e3o completa de sua import\u00e2ncia, de seus componentes e de como criar uma pol\u00edtica eficaz para o seu site. Introdu\u00e7\u00e3o Quando se trata de estabelecer uma forte presen\u00e7a on-line, uma pol\u00edtica de cookies bem elaborada \u00e9 um componente essencial. Ela n\u00e3o apenas garante [...]<\/p>","protected":false},"author":2,"featured_media":0,"parent":0,"menu_order":0,"comment_status":"closed","ping_status":"closed","template":"page-no-sidebar.php","meta":{"_acf_changed":false,"footnotes":""},"class_list":["post-358","page","type-page","status-publish","hentry"],"acf":[],"yoast_head":"<!-- This site is optimized with the Yoast SEO plugin v26.7 - https:\/\/yoast.com\/wordpress\/plugins\/seo\/ -->\n<title>Cookies Policy - Lucky Jet Games<\/title>\n<meta name=\"robots\" content=\"index, follow, max-snippet:-1, max-image-preview:large, max-video-preview:-1\" \/>\n<link rel=\"canonical\" href=\"https:\/\/luckyjet-games.com\/pt\/cookies-policy\/\" \/>\n<meta property=\"og:locale\" content=\"pt_BR\" \/>\n<meta property=\"og:type\" content=\"article\" \/>\n<meta property=\"og:title\" content=\"Cookies Policy - Lucky Jet Games\" \/>\n<meta property=\"og:description\" content=\"In this comprehensive guide, we delve into the intricacies of cookies policies to provide you with a thorough understanding of their importance, components, and how to create an effective one for your website. Introduction When it comes to establishing a strong online presence, a well-crafted cookies policy is an essential component. It not only ensures [&hellip;]\" \/>\n<meta property=\"og:url\" content=\"https:\/\/luckyjet-games.com\/pt\/cookies-policy\/\" \/>\n<meta property=\"og:site_name\" content=\"Lucky Jet Games\" \/>\n<meta name=\"twitter:card\" content=\"summary_large_image\" \/>\n<!-- \/ Yoast SEO plugin. -->","yoast_head_json":{"title":"Pol\u00edtica de Cookies - Jogos Lucky Jet","robots":{"index":"index","follow":"follow","max-snippet":"max-snippet:-1","max-image-preview":"max-image-preview:large","max-video-preview":"max-video-preview:-1"},"canonical":"https:\/\/luckyjet-games.com\/pt\/cookies-policy\/","og_locale":"pt_BR","og_type":"article","og_title":"Cookies Policy - Lucky Jet Games","og_description":"In this comprehensive guide, we delve into the intricacies of cookies policies to provide you with a thorough understanding of their importance, components, and how to create an effective one for your website. Introduction When it comes to establishing a strong online presence, a well-crafted cookies policy is an essential component. It not only ensures [&hellip;]","og_url":"https:\/\/luckyjet-games.com\/pt\/cookies-policy\/","og_site_name":"Lucky Jet Games","twitter_card":"summary_large_image","schema":{"@context":"https:\/\/schema.org","@graph":[{"@type":"WebPage","@id":"https:\/\/luckyjet-games.com\/cookies-policy\/","url":"https:\/\/luckyjet-games.com\/cookies-policy\/","name":"Pol\u00edtica de Cookies - Jogos Lucky Jet","isPartOf":{"@id":"https:\/\/luckyjet-games.com\/de\/#website"},"datePublished":"2023-09-25T11:50:26+00:00","breadcrumb":{"@id":"https:\/\/luckyjet-games.com\/cookies-policy\/#breadcrumb"},"inLanguage":"pt-BR","potentialAction":[{"@type":"ReadAction","target":["https:\/\/luckyjet-games.com\/cookies-policy\/"]}]},{"@type":"BreadcrumbList","@id":"https:\/\/luckyjet-games.com\/cookies-policy\/#breadcrumb","itemListElement":[{"@type":"ListItem","position":1,"name":"Home","item":"https:\/\/luckyjet-games.com\/"},{"@type":"ListItem","position":2,"name":"Cookies Policy"}]},{"@type":"WebSite","@id":"https:\/\/luckyjet-games.com\/de\/#website","url":"https:\/\/luckyjet-games.com\/de\/","name":"Jogos Lucky Jet","description":"","publisher":{"@id":"https:\/\/luckyjet-games.com\/de\/#organization"},"potentialAction":[{"@type":"SearchAction","target":{"@type":"EntryPoint","urlTemplate":"https:\/\/luckyjet-games.com\/de\/?s={search_term_string}"},"query-input":{"@type":"PropertyValueSpecification","valueRequired":true,"valueName":"search_term_string"}}],"inLanguage":"pt-BR"},{"@type":"Organization","@id":"https:\/\/luckyjet-games.com\/de\/#organization","name":"Jogos Lucky Jet","url":"https:\/\/luckyjet-games.com\/de\/","logo":{"@type":"ImageObject","inLanguage":"pt-BR","@id":"https:\/\/luckyjet-games.com\/de\/#\/schema\/logo\/image\/","url":"https:\/\/luckyjet-games.com\/wp-content\/uploads\/2022\/10\/Lucky-Jet-Game.png","contentUrl":"https:\/\/luckyjet-games.com\/wp-content\/uploads\/2022\/10\/Lucky-Jet-Game.png","width":711,"height":599,"caption":"Lucky Jet Games"},"image":{"@id":"https:\/\/luckyjet-games.com\/de\/#\/schema\/logo\/image\/"}}]}},"_links":{"self":[{"href":"https:\/\/luckyjet-games.com\/pt\/wp-json\/wp\/v2\/pages\/358","targetHints":{"allow":["GET"]}}],"collection":[{"href":"https:\/\/luckyjet-games.com\/pt\/wp-json\/wp\/v2\/pages"}],"about":[{"href":"https:\/\/luckyjet-games.com\/pt\/wp-json\/wp\/v2\/types\/page"}],"author":[{"embeddable":true,"href":"https:\/\/luckyjet-games.com\/pt\/wp-json\/wp\/v2\/users\/2"}],"replies":[{"embeddable":true,"href":"https:\/\/luckyjet-games.com\/pt\/wp-json\/wp\/v2\/comments?post=358"}],"version-history":[{"count":0,"href":"https:\/\/luckyjet-games.com\/pt\/wp-json\/wp\/v2\/pages\/358\/revisions"}],"wp:attachment":[{"href":"https:\/\/luckyjet-games.com\/pt\/wp-json\/wp\/v2\/media?parent=358"}],"curies":[{"name":"wp","href":"https:\/\/api.w.org\/{rel}","templated":true}]}}