{"id":250,"date":"2022-12-20T11:11:31","date_gmt":"2022-12-20T11:11:31","guid":{"rendered":"https:\/\/luckyjet-games.com\/?page_id=250"},"modified":"2024-03-13T19:00:42","modified_gmt":"2024-03-13T19:00:42","slug":"lucky-jet-promo-code-and-bonus","status":"publish","type":"page","link":"https:\/\/luckyjet-games.com\/pt\/lucky-jet-promo-code\/","title":{"rendered":"Lucky Jet C\u00f3digo Promocional e B\u00f4nus"},"content":{"rendered":"<div style=\"text-align: center;\"><a class=\"glow-button-new\" href=\"#go\" data-go=\"go\">Obtenha o b\u00f4nus Lucky Jet \ud83c\udf81<\/a><\/div>\n\n\n\n<p>Ofere\u00e7a sua chance de iniciar o jogo com c\u00f3digos introdut\u00f3rios, mas esteja ciente de que estes s\u00f3 s\u00e3o v\u00e1lidos por um curto per\u00edodo de tempo depois que voc\u00ea criar uma conta. Assim que voc\u00ea faz o login, um timer come\u00e7a a contar para baixo o tempo restante deste neg\u00f3cio \u00fanico na vida! Para aproveitar esta promo\u00e7\u00e3o e obter tudo o que ela tem a oferecer, inscreva-se com <a href=\"https:\/\/luckyjet-games.com\/pt\/\">Lucky Jet<\/a> agora - porque esta oportunidade \u00e9 exclusiva para novos membros.<\/p>\n\n\n<div class=\"wp-block-image\">\n<figure class=\"aligncenter is-resized\"><a href=\"#go\" data-go=\"go\"><img decoding=\"async\" width=\"1024\" height=\"1024\" src=\"https:\/\/luckyjet-games.com\/wp-content\/uploads\/2023\/04\/LUCKY4444-1024x1024.jpg\" alt=\"LUCKY4444\" class=\"wp-image-307\" style=\"width:450px\" srcset=\"https:\/\/luckyjet-games.com\/wp-content\/uploads\/2023\/04\/LUCKY4444-1024x1024.jpg 1024w, https:\/\/luckyjet-games.com\/wp-content\/uploads\/2023\/04\/LUCKY4444-300x300.jpg 300w, https:\/\/luckyjet-games.com\/wp-content\/uploads\/2023\/04\/LUCKY4444-150x150.jpg 150w, https:\/\/luckyjet-games.com\/wp-content\/uploads\/2023\/04\/LUCKY4444-768x768.jpg 768w, https:\/\/luckyjet-games.com\/wp-content\/uploads\/2023\/04\/LUCKY4444-1536x1536.jpg 1536w, https:\/\/luckyjet-games.com\/wp-content\/uploads\/2023\/04\/LUCKY4444-12x12.jpg 12w, https:\/\/luckyjet-games.com\/wp-content\/uploads\/2023\/04\/LUCKY4444-40x40.jpg 40w, https:\/\/luckyjet-games.com\/wp-content\/uploads\/2023\/04\/LUCKY4444-50x50.jpg 50w, https:\/\/luckyjet-games.com\/wp-content\/uploads\/2023\/04\/LUCKY4444-100x100.jpg 100w, https:\/\/luckyjet-games.com\/wp-content\/uploads\/2023\/04\/LUCKY4444-120x120.jpg 120w, https:\/\/luckyjet-games.com\/wp-content\/uploads\/2023\/04\/LUCKY4444-135x135.jpg 135w, https:\/\/luckyjet-games.com\/wp-content\/uploads\/2023\/04\/LUCKY4444-270x270.jpg 270w, https:\/\/luckyjet-games.com\/wp-content\/uploads\/2023\/04\/LUCKY4444-450x450.jpg 450w, https:\/\/luckyjet-games.com\/wp-content\/uploads\/2023\/04\/LUCKY4444-479x479.jpg 479w, https:\/\/luckyjet-games.com\/wp-content\/uploads\/2023\/04\/LUCKY4444-570x570.jpg 570w, https:\/\/luckyjet-games.com\/wp-content\/uploads\/2023\/04\/LUCKY4444-767x767.jpg 767w, https:\/\/luckyjet-games.com\/wp-content\/uploads\/2023\/04\/LUCKY4444-32x32.jpg 32w, https:\/\/luckyjet-games.com\/wp-content\/uploads\/2023\/04\/LUCKY4444-80x80.jpg 80w, https:\/\/luckyjet-games.com\/wp-content\/uploads\/2023\/04\/LUCKY4444.jpg 1600w\" sizes=\"(max-width: 1024px) 100vw, 1024px\" \/><\/a><figcaption class=\"wp-element-caption\">LUCKY4444<\/figcaption><\/figure>\n<\/div>\n\n\n<p>A obten\u00e7\u00e3o do c\u00f3digo promocional Lucky Jet \u00e9 facilmente realiz\u00e1vel atrav\u00e9s de buscas no site oficial. As redes sociais dedicadas a este jogo ou sites com uma parceria com o 1win developer tamb\u00e9m s\u00e3o fontes potenciais. Entretanto, \u00e9 importante determinar se estes c\u00f3digos expiraram e foram substitu\u00eddos por vers\u00f5es mais recentes antes de utiliz\u00e1-los.<\/p>\n\n\n\n<p>Para garantir que os jogadores obtenham o m\u00e1ximo do Lucky Jet, fornecemos continuamente atualiza\u00e7\u00f5es de b\u00f4nus atrav\u00e9s de c\u00f3digos que podem ser acessados em nosso site oficial, posts em blogs e outras plataformas de m\u00eddia social. Ao ativ\u00e1-los, uma surpresa deliciosa aparecer\u00e1 sem d\u00favida no saldo de sua conta!<\/p>\n\n\n\n<div id=\"ez-toc-container\" class=\"ez-toc-v2_0_75 counter-hierarchy ez-toc-counter ez-toc-grey ez-toc-container-direction\">\n<div class=\"ez-toc-title-container\">\n<p class=\"ez-toc-title\" style=\"cursor:inherit\">\u00cdndice<\/p>\n<span class=\"ez-toc-title-toggle\"><a href=\"#\" class=\"ez-toc-pull-right ez-toc-btn ez-toc-btn-xs ez-toc-btn-default ez-toc-toggle\" aria-label=\"Alternar tabela de conte\u00fado\"><span class=\"ez-toc-js-icon-con\"><span class=\"\"><span class=\"eztoc-hide\" style=\"display:none;\">Alternar<\/span><span class=\"ez-toc-icon-toggle-span\"><svg style=\"fill: #999;color:#999\" xmlns=\"http:\/\/www.w3.org\/2000\/svg\" class=\"list-377408\" width=\"20px\" height=\"20px\" viewbox=\"0 0 24 24\" fill=\"none\"><path d=\"M6 6H4v2h2V6zm14 0H8v2h12V6zM4 11h2v2H4v-2zm16 0H8v2h12v-2zM4 16h2v2H4v-2zm16 0H8v2h12v-2z\" fill=\"currentColor\"><\/path><\/svg><svg style=\"fill: #999;color:#999\" class=\"arrow-unsorted-368013\" xmlns=\"http:\/\/www.w3.org\/2000\/svg\" width=\"10px\" height=\"10px\" viewbox=\"0 0 24 24\" version=\"1.2\" baseprofile=\"tiny\"><path d=\"M18.2 9.3l-6.2-6.3-6.2 6.3c-.2.2-.3.4-.3.7s.1.5.3.7c.2.2.4.3.7.3h11c.3 0 .5-.1.7-.3.2-.2.3-.5.3-.7s-.1-.5-.3-.7zM5.8 14.7l6.2 6.3 6.2-6.3c.2-.2.3-.5.3-.7s-.1-.5-.3-.7c-.2-.2-.4-.3-.7-.3h-11c-.3 0-.5.1-.7.3-.2.2-.3.5-.3.7s.1.5.3.7z\"\/><\/svg><\/span><\/span><\/span><\/a><\/span><\/div>\n<nav><ul class='ez-toc-list ez-toc-list-level-1 eztoc-toggle-hide-by-default' ><li class='ez-toc-page-1 ez-toc-heading-level-2'><a class=\"ez-toc-link ez-toc-heading-1\" href=\"https:\/\/luckyjet-games.com\/pt\/lucky-jet-promo-code\/#How_to_Activate_a_Promocode\" >Como ativar um Promocode?<\/a><\/li><li class='ez-toc-page-1 ez-toc-heading-level-2'><a class=\"ez-toc-link ez-toc-heading-2\" href=\"https:\/\/luckyjet-games.com\/pt\/lucky-jet-promo-code\/#Bonus_Lucky_Jet_Game\" >Jogo de b\u00f4nus Lucky Jet<\/a><ul class='ez-toc-list-level-3' ><li class='ez-toc-heading-level-3'><a class=\"ez-toc-link ez-toc-heading-3\" href=\"https:\/\/luckyjet-games.com\/pt\/lucky-jet-promo-code\/#Lucky_Jet_Cashback\" >Lucky Jet Cashback<\/a><\/li><\/ul><\/li><li class='ez-toc-page-1 ez-toc-heading-level-2'><a class=\"ez-toc-link ez-toc-heading-4\" href=\"https:\/\/luckyjet-games.com\/pt\/lucky-jet-promo-code\/#How_to_Enter_a_Promo_Code_in_1win_LuckyJet\" >Como inserir um c\u00f3digo promocional em 1win LuckyJet<\/a><\/li><li class='ez-toc-page-1 ez-toc-heading-level-2'><a class=\"ez-toc-link ez-toc-heading-5\" href=\"https:\/\/luckyjet-games.com\/pt\/lucky-jet-promo-code\/#What_Does_the_Promo_Code_Give_in_Lucky_Jet_1win\" >O que o C\u00f3digo Promocional d\u00e1 no Lucky Jet 1win<\/a><\/li><\/ul><\/nav><\/div>\n<h2 class=\"wp-block-heading\"><span class=\"ez-toc-section\" id=\"How_to_Activate_a_Promocode\"><\/span>Como ativar um Promocode?<span class=\"ez-toc-section-end\"><\/span><\/h2>\n\n\n\n<p>Ativa\u00e7\u00e3o de um c\u00f3digo promocional Lucky Jet \"<strong>LUCKY4444<\/strong>\" \u00e9 um processo bastante simples. Tudo o que voc\u00ea tem que fazer \u00e9 inserir o c\u00f3digo promocional nas configura\u00e7\u00f5es de sua conta e aplic\u00e1-lo. Uma vez feito isso, voc\u00ea poder\u00e1 desfrutar de uma s\u00e9rie de benef\u00edcios como giros gr\u00e1tis, b\u00f4nus exclusivos ou at\u00e9 mesmo moedas adicionais! Basta fazer o login regularmente para obter mais recompensas!<\/p>\n\n\n\n<p>Em \u00faltima an\u00e1lise, o Lucky Jet \u00e9 um jogo incrivelmente divertido que o manter\u00e1 no limite de sua cadeira. Certifique-se de tirar o m\u00e1ximo proveito de todos os c\u00f3digos promocionais dispon\u00edveis para o m\u00e1ximo de divers\u00e3o e recompensas!<\/p>\n\n\n\n<div style=\"text-align: center;\"><a class=\"glow-button-new\" href=\"#go\" data-go=\"go\">Comece a jogar Lucky Jet<\/a><\/div>\n\n\n\n<h2 class=\"wp-block-heading\"><span class=\"ez-toc-section\" id=\"Bonus_Lucky_Jet_Game\"><\/span>Jogo de b\u00f4nus Lucky Jet<span class=\"ez-toc-section-end\"><\/span><\/h2>\n\n\n\n<p>Para ajudar os novos jogadores a terem uma primeira experi\u00eancia positiva, o b\u00f4nus de boas-vindas funciona como uma indica\u00e7\u00e3o de boa vontade dos desenvolvedores. Isto serve para motivar os usu\u00e1rios a se inscreverem na plataforma e permanecerem engajados por per\u00edodos mais longos de tempo. O Lucky Jet tamb\u00e9m quer que seus jogadores permane\u00e7am envolvidos em todo o seu processo de jogo e compreendam toda a sua mec\u00e2nica, por isso os incentiva a continuar jogando mesmo depois de esgotar o b\u00f4nus de boas-vindas.<\/p>\n\n\n\n<p>Os c\u00f3digos promocionais do Lucky Jet est\u00e3o em toda parte! Voc\u00ea pode descobri-los em blogs, f\u00f3runs para a comunidade, artigos de not\u00edcias e muito mais. Portanto, n\u00e3o deixe de ficar de olho nos \u00faltimos c\u00f3digos promocionais e comece a aproveitar toda a divers\u00e3o e recompensas que este jogo tem a oferecer!<\/p>\n\n\n\n<p>Aproveite seu tempo no Lucky Jet e tenha uma \u00f3tima experi\u00eancia jogando conosco. Quanto mais voc\u00ea jogar, melhores pr\u00eamios voc\u00ea receber\u00e1!<\/p>\n\n\n<div class=\"wp-block-image\">\n<figure class=\"aligncenter\"><a href=\"#go\" data-go=\"go\"><img decoding=\"async\" width=\"631\" height=\"305\" src=\"https:\/\/luckyjet-games.com\/wp-content\/uploads\/2022\/12\/Lucky-Jet-1win.jpg\" alt=\"Lucky Jet 1win\" class=\"wp-image-255\" srcset=\"https:\/\/luckyjet-games.com\/wp-content\/uploads\/2022\/12\/Lucky-Jet-1win.jpg 631w, https:\/\/luckyjet-games.com\/wp-content\/uploads\/2022\/12\/Lucky-Jet-1win-300x145.jpg 300w, https:\/\/luckyjet-games.com\/wp-content\/uploads\/2022\/12\/Lucky-Jet-1win-18x9.jpg 18w, https:\/\/luckyjet-games.com\/wp-content\/uploads\/2022\/12\/Lucky-Jet-1win-83x40.jpg 83w, https:\/\/luckyjet-games.com\/wp-content\/uploads\/2022\/12\/Lucky-Jet-1win-66x32.jpg 66w, https:\/\/luckyjet-games.com\/wp-content\/uploads\/2022\/12\/Lucky-Jet-1win-166x80.jpg 166w, https:\/\/luckyjet-games.com\/wp-content\/uploads\/2022\/12\/Lucky-Jet-1win-279x135.jpg 279w\" sizes=\"(max-width: 631px) 100vw, 631px\" \/><\/a><figcaption class=\"wp-element-caption\">Lucky Jet 1win<\/figcaption><\/figure>\n<\/div>\n\n\n<div style=\"text-align: center;\"><a class=\"glow-button-new\" href=\"#go\" data-go=\"go\">Receba o b\u00f4nus de boas-vindas Lucky Jet<\/a><\/div>\n\n\n\n<h3 class=\"wp-block-heading\"><span class=\"ez-toc-section\" id=\"Lucky_Jet_Cashback\"><\/span>Lucky Jet Cashback<span class=\"ez-toc-section-end\"><\/span><\/h3>\n\n\n\n<p>Uma maneira adicional de lucrar com atividades de lazer como jogos \u00e9 utilizando o programa promocional administrado pela ger\u00eancia.<\/p>\n\n\n\n<p>Os jogadores s\u00e3o capazes de ganhar de volta a parte de dinheiro que colocam no jogo, dependendo de seu desempenho no jogo.<\/p>\n\n\n\n<p>O Lucky Jet oferece generosos retornos semanais sobre todos os valores gastos, permitindo que os usu\u00e1rios reclamem suas recompensas ao final de cada per\u00edodo diretamente em sua conta de dep\u00f3sito. Participe do Lucky Jet e colha os benef\u00edcios!<\/p>\n\n\n\n<p>Ao contr\u00e1rio dos b\u00f4nus promocode, este cashback n\u00e3o pode ser retirado; no entanto, ele pode ser reinvestido em apostas ou giros de ca\u00e7a-n\u00edqueis para ajud\u00e1-lo a alcan\u00e7ar outra vit\u00f3ria.<\/p>\n\n\n\n<h2 class=\"wp-block-heading\"><span class=\"ez-toc-section\" id=\"How_to_Enter_a_Promo_Code_in_1win_LuckyJet\"><\/span>Como inserir um c\u00f3digo promocional em 1win LuckyJet<span class=\"ez-toc-section-end\"><\/span><\/h2>\n\n\n\n<p>Para certos usu\u00e1rios, eles podem ter dificuldade em aplicar seu c\u00f3digo promocional devido a uma etapa ignorada durante o registro.<\/p>\n\n\n\n<p>Posteriormente, se a ativa\u00e7\u00e3o n\u00e3o funcionar corretamente, \u00e9 essencial que os jogadores mais novos prestem muita aten\u00e7\u00e3o e garantam o seu bom funcionamento.<\/p>\n\n\n\n<p>Para utilizar corretamente seu promoc\u00f3digo, siga estes passos:<\/p>\n\n\n\n<ol class=\"wp-block-list\">\n<li>Lan\u00e7ar a p\u00e1gina inicial do site oficial do cassino.<\/li>\n\n\n\n<li>Para acesso ao registro ou login, clique no bot\u00e3o correspondente.<\/li>\n\n\n\n<li>Preencha os campos relevantes e certifique-se de inserir o c\u00f3digo do cupom fornecido\".<strong>LUCKY4444<\/strong>&#8220;.<\/li>\n\n\n\n<li>Para verificar os dados que foram fornecidos, siga o link enviado para seu endere\u00e7o de e-mail.<\/li>\n<\/ol>\n\n\n<div class=\"wp-block-image\">\n<figure class=\"aligncenter\"><a href=\"#go\" data-go=\"go\"><img decoding=\"async\" width=\"958\" height=\"424\" src=\"https:\/\/luckyjet-games.com\/wp-content\/uploads\/2022\/12\/Lucky-Jet-Promo-Code.jpg\" alt=\"Lucky Jet C\u00f3digo Promocional\" class=\"wp-image-254\" srcset=\"https:\/\/luckyjet-games.com\/wp-content\/uploads\/2022\/12\/Lucky-Jet-Promo-Code.jpg 958w, https:\/\/luckyjet-games.com\/wp-content\/uploads\/2022\/12\/Lucky-Jet-Promo-Code-300x133.jpg 300w, https:\/\/luckyjet-games.com\/wp-content\/uploads\/2022\/12\/Lucky-Jet-Promo-Code-768x340.jpg 768w, https:\/\/luckyjet-games.com\/wp-content\/uploads\/2022\/12\/Lucky-Jet-Promo-Code-18x8.jpg 18w, https:\/\/luckyjet-games.com\/wp-content\/uploads\/2022\/12\/Lucky-Jet-Promo-Code-90x40.jpg 90w, https:\/\/luckyjet-games.com\/wp-content\/uploads\/2022\/12\/Lucky-Jet-Promo-Code-72x32.jpg 72w, https:\/\/luckyjet-games.com\/wp-content\/uploads\/2022\/12\/Lucky-Jet-Promo-Code-181x80.jpg 181w, https:\/\/luckyjet-games.com\/wp-content\/uploads\/2022\/12\/Lucky-Jet-Promo-Code-305x135.jpg 305w\" sizes=\"(max-width: 958px) 100vw, 958px\" \/><\/a><figcaption class=\"wp-element-caption\">Lucky Jet C\u00f3digo Promocional<\/figcaption><\/figure>\n<\/div>\n\n\n<div style=\"text-align: center;\"><a class=\"glow-button-new\" href=\"#go\" data-go=\"go\">Promocode Lucky Jet \ud83c\udf81<\/a><\/div>\n\n\n\n<h2 class=\"wp-block-heading\"><span class=\"ez-toc-section\" id=\"What_Does_the_Promo_Code_Give_in_Lucky_Jet_1win\"><\/span>O que o C\u00f3digo Promocional d\u00e1 no Lucky Jet 1win<span class=\"ez-toc-section-end\"><\/span><\/h2>\n\n\n\n<p>Aplicar o c\u00f3digo em sua conta d\u00e1 aos novatos um qu\u00edntuplo das chances de usar os fundos, dando-lhes assim um espa\u00e7o muito necess\u00e1rio para o autoaperfei\u00e7oamento e aprimoramento de suas habilidades dentro de um ambiente realista. Isto n\u00e3o apenas amplia suas perspectivas de desenvolvimento, mas tamb\u00e9m assegura uma base s\u00f3lida em jogos competitivos.<\/p>\n\n\n\n<p>O Lucky Jet oferece uma gama de b\u00f4nus, incluindo dep\u00f3sitos multiplicados que s\u00f3 podem ser usados em jogos e ca\u00e7a-n\u00edqueis selecionados. Os jogadores devem apostar pelo menos 1,5 vezes o valor do dep\u00f3sito original para aproveitar essas recompensas; no entanto, quaisquer ganhos provenientes do jogo com esse dinheiro de b\u00f4nus podem ent\u00e3o ser enviados diretamente para sua conta banc\u00e1ria ou carteira digital sem restri\u00e7\u00f5es.<\/p>\n\n\n\n<p>Assim que o c\u00f3digo for ativado com sucesso, voc\u00ea poder\u00e1 ver quando ele expira e come\u00e7ar a planejar como aproveitar ao m\u00e1ximo seu dep\u00f3sito antes dessa data. Para maximizar suas apostas nos slots, tome tempo para considerar cuidadosamente quando - e com que freq\u00fc\u00eancia - voc\u00ea deve utilizar esses fundos.<\/p>\n<div class=\"author-card author-card--top\"><img alt='Foto Avatar' src='https:\/\/luckyjet-games.com\/wp-content\/uploads\/2023\/03\/Chris-Hodge-130x130.jpg' srcset='https:\/\/luckyjet-games.com\/wp-content\/uploads\/2023\/03\/Chris-Hodge-260x260.jpg 2x' class='avatar avatar-130 photo author-image' height='130' width='130' \/><div class=\"author-content text-md-center\"><span class=\"author-title\">Autor<\/span><a href=\"https:\/\/luckyjet-games.com\/pt\/author\/chris-hodge\/\" class=\"author-name\">Chris Hodge<\/a><p class=\"author__details\">Chris Hodge \u00e9 um especialista em jogos de azar. Ele joga e estuda jogos de cassino h\u00e1 mais de 10 anos. Naquele tempo, ele desenvolveu uma compreens\u00e3o \u00edntima das estrat\u00e9gias e mec\u00e2nica por tr\u00e1s de cada jogo no cassino.<br \/>\r\n<br \/>\r\nO conhecimento e a experi\u00eancia de Chris lhe deram um lugar como colaborador regular em v\u00e1rias publica\u00e7\u00f5es de ponta sobre jogos de azar. Ele tamb\u00e9m \u00e9 freq\u00fcentemente chamado pelos cassinos para fornecer conselhos especializados sobre novos jogos e promo\u00e7\u00f5es.<\/p><\/div><!-- \/.author-content --><\/div>","protected":false},"excerpt":{"rendered":"<p>Obtenha o b\u00f4nus Lucky Jet \ud83c\udf81 Ofere\u00e7a a sua chance de come\u00e7ar o jogo com c\u00f3digos introdut\u00f3rios, mas saiba que eles s\u00e3o v\u00e1lidos apenas por um curto per\u00edodo de tempo ap\u00f3s a cria\u00e7\u00e3o de uma conta. Assim que voc\u00ea fizer login, um cron\u00f4metro come\u00e7ar\u00e1 a contar o tempo restante dessa oferta \u00fanica na vida! Para aproveitar [...]<\/p>","protected":false},"author":2,"featured_media":0,"parent":0,"menu_order":0,"comment_status":"closed","ping_status":"closed","template":"page-no-sidebar.php","meta":{"_acf_changed":false,"footnotes":""},"class_list":["post-250","page","type-page","status-publish","hentry"],"acf":[],"yoast_head":"<!-- This site is optimized with the Yoast SEO plugin v26.7 - https:\/\/yoast.com\/wordpress\/plugins\/seo\/ -->\n<title>Lucky Jet promo code 1win | How to use the promocode Lucky Jet Game<\/title>\n<meta name=\"description\" content=\"Lucky Jet Promo Code and Bonus at 1Win Casino. How to Activate and Where to Find Bonus Code Lucky Jet Game? Luckyjet Bonus Voucher - Get your Reward.\" \/>\n<meta name=\"robots\" content=\"index, follow, max-snippet:-1, max-image-preview:large, max-video-preview:-1\" \/>\n<link rel=\"canonical\" href=\"https:\/\/luckyjet-games.com\/pt\/lucky-jet-promo-code\/\" \/>\n<meta property=\"og:locale\" content=\"pt_BR\" \/>\n<meta property=\"og:type\" content=\"article\" \/>\n<meta property=\"og:title\" content=\"Lucky Jet promo code 1win | How to use the promocode Lucky Jet Game\" \/>\n<meta property=\"og:description\" content=\"Lucky Jet Promo Code and Bonus at 1Win Casino. How to Activate and Where to Find Bonus Code Lucky Jet Game? Luckyjet Bonus Voucher - Get your Reward.\" \/>\n<meta property=\"og:url\" content=\"https:\/\/luckyjet-games.com\/pt\/lucky-jet-promo-code\/\" \/>\n<meta property=\"og:site_name\" content=\"Lucky Jet Games\" \/>\n<meta property=\"article:modified_time\" content=\"2024-03-13T19:00:42+00:00\" \/>\n<meta property=\"og:image\" content=\"https:\/\/luckyjet-games.com\/wp-content\/uploads\/2023\/04\/LUCKY4444-1024x1024.jpg\" \/>\n<meta name=\"twitter:card\" content=\"summary_large_image\" \/>\n<meta name=\"twitter:label1\" content=\"Est. tempo de leitura\" \/>\n\t<meta name=\"twitter:data1\" content=\"5 minutos\" \/>\n<!-- \/ Yoast SEO plugin. -->","yoast_head_json":{"title":"Lucky Jet c\u00f3digo promocional 1win | Como usar o promoc\u00f3digo Lucky Jet Jogo","description":"Lucky Jet C\u00f3digo Promocional e B\u00f4nus no 1Win Casino. Como Ativar e Onde Encontrar o C\u00f3digo de B\u00f4nus do Lucky Jet Jogo? Luckyjet Bonus Voucher - Receba seu pr\u00eamio.","robots":{"index":"index","follow":"follow","max-snippet":"max-snippet:-1","max-image-preview":"max-image-preview:large","max-video-preview":"max-video-preview:-1"},"canonical":"https:\/\/luckyjet-games.com\/pt\/lucky-jet-promo-code\/","og_locale":"pt_BR","og_type":"article","og_title":"Lucky Jet promo code 1win | How to use the promocode Lucky Jet Game","og_description":"Lucky Jet Promo Code and Bonus at 1Win Casino. How to Activate and Where to Find Bonus Code Lucky Jet Game? Luckyjet Bonus Voucher - Get your Reward.","og_url":"https:\/\/luckyjet-games.com\/pt\/lucky-jet-promo-code\/","og_site_name":"Lucky Jet Games","article_modified_time":"2024-03-13T19:00:42+00:00","og_image":[{"url":"https:\/\/luckyjet-games.com\/wp-content\/uploads\/2023\/04\/LUCKY4444-1024x1024.jpg","type":"","width":"","height":""}],"twitter_card":"summary_large_image","twitter_misc":{"Est. tempo de leitura":"5 minutos"},"schema":{"@context":"https:\/\/schema.org","@graph":[{"@type":"WebPage","@id":"https:\/\/luckyjet-games.com\/lucky-jet-promo-code\/","url":"https:\/\/luckyjet-games.com\/lucky-jet-promo-code\/","name":"Lucky Jet c\u00f3digo promocional 1win | Como usar o promoc\u00f3digo Lucky Jet Jogo","isPartOf":{"@id":"https:\/\/luckyjet-games.com\/de\/#website"},"primaryImageOfPage":{"@id":"https:\/\/luckyjet-games.com\/lucky-jet-promo-code\/#primaryimage"},"image":{"@id":"https:\/\/luckyjet-games.com\/lucky-jet-promo-code\/#primaryimage"},"thumbnailUrl":"https:\/\/luckyjet-games.com\/wp-content\/uploads\/2023\/04\/LUCKY4444-1024x1024.jpg","datePublished":"2022-12-20T11:11:31+00:00","dateModified":"2024-03-13T19:00:42+00:00","description":"Lucky Jet C\u00f3digo Promocional e B\u00f4nus no 1Win Casino. Como Ativar e Onde Encontrar o C\u00f3digo de B\u00f4nus do Lucky Jet Jogo? Luckyjet Bonus Voucher - Receba seu pr\u00eamio.","breadcrumb":{"@id":"https:\/\/luckyjet-games.com\/lucky-jet-promo-code\/#breadcrumb"},"inLanguage":"pt-BR","potentialAction":[{"@type":"ReadAction","target":["https:\/\/luckyjet-games.com\/lucky-jet-promo-code\/"]}]},{"@type":"ImageObject","inLanguage":"pt-BR","@id":"https:\/\/luckyjet-games.com\/lucky-jet-promo-code\/#primaryimage","url":"https:\/\/luckyjet-games.com\/wp-content\/uploads\/2023\/04\/LUCKY4444-1024x1024.jpg","contentUrl":"https:\/\/luckyjet-games.com\/wp-content\/uploads\/2023\/04\/LUCKY4444-1024x1024.jpg"},{"@type":"BreadcrumbList","@id":"https:\/\/luckyjet-games.com\/lucky-jet-promo-code\/#breadcrumb","itemListElement":[{"@type":"ListItem","position":1,"name":"Home","item":"https:\/\/luckyjet-games.com\/"},{"@type":"ListItem","position":2,"name":"Lucky Jet Promo Code and Bonus"}]},{"@type":"WebSite","@id":"https:\/\/luckyjet-games.com\/de\/#website","url":"https:\/\/luckyjet-games.com\/de\/","name":"Jogos Lucky Jet","description":"","publisher":{"@id":"https:\/\/luckyjet-games.com\/de\/#organization"},"potentialAction":[{"@type":"SearchAction","target":{"@type":"EntryPoint","urlTemplate":"https:\/\/luckyjet-games.com\/de\/?s={search_term_string}"},"query-input":{"@type":"PropertyValueSpecification","valueRequired":true,"valueName":"search_term_string"}}],"inLanguage":"pt-BR"},{"@type":"Organization","@id":"https:\/\/luckyjet-games.com\/de\/#organization","name":"Jogos Lucky Jet","url":"https:\/\/luckyjet-games.com\/de\/","logo":{"@type":"ImageObject","inLanguage":"pt-BR","@id":"https:\/\/luckyjet-games.com\/de\/#\/schema\/logo\/image\/","url":"https:\/\/luckyjet-games.com\/wp-content\/uploads\/2022\/10\/Lucky-Jet-Game.png","contentUrl":"https:\/\/luckyjet-games.com\/wp-content\/uploads\/2022\/10\/Lucky-Jet-Game.png","width":711,"height":599,"caption":"Lucky Jet Games"},"image":{"@id":"https:\/\/luckyjet-games.com\/de\/#\/schema\/logo\/image\/"}}]}},"_links":{"self":[{"href":"https:\/\/luckyjet-games.com\/pt\/wp-json\/wp\/v2\/pages\/250","targetHints":{"allow":["GET"]}}],"collection":[{"href":"https:\/\/luckyjet-games.com\/pt\/wp-json\/wp\/v2\/pages"}],"about":[{"href":"https:\/\/luckyjet-games.com\/pt\/wp-json\/wp\/v2\/types\/page"}],"author":[{"embeddable":true,"href":"https:\/\/luckyjet-games.com\/pt\/wp-json\/wp\/v2\/users\/2"}],"replies":[{"embeddable":true,"href":"https:\/\/luckyjet-games.com\/pt\/wp-json\/wp\/v2\/comments?post=250"}],"version-history":[{"count":0,"href":"https:\/\/luckyjet-games.com\/pt\/wp-json\/wp\/v2\/pages\/250\/revisions"}],"wp:attachment":[{"href":"https:\/\/luckyjet-games.com\/pt\/wp-json\/wp\/v2\/media?parent=250"}],"curies":[{"name":"wp","href":"https:\/\/api.w.org\/{rel}","templated":true}]}}