{"id":16,"date":"2022-10-07T12:25:17","date_gmt":"2022-10-07T12:25:17","guid":{"rendered":"https:\/\/luckyjet-games.com\/?page_id=16"},"modified":"2024-03-12T18:08:58","modified_gmt":"2024-03-12T18:08:58","slug":"reviews-of-players-about-lucky-jet-game","status":"publish","type":"page","link":"https:\/\/luckyjet-games.com\/pt\/reviews-lucky-jet-game\/","title":{"rendered":"Opini\u00f5es de jogadores sobre o jogo Lucky Jet"},"content":{"rendered":"<p>Nosso website oferece an\u00e1lises precisas e perspicazes de v\u00e1rios agentes competitivos do <a href=\"https:\/\/luckyjet-games.com\/pt\/\">jogo Lucky Jet<\/a>.<\/p>\n<div style=\"text-align: center;\"><a class=\"glow-button\" href=\"#go\" data-go=\"go\">Jogue o jogo Lucky Jet<\/a><\/div>\n<div id=\"attachment_33\" style=\"width: 994px\" class=\"wp-caption aligncenter\"><a href=\"#go\" data-go=\"go\"><img decoding=\"async\" aria-describedby=\"caption-attachment-33\" class=\"wp-image-33 size-large\" title=\"Lucky Jet Revis\u00f5es\" src=\"https:\/\/luckyjet-games.com\/wp-content\/uploads\/2022\/10\/Jucky-Jet-Game-1024x532.jpg\" alt=\"Lucky Jet Revis\u00f5es\" width=\"994\" height=\"516\" srcset=\"https:\/\/luckyjet-games.com\/wp-content\/uploads\/2022\/10\/Jucky-Jet-Game-1024x532.jpg 1024w, https:\/\/luckyjet-games.com\/wp-content\/uploads\/2022\/10\/Jucky-Jet-Game-300x156.jpg 300w, https:\/\/luckyjet-games.com\/wp-content\/uploads\/2022\/10\/Jucky-Jet-Game-768x399.jpg 768w, https:\/\/luckyjet-games.com\/wp-content\/uploads\/2022\/10\/Jucky-Jet-Game-77x40.jpg 77w, https:\/\/luckyjet-games.com\/wp-content\/uploads\/2022\/10\/Jucky-Jet-Game-62x32.jpg 62w, https:\/\/luckyjet-games.com\/wp-content\/uploads\/2022\/10\/Jucky-Jet-Game-154x80.jpg 154w, https:\/\/luckyjet-games.com\/wp-content\/uploads\/2022\/10\/Jucky-Jet-Game-260x135.jpg 260w, https:\/\/luckyjet-games.com\/wp-content\/uploads\/2022\/10\/Jucky-Jet-Game.jpg 1089w\" sizes=\"(max-width: 994px) 100vw, 994px\" \/><\/a><p id=\"caption-attachment-33\" class=\"wp-caption-text\">Lucky Jet Revis\u00f5es<\/p><\/div>\n        <section class=\"sc_fs_faq sc_card\">\n            <div>\n\t\t\t\t<div id=\"ez-toc-container\" class=\"ez-toc-v2_0_75 counter-hierarchy ez-toc-counter ez-toc-grey ez-toc-container-direction\">\n<div class=\"ez-toc-title-container\">\n<p class=\"ez-toc-title\" style=\"cursor:inherit\">\u00cdndice<\/p>\n<span class=\"ez-toc-title-toggle\"><a href=\"#\" class=\"ez-toc-pull-right ez-toc-btn ez-toc-btn-xs ez-toc-btn-default ez-toc-toggle\" aria-label=\"Alternar tabela de conte\u00fado\"><span class=\"ez-toc-js-icon-con\"><span class=\"\"><span class=\"eztoc-hide\" style=\"display:none;\">Alternar<\/span><span class=\"ez-toc-icon-toggle-span\"><svg style=\"fill: #999;color:#999\" xmlns=\"http:\/\/www.w3.org\/2000\/svg\" class=\"list-377408\" width=\"20px\" height=\"20px\" viewbox=\"0 0 24 24\" fill=\"none\"><path d=\"M6 6H4v2h2V6zm14 0H8v2h12V6zM4 11h2v2H4v-2zm16 0H8v2h12v-2zM4 16h2v2H4v-2zm16 0H8v2h12v-2z\" fill=\"currentColor\"><\/path><\/svg><svg style=\"fill: #999;color:#999\" class=\"arrow-unsorted-368013\" xmlns=\"http:\/\/www.w3.org\/2000\/svg\" width=\"10px\" height=\"10px\" viewbox=\"0 0 24 24\" version=\"1.2\" baseprofile=\"tiny\"><path d=\"M18.2 9.3l-6.2-6.3-6.2 6.3c-.2.2-.3.4-.3.7s.1.5.3.7c.2.2.4.3.7.3h11c.3 0 .5-.1.7-.3.2-.2.3-.5.3-.7s-.1-.5-.3-.7zM5.8 14.7l6.2 6.3 6.2-6.3c.2-.2.3-.5.3-.7s-.1-.5-.3-.7c-.2-.2-.4-.3-.7-.3h-11c-.3 0-.5.1-.7.3-.2.2-.3.5-.3.7s.1.5.3.7z\"\/><\/svg><\/span><\/span><\/span><\/a><\/span><\/div>\n<nav><ul class='ez-toc-list ez-toc-list-level-1 eztoc-toggle-hide-by-default' ><li class='ez-toc-page-1 ez-toc-heading-level-3'><a class=\"ez-toc-link ez-toc-heading-1\" href=\"https:\/\/luckyjet-games.com\/pt\/reviews-lucky-jet-game\/#Max\" >Max<\/a><\/li><li class='ez-toc-page-1 ez-toc-heading-level-3'><a class=\"ez-toc-link ez-toc-heading-2\" href=\"https:\/\/luckyjet-games.com\/pt\/reviews-lucky-jet-game\/#Maria\" >Maria<\/a><\/li><li class='ez-toc-page-1 ez-toc-heading-level-3'><a class=\"ez-toc-link ez-toc-heading-3\" href=\"https:\/\/luckyjet-games.com\/pt\/reviews-lucky-jet-game\/#Andrew\" >Andrew<\/a><\/li><li class='ez-toc-page-1 ez-toc-heading-level-3'><a class=\"ez-toc-link ez-toc-heading-4\" href=\"https:\/\/luckyjet-games.com\/pt\/reviews-lucky-jet-game\/#Sam\" >Sam<\/a><\/li><li class='ez-toc-page-1 ez-toc-heading-level-3'><a class=\"ez-toc-link ez-toc-heading-5\" href=\"https:\/\/luckyjet-games.com\/pt\/reviews-lucky-jet-game\/#Linda\" >Linda<\/a><\/li><li class='ez-toc-page-1 ez-toc-heading-level-3'><a class=\"ez-toc-link ez-toc-heading-6\" href=\"https:\/\/luckyjet-games.com\/pt\/reviews-lucky-jet-game\/#George\" >George<\/a><\/li><li class='ez-toc-page-1 ez-toc-heading-level-3'><a class=\"ez-toc-link ez-toc-heading-7\" href=\"https:\/\/luckyjet-games.com\/pt\/reviews-lucky-jet-game\/#John\" >John<\/a><\/li><li class='ez-toc-page-1 ez-toc-heading-level-3'><a class=\"ez-toc-link ez-toc-heading-8\" href=\"https:\/\/luckyjet-games.com\/pt\/reviews-lucky-jet-game\/#Mary\" >Maria<\/a><\/li><\/ul><\/nav><\/div>\n<h3><span class=\"ez-toc-section\" id=\"Max\"><\/span>Max<span class=\"ez-toc-section-end\"><\/span><\/h3>                <div>\n\t\t\t\t\t                    <p>\n\t\t\t\t\t\tEu sou um grande f\u00e3 do Lucky Jet. Anteriormente joguei Aviator e Crash. H\u00e1 algo de sovi\u00e9tico no primeiro, creio eu. Os f\u00e3s de jogos patri\u00f3ticos s\u00e3o fatiados ao meio no caminho para ele. O jogo \u00e9 bastante compreensivo em sua natureza.                    <\/p>\n                <\/div>\n            <\/div>\n        <\/section>\n\t\t        <section class=\"sc_fs_faq sc_card\">\n            <div>\n\t\t\t\t<h3><span class=\"ez-toc-section\" id=\"Maria\"><\/span>Maria<span class=\"ez-toc-section-end\"><\/span><\/h3>                <div>\n\t\t\t\t\t                    <p>\n\t\t\t\t\t\tAcho que a melhor caracter\u00edstica dos jogos de travamento Lucky Jet \u00e9 o algoritmo. Eu verifiquei minuciosamente a legitimidade v\u00e1rias vezes antes de me comprometer a jogar com dinheiro real. Todas as provas correspondem, n\u00e3o h\u00e1 trapa\u00e7a acontecendo.                    <\/p>\n                <\/div>\n            <\/div>\n        <\/section>\n\t\t        <section class=\"sc_fs_faq sc_card\">\n            <div>\n\t\t\t\t<h3><span class=\"ez-toc-section\" id=\"Andrew\"><\/span>Andrew<span class=\"ez-toc-section-end\"><\/span><\/h3>                <div>\n\t\t\t\t\t                    <p>\n\t\t\t\t\t\tEste \u00e9 meu jogo favorito. Posso ganhar muito dinheiro com ele e n\u00e3o tenho que me esfor\u00e7ar muito.                    <\/p>\n                <\/div>\n            <\/div>\n        <\/section>\n\t\t        <section class=\"sc_fs_faq sc_card\">\n            <div>\n\t\t\t\t<h3><span class=\"ez-toc-section\" id=\"Sam\"><\/span>Sam<span class=\"ez-toc-section-end\"><\/span><\/h3>                <div>\n\t\t\t\t\t                    <p>\n\t\t\t\t\t\tNotei algo estranho, mas h\u00e1 muito tempo estou jogando. A maioria das vezes, no Lucky Jet, eu ganho. Quando olho para as classifica\u00e7\u00f5es dos jogadores, vejo que mais da metade das 20-30 pessoas conseguem retirar seu dinheiro antes do Lucky Joe decolar. Algu\u00e9m ganha uma quantia dupla; algu\u00e9m ganha dez vezes mais; no entanto, n\u00e3o \u00e9 muito comum. Muitos jogadores que apostam x2 ou x3 est\u00e3o quase sempre em lucros. Isso diz muito para mim.                    <\/p>\n                <\/div>\n            <\/div>\n        <\/section>\n\t\t        <section class=\"sc_fs_faq sc_card\">\n            <div>\n\t\t\t\t<h3><span class=\"ez-toc-section\" id=\"Linda\"><\/span>Linda<span class=\"ez-toc-section-end\"><\/span><\/h3>                <div>\n\t\t\t\t\t                    <p>\n\t\t\t\t\t\tEu adoro este jogo. \u00c9 f\u00e1cil de jogar e as recompensas s\u00e3o \u00f3timas.                    <\/p>\n                <\/div>\n            <\/div>\n        <\/section>\n\t\t        <section class=\"sc_fs_faq sc_card\">\n            <div>\n\t\t\t\t<h3><span class=\"ez-toc-section\" id=\"George\"><\/span>George<span class=\"ez-toc-section-end\"><\/span><\/h3>                <div>\n\t\t\t\t\t                    <p>\n\t\t\t\t\t\tEu li uma tonelada de artigos sobre estrat\u00e9gias de apostas em jogos de cassino. Apliquei a t\u00e1tica e a estrat\u00e9gia ao meu pr\u00f3prio jogo, mas acabei perdendo mais dinheiro do que alguma vez perdi. Em qualquer jogo, voc\u00ea precisa ser cauteloso e consciente o tempo todo. Voc\u00ea pode usar a estrat\u00e9gia que quiser, mas no final, voc\u00ea \u00e9 o \u00fanico que est\u00e1 no controle. Um exemplo simples: Usei probabilidades x1,1 ao fazer uma grande aposta e programei o saque autom\u00e1tico por 1x esse valor se eu ganhasse . Imagine minha surpresa quando o coeficiente voou a 1 tr\u00eas vezes seguidas! Eu perdi 300 d\u00f3lares. Acontece que o algoritmo frequentemente desliga aqueles que permanecem nele com apostas excessivamente altas. Ent\u00e3o, decidi tomar o controle de meu pr\u00f3prio destino. Durante muitos meses, eu estava ganhando dinheiro de seguida. Mas - ficar alerta e jogar cautelosamente.                    <\/p>\n                <\/div>\n            <\/div>\n        <\/section>\n\t\t        <section class=\"sc_fs_faq sc_card\">\n            <div>\n\t\t\t\t<h3><span class=\"ez-toc-section\" id=\"John\"><\/span>John<span class=\"ez-toc-section-end\"><\/span><\/h3>                <div>\n\t\t\t\t\t                    <p>\n\t\t\t\t\t\tAp\u00f3s ler sobre as estrat\u00e9gias e dicas do Lucky Jet, decidi experiment\u00e1-lo em um cassino online. Achei o jogo muito f\u00e1cil de jogar e ganhei muito dinheiro com ele. Eu definitivamente recomendaria este jogo a qualquer pessoa que esteja procurando uma maneira f\u00e1cil de ganhar dinheiro.                    <\/p>\n                <\/div>\n            <\/div>\n        <\/section>\n\t\t        <section class=\"sc_fs_faq sc_card\">\n            <div>\n\t\t\t\t<h3><span class=\"ez-toc-section\" id=\"Mary\"><\/span>Maria<span class=\"ez-toc-section-end\"><\/span><\/h3>                <div>\n\t\t\t\t\t                    <p>\n\t\t\t\t\t\tJoguei Lucky Jet em um cassino online 1Win e ganhei muito dinheiro fazendo isso. Eu recomendo de todo cora\u00e7\u00e3o este jogo a qualquer pessoa que procure um m\u00e9todo sem esfor\u00e7o para ganhar algum dinheiro.                    <\/p>\n                <\/div>\n            <\/div>\n        <\/section>\n\t\t\n<script type=\"application\/ld+json\">{\n    \"@context\": \"https:\\\/\\\/schema.org\",\n    \"@type\": \"FAQPage\",\n    \"mainEntity\": [\n        {\n            \"@type\": \"Question\",\n            \"name\": \"Max\",\n            \"acceptedAnswer\": {\n                \"@type\": \"Answer\",\n                \"text\": \"I'm a big fan of Lucky Jet. I previously played Aviator and Crash. There's something Soviet about the first one, I believe. Fans of patriotic games are sliced in half on the road to it. The game is quite grasping in its nature.\"\n            }\n        },\n        {\n            \"@type\": \"Question\",\n            \"name\": \"Maria\",\n            \"acceptedAnswer\": {\n                \"@type\": \"Answer\",\n                \"text\": \"I think that the best feature of Lucky Jet crash games is the algorithm. I thoroughly checked it for legitimacy several times before committing to playing with real money. All proof matches up there's no cheating going on.\"\n            }\n        },\n        {\n            \"@type\": \"Question\",\n            \"name\": \"Andrew\",\n            \"acceptedAnswer\": {\n                \"@type\": \"Answer\",\n                \"text\": \"This is my favorite game. I can make a lot of money with it and I don't have to put in much effort.\"\n            }\n        },\n        {\n            \"@type\": \"Question\",\n            \"name\": \"Sam\",\n            \"acceptedAnswer\": {\n                \"@type\": \"Answer\",\n                \"text\": \"I noticed something odd, but I've been playing for a long time. The majority of the time, at Lucky Jet, I win. When I look at the ratings of players, I see that more than half of 20-30 people are able to withdraw their money before Lucky Joe takes off. Someone wins a double amount; someone wins ten times more; yet it's not very common. Many players who wager x2 or x3 are almost always in profits. It says much to me.\"\n            }\n        },\n        {\n            \"@type\": \"Question\",\n            \"name\": \"Linda\",\n            \"acceptedAnswer\": {\n                \"@type\": \"Answer\",\n                \"text\": \"I love this game. It's easy to play and the rewards are great.\"\n            }\n        },\n        {\n            \"@type\": \"Question\",\n            \"name\": \"George\",\n            \"acceptedAnswer\": {\n                \"@type\": \"Answer\",\n                \"text\": \"I read a ton of articles on betting strategies for casino games. I applied the tactics and strategy to my own playing, but ended up losing more money than I ever have before. In any game, you need to be cautious and aware at all times. You can use whatever strategy you want, but in the end, you are the only one who is in control. A simple example: I used x1.1 odds when making a big bet and programmed the automatic withdrawal for 1x that amount if I won . Imagine my surprise when the coefficient flew out at 1 three times in a row! I lost 300 bucks. It turns out that the algorithm frequently shuts off those who linger on it at excessively high stakes. Then I decided to take control of my own destiny. For many months, I was making money in a row. But - stay alert and play cautiously.\"\n            }\n        },\n        {\n            \"@type\": \"Question\",\n            \"name\": \"John\",\n            \"acceptedAnswer\": {\n                \"@type\": \"Answer\",\n                \"text\": \"After reading about the strategies and tips of Lucky Jet, I decided to try it out in an online casino. I found the game to be very easy to play and I won a lot of money with it. I would definitely recommend this game to anyone who is looking for an easy way to make money.\"\n            }\n        },\n        {\n            \"@type\": \"Question\",\n            \"name\": \"Mary\",\n            \"acceptedAnswer\": {\n                \"@type\": \"Answer\",\n                \"text\": \"I played Lucky Jet at an 1Win online casino and I made a lot of money doing so. I wholeheartedly recommend this game to anyone seeking an effortless method of making some cash.\"\n            }\n        }\n    ]\n}<\/script>\n\n<div class=\"author-card author-card--top\"><img alt='Foto Avatar' src='https:\/\/luckyjet-games.com\/wp-content\/uploads\/2023\/03\/Chris-Hodge-130x130.jpg' srcset='https:\/\/luckyjet-games.com\/wp-content\/uploads\/2023\/03\/Chris-Hodge-260x260.jpg 2x' class='avatar avatar-130 photo author-image' height='130' width='130' \/><div class=\"author-content text-md-center\"><span class=\"author-title\">Autor<\/span><a href=\"https:\/\/luckyjet-games.com\/pt\/author\/chris-hodge\/\" class=\"author-name\">Chris Hodge<\/a><p class=\"author__details\">Chris Hodge \u00e9 um especialista em jogos de azar. Ele joga e estuda jogos de cassino h\u00e1 mais de 10 anos. Naquele tempo, ele desenvolveu uma compreens\u00e3o \u00edntima das estrat\u00e9gias e mec\u00e2nica por tr\u00e1s de cada jogo no cassino.<br \/>\r\n<br \/>\r\nO conhecimento e a experi\u00eancia de Chris lhe deram um lugar como colaborador regular em v\u00e1rias publica\u00e7\u00f5es de ponta sobre jogos de azar. Ele tamb\u00e9m \u00e9 freq\u00fcentemente chamado pelos cassinos para fornecer conselhos especializados sobre novos jogos e promo\u00e7\u00f5es.<\/p><\/div><!-- \/.author-content --><\/div>","protected":false},"excerpt":{"rendered":"<p>Nosso site fornece an\u00e1lises precisas e perspicazes de v\u00e1rios jogadores competitivos do jogo Lucky Jet. Jogar Lucky Jet Autor do jogoChris HodgeChris Hodge \u00e9 um especialista em jogos de azar. Ele joga e estuda jogos de cassino h\u00e1 mais de 10 anos. Nesse tempo, ele desenvolveu uma compreens\u00e3o \u00edntima das estrat\u00e9gias e mec\u00e2nicas por tr\u00e1s [\u2026]<\/p>","protected":false},"author":2,"featured_media":0,"parent":0,"menu_order":0,"comment_status":"closed","ping_status":"closed","template":"page-no-sidebar.php","meta":{"_acf_changed":false,"footnotes":""},"class_list":["post-16","page","type-page","status-publish","hentry"],"acf":[],"yoast_head":"<!-- This site is optimized with the Yoast SEO plugin v26.7 - https:\/\/yoast.com\/wordpress\/plugins\/seo\/ -->\n<title>Reviews from Real Players about Lucky Jet Game - Feedback<\/title>\n<meta name=\"description\" content=\"Reviews from real players about game Lucky Jet Game \ud83d\ude80 What you need to know about game Lucky Jet. Gamblers opinion and Recomendations\" \/>\n<meta name=\"robots\" content=\"index, follow, max-snippet:-1, max-image-preview:large, max-video-preview:-1\" \/>\n<link rel=\"canonical\" href=\"https:\/\/luckyjet-games.com\/pt\/reviews-lucky-jet-game\/\" \/>\n<meta property=\"og:locale\" content=\"pt_BR\" \/>\n<meta property=\"og:type\" content=\"article\" \/>\n<meta property=\"og:title\" content=\"Reviews from Real Players about Lucky Jet Game - Feedback\" \/>\n<meta property=\"og:description\" content=\"Reviews from real players about game Lucky Jet Game \ud83d\ude80 What you need to know about game Lucky Jet. Gamblers opinion and Recomendations\" \/>\n<meta property=\"og:url\" content=\"https:\/\/luckyjet-games.com\/pt\/reviews-lucky-jet-game\/\" \/>\n<meta property=\"og:site_name\" content=\"Lucky Jet Games\" \/>\n<meta property=\"article:modified_time\" content=\"2024-03-12T18:08:58+00:00\" \/>\n<meta property=\"og:image\" content=\"https:\/\/luckyjet-games.com\/wp-content\/uploads\/2022\/10\/Jucky-Jet-Game-1024x532.jpg\" \/>\n<meta name=\"twitter:card\" content=\"summary_large_image\" \/>\n<meta name=\"twitter:label1\" content=\"Est. tempo de leitura\" \/>\n\t<meta name=\"twitter:data1\" content=\"3 minutos\" \/>\n<!-- \/ Yoast SEO plugin. -->","yoast_head_json":{"title":"Coment\u00e1rios de Real Players sobre o jogo Lucky Jet - Feedback","description":"Coment\u00e1rios de jogadores reais sobre o jogo Lucky Jet \ud83d\ude80 O que voc\u00ea precisa saber sobre o jogo Lucky Jet. Opini\u00e3o e recomenda\u00e7\u00f5es dos jogadores","robots":{"index":"index","follow":"follow","max-snippet":"max-snippet:-1","max-image-preview":"max-image-preview:large","max-video-preview":"max-video-preview:-1"},"canonical":"https:\/\/luckyjet-games.com\/pt\/reviews-lucky-jet-game\/","og_locale":"pt_BR","og_type":"article","og_title":"Reviews from Real Players about Lucky Jet Game - Feedback","og_description":"Reviews from real players about game Lucky Jet Game \ud83d\ude80 What you need to know about game Lucky Jet. Gamblers opinion and Recomendations","og_url":"https:\/\/luckyjet-games.com\/pt\/reviews-lucky-jet-game\/","og_site_name":"Lucky Jet Games","article_modified_time":"2024-03-12T18:08:58+00:00","og_image":[{"url":"https:\/\/luckyjet-games.com\/wp-content\/uploads\/2022\/10\/Jucky-Jet-Game-1024x532.jpg","type":"","width":"","height":""}],"twitter_card":"summary_large_image","twitter_misc":{"Est. tempo de leitura":"3 minutos"},"schema":{"@context":"https:\/\/schema.org","@graph":[{"@type":"WebPage","@id":"https:\/\/luckyjet-games.com\/reviews-lucky-jet-game\/","url":"https:\/\/luckyjet-games.com\/reviews-lucky-jet-game\/","name":"Coment\u00e1rios de Real Players sobre o jogo Lucky Jet - Feedback","isPartOf":{"@id":"https:\/\/luckyjet-games.com\/de\/#website"},"primaryImageOfPage":{"@id":"https:\/\/luckyjet-games.com\/reviews-lucky-jet-game\/#primaryimage"},"image":{"@id":"https:\/\/luckyjet-games.com\/reviews-lucky-jet-game\/#primaryimage"},"thumbnailUrl":"https:\/\/luckyjet-games.com\/wp-content\/uploads\/2022\/10\/Jucky-Jet-Game-1024x532.jpg","datePublished":"2022-10-07T12:25:17+00:00","dateModified":"2024-03-12T18:08:58+00:00","description":"Coment\u00e1rios de jogadores reais sobre o jogo Lucky Jet \ud83d\ude80 O que voc\u00ea precisa saber sobre o jogo Lucky Jet. Opini\u00e3o e recomenda\u00e7\u00f5es dos jogadores","breadcrumb":{"@id":"https:\/\/luckyjet-games.com\/reviews-lucky-jet-game\/#breadcrumb"},"inLanguage":"pt-BR","potentialAction":[{"@type":"ReadAction","target":["https:\/\/luckyjet-games.com\/reviews-lucky-jet-game\/"]}]},{"@type":"ImageObject","inLanguage":"pt-BR","@id":"https:\/\/luckyjet-games.com\/reviews-lucky-jet-game\/#primaryimage","url":"https:\/\/luckyjet-games.com\/wp-content\/uploads\/2022\/10\/Jucky-Jet-Game-1024x532.jpg","contentUrl":"https:\/\/luckyjet-games.com\/wp-content\/uploads\/2022\/10\/Jucky-Jet-Game-1024x532.jpg"},{"@type":"BreadcrumbList","@id":"https:\/\/luckyjet-games.com\/reviews-lucky-jet-game\/#breadcrumb","itemListElement":[{"@type":"ListItem","position":1,"name":"Home","item":"https:\/\/luckyjet-games.com\/"},{"@type":"ListItem","position":2,"name":"Reviews of players about Lucky Jet Game"}]},{"@type":"WebSite","@id":"https:\/\/luckyjet-games.com\/de\/#website","url":"https:\/\/luckyjet-games.com\/de\/","name":"Jogos Lucky Jet","description":"","publisher":{"@id":"https:\/\/luckyjet-games.com\/de\/#organization"},"potentialAction":[{"@type":"SearchAction","target":{"@type":"EntryPoint","urlTemplate":"https:\/\/luckyjet-games.com\/de\/?s={search_term_string}"},"query-input":{"@type":"PropertyValueSpecification","valueRequired":true,"valueName":"search_term_string"}}],"inLanguage":"pt-BR"},{"@type":"Organization","@id":"https:\/\/luckyjet-games.com\/de\/#organization","name":"Jogos Lucky Jet","url":"https:\/\/luckyjet-games.com\/de\/","logo":{"@type":"ImageObject","inLanguage":"pt-BR","@id":"https:\/\/luckyjet-games.com\/de\/#\/schema\/logo\/image\/","url":"https:\/\/luckyjet-games.com\/wp-content\/uploads\/2022\/10\/Lucky-Jet-Game.png","contentUrl":"https:\/\/luckyjet-games.com\/wp-content\/uploads\/2022\/10\/Lucky-Jet-Game.png","width":711,"height":599,"caption":"Lucky Jet Games"},"image":{"@id":"https:\/\/luckyjet-games.com\/de\/#\/schema\/logo\/image\/"}}]}},"_links":{"self":[{"href":"https:\/\/luckyjet-games.com\/pt\/wp-json\/wp\/v2\/pages\/16","targetHints":{"allow":["GET"]}}],"collection":[{"href":"https:\/\/luckyjet-games.com\/pt\/wp-json\/wp\/v2\/pages"}],"about":[{"href":"https:\/\/luckyjet-games.com\/pt\/wp-json\/wp\/v2\/types\/page"}],"author":[{"embeddable":true,"href":"https:\/\/luckyjet-games.com\/pt\/wp-json\/wp\/v2\/users\/2"}],"replies":[{"embeddable":true,"href":"https:\/\/luckyjet-games.com\/pt\/wp-json\/wp\/v2\/comments?post=16"}],"version-history":[{"count":0,"href":"https:\/\/luckyjet-games.com\/pt\/wp-json\/wp\/v2\/pages\/16\/revisions"}],"wp:attachment":[{"href":"https:\/\/luckyjet-games.com\/pt\/wp-json\/wp\/v2\/media?parent=16"}],"curies":[{"name":"wp","href":"https:\/\/api.w.org\/{rel}","templated":true}]}}