{"id":60,"date":"2022-10-11T08:03:52","date_gmt":"2022-10-11T08:03:52","guid":{"rendered":"https:\/\/luckyjet-games.com\/?page_id=60"},"modified":"2024-03-12T18:07:28","modified_gmt":"2024-03-12T18:07:28","slug":"lucky-jet-predictor-apk-download","status":"publish","type":"page","link":"https:\/\/luckyjet-games.com\/pl\/lucky-jet-predictor-apk-download\/","title":{"rendered":"Lucky Jet Predictor \u2013 Najlepsza aplikacja na Android do pobrania"},"content":{"rendered":"<div style=\"text-align: center;\"><a class=\"glow-button\" href=\"#go\" data-go=\"go\">Zagraj w gr\u0119 Lucky Jet<\/a><\/div>\n<div id=\"attachment_33\" style=\"width: 924px\" class=\"wp-caption aligncenter\"><a href=\"#go\" data-go=\"go\"><img decoding=\"async\" aria-describedby=\"caption-attachment-33\" class=\"wp-image-33\" title=\"Lucky Jet Gra\" src=\"https:\/\/luckyjet-games.com\/wp-content\/uploads\/2022\/10\/Jucky-Jet-Game-1024x532.jpg\" alt=\"Lucky Jet Gra\" width=\"924\" height=\"480\" srcset=\"https:\/\/luckyjet-games.com\/wp-content\/uploads\/2022\/10\/Jucky-Jet-Game-1024x532.jpg 1024w, https:\/\/luckyjet-games.com\/wp-content\/uploads\/2022\/10\/Jucky-Jet-Game-300x156.jpg 300w, https:\/\/luckyjet-games.com\/wp-content\/uploads\/2022\/10\/Jucky-Jet-Game-768x399.jpg 768w, https:\/\/luckyjet-games.com\/wp-content\/uploads\/2022\/10\/Jucky-Jet-Game-77x40.jpg 77w, https:\/\/luckyjet-games.com\/wp-content\/uploads\/2022\/10\/Jucky-Jet-Game-62x32.jpg 62w, https:\/\/luckyjet-games.com\/wp-content\/uploads\/2022\/10\/Jucky-Jet-Game-154x80.jpg 154w, https:\/\/luckyjet-games.com\/wp-content\/uploads\/2022\/10\/Jucky-Jet-Game-260x135.jpg 260w, https:\/\/luckyjet-games.com\/wp-content\/uploads\/2022\/10\/Jucky-Jet-Game.jpg 1089w\" sizes=\"(max-width: 924px) 100vw, 924px\" \/><\/a><p id=\"caption-attachment-33\" class=\"wp-caption-text\">Lucky Jet Gra<\/p><\/div>\n<p>Chcesz zwi\u0119kszy\u0107 swoje szanse na wygran\u0105 w grze Lucky Jet? <a href=\"https:\/\/luckyjet-games.com\/pl\/\">Lucky Jet<\/a> Predictor to najwa\u017cniejsza aplikacja, kt\u00f3r\u0105 mo\u017cesz pobra\u0107 na sw\u00f3j telefon z systemem Android. Aby rozpocz\u0105\u0107, wystarczy urz\u0105dzenie z systemem Android 2.3 lub nowszym. Ka\u017cda wersja apk do pobrania dost\u0119pna jest bezpo\u015brednio przez Android Top \u2013 bezpiecznie i bez skomplikowanych proces\u00f3w. Co wi\u0119cej, Lucky Jet Predictor apk dzia\u0142a r\u00f3wnie\u017c na PC, je\u015bli korzystasz z emulatora Androida. Dzi\u0119ki temu mo\u017cesz korzysta\u0107 z narz\u0119dzia zar\u00f3wno na urz\u0105dzeniach mobilnych, jak i komputerach, bez \u017cadnych ogranicze\u0144<\/p>\n<div id=\"ez-toc-container\" class=\"ez-toc-v2_0_75 counter-hierarchy ez-toc-counter ez-toc-grey ez-toc-container-direction\">\n<div class=\"ez-toc-title-container\">\n<p class=\"ez-toc-title\" style=\"cursor:inherit\">Spis tre\u015bci<\/p>\n<span class=\"ez-toc-title-toggle\"><a href=\"#\" class=\"ez-toc-pull-right ez-toc-btn ez-toc-btn-xs ez-toc-btn-default ez-toc-toggle\" aria-label=\"Prze\u0142\u0105czanie spisu tre\u015bci\"><span class=\"ez-toc-js-icon-con\"><span class=\"\"><span class=\"eztoc-hide\" style=\"display:none;\">Toggle<\/span><span class=\"ez-toc-icon-toggle-span\"><svg style=\"fill: #999;color:#999\" xmlns=\"http:\/\/www.w3.org\/2000\/svg\" class=\"list-377408\" width=\"20px\" height=\"20px\" viewbox=\"0 0 24 24\" fill=\"none\"><path d=\"M6 6H4v2h2V6zm14 0H8v2h12V6zM4 11h2v2H4v-2zm16 0H8v2h12v-2zM4 16h2v2H4v-2zm16 0H8v2h12v-2z\" fill=\"currentColor\"><\/path><\/svg><svg style=\"fill: #999;color:#999\" class=\"arrow-unsorted-368013\" xmlns=\"http:\/\/www.w3.org\/2000\/svg\" width=\"10px\" height=\"10px\" viewbox=\"0 0 24 24\" version=\"1.2\" baseprofile=\"tiny\"><path d=\"M18.2 9.3l-6.2-6.3-6.2 6.3c-.2.2-.3.4-.3.7s.1.5.3.7c.2.2.4.3.7.3h11c.3 0 .5-.1.7-.3.2-.2.3-.5.3-.7s-.1-.5-.3-.7zM5.8 14.7l6.2 6.3 6.2-6.3c.2-.2.3-.5.3-.7s-.1-.5-.3-.7c-.2-.2-.4-.3-.7-.3h-11c-.3 0-.5.1-.7.3-.2.2-.3.5-.3.7s.1.5.3.7z\"\/><\/svg><\/span><\/span><\/span><\/a><\/span><\/div>\n<nav><ul class='ez-toc-list ez-toc-list-level-1 eztoc-toggle-hide-by-default' ><li class='ez-toc-page-1 ez-toc-heading-level-2'><a class=\"ez-toc-link ez-toc-heading-1\" href=\"https:\/\/luckyjet-games.com\/pl\/lucky-jet-predictor-apk-download\/#How_to_Download_Lucky_Jet_Predictor_for_Android\" >Jak pobra\u0107 aplikacj\u0119 Lucky Jet Predictor APK na Android?<\/a><\/li><li class='ez-toc-page-1 ez-toc-heading-level-2'><a class=\"ez-toc-link ez-toc-heading-2\" href=\"https:\/\/luckyjet-games.com\/pl\/lucky-jet-predictor-apk-download\/#How_to_Install_Lucky_Jet_Cheat_Predictor_APK_on_Windows\" >Lucky Jet Predictor APK na PC \u2013 jak zainstalowa\u0107 aplikacj\u0119 na Windows?<\/a><\/li><li class='ez-toc-page-1 ez-toc-heading-level-2'><a class=\"ez-toc-link ez-toc-heading-3\" href=\"https:\/\/luckyjet-games.com\/pl\/lucky-jet-predictor-apk-download\/#How_to_Hack_Lucky_Jet_Game\" >Jak zhakowa\u0107 gr\u0119 crash Lucky Jet i pobra\u0107 odpowiednie pliki?<\/a><\/li><li class='ez-toc-page-1 ez-toc-heading-level-2'><a class=\"ez-toc-link ez-toc-heading-4\" href=\"https:\/\/luckyjet-games.com\/pl\/lucky-jet-predictor-apk-download\/#How_to_Use_Lucky_Jet_Cheat_Predictor\" >Jak u\u017cywa\u0107 aplikacji Lucky Jet Predictor APK do gry crash?<\/a><\/li><li class='ez-toc-page-1 ez-toc-heading-level-2'><a class=\"ez-toc-link ez-toc-heading-5\" href=\"https:\/\/luckyjet-games.com\/pl\/lucky-jet-predictor-apk-download\/#What_is_Lucky_Jet_Signals_Telegram_and_How_its_work\" >Lucky Jet Signals \u2013 jak dzia\u0142a bot Telegram z informacjami o grze online?<\/a><\/li><li class='ez-toc-page-1 ez-toc-heading-level-2'><a class=\"ez-toc-link ez-toc-heading-6\" href=\"https:\/\/luckyjet-games.com\/pl\/lucky-jet-predictor-apk-download\/#Conclusion\" >Jak korzysta\u0107 z aplikacji Lucky Jet<\/a><\/li><\/ul><\/nav><\/div>\n<h2><span class=\"ez-toc-section\" id=\"How_to_Download_Lucky_Jet_Predictor_for_Android\"><\/span>Jak pobra\u0107 aplikacj\u0119 Lucky Jet Predictor APK na Android?<span class=\"ez-toc-section-end\"><\/span><\/h2>\n<ul>\n<li>Otw\u00f3rz Sklep Google Play na swoim urz\u0105dzeniu Android lub przejd\u017a do strony z plikiem apk do pobrania.<\/li>\n<li>Wpisz w wyszukiwark\u0119 fraz\u0119 \u201eLucky Jet Predictor\u201d, aby rozpocz\u0105\u0107 proces.<\/li>\n<li>Wybierz oficjaln\u0105 aplikacj\u0119 z wynik\u00f3w i sprawd\u017a informacje o aktualnej wersji.<\/li>\n<li>Kliknij \u201eZainstaluj\u201d i poczekaj na download pliku.<\/li>\n<li>Po zako\u0144czeniu instalacji upewnij si\u0119, \u017ce aplikacja dzia\u0142a na Twoim systemie.<\/li>\n<li>Gotowe! Teraz mo\u017cesz korzysta\u0107 z oprogramowania i zwi\u0119ksza\u0107 swoje szanse na wygranej.<\/li>\n<\/ul>\n<div id=\"attachment_65\" style=\"width: 496px\" class=\"wp-caption aligncenter\"><a href=\"#go\" data-go=\"go\"><img decoding=\"async\" aria-describedby=\"caption-attachment-65\" class=\"wp-image-65 size-full\" title=\"Lucky Jet Cheat\" src=\"https:\/\/luckyjet-games.com\/wp-content\/uploads\/2022\/10\/Jucky-Jet-Signals-Telegram.jpg\" alt=\"Lucky Jet Cheat\" width=\"496\" height=\"200\" srcset=\"https:\/\/luckyjet-games.com\/wp-content\/uploads\/2022\/10\/Jucky-Jet-Signals-Telegram.jpg 496w, https:\/\/luckyjet-games.com\/wp-content\/uploads\/2022\/10\/Jucky-Jet-Signals-Telegram-300x121.jpg 300w, https:\/\/luckyjet-games.com\/wp-content\/uploads\/2022\/10\/Jucky-Jet-Signals-Telegram-99x40.jpg 99w, https:\/\/luckyjet-games.com\/wp-content\/uploads\/2022\/10\/Jucky-Jet-Signals-Telegram-79x32.jpg 79w, https:\/\/luckyjet-games.com\/wp-content\/uploads\/2022\/10\/Jucky-Jet-Signals-Telegram-198x80.jpg 198w, https:\/\/luckyjet-games.com\/wp-content\/uploads\/2022\/10\/Jucky-Jet-Signals-Telegram-335x135.jpg 335w\" sizes=\"(max-width: 496px) 100vw, 496px\" \/><\/a><p id=\"caption-attachment-65\" class=\"wp-caption-text\">Lucky Jet Cheat<\/p><\/div>\n<div style=\"text-align: center;\"><a class=\"glow-button\" href=\"#go\" data-go=\"go\">Pobierz i graj w gr\u0119 Lucky Jet<\/a><\/div>\n<h2><span class=\"ez-toc-section\" id=\"How_to_Install_Lucky_Jet_Cheat_Predictor_APK_on_Windows\"><\/span>Lucky Jet Predictor APK na PC \u2013 jak zainstalowa\u0107 aplikacj\u0119 na Windows?<span class=\"ez-toc-section-end\"><\/span><\/h2>\n<ul>\n<li>Najpierw pobierz i zainstaluj emulator Androida na sw\u00f3j PC \u2013 np. Bluestacks do obs\u0142ugi gier typu crash.<\/li>\n<li>Uruchom emulator i zaloguj si\u0119 na swoje konto Google, aby m\u00f3c korzysta\u0107 z aplikacji online.<\/li>\n<li>W Sklepie Play wyszukaj \u201eLucky Jet Cheat Predictor\u201d lub \u201eaviator predictor apk\u201d.<\/li>\n<li>Rozpocznij instalacj\u0119 i poczekaj na pobranie pe\u0142nej wersji aplikacji.<\/li>\n<li>Po zako\u0144czeniu instalacji uruchom gr\u0119 z poziomu emulatora.<\/li>\n<li>Teraz mo\u017cesz gra\u0107 z komputera i testowa\u0107 funkcje Predictora r\u00f3wnie\u017c na systemie Windows!<\/li>\n<\/ul>\n<div id=\"attachment_64\" style=\"width: 224px\" class=\"wp-caption aligncenter\"><a href=\"#go\" data-go=\"go\"><img decoding=\"async\" aria-describedby=\"caption-attachment-64\" class=\"wp-image-64 size-full\" title=\"Lucky Jet Predictor\" src=\"https:\/\/luckyjet-games.com\/wp-content\/uploads\/2022\/10\/Jucky-Jet-Predictor.jpg\" alt=\"Lucky Jet Predictor\" width=\"224\" height=\"478\" srcset=\"https:\/\/luckyjet-games.com\/wp-content\/uploads\/2022\/10\/Jucky-Jet-Predictor.jpg 224w, https:\/\/luckyjet-games.com\/wp-content\/uploads\/2022\/10\/Jucky-Jet-Predictor-141x300.jpg 141w, https:\/\/luckyjet-games.com\/wp-content\/uploads\/2022\/10\/Jucky-Jet-Predictor-19x40.jpg 19w, https:\/\/luckyjet-games.com\/wp-content\/uploads\/2022\/10\/Jucky-Jet-Predictor-15x32.jpg 15w, https:\/\/luckyjet-games.com\/wp-content\/uploads\/2022\/10\/Jucky-Jet-Predictor-37x80.jpg 37w, https:\/\/luckyjet-games.com\/wp-content\/uploads\/2022\/10\/Jucky-Jet-Predictor-63x135.jpg 63w\" sizes=\"(max-width: 224px) 100vw, 224px\" \/><\/a><p id=\"caption-attachment-64\" class=\"wp-caption-text\">Lucky Jet Predictor<\/p><\/div>\n<div style=\"text-align: center;\"><a class=\"glow-button\" href=\"#go\" data-go=\"go\">Odtw\u00f3rz Lucky Jet<\/a><\/div>\n<h2><span class=\"ez-toc-section\" id=\"How_to_Hack_Lucky_Jet_Game\"><\/span>Jak zhakowa\u0107 gr\u0119 crash Lucky Jet i pobra\u0107 odpowiednie pliki?<span class=\"ez-toc-section-end\"><\/span><\/h2>\n<p>Istnieje wiele sposob\u00f3w na zhakowanie gry Lucky Jet \u2014 jednej z najpopularniejszych gier crash dost\u0119pnych na Androida. Mo\u017cesz u\u017cy\u0107 modowanych plik\u00f3w APK, aplikacji Lucky Patcher, Game Killer lub Freedom App, aby zmieni\u0107 dzia\u0142anie gry, odblokowa\u0107 zasoby i zwi\u0119kszy\u0107 swoje szanse na wygranej.<\/p>\n<ul>\n<li>Zmodyfikowane APK: Mo\u017cna pobra\u0107 zmienione wersje pliku APK Lucky Jet ze stron jak APKPure.com i u\u017cywa\u0107 ich do modyfikacji gry.<\/li>\n<li>Lucky Patcher: To popularna aplikacja na Androida umo\u017cliwiaj\u0105ca edycj\u0119 uprawnie\u0144 i omijanie zakup\u00f3w w grze crash.<\/li>\n<li>Game Killer: Za pomoc\u0105 tego narz\u0119dzia mo\u017cna edytowa\u0107 dane gry Lucky Jet i uzyska\u0107 dost\u0119p do nieograniczonych zasob\u00f3w.<\/li>\n<li>Freedom App: Pozwala omin\u0105\u0107 transakcje w aplikacji, modyfikuj\u0105c mechanizmy zakup\u00f3w wewn\u0105trz gier APK na Androida.<\/li>\n<\/ul>\n<h2><span class=\"ez-toc-section\" id=\"How_to_Use_Lucky_Jet_Cheat_Predictor\"><\/span>Jak u\u017cywa\u0107 aplikacji Lucky Jet Predictor APK do gry crash?<span class=\"ez-toc-section-end\"><\/span><\/h2>\n<ul>\n<li>Po zainstalowaniu aplikacji APK, uruchom j\u0105 i zaloguj si\u0119 za pomoc\u0105 swojego konta Google.<\/li>\n<li>Wybierz gr\u0119 crash, kt\u00f3r\u0105 chcesz zhakowa\u0107.<\/li>\n<li>Wska\u017c zasoby (money, punkty itp.), kt\u00f3re chcesz wygenerowa\u0107.<\/li>\n<li>Stuknij w \u201eGeneruj\u201d, aby rozpocz\u0105\u0107 proces.<\/li>\n<li>Poczekaj na zako\u0144czenie generowania danych.<\/li>\n<li>Teraz mo\u017cesz korzysta\u0107 z wygenerowanych zasob\u00f3w w grze Lucky Jet!<\/li>\n<\/ul>\n<h2><span class=\"ez-toc-section\" id=\"What_is_Lucky_Jet_Signals_Telegram_and_How_its_work\"><\/span>Lucky Jet Signals \u2013 jak dzia\u0142a bot Telegram z informacjami o grze online?<span class=\"ez-toc-section-end\"><\/span><\/h2>\n<p>Lucky Jet Signals Telegram to przydatne narz\u0119dzie dla graczy, kt\u00f3re dzia\u0142a jako bot w aplikacji Telegram. Bot dostarcza na bie\u017c\u0105co wiadomo\u015bci, porady i przewidywania dotycz\u0105ce rozgrywki Lucky Jet. Jest to \u015bwietny spos\u00f3b na zwi\u0119kszenie skuteczno\u015bci w tej popularnej grze online.<\/p>\n<ol>\n<li>Aby rozpocz\u0105\u0107, dodaj bota do swojej grupy LuckyJet w Telegramie.<\/li>\n<li>Wpisz komend\u0119 \"\/start\", aby aktywowa\u0107 funkcj\u0119 wysy\u0142ania informacji.<\/li>\n<li>Otrzymasz plik PDF z nazw\u0105 Lucky Jet Cheat Sheet do pobrania.<\/li>\n<li>Cheat Sheet zawiera szczeg\u00f3\u0142owe informacje i strategie dotycz\u0105ce gry.<\/li>\n<li>Mo\u017cesz te\u017c wpisa\u0107 \"\/help\", aby zobaczy\u0107 pe\u0142n\u0105 list\u0119 dost\u0119pnych polece\u0144.<\/li>\n<\/ol>\n<div id=\"attachment_66\" style=\"width: 682px\" class=\"wp-caption aligncenter\"><a href=\"#go\" data-go=\"go\"><img decoding=\"async\" aria-describedby=\"caption-attachment-66\" class=\"wp-image-66 size-full\" title=\"Lucky Jet Signals Telegram\" src=\"https:\/\/luckyjet-games.com\/wp-content\/uploads\/2022\/10\/Jucky-Jet-Signals-Telegram-Bot.jpg\" alt=\"Lucky Jet Signals Telegram\" width=\"682\" height=\"392\" srcset=\"https:\/\/luckyjet-games.com\/wp-content\/uploads\/2022\/10\/Jucky-Jet-Signals-Telegram-Bot.jpg 682w, https:\/\/luckyjet-games.com\/wp-content\/uploads\/2022\/10\/Jucky-Jet-Signals-Telegram-Bot-300x172.jpg 300w, https:\/\/luckyjet-games.com\/wp-content\/uploads\/2022\/10\/Jucky-Jet-Signals-Telegram-Bot-70x40.jpg 70w, https:\/\/luckyjet-games.com\/wp-content\/uploads\/2022\/10\/Jucky-Jet-Signals-Telegram-Bot-56x32.jpg 56w, https:\/\/luckyjet-games.com\/wp-content\/uploads\/2022\/10\/Jucky-Jet-Signals-Telegram-Bot-139x80.jpg 139w, https:\/\/luckyjet-games.com\/wp-content\/uploads\/2022\/10\/Jucky-Jet-Signals-Telegram-Bot-235x135.jpg 235w\" sizes=\"(max-width: 682px) 100vw, 682px\" \/><\/a><p id=\"caption-attachment-66\" class=\"wp-caption-text\">Lucky Jet Signals Telegram<\/p><\/div>\n<div style=\"text-align: center;\"><a class=\"glow-button\" href=\"#go\" data-go=\"go\">Zagraj w gr\u0119 Lucky Jet<\/a><\/div>\n<h2><span class=\"ez-toc-section\" id=\"Conclusion\"><\/span>Jak korzysta\u0107 z aplikacji Lucky Jet<span class=\"ez-toc-section-end\"><\/span><\/h2>\n<p class=\"translation-block\">Aplikacja Lucky Jet Predictor to narz\u0119dzie na Android i PC, kt\u00f3re pomaga przewidywa\u0107 wyniki w grze crash Lucky Jet. Dzi\u0119ki funkcji cheat sheet oraz mo\u017cliwo\u015bci generowania zasob\u00f3w, u\u017cytkownicy mog\u0105 zwi\u0119kszy\u0107 swoje szanse na wygran\u0105 i gra\u0107 bardziej \u015bwiadomie. Aplikacja dost\u0119pna jest do pobrania online i mo\u017ce by\u0107 u\u017cywana zar\u00f3wno na urz\u0105dzeniach mobilnych, jak i komputerze.<\/p>\n<div class=\"author-card author-card--top\"><img alt='Zdj\u0119cie awatara' src='https:\/\/luckyjet-games.com\/wp-content\/uploads\/2023\/03\/Chris-Hodge-130x130.jpg' srcset='https:\/\/luckyjet-games.com\/wp-content\/uploads\/2023\/03\/Chris-Hodge-260x260.jpg 2x' class='avatar avatar-130 photo author-image' height='130' width='130' \/><div class=\"author-content text-md-center\"><span class=\"author-title\">Autor<\/span><a href=\"https:\/\/luckyjet-games.com\/pl\/author\/chris-hodge\/\" class=\"author-name\">Chris Hodge<\/a><p class=\"author__details\">Chris Hodge jest ekspertem w dziedzinie gier hazardowych. Gra i studiuje gry kasynowe od ponad 10 lat. W tym czasie rozwin\u0105\u0142 intymne zrozumienie strategii i mechaniki stoj\u0105cej za ka\u017cd\u0105 gr\u0105 w kasynie.<br \/>\r\n<br \/>\r\nWiedza i do\u015bwiadczenie Chrisa sprawi\u0142y, \u017ce sta\u0142 si\u0119 on sta\u0142ym wsp\u00f3\u0142pracownikiem kilku czo\u0142owych publikacji po\u015bwi\u0119conych hazardowi. Jest on r\u00f3wnie\u017c cz\u0119sto zapraszany przez kasyna do udzielania fachowych porad na temat nowych gier i promocji.<\/p><\/div><!-- \/.author-content --><\/div>","protected":false},"excerpt":{"rendered":"<p>Zagraj w Lucky Jet Game Mo\u017cesz pobra\u0107 dowoln\u0105 wersj\u0119 Lucky Jet Predictor. Je\u015bli chcesz zainstalowa\u0107 Lucky Jet Predictor na swoim urz\u0105dzeniu mobilnym, musi ono mie\u0107 system Android 2.3 lub nowszy. Wszystkie wersje Lucky Jet Predictor s\u0105 dost\u0119pne za po\u015brednictwem Android Top i mo\u017cna je pobra\u0107 bezpo\u015brednio na telefon lub inne urz\u0105dzenie z Androidem [...]<\/p>","protected":false},"author":2,"featured_media":62,"parent":0,"menu_order":0,"comment_status":"closed","ping_status":"closed","template":"page-no-sidebar.php","meta":{"_acf_changed":false,"footnotes":""},"class_list":["post-60","page","type-page","status-publish","has-post-thumbnail","hentry"],"acf":[],"yoast_head":"<!-- This site is optimized with the Yoast SEO plugin v26.7 - https:\/\/yoast.com\/wordpress\/plugins\/seo\/ -->\n<title>Lucky Jet Predictor - How to Hack Lucky Jet | Signals Telegram Bot<\/title>\n<meta name=\"description\" content=\"How to hack and use Lucky Jet Predictor APK. Lucky Jet Cheats and tips for winning \ud83d\ude80 Where to find predictions for Lucky Jet. Signals Telegram Bot\" \/>\n<meta name=\"robots\" content=\"index, follow, max-snippet:-1, max-image-preview:large, max-video-preview:-1\" \/>\n<link rel=\"canonical\" href=\"https:\/\/luckyjet-games.com\/pl\/lucky-jet-predictor-apk-download\/\" \/>\n<meta property=\"og:locale\" content=\"pl_PL\" \/>\n<meta property=\"og:type\" content=\"article\" \/>\n<meta property=\"og:title\" content=\"Lucky Jet Predictor - How to Hack Lucky Jet | Signals Telegram Bot\" \/>\n<meta property=\"og:description\" content=\"How to hack and use Lucky Jet Predictor APK. Lucky Jet Cheats and tips for winning \ud83d\ude80 Where to find predictions for Lucky Jet. Signals Telegram Bot\" \/>\n<meta property=\"og:url\" content=\"https:\/\/luckyjet-games.com\/pl\/lucky-jet-predictor-apk-download\/\" \/>\n<meta property=\"og:site_name\" content=\"Lucky Jet Games\" \/>\n<meta property=\"article:modified_time\" content=\"2024-03-12T18:07:28+00:00\" \/>\n<meta property=\"og:image\" content=\"https:\/\/luckyjet-games.com\/wp-content\/uploads\/2022\/10\/Lucky-Jet-Hack.jpg\" \/>\n\t<meta property=\"og:image:width\" content=\"200\" \/>\n\t<meta property=\"og:image:height\" content=\"200\" \/>\n\t<meta property=\"og:image:type\" content=\"image\/jpeg\" \/>\n<meta name=\"twitter:card\" content=\"summary_large_image\" \/>\n<meta name=\"twitter:label1\" content=\"Szacowany czas czytania\" \/>\n\t<meta name=\"twitter:data1\" content=\"4 minuty\" \/>\n<!-- \/ Yoast SEO plugin. -->","yoast_head_json":{"title":"Lucky Jet Predictor \u2013 aplikacja na Android APK do pobrania ju\u017c teraz","description":"Aplikacja Lucky Jet Predictor na Android ju\u017c dost\u0119pna \ud83d\ude80 Pobierz plik APK z 2025 roku i zacznij gra\u0107 z najlepszym predictor aviator na rynku.","robots":{"index":"index","follow":"follow","max-snippet":"max-snippet:-1","max-image-preview":"max-image-preview:large","max-video-preview":"max-video-preview:-1"},"canonical":"https:\/\/luckyjet-games.com\/pl\/lucky-jet-predictor-apk-download\/","og_locale":"pl_PL","og_type":"article","og_title":"Lucky Jet Predictor - How to Hack Lucky Jet | Signals Telegram Bot","og_description":"How to hack and use Lucky Jet Predictor APK. Lucky Jet Cheats and tips for winning \ud83d\ude80 Where to find predictions for Lucky Jet. Signals Telegram Bot","og_url":"https:\/\/luckyjet-games.com\/pl\/lucky-jet-predictor-apk-download\/","og_site_name":"Lucky Jet Games","article_modified_time":"2024-03-12T18:07:28+00:00","og_image":[{"width":200,"height":200,"url":"https:\/\/luckyjet-games.com\/wp-content\/uploads\/2022\/10\/Lucky-Jet-Hack.jpg","type":"image\/jpeg"}],"twitter_card":"summary_large_image","twitter_misc":{"Szacowany czas czytania":"4 minuty"},"schema":{"@context":"https:\/\/schema.org","@graph":[{"@type":"WebPage","@id":"https:\/\/luckyjet-games.com\/lucky-jet-predictor-apk-download\/","url":"https:\/\/luckyjet-games.com\/lucky-jet-predictor-apk-download\/","name":"Lucky Jet Predictor \u2013 aplikacja na Android APK do pobrania ju\u017c teraz","isPartOf":{"@id":"https:\/\/luckyjet-games.com\/de\/#website"},"primaryImageOfPage":{"@id":"https:\/\/luckyjet-games.com\/lucky-jet-predictor-apk-download\/#primaryimage"},"image":{"@id":"https:\/\/luckyjet-games.com\/lucky-jet-predictor-apk-download\/#primaryimage"},"thumbnailUrl":"https:\/\/luckyjet-games.com\/wp-content\/uploads\/2022\/10\/Lucky-Jet-Hack.jpg","datePublished":"2022-10-11T08:03:52+00:00","dateModified":"2024-03-12T18:07:28+00:00","description":"Aplikacja Lucky Jet Predictor na Android ju\u017c dost\u0119pna \ud83d\ude80 Pobierz plik APK z 2025 roku i zacznij gra\u0107 z najlepszym predictor aviator na rynku.","breadcrumb":{"@id":"https:\/\/luckyjet-games.com\/lucky-jet-predictor-apk-download\/#breadcrumb"},"inLanguage":"pl-PL","potentialAction":[{"@type":"ReadAction","target":["https:\/\/luckyjet-games.com\/lucky-jet-predictor-apk-download\/"]}]},{"@type":"ImageObject","inLanguage":"pl-PL","@id":"https:\/\/luckyjet-games.com\/lucky-jet-predictor-apk-download\/#primaryimage","url":"https:\/\/luckyjet-games.com\/wp-content\/uploads\/2022\/10\/Lucky-Jet-Hack.jpg","contentUrl":"https:\/\/luckyjet-games.com\/wp-content\/uploads\/2022\/10\/Lucky-Jet-Hack.jpg","width":200,"height":200,"caption":"Lucky Jet Hack"},{"@type":"BreadcrumbList","@id":"https:\/\/luckyjet-games.com\/lucky-jet-predictor-apk-download\/#breadcrumb","itemListElement":[{"@type":"ListItem","position":1,"name":"Home","item":"https:\/\/luckyjet-games.com\/"},{"@type":"ListItem","position":2,"name":"Lucky Jet Predictor APK Download"}]},{"@type":"WebSite","@id":"https:\/\/luckyjet-games.com\/de\/#website","url":"https:\/\/luckyjet-games.com\/de\/","name":"Lucky Jet Games","description":"","publisher":{"@id":"https:\/\/luckyjet-games.com\/de\/#organization"},"potentialAction":[{"@type":"SearchAction","target":{"@type":"EntryPoint","urlTemplate":"https:\/\/luckyjet-games.com\/de\/?s={search_term_string}"},"query-input":{"@type":"PropertyValueSpecification","valueRequired":true,"valueName":"search_term_string"}}],"inLanguage":"pl-PL"},{"@type":"Organization","@id":"https:\/\/luckyjet-games.com\/de\/#organization","name":"Lucky Jet Games","url":"https:\/\/luckyjet-games.com\/de\/","logo":{"@type":"ImageObject","inLanguage":"pl-PL","@id":"https:\/\/luckyjet-games.com\/de\/#\/schema\/logo\/image\/","url":"https:\/\/luckyjet-games.com\/wp-content\/uploads\/2022\/10\/Lucky-Jet-Game.png","contentUrl":"https:\/\/luckyjet-games.com\/wp-content\/uploads\/2022\/10\/Lucky-Jet-Game.png","width":711,"height":599,"caption":"Lucky Jet Games"},"image":{"@id":"https:\/\/luckyjet-games.com\/de\/#\/schema\/logo\/image\/"}}]}},"_links":{"self":[{"href":"https:\/\/luckyjet-games.com\/pl\/wp-json\/wp\/v2\/pages\/60","targetHints":{"allow":["GET"]}}],"collection":[{"href":"https:\/\/luckyjet-games.com\/pl\/wp-json\/wp\/v2\/pages"}],"about":[{"href":"https:\/\/luckyjet-games.com\/pl\/wp-json\/wp\/v2\/types\/page"}],"author":[{"embeddable":true,"href":"https:\/\/luckyjet-games.com\/pl\/wp-json\/wp\/v2\/users\/2"}],"replies":[{"embeddable":true,"href":"https:\/\/luckyjet-games.com\/pl\/wp-json\/wp\/v2\/comments?post=60"}],"version-history":[{"count":0,"href":"https:\/\/luckyjet-games.com\/pl\/wp-json\/wp\/v2\/pages\/60\/revisions"}],"wp:featuredmedia":[{"embeddable":true,"href":"https:\/\/luckyjet-games.com\/pl\/wp-json\/wp\/v2\/media\/62"}],"wp:attachment":[{"href":"https:\/\/luckyjet-games.com\/pl\/wp-json\/wp\/v2\/media?parent=60"}],"curies":[{"name":"wp","href":"https:\/\/api.w.org\/{rel}","templated":true}]}}