{"id":360,"date":"2023-09-25T14:06:00","date_gmt":"2023-09-25T14:06:00","guid":{"rendered":"https:\/\/luckyjet-games.com\/?page_id=360"},"modified":"2023-09-25T14:08:12","modified_gmt":"2023-09-25T14:08:12","slug":"privacy-policy","status":"publish","type":"page","link":"https:\/\/luckyjet-games.com\/pl\/privacy-policy\/","title":{"rendered":"Polityka prywatno\u015bci"},"content":{"rendered":"<p>Na luckyjet-games.com dok\u0142adamy wszelkich stara\u0144, aby zapewni\u0107 prywatno\u015b\u0107 i bezpiecze\u0144stwo naszych graczy. Niniejsza Polityka prywatno\u015bci przedstawia nasze praktyki dotycz\u0105ce gromadzenia, wykorzystywania i ochrony Twoich danych osobowych. Korzystaj\u0105c z naszych us\u0142ug, wyra\u017casz zgod\u0119 na warunki okre\u015blone poni\u017cej.<\/p>\n<div id=\"ez-toc-container\" class=\"ez-toc-v2_0_75 counter-hierarchy ez-toc-counter ez-toc-grey ez-toc-container-direction\">\n<div class=\"ez-toc-title-container\">\n<p class=\"ez-toc-title\" style=\"cursor:inherit\">Spis tre\u015bci<\/p>\n<span class=\"ez-toc-title-toggle\"><a href=\"#\" class=\"ez-toc-pull-right ez-toc-btn ez-toc-btn-xs ez-toc-btn-default ez-toc-toggle\" aria-label=\"Prze\u0142\u0105czanie spisu tre\u015bci\"><span class=\"ez-toc-js-icon-con\"><span class=\"\"><span class=\"eztoc-hide\" style=\"display:none;\">Toggle<\/span><span class=\"ez-toc-icon-toggle-span\"><svg style=\"fill: #999;color:#999\" xmlns=\"http:\/\/www.w3.org\/2000\/svg\" class=\"list-377408\" width=\"20px\" height=\"20px\" viewbox=\"0 0 24 24\" fill=\"none\"><path d=\"M6 6H4v2h2V6zm14 0H8v2h12V6zM4 11h2v2H4v-2zm16 0H8v2h12v-2zM4 16h2v2H4v-2zm16 0H8v2h12v-2z\" fill=\"currentColor\"><\/path><\/svg><svg style=\"fill: #999;color:#999\" class=\"arrow-unsorted-368013\" xmlns=\"http:\/\/www.w3.org\/2000\/svg\" width=\"10px\" height=\"10px\" viewbox=\"0 0 24 24\" version=\"1.2\" baseprofile=\"tiny\"><path d=\"M18.2 9.3l-6.2-6.3-6.2 6.3c-.2.2-.3.4-.3.7s.1.5.3.7c.2.2.4.3.7.3h11c.3 0 .5-.1.7-.3.2-.2.3-.5.3-.7s-.1-.5-.3-.7zM5.8 14.7l6.2 6.3 6.2-6.3c.2-.2.3-.5.3-.7s-.1-.5-.3-.7c-.2-.2-.4-.3-.7-.3h-11c-.3 0-.5.1-.7.3-.2.2-.3.5-.3.7s.1.5.3.7z\"\/><\/svg><\/span><\/span><\/span><\/a><\/span><\/div>\n<nav><ul class='ez-toc-list ez-toc-list-level-1 eztoc-toggle-hide-by-default' ><li class='ez-toc-page-1 ez-toc-heading-level-2'><a class=\"ez-toc-link ez-toc-heading-1\" href=\"https:\/\/luckyjet-games.com\/pl\/privacy-policy\/#Information_We_Collect\" >Informacje, kt\u00f3re zbieramy<\/a><ul class='ez-toc-list-level-3' ><li class='ez-toc-heading-level-3'><a class=\"ez-toc-link ez-toc-heading-2\" href=\"https:\/\/luckyjet-games.com\/pl\/privacy-policy\/#Personal_Information\" >Informacje osobiste<\/a><\/li><li class='ez-toc-page-1 ez-toc-heading-level-3'><a class=\"ez-toc-link ez-toc-heading-3\" href=\"https:\/\/luckyjet-games.com\/pl\/privacy-policy\/#Usage_Data\" >Dane dotycz\u0105ce u\u017cytkowania<\/a><\/li><li class='ez-toc-page-1 ez-toc-heading-level-3'><a class=\"ez-toc-link ez-toc-heading-4\" href=\"https:\/\/luckyjet-games.com\/pl\/privacy-policy\/#Cookies\" >Ciasteczka<\/a><\/li><\/ul><\/li><li class='ez-toc-page-1 ez-toc-heading-level-2'><a class=\"ez-toc-link ez-toc-heading-5\" href=\"https:\/\/luckyjet-games.com\/pl\/privacy-policy\/#How_We_Use_Your_Information\" >Jak wykorzystujemy Twoje dane<\/a><ul class='ez-toc-list-level-3' ><li class='ez-toc-heading-level-3'><a class=\"ez-toc-link ez-toc-heading-6\" href=\"https:\/\/luckyjet-games.com\/pl\/privacy-policy\/#Account_Management\" >Zarz\u0105dzanie kontem<\/a><\/li><li class='ez-toc-page-1 ez-toc-heading-level-3'><a class=\"ez-toc-link ez-toc-heading-7\" href=\"https:\/\/luckyjet-games.com\/pl\/privacy-policy\/#Personalization\" >Personalizacja<\/a><\/li><li class='ez-toc-page-1 ez-toc-heading-level-3'><a class=\"ez-toc-link ez-toc-heading-8\" href=\"https:\/\/luckyjet-games.com\/pl\/privacy-policy\/#Security\" >Bezpiecze\u0144stwo<\/a><\/li><\/ul><\/li><li class='ez-toc-page-1 ez-toc-heading-level-2'><a class=\"ez-toc-link ez-toc-heading-9\" href=\"https:\/\/luckyjet-games.com\/pl\/privacy-policy\/#Sharing_Your_Information\" >Udost\u0119pnianie informacji<\/a><\/li><li class='ez-toc-page-1 ez-toc-heading-level-2'><a class=\"ez-toc-link ez-toc-heading-10\" href=\"https:\/\/luckyjet-games.com\/pl\/privacy-policy\/#Compliance_with_Legal_Requirements\" >Zgodno\u015b\u0107 z wymogami prawnymi<\/a><\/li><li class='ez-toc-page-1 ez-toc-heading-level-2'><a class=\"ez-toc-link ez-toc-heading-11\" href=\"https:\/\/luckyjet-games.com\/pl\/privacy-policy\/#Your_Rights_and_Choices\" >Twoje prawa i wybory<\/a><\/li><li class='ez-toc-page-1 ez-toc-heading-level-2'><a class=\"ez-toc-link ez-toc-heading-12\" href=\"https:\/\/luckyjet-games.com\/pl\/privacy-policy\/#Changes_to_this_Privacy_Policy\" >Zmiany w niniejszej Polityce Prywatno\u015bci<\/a><\/li><\/ul><\/nav><\/div>\n<h2><span class=\"ez-toc-section\" id=\"Information_We_Collect\"><\/span>Informacje, kt\u00f3re zbieramy<span class=\"ez-toc-section-end\"><\/span><\/h2>\n<h3><span class=\"ez-toc-section\" id=\"Personal_Information\"><\/span>Informacje osobiste<span class=\"ez-toc-section-end\"><\/span><\/h3>\n<p>Gromadzimy dane osobowe, kt\u00f3re podajesz podczas rejestracji konta, dokonywania wp\u0142at lub korzystania z naszych us\u0142ug. Mo\u017ce to obejmowa\u0107 Twoje imi\u0119 i nazwisko, adres e-mail, dane kontaktowe, dat\u0119 urodzenia i informacje o p\u0142atno\u015bci. U\u017cywamy tych informacji, aby zweryfikowa\u0107 Twoj\u0105 to\u017csamo\u015b\u0107 i zapewni\u0107 Ci spersonalizowan\u0105 rozgrywk\u0119.<\/p>\n<h3><span class=\"ez-toc-section\" id=\"Usage_Data\"><\/span>Dane dotycz\u0105ce u\u017cytkowania<span class=\"ez-toc-section-end\"><\/span><\/h3>\n<p>Aby ulepszy\u0107 nasze us\u0142ugi, zbieramy informacje o Twoich interakcjach z nasz\u0105 witryn\u0105 i grami. Obejmuje to Tw\u00f3j adres IP, typ przegl\u0105darki, informacje o urz\u0105dzeniu i odwiedzane strony. U\u017cywamy tych danych w celu poprawy wydajno\u015bci naszej witryny, rozwi\u0105zywania problem\u00f3w i analizowania zachowa\u0144 u\u017cytkownik\u00f3w.<\/p>\n<h3><span class=\"ez-toc-section\" id=\"Cookies\"><\/span>Ciasteczka<span class=\"ez-toc-section-end\"><\/span><\/h3>\n<p>Wykorzystujemy pliki cookie i podobne technologie do \u015bledzenia Twojej aktywno\u015bci na naszej stronie internetowej. Pliki cookies to ma\u0142e pliki tekstowe zapisywane na Twoim urz\u0105dzeniu. Pomagaj\u0105 nam rozpozna\u0107 Ci\u0119 podczas kolejnych wizyt i oferuj\u0105 bardziej dostosowane do\u015bwiadczenia. Mo\u017cesz zarz\u0105dza\u0107 preferencjami dotycz\u0105cymi plik\u00f3w cookie za pomoc\u0105 ustawie\u0144 przegl\u0105darki.<\/p>\n<h2><span class=\"ez-toc-section\" id=\"How_We_Use_Your_Information\"><\/span>Jak wykorzystujemy Twoje dane<span class=\"ez-toc-section-end\"><\/span><\/h2>\n<h3><span class=\"ez-toc-section\" id=\"Account_Management\"><\/span>Zarz\u0105dzanie kontem<span class=\"ez-toc-section-end\"><\/span><\/h3>\n<p>U\u017cywamy Twoich danych osobowych do tworzenia konta i zarz\u0105dzania nim, przetwarzania transakcji i zapewniania obs\u0142ugi klienta. Zapewnia to p\u0142ynn\u0105 rozgrywk\u0119 i pozwala nam pom\u00f3c w rozwi\u0105zaniu wszelkich problem\u00f3w, jakie mo\u017cesz napotka\u0107.<\/p>\n<h3><span class=\"ez-toc-section\" id=\"Personalization\"><\/span>Personalizacja<span class=\"ez-toc-section-end\"><\/span><\/h3>\n<p>Zrozumienie Twoich preferencji i zachowa\u0144 pozwala nam spersonalizowa\u0107 Twoje wra\u017cenia z gry. Mo\u017cemy poleca\u0107 gry, promocje i oferty, kt\u00f3re s\u0105 zgodne z Twoimi zainteresowaniami i histori\u0105 gier.<\/p>\n<h3><span class=\"ez-toc-section\" id=\"Security\"><\/span>Bezpiecze\u0144stwo<span class=\"ez-toc-section-end\"><\/span><\/h3>\n<p>Ochrona Twoich danych jest naszym najwy\u017cszym priorytetem. Stosujemy standardowe w bran\u017cy \u015brodki bezpiecze\u0144stwa, aby chroni\u0107 Twoje dane przed nieuprawnionym dost\u0119pem, ujawnieniem lub zmian\u0105. Obejmuje to szyfrowanie, zapory ogniowe i regularne audyty bezpiecze\u0144stwa.<\/p>\n<h2><span class=\"ez-toc-section\" id=\"Sharing_Your_Information\"><\/span>Udost\u0119pnianie informacji<span class=\"ez-toc-section-end\"><\/span><\/h2>\n<p>Nie sprzedajemy, nie handlujemy ani nie wynajmujemy Twoich danych osobowych stronom trzecim. Mo\u017cemy jednak udost\u0119pnia\u0107 Twoje dane zaufanym us\u0142ugodawcom i partnerom, kt\u00f3rzy pomagaj\u0105 nam w \u015bwiadczeniu naszych us\u0142ug. Podmioty te s\u0105 zwi\u0105zane \u015bcis\u0142ymi umowami o zachowaniu poufno\u015bci.<\/p>\n<h2><span class=\"ez-toc-section\" id=\"Compliance_with_Legal_Requirements\"><\/span>Zgodno\u015b\u0107 z wymogami prawnymi<span class=\"ez-toc-section-end\"><\/span><\/h2>\n<p>Mo\u017cemy ujawni\u0107 Twoje dane, je\u015bli jest to wymagane przez prawo, na przyk\u0142ad w odpowiedzi na wezwanie do s\u0105du lub nakaz s\u0105dowy. Wsp\u00f3\u0142pracujemy r\u00f3wnie\u017c z organami \u015bcigania, aby zapobiega\u0107 oszustwom i zapewnia\u0107 integralno\u015b\u0107 naszej platformy.<\/p>\n<h2><span class=\"ez-toc-section\" id=\"Your_Rights_and_Choices\"><\/span>Twoje prawa i wybory<span class=\"ez-toc-section-end\"><\/span><\/h2>\n<p>Masz prawo dost\u0119pu, aktualizacji lub usuni\u0119cia swoich danych osobowych. Aby skorzysta\u0107 z tych praw, skontaktuj si\u0119 z naszym zespo\u0142em obs\u0142ugi klienta. Mo\u017cesz tak\u017ce w ka\u017cdej chwili zrezygnowa\u0107 z otrzymywania komunikacji marketingowej.<\/p>\n<h2><span class=\"ez-toc-section\" id=\"Changes_to_this_Privacy_Policy\"><\/span>Zmiany w niniejszej Polityce Prywatno\u015bci<span class=\"ez-toc-section-end\"><\/span><\/h2>\n<p>Zastrzegamy sobie prawo do aktualizacji niniejszej Polityki prywatno\u015bci w celu odzwierciedlenia zmian w naszych praktykach i wymaganiach prawnych. Zach\u0119camy do okresowego przegl\u0105dania tej strony w poszukiwaniu aktualizacji.<\/p>\n<div class=\"author-card author-card--top\"><img alt='Zdj\u0119cie awatara' src='https:\/\/luckyjet-games.com\/wp-content\/uploads\/2023\/03\/Chris-Hodge-130x130.jpg' srcset='https:\/\/luckyjet-games.com\/wp-content\/uploads\/2023\/03\/Chris-Hodge-260x260.jpg 2x' class='avatar avatar-130 photo author-image' height='130' width='130' \/><div class=\"author-content text-md-center\"><span class=\"author-title\">Autor<\/span><a href=\"https:\/\/luckyjet-games.com\/pl\/author\/chris-hodge\/\" class=\"author-name\">Chris Hodge<\/a><p class=\"author__details\">Chris Hodge jest ekspertem w dziedzinie gier hazardowych. Gra i studiuje gry kasynowe od ponad 10 lat. W tym czasie rozwin\u0105\u0142 intymne zrozumienie strategii i mechaniki stoj\u0105cej za ka\u017cd\u0105 gr\u0105 w kasynie.<br \/>\r\n<br \/>\r\nWiedza i do\u015bwiadczenie Chrisa sprawi\u0142y, \u017ce sta\u0142 si\u0119 on sta\u0142ym wsp\u00f3\u0142pracownikiem kilku czo\u0142owych publikacji po\u015bwi\u0119conych hazardowi. Jest on r\u00f3wnie\u017c cz\u0119sto zapraszany przez kasyna do udzielania fachowych porad na temat nowych gier i promocji.<\/p><\/div><!-- \/.author-content --><\/div>","protected":false},"excerpt":{"rendered":"<p>W luckyjet-games.com dok\u0142adamy wszelkich stara\u0144, aby zapewni\u0107 prywatno\u015b\u0107 i bezpiecze\u0144stwo naszych graczy. Niniejsza Polityka prywatno\u015bci okre\u015bla nasze praktyki dotycz\u0105ce gromadzenia, wykorzystywania i ochrony danych osobowych u\u017cytkownik\u00f3w. Korzystaj\u0105c z naszych us\u0142ug, u\u017cytkownik wyra\u017ca zgod\u0119 na warunki okre\u015blone poni\u017cej. Gromadzone przez nas dane osobowe Gromadzimy dane osobowe, kt\u00f3re podajesz podczas rejestracji [...]<\/p>","protected":false},"author":2,"featured_media":0,"parent":0,"menu_order":0,"comment_status":"closed","ping_status":"closed","template":"page-no-sidebar.php","meta":{"_acf_changed":false,"footnotes":""},"class_list":["post-360","page","type-page","status-publish","hentry"],"acf":[],"yoast_head":"<!-- This site is optimized with the Yoast SEO plugin v26.7 - https:\/\/yoast.com\/wordpress\/plugins\/seo\/ -->\n<title>Privacy Policy - Lucky Jet Games<\/title>\n<meta name=\"description\" content=\"At luckyjet-games.com, we are committed to ensuring the privacy and security of our players.\" \/>\n<meta name=\"robots\" content=\"index, follow, max-snippet:-1, max-image-preview:large, max-video-preview:-1\" \/>\n<link rel=\"canonical\" href=\"https:\/\/luckyjet-games.com\/pl\/privacy-policy\/\" \/>\n<meta property=\"og:locale\" content=\"pl_PL\" \/>\n<meta property=\"og:type\" content=\"article\" \/>\n<meta property=\"og:title\" content=\"Privacy Policy - Lucky Jet Games\" \/>\n<meta property=\"og:description\" content=\"At luckyjet-games.com, we are committed to ensuring the privacy and security of our players.\" \/>\n<meta property=\"og:url\" content=\"https:\/\/luckyjet-games.com\/pl\/privacy-policy\/\" \/>\n<meta property=\"og:site_name\" content=\"Lucky Jet Games\" \/>\n<meta property=\"article:modified_time\" content=\"2023-09-25T14:08:12+00:00\" \/>\n<meta name=\"twitter:card\" content=\"summary_large_image\" \/>\n<meta name=\"twitter:label1\" content=\"Szacowany czas czytania\" \/>\n\t<meta name=\"twitter:data1\" content=\"2 minuty\" \/>\n<!-- \/ Yoast SEO plugin. -->","yoast_head_json":{"title":"Polityka prywatno\u015bci - Gry Lucky Jet","description":"Na luckyjet-games.com dok\u0142adamy wszelkich stara\u0144, aby zapewni\u0107 prywatno\u015b\u0107 i bezpiecze\u0144stwo naszych graczy.","robots":{"index":"index","follow":"follow","max-snippet":"max-snippet:-1","max-image-preview":"max-image-preview:large","max-video-preview":"max-video-preview:-1"},"canonical":"https:\/\/luckyjet-games.com\/pl\/privacy-policy\/","og_locale":"pl_PL","og_type":"article","og_title":"Privacy Policy - Lucky Jet Games","og_description":"At luckyjet-games.com, we are committed to ensuring the privacy and security of our players.","og_url":"https:\/\/luckyjet-games.com\/pl\/privacy-policy\/","og_site_name":"Lucky Jet Games","article_modified_time":"2023-09-25T14:08:12+00:00","twitter_card":"summary_large_image","twitter_misc":{"Szacowany czas czytania":"2 minuty"},"schema":{"@context":"https:\/\/schema.org","@graph":[{"@type":"WebPage","@id":"https:\/\/luckyjet-games.com\/privacy-policy\/","url":"https:\/\/luckyjet-games.com\/privacy-policy\/","name":"Polityka prywatno\u015bci - Gry Lucky Jet","isPartOf":{"@id":"https:\/\/luckyjet-games.com\/de\/#website"},"datePublished":"2023-09-25T14:06:00+00:00","dateModified":"2023-09-25T14:08:12+00:00","description":"Na luckyjet-games.com dok\u0142adamy wszelkich stara\u0144, aby zapewni\u0107 prywatno\u015b\u0107 i bezpiecze\u0144stwo naszych graczy.","breadcrumb":{"@id":"https:\/\/luckyjet-games.com\/privacy-policy\/#breadcrumb"},"inLanguage":"pl-PL","potentialAction":[{"@type":"ReadAction","target":["https:\/\/luckyjet-games.com\/privacy-policy\/"]}]},{"@type":"BreadcrumbList","@id":"https:\/\/luckyjet-games.com\/privacy-policy\/#breadcrumb","itemListElement":[{"@type":"ListItem","position":1,"name":"Home","item":"https:\/\/luckyjet-games.com\/"},{"@type":"ListItem","position":2,"name":"Privacy Policy"}]},{"@type":"WebSite","@id":"https:\/\/luckyjet-games.com\/de\/#website","url":"https:\/\/luckyjet-games.com\/de\/","name":"Lucky Jet Games","description":"","publisher":{"@id":"https:\/\/luckyjet-games.com\/de\/#organization"},"potentialAction":[{"@type":"SearchAction","target":{"@type":"EntryPoint","urlTemplate":"https:\/\/luckyjet-games.com\/de\/?s={search_term_string}"},"query-input":{"@type":"PropertyValueSpecification","valueRequired":true,"valueName":"search_term_string"}}],"inLanguage":"pl-PL"},{"@type":"Organization","@id":"https:\/\/luckyjet-games.com\/de\/#organization","name":"Lucky Jet Games","url":"https:\/\/luckyjet-games.com\/de\/","logo":{"@type":"ImageObject","inLanguage":"pl-PL","@id":"https:\/\/luckyjet-games.com\/de\/#\/schema\/logo\/image\/","url":"https:\/\/luckyjet-games.com\/wp-content\/uploads\/2022\/10\/Lucky-Jet-Game.png","contentUrl":"https:\/\/luckyjet-games.com\/wp-content\/uploads\/2022\/10\/Lucky-Jet-Game.png","width":711,"height":599,"caption":"Lucky Jet Games"},"image":{"@id":"https:\/\/luckyjet-games.com\/de\/#\/schema\/logo\/image\/"}}]}},"_links":{"self":[{"href":"https:\/\/luckyjet-games.com\/pl\/wp-json\/wp\/v2\/pages\/360","targetHints":{"allow":["GET"]}}],"collection":[{"href":"https:\/\/luckyjet-games.com\/pl\/wp-json\/wp\/v2\/pages"}],"about":[{"href":"https:\/\/luckyjet-games.com\/pl\/wp-json\/wp\/v2\/types\/page"}],"author":[{"embeddable":true,"href":"https:\/\/luckyjet-games.com\/pl\/wp-json\/wp\/v2\/users\/2"}],"replies":[{"embeddable":true,"href":"https:\/\/luckyjet-games.com\/pl\/wp-json\/wp\/v2\/comments?post=360"}],"version-history":[{"count":0,"href":"https:\/\/luckyjet-games.com\/pl\/wp-json\/wp\/v2\/pages\/360\/revisions"}],"wp:attachment":[{"href":"https:\/\/luckyjet-games.com\/pl\/wp-json\/wp\/v2\/media?parent=360"}],"curies":[{"name":"wp","href":"https:\/\/api.w.org\/{rel}","templated":true}]}}