{"id":27,"date":"2022-10-07T14:43:44","date_gmt":"2022-10-07T14:43:44","guid":{"rendered":"https:\/\/luckyjet-games.com\/?page_id=27"},"modified":"2024-03-12T18:02:22","modified_gmt":"2024-03-12T18:02:22","slug":"how-to-download-lucky-jet-app","status":"publish","type":"page","link":"https:\/\/luckyjet-games.com\/pl\/download-lucky-jet-app\/","title":{"rendered":"Jak pobra\u0107 aplikacj\u0119 Lucky Jet"},"content":{"rendered":"<div style=\"text-align: center;\"><a class=\"glow-button\" href=\"#go\" data-go=\"go\">Zagraj w Lucky Jet w kasynie 1Win<\/a><\/div>\n\n\n\n<p>\u0141atwo jest zacz\u0105\u0107 gra\u0107 w <a href=\"https:\/\/luckyjet-games.com\/pl\/\">Lucky Jet gra<\/a>. Gra b\u0119dzie przyst\u0119pna na Androida, iOS oraz Windowsa lub MacOS.<\/p>\n\n\n<div class=\"wp-block-image\">\n<figure class=\"aligncenter\"><a href=\"#go\" data-go=\"go\" rel=\"noreferrer noopener\"><img decoding=\"async\" width=\"1022\" height=\"500\" src=\"https:\/\/luckyjet-games.com\/wp-content\/uploads\/2022\/10\/Jucky-Jet-App.jpg\" alt=\"Aplikacja Lucky Jet\" class=\"wp-image-38\" srcset=\"https:\/\/luckyjet-games.com\/wp-content\/uploads\/2022\/10\/Jucky-Jet-App.jpg 1022w, https:\/\/luckyjet-games.com\/wp-content\/uploads\/2022\/10\/Jucky-Jet-App-300x147.jpg 300w, https:\/\/luckyjet-games.com\/wp-content\/uploads\/2022\/10\/Jucky-Jet-App-768x376.jpg 768w, https:\/\/luckyjet-games.com\/wp-content\/uploads\/2022\/10\/Jucky-Jet-App-82x40.jpg 82w, https:\/\/luckyjet-games.com\/wp-content\/uploads\/2022\/10\/Jucky-Jet-App-65x32.jpg 65w, https:\/\/luckyjet-games.com\/wp-content\/uploads\/2022\/10\/Jucky-Jet-App-164x80.jpg 164w, https:\/\/luckyjet-games.com\/wp-content\/uploads\/2022\/10\/Jucky-Jet-App-276x135.jpg 276w\" sizes=\"(max-width: 1022px) 100vw, 1022px\" \/><\/a><figcaption class=\"wp-element-caption\">Aplikacja Lucky Jet<\/figcaption><\/figure>\n<\/div>\n\n\n<p>Lucky Jet jest tylko gr\u0105 przegl\u0105darkow\u0105 nie znajdziesz jej w \u017cadnym sklepie z aplikacjami. Wynika to z polityki AppStore firmy Apple oraz Play Store firmy Google, kt\u00f3re nie dopuszczaj\u0105 do swoich katalog\u00f3w gier na prawdziwe pieni\u0105dze. Jednak dzia\u0142a to na nasz\u0105 korzy\u015b\u0107, poniewa\u017c wszystko czego potrzebujesz do gry to telefon, komputer lub tablet z przegl\u0105dark\u0105 po prostu kliknij na link i zacznij gra\u0107!<\/p>\n\n\n\n<figure class=\"wp-block-table\"><table><tbody><tr><td>Wersja aplikacji<\/td><td>37.02<\/td><\/tr><tr><td>Koszt<\/td><td>Bezp\u0142atnie<\/td><\/tr><tr><td>OS<\/td><td>iOS, Android<\/td><\/tr><tr><td>Play Market<\/td><td>Niedost\u0119pne<\/td><\/tr><tr><td>Apple Store<\/td><td>Niedost\u0119pne<\/td><\/tr><tr><td>G\u0142o\u015bno\u015b\u0107 dla Androida<\/td><td>43,12 Mb<\/td><\/tr><tr><td>Volume dla iOS<\/td><td>23,4 Mb<\/td><\/tr><tr><td>Obs\u0142uga kasyna<\/td><td>Tak, je\u015bli masz konto<\/td><\/tr><\/tbody><\/table><\/figure>\n\n\n\n<div id=\"ez-toc-container\" class=\"ez-toc-v2_0_75 counter-hierarchy ez-toc-counter ez-toc-grey ez-toc-container-direction\">\n<div class=\"ez-toc-title-container\">\n<p class=\"ez-toc-title\" style=\"cursor:inherit\">Spis tre\u015bci<\/p>\n<span class=\"ez-toc-title-toggle\"><a href=\"#\" class=\"ez-toc-pull-right ez-toc-btn ez-toc-btn-xs ez-toc-btn-default ez-toc-toggle\" aria-label=\"Prze\u0142\u0105czanie spisu tre\u015bci\"><span class=\"ez-toc-js-icon-con\"><span class=\"\"><span class=\"eztoc-hide\" style=\"display:none;\">Toggle<\/span><span class=\"ez-toc-icon-toggle-span\"><svg style=\"fill: #999;color:#999\" xmlns=\"http:\/\/www.w3.org\/2000\/svg\" class=\"list-377408\" width=\"20px\" height=\"20px\" viewbox=\"0 0 24 24\" fill=\"none\"><path d=\"M6 6H4v2h2V6zm14 0H8v2h12V6zM4 11h2v2H4v-2zm16 0H8v2h12v-2zM4 16h2v2H4v-2zm16 0H8v2h12v-2z\" fill=\"currentColor\"><\/path><\/svg><svg style=\"fill: #999;color:#999\" class=\"arrow-unsorted-368013\" xmlns=\"http:\/\/www.w3.org\/2000\/svg\" width=\"10px\" height=\"10px\" viewbox=\"0 0 24 24\" version=\"1.2\" baseprofile=\"tiny\"><path d=\"M18.2 9.3l-6.2-6.3-6.2 6.3c-.2.2-.3.4-.3.7s.1.5.3.7c.2.2.4.3.7.3h11c.3 0 .5-.1.7-.3.2-.2.3-.5.3-.7s-.1-.5-.3-.7zM5.8 14.7l6.2 6.3 6.2-6.3c.2-.2.3-.5.3-.7s-.1-.5-.3-.7c-.2-.2-.4-.3-.7-.3h-11c-.3 0-.5.1-.7.3-.2.2-.3.5-.3.7s.1.5.3.7z\"\/><\/svg><\/span><\/span><\/span><\/a><\/span><\/div>\n<nav><ul class='ez-toc-list ez-toc-list-level-1 eztoc-toggle-hide-by-default' ><li class='ez-toc-page-1 ez-toc-heading-level-2'><a class=\"ez-toc-link ez-toc-heading-1\" href=\"https:\/\/luckyjet-games.com\/pl\/download-lucky-jet-app\/#Play_Lucky_Jet_for_free_at_1Win_Casino\" >Zagraj w Lucky Jet za darmo w kasynie 1Win<\/a><\/li><li class='ez-toc-page-1 ez-toc-heading-level-2'><a class=\"ez-toc-link ez-toc-heading-2\" href=\"https:\/\/luckyjet-games.com\/pl\/download-lucky-jet-app\/#Download_Lucky_Jet_%E2%80%93_Play_for_real_money\" >Pobierz Lucky Jet - Zagraj na prawdziwe pieni\u0105dze<\/a><\/li><li class='ez-toc-page-1 ez-toc-heading-level-2'><a class=\"ez-toc-link ez-toc-heading-3\" href=\"https:\/\/luckyjet-games.com\/pl\/download-lucky-jet-app\/#Download_app_on_your_Android\" >Pobierz aplikacj\u0119 na Androida<\/a><ul class='ez-toc-list-level-3' ><li class='ez-toc-heading-level-3'><a class=\"ez-toc-link ez-toc-heading-4\" href=\"https:\/\/luckyjet-games.com\/pl\/download-lucky-jet-app\/#Follow_the_link\" >Pod\u0105\u017caj za linkiem:<\/a><\/li><li class='ez-toc-page-1 ez-toc-heading-level-3'><a class=\"ez-toc-link ez-toc-heading-5\" href=\"https:\/\/luckyjet-games.com\/pl\/download-lucky-jet-app\/#Use_Chrome_menu\" >U\u017cyj menu Chrome:<\/a><\/li><\/ul><\/li><li class='ez-toc-page-1 ez-toc-heading-level-2'><a class=\"ez-toc-link ez-toc-heading-6\" href=\"https:\/\/luckyjet-games.com\/pl\/download-lucky-jet-app\/#Download_for_iOS\" >Pobierz dla iOS<\/a><\/li><li class='ez-toc-page-1 ez-toc-heading-level-2'><a class=\"ez-toc-link ez-toc-heading-7\" href=\"https:\/\/luckyjet-games.com\/pl\/download-lucky-jet-app\/#Play_Lucky_Jet_game_on_your_computer\" >Zagraj w gr\u0119 Lucky Jet na swoim komputerze<\/a><\/li><li class='ez-toc-page-1 ez-toc-heading-level-2'><a class=\"ez-toc-link ez-toc-heading-8\" href=\"https:\/\/luckyjet-games.com\/pl\/download-lucky-jet-app\/#Conclusion\" >Jak korzysta\u0107 z aplikacji Lucky Jet<\/a><\/li><\/ul><\/nav><\/div>\n<h2 class=\"wp-block-heading\"><span class=\"ez-toc-section\" id=\"Play_Lucky_Jet_for_free_at_1Win_Casino\"><\/span>Zagraj w Lucky Jet za darmo w kasynie 1Win<span class=\"ez-toc-section-end\"><\/span><\/h2>\n\n\n\n<p>Daj sobie szans\u0119 na relaks i zabaw\u0119 z Lucky Jet, nie wydaj\u0105c ani grosza. Kasyna online zapewniaj\u0105 ka\u017cdemu graczowi bonusowe saldo na gr\u0119 w sloty, ruletk\u0119, pokera lub gry crash. Pod\u0105\u017caj za linkiem, zarejestruj si\u0119 i zacznij gra\u0107 bez ryzyka.<\/p>\n\n\n\n<div style=\"text-align: center;\"><a class=\"glow-button\" href=\"#go\" data-go=\"go\">Pobierz gr\u0119 Lucky Jet<\/a><\/div>\n\n\n\n<h2 class=\"wp-block-heading\"><span class=\"ez-toc-section\" id=\"Download_Lucky_Jet_%E2%80%93_Play_for_real_money\"><\/span>Pobierz Lucky Jet - Zagraj na prawdziwe pieni\u0105dze<span class=\"ez-toc-section-end\"><\/span><\/h2>\n\n\n\n<p>Jedynym sposobem, aby naprawd\u0119 cieszy\u0107 si\u0119 gr\u0105 jest szansa na wielk\u0105 wygran\u0105. A w grze Lucky Jet jest to zdecydowanie mo\u017cliwe! Zw\u0142aszcza je\u015bli zastosujesz si\u0119 do naszych prostych strategii. Wystarczy kilka klikni\u0119\u0107, aby Lucky Joe pom\u00f3g\u0142 znacznie zwi\u0119kszy\u0107 Twoje dochody. Aby zawsze mie\u0107 dost\u0119p do gry Lucky Jet, wystarczy post\u0119powa\u0107 zgodnie z poni\u017csz\u0105 instrukcj\u0105.<\/p>\n\n\n<div class=\"wp-block-image wp-image-40 size-full\">\n<figure class=\"aligncenter\"><a href=\"#go\" data-go=\"go\" rel=\"noreferrer noopener\"><img decoding=\"async\" width=\"439\" height=\"459\" src=\"https:\/\/luckyjet-games.com\/wp-content\/uploads\/2022\/10\/Download-Jucky-Jet.jpg\" alt=\"Pobierz Lucky Jet\" class=\"wp-image-40\" srcset=\"https:\/\/luckyjet-games.com\/wp-content\/uploads\/2022\/10\/Download-Jucky-Jet.jpg 439w, https:\/\/luckyjet-games.com\/wp-content\/uploads\/2022\/10\/Download-Jucky-Jet-287x300.jpg 287w, https:\/\/luckyjet-games.com\/wp-content\/uploads\/2022\/10\/Download-Jucky-Jet-38x40.jpg 38w, https:\/\/luckyjet-games.com\/wp-content\/uploads\/2022\/10\/Download-Jucky-Jet-31x32.jpg 31w, https:\/\/luckyjet-games.com\/wp-content\/uploads\/2022\/10\/Download-Jucky-Jet-77x80.jpg 77w, https:\/\/luckyjet-games.com\/wp-content\/uploads\/2022\/10\/Download-Jucky-Jet-129x135.jpg 129w\" sizes=\"(max-width: 439px) 100vw, 439px\" \/><\/a><figcaption class=\"wp-element-caption\">Pobierz Lucky Jet<\/figcaption><\/figure>\n<\/div>\n\n\n<h2 class=\"wp-block-heading\"><span class=\"ez-toc-section\" id=\"Download_app_on_your_Android\"><\/span>Pobierz aplikacj\u0119 na Androida<span class=\"ez-toc-section-end\"><\/span><\/h2>\n\n\n\n<p>Mo\u017cesz \u0142atwo uzyska\u0107 dost\u0119p do gry na tabletach z systemem Android, instaluj\u0105c aplikacj\u0119. Wystarczy wyszuka\u0107 Lucky Jet w katalogu gier po zainstalowaniu aplikacji. Je\u015bli korzystasz z telefonu, wejd\u017a na stron\u0119 kasyna w przegl\u0105darce Chrome. Aplikacje mo\u017cna zainstalowa\u0107 na dwa sposoby:<\/p>\n\n\n\n<h3 class=\"wp-block-heading\"><span class=\"ez-toc-section\" id=\"Follow_the_link\"><\/span>Pod\u0105\u017caj za linkiem:<span class=\"ez-toc-section-end\"><\/span><\/h3>\n\n\n\n<ul class=\"wp-block-list\">\n<li>Przewi\u0144 w d\u00f3\u0142 do \"Informacji\";<\/li>\n\n\n\n<li>Wybierz aplikacj\u0119 na Androida. Po zako\u0144czeniu pobierania, przejd\u017a do \"Ustawienia\" i wybierz \"Zaawansowane\". Wybierz \"Aplikacja na Androida\", a nast\u0119pnie poczekaj, a\u017c program zostanie zainstalowany.<\/li>\n\n\n\n<li>Zainstaluj plik .apk po jego pobraniu.<\/li>\n<\/ul>\n\n\n\n<h3 class=\"wp-block-heading\"><span class=\"ez-toc-section\" id=\"Use_Chrome_menu\"><\/span>U\u017cyj menu Chrome:<span class=\"ez-toc-section-end\"><\/span><\/h3>\n\n\n\n<ul class=\"wp-block-list\">\n<li>Kliknij na menu przegl\u0105darki w prawym g\u00f3rnym rogu. (Powinno wygl\u0105da\u0107 jak trzy kropki).<\/li>\n\n\n\n<li>Wybierz \"Zainstaluj aplikacj\u0119\";<\/li>\n\n\n\n<li>Kliknij \"Zainstaluj\" w wyskakuj\u0105cym oknie;<\/li>\n\n\n\n<li>Ikona kasyna pojawi si\u0119 na li\u015bcie aplikacji.<\/li>\n<\/ul>\n\n\n<div class=\"wp-block-image wp-image-41 size-full\">\n<figure class=\"aligncenter\"><a href=\"#go\" data-go=\"go\" rel=\"noreferrer noopener\"><img decoding=\"async\" width=\"245\" height=\"467\" src=\"https:\/\/luckyjet-games.com\/wp-content\/uploads\/2022\/10\/Jucky-Jet-Download.jpg\" alt=\"Lucky Jet Pobierz\" class=\"wp-image-41\" srcset=\"https:\/\/luckyjet-games.com\/wp-content\/uploads\/2022\/10\/Jucky-Jet-Download.jpg 245w, https:\/\/luckyjet-games.com\/wp-content\/uploads\/2022\/10\/Jucky-Jet-Download-157x300.jpg 157w, https:\/\/luckyjet-games.com\/wp-content\/uploads\/2022\/10\/Jucky-Jet-Download-21x40.jpg 21w, https:\/\/luckyjet-games.com\/wp-content\/uploads\/2022\/10\/Jucky-Jet-Download-17x32.jpg 17w, https:\/\/luckyjet-games.com\/wp-content\/uploads\/2022\/10\/Jucky-Jet-Download-42x80.jpg 42w, https:\/\/luckyjet-games.com\/wp-content\/uploads\/2022\/10\/Jucky-Jet-Download-71x135.jpg 71w\" sizes=\"(max-width: 245px) 100vw, 245px\" \/><\/a><figcaption class=\"wp-element-caption\">Lucky Jet Pobierz<\/figcaption><\/figure>\n<\/div>\n\n\n<div style=\"text-align: center;\"><a class=\"glow-button\" href=\"#go\" data-go=\"go\">Odtw\u00f3rz Lucky Jet<\/a><\/div>\n\n\n\n<h2 class=\"wp-block-heading\"><span class=\"ez-toc-section\" id=\"Download_for_iOS\"><\/span>Pobierz dla iOS<span class=\"ez-toc-section-end\"><\/span><\/h2>\n\n\n\n<p>Aby zainstalowa\u0107 gr\u0119 na iPhonie lub iPadzie, musisz utworzy\u0107 zak\u0142adk\u0119 w Safari i wys\u0142a\u0107 j\u0105 do g\u0142\u00f3wnego ekranu. Aby to zrobi\u0107:<\/p>\n\n\n\n<ul class=\"wp-block-list\">\n<li>otw\u00f3rz Safari na swoim iPhonie;<\/li>\n\n\n\n<li>przejd\u017a do strony kasyna;<\/li>\n\n\n\n<li>kliknij na przycisk \"Otw\u00f3rz\";<\/li>\n\n\n\n<li>wybra\u0107 \"ekran g\u0142\u00f3wny\";<\/li>\n\n\n\n<li>na ekranie g\u0142\u00f3wnym telefonu pojawi si\u0119 ikona kasyna.<\/li>\n<\/ul>\n\n\n\n<h2 class=\"wp-block-heading\"><span class=\"ez-toc-section\" id=\"Play_Lucky_Jet_game_on_your_computer\"><\/span>Zagraj w gr\u0119 Lucky Jet na swoim komputerze<span class=\"ez-toc-section-end\"><\/span><\/h2>\n\n\n\n<p>Gra jest dost\u0119pna wy\u0142\u0105cznie w wersji internetowej dla systemu Windows i MacOS. Gr\u0119 mo\u017cna zawsze znale\u017a\u0107 w kolekcji gier na stronie 1win. Aby otrzyma\u0107 natychmiastow\u0105 informacj\u0119 zwrotn\u0105 na temat gry, nie zapomnij doda\u0107 strony do zak\u0142adek!<\/p>\n\n\n<div class=\"wp-block-image wp-image-42 size-full\">\n<figure class=\"aligncenter\"><a href=\"#go\" data-go=\"go\" rel=\"noreferrer noopener\"><img decoding=\"async\" width=\"694\" height=\"427\" src=\"https:\/\/luckyjet-games.com\/wp-content\/uploads\/2022\/10\/Play-Jucky-Jet-Game.jpg\" alt=\"Zagraj w gr\u0119 Lucky Jet\" class=\"wp-image-42\" srcset=\"https:\/\/luckyjet-games.com\/wp-content\/uploads\/2022\/10\/Play-Jucky-Jet-Game.jpg 694w, https:\/\/luckyjet-games.com\/wp-content\/uploads\/2022\/10\/Play-Jucky-Jet-Game-300x185.jpg 300w, https:\/\/luckyjet-games.com\/wp-content\/uploads\/2022\/10\/Play-Jucky-Jet-Game-65x40.jpg 65w, https:\/\/luckyjet-games.com\/wp-content\/uploads\/2022\/10\/Play-Jucky-Jet-Game-52x32.jpg 52w, https:\/\/luckyjet-games.com\/wp-content\/uploads\/2022\/10\/Play-Jucky-Jet-Game-130x80.jpg 130w, https:\/\/luckyjet-games.com\/wp-content\/uploads\/2022\/10\/Play-Jucky-Jet-Game-219x135.jpg 219w\" sizes=\"(max-width: 694px) 100vw, 694px\" \/><\/a><figcaption class=\"wp-element-caption\">Zagraj w gr\u0119 Lucky Jet<\/figcaption><\/figure>\n<\/div>\n\n\n<div style=\"text-align: center;\"><a class=\"glow-button\" href=\"#go\" data-go=\"go\">Zagraj w Lucky Jet z telefonu kom\u00f3rkowego<\/a><\/div>\n\n\n\n<h2 class=\"wp-block-heading\"><span class=\"ez-toc-section\" id=\"Conclusion\"><\/span>Jak korzysta\u0107 z aplikacji Lucky Jet<span class=\"ez-toc-section-end\"><\/span><\/h2>\n\n\n\n<p>Lucky Jet to gra, kt\u00f3ra jest \u0142atwo dost\u0119pna i mo\u017cna w ni\u0105 gra\u0107 na ka\u017cdym urz\u0105dzeniu. Jedyne, czego potrzebujesz, to przegl\u0105darka. A je\u015bli chcesz gra\u0107 na prawdziwe pieni\u0105dze, po prostu pobierz aplikacj\u0119 lub skorzystaj z wersji internetowej na swoim komputerze. Przy odrobinie szcz\u0119\u015bcia, Lucky Jet mo\u017ce pom\u00f3c Ci osi\u0105gn\u0105\u0107 kilka powa\u017cnych zysk\u00f3w!<\/p>\n<div class=\"author-card author-card--top\"><img alt='Zdj\u0119cie awatara' src='https:\/\/luckyjet-games.com\/wp-content\/uploads\/2023\/03\/Chris-Hodge-130x130.jpg' srcset='https:\/\/luckyjet-games.com\/wp-content\/uploads\/2023\/03\/Chris-Hodge-260x260.jpg 2x' class='avatar avatar-130 photo author-image' height='130' width='130' \/><div class=\"author-content text-md-center\"><span class=\"author-title\">Autor<\/span><a href=\"https:\/\/luckyjet-games.com\/pl\/author\/chris-hodge\/\" class=\"author-name\">Chris Hodge<\/a><p class=\"author__details\">Chris Hodge jest ekspertem w dziedzinie gier hazardowych. Gra i studiuje gry kasynowe od ponad 10 lat. W tym czasie rozwin\u0105\u0142 intymne zrozumienie strategii i mechaniki stoj\u0105cej za ka\u017cd\u0105 gr\u0105 w kasynie.<br \/>\r\n<br \/>\r\nWiedza i do\u015bwiadczenie Chrisa sprawi\u0142y, \u017ce sta\u0142 si\u0119 on sta\u0142ym wsp\u00f3\u0142pracownikiem kilku czo\u0142owych publikacji po\u015bwi\u0119conych hazardowi. Jest on r\u00f3wnie\u017c cz\u0119sto zapraszany przez kasyna do udzielania fachowych porad na temat nowych gier i promocji.<\/p><\/div><!-- \/.author-content --><\/div>","protected":false},"excerpt":{"rendered":"<p>Zagraj w Lucky Jet w kasynie 1Win Rozpocz\u0119cie gry w Lucky Jet jest bardzo proste. Gra b\u0119dzie dost\u0119pna dla system\u00f3w Android, iOS oraz Windows lub MacOS. Lucky Jet to tylko gra przegl\u0105darkowa, kt\u00f3rej nie znajdziesz w \u017cadnym sklepie z aplikacjami. Wynika to z AppStore firmy Apple i Play Store firmy Google [...]<\/p>","protected":false},"author":2,"featured_media":0,"parent":0,"menu_order":0,"comment_status":"closed","ping_status":"closed","template":"page-no-sidebar.php","meta":{"_acf_changed":false,"footnotes":""},"class_list":["post-27","page","type-page","status-publish","hentry"],"acf":[],"yoast_head":"<!-- This site is optimized with the Yoast SEO plugin v26.7 - https:\/\/yoast.com\/wordpress\/plugins\/seo\/ -->\n<title>How to Download Lucky Jet App: Android, iPhone, Windows or Mac<\/title>\n<meta name=\"description\" content=\"How to download Lucky Jet App for Android, iPhone, Windows or Mac. Download Lucky Jet 1win casino game on your smartphone \ud83d\ude80 How to Install Lucky Jet apk\" \/>\n<meta name=\"robots\" content=\"index, follow, max-snippet:-1, max-image-preview:large, max-video-preview:-1\" \/>\n<link rel=\"canonical\" href=\"https:\/\/luckyjet-games.com\/pl\/download-lucky-jet-app\/\" \/>\n<meta property=\"og:locale\" content=\"pl_PL\" \/>\n<meta property=\"og:type\" content=\"article\" \/>\n<meta property=\"og:title\" content=\"How to Download Lucky Jet App: Android, iPhone, Windows or Mac\" \/>\n<meta property=\"og:description\" content=\"How to download Lucky Jet App for Android, iPhone, Windows or Mac. Download Lucky Jet 1win casino game on your smartphone \ud83d\ude80 How to Install Lucky Jet apk\" \/>\n<meta property=\"og:url\" content=\"https:\/\/luckyjet-games.com\/pl\/download-lucky-jet-app\/\" \/>\n<meta property=\"og:site_name\" content=\"Lucky Jet Games\" \/>\n<meta property=\"article:modified_time\" content=\"2024-03-12T18:02:22+00:00\" \/>\n<meta property=\"og:image\" content=\"https:\/\/luckyjet-games.com\/wp-content\/uploads\/2022\/10\/Jucky-Jet-App.jpg\" \/>\n<meta name=\"twitter:card\" content=\"summary_large_image\" \/>\n<meta name=\"twitter:label1\" content=\"Szacowany czas czytania\" \/>\n\t<meta name=\"twitter:data1\" content=\"4 minuty\" \/>\n<!-- \/ Yoast SEO plugin. -->","yoast_head_json":{"title":"Aplikacja Lucky Jet \u2013 Najlepsze Rozwi\u0105zania Dla Twojej Wygody","description":"Pobierz aplikacj\u0119 Lucky Jet na sw\u00f3j smartfon \ud83d\udcf2 Graj w podr\u00f3\u017cy bezpo\u015brednio z telefonu \ud83d\udeb6\ud83c\udffb\u200d\u2642\ufe0f\u200d\u27a1\ufe0f Mo\u017cna j\u0105 zainstalowa\u0107 zar\u00f3wno na Androida, jak i na iOS.","robots":{"index":"index","follow":"follow","max-snippet":"max-snippet:-1","max-image-preview":"max-image-preview:large","max-video-preview":"max-video-preview:-1"},"canonical":"https:\/\/luckyjet-games.com\/pl\/download-lucky-jet-app\/","og_locale":"pl_PL","og_type":"article","og_title":"How to Download Lucky Jet App: Android, iPhone, Windows or Mac","og_description":"How to download Lucky Jet App for Android, iPhone, Windows or Mac. Download Lucky Jet 1win casino game on your smartphone \ud83d\ude80 How to Install Lucky Jet apk","og_url":"https:\/\/luckyjet-games.com\/pl\/download-lucky-jet-app\/","og_site_name":"Lucky Jet Games","article_modified_time":"2024-03-12T18:02:22+00:00","og_image":[{"url":"https:\/\/luckyjet-games.com\/wp-content\/uploads\/2022\/10\/Jucky-Jet-App.jpg","type":"","width":"","height":""}],"twitter_card":"summary_large_image","twitter_misc":{"Szacowany czas czytania":"4 minuty"},"schema":{"@context":"https:\/\/schema.org","@graph":[{"@type":"WebPage","@id":"https:\/\/luckyjet-games.com\/download-lucky-jet-app\/","url":"https:\/\/luckyjet-games.com\/download-lucky-jet-app\/","name":"Aplikacja Lucky Jet \u2013 Najlepsze Rozwi\u0105zania Dla Twojej Wygody","isPartOf":{"@id":"https:\/\/luckyjet-games.com\/de\/#website"},"primaryImageOfPage":{"@id":"https:\/\/luckyjet-games.com\/download-lucky-jet-app\/#primaryimage"},"image":{"@id":"https:\/\/luckyjet-games.com\/download-lucky-jet-app\/#primaryimage"},"thumbnailUrl":"https:\/\/luckyjet-games.com\/wp-content\/uploads\/2022\/10\/Jucky-Jet-App.jpg","datePublished":"2022-10-07T14:43:44+00:00","dateModified":"2024-03-12T18:02:22+00:00","description":"Pobierz aplikacj\u0119 Lucky Jet na sw\u00f3j smartfon \ud83d\udcf2 Graj w podr\u00f3\u017cy bezpo\u015brednio z telefonu \ud83d\udeb6\ud83c\udffb\u200d\u2642\ufe0f\u200d\u27a1\ufe0f Mo\u017cna j\u0105 zainstalowa\u0107 zar\u00f3wno na Androida, jak i na iOS.","breadcrumb":{"@id":"https:\/\/luckyjet-games.com\/download-lucky-jet-app\/#breadcrumb"},"inLanguage":"pl-PL","potentialAction":[{"@type":"ReadAction","target":["https:\/\/luckyjet-games.com\/download-lucky-jet-app\/"]}]},{"@type":"ImageObject","inLanguage":"pl-PL","@id":"https:\/\/luckyjet-games.com\/download-lucky-jet-app\/#primaryimage","url":"https:\/\/luckyjet-games.com\/wp-content\/uploads\/2022\/10\/Jucky-Jet-App.jpg","contentUrl":"https:\/\/luckyjet-games.com\/wp-content\/uploads\/2022\/10\/Jucky-Jet-App.jpg"},{"@type":"BreadcrumbList","@id":"https:\/\/luckyjet-games.com\/download-lucky-jet-app\/#breadcrumb","itemListElement":[{"@type":"ListItem","position":1,"name":"Home","item":"https:\/\/luckyjet-games.com\/"},{"@type":"ListItem","position":2,"name":"How to Download Lucky Jet App"}]},{"@type":"WebSite","@id":"https:\/\/luckyjet-games.com\/de\/#website","url":"https:\/\/luckyjet-games.com\/de\/","name":"Lucky Jet Games","description":"","publisher":{"@id":"https:\/\/luckyjet-games.com\/de\/#organization"},"potentialAction":[{"@type":"SearchAction","target":{"@type":"EntryPoint","urlTemplate":"https:\/\/luckyjet-games.com\/de\/?s={search_term_string}"},"query-input":{"@type":"PropertyValueSpecification","valueRequired":true,"valueName":"search_term_string"}}],"inLanguage":"pl-PL"},{"@type":"Organization","@id":"https:\/\/luckyjet-games.com\/de\/#organization","name":"Lucky Jet Games","url":"https:\/\/luckyjet-games.com\/de\/","logo":{"@type":"ImageObject","inLanguage":"pl-PL","@id":"https:\/\/luckyjet-games.com\/de\/#\/schema\/logo\/image\/","url":"https:\/\/luckyjet-games.com\/wp-content\/uploads\/2022\/10\/Lucky-Jet-Game.png","contentUrl":"https:\/\/luckyjet-games.com\/wp-content\/uploads\/2022\/10\/Lucky-Jet-Game.png","width":711,"height":599,"caption":"Lucky Jet Games"},"image":{"@id":"https:\/\/luckyjet-games.com\/de\/#\/schema\/logo\/image\/"}}]}},"_links":{"self":[{"href":"https:\/\/luckyjet-games.com\/pl\/wp-json\/wp\/v2\/pages\/27","targetHints":{"allow":["GET"]}}],"collection":[{"href":"https:\/\/luckyjet-games.com\/pl\/wp-json\/wp\/v2\/pages"}],"about":[{"href":"https:\/\/luckyjet-games.com\/pl\/wp-json\/wp\/v2\/types\/page"}],"author":[{"embeddable":true,"href":"https:\/\/luckyjet-games.com\/pl\/wp-json\/wp\/v2\/users\/2"}],"replies":[{"embeddable":true,"href":"https:\/\/luckyjet-games.com\/pl\/wp-json\/wp\/v2\/comments?post=27"}],"version-history":[{"count":0,"href":"https:\/\/luckyjet-games.com\/pl\/wp-json\/wp\/v2\/pages\/27\/revisions"}],"wp:attachment":[{"href":"https:\/\/luckyjet-games.com\/pl\/wp-json\/wp\/v2\/media?parent=27"}],"curies":[{"name":"wp","href":"https:\/\/api.w.org\/{rel}","templated":true}]}}