{"id":250,"date":"2022-12-20T11:11:31","date_gmt":"2022-12-20T11:11:31","guid":{"rendered":"https:\/\/luckyjet-games.com\/?page_id=250"},"modified":"2024-03-13T19:00:42","modified_gmt":"2024-03-13T19:00:42","slug":"lucky-jet-promo-code-and-bonus","status":"publish","type":"page","link":"https:\/\/luckyjet-games.com\/pl\/lucky-jet-promo-code\/","title":{"rendered":"Lucky Jet kod promocyjny i bonus"},"content":{"rendered":"<div style=\"text-align: center;\"><a class=\"glow-button-new\" href=\"#go\" data-go=\"go\">Zdob\u0105d\u017a bonus Lucky Jet \ud83c\udf81<\/a><\/div>\n\n\n\n<p>Wykorzystaj swoj\u0105 szans\u0119 na rozpocz\u0119cie gry dzi\u0119ki kodom wst\u0119pnym, ale pami\u0119taj, \u017ce s\u0105 one wa\u017cne tylko przez kr\u00f3tki okres czasu po utworzeniu konta. Jak tylko si\u0119 zalogujesz, licznik zacznie odlicza\u0107 czas pozosta\u0142y do ko\u0144ca tej jedynej w swoim rodzaju transakcji! Aby skorzysta\u0107 z tej promocji i otrzyma\u0107 wszystko, co ma do zaoferowania, zarejestruj si\u0119 na stronie <a href=\"https:\/\/luckyjet-games.com\/pl\/\">Lucky Jet<\/a> teraz - poniewa\u017c ta okazja jest ekskluzywna dla nowych cz\u0142onk\u00f3w.<\/p>\n\n\n<div class=\"wp-block-image\">\n<figure class=\"aligncenter is-resized\"><a href=\"#go\" data-go=\"go\"><img decoding=\"async\" width=\"1024\" height=\"1024\" src=\"https:\/\/luckyjet-games.com\/wp-content\/uploads\/2023\/04\/LUCKY4444-1024x1024.jpg\" alt=\"LUCKY4444\" class=\"wp-image-307\" style=\"width:450px\" srcset=\"https:\/\/luckyjet-games.com\/wp-content\/uploads\/2023\/04\/LUCKY4444-1024x1024.jpg 1024w, https:\/\/luckyjet-games.com\/wp-content\/uploads\/2023\/04\/LUCKY4444-300x300.jpg 300w, https:\/\/luckyjet-games.com\/wp-content\/uploads\/2023\/04\/LUCKY4444-150x150.jpg 150w, https:\/\/luckyjet-games.com\/wp-content\/uploads\/2023\/04\/LUCKY4444-768x768.jpg 768w, https:\/\/luckyjet-games.com\/wp-content\/uploads\/2023\/04\/LUCKY4444-1536x1536.jpg 1536w, https:\/\/luckyjet-games.com\/wp-content\/uploads\/2023\/04\/LUCKY4444-12x12.jpg 12w, https:\/\/luckyjet-games.com\/wp-content\/uploads\/2023\/04\/LUCKY4444-40x40.jpg 40w, https:\/\/luckyjet-games.com\/wp-content\/uploads\/2023\/04\/LUCKY4444-50x50.jpg 50w, https:\/\/luckyjet-games.com\/wp-content\/uploads\/2023\/04\/LUCKY4444-100x100.jpg 100w, https:\/\/luckyjet-games.com\/wp-content\/uploads\/2023\/04\/LUCKY4444-120x120.jpg 120w, https:\/\/luckyjet-games.com\/wp-content\/uploads\/2023\/04\/LUCKY4444-135x135.jpg 135w, https:\/\/luckyjet-games.com\/wp-content\/uploads\/2023\/04\/LUCKY4444-270x270.jpg 270w, https:\/\/luckyjet-games.com\/wp-content\/uploads\/2023\/04\/LUCKY4444-450x450.jpg 450w, https:\/\/luckyjet-games.com\/wp-content\/uploads\/2023\/04\/LUCKY4444-479x479.jpg 479w, https:\/\/luckyjet-games.com\/wp-content\/uploads\/2023\/04\/LUCKY4444-570x570.jpg 570w, https:\/\/luckyjet-games.com\/wp-content\/uploads\/2023\/04\/LUCKY4444-767x767.jpg 767w, https:\/\/luckyjet-games.com\/wp-content\/uploads\/2023\/04\/LUCKY4444-32x32.jpg 32w, https:\/\/luckyjet-games.com\/wp-content\/uploads\/2023\/04\/LUCKY4444-80x80.jpg 80w, https:\/\/luckyjet-games.com\/wp-content\/uploads\/2023\/04\/LUCKY4444.jpg 1600w\" sizes=\"(max-width: 1024px) 100vw, 1024px\" \/><\/a><figcaption class=\"wp-element-caption\">LUCKY4444<\/figcaption><\/figure>\n<\/div>\n\n\n<p>Uzyskanie kodu promocyjnego Lucky Jet jest \u0142atwo osi\u0105galne poprzez wyszukiwanie na oficjalnej stronie internetowej. Sieci spo\u0142eczno\u015bciowe po\u015bwi\u0119cone tej grze lub strony z partnerstwem z deweloperem 1win s\u0105 r\u00f3wnie\u017c potencjalnymi \u017ar\u00f3d\u0142ami. Wa\u017cne jest jednak, aby ustali\u0107, czy kody te wygas\u0142y i zosta\u0142y zast\u0105pione przez nowsze wersje, zanim je wykorzystasz.<\/p>\n\n\n\n<p>Aby zapewni\u0107 graczom jak najwi\u0119cej korzy\u015bci z Lucky Jet, stale dostarczamy aktualizacje bonus\u00f3w za pomoc\u0105 kod\u00f3w, kt\u00f3re s\u0105 dost\u0119pne na naszej oficjalnej stronie internetowej, wpisach na blogu i innych platformach medi\u00f3w spo\u0142eczno\u015bciowych. Po ich aktywacji, na saldzie Twojego konta bez w\u0105tpienia pojawi si\u0119 rozkoszna niespodzianka!<\/p>\n\n\n\n<div id=\"ez-toc-container\" class=\"ez-toc-v2_0_75 counter-hierarchy ez-toc-counter ez-toc-grey ez-toc-container-direction\">\n<div class=\"ez-toc-title-container\">\n<p class=\"ez-toc-title\" style=\"cursor:inherit\">Spis tre\u015bci<\/p>\n<span class=\"ez-toc-title-toggle\"><a href=\"#\" class=\"ez-toc-pull-right ez-toc-btn ez-toc-btn-xs ez-toc-btn-default ez-toc-toggle\" aria-label=\"Prze\u0142\u0105czanie spisu tre\u015bci\"><span class=\"ez-toc-js-icon-con\"><span class=\"\"><span class=\"eztoc-hide\" style=\"display:none;\">Toggle<\/span><span class=\"ez-toc-icon-toggle-span\"><svg style=\"fill: #999;color:#999\" xmlns=\"http:\/\/www.w3.org\/2000\/svg\" class=\"list-377408\" width=\"20px\" height=\"20px\" viewbox=\"0 0 24 24\" fill=\"none\"><path d=\"M6 6H4v2h2V6zm14 0H8v2h12V6zM4 11h2v2H4v-2zm16 0H8v2h12v-2zM4 16h2v2H4v-2zm16 0H8v2h12v-2z\" fill=\"currentColor\"><\/path><\/svg><svg style=\"fill: #999;color:#999\" class=\"arrow-unsorted-368013\" xmlns=\"http:\/\/www.w3.org\/2000\/svg\" width=\"10px\" height=\"10px\" viewbox=\"0 0 24 24\" version=\"1.2\" baseprofile=\"tiny\"><path d=\"M18.2 9.3l-6.2-6.3-6.2 6.3c-.2.2-.3.4-.3.7s.1.5.3.7c.2.2.4.3.7.3h11c.3 0 .5-.1.7-.3.2-.2.3-.5.3-.7s-.1-.5-.3-.7zM5.8 14.7l6.2 6.3 6.2-6.3c.2-.2.3-.5.3-.7s-.1-.5-.3-.7c-.2-.2-.4-.3-.7-.3h-11c-.3 0-.5.1-.7.3-.2.2-.3.5-.3.7s.1.5.3.7z\"\/><\/svg><\/span><\/span><\/span><\/a><\/span><\/div>\n<nav><ul class='ez-toc-list ez-toc-list-level-1 eztoc-toggle-hide-by-default' ><li class='ez-toc-page-1 ez-toc-heading-level-2'><a class=\"ez-toc-link ez-toc-heading-1\" href=\"https:\/\/luckyjet-games.com\/pl\/lucky-jet-promo-code\/#How_to_Activate_a_Promocode\" >Jak aktywowa\u0107 kod promocyjny?<\/a><\/li><li class='ez-toc-page-1 ez-toc-heading-level-2'><a class=\"ez-toc-link ez-toc-heading-2\" href=\"https:\/\/luckyjet-games.com\/pl\/lucky-jet-promo-code\/#Bonus_Lucky_Jet_Game\" >Bonus Lucky Jet Gra<\/a><ul class='ez-toc-list-level-3' ><li class='ez-toc-heading-level-3'><a class=\"ez-toc-link ez-toc-heading-3\" href=\"https:\/\/luckyjet-games.com\/pl\/lucky-jet-promo-code\/#Lucky_Jet_Cashback\" >Lucky Jet Cashback<\/a><\/li><\/ul><\/li><li class='ez-toc-page-1 ez-toc-heading-level-2'><a class=\"ez-toc-link ez-toc-heading-4\" href=\"https:\/\/luckyjet-games.com\/pl\/lucky-jet-promo-code\/#How_to_Enter_a_Promo_Code_in_1win_LuckyJet\" >Jak wprowadzi\u0107 kod promocyjny w 1win LuckyJet?<\/a><\/li><li class='ez-toc-page-1 ez-toc-heading-level-2'><a class=\"ez-toc-link ez-toc-heading-5\" href=\"https:\/\/luckyjet-games.com\/pl\/lucky-jet-promo-code\/#What_Does_the_Promo_Code_Give_in_Lucky_Jet_1win\" >Co daje kod promocyjny w Lucky Jet 1win<\/a><\/li><\/ul><\/nav><\/div>\n<h2 class=\"wp-block-heading\"><span class=\"ez-toc-section\" id=\"How_to_Activate_a_Promocode\"><\/span>Jak aktywowa\u0107 kod promocyjny?<span class=\"ez-toc-section-end\"><\/span><\/h2>\n\n\n\n<p>Aktywacja kodu promocyjnego Lucky Jet \"<strong>LUCKY4444<\/strong>\" jest do\u015b\u0107 prostym procesem. Wszystko, co musisz zrobi\u0107, to wprowadzi\u0107 kod promocyjny w ustawieniach konta i zastosowa\u0107 go. Gdy to zrobisz, b\u0119dziesz m\u00f3g\u0142 cieszy\u0107 si\u0119 szeregiem korzy\u015bci, takich jak darmowe spiny, ekskluzywne bonusy, a nawet dodatkowe monety! Po prostu loguj si\u0119 regularnie, aby otrzyma\u0107 wi\u0119cej nagr\u00f3d!<\/p>\n\n\n\n<p>Ostatecznie Lucky Jet to niesamowicie rozrywkowa gra, kt\u00f3ra utrzyma Ci\u0119 na kraw\u0119dzi fotela. Upewnij si\u0119, \u017ce w pe\u0142ni wykorzystasz wszystkie dost\u0119pne kody promocyjne, aby uzyska\u0107 maksymaln\u0105 zabaw\u0119 i nagrody!<\/p>\n\n\n\n<div style=\"text-align: center;\"><a class=\"glow-button-new\" href=\"#go\" data-go=\"go\">Zacznij gra\u0107 Lucky Jet<\/a><\/div>\n\n\n\n<h2 class=\"wp-block-heading\"><span class=\"ez-toc-section\" id=\"Bonus_Lucky_Jet_Game\"><\/span>Bonus Lucky Jet Gra<span class=\"ez-toc-section-end\"><\/span><\/h2>\n\n\n\n<p>Aby pom\u00f3c nowym graczom mie\u0107 pozytywne pierwsze do\u015bwiadczenia, bonus powitalny dzia\u0142a jako oznaka dobrej woli ze strony deweloper\u00f3w. S\u0142u\u017cy to zmotywowaniu u\u017cytkownik\u00f3w do zarejestrowania si\u0119 na platformie i pozostania zaanga\u017cowanym przez d\u0142u\u017cszy czas. Lucky Jet chce r\u00f3wnie\u017c, aby gracze byli zaanga\u017cowani w ca\u0142y proces gry i rozumieli wszystkie jej mechanizmy, dlatego zach\u0119ca ich do pozostania w grze nawet po wykorzystaniu bonusu powitalnego.<\/p>\n\n\n\n<p>Kody promocyjne Lucky Jet s\u0105 wsz\u0119dzie! Mo\u017cesz je odkry\u0107 na blogach, forach spo\u0142eczno\u015bciowych, artyku\u0142ach informacyjnych i wielu innych. Wi\u0119c upewnij si\u0119, \u017ce masz oko na najnowsze kody promocyjne i zacznij zarabia\u0107 na wszystkich zabawach i nagrodach, kt\u00f3re ta gra ma do zaoferowania!<\/p>\n\n\n\n<p>Ciesz si\u0119 swoim czasem na Lucky Jet i miej wspania\u0142e do\u015bwiadczenie graj\u0105c z nami. Im wi\u0119cej b\u0119dziesz gra\u0142, tym lepsze nagrody otrzymasz!<\/p>\n\n\n<div class=\"wp-block-image\">\n<figure class=\"aligncenter\"><a href=\"#go\" data-go=\"go\"><img decoding=\"async\" width=\"631\" height=\"305\" src=\"https:\/\/luckyjet-games.com\/wp-content\/uploads\/2022\/12\/Lucky-Jet-1win.jpg\" alt=\"Lucky Jet 1win\" class=\"wp-image-255\" srcset=\"https:\/\/luckyjet-games.com\/wp-content\/uploads\/2022\/12\/Lucky-Jet-1win.jpg 631w, https:\/\/luckyjet-games.com\/wp-content\/uploads\/2022\/12\/Lucky-Jet-1win-300x145.jpg 300w, https:\/\/luckyjet-games.com\/wp-content\/uploads\/2022\/12\/Lucky-Jet-1win-18x9.jpg 18w, https:\/\/luckyjet-games.com\/wp-content\/uploads\/2022\/12\/Lucky-Jet-1win-83x40.jpg 83w, https:\/\/luckyjet-games.com\/wp-content\/uploads\/2022\/12\/Lucky-Jet-1win-66x32.jpg 66w, https:\/\/luckyjet-games.com\/wp-content\/uploads\/2022\/12\/Lucky-Jet-1win-166x80.jpg 166w, https:\/\/luckyjet-games.com\/wp-content\/uploads\/2022\/12\/Lucky-Jet-1win-279x135.jpg 279w\" sizes=\"(max-width: 631px) 100vw, 631px\" \/><\/a><figcaption class=\"wp-element-caption\">Lucky Jet 1win<\/figcaption><\/figure>\n<\/div>\n\n\n<div style=\"text-align: center;\"><a class=\"glow-button-new\" href=\"#go\" data-go=\"go\">Zdob\u0105d\u017a bonus powitalny Lucky Jet<\/a><\/div>\n\n\n\n<h3 class=\"wp-block-heading\"><span class=\"ez-toc-section\" id=\"Lucky_Jet_Cashback\"><\/span>Lucky Jet Cashback<span class=\"ez-toc-section-end\"><\/span><\/h3>\n\n\n\n<p>Dodatkowym sposobem na uzyskanie zysku z dzia\u0142alno\u015bci rekreacyjnej, jak\u0105 jest gra, jest wykorzystanie programu promocyjnego administrowanego przez kierownictwo.<\/p>\n\n\n\n<p>Gracze s\u0105 w stanie odzyska\u0107 cz\u0119\u015b\u0107 pieni\u0119dzy, kt\u00f3re w\u0142o\u017cyli w gr\u0119, w zale\u017cno\u015bci od ich wynik\u00f3w w grze.<\/p>\n\n\n\n<p>Lucky Jet oferuje hojne tygodniowe zwroty od wszystkich wydanych kwot, pozwalaj\u0105c u\u017cytkownikom na odebranie nagr\u00f3d na koniec ka\u017cdego okresu bezpo\u015brednio na ich konto depozytowe. We\u017a udzia\u0142 w Lucky Jet i czerp korzy\u015bci!<\/p>\n\n\n\n<p>W przeciwie\u0144stwie do bonus\u00f3w promocyjnych, cashback nie mo\u017ce by\u0107 wyp\u0142acony, ale mo\u017ce by\u0107 ponownie zainwestowany w zak\u0142ady lub obroty na slotach, aby pom\u00f3c Ci osi\u0105gn\u0105\u0107 kolejne zwyci\u0119stwo.<\/p>\n\n\n\n<h2 class=\"wp-block-heading\"><span class=\"ez-toc-section\" id=\"How_to_Enter_a_Promo_Code_in_1win_LuckyJet\"><\/span>Jak wprowadzi\u0107 kod promocyjny w 1win LuckyJet?<span class=\"ez-toc-section-end\"><\/span><\/h2>\n\n\n\n<p>W przypadku niekt\u00f3rych u\u017cytkownik\u00f3w mog\u0105 oni mie\u0107 trudno\u015bci z zastosowaniem kodu promocyjnego z powodu pomini\u0119cia kroku podczas rejestracji.<\/p>\n\n\n\n<p>Nast\u0119pnie, je\u015bli aktywacja nie dzia\u0142a poprawnie, nowi gracze musz\u0105 zwr\u00f3ci\u0107 baczn\u0105 uwag\u0119 i upewni\u0107 si\u0119, \u017ce dzia\u0142a ona prawid\u0142owo.<\/p>\n\n\n\n<p>Aby poprawnie wykorzysta\u0107 sw\u00f3j kod promocyjny, wykonaj nast\u0119puj\u0105ce kroki:<\/p>\n\n\n\n<ol class=\"wp-block-list\">\n<li>Uruchom stron\u0119 g\u0142\u00f3wn\u0105 oficjalnej witryny kasyna.<\/li>\n\n\n\n<li>Aby uzyska\u0107 dost\u0119p do rejestracji lub logowania, kliknij odpowiedni przycisk.<\/li>\n\n\n\n<li>Wype\u0142nij odpowiednie pola i pami\u0119taj, aby wstawi\u0107 podany kod kuponu \"<strong>LUCKY4444<\/strong>&#8220;.<\/li>\n\n\n\n<li>Aby zweryfikowa\u0107 podane dane, skorzystaj z linku przes\u0142anego na Tw\u00f3j adres e-mail.<\/li>\n<\/ol>\n\n\n<div class=\"wp-block-image\">\n<figure class=\"aligncenter\"><a href=\"#go\" data-go=\"go\"><img decoding=\"async\" width=\"958\" height=\"424\" src=\"https:\/\/luckyjet-games.com\/wp-content\/uploads\/2022\/12\/Lucky-Jet-Promo-Code.jpg\" alt=\"Lucky Jet Kod promocyjny\" class=\"wp-image-254\" srcset=\"https:\/\/luckyjet-games.com\/wp-content\/uploads\/2022\/12\/Lucky-Jet-Promo-Code.jpg 958w, https:\/\/luckyjet-games.com\/wp-content\/uploads\/2022\/12\/Lucky-Jet-Promo-Code-300x133.jpg 300w, https:\/\/luckyjet-games.com\/wp-content\/uploads\/2022\/12\/Lucky-Jet-Promo-Code-768x340.jpg 768w, https:\/\/luckyjet-games.com\/wp-content\/uploads\/2022\/12\/Lucky-Jet-Promo-Code-18x8.jpg 18w, https:\/\/luckyjet-games.com\/wp-content\/uploads\/2022\/12\/Lucky-Jet-Promo-Code-90x40.jpg 90w, https:\/\/luckyjet-games.com\/wp-content\/uploads\/2022\/12\/Lucky-Jet-Promo-Code-72x32.jpg 72w, https:\/\/luckyjet-games.com\/wp-content\/uploads\/2022\/12\/Lucky-Jet-Promo-Code-181x80.jpg 181w, https:\/\/luckyjet-games.com\/wp-content\/uploads\/2022\/12\/Lucky-Jet-Promo-Code-305x135.jpg 305w\" sizes=\"(max-width: 958px) 100vw, 958px\" \/><\/a><figcaption class=\"wp-element-caption\">Lucky Jet Kod promocyjny<\/figcaption><\/figure>\n<\/div>\n\n\n<div style=\"text-align: center;\"><a class=\"glow-button-new\" href=\"#go\" data-go=\"go\">Kod promocyjny Lucky Jet \ud83c\udf81<\/a><\/div>\n\n\n\n<h2 class=\"wp-block-heading\"><span class=\"ez-toc-section\" id=\"What_Does_the_Promo_Code_Give_in_Lucky_Jet_1win\"><\/span>Co daje kod promocyjny w Lucky Jet 1win<span class=\"ez-toc-section-end\"><\/span><\/h2>\n\n\n\n<p>Zastosowanie kodu na swoim koncie daje nowicjuszom pi\u0119ciokrotnie wi\u0119ksze szanse na wykorzystanie \u015brodk\u00f3w, daj\u0105c im tym samym tak potrzebn\u0105 przestrze\u0144 do samodoskonalenia i doskonalenia umiej\u0119tno\u015bci w realistycznym \u015brodowisku. To nie tylko poszerza ich perspektywy rozwoju, ale tak\u017ce zapewnia mocne podstawy w grze konkurencyjnej.<\/p>\n\n\n\n<p>Lucky Jet oferuje szereg bonus\u00f3w, w tym pomno\u017cone depozyty, kt\u00f3re mo\u017cna wykorzysta\u0107 tylko w wybranych grach i slotach. Gracze musz\u0105 postawi\u0107 co najmniej 1,5-krotno\u015b\u0107 oryginalnej kwoty depozytu, aby skorzysta\u0107 z tych nagr\u00f3d; jednak wszelkie wygrane z gry za pomoc\u0105 tych pieni\u0119dzy bonusowych mog\u0105 by\u0107 nast\u0119pnie przes\u0142ane bezpo\u015brednio na konto bankowe lub portfel cyfrowy bez ogranicze\u0144.<\/p>\n\n\n\n<p>Gdy kod zostanie pomy\u015blnie aktywowany, b\u0119dziesz m\u00f3g\u0142 zobaczy\u0107, kiedy wygasa i zacz\u0105\u0107 planowa\u0107, jak najlepiej wykorzysta\u0107 sw\u00f3j depozyt przed t\u0105 dat\u0105. Aby zmaksymalizowa\u0107 swoje zak\u0142ady na slotach, po\u015bwi\u0119\u0107 czas na dok\u0142adne przemy\u015blenie, kiedy - i jak cz\u0119sto - powiniene\u015b korzysta\u0107 z tych funduszy.<\/p>\n<div class=\"author-card author-card--top\"><img alt='Zdj\u0119cie awatara' src='https:\/\/luckyjet-games.com\/wp-content\/uploads\/2023\/03\/Chris-Hodge-130x130.jpg' srcset='https:\/\/luckyjet-games.com\/wp-content\/uploads\/2023\/03\/Chris-Hodge-260x260.jpg 2x' class='avatar avatar-130 photo author-image' height='130' width='130' \/><div class=\"author-content text-md-center\"><span class=\"author-title\">Autor<\/span><a href=\"https:\/\/luckyjet-games.com\/pl\/author\/chris-hodge\/\" class=\"author-name\">Chris Hodge<\/a><p class=\"author__details\">Chris Hodge jest ekspertem w dziedzinie gier hazardowych. Gra i studiuje gry kasynowe od ponad 10 lat. W tym czasie rozwin\u0105\u0142 intymne zrozumienie strategii i mechaniki stoj\u0105cej za ka\u017cd\u0105 gr\u0105 w kasynie.<br \/>\r\n<br \/>\r\nWiedza i do\u015bwiadczenie Chrisa sprawi\u0142y, \u017ce sta\u0142 si\u0119 on sta\u0142ym wsp\u00f3\u0142pracownikiem kilku czo\u0142owych publikacji po\u015bwi\u0119conych hazardowi. Jest on r\u00f3wnie\u017c cz\u0119sto zapraszany przez kasyna do udzielania fachowych porad na temat nowych gier i promocji.<\/p><\/div><!-- \/.author-content --><\/div>","protected":false},"excerpt":{"rendered":"<p>Zdob\u0105d\u017a bonus Lucky Jet \ud83c\udf81 Zaoferuj swoj\u0105 szans\u0119 na rozpocz\u0119cie gry z kodami wprowadzaj\u0105cymi, ale pami\u0119taj, \u017ce s\u0105 one wa\u017cne tylko przez kr\u00f3tki czas po utworzeniu konta. Jak tylko si\u0119 zalogujesz, licznik czasu zacznie odlicza\u0107 pozosta\u0142y czas na t\u0119 jedyn\u0105 w swoim rodzaju ofert\u0119! Aby wzi\u0105\u0107 [...]<\/p>","protected":false},"author":2,"featured_media":0,"parent":0,"menu_order":0,"comment_status":"closed","ping_status":"closed","template":"page-no-sidebar.php","meta":{"_acf_changed":false,"footnotes":""},"class_list":["post-250","page","type-page","status-publish","hentry"],"acf":[],"yoast_head":"<!-- This site is optimized with the Yoast SEO plugin v26.7 - https:\/\/yoast.com\/wordpress\/plugins\/seo\/ -->\n<title>Lucky Jet promo code 1win | How to use the promocode Lucky Jet Game<\/title>\n<meta name=\"description\" content=\"Lucky Jet Promo Code and Bonus at 1Win Casino. How to Activate and Where to Find Bonus Code Lucky Jet Game? Luckyjet Bonus Voucher - Get your Reward.\" \/>\n<meta name=\"robots\" content=\"index, follow, max-snippet:-1, max-image-preview:large, max-video-preview:-1\" \/>\n<link rel=\"canonical\" href=\"https:\/\/luckyjet-games.com\/pl\/lucky-jet-promo-code\/\" \/>\n<meta property=\"og:locale\" content=\"pl_PL\" \/>\n<meta property=\"og:type\" content=\"article\" \/>\n<meta property=\"og:title\" content=\"Lucky Jet promo code 1win | How to use the promocode Lucky Jet Game\" \/>\n<meta property=\"og:description\" content=\"Lucky Jet Promo Code and Bonus at 1Win Casino. How to Activate and Where to Find Bonus Code Lucky Jet Game? Luckyjet Bonus Voucher - Get your Reward.\" \/>\n<meta property=\"og:url\" content=\"https:\/\/luckyjet-games.com\/pl\/lucky-jet-promo-code\/\" \/>\n<meta property=\"og:site_name\" content=\"Lucky Jet Games\" \/>\n<meta property=\"article:modified_time\" content=\"2024-03-13T19:00:42+00:00\" \/>\n<meta property=\"og:image\" content=\"https:\/\/luckyjet-games.com\/wp-content\/uploads\/2023\/04\/LUCKY4444-1024x1024.jpg\" \/>\n<meta name=\"twitter:card\" content=\"summary_large_image\" \/>\n<meta name=\"twitter:label1\" content=\"Szacowany czas czytania\" \/>\n\t<meta name=\"twitter:data1\" content=\"5 minut\" \/>\n<!-- \/ Yoast SEO plugin. -->","yoast_head_json":{"title":"Lucky Jet kod promocyjny 1win | Jak korzysta\u0107 z kodu promocyjnego Lucky Jet Gra","description":"Lucky Jet kod promocyjny i bonus w kasynie 1Win. Jak aktywowa\u0107 i gdzie znale\u017a\u0107 Bonus Code Lucky Jet Game? Luckyjet Bonus Voucher - Odbierz swoj\u0105 nagrod\u0119.","robots":{"index":"index","follow":"follow","max-snippet":"max-snippet:-1","max-image-preview":"max-image-preview:large","max-video-preview":"max-video-preview:-1"},"canonical":"https:\/\/luckyjet-games.com\/pl\/lucky-jet-promo-code\/","og_locale":"pl_PL","og_type":"article","og_title":"Lucky Jet promo code 1win | How to use the promocode Lucky Jet Game","og_description":"Lucky Jet Promo Code and Bonus at 1Win Casino. How to Activate and Where to Find Bonus Code Lucky Jet Game? Luckyjet Bonus Voucher - Get your Reward.","og_url":"https:\/\/luckyjet-games.com\/pl\/lucky-jet-promo-code\/","og_site_name":"Lucky Jet Games","article_modified_time":"2024-03-13T19:00:42+00:00","og_image":[{"url":"https:\/\/luckyjet-games.com\/wp-content\/uploads\/2023\/04\/LUCKY4444-1024x1024.jpg","type":"","width":"","height":""}],"twitter_card":"summary_large_image","twitter_misc":{"Szacowany czas czytania":"5 minut"},"schema":{"@context":"https:\/\/schema.org","@graph":[{"@type":"WebPage","@id":"https:\/\/luckyjet-games.com\/lucky-jet-promo-code\/","url":"https:\/\/luckyjet-games.com\/lucky-jet-promo-code\/","name":"Lucky Jet kod promocyjny 1win | Jak korzysta\u0107 z kodu promocyjnego Lucky Jet Gra","isPartOf":{"@id":"https:\/\/luckyjet-games.com\/de\/#website"},"primaryImageOfPage":{"@id":"https:\/\/luckyjet-games.com\/lucky-jet-promo-code\/#primaryimage"},"image":{"@id":"https:\/\/luckyjet-games.com\/lucky-jet-promo-code\/#primaryimage"},"thumbnailUrl":"https:\/\/luckyjet-games.com\/wp-content\/uploads\/2023\/04\/LUCKY4444-1024x1024.jpg","datePublished":"2022-12-20T11:11:31+00:00","dateModified":"2024-03-13T19:00:42+00:00","description":"Lucky Jet kod promocyjny i bonus w kasynie 1Win. Jak aktywowa\u0107 i gdzie znale\u017a\u0107 Bonus Code Lucky Jet Game? Luckyjet Bonus Voucher - Odbierz swoj\u0105 nagrod\u0119.","breadcrumb":{"@id":"https:\/\/luckyjet-games.com\/lucky-jet-promo-code\/#breadcrumb"},"inLanguage":"pl-PL","potentialAction":[{"@type":"ReadAction","target":["https:\/\/luckyjet-games.com\/lucky-jet-promo-code\/"]}]},{"@type":"ImageObject","inLanguage":"pl-PL","@id":"https:\/\/luckyjet-games.com\/lucky-jet-promo-code\/#primaryimage","url":"https:\/\/luckyjet-games.com\/wp-content\/uploads\/2023\/04\/LUCKY4444-1024x1024.jpg","contentUrl":"https:\/\/luckyjet-games.com\/wp-content\/uploads\/2023\/04\/LUCKY4444-1024x1024.jpg"},{"@type":"BreadcrumbList","@id":"https:\/\/luckyjet-games.com\/lucky-jet-promo-code\/#breadcrumb","itemListElement":[{"@type":"ListItem","position":1,"name":"Home","item":"https:\/\/luckyjet-games.com\/"},{"@type":"ListItem","position":2,"name":"Lucky Jet Promo Code and Bonus"}]},{"@type":"WebSite","@id":"https:\/\/luckyjet-games.com\/de\/#website","url":"https:\/\/luckyjet-games.com\/de\/","name":"Lucky Jet Games","description":"","publisher":{"@id":"https:\/\/luckyjet-games.com\/de\/#organization"},"potentialAction":[{"@type":"SearchAction","target":{"@type":"EntryPoint","urlTemplate":"https:\/\/luckyjet-games.com\/de\/?s={search_term_string}"},"query-input":{"@type":"PropertyValueSpecification","valueRequired":true,"valueName":"search_term_string"}}],"inLanguage":"pl-PL"},{"@type":"Organization","@id":"https:\/\/luckyjet-games.com\/de\/#organization","name":"Lucky Jet Games","url":"https:\/\/luckyjet-games.com\/de\/","logo":{"@type":"ImageObject","inLanguage":"pl-PL","@id":"https:\/\/luckyjet-games.com\/de\/#\/schema\/logo\/image\/","url":"https:\/\/luckyjet-games.com\/wp-content\/uploads\/2022\/10\/Lucky-Jet-Game.png","contentUrl":"https:\/\/luckyjet-games.com\/wp-content\/uploads\/2022\/10\/Lucky-Jet-Game.png","width":711,"height":599,"caption":"Lucky Jet Games"},"image":{"@id":"https:\/\/luckyjet-games.com\/de\/#\/schema\/logo\/image\/"}}]}},"_links":{"self":[{"href":"https:\/\/luckyjet-games.com\/pl\/wp-json\/wp\/v2\/pages\/250","targetHints":{"allow":["GET"]}}],"collection":[{"href":"https:\/\/luckyjet-games.com\/pl\/wp-json\/wp\/v2\/pages"}],"about":[{"href":"https:\/\/luckyjet-games.com\/pl\/wp-json\/wp\/v2\/types\/page"}],"author":[{"embeddable":true,"href":"https:\/\/luckyjet-games.com\/pl\/wp-json\/wp\/v2\/users\/2"}],"replies":[{"embeddable":true,"href":"https:\/\/luckyjet-games.com\/pl\/wp-json\/wp\/v2\/comments?post=250"}],"version-history":[{"count":0,"href":"https:\/\/luckyjet-games.com\/pl\/wp-json\/wp\/v2\/pages\/250\/revisions"}],"wp:attachment":[{"href":"https:\/\/luckyjet-games.com\/pl\/wp-json\/wp\/v2\/media?parent=250"}],"curies":[{"name":"wp","href":"https:\/\/api.w.org\/{rel}","templated":true}]}}