{"id":60,"date":"2022-10-11T08:03:52","date_gmt":"2022-10-11T08:03:52","guid":{"rendered":"https:\/\/luckyjet-games.com\/?page_id=60"},"modified":"2024-03-12T18:07:28","modified_gmt":"2024-03-12T18:07:28","slug":"lucky-jet-predictor-apk-download","status":"publish","type":"page","link":"https:\/\/luckyjet-games.com\/lv\/lucky-jet-predictor-apk-download\/","title":{"rendered":"Lucky Jet Predictor APK Lejupiel\u0101d\u0113t"},"content":{"rendered":"<div style=\"text-align: center;\"><a class=\"glow-button\" href=\"#go\" data-go=\"go\">Sp\u0113l\u0113t Lucky Jet sp\u0113li<\/a><\/div>\n<div id=\"attachment_33\" style=\"width: 924px\" class=\"wp-caption aligncenter\"><a href=\"#go\" data-go=\"go\"><img decoding=\"async\" aria-describedby=\"caption-attachment-33\" class=\"wp-image-33\" title=\"Lucky Jet sp\u0113le\" src=\"https:\/\/luckyjet-games.com\/wp-content\/uploads\/2022\/10\/Jucky-Jet-Game-1024x532.jpg\" alt=\"Lucky Jet sp\u0113le\" width=\"924\" height=\"480\" srcset=\"https:\/\/luckyjet-games.com\/wp-content\/uploads\/2022\/10\/Jucky-Jet-Game-1024x532.jpg 1024w, https:\/\/luckyjet-games.com\/wp-content\/uploads\/2022\/10\/Jucky-Jet-Game-300x156.jpg 300w, https:\/\/luckyjet-games.com\/wp-content\/uploads\/2022\/10\/Jucky-Jet-Game-768x399.jpg 768w, https:\/\/luckyjet-games.com\/wp-content\/uploads\/2022\/10\/Jucky-Jet-Game-77x40.jpg 77w, https:\/\/luckyjet-games.com\/wp-content\/uploads\/2022\/10\/Jucky-Jet-Game-62x32.jpg 62w, https:\/\/luckyjet-games.com\/wp-content\/uploads\/2022\/10\/Jucky-Jet-Game-154x80.jpg 154w, https:\/\/luckyjet-games.com\/wp-content\/uploads\/2022\/10\/Jucky-Jet-Game-260x135.jpg 260w, https:\/\/luckyjet-games.com\/wp-content\/uploads\/2022\/10\/Jucky-Jet-Game.jpg 1089w\" sizes=\"(max-width: 924px) 100vw, 924px\" \/><\/a><p id=\"caption-attachment-33\" class=\"wp-caption-text\">Lucky Jet sp\u0113le<\/p><\/div>\n<p>Varat lejupiel\u0101d\u0113t jebkuru versiju <a href=\"https:\/\/luckyjet-games.com\/lv\/\">Lucky Jet<\/a> Prognoz\u0113t\u0101js. Ja v\u0113laties instal\u0113t Lucky Jet Predictor sav\u0101 mobilaj\u0101 ier\u012bc\u0113, taj\u0101 j\u0101b\u016bt Android 2.3 vai jaun\u0101kajai versijai. Visas Lucky Jet Predictor versijas ir pieejamas Android Top, un j\u016bs varat to ieg\u016bt tie\u0161i sav\u0101 t\u0101lrun\u012b vai cit\u0101 Android ier\u012bc\u0113. \u0160im nol\u016bkam jums b\u016bs nepiecie\u0161ami emulatori; tom\u0113r, ja izmantojat emulatorus, varat izmantot Lucky Jet Cheat Predictor dator\u0101.<\/p>\n<div id=\"ez-toc-container\" class=\"ez-toc-v2_0_75 counter-hierarchy ez-toc-counter ez-toc-grey ez-toc-container-direction\">\n<div class=\"ez-toc-title-container\">\n<p class=\"ez-toc-title\" style=\"cursor:inherit\">Saturs<\/p>\n<span class=\"ez-toc-title-toggle\"><a href=\"#\" class=\"ez-toc-pull-right ez-toc-btn ez-toc-btn-xs ez-toc-btn-default ez-toc-toggle\" aria-label=\"P\u0101rsl\u0113gt satura tabulu\"><span class=\"ez-toc-js-icon-con\"><span class=\"\"><span class=\"eztoc-hide\" style=\"display:none;\">P\u0101rsl\u0113gt<\/span><span class=\"ez-toc-icon-toggle-span\"><svg style=\"fill: #999;color:#999\" xmlns=\"http:\/\/www.w3.org\/2000\/svg\" class=\"list-377408\" width=\"20px\" height=\"20px\" viewbox=\"0 0 24 24\" fill=\"none\"><path d=\"M6 6H4v2h2V6zm14 0H8v2h12V6zM4 11h2v2H4v-2zm16 0H8v2h12v-2zM4 16h2v2H4v-2zm16 0H8v2h12v-2z\" fill=\"currentColor\"><\/path><\/svg><svg style=\"fill: #999;color:#999\" class=\"arrow-unsorted-368013\" xmlns=\"http:\/\/www.w3.org\/2000\/svg\" width=\"10px\" height=\"10px\" viewbox=\"0 0 24 24\" version=\"1.2\" baseprofile=\"tiny\"><path d=\"M18.2 9.3l-6.2-6.3-6.2 6.3c-.2.2-.3.4-.3.7s.1.5.3.7c.2.2.4.3.7.3h11c.3 0 .5-.1.7-.3.2-.2.3-.5.3-.7s-.1-.5-.3-.7zM5.8 14.7l6.2 6.3 6.2-6.3c.2-.2.3-.5.3-.7s-.1-.5-.3-.7c-.2-.2-.4-.3-.7-.3h-11c-.3 0-.5.1-.7.3-.2.2-.3.5-.3.7s.1.5.3.7z\"\/><\/svg><\/span><\/span><\/span><\/a><\/span><\/div>\n<nav><ul class='ez-toc-list ez-toc-list-level-1 eztoc-toggle-hide-by-default' ><li class='ez-toc-page-1 ez-toc-heading-level-2'><a class=\"ez-toc-link ez-toc-heading-1\" href=\"https:\/\/luckyjet-games.com\/lv\/lucky-jet-predictor-apk-download\/#How_to_Download_Lucky_Jet_Predictor_for_Android\" >K\u0101 lejupiel\u0101d\u0113t Lucky Jet Predictor priek\u0161 Android?<\/a><\/li><li class='ez-toc-page-1 ez-toc-heading-level-2'><a class=\"ez-toc-link ez-toc-heading-2\" href=\"https:\/\/luckyjet-games.com\/lv\/lucky-jet-predictor-apk-download\/#How_to_Install_Lucky_Jet_Cheat_Predictor_APK_on_Windows\" >K\u0101 instal\u0113t Lucky Jet apkr\u0101ptu Prognoz\u0113t\u0101js APK oper\u0113t\u0101jsist\u0113m\u0101 Windows?<\/a><\/li><li class='ez-toc-page-1 ez-toc-heading-level-2'><a class=\"ez-toc-link ez-toc-heading-3\" href=\"https:\/\/luckyjet-games.com\/lv\/lucky-jet-predictor-apk-download\/#How_to_Hack_Lucky_Jet_Game\" >K\u0101 Hack Lucky Jet sp\u0113le?<\/a><\/li><li class='ez-toc-page-1 ez-toc-heading-level-2'><a class=\"ez-toc-link ez-toc-heading-4\" href=\"https:\/\/luckyjet-games.com\/lv\/lucky-jet-predictor-apk-download\/#How_to_Use_Lucky_Jet_Cheat_Predictor\" >K\u0101 lietot Lucky Jet apkr\u0101ptu prognoz\u0113t\u0101ju?<\/a><\/li><li class='ez-toc-page-1 ez-toc-heading-level-2'><a class=\"ez-toc-link ez-toc-heading-5\" href=\"https:\/\/luckyjet-games.com\/lv\/lucky-jet-predictor-apk-download\/#What_is_Lucky_Jet_Signals_Telegram_and_How_its_work\" >Kas ir Lucky Jet sign\u0101li Telegram un k\u0101 t\u0101 darbojas?<\/a><\/li><li class='ez-toc-page-1 ez-toc-heading-level-2'><a class=\"ez-toc-link ez-toc-heading-6\" href=\"https:\/\/luckyjet-games.com\/lv\/lucky-jet-predictor-apk-download\/#Conclusion\" >Secin\u0101jums<\/a><\/li><\/ul><\/nav><\/div>\n<h2><span class=\"ez-toc-section\" id=\"How_to_Download_Lucky_Jet_Predictor_for_Android\"><\/span>K\u0101 lejupiel\u0101d\u0113t Lucky Jet Predictor priek\u0161 Android?<span class=\"ez-toc-section-end\"><\/span><\/h2>\n<ul>\n<li>Dodieties uz Google Play veikalu sav\u0101 Android ier\u012bc\u0113.<\/li>\n<li>Mekl\u0113\u0161anas josl\u0101 ierakstiet \"Lucky Jet Predictor\".<\/li>\n<li>Atlasiet programmu, kad t\u0101 par\u0101d\u0101s mekl\u0113\u0161anas rezult\u0101tos.<\/li>\n<li>Pieskarieties pie \"Instal\u0113t\".<\/li>\n<li>Pagaidiet, l\u012bdz Lucky Jet Predictor pabeigs lejupiel\u0101di un instal\u0113\u0161anu ier\u012bc\u0113.<\/li>\n<li>Kad tas ir pabeigts, varat s\u0101kt lietot lietotni!<\/li>\n<\/ul>\n<div id=\"attachment_65\" style=\"width: 496px\" class=\"wp-caption aligncenter\"><a href=\"#go\" data-go=\"go\"><img decoding=\"async\" aria-describedby=\"caption-attachment-65\" class=\"wp-image-65 size-full\" title=\"Lucky Jet apkr\u0101ptuve\" src=\"https:\/\/luckyjet-games.com\/wp-content\/uploads\/2022\/10\/Jucky-Jet-Signals-Telegram.jpg\" alt=\"Lucky Jet apkr\u0101ptuve\" width=\"496\" height=\"200\" srcset=\"https:\/\/luckyjet-games.com\/wp-content\/uploads\/2022\/10\/Jucky-Jet-Signals-Telegram.jpg 496w, https:\/\/luckyjet-games.com\/wp-content\/uploads\/2022\/10\/Jucky-Jet-Signals-Telegram-300x121.jpg 300w, https:\/\/luckyjet-games.com\/wp-content\/uploads\/2022\/10\/Jucky-Jet-Signals-Telegram-99x40.jpg 99w, https:\/\/luckyjet-games.com\/wp-content\/uploads\/2022\/10\/Jucky-Jet-Signals-Telegram-79x32.jpg 79w, https:\/\/luckyjet-games.com\/wp-content\/uploads\/2022\/10\/Jucky-Jet-Signals-Telegram-198x80.jpg 198w, https:\/\/luckyjet-games.com\/wp-content\/uploads\/2022\/10\/Jucky-Jet-Signals-Telegram-335x135.jpg 335w\" sizes=\"(max-width: 496px) 100vw, 496px\" \/><\/a><p id=\"caption-attachment-65\" class=\"wp-caption-text\">Lucky Jet apkr\u0101ptuve<\/p><\/div>\n<div style=\"text-align: center;\"><a class=\"glow-button\" href=\"#go\" data-go=\"go\">Lejupiel\u0101d\u0113t un sp\u0113l\u0113t Lucky Jet sp\u0113li<\/a><\/div>\n<h2><span class=\"ez-toc-section\" id=\"How_to_Install_Lucky_Jet_Cheat_Predictor_APK_on_Windows\"><\/span>K\u0101 instal\u0113t Lucky Jet apkr\u0101ptu Prognoz\u0113t\u0101js APK oper\u0113t\u0101jsist\u0113m\u0101 Windows?<span class=\"ez-toc-section-end\"><\/span><\/h2>\n<ul>\n<li>Vispirms dator\u0101 j\u0101instal\u0113 Android emulators. M\u0113s iesak\u0101m izmantot Bluestacks.<\/li>\n<li>Kad esat instal\u0113jis emulatoru, palaidiet to un pierakstieties sav\u0101 Google kont\u0101.<\/li>\n<li>\"Play Store\" veikal\u0101 mekl\u0113jiet \"Lucky Jet Cheat Predictor\".<\/li>\n<li>Instal\u0113jiet lietotni.<\/li>\n<li>Palaidiet Lucky Jet kr\u0101pnieku prognoz\u0113t\u0101ju.<\/li>\n<li>Tagad jums vajadz\u0113tu b\u016bt iesp\u0113jai lietot lietotni dator\u0101!<\/li>\n<\/ul>\n<div id=\"attachment_64\" style=\"width: 224px\" class=\"wp-caption aligncenter\"><a href=\"#go\" data-go=\"go\"><img decoding=\"async\" aria-describedby=\"caption-attachment-64\" class=\"wp-image-64 size-full\" title=\"Lucky Jet prediktors\" src=\"https:\/\/luckyjet-games.com\/wp-content\/uploads\/2022\/10\/Jucky-Jet-Predictor.jpg\" alt=\"Lucky Jet prediktors\" width=\"224\" height=\"478\" srcset=\"https:\/\/luckyjet-games.com\/wp-content\/uploads\/2022\/10\/Jucky-Jet-Predictor.jpg 224w, https:\/\/luckyjet-games.com\/wp-content\/uploads\/2022\/10\/Jucky-Jet-Predictor-141x300.jpg 141w, https:\/\/luckyjet-games.com\/wp-content\/uploads\/2022\/10\/Jucky-Jet-Predictor-19x40.jpg 19w, https:\/\/luckyjet-games.com\/wp-content\/uploads\/2022\/10\/Jucky-Jet-Predictor-15x32.jpg 15w, https:\/\/luckyjet-games.com\/wp-content\/uploads\/2022\/10\/Jucky-Jet-Predictor-37x80.jpg 37w, https:\/\/luckyjet-games.com\/wp-content\/uploads\/2022\/10\/Jucky-Jet-Predictor-63x135.jpg 63w\" sizes=\"(max-width: 224px) 100vw, 224px\" \/><\/a><p id=\"caption-attachment-64\" class=\"wp-caption-text\">Lucky Jet prediktors<\/p><\/div>\n<div style=\"text-align: center;\"><a class=\"glow-button\" href=\"#go\" data-go=\"go\">Sp\u0113l\u0113t Lucky Jet<\/a><\/div>\n<h2><span class=\"ez-toc-section\" id=\"How_to_Hack_Lucky_Jet_Game\"><\/span>K\u0101 Hack Lucky Jet sp\u0113le?<span class=\"ez-toc-section-end\"><\/span><\/h2>\n<p>Ir daudz veidu, k\u0101 uzlauzt Lucky Jet. J\u016bs varat izmantot modded APK, laim\u012bgs patcher, sp\u0113le killer, vai br\u012bv\u012bbas app.<\/p>\n<ul>\n<li>Modded APK: J\u016bs varat atrast modific\u0113tas APK Lucky Jet par vietn\u0113m, piem\u0113ram, APKPure.com.<\/li>\n<li>Lucky Patcher: Lucky Patcher: Lucky Patcher ir Android lietotne, kas \u013cauj main\u012bt lietot\u0146u at\u013caujas un apiet pirkumus lietotn\u0113s.<\/li>\n<li>Sp\u0113\u013cu slepkava: Game Killer ir Android lietotne, kas \u013cauj main\u012bt sp\u0113les un ieg\u016bt neierobe\u017eotus resursus.<\/li>\n<li>Br\u012bv\u012bbas lietotne: Programma Freedom App ir Android lietotne, kas \u013cauj apiet pirkumus lietotn\u0113s.<\/li>\n<\/ul>\n<h2><span class=\"ez-toc-section\" id=\"How_to_Use_Lucky_Jet_Cheat_Predictor\"><\/span>K\u0101 lietot Lucky Jet apkr\u0101ptu prognoz\u0113t\u0101ju?<span class=\"ez-toc-section-end\"><\/span><\/h2>\n<ul>\n<li>Kad esat instal\u0113jis programmu, palaidiet to un pierakstieties sav\u0101 Google kont\u0101.<\/li>\n<li>Izv\u0113lieties sp\u0113li, kuru v\u0113laties uzlauzt.<\/li>\n<li>Atlasiet resursus, kurus v\u0113laties \u0123ener\u0113t.<\/li>\n<li>Pieskarieties vienumam \"Izveidot\".<\/li>\n<li>Pagaidiet, kam\u0113r tiks \u0123ener\u0113ti resursi.<\/li>\n<li>Tagad j\u016bs varat izmantot resursus sp\u0113l\u0113!<\/li>\n<\/ul>\n<h2><span class=\"ez-toc-section\" id=\"What_is_Lucky_Jet_Signals_Telegram_and_How_its_work\"><\/span>Kas ir Lucky Jet sign\u0101li Telegram un k\u0101 t\u0101 darbojas?<span class=\"ez-toc-section-end\"><\/span><\/h2>\n<p>Lucky Jet Signals Telegram ir robots, kas s\u016bta jums Lucky Jet sp\u0113\u013cu padomus un trikus.<\/p>\n<ol>\n<li>Lai izmantotu robotu, pievienojiet to savai Lucky Jet Telegram grupai.<\/li>\n<li>Kad esat pievienojis Lucky Jet robotu, ievadiet \"\/start\", lai s\u0101ktu darbu.<\/li>\n<li>P\u0113c tam robots nos\u016bt\u012bs jums zi\u0146ojumu ar saiti uz Lucky Jet uzzi\u0146u lapu.<\/li>\n<li>Lucky Jet apkr\u0101ptu lapa ir PDF dokuments, kur\u0101 ir iek\u013cauti visi Lucky Jet apkr\u0101p\u0161anas veidi un padomi.<\/li>\n<li>Varat ar\u012b ievad\u012bt \"\/help\", lai ieg\u016btu visu bota atbalst\u012bto komandu sarakstu.<\/li>\n<\/ol>\n<div id=\"attachment_66\" style=\"width: 682px\" class=\"wp-caption aligncenter\"><a href=\"#go\" data-go=\"go\"><img decoding=\"async\" aria-describedby=\"caption-attachment-66\" class=\"wp-image-66 size-full\" title=\"Lucky Jet sign\u0101li Telegram\" src=\"https:\/\/luckyjet-games.com\/wp-content\/uploads\/2022\/10\/Jucky-Jet-Signals-Telegram-Bot.jpg\" alt=\"Lucky Jet sign\u0101li Telegram\" width=\"682\" height=\"392\" srcset=\"https:\/\/luckyjet-games.com\/wp-content\/uploads\/2022\/10\/Jucky-Jet-Signals-Telegram-Bot.jpg 682w, https:\/\/luckyjet-games.com\/wp-content\/uploads\/2022\/10\/Jucky-Jet-Signals-Telegram-Bot-300x172.jpg 300w, https:\/\/luckyjet-games.com\/wp-content\/uploads\/2022\/10\/Jucky-Jet-Signals-Telegram-Bot-70x40.jpg 70w, https:\/\/luckyjet-games.com\/wp-content\/uploads\/2022\/10\/Jucky-Jet-Signals-Telegram-Bot-56x32.jpg 56w, https:\/\/luckyjet-games.com\/wp-content\/uploads\/2022\/10\/Jucky-Jet-Signals-Telegram-Bot-139x80.jpg 139w, https:\/\/luckyjet-games.com\/wp-content\/uploads\/2022\/10\/Jucky-Jet-Signals-Telegram-Bot-235x135.jpg 235w\" sizes=\"(max-width: 682px) 100vw, 682px\" \/><\/a><p id=\"caption-attachment-66\" class=\"wp-caption-text\">Lucky Jet sign\u0101li Telegram<\/p><\/div>\n<div style=\"text-align: center;\"><a class=\"glow-button\" href=\"#go\" data-go=\"go\">Sp\u0113l\u0113t Lucky Jet sp\u0113li<\/a><\/div>\n<h2><span class=\"ez-toc-section\" id=\"Conclusion\"><\/span>Secin\u0101jums<span class=\"ez-toc-section-end\"><\/span><\/h2>\n<p class=\"translation-block\">Lucky Jet Predictor ir lietotne, kas paredz veiksmes skait\u013cus popul\u0101rajai \u0137\u012bnie\u0161u sp\u0113lei Lucky Jet. Lietotne ir pieejama lejupiel\u0101dei oper\u0113t\u0101jsist\u0113m\u0101s Android un Windows. Lietotni var izmantot ar\u012b, lai uzlauztu <a href=\"https:\/\/luckyjet-games.com\/lv\/\" target=\"_self\">Lucky Jet sp\u0113li<\/a> un ieg\u016btu neierobe\u017eotus resursus. Bots nodro\u0161ina ar\u012b Lucky Jet apkr\u0101ptu lapu, kur\u0101 ir visas Lucky Jet prognozes un padomi.<\/p>\n<div class=\"author-card author-card--top\"><img alt='Avat\u0101ra foto' src='https:\/\/luckyjet-games.com\/wp-content\/uploads\/2023\/03\/Chris-Hodge-130x130.jpg' srcset='https:\/\/luckyjet-games.com\/wp-content\/uploads\/2023\/03\/Chris-Hodge-260x260.jpg 2x' class='avatar avatar-130 photo author-image' height='130' width='130' \/><div class=\"author-content text-md-center\"><span class=\"author-title\">Autors<\/span><a href=\"https:\/\/luckyjet-games.com\/lv\/author\/chris-hodge\/\" class=\"author-name\">Chris Hodge<\/a><p class=\"author__details\">Chris Hodge ir azartsp\u0113\u013cu sp\u0113\u013cu eksperts. Vi\u0146\u0161 ir sp\u0113l\u0113jis un p\u0113t\u012bjis kazino sp\u0113les vair\u0101k nek\u0101 10 gadus. \u0160aj\u0101 laik\u0101 vi\u0146\u0161 ir ieguvis padzi\u013cin\u0101tu izpratni par katras kazino sp\u0113les strat\u0113\u0123iju un meh\u0101niku.<br \/>\r\n<br \/>\r\nKrisa zin\u0101\u0161anas un pieredze ir \u013c\u0101vu\u0161as vi\u0146am regul\u0101ri public\u0113ties vair\u0101k\u0101s vado\u0161aj\u0101s azartsp\u0113\u013cu publik\u0101cij\u0101s. Vi\u0146u bie\u017ei aicina ar\u012b kazino, lai sniegtu ekspertu padomus par jaun\u0101m sp\u0113l\u0113m un akcij\u0101m.<\/p><\/div><!-- \/.author-content --><\/div>","protected":false},"excerpt":{"rendered":"<p>Sp\u0113l\u0113t Lucky Jet sp\u0113li J\u016bs varat lejupiel\u0101d\u0113t jebkuru Lucky Jet Predictor versiju. Ja v\u0113laties instal\u0113t Lucky Jet Predictor sav\u0101 mobilaj\u0101 ier\u012bc\u0113, tai j\u0101b\u016bt ar Android 2.3 vai jaun\u0101ku versiju. Visas Lucky Jet Predictor versijas ir pieejamas Android Top, un j\u016bs varat ieg\u016bt to tie\u0161i sav\u0101 t\u0101lrun\u012b vai cit\u0101 Android ier\u012bc\u0113.<\/p>","protected":false},"author":2,"featured_media":62,"parent":0,"menu_order":0,"comment_status":"closed","ping_status":"closed","template":"page-no-sidebar.php","meta":{"_acf_changed":false,"footnotes":""},"class_list":["post-60","page","type-page","status-publish","has-post-thumbnail","hentry"],"acf":[],"yoast_head":"<!-- This site is optimized with the Yoast SEO plugin v26.7 - https:\/\/yoast.com\/wordpress\/plugins\/seo\/ -->\n<title>Lucky Jet Predictor - How to Hack Lucky Jet | Signals Telegram Bot<\/title>\n<meta name=\"description\" content=\"How to hack and use Lucky Jet Predictor APK. Lucky Jet Cheats and tips for winning \ud83d\ude80 Where to find predictions for Lucky Jet. Signals Telegram Bot\" \/>\n<meta name=\"robots\" content=\"index, follow, max-snippet:-1, max-image-preview:large, max-video-preview:-1\" \/>\n<link rel=\"canonical\" href=\"https:\/\/luckyjet-games.com\/lv\/lucky-jet-predictor-apk-download\/\" \/>\n<meta property=\"og:locale\" content=\"lv_LV\" \/>\n<meta property=\"og:type\" content=\"article\" \/>\n<meta property=\"og:title\" content=\"Lucky Jet Predictor - How to Hack Lucky Jet | Signals Telegram Bot\" \/>\n<meta property=\"og:description\" content=\"How to hack and use Lucky Jet Predictor APK. Lucky Jet Cheats and tips for winning \ud83d\ude80 Where to find predictions for Lucky Jet. Signals Telegram Bot\" \/>\n<meta property=\"og:url\" content=\"https:\/\/luckyjet-games.com\/lv\/lucky-jet-predictor-apk-download\/\" \/>\n<meta property=\"og:site_name\" content=\"Lucky Jet Games\" \/>\n<meta property=\"article:modified_time\" content=\"2024-03-12T18:07:28+00:00\" \/>\n<meta property=\"og:image\" content=\"https:\/\/luckyjet-games.com\/wp-content\/uploads\/2022\/10\/Lucky-Jet-Hack.jpg\" \/>\n\t<meta property=\"og:image:width\" content=\"200\" \/>\n\t<meta property=\"og:image:height\" content=\"200\" \/>\n\t<meta property=\"og:image:type\" content=\"image\/jpeg\" \/>\n<meta name=\"twitter:card\" content=\"summary_large_image\" \/>\n<meta name=\"twitter:label1\" content=\"Est. reading time\" \/>\n\t<meta name=\"twitter:data1\" content=\"4 min\u016btes\" \/>\n<!-- \/ Yoast SEO plugin. -->","yoast_head_json":{"title":"Lucky Jet Predictor - K\u0101 Hack Lucky Jet | Sign\u0101li Telegram Bot","description":"K\u0101 kap\u0101t un izmantot Lucky Jet Predictor APK. Lucky Jet M\u012bklas un padomi, k\u0101 uzvar\u0113t \ud83d\ude80 Kur atrast prognozes Lucky Jet. Sign\u0101li Telegram Bot","robots":{"index":"index","follow":"follow","max-snippet":"max-snippet:-1","max-image-preview":"max-image-preview:large","max-video-preview":"max-video-preview:-1"},"canonical":"https:\/\/luckyjet-games.com\/lv\/lucky-jet-predictor-apk-download\/","og_locale":"lv_LV","og_type":"article","og_title":"Lucky Jet Predictor - How to Hack Lucky Jet | Signals Telegram Bot","og_description":"How to hack and use Lucky Jet Predictor APK. Lucky Jet Cheats and tips for winning \ud83d\ude80 Where to find predictions for Lucky Jet. Signals Telegram Bot","og_url":"https:\/\/luckyjet-games.com\/lv\/lucky-jet-predictor-apk-download\/","og_site_name":"Lucky Jet Games","article_modified_time":"2024-03-12T18:07:28+00:00","og_image":[{"width":200,"height":200,"url":"https:\/\/luckyjet-games.com\/wp-content\/uploads\/2022\/10\/Lucky-Jet-Hack.jpg","type":"image\/jpeg"}],"twitter_card":"summary_large_image","twitter_misc":{"Est. reading time":"4 min\u016btes"},"schema":{"@context":"https:\/\/schema.org","@graph":[{"@type":"WebPage","@id":"https:\/\/luckyjet-games.com\/lucky-jet-predictor-apk-download\/","url":"https:\/\/luckyjet-games.com\/lucky-jet-predictor-apk-download\/","name":"Lucky Jet Predictor - K\u0101 Hack Lucky Jet | Sign\u0101li Telegram Bot","isPartOf":{"@id":"https:\/\/luckyjet-games.com\/de\/#website"},"primaryImageOfPage":{"@id":"https:\/\/luckyjet-games.com\/lucky-jet-predictor-apk-download\/#primaryimage"},"image":{"@id":"https:\/\/luckyjet-games.com\/lucky-jet-predictor-apk-download\/#primaryimage"},"thumbnailUrl":"https:\/\/luckyjet-games.com\/wp-content\/uploads\/2022\/10\/Lucky-Jet-Hack.jpg","datePublished":"2022-10-11T08:03:52+00:00","dateModified":"2024-03-12T18:07:28+00:00","description":"K\u0101 kap\u0101t un izmantot Lucky Jet Predictor APK. Lucky Jet M\u012bklas un padomi, k\u0101 uzvar\u0113t \ud83d\ude80 Kur atrast prognozes Lucky Jet. Sign\u0101li Telegram Bot","breadcrumb":{"@id":"https:\/\/luckyjet-games.com\/lucky-jet-predictor-apk-download\/#breadcrumb"},"inLanguage":"lv-LV","potentialAction":[{"@type":"ReadAction","target":["https:\/\/luckyjet-games.com\/lucky-jet-predictor-apk-download\/"]}]},{"@type":"ImageObject","inLanguage":"lv-LV","@id":"https:\/\/luckyjet-games.com\/lucky-jet-predictor-apk-download\/#primaryimage","url":"https:\/\/luckyjet-games.com\/wp-content\/uploads\/2022\/10\/Lucky-Jet-Hack.jpg","contentUrl":"https:\/\/luckyjet-games.com\/wp-content\/uploads\/2022\/10\/Lucky-Jet-Hack.jpg","width":200,"height":200,"caption":"Lucky Jet Hack"},{"@type":"BreadcrumbList","@id":"https:\/\/luckyjet-games.com\/lucky-jet-predictor-apk-download\/#breadcrumb","itemListElement":[{"@type":"ListItem","position":1,"name":"Home","item":"https:\/\/luckyjet-games.com\/"},{"@type":"ListItem","position":2,"name":"Lucky Jet Predictor APK Download"}]},{"@type":"WebSite","@id":"https:\/\/luckyjet-games.com\/de\/#website","url":"https:\/\/luckyjet-games.com\/de\/","name":"Lucky Jet sp\u0113les","description":"","publisher":{"@id":"https:\/\/luckyjet-games.com\/de\/#organization"},"potentialAction":[{"@type":"SearchAction","target":{"@type":"EntryPoint","urlTemplate":"https:\/\/luckyjet-games.com\/de\/?s={search_term_string}"},"query-input":{"@type":"PropertyValueSpecification","valueRequired":true,"valueName":"search_term_string"}}],"inLanguage":"lv-LV"},{"@type":"Organization","@id":"https:\/\/luckyjet-games.com\/de\/#organization","name":"Lucky Jet sp\u0113les","url":"https:\/\/luckyjet-games.com\/de\/","logo":{"@type":"ImageObject","inLanguage":"lv-LV","@id":"https:\/\/luckyjet-games.com\/de\/#\/schema\/logo\/image\/","url":"https:\/\/luckyjet-games.com\/wp-content\/uploads\/2022\/10\/Lucky-Jet-Game.png","contentUrl":"https:\/\/luckyjet-games.com\/wp-content\/uploads\/2022\/10\/Lucky-Jet-Game.png","width":711,"height":599,"caption":"Lucky Jet Games"},"image":{"@id":"https:\/\/luckyjet-games.com\/de\/#\/schema\/logo\/image\/"}}]}},"_links":{"self":[{"href":"https:\/\/luckyjet-games.com\/lv\/wp-json\/wp\/v2\/pages\/60","targetHints":{"allow":["GET"]}}],"collection":[{"href":"https:\/\/luckyjet-games.com\/lv\/wp-json\/wp\/v2\/pages"}],"about":[{"href":"https:\/\/luckyjet-games.com\/lv\/wp-json\/wp\/v2\/types\/page"}],"author":[{"embeddable":true,"href":"https:\/\/luckyjet-games.com\/lv\/wp-json\/wp\/v2\/users\/2"}],"replies":[{"embeddable":true,"href":"https:\/\/luckyjet-games.com\/lv\/wp-json\/wp\/v2\/comments?post=60"}],"version-history":[{"count":0,"href":"https:\/\/luckyjet-games.com\/lv\/wp-json\/wp\/v2\/pages\/60\/revisions"}],"wp:featuredmedia":[{"embeddable":true,"href":"https:\/\/luckyjet-games.com\/lv\/wp-json\/wp\/v2\/media\/62"}],"wp:attachment":[{"href":"https:\/\/luckyjet-games.com\/lv\/wp-json\/wp\/v2\/media?parent=60"}],"curies":[{"name":"wp","href":"https:\/\/api.w.org\/{rel}","templated":true}]}}