{"id":360,"date":"2023-09-25T14:06:00","date_gmt":"2023-09-25T14:06:00","guid":{"rendered":"https:\/\/luckyjet-games.com\/?page_id=360"},"modified":"2023-09-25T14:08:12","modified_gmt":"2023-09-25T14:08:12","slug":"privacy-policy","status":"publish","type":"page","link":"https:\/\/luckyjet-games.com\/lv\/privacy-policy\/","title":{"rendered":"Priv\u0101tuma politika"},"content":{"rendered":"<p>Vietn\u0113 luckyjet-games.com m\u0113s esam ap\u0146\u0113mu\u0161ies nodro\u0161in\u0101t m\u016bsu sp\u0113l\u0113t\u0101ju priv\u0101tumu un dro\u0161\u012bbu. \u0160aj\u0101 Priv\u0101tuma politik\u0101 ir izkl\u0101st\u012bta m\u016bsu prakse attiec\u012bb\u0101 uz j\u016bsu personisk\u0101s inform\u0101cijas v\u0101k\u0161anu, izmanto\u0161anu un aizsardz\u012bbu. Izmantojot m\u016bsu pakalpojumus, j\u016bs piekr\u012btat t\u0101l\u0101k izkl\u0101st\u012btajiem noteikumiem.<\/p>\n<div id=\"ez-toc-container\" class=\"ez-toc-v2_0_75 counter-hierarchy ez-toc-counter ez-toc-grey ez-toc-container-direction\">\n<div class=\"ez-toc-title-container\">\n<p class=\"ez-toc-title\" style=\"cursor:inherit\">Saturs<\/p>\n<span class=\"ez-toc-title-toggle\"><a href=\"#\" class=\"ez-toc-pull-right ez-toc-btn ez-toc-btn-xs ez-toc-btn-default ez-toc-toggle\" aria-label=\"P\u0101rsl\u0113gt satura tabulu\"><span class=\"ez-toc-js-icon-con\"><span class=\"\"><span class=\"eztoc-hide\" style=\"display:none;\">P\u0101rsl\u0113gt<\/span><span class=\"ez-toc-icon-toggle-span\"><svg style=\"fill: #999;color:#999\" xmlns=\"http:\/\/www.w3.org\/2000\/svg\" class=\"list-377408\" width=\"20px\" height=\"20px\" viewbox=\"0 0 24 24\" fill=\"none\"><path d=\"M6 6H4v2h2V6zm14 0H8v2h12V6zM4 11h2v2H4v-2zm16 0H8v2h12v-2zM4 16h2v2H4v-2zm16 0H8v2h12v-2z\" fill=\"currentColor\"><\/path><\/svg><svg style=\"fill: #999;color:#999\" class=\"arrow-unsorted-368013\" xmlns=\"http:\/\/www.w3.org\/2000\/svg\" width=\"10px\" height=\"10px\" viewbox=\"0 0 24 24\" version=\"1.2\" baseprofile=\"tiny\"><path d=\"M18.2 9.3l-6.2-6.3-6.2 6.3c-.2.2-.3.4-.3.7s.1.5.3.7c.2.2.4.3.7.3h11c.3 0 .5-.1.7-.3.2-.2.3-.5.3-.7s-.1-.5-.3-.7zM5.8 14.7l6.2 6.3 6.2-6.3c.2-.2.3-.5.3-.7s-.1-.5-.3-.7c-.2-.2-.4-.3-.7-.3h-11c-.3 0-.5.1-.7.3-.2.2-.3.5-.3.7s.1.5.3.7z\"\/><\/svg><\/span><\/span><\/span><\/a><\/span><\/div>\n<nav><ul class='ez-toc-list ez-toc-list-level-1 eztoc-toggle-hide-by-default' ><li class='ez-toc-page-1 ez-toc-heading-level-2'><a class=\"ez-toc-link ez-toc-heading-1\" href=\"https:\/\/luckyjet-games.com\/lv\/privacy-policy\/#Information_We_Collect\" >Inform\u0101cija, ko m\u0113s apkopojam<\/a><ul class='ez-toc-list-level-3' ><li class='ez-toc-heading-level-3'><a class=\"ez-toc-link ez-toc-heading-2\" href=\"https:\/\/luckyjet-games.com\/lv\/privacy-policy\/#Personal_Information\" >Person\u012bg\u0101 inform\u0101cija<\/a><\/li><li class='ez-toc-page-1 ez-toc-heading-level-3'><a class=\"ez-toc-link ez-toc-heading-3\" href=\"https:\/\/luckyjet-games.com\/lv\/privacy-policy\/#Usage_Data\" >Lietojuma dati<\/a><\/li><li class='ez-toc-page-1 ez-toc-heading-level-3'><a class=\"ez-toc-link ez-toc-heading-4\" href=\"https:\/\/luckyjet-games.com\/lv\/privacy-policy\/#Cookies\" >S\u012bkdatnes<\/a><\/li><\/ul><\/li><li class='ez-toc-page-1 ez-toc-heading-level-2'><a class=\"ez-toc-link ez-toc-heading-5\" href=\"https:\/\/luckyjet-games.com\/lv\/privacy-policy\/#How_We_Use_Your_Information\" >K\u0101 m\u0113s izmantojam j\u016bsu inform\u0101ciju<\/a><ul class='ez-toc-list-level-3' ><li class='ez-toc-heading-level-3'><a class=\"ez-toc-link ez-toc-heading-6\" href=\"https:\/\/luckyjet-games.com\/lv\/privacy-policy\/#Account_Management\" >Kontu p\u0101rvald\u012bba<\/a><\/li><li class='ez-toc-page-1 ez-toc-heading-level-3'><a class=\"ez-toc-link ez-toc-heading-7\" href=\"https:\/\/luckyjet-games.com\/lv\/privacy-policy\/#Personalization\" >Personaliz\u0113\u0161ana<\/a><\/li><li class='ez-toc-page-1 ez-toc-heading-level-3'><a class=\"ez-toc-link ez-toc-heading-8\" href=\"https:\/\/luckyjet-games.com\/lv\/privacy-policy\/#Security\" >Dro\u0161\u012bba<\/a><\/li><\/ul><\/li><li class='ez-toc-page-1 ez-toc-heading-level-2'><a class=\"ez-toc-link ez-toc-heading-9\" href=\"https:\/\/luckyjet-games.com\/lv\/privacy-policy\/#Sharing_Your_Information\" >Daloties ar savu inform\u0101ciju<\/a><\/li><li class='ez-toc-page-1 ez-toc-heading-level-2'><a class=\"ez-toc-link ez-toc-heading-10\" href=\"https:\/\/luckyjet-games.com\/lv\/privacy-policy\/#Compliance_with_Legal_Requirements\" >Atbilst\u012bba Juridiskaj\u0101m pras\u012bb\u0101m<\/a><\/li><li class='ez-toc-page-1 ez-toc-heading-level-2'><a class=\"ez-toc-link ez-toc-heading-11\" href=\"https:\/\/luckyjet-games.com\/lv\/privacy-policy\/#Your_Rights_and_Choices\" >J\u016bsu ties\u012bbas un izv\u0113le<\/a><\/li><li class='ez-toc-page-1 ez-toc-heading-level-2'><a class=\"ez-toc-link ez-toc-heading-12\" href=\"https:\/\/luckyjet-games.com\/lv\/privacy-policy\/#Changes_to_this_Privacy_Policy\" >Izmai\u0146as \u0161aj\u0101 Priv\u0101tuma politik\u0101<\/a><\/li><\/ul><\/nav><\/div>\n<h2><span class=\"ez-toc-section\" id=\"Information_We_Collect\"><\/span>Inform\u0101cija, ko m\u0113s apkopojam<span class=\"ez-toc-section-end\"><\/span><\/h2>\n<h3><span class=\"ez-toc-section\" id=\"Personal_Information\"><\/span>Person\u012bg\u0101 inform\u0101cija<span class=\"ez-toc-section-end\"><\/span><\/h3>\n<p>M\u0113s apkopojam personas inform\u0101ciju, ko sniedzat, re\u0123istr\u0113jot kontu, veicot iemaksas vai izmantojot m\u016bsu pakalpojumus. Tas var ietvert j\u016bsu v\u0101rdu, e-pasta adresi, kontaktinform\u0101ciju, dzim\u0161anas datumu un maks\u0101juma inform\u0101ciju. M\u0113s izmantojam \u0161o inform\u0101ciju, lai p\u0101rbaud\u012btu j\u016bsu identit\u0101ti un nodro\u0161in\u0101tu jums personaliz\u0113tu sp\u0113\u013cu pieredzi.<\/p>\n<h3><span class=\"ez-toc-section\" id=\"Usage_Data\"><\/span>Lietojuma dati<span class=\"ez-toc-section-end\"><\/span><\/h3>\n<p>Lai uzlabotu m\u016bsu pakalpojumus, m\u0113s apkopojam inform\u0101ciju par j\u016bsu mijiedarb\u012bbu ar m\u016bsu vietni un sp\u0113l\u0113m. Tas ietver j\u016bsu IP adresi, p\u0101rl\u016bkprogrammas veidu, ier\u012bces inform\u0101ciju un apmekl\u0113t\u0101s lapas. M\u0113s izmantojam \u0161os datus, lai uzlabotu m\u016bsu vietnes veiktsp\u0113ju, nov\u0113rstu probl\u0113mas un analiz\u0113tu lietot\u0101ju uzved\u012bbu.<\/p>\n<h3><span class=\"ez-toc-section\" id=\"Cookies\"><\/span>S\u012bkdatnes<span class=\"ez-toc-section-end\"><\/span><\/h3>\n<p>M\u0113s izmantojam s\u012bkfailus un l\u012bdz\u012bgas tehnolo\u0123ijas, lai izsekotu j\u016bsu darb\u012bb\u0101m m\u016bsu vietn\u0113. S\u012bkfaili ir nelieli teksta faili, kas tiek saglab\u0101ti j\u016bsu ier\u012bc\u0113. Tie pal\u012bdz mums atpaz\u012bt j\u016bs turpm\u0101kajos apmekl\u0113jumos un pied\u0101v\u0101 piel\u0101got\u0101ku pieredzi. S\u012bkdat\u0146u preferences varat p\u0101rvald\u012bt, izmantojot p\u0101rl\u016bkprogrammas iestat\u012bjumus.<\/p>\n<h2><span class=\"ez-toc-section\" id=\"How_We_Use_Your_Information\"><\/span>K\u0101 m\u0113s izmantojam j\u016bsu inform\u0101ciju<span class=\"ez-toc-section-end\"><\/span><\/h2>\n<h3><span class=\"ez-toc-section\" id=\"Account_Management\"><\/span>Kontu p\u0101rvald\u012bba<span class=\"ez-toc-section-end\"><\/span><\/h3>\n<p>M\u0113s izmantojam j\u016bsu personisko inform\u0101ciju, lai izveidotu un p\u0101rvald\u012btu j\u016bsu kontu, apstr\u0101d\u0101tu dar\u012bjumus un sniegtu klientu atbalstu. Tas nodro\u0161ina netrauc\u0113tu sp\u0113\u013cu pieredzi un \u013cauj mums pal\u012bdz\u0113t atrisin\u0101t visas probl\u0113mas, ar kur\u0101m j\u016bs varat saskarties.<\/p>\n<h3><span class=\"ez-toc-section\" id=\"Personalization\"><\/span>Personaliz\u0113\u0161ana<span class=\"ez-toc-section-end\"><\/span><\/h3>\n<p>J\u016bsu izv\u0113les un uzved\u012bbas izpratne \u013cauj mums personaliz\u0113t j\u016bsu sp\u0113\u013cu pieredzi. M\u0113s varam ieteikt sp\u0113les, akcijas un pied\u0101v\u0101jumus, kas atbilst j\u016bsu interes\u0113m un sp\u0113\u013cu v\u0113sturei.<\/p>\n<h3><span class=\"ez-toc-section\" id=\"Security\"><\/span>Dro\u0161\u012bba<span class=\"ez-toc-section-end\"><\/span><\/h3>\n<p>J\u016bsu inform\u0101cijas aizsardz\u012bba ir m\u016bsu galven\u0101 priorit\u0101te. M\u0113s izmantojam nozares standarta dro\u0161\u012bbas pas\u0101kumus, lai aizsarg\u0101tu j\u016bsu datus no nesankcion\u0113tas piek\u013cuves, izpau\u0161anas vai izmai\u0146\u0101m. Tas ietver \u0161ifr\u0113\u0161anu, ugunsm\u016brus un regul\u0101ras dro\u0161\u012bbas p\u0101rbaudes.<\/p>\n<h2><span class=\"ez-toc-section\" id=\"Sharing_Your_Information\"><\/span>Daloties ar savu inform\u0101ciju<span class=\"ez-toc-section-end\"><\/span><\/h2>\n<p>M\u0113s nep\u0101rdodam, netirgojam un neiznom\u0101jam j\u016bsu personisko inform\u0101ciju tre\u0161aj\u0101m person\u0101m. Tom\u0113r m\u0113s varam kop\u012bgot j\u016bsu datus ar uzticamiem pakalpojumu sniedz\u0113jiem un partneriem, kas mums pal\u012bdz sniegt pakalpojumus. \u0160\u012bs vien\u012bbas ir saist\u012btas ar stingriem konfidencialit\u0101tes l\u012bgumiem.<\/p>\n<h2><span class=\"ez-toc-section\" id=\"Compliance_with_Legal_Requirements\"><\/span>Atbilst\u012bba Juridiskaj\u0101m pras\u012bb\u0101m<span class=\"ez-toc-section-end\"><\/span><\/h2>\n<p>M\u0113s varam izpaust j\u016bsu inform\u0101ciju, ja to pieprasa likums, piem\u0113ram, atbildot uz tiesas pav\u0113sti vai tiesas r\u012bkojumu. M\u0113s ar\u012b sadarbojamies ar ties\u012bbaizsardz\u012bbas iest\u0101d\u0113m, lai nov\u0113rstu kr\u0101pnieciskas darb\u012bbas un nodro\u0161in\u0101tu m\u016bsu platformas integrit\u0101ti.<\/p>\n<h2><span class=\"ez-toc-section\" id=\"Your_Rights_and_Choices\"><\/span>J\u016bsu ties\u012bbas un izv\u0113le<span class=\"ez-toc-section-end\"><\/span><\/h2>\n<p>Jums ir ties\u012bbas piek\u013c\u016bt savai personiskajai inform\u0101cijai, to atjaunin\u0101t vai dz\u0113st. Lai izmantotu \u0161\u012bs ties\u012bbas, l\u016bdzu, sazinieties ar m\u016bsu klientu atbalsta komandu. J\u016bs varat ar\u012b jebkur\u0101 laik\u0101 atteikties no m\u0101rketinga sazi\u0146as.<\/p>\n<h2><span class=\"ez-toc-section\" id=\"Changes_to_this_Privacy_Policy\"><\/span>Izmai\u0146as \u0161aj\u0101 Priv\u0101tuma politik\u0101<span class=\"ez-toc-section-end\"><\/span><\/h2>\n<p>M\u0113s paturam ties\u012bbas atjaunin\u0101t \u0161o Priv\u0101tuma politiku, lai atspogu\u013cotu izmai\u0146as m\u016bsu praks\u0113 un juridiskaj\u0101s pras\u012bb\u0101s. M\u0113s iesak\u0101m periodiski p\u0101rskat\u012bt \u0161o lapu, lai uzzin\u0101tu par atjaunin\u0101jumiem.<\/p>\n<div class=\"author-card author-card--top\"><img alt='Avat\u0101ra foto' src='https:\/\/luckyjet-games.com\/wp-content\/uploads\/2023\/03\/Chris-Hodge-130x130.jpg' srcset='https:\/\/luckyjet-games.com\/wp-content\/uploads\/2023\/03\/Chris-Hodge-260x260.jpg 2x' class='avatar avatar-130 photo author-image' height='130' width='130' \/><div class=\"author-content text-md-center\"><span class=\"author-title\">Autors<\/span><a href=\"https:\/\/luckyjet-games.com\/lv\/author\/chris-hodge\/\" class=\"author-name\">Chris Hodge<\/a><p class=\"author__details\">Chris Hodge ir azartsp\u0113\u013cu sp\u0113\u013cu eksperts. Vi\u0146\u0161 ir sp\u0113l\u0113jis un p\u0113t\u012bjis kazino sp\u0113les vair\u0101k nek\u0101 10 gadus. \u0160aj\u0101 laik\u0101 vi\u0146\u0161 ir ieguvis padzi\u013cin\u0101tu izpratni par katras kazino sp\u0113les strat\u0113\u0123iju un meh\u0101niku.<br \/>\r\n<br \/>\r\nKrisa zin\u0101\u0161anas un pieredze ir \u013c\u0101vu\u0161as vi\u0146am regul\u0101ri public\u0113ties vair\u0101k\u0101s vado\u0161aj\u0101s azartsp\u0113\u013cu publik\u0101cij\u0101s. Vi\u0146u bie\u017ei aicina ar\u012b kazino, lai sniegtu ekspertu padomus par jaun\u0101m sp\u0113l\u0113m un akcij\u0101m.<\/p><\/div><!-- \/.author-content --><\/div>","protected":false},"excerpt":{"rendered":"<p>luckyjet-games.com ir ap\u0146\u0113musies nodro\u0161in\u0101t savu sp\u0113l\u0113t\u0101ju konfidencialit\u0101ti un dro\u0161\u012bbu. \u0160aj\u0101 konfidencialit\u0101tes politik\u0101 aprakst\u012bta m\u016bsu prakse attiec\u012bb\u0101 uz j\u016bsu personisk\u0101s inform\u0101cijas v\u0101k\u0161anu, izmanto\u0161anu un aizsardz\u012bbu. Izmantojot m\u016bsu pakalpojumus, j\u016bs piekr\u012btat turpm\u0101k izkl\u0101st\u012btajiem noteikumiem. M\u016bsu apkopot\u0101 inform\u0101cija Personas inform\u0101cija M\u0113s apkopojam personas inform\u0101ciju, ko j\u016bs sniedzat, re\u0123istr\u0113joties [...]<\/p>","protected":false},"author":2,"featured_media":0,"parent":0,"menu_order":0,"comment_status":"closed","ping_status":"closed","template":"page-no-sidebar.php","meta":{"_acf_changed":false,"footnotes":""},"class_list":["post-360","page","type-page","status-publish","hentry"],"acf":[],"yoast_head":"<!-- This site is optimized with the Yoast SEO plugin v26.7 - https:\/\/yoast.com\/wordpress\/plugins\/seo\/ -->\n<title>Privacy Policy - Lucky Jet Games<\/title>\n<meta name=\"description\" content=\"At luckyjet-games.com, we are committed to ensuring the privacy and security of our players.\" \/>\n<meta name=\"robots\" content=\"index, follow, max-snippet:-1, max-image-preview:large, max-video-preview:-1\" \/>\n<link rel=\"canonical\" href=\"https:\/\/luckyjet-games.com\/lv\/privacy-policy\/\" \/>\n<meta property=\"og:locale\" content=\"lv_LV\" \/>\n<meta property=\"og:type\" content=\"article\" \/>\n<meta property=\"og:title\" content=\"Privacy Policy - Lucky Jet Games\" \/>\n<meta property=\"og:description\" content=\"At luckyjet-games.com, we are committed to ensuring the privacy and security of our players.\" \/>\n<meta property=\"og:url\" content=\"https:\/\/luckyjet-games.com\/lv\/privacy-policy\/\" \/>\n<meta property=\"og:site_name\" content=\"Lucky Jet Games\" \/>\n<meta property=\"article:modified_time\" content=\"2023-09-25T14:08:12+00:00\" \/>\n<meta name=\"twitter:card\" content=\"summary_large_image\" \/>\n<meta name=\"twitter:label1\" content=\"Est. reading time\" \/>\n\t<meta name=\"twitter:data1\" content=\"2 min\u016btes\" \/>\n<!-- \/ Yoast SEO plugin. -->","yoast_head_json":{"title":"Priv\u0101tuma politika - Lucky Jet sp\u0113les","description":"Vietn\u0113 luckyjet-games.com m\u0113s esam ap\u0146\u0113mu\u0161ies nodro\u0161in\u0101t m\u016bsu sp\u0113l\u0113t\u0101ju priv\u0101tumu un dro\u0161\u012bbu.","robots":{"index":"index","follow":"follow","max-snippet":"max-snippet:-1","max-image-preview":"max-image-preview:large","max-video-preview":"max-video-preview:-1"},"canonical":"https:\/\/luckyjet-games.com\/lv\/privacy-policy\/","og_locale":"lv_LV","og_type":"article","og_title":"Privacy Policy - Lucky Jet Games","og_description":"At luckyjet-games.com, we are committed to ensuring the privacy and security of our players.","og_url":"https:\/\/luckyjet-games.com\/lv\/privacy-policy\/","og_site_name":"Lucky Jet Games","article_modified_time":"2023-09-25T14:08:12+00:00","twitter_card":"summary_large_image","twitter_misc":{"Est. reading time":"2 min\u016btes"},"schema":{"@context":"https:\/\/schema.org","@graph":[{"@type":"WebPage","@id":"https:\/\/luckyjet-games.com\/privacy-policy\/","url":"https:\/\/luckyjet-games.com\/privacy-policy\/","name":"Priv\u0101tuma politika - Lucky Jet sp\u0113les","isPartOf":{"@id":"https:\/\/luckyjet-games.com\/de\/#website"},"datePublished":"2023-09-25T14:06:00+00:00","dateModified":"2023-09-25T14:08:12+00:00","description":"Vietn\u0113 luckyjet-games.com m\u0113s esam ap\u0146\u0113mu\u0161ies nodro\u0161in\u0101t m\u016bsu sp\u0113l\u0113t\u0101ju priv\u0101tumu un dro\u0161\u012bbu.","breadcrumb":{"@id":"https:\/\/luckyjet-games.com\/privacy-policy\/#breadcrumb"},"inLanguage":"lv-LV","potentialAction":[{"@type":"ReadAction","target":["https:\/\/luckyjet-games.com\/privacy-policy\/"]}]},{"@type":"BreadcrumbList","@id":"https:\/\/luckyjet-games.com\/privacy-policy\/#breadcrumb","itemListElement":[{"@type":"ListItem","position":1,"name":"Home","item":"https:\/\/luckyjet-games.com\/"},{"@type":"ListItem","position":2,"name":"Privacy Policy"}]},{"@type":"WebSite","@id":"https:\/\/luckyjet-games.com\/de\/#website","url":"https:\/\/luckyjet-games.com\/de\/","name":"Lucky Jet sp\u0113les","description":"","publisher":{"@id":"https:\/\/luckyjet-games.com\/de\/#organization"},"potentialAction":[{"@type":"SearchAction","target":{"@type":"EntryPoint","urlTemplate":"https:\/\/luckyjet-games.com\/de\/?s={search_term_string}"},"query-input":{"@type":"PropertyValueSpecification","valueRequired":true,"valueName":"search_term_string"}}],"inLanguage":"lv-LV"},{"@type":"Organization","@id":"https:\/\/luckyjet-games.com\/de\/#organization","name":"Lucky Jet sp\u0113les","url":"https:\/\/luckyjet-games.com\/de\/","logo":{"@type":"ImageObject","inLanguage":"lv-LV","@id":"https:\/\/luckyjet-games.com\/de\/#\/schema\/logo\/image\/","url":"https:\/\/luckyjet-games.com\/wp-content\/uploads\/2022\/10\/Lucky-Jet-Game.png","contentUrl":"https:\/\/luckyjet-games.com\/wp-content\/uploads\/2022\/10\/Lucky-Jet-Game.png","width":711,"height":599,"caption":"Lucky Jet Games"},"image":{"@id":"https:\/\/luckyjet-games.com\/de\/#\/schema\/logo\/image\/"}}]}},"_links":{"self":[{"href":"https:\/\/luckyjet-games.com\/lv\/wp-json\/wp\/v2\/pages\/360","targetHints":{"allow":["GET"]}}],"collection":[{"href":"https:\/\/luckyjet-games.com\/lv\/wp-json\/wp\/v2\/pages"}],"about":[{"href":"https:\/\/luckyjet-games.com\/lv\/wp-json\/wp\/v2\/types\/page"}],"author":[{"embeddable":true,"href":"https:\/\/luckyjet-games.com\/lv\/wp-json\/wp\/v2\/users\/2"}],"replies":[{"embeddable":true,"href":"https:\/\/luckyjet-games.com\/lv\/wp-json\/wp\/v2\/comments?post=360"}],"version-history":[{"count":0,"href":"https:\/\/luckyjet-games.com\/lv\/wp-json\/wp\/v2\/pages\/360\/revisions"}],"wp:attachment":[{"href":"https:\/\/luckyjet-games.com\/lv\/wp-json\/wp\/v2\/media?parent=360"}],"curies":[{"name":"wp","href":"https:\/\/api.w.org\/{rel}","templated":true}]}}