{"id":358,"date":"2023-09-25T11:50:26","date_gmt":"2023-09-25T11:50:26","guid":{"rendered":"https:\/\/luckyjet-games.com\/?page_id=358"},"modified":"2023-09-25T11:50:26","modified_gmt":"2023-09-25T11:50:26","slug":"cookies-policy","status":"publish","type":"page","link":"https:\/\/luckyjet-games.com\/lv\/cookies-policy\/","title":{"rendered":"S\u012bkdat\u0146u politika"},"content":{"rendered":"<p>\u0160aj\u0101 visaptvero\u0161aj\u0101 rokasgr\u0101mat\u0101 m\u0113s iedzi\u013cin\u0101mies s\u012bkfailu politiku sare\u017e\u0123\u012bt\u012bb\u0101, lai sniegtu jums piln\u012bgu izpratni par to noz\u012bmi, sast\u0101vda\u013c\u0101m un to, k\u0101 izveidot efekt\u012bvu j\u016bsu vietnei.<\/p>\n<div id=\"ez-toc-container\" class=\"ez-toc-v2_0_75 counter-hierarchy ez-toc-counter ez-toc-grey ez-toc-container-direction\">\n<div class=\"ez-toc-title-container\">\n<p class=\"ez-toc-title\" style=\"cursor:inherit\">Saturs<\/p>\n<span class=\"ez-toc-title-toggle\"><a href=\"#\" class=\"ez-toc-pull-right ez-toc-btn ez-toc-btn-xs ez-toc-btn-default ez-toc-toggle\" aria-label=\"P\u0101rsl\u0113gt satura tabulu\"><span class=\"ez-toc-js-icon-con\"><span class=\"\"><span class=\"eztoc-hide\" style=\"display:none;\">P\u0101rsl\u0113gt<\/span><span class=\"ez-toc-icon-toggle-span\"><svg style=\"fill: #999;color:#999\" xmlns=\"http:\/\/www.w3.org\/2000\/svg\" class=\"list-377408\" width=\"20px\" height=\"20px\" viewbox=\"0 0 24 24\" fill=\"none\"><path d=\"M6 6H4v2h2V6zm14 0H8v2h12V6zM4 11h2v2H4v-2zm16 0H8v2h12v-2zM4 16h2v2H4v-2zm16 0H8v2h12v-2z\" fill=\"currentColor\"><\/path><\/svg><svg style=\"fill: #999;color:#999\" class=\"arrow-unsorted-368013\" xmlns=\"http:\/\/www.w3.org\/2000\/svg\" width=\"10px\" height=\"10px\" viewbox=\"0 0 24 24\" version=\"1.2\" baseprofile=\"tiny\"><path d=\"M18.2 9.3l-6.2-6.3-6.2 6.3c-.2.2-.3.4-.3.7s.1.5.3.7c.2.2.4.3.7.3h11c.3 0 .5-.1.7-.3.2-.2.3-.5.3-.7s-.1-.5-.3-.7zM5.8 14.7l6.2 6.3 6.2-6.3c.2-.2.3-.5.3-.7s-.1-.5-.3-.7c-.2-.2-.4-.3-.7-.3h-11c-.3 0-.5.1-.7.3-.2.2-.3.5-.3.7s.1.5.3.7z\"\/><\/svg><\/span><\/span><\/span><\/a><\/span><\/div>\n<nav><ul class='ez-toc-list ez-toc-list-level-1 eztoc-toggle-hide-by-default' ><li class='ez-toc-page-1 ez-toc-heading-level-2'><a class=\"ez-toc-link ez-toc-heading-1\" href=\"https:\/\/luckyjet-games.com\/lv\/cookies-policy\/#Introduction\" >Ievads<\/a><\/li><li class='ez-toc-page-1 ez-toc-heading-level-2'><a class=\"ez-toc-link ez-toc-heading-2\" href=\"https:\/\/luckyjet-games.com\/lv\/cookies-policy\/#What_Are_Cookies\" >Kas ir s\u012bkfaili?<\/a><\/li><li class='ez-toc-page-1 ez-toc-heading-level-2'><a class=\"ez-toc-link ez-toc-heading-3\" href=\"https:\/\/luckyjet-games.com\/lv\/cookies-policy\/#Why_Do_You_Need_a_Cookies_Policy\" >K\u0101p\u0113c jums ir nepiecie\u0161ama s\u012bkfailu politika?<\/a><\/li><li class='ez-toc-page-1 ez-toc-heading-level-2'><a class=\"ez-toc-link ez-toc-heading-4\" href=\"https:\/\/luckyjet-games.com\/lv\/cookies-policy\/#Components_of_an_Effective_Cookies_Policy\" >Efekt\u012bvas s\u012bkfailu politikas sast\u0101vda\u013cas<\/a><ul class='ez-toc-list-level-3' ><li class='ez-toc-heading-level-3'><a class=\"ez-toc-link ez-toc-heading-5\" href=\"https:\/\/luckyjet-games.com\/lv\/cookies-policy\/#1_Introduction\" >1. Ievads<\/a><\/li><li class='ez-toc-page-1 ez-toc-heading-level-3'><a class=\"ez-toc-link ez-toc-heading-6\" href=\"https:\/\/luckyjet-games.com\/lv\/cookies-policy\/#2_What_Are_Cookies\" >2. Kas ir s\u012bkfaili?<\/a><\/li><li class='ez-toc-page-1 ez-toc-heading-level-3'><a class=\"ez-toc-link ez-toc-heading-7\" href=\"https:\/\/luckyjet-games.com\/lv\/cookies-policy\/#3_Types_of_Cookies\" >3. S\u012bkdat\u0146u veidi<\/a><\/li><li class='ez-toc-page-1 ez-toc-heading-level-3'><a class=\"ez-toc-link ez-toc-heading-8\" href=\"https:\/\/luckyjet-games.com\/lv\/cookies-policy\/#4_Why_Do_You_Use_Cookies\" >4. K\u0101p\u0113c j\u016bs izmantojat s\u012bkfailus?<\/a><\/li><li class='ez-toc-page-1 ez-toc-heading-level-3'><a class=\"ez-toc-link ez-toc-heading-9\" href=\"https:\/\/luckyjet-games.com\/lv\/cookies-policy\/#5_How_to_Disable_Cookies\" >5. K\u0101 atsp\u0113jot s\u012bkfailus<\/a><\/li><li class='ez-toc-page-1 ez-toc-heading-level-3'><a class=\"ez-toc-link ez-toc-heading-10\" href=\"https:\/\/luckyjet-games.com\/lv\/cookies-policy\/#6_Third-Party_Cookies\" >6. Tre\u0161o pu\u0161u s\u012bkfaili<\/a><\/li><li class='ez-toc-page-1 ez-toc-heading-level-3'><a class=\"ez-toc-link ez-toc-heading-11\" href=\"https:\/\/luckyjet-games.com\/lv\/cookies-policy\/#7_Changes_to_Your_Policy\" >7. Izmai\u0146as j\u016bsu politik\u0101<\/a><\/li><li class='ez-toc-page-1 ez-toc-heading-level-3'><a class=\"ez-toc-link ez-toc-heading-12\" href=\"https:\/\/luckyjet-games.com\/lv\/cookies-policy\/#8_Obtaining_Consent\" >8. Piekri\u0161anas sa\u0146em\u0161ana<\/a><\/li><\/ul><\/li><li class='ez-toc-page-1 ez-toc-heading-level-2'><a class=\"ez-toc-link ez-toc-heading-13\" href=\"https:\/\/luckyjet-games.com\/lv\/cookies-policy\/#Creating_an_Effective_Cookies_Policy\" >Efekt\u012bvas s\u012bkfailu politikas izveide<\/a><\/li><li class='ez-toc-page-1 ez-toc-heading-level-2'><a class=\"ez-toc-link ez-toc-heading-14\" href=\"https:\/\/luckyjet-games.com\/lv\/cookies-policy\/#Conclusion\" >Secin\u0101jums<\/a><\/li><\/ul><\/nav><\/div>\n<h2><span class=\"ez-toc-section\" id=\"Introduction\"><\/span>Ievads<span class=\"ez-toc-section-end\"><\/span><\/h2>\n<p>Kad runa ir par sp\u0113c\u012bgas kl\u0101tb\u016btnes izveidi tie\u0161saist\u0113, labi izstr\u0101d\u0101ta s\u012bkfailu politika ir b\u016btiska sast\u0101vda\u013ca. Tas ne tikai nodro\u0161ina atbilst\u012bbu ties\u012bbu aktiem, bet ar\u012b veido j\u016bsu vietnes apmekl\u0113t\u0101ju uztic\u012bbu. \u0160aj\u0101 rokasgr\u0101mat\u0101 m\u0113s izp\u0113t\u012bsim galvenos s\u012bkfailu politikas aspektus, pal\u012bdzot jums izveidot t\u0101du, kas ne tikai atbilst juridiskaj\u0101m pras\u012bb\u0101m, bet ar\u012b uzlabo lietot\u0101ja pieredzi.<\/p>\n<h2><span class=\"ez-toc-section\" id=\"What_Are_Cookies\"><\/span>Kas ir s\u012bkfaili?<span class=\"ez-toc-section-end\"><\/span><\/h2>\n<p>S\u012bkfaili ir nelieli datu gabali, kas tiek saglab\u0101ti lietot\u0101ja ier\u012bc\u0113, kad vi\u0146\u0161 apmekl\u0113 vietni. Tie kalpo da\u017e\u0101diem m\u0113r\u0137iem, tostarp lietot\u0101ju preferen\u010du iegaum\u0113\u0161anai, vietnes funkcionalit\u0101tes uzlabo\u0161anai un lietot\u0101ju uzved\u012bbas izseko\u0161anai. S\u012bkdatnes iedala div\u0101s galvenaj\u0101s kategorij\u0101s:<\/p>\n<ol>\n<li><strong>Sesijas s\u012bkfaili<\/strong>: \u0161ie pagaidu s\u012bkfaili tiek saglab\u0101ti tikai lietot\u0101ja sesijas laik\u0101 j\u016bsu vietn\u0113 un tiek dz\u0113sti, kad vi\u0146i aizver p\u0101rl\u016bkprogrammu.<\/li>\n<li><strong>Past\u0101v\u012bgie s\u012bkfaili<\/strong>: past\u0101v\u012bgie s\u012bkfaili paliek lietot\u0101ja ier\u012bc\u0113 noteiktu laiku, pat p\u0113c tam, kad tie atst\u0101j j\u016bsu vietni.<\/li>\n<\/ol>\n<h2><span class=\"ez-toc-section\" id=\"Why_Do_You_Need_a_Cookies_Policy\"><\/span>K\u0101p\u0113c jums ir nepiecie\u0161ama s\u012bkfailu politika?<span class=\"ez-toc-section-end\"><\/span><\/h2>\n<p>S\u012bkdat\u0146u politika ir \u013coti svar\u012bga vair\u0101ku iemeslu d\u0113\u013c:<\/p>\n<ol>\n<li><strong>Atbilst\u012bba ties\u012bbu aktiem<\/strong>: Daudzas valstis pieprasa, lai t\u012bmek\u013ca vietnes inform\u0113tu lietot\u0101jus par s\u012bkfailu izmanto\u0161anu un sa\u0146emtu vi\u0146u piekri\u0161anu. \u0160o noteikumu neiev\u0113ro\u0161ana var rad\u012bt juridiskas sekas.<\/li>\n<li><strong>Caursp\u012bd\u012bgums<\/strong>: tas par\u0101da j\u016bsu datu v\u0101k\u0161anas prakses caursp\u012bd\u012bgumu un god\u012bgumu, veicinot auditorijas uztic\u0113\u0161anos.<\/li>\n<li><strong>Lietot\u0101ja piekri\u0161ana<\/strong>: tas \u013cauj lietot\u0101jiem pie\u0146emt p\u0101rdom\u0101tus l\u0113mumus par savu datu priv\u0101tumu, nodro\u0161inot vi\u0146iem iesp\u0113ju pie\u0146emt vai noraid\u012bt s\u012bkfailus.<\/li>\n<\/ol>\n<h2><span class=\"ez-toc-section\" id=\"Components_of_an_Effective_Cookies_Policy\"><\/span>Efekt\u012bvas s\u012bkfailu politikas sast\u0101vda\u013cas<span class=\"ez-toc-section-end\"><\/span><\/h2>\n<p>Lai izveidotu s\u012bkfailu politiku, kas p\u0101rsp\u0113j konkurentus, apsveriet iesp\u0113ju iek\u013caut \u0161\u0101dus komponentus:<\/p>\n<h3><span class=\"ez-toc-section\" id=\"1_Introduction\"><\/span>1. Ievads<span class=\"ez-toc-section-end\"><\/span><\/h3>\n<p><strong>Nosaukums<\/strong>: skaidri atz\u012bm\u0113jiet savu politiku k\u0101 &quot;S\u012bkfailu politiku&quot;, lai to var\u0113tu viegli identific\u0113t.<\/p>\n<h3><span class=\"ez-toc-section\" id=\"2_What_Are_Cookies\"><\/span>2. Kas ir s\u012bkfaili?<span class=\"ez-toc-section-end\"><\/span><\/h3>\n<p>Sniedziet \u012bsu s\u012bkfailu skaidrojumu, k\u0101 m\u0113s to apspried\u0101m iepriek\u0161.<\/p>\n<h3><span class=\"ez-toc-section\" id=\"3_Types_of_Cookies\"><\/span>3. S\u012bkdat\u0146u veidi<span class=\"ez-toc-section-end\"><\/span><\/h3>\n<p>Izskaidrojiet da\u017e\u0101dus s\u012bkfailu veidus, ko izmanto j\u016bsu vietne, un to attiec\u012bgos m\u0113r\u0137us.<\/p>\n<h3><span class=\"ez-toc-section\" id=\"4_Why_Do_You_Use_Cookies\"><\/span>4. K\u0101p\u0113c j\u016bs izmantojat s\u012bkfailus?<span class=\"ez-toc-section-end\"><\/span><\/h3>\n<p>Detaliz\u0113ti aprakstiet lietot\u0101ju datu v\u0101k\u0161anas iemeslus, izmantojot s\u012bkfailus, un to, k\u0101 tas sniedz labumu gan j\u016bsu vietnei, gan lietot\u0101jiem.<\/p>\n<h3><span class=\"ez-toc-section\" id=\"5_How_to_Disable_Cookies\"><\/span>5. K\u0101 atsp\u0113jot s\u012bkfailus<span class=\"ez-toc-section-end\"><\/span><\/h3>\n<p>Pied\u0101v\u0101jiet nor\u0101d\u012bjumus par to, k\u0101 lietot\u0101ji var p\u0101rvald\u012bt un atsp\u0113jot s\u012bkfailus p\u0101rl\u016bkprogrammas iestat\u012bjumos.<\/p>\n<h3><span class=\"ez-toc-section\" id=\"6_Third-Party_Cookies\"><\/span>6. Tre\u0161o pu\u0161u s\u012bkfaili<span class=\"ez-toc-section-end\"><\/span><\/h3>\n<p>Ja piem\u0113rojams, atkl\u0101jiet visas j\u016bsu vietn\u0113 izmantot\u0101s tre\u0161\u0101s puses s\u012bkfailus un nor\u0101diet saites uz to attiec\u012bgaj\u0101m politik\u0101m.<\/p>\n<h3><span class=\"ez-toc-section\" id=\"7_Changes_to_Your_Policy\"><\/span>7. Izmai\u0146as j\u016bsu politik\u0101<span class=\"ez-toc-section-end\"><\/span><\/h3>\n<p>Paskaidrojiet, ka s\u012bkfailu politika var tikt atjaunin\u0101ta un k\u0101 lietot\u0101ji tiks inform\u0113ti par izmai\u0146\u0101m.<\/p>\n<h3><span class=\"ez-toc-section\" id=\"8_Obtaining_Consent\"><\/span>8. Piekri\u0161anas sa\u0146em\u0161ana<span class=\"ez-toc-section-end\"><\/span><\/h3>\n<p>Aprakstiet metodes, kas tiek izmantotas, lai ieg\u016btu lietot\u0101ja piekri\u0161anu s\u012bkfailu lieto\u0161anai, piem\u0113ram, uznirsto\u0161ie pazi\u0146ojumi vai baneri.<\/p>\n<h2><span class=\"ez-toc-section\" id=\"Creating_an_Effective_Cookies_Policy\"><\/span>Efekt\u012bvas s\u012bkfailu politikas izveide<span class=\"ez-toc-section-end\"><\/span><\/h2>\n<p>Lai izveidotu efekt\u012bvu s\u012bkfailu politiku, kas p\u0101rsp\u0113j konkurentus, r\u012bkojieties \u0161\u0101di:<\/p>\n<ol>\n<li><strong>P\u0113t\u012bjumi<\/strong>: esiet inform\u0113ts par jaun\u0101kajiem ar s\u012bkfailiem saist\u012btajiem noteikumiem savas m\u0113r\u0137auditorijas re\u0123ion\u0101.<\/li>\n<li><strong>Skaidra valoda<\/strong>: Uzrakstiet savu politiku vienk\u0101r\u0161\u0101, viegli saprotam\u0101 valod\u0101, lai lietot\u0101ji var\u0113tu saprast t\u0101s saturu.<\/li>\n<li><strong>Pieejam\u012bba<\/strong>: p\u0101rliecinieties, vai j\u016bsu politika ir viegli pieejama, parasti izmantojot k\u0101jenes saiti j\u016bsu vietn\u0113.<\/li>\n<li><strong>Piekri\u0161anas meh\u0101nisms<\/strong>: ieviesiet lietot\u0101jam draudz\u012bgu piekri\u0161anas meh\u0101nismu, kas respekt\u0113 lietot\u0101ju izv\u0113les.<\/li>\n<li><strong>Regul\u0101ri atjaunin\u0101jumi<\/strong>: periodiski p\u0101rskatiet un atjauniniet savu politiku, lai t\u0101 atbilstu main\u012bgajiem noteikumiem.<\/li>\n<\/ol>\n<h2><span class=\"ez-toc-section\" id=\"Conclusion\"><\/span>Secin\u0101jums<span class=\"ez-toc-section-end\"><\/span><\/h2>\n<p>Visbeidzot, labi izstr\u0101d\u0101ta s\u012bkfailu politika ir b\u016btisks j\u016bsu vietnes elements, kas ne tikai nodro\u0161ina atbilst\u012bbu ties\u012bbu aktiem, bet ar\u012b veicina j\u016bsu auditorijas uztic\u0113\u0161anos. Iev\u0113rojot \u0161aj\u0101 visaptvero\u0161aj\u0101 rokasgr\u0101mat\u0101 izkl\u0101st\u012bt\u0101s vadl\u012bnijas, varat izveidot s\u012bkdat\u0146u politiku, kas ne tikai atbilst juridiskaj\u0101m pras\u012bb\u0101m, bet ar\u012b uzlabo lietot\u0101ja pieredzi j\u016bsu vietn\u0113.<\/p>\n<p>Sniedzot skaidru inform\u0101ciju par s\u012bkfailiem, ieg\u016bstot lietot\u0101ja piekri\u0161anu un sekojot jaun\u0101kaj\u0101m izmai\u0146\u0101m normat\u012bvajos aktos, j\u016bs ne tikai p\u0101rsp\u0113siet savus konkurentus, bet ar\u012b izveidosiet savu vietni k\u0101 uzticamu un uz lietot\u0101ju orient\u0113tu tie\u0161saistes platformu.<\/p>\n<div class=\"author-card author-card--top\"><img alt='Avat\u0101ra foto' src='https:\/\/luckyjet-games.com\/wp-content\/uploads\/2023\/03\/Chris-Hodge-130x130.jpg' srcset='https:\/\/luckyjet-games.com\/wp-content\/uploads\/2023\/03\/Chris-Hodge-260x260.jpg 2x' class='avatar avatar-130 photo author-image' height='130' width='130' \/><div class=\"author-content text-md-center\"><span class=\"author-title\">Autors<\/span><a href=\"https:\/\/luckyjet-games.com\/lv\/author\/chris-hodge\/\" class=\"author-name\">Chris Hodge<\/a><p class=\"author__details\">Chris Hodge ir azartsp\u0113\u013cu sp\u0113\u013cu eksperts. Vi\u0146\u0161 ir sp\u0113l\u0113jis un p\u0113t\u012bjis kazino sp\u0113les vair\u0101k nek\u0101 10 gadus. \u0160aj\u0101 laik\u0101 vi\u0146\u0161 ir ieguvis padzi\u013cin\u0101tu izpratni par katras kazino sp\u0113les strat\u0113\u0123iju un meh\u0101niku.<br \/>\r\n<br \/>\r\nKrisa zin\u0101\u0161anas un pieredze ir \u013c\u0101vu\u0161as vi\u0146am regul\u0101ri public\u0113ties vair\u0101k\u0101s vado\u0161aj\u0101s azartsp\u0113\u013cu publik\u0101cij\u0101s. Vi\u0146u bie\u017ei aicina ar\u012b kazino, lai sniegtu ekspertu padomus par jaun\u0101m sp\u0113l\u0113m un akcij\u0101m.<\/p><\/div><!-- \/.author-content --><\/div>","protected":false},"excerpt":{"rendered":"<p>\u0160aj\u0101 visaptvero\u0161aj\u0101 rokasgr\u0101mat\u0101 m\u0113s izv\u0113rs\u012bsim s\u012bkfailu politikas nianses, lai sniegtu jums padzi\u013cin\u0101tu izpratni par to noz\u012bmi, sast\u0101vda\u013c\u0101m un to, k\u0101 izveidot efekt\u012bvu politiku j\u016bsu vietnei. Ievads Lai izveidotu sp\u0113c\u012bgu tie\u0161saistes kl\u0101tb\u016btni, labi izstr\u0101d\u0101ta s\u012bkfailu politika ir b\u016btiska sast\u0101vda\u013ca. T\u0101 ne tikai nodro\u0161ina [...]<\/p>","protected":false},"author":2,"featured_media":0,"parent":0,"menu_order":0,"comment_status":"closed","ping_status":"closed","template":"page-no-sidebar.php","meta":{"_acf_changed":false,"footnotes":""},"class_list":["post-358","page","type-page","status-publish","hentry"],"acf":[],"yoast_head":"<!-- This site is optimized with the Yoast SEO plugin v26.7 - https:\/\/yoast.com\/wordpress\/plugins\/seo\/ -->\n<title>Cookies Policy - Lucky Jet Games<\/title>\n<meta name=\"robots\" content=\"index, follow, max-snippet:-1, max-image-preview:large, max-video-preview:-1\" \/>\n<link rel=\"canonical\" href=\"https:\/\/luckyjet-games.com\/lv\/cookies-policy\/\" \/>\n<meta property=\"og:locale\" content=\"lv_LV\" \/>\n<meta property=\"og:type\" content=\"article\" \/>\n<meta property=\"og:title\" content=\"Cookies Policy - Lucky Jet Games\" \/>\n<meta property=\"og:description\" content=\"In this comprehensive guide, we delve into the intricacies of cookies policies to provide you with a thorough understanding of their importance, components, and how to create an effective one for your website. Introduction When it comes to establishing a strong online presence, a well-crafted cookies policy is an essential component. It not only ensures [&hellip;]\" \/>\n<meta property=\"og:url\" content=\"https:\/\/luckyjet-games.com\/lv\/cookies-policy\/\" \/>\n<meta property=\"og:site_name\" content=\"Lucky Jet Games\" \/>\n<meta name=\"twitter:card\" content=\"summary_large_image\" \/>\n<!-- \/ Yoast SEO plugin. -->","yoast_head_json":{"title":"S\u012bkfailu politika \u2014 Lucky Jet sp\u0113les","robots":{"index":"index","follow":"follow","max-snippet":"max-snippet:-1","max-image-preview":"max-image-preview:large","max-video-preview":"max-video-preview:-1"},"canonical":"https:\/\/luckyjet-games.com\/lv\/cookies-policy\/","og_locale":"lv_LV","og_type":"article","og_title":"Cookies Policy - Lucky Jet Games","og_description":"In this comprehensive guide, we delve into the intricacies of cookies policies to provide you with a thorough understanding of their importance, components, and how to create an effective one for your website. Introduction When it comes to establishing a strong online presence, a well-crafted cookies policy is an essential component. It not only ensures [&hellip;]","og_url":"https:\/\/luckyjet-games.com\/lv\/cookies-policy\/","og_site_name":"Lucky Jet Games","twitter_card":"summary_large_image","schema":{"@context":"https:\/\/schema.org","@graph":[{"@type":"WebPage","@id":"https:\/\/luckyjet-games.com\/cookies-policy\/","url":"https:\/\/luckyjet-games.com\/cookies-policy\/","name":"S\u012bkfailu politika \u2014 Lucky Jet sp\u0113les","isPartOf":{"@id":"https:\/\/luckyjet-games.com\/de\/#website"},"datePublished":"2023-09-25T11:50:26+00:00","breadcrumb":{"@id":"https:\/\/luckyjet-games.com\/cookies-policy\/#breadcrumb"},"inLanguage":"lv-LV","potentialAction":[{"@type":"ReadAction","target":["https:\/\/luckyjet-games.com\/cookies-policy\/"]}]},{"@type":"BreadcrumbList","@id":"https:\/\/luckyjet-games.com\/cookies-policy\/#breadcrumb","itemListElement":[{"@type":"ListItem","position":1,"name":"Home","item":"https:\/\/luckyjet-games.com\/"},{"@type":"ListItem","position":2,"name":"Cookies Policy"}]},{"@type":"WebSite","@id":"https:\/\/luckyjet-games.com\/de\/#website","url":"https:\/\/luckyjet-games.com\/de\/","name":"Lucky Jet sp\u0113les","description":"","publisher":{"@id":"https:\/\/luckyjet-games.com\/de\/#organization"},"potentialAction":[{"@type":"SearchAction","target":{"@type":"EntryPoint","urlTemplate":"https:\/\/luckyjet-games.com\/de\/?s={search_term_string}"},"query-input":{"@type":"PropertyValueSpecification","valueRequired":true,"valueName":"search_term_string"}}],"inLanguage":"lv-LV"},{"@type":"Organization","@id":"https:\/\/luckyjet-games.com\/de\/#organization","name":"Lucky Jet sp\u0113les","url":"https:\/\/luckyjet-games.com\/de\/","logo":{"@type":"ImageObject","inLanguage":"lv-LV","@id":"https:\/\/luckyjet-games.com\/de\/#\/schema\/logo\/image\/","url":"https:\/\/luckyjet-games.com\/wp-content\/uploads\/2022\/10\/Lucky-Jet-Game.png","contentUrl":"https:\/\/luckyjet-games.com\/wp-content\/uploads\/2022\/10\/Lucky-Jet-Game.png","width":711,"height":599,"caption":"Lucky Jet Games"},"image":{"@id":"https:\/\/luckyjet-games.com\/de\/#\/schema\/logo\/image\/"}}]}},"_links":{"self":[{"href":"https:\/\/luckyjet-games.com\/lv\/wp-json\/wp\/v2\/pages\/358","targetHints":{"allow":["GET"]}}],"collection":[{"href":"https:\/\/luckyjet-games.com\/lv\/wp-json\/wp\/v2\/pages"}],"about":[{"href":"https:\/\/luckyjet-games.com\/lv\/wp-json\/wp\/v2\/types\/page"}],"author":[{"embeddable":true,"href":"https:\/\/luckyjet-games.com\/lv\/wp-json\/wp\/v2\/users\/2"}],"replies":[{"embeddable":true,"href":"https:\/\/luckyjet-games.com\/lv\/wp-json\/wp\/v2\/comments?post=358"}],"version-history":[{"count":0,"href":"https:\/\/luckyjet-games.com\/lv\/wp-json\/wp\/v2\/pages\/358\/revisions"}],"wp:attachment":[{"href":"https:\/\/luckyjet-games.com\/lv\/wp-json\/wp\/v2\/media?parent=358"}],"curies":[{"name":"wp","href":"https:\/\/api.w.org\/{rel}","templated":true}]}}