{"id":27,"date":"2022-10-07T14:43:44","date_gmt":"2022-10-07T14:43:44","guid":{"rendered":"https:\/\/luckyjet-games.com\/?page_id=27"},"modified":"2024-03-12T18:02:22","modified_gmt":"2024-03-12T18:02:22","slug":"how-to-download-lucky-jet-app","status":"publish","type":"page","link":"https:\/\/luckyjet-games.com\/lv\/download-lucky-jet-app\/","title":{"rendered":"K\u0101 lejupiel\u0101d\u0113t Lucky Jet lietotni"},"content":{"rendered":"<div style=\"text-align: center;\"><a class=\"glow-button\" href=\"#go\" data-go=\"go\">Sp\u0113l\u0113jiet Lucky Jet vietn\u0113 1Win Casino<\/a><\/div>\n\n\n\n<p>Ir vienk\u0101r\u0161i s\u0101kt sp\u0113l\u0113t <a href=\"https:\/\/luckyjet-games.com\/lv\/\">Lucky Jet sp\u0113le<\/a>. Sp\u0113le b\u016bs pieejama Android, iOS un Windows vai MacOS.<\/p>\n\n\n<div class=\"wp-block-image\">\n<figure class=\"aligncenter\"><a href=\"#go\" data-go=\"go\" rel=\"noreferrer noopener\"><img decoding=\"async\" width=\"1022\" height=\"500\" src=\"https:\/\/luckyjet-games.com\/wp-content\/uploads\/2022\/10\/Jucky-Jet-App.jpg\" alt=\"Lucky Jet lietotne\" class=\"wp-image-38\" srcset=\"https:\/\/luckyjet-games.com\/wp-content\/uploads\/2022\/10\/Jucky-Jet-App.jpg 1022w, https:\/\/luckyjet-games.com\/wp-content\/uploads\/2022\/10\/Jucky-Jet-App-300x147.jpg 300w, https:\/\/luckyjet-games.com\/wp-content\/uploads\/2022\/10\/Jucky-Jet-App-768x376.jpg 768w, https:\/\/luckyjet-games.com\/wp-content\/uploads\/2022\/10\/Jucky-Jet-App-82x40.jpg 82w, https:\/\/luckyjet-games.com\/wp-content\/uploads\/2022\/10\/Jucky-Jet-App-65x32.jpg 65w, https:\/\/luckyjet-games.com\/wp-content\/uploads\/2022\/10\/Jucky-Jet-App-164x80.jpg 164w, https:\/\/luckyjet-games.com\/wp-content\/uploads\/2022\/10\/Jucky-Jet-App-276x135.jpg 276w\" sizes=\"(max-width: 1022px) 100vw, 1022px\" \/><\/a><figcaption class=\"wp-element-caption\">Lucky Jet lietotne<\/figcaption><\/figure>\n<\/div>\n\n\n<p>Lucky Jet ir tikai p\u0101rl\u016bkprogrammas sp\u0113le, kuru neatrad\u012bsiet nevien\u0101 lietot\u0146u veikal\u0101. Tas ir saist\u012bts ar Apple AppStore un Google Play Store politiku, saska\u0146\u0101 ar kuru to katalogos nav at\u013cautas naudas sp\u0113les. Tom\u0113r tas mums n\u0101k par labu, jo viss, kas jums nepiecie\u0161ams, lai sp\u0113l\u0113tu sp\u0113li, ir t\u0101lrunis, dators vai plan\u0161etdators ar p\u0101rl\u016bkprogrammu, vienk\u0101r\u0161i sekojiet saitei un s\u0101ciet sp\u0113l\u0113t!<\/p>\n\n\n\n<figure class=\"wp-block-table\"><table><tbody><tr><td>Pieteikuma versija<\/td><td>37.02<\/td><\/tr><tr><td>Izmaksas<\/td><td>Bezmaksas<\/td><\/tr><tr><td>OS<\/td><td>iOS, Android<\/td><\/tr><tr><td>Sp\u0113l\u0113t tirgu<\/td><td>Nav pieejams<\/td><\/tr><tr><td>Apple Store<\/td><td>Nav pieejams<\/td><\/tr><tr><td>Apjoms oper\u0113t\u0101jsist\u0113mai Android<\/td><td>43,12 Mb<\/td><\/tr><tr><td>Apjoms oper\u0113t\u0101jsist\u0113mai iOS<\/td><td>23,4 Mb<\/td><\/tr><tr><td>Kazino pakalpojumi<\/td><td>J\u0101, ja jums ir konts<\/td><\/tr><\/tbody><\/table><\/figure>\n\n\n\n<div id=\"ez-toc-container\" class=\"ez-toc-v2_0_75 counter-hierarchy ez-toc-counter ez-toc-grey ez-toc-container-direction\">\n<div class=\"ez-toc-title-container\">\n<p class=\"ez-toc-title\" style=\"cursor:inherit\">Saturs<\/p>\n<span class=\"ez-toc-title-toggle\"><a href=\"#\" class=\"ez-toc-pull-right ez-toc-btn ez-toc-btn-xs ez-toc-btn-default ez-toc-toggle\" aria-label=\"P\u0101rsl\u0113gt satura tabulu\"><span class=\"ez-toc-js-icon-con\"><span class=\"\"><span class=\"eztoc-hide\" style=\"display:none;\">P\u0101rsl\u0113gt<\/span><span class=\"ez-toc-icon-toggle-span\"><svg style=\"fill: #999;color:#999\" xmlns=\"http:\/\/www.w3.org\/2000\/svg\" class=\"list-377408\" width=\"20px\" height=\"20px\" viewbox=\"0 0 24 24\" fill=\"none\"><path d=\"M6 6H4v2h2V6zm14 0H8v2h12V6zM4 11h2v2H4v-2zm16 0H8v2h12v-2zM4 16h2v2H4v-2zm16 0H8v2h12v-2z\" fill=\"currentColor\"><\/path><\/svg><svg style=\"fill: #999;color:#999\" class=\"arrow-unsorted-368013\" xmlns=\"http:\/\/www.w3.org\/2000\/svg\" width=\"10px\" height=\"10px\" viewbox=\"0 0 24 24\" version=\"1.2\" baseprofile=\"tiny\"><path d=\"M18.2 9.3l-6.2-6.3-6.2 6.3c-.2.2-.3.4-.3.7s.1.5.3.7c.2.2.4.3.7.3h11c.3 0 .5-.1.7-.3.2-.2.3-.5.3-.7s-.1-.5-.3-.7zM5.8 14.7l6.2 6.3 6.2-6.3c.2-.2.3-.5.3-.7s-.1-.5-.3-.7c-.2-.2-.4-.3-.7-.3h-11c-.3 0-.5.1-.7.3-.2.2-.3.5-.3.7s.1.5.3.7z\"\/><\/svg><\/span><\/span><\/span><\/a><\/span><\/div>\n<nav><ul class='ez-toc-list ez-toc-list-level-1 eztoc-toggle-hide-by-default' ><li class='ez-toc-page-1 ez-toc-heading-level-2'><a class=\"ez-toc-link ez-toc-heading-1\" href=\"https:\/\/luckyjet-games.com\/lv\/download-lucky-jet-app\/#Play_Lucky_Jet_for_free_at_1Win_Casino\" >Sp\u0113l\u0113jiet Lucky Jet bez maksas 1Win kazino<\/a><\/li><li class='ez-toc-page-1 ez-toc-heading-level-2'><a class=\"ez-toc-link ez-toc-heading-2\" href=\"https:\/\/luckyjet-games.com\/lv\/download-lucky-jet-app\/#Download_Lucky_Jet_%E2%80%93_Play_for_real_money\" >Lejupiel\u0101d\u0113t Lucky Jet - Sp\u0113l\u0113jiet uz naudu<\/a><\/li><li class='ez-toc-page-1 ez-toc-heading-level-2'><a class=\"ez-toc-link ez-toc-heading-3\" href=\"https:\/\/luckyjet-games.com\/lv\/download-lucky-jet-app\/#Download_app_on_your_Android\" >Lejupiel\u0101d\u0113jiet lietotni sav\u0101 Android ier\u012bc\u0113<\/a><ul class='ez-toc-list-level-3' ><li class='ez-toc-heading-level-3'><a class=\"ez-toc-link ez-toc-heading-4\" href=\"https:\/\/luckyjet-games.com\/lv\/download-lucky-jet-app\/#Follow_the_link\" >Skatiet saiti:<\/a><\/li><li class='ez-toc-page-1 ez-toc-heading-level-3'><a class=\"ez-toc-link ez-toc-heading-5\" href=\"https:\/\/luckyjet-games.com\/lv\/download-lucky-jet-app\/#Use_Chrome_menu\" >Izmantojiet Chrome izv\u0113lni:<\/a><\/li><\/ul><\/li><li class='ez-toc-page-1 ez-toc-heading-level-2'><a class=\"ez-toc-link ez-toc-heading-6\" href=\"https:\/\/luckyjet-games.com\/lv\/download-lucky-jet-app\/#Download_for_iOS\" >Lejupiel\u0101d\u0113t oper\u0113t\u0101jsist\u0113mai iOS<\/a><\/li><li class='ez-toc-page-1 ez-toc-heading-level-2'><a class=\"ez-toc-link ez-toc-heading-7\" href=\"https:\/\/luckyjet-games.com\/lv\/download-lucky-jet-app\/#Play_Lucky_Jet_game_on_your_computer\" >Sp\u0113l\u0113jiet Lucky Jet sp\u0113li sav\u0101 dator\u0101<\/a><\/li><li class='ez-toc-page-1 ez-toc-heading-level-2'><a class=\"ez-toc-link ez-toc-heading-8\" href=\"https:\/\/luckyjet-games.com\/lv\/download-lucky-jet-app\/#Conclusion\" >Secin\u0101jums<\/a><\/li><\/ul><\/nav><\/div>\n<h2 class=\"wp-block-heading\"><span class=\"ez-toc-section\" id=\"Play_Lucky_Jet_for_free_at_1Win_Casino\"><\/span>Sp\u0113l\u0113jiet Lucky Jet bez maksas 1Win kazino<span class=\"ez-toc-section-end\"><\/span><\/h2>\n\n\n\n<p>Ieg\u016bstiet iesp\u0113ju atp\u016bsties un izklaid\u0113ties kop\u0101 ar Lucky Jet, net\u0113r\u0113jot ne centa. Tie\u0161saistes kazino katram sp\u0113l\u0113t\u0101jam nodro\u0161ina bonusa bilanci, lai sp\u0113l\u0113tu sp\u0113\u013cu autom\u0101tus, ruleti, pokeru vai av\u0101rijas sp\u0113les. Sekojiet saitei, re\u0123istr\u0113jieties un s\u0101ciet sp\u0113l\u0113t bez riska.<\/p>\n\n\n\n<div style=\"text-align: center;\"><a class=\"glow-button\" href=\"#go\" data-go=\"go\">\ud83d\udcf1 Lejupiel\u0101d\u0113t Lucky Jet sp\u0113li<\/a><\/div>\n\n\n\n<h2 class=\"wp-block-heading\"><span class=\"ez-toc-section\" id=\"Download_Lucky_Jet_%E2%80%93_Play_for_real_money\"><\/span>Lejupiel\u0101d\u0113t Lucky Jet - Sp\u0113l\u0113jiet uz naudu<span class=\"ez-toc-section-end\"><\/span><\/h2>\n\n\n\n<p>\u012astu prieku no sp\u0113les var g\u016bt tikai tad, ja ir iesp\u0113ja vinn\u0113t lielu laimestu. Un ar Lucky Jet sp\u0113li tas noteikti ir iesp\u0113jams! \u012apa\u0161i, ja iev\u0113rosiet m\u016bsu vienk\u0101r\u0161\u0101s strat\u0113\u0123ijas. Tikai ar da\u017eiem klik\u0161\u0137iem Lucky Joe var pal\u012bdz\u0113t iev\u0113rojami vairot j\u016bsu ien\u0101kumus. Lai vienm\u0113r var\u0113tu piek\u013c\u016bt Lucky Jet sp\u0113lei, vienk\u0101r\u0161i izpildiet t\u0101l\u0101k sniegtos nor\u0101d\u012bjumus.<\/p>\n\n\n<div class=\"wp-block-image wp-image-40 size-full\">\n<figure class=\"aligncenter\"><a href=\"#go\" data-go=\"go\" rel=\"noreferrer noopener\"><img decoding=\"async\" width=\"439\" height=\"459\" src=\"https:\/\/luckyjet-games.com\/wp-content\/uploads\/2022\/10\/Download-Jucky-Jet.jpg\" alt=\"Lejupiel\u0101d\u0113t Lucky Jet\" class=\"wp-image-40\" srcset=\"https:\/\/luckyjet-games.com\/wp-content\/uploads\/2022\/10\/Download-Jucky-Jet.jpg 439w, https:\/\/luckyjet-games.com\/wp-content\/uploads\/2022\/10\/Download-Jucky-Jet-287x300.jpg 287w, https:\/\/luckyjet-games.com\/wp-content\/uploads\/2022\/10\/Download-Jucky-Jet-38x40.jpg 38w, https:\/\/luckyjet-games.com\/wp-content\/uploads\/2022\/10\/Download-Jucky-Jet-31x32.jpg 31w, https:\/\/luckyjet-games.com\/wp-content\/uploads\/2022\/10\/Download-Jucky-Jet-77x80.jpg 77w, https:\/\/luckyjet-games.com\/wp-content\/uploads\/2022\/10\/Download-Jucky-Jet-129x135.jpg 129w\" sizes=\"(max-width: 439px) 100vw, 439px\" \/><\/a><figcaption class=\"wp-element-caption\">Lejupiel\u0101d\u0113t Lucky Jet<\/figcaption><\/figure>\n<\/div>\n\n\n<h2 class=\"wp-block-heading\"><span class=\"ez-toc-section\" id=\"Download_app_on_your_Android\"><\/span>Lejupiel\u0101d\u0113jiet lietotni sav\u0101 Android ier\u012bc\u0113<span class=\"ez-toc-section-end\"><\/span><\/h2>\n\n\n\n<p>J\u016bs varat viegli piek\u013c\u016bt sp\u0113lei Android plan\u0161etdatoros, instal\u0113jot lietotni. P\u0113c programmas instal\u0113\u0161anas vienk\u0101r\u0161i mekl\u0113jiet Lucky Jet sp\u0113\u013cu katalog\u0101. Ja izmantojat t\u0101lruni, dodieties uz kazino vietni p\u0101rl\u016bkprogramm\u0101 Chrome. Ir divi veidi, k\u0101 instal\u0113t lietotnes:<\/p>\n\n\n\n<h3 class=\"wp-block-heading\"><span class=\"ez-toc-section\" id=\"Follow_the_link\"><\/span>Skatiet saiti:<span class=\"ez-toc-section-end\"><\/span><\/h3>\n\n\n\n<ul class=\"wp-block-list\">\n<li>Ritiniet uz leju l\u012bdz sada\u013cai \"Inform\u0101cija\";<\/li>\n\n\n\n<li>Izv\u0113lieties lietotni Android. P\u0113c lejupiel\u0101des pabeig\u0161anas atveriet sada\u013cu \"Iestat\u012bjumi\" un izv\u0113lieties \"Izv\u0113rsti\". Izv\u0113lieties \"Android lietotne\" un p\u0113c tam pagaidiet, l\u012bdz programma tiks instal\u0113ta.<\/li>\n\n\n\n<li>Instal\u0113jiet .apk failu, kad tas ir lejupiel\u0101d\u0113ts.<\/li>\n<\/ul>\n\n\n\n<h3 class=\"wp-block-heading\"><span class=\"ez-toc-section\" id=\"Use_Chrome_menu\"><\/span>Izmantojiet Chrome izv\u0113lni:<span class=\"ez-toc-section-end\"><\/span><\/h3>\n\n\n\n<ul class=\"wp-block-list\">\n<li>Noklik\u0161\u0137iniet uz p\u0101rl\u016bka izv\u0113lnes aug\u0161\u0113j\u0101 labaj\u0101 st\u016br\u012b. (Tam vajadz\u0113tu izskat\u012bties p\u0113c tr\u012bs punkti\u0146iem.)<\/li>\n\n\n\n<li>Izv\u0113lieties \"Instal\u0113t programmu\";<\/li>\n\n\n\n<li>Iznirsto\u0161aj\u0101 log\u0101 noklik\u0161\u0137iniet uz \"Instal\u0113t\";<\/li>\n\n\n\n<li>Programmu sarakst\u0101 par\u0101d\u012bsies kazino ikona.<\/li>\n<\/ul>\n\n\n<div class=\"wp-block-image wp-image-41 size-full\">\n<figure class=\"aligncenter\"><a href=\"#go\" data-go=\"go\" rel=\"noreferrer noopener\"><img decoding=\"async\" width=\"245\" height=\"467\" src=\"https:\/\/luckyjet-games.com\/wp-content\/uploads\/2022\/10\/Jucky-Jet-Download.jpg\" alt=\"Lucky Jet Lejupiel\u0101d\u0113t\" class=\"wp-image-41\" srcset=\"https:\/\/luckyjet-games.com\/wp-content\/uploads\/2022\/10\/Jucky-Jet-Download.jpg 245w, https:\/\/luckyjet-games.com\/wp-content\/uploads\/2022\/10\/Jucky-Jet-Download-157x300.jpg 157w, https:\/\/luckyjet-games.com\/wp-content\/uploads\/2022\/10\/Jucky-Jet-Download-21x40.jpg 21w, https:\/\/luckyjet-games.com\/wp-content\/uploads\/2022\/10\/Jucky-Jet-Download-17x32.jpg 17w, https:\/\/luckyjet-games.com\/wp-content\/uploads\/2022\/10\/Jucky-Jet-Download-42x80.jpg 42w, https:\/\/luckyjet-games.com\/wp-content\/uploads\/2022\/10\/Jucky-Jet-Download-71x135.jpg 71w\" sizes=\"(max-width: 245px) 100vw, 245px\" \/><\/a><figcaption class=\"wp-element-caption\">Lucky Jet Lejupiel\u0101d\u0113t<\/figcaption><\/figure>\n<\/div>\n\n\n<div style=\"text-align: center;\"><a class=\"glow-button\" href=\"#go\" data-go=\"go\">Sp\u0113l\u0113t Lucky Jet<\/a><\/div>\n\n\n\n<h2 class=\"wp-block-heading\"><span class=\"ez-toc-section\" id=\"Download_for_iOS\"><\/span>Lejupiel\u0101d\u0113t oper\u0113t\u0101jsist\u0113mai iOS<span class=\"ez-toc-section-end\"><\/span><\/h2>\n\n\n\n<p>Lai instal\u0113tu sp\u0113li sav\u0101 iPhone vai iPad, jums ir j\u0101izveido gr\u0101matz\u012bme Safari un j\u0101nos\u016bta t\u0101 uz galveno ekr\u0101nu. Lai to izdar\u012btu:<\/p>\n\n\n\n<ul class=\"wp-block-list\">\n<li>atveriet Safari sav\u0101 iPhone;<\/li>\n\n\n\n<li>dodieties uz kazino vietni;<\/li>\n\n\n\n<li>noklik\u0161\u0137iniet uz pogas \"Atv\u0113rt\";<\/li>\n\n\n\n<li>izv\u0113lieties \"galvenais ekr\u0101ns\";<\/li>\n\n\n\n<li>t\u0101lru\u0146a galvenaj\u0101 ekr\u0101n\u0101 par\u0101d\u012bsies kazino ikona.<\/li>\n<\/ul>\n\n\n\n<h2 class=\"wp-block-heading\"><span class=\"ez-toc-section\" id=\"Play_Lucky_Jet_game_on_your_computer\"><\/span>Sp\u0113l\u0113jiet Lucky Jet sp\u0113li sav\u0101 dator\u0101<span class=\"ez-toc-section-end\"><\/span><\/h2>\n\n\n\n<p>Sp\u0113le ir pieejama tikai t\u012bmek\u013ca versij\u0101 oper\u0113t\u0101jsist\u0113m\u0101m Windows un MacOS. Sp\u0113li vienm\u0113r var atrast 1win t\u012bmek\u013ca vietnes sp\u0113\u013cu kolekcij\u0101. Lai nekav\u0113joties sa\u0146emtu atsauksmes par sp\u0113li, neaizmirstiet pievienot vietnei gr\u0101matz\u012bmi!<\/p>\n\n\n<div class=\"wp-block-image wp-image-42 size-full\">\n<figure class=\"aligncenter\"><a href=\"#go\" data-go=\"go\" rel=\"noreferrer noopener\"><img decoding=\"async\" width=\"694\" height=\"427\" src=\"https:\/\/luckyjet-games.com\/wp-content\/uploads\/2022\/10\/Play-Jucky-Jet-Game.jpg\" alt=\"Sp\u0113l\u0113t Lucky Jet sp\u0113li\" class=\"wp-image-42\" srcset=\"https:\/\/luckyjet-games.com\/wp-content\/uploads\/2022\/10\/Play-Jucky-Jet-Game.jpg 694w, https:\/\/luckyjet-games.com\/wp-content\/uploads\/2022\/10\/Play-Jucky-Jet-Game-300x185.jpg 300w, https:\/\/luckyjet-games.com\/wp-content\/uploads\/2022\/10\/Play-Jucky-Jet-Game-65x40.jpg 65w, https:\/\/luckyjet-games.com\/wp-content\/uploads\/2022\/10\/Play-Jucky-Jet-Game-52x32.jpg 52w, https:\/\/luckyjet-games.com\/wp-content\/uploads\/2022\/10\/Play-Jucky-Jet-Game-130x80.jpg 130w, https:\/\/luckyjet-games.com\/wp-content\/uploads\/2022\/10\/Play-Jucky-Jet-Game-219x135.jpg 219w\" sizes=\"(max-width: 694px) 100vw, 694px\" \/><\/a><figcaption class=\"wp-element-caption\">Sp\u0113l\u0113t Lucky Jet sp\u0113li<\/figcaption><\/figure>\n<\/div>\n\n\n<div style=\"text-align: center;\"><a class=\"glow-button\" href=\"#go\" data-go=\"go\">Sp\u0113l\u0113t Lucky Jet no mobil\u0101 t\u0101lru\u0146a<\/a><\/div>\n\n\n\n<h2 class=\"wp-block-heading\"><span class=\"ez-toc-section\" id=\"Conclusion\"><\/span>Secin\u0101jums<span class=\"ez-toc-section-end\"><\/span><\/h2>\n\n\n\n<p>Lucky Jet ir viegli pieejama sp\u0113le, kuru var sp\u0113l\u0113t jebkur\u0101 ier\u012bc\u0113. Vien\u012bgais, kas jums nepiecie\u0161ams, ir p\u0101rl\u016bkprogramma. Ja v\u0113laties sp\u0113l\u0113t uz naudu, vienk\u0101r\u0161i lejupiel\u0101d\u0113jiet lietotni vai izmantojiet t\u012bmek\u013ca versiju dator\u0101. Ar nelielu veiksmi Lucky Jet var pal\u012bdz\u0113t jums g\u016bt nopietnu pe\u013c\u0146u!<\/p>\n<div class=\"author-card author-card--top\"><img alt='Avat\u0101ra foto' src='https:\/\/luckyjet-games.com\/wp-content\/uploads\/2023\/03\/Chris-Hodge-130x130.jpg' srcset='https:\/\/luckyjet-games.com\/wp-content\/uploads\/2023\/03\/Chris-Hodge-260x260.jpg 2x' class='avatar avatar-130 photo author-image' height='130' width='130' \/><div class=\"author-content text-md-center\"><span class=\"author-title\">Autors<\/span><a href=\"https:\/\/luckyjet-games.com\/lv\/author\/chris-hodge\/\" class=\"author-name\">Chris Hodge<\/a><p class=\"author__details\">Chris Hodge ir azartsp\u0113\u013cu sp\u0113\u013cu eksperts. Vi\u0146\u0161 ir sp\u0113l\u0113jis un p\u0113t\u012bjis kazino sp\u0113les vair\u0101k nek\u0101 10 gadus. \u0160aj\u0101 laik\u0101 vi\u0146\u0161 ir ieguvis padzi\u013cin\u0101tu izpratni par katras kazino sp\u0113les strat\u0113\u0123iju un meh\u0101niku.<br \/>\r\n<br \/>\r\nKrisa zin\u0101\u0161anas un pieredze ir \u013c\u0101vu\u0161as vi\u0146am regul\u0101ri public\u0113ties vair\u0101k\u0101s vado\u0161aj\u0101s azartsp\u0113\u013cu publik\u0101cij\u0101s. Vi\u0146u bie\u017ei aicina ar\u012b kazino, lai sniegtu ekspertu padomus par jaun\u0101m sp\u0113l\u0113m un akcij\u0101m.<\/p><\/div><!-- \/.author-content --><\/div>","protected":false},"excerpt":{"rendered":"<p>Sp\u0113l\u0113t Lucky Jet vietn\u0113 1Win Casino Ir vienk\u0101r\u0161i s\u0101kt sp\u0113l\u0113t Lucky Jet sp\u0113li. Sp\u0113le b\u016bs pieejama Android, iOS un Windows vai MacOS. Lucky Jet ir tikai p\u0101rl\u016bkprogrammas sp\u0113le, un j\u016bs to neatrad\u012bsiet nevien\u0101 lietot\u0146u veikal\u0101. Tas ir saist\u012bts ar Apple AppStore un Google Play Store [...]<\/p>","protected":false},"author":2,"featured_media":0,"parent":0,"menu_order":0,"comment_status":"closed","ping_status":"closed","template":"page-no-sidebar.php","meta":{"_acf_changed":false,"footnotes":""},"class_list":["post-27","page","type-page","status-publish","hentry"],"acf":[],"yoast_head":"<!-- This site is optimized with the Yoast SEO plugin v26.7 - https:\/\/yoast.com\/wordpress\/plugins\/seo\/ -->\n<title>How to Download Lucky Jet App: Android, iPhone, Windows or Mac<\/title>\n<meta name=\"description\" content=\"How to download Lucky Jet App for Android, iPhone, Windows or Mac. Download Lucky Jet 1win casino game on your smartphone \ud83d\ude80 How to Install Lucky Jet apk\" \/>\n<meta name=\"robots\" content=\"index, follow, max-snippet:-1, max-image-preview:large, max-video-preview:-1\" \/>\n<link rel=\"canonical\" href=\"https:\/\/luckyjet-games.com\/lv\/download-lucky-jet-app\/\" \/>\n<meta property=\"og:locale\" content=\"lv_LV\" \/>\n<meta property=\"og:type\" content=\"article\" \/>\n<meta property=\"og:title\" content=\"How to Download Lucky Jet App: Android, iPhone, Windows or Mac\" \/>\n<meta property=\"og:description\" content=\"How to download Lucky Jet App for Android, iPhone, Windows or Mac. Download Lucky Jet 1win casino game on your smartphone \ud83d\ude80 How to Install Lucky Jet apk\" \/>\n<meta property=\"og:url\" content=\"https:\/\/luckyjet-games.com\/lv\/download-lucky-jet-app\/\" \/>\n<meta property=\"og:site_name\" content=\"Lucky Jet Games\" \/>\n<meta property=\"article:modified_time\" content=\"2024-03-12T18:02:22+00:00\" \/>\n<meta property=\"og:image\" content=\"https:\/\/luckyjet-games.com\/wp-content\/uploads\/2022\/10\/Jucky-Jet-App.jpg\" \/>\n<meta name=\"twitter:card\" content=\"summary_large_image\" \/>\n<meta name=\"twitter:label1\" content=\"Est. reading time\" \/>\n\t<meta name=\"twitter:data1\" content=\"4 min\u016btes\" \/>\n<!-- \/ Yoast SEO plugin. -->","yoast_head_json":{"title":"K\u0101 lejupiel\u0101d\u0113t Lucky Jet lietotni: Android, iPhone, Windows vai Mac","description":"K\u0101 lejupiel\u0101d\u0113t Lucky Jet lietotni Android, iPhone, Windows vai Mac ier\u012bc\u0113m. Lejupiel\u0101d\u0113jiet Lucky Jet 1win kazino sp\u0113li sav\u0101 viedt\u0101lrun\u012b \ud83d\ude80 K\u0101 instal\u0113t Lucky Jet apk","robots":{"index":"index","follow":"follow","max-snippet":"max-snippet:-1","max-image-preview":"max-image-preview:large","max-video-preview":"max-video-preview:-1"},"canonical":"https:\/\/luckyjet-games.com\/lv\/download-lucky-jet-app\/","og_locale":"lv_LV","og_type":"article","og_title":"How to Download Lucky Jet App: Android, iPhone, Windows or Mac","og_description":"How to download Lucky Jet App for Android, iPhone, Windows or Mac. Download Lucky Jet 1win casino game on your smartphone \ud83d\ude80 How to Install Lucky Jet apk","og_url":"https:\/\/luckyjet-games.com\/lv\/download-lucky-jet-app\/","og_site_name":"Lucky Jet Games","article_modified_time":"2024-03-12T18:02:22+00:00","og_image":[{"url":"https:\/\/luckyjet-games.com\/wp-content\/uploads\/2022\/10\/Jucky-Jet-App.jpg","type":"","width":"","height":""}],"twitter_card":"summary_large_image","twitter_misc":{"Est. reading time":"4 min\u016btes"},"schema":{"@context":"https:\/\/schema.org","@graph":[{"@type":"WebPage","@id":"https:\/\/luckyjet-games.com\/download-lucky-jet-app\/","url":"https:\/\/luckyjet-games.com\/download-lucky-jet-app\/","name":"K\u0101 lejupiel\u0101d\u0113t Lucky Jet lietotni: Android, iPhone, Windows vai Mac","isPartOf":{"@id":"https:\/\/luckyjet-games.com\/de\/#website"},"primaryImageOfPage":{"@id":"https:\/\/luckyjet-games.com\/download-lucky-jet-app\/#primaryimage"},"image":{"@id":"https:\/\/luckyjet-games.com\/download-lucky-jet-app\/#primaryimage"},"thumbnailUrl":"https:\/\/luckyjet-games.com\/wp-content\/uploads\/2022\/10\/Jucky-Jet-App.jpg","datePublished":"2022-10-07T14:43:44+00:00","dateModified":"2024-03-12T18:02:22+00:00","description":"K\u0101 lejupiel\u0101d\u0113t Lucky Jet lietotni Android, iPhone, Windows vai Mac ier\u012bc\u0113m. Lejupiel\u0101d\u0113jiet Lucky Jet 1win kazino sp\u0113li sav\u0101 viedt\u0101lrun\u012b \ud83d\ude80 K\u0101 instal\u0113t Lucky Jet apk","breadcrumb":{"@id":"https:\/\/luckyjet-games.com\/download-lucky-jet-app\/#breadcrumb"},"inLanguage":"lv-LV","potentialAction":[{"@type":"ReadAction","target":["https:\/\/luckyjet-games.com\/download-lucky-jet-app\/"]}]},{"@type":"ImageObject","inLanguage":"lv-LV","@id":"https:\/\/luckyjet-games.com\/download-lucky-jet-app\/#primaryimage","url":"https:\/\/luckyjet-games.com\/wp-content\/uploads\/2022\/10\/Jucky-Jet-App.jpg","contentUrl":"https:\/\/luckyjet-games.com\/wp-content\/uploads\/2022\/10\/Jucky-Jet-App.jpg"},{"@type":"BreadcrumbList","@id":"https:\/\/luckyjet-games.com\/download-lucky-jet-app\/#breadcrumb","itemListElement":[{"@type":"ListItem","position":1,"name":"Home","item":"https:\/\/luckyjet-games.com\/"},{"@type":"ListItem","position":2,"name":"How to Download Lucky Jet App"}]},{"@type":"WebSite","@id":"https:\/\/luckyjet-games.com\/de\/#website","url":"https:\/\/luckyjet-games.com\/de\/","name":"Lucky Jet sp\u0113les","description":"","publisher":{"@id":"https:\/\/luckyjet-games.com\/de\/#organization"},"potentialAction":[{"@type":"SearchAction","target":{"@type":"EntryPoint","urlTemplate":"https:\/\/luckyjet-games.com\/de\/?s={search_term_string}"},"query-input":{"@type":"PropertyValueSpecification","valueRequired":true,"valueName":"search_term_string"}}],"inLanguage":"lv-LV"},{"@type":"Organization","@id":"https:\/\/luckyjet-games.com\/de\/#organization","name":"Lucky Jet sp\u0113les","url":"https:\/\/luckyjet-games.com\/de\/","logo":{"@type":"ImageObject","inLanguage":"lv-LV","@id":"https:\/\/luckyjet-games.com\/de\/#\/schema\/logo\/image\/","url":"https:\/\/luckyjet-games.com\/wp-content\/uploads\/2022\/10\/Lucky-Jet-Game.png","contentUrl":"https:\/\/luckyjet-games.com\/wp-content\/uploads\/2022\/10\/Lucky-Jet-Game.png","width":711,"height":599,"caption":"Lucky Jet Games"},"image":{"@id":"https:\/\/luckyjet-games.com\/de\/#\/schema\/logo\/image\/"}}]}},"_links":{"self":[{"href":"https:\/\/luckyjet-games.com\/lv\/wp-json\/wp\/v2\/pages\/27","targetHints":{"allow":["GET"]}}],"collection":[{"href":"https:\/\/luckyjet-games.com\/lv\/wp-json\/wp\/v2\/pages"}],"about":[{"href":"https:\/\/luckyjet-games.com\/lv\/wp-json\/wp\/v2\/types\/page"}],"author":[{"embeddable":true,"href":"https:\/\/luckyjet-games.com\/lv\/wp-json\/wp\/v2\/users\/2"}],"replies":[{"embeddable":true,"href":"https:\/\/luckyjet-games.com\/lv\/wp-json\/wp\/v2\/comments?post=27"}],"version-history":[{"count":0,"href":"https:\/\/luckyjet-games.com\/lv\/wp-json\/wp\/v2\/pages\/27\/revisions"}],"wp:attachment":[{"href":"https:\/\/luckyjet-games.com\/lv\/wp-json\/wp\/v2\/media?parent=27"}],"curies":[{"name":"wp","href":"https:\/\/api.w.org\/{rel}","templated":true}]}}