{"id":27,"date":"2022-10-07T14:43:44","date_gmt":"2022-10-07T14:43:44","guid":{"rendered":"https:\/\/luckyjet-games.com\/?page_id=27"},"modified":"2024-03-12T18:02:22","modified_gmt":"2024-03-12T18:02:22","slug":"how-to-download-lucky-jet-app","status":"publish","type":"page","link":"https:\/\/luckyjet-games.com\/it\/download-lucky-jet-app\/","title":{"rendered":"Come scaricare l'applicazione Lucky Jet"},"content":{"rendered":"<div style=\"text-align: center;\"><a class=\"glow-button\" href=\"#go\" data-go=\"go\">Gioca a Lucky Jet al casin\u00f2 1Win<\/a><\/div>\n\n\n\n<p>\u00c8 semplice iniziare a giocare con il <a href=\"https:\/\/luckyjet-games.com\/it\/\">Gioco Lucky Jet<\/a>. Il gioco sar\u00e0 accessibile per Android, iOS e Windows o MacOS.<\/p>\n\n\n<div class=\"wp-block-image\">\n<figure class=\"aligncenter\"><a href=\"#go\" data-go=\"go\" rel=\"noreferrer noopener\"><img decoding=\"async\" width=\"1022\" height=\"500\" src=\"https:\/\/luckyjet-games.com\/wp-content\/uploads\/2022\/10\/Jucky-Jet-App.jpg\" alt=\"App Lucky Jet\" class=\"wp-image-38\" srcset=\"https:\/\/luckyjet-games.com\/wp-content\/uploads\/2022\/10\/Jucky-Jet-App.jpg 1022w, https:\/\/luckyjet-games.com\/wp-content\/uploads\/2022\/10\/Jucky-Jet-App-300x147.jpg 300w, https:\/\/luckyjet-games.com\/wp-content\/uploads\/2022\/10\/Jucky-Jet-App-768x376.jpg 768w, https:\/\/luckyjet-games.com\/wp-content\/uploads\/2022\/10\/Jucky-Jet-App-82x40.jpg 82w, https:\/\/luckyjet-games.com\/wp-content\/uploads\/2022\/10\/Jucky-Jet-App-65x32.jpg 65w, https:\/\/luckyjet-games.com\/wp-content\/uploads\/2022\/10\/Jucky-Jet-App-164x80.jpg 164w, https:\/\/luckyjet-games.com\/wp-content\/uploads\/2022\/10\/Jucky-Jet-App-276x135.jpg 276w\" sizes=\"(max-width: 1022px) 100vw, 1022px\" \/><\/a><figcaption class=\"wp-element-caption\">App Lucky Jet<\/figcaption><\/figure>\n<\/div>\n\n\n<p>L'Lucky Jet \u00e8 solo un browser game che non si trova in nessun app store. Ci\u00f2 \u00e8 dovuto alla politica dell'AppStore di Apple e del Play Store di Google, che non ammettono giochi con denaro reale nei loro cataloghi. Tuttavia, questo va a nostro vantaggio perch\u00e9 tutto ci\u00f2 di cui avete bisogno per giocare \u00e8 un telefono, un computer o un tablet con un browser, seguite il link e iniziate a giocare!<\/p>\n\n\n\n<figure class=\"wp-block-table\"><table><tbody><tr><td>Versione dell'applicazione<\/td><td>37.02<\/td><\/tr><tr><td>Costo<\/td><td>Gratuito<\/td><\/tr><tr><td>OS<\/td><td>iOS, Android<\/td><\/tr><tr><td>Mercato dei giochi<\/td><td>Non disponibile<\/td><\/tr><tr><td>Apple Store<\/td><td>Non disponibile<\/td><\/tr><tr><td>Volume per Android<\/td><td>43,12 Mb<\/td><\/tr><tr><td>Volume per iOS<\/td><td>23,4 Mb<\/td><\/tr><tr><td>Servizio casin\u00f2<\/td><td>S\u00ec, se si dispone di un account<\/td><\/tr><\/tbody><\/table><\/figure>\n\n\n\n<div id=\"ez-toc-container\" class=\"ez-toc-v2_0_75 counter-hierarchy ez-toc-counter ez-toc-grey ez-toc-container-direction\">\n<div class=\"ez-toc-title-container\">\n<p class=\"ez-toc-title\" style=\"cursor:inherit\">Sommario<\/p>\n<span class=\"ez-toc-title-toggle\"><a href=\"#\" class=\"ez-toc-pull-right ez-toc-btn ez-toc-btn-xs ez-toc-btn-default ez-toc-toggle\" aria-label=\"Allinea la tabella dei contenuti\"><span class=\"ez-toc-js-icon-con\"><span class=\"\"><span class=\"eztoc-hide\" style=\"display:none;\">Toggle<\/span><span class=\"ez-toc-icon-toggle-span\"><svg style=\"fill: #999;color:#999\" xmlns=\"http:\/\/www.w3.org\/2000\/svg\" class=\"list-377408\" width=\"20px\" height=\"20px\" viewbox=\"0 0 24 24\" fill=\"none\"><path d=\"M6 6H4v2h2V6zm14 0H8v2h12V6zM4 11h2v2H4v-2zm16 0H8v2h12v-2zM4 16h2v2H4v-2zm16 0H8v2h12v-2z\" fill=\"currentColor\"><\/path><\/svg><svg style=\"fill: #999;color:#999\" class=\"arrow-unsorted-368013\" xmlns=\"http:\/\/www.w3.org\/2000\/svg\" width=\"10px\" height=\"10px\" viewbox=\"0 0 24 24\" version=\"1.2\" baseprofile=\"tiny\"><path d=\"M18.2 9.3l-6.2-6.3-6.2 6.3c-.2.2-.3.4-.3.7s.1.5.3.7c.2.2.4.3.7.3h11c.3 0 .5-.1.7-.3.2-.2.3-.5.3-.7s-.1-.5-.3-.7zM5.8 14.7l6.2 6.3 6.2-6.3c.2-.2.3-.5.3-.7s-.1-.5-.3-.7c-.2-.2-.4-.3-.7-.3h-11c-.3 0-.5.1-.7.3-.2.2-.3.5-.3.7s.1.5.3.7z\"\/><\/svg><\/span><\/span><\/span><\/a><\/span><\/div>\n<nav><ul class='ez-toc-list ez-toc-list-level-1 eztoc-toggle-hide-by-default' ><li class='ez-toc-page-1 ez-toc-heading-level-2'><a class=\"ez-toc-link ez-toc-heading-1\" href=\"https:\/\/luckyjet-games.com\/it\/download-lucky-jet-app\/#Play_Lucky_Jet_for_free_at_1Win_Casino\" >Gioca a Lucky Jet gratuitamente al casin\u00f2 1Win<\/a><\/li><li class='ez-toc-page-1 ez-toc-heading-level-2'><a class=\"ez-toc-link ez-toc-heading-2\" href=\"https:\/\/luckyjet-games.com\/it\/download-lucky-jet-app\/#Download_Lucky_Jet_%E2%80%93_Play_for_real_money\" >Scaricare Lucky Jet - Giocare con soldi veri<\/a><\/li><li class='ez-toc-page-1 ez-toc-heading-level-2'><a class=\"ez-toc-link ez-toc-heading-3\" href=\"https:\/\/luckyjet-games.com\/it\/download-lucky-jet-app\/#Download_app_on_your_Android\" >Scarica l&#039;app sul tuo Android<\/a><ul class='ez-toc-list-level-3' ><li class='ez-toc-heading-level-3'><a class=\"ez-toc-link ez-toc-heading-4\" href=\"https:\/\/luckyjet-games.com\/it\/download-lucky-jet-app\/#Follow_the_link\" >Seguire il link:<\/a><\/li><li class='ez-toc-page-1 ez-toc-heading-level-3'><a class=\"ez-toc-link ez-toc-heading-5\" href=\"https:\/\/luckyjet-games.com\/it\/download-lucky-jet-app\/#Use_Chrome_menu\" >Utilizzare il menu di Chrome:<\/a><\/li><\/ul><\/li><li class='ez-toc-page-1 ez-toc-heading-level-2'><a class=\"ez-toc-link ez-toc-heading-6\" href=\"https:\/\/luckyjet-games.com\/it\/download-lucky-jet-app\/#Download_for_iOS\" >Scarica per iOS<\/a><\/li><li class='ez-toc-page-1 ez-toc-heading-level-2'><a class=\"ez-toc-link ez-toc-heading-7\" href=\"https:\/\/luckyjet-games.com\/it\/download-lucky-jet-app\/#Play_Lucky_Jet_game_on_your_computer\" >Gioca a Lucky Jet sul tuo computer<\/a><\/li><li class='ez-toc-page-1 ez-toc-heading-level-2'><a class=\"ez-toc-link ez-toc-heading-8\" href=\"https:\/\/luckyjet-games.com\/it\/download-lucky-jet-app\/#Conclusion\" >Conclusione<\/a><\/li><\/ul><\/nav><\/div>\n<h2 class=\"wp-block-heading\"><span class=\"ez-toc-section\" id=\"Play_Lucky_Jet_for_free_at_1Win_Casino\"><\/span>Gioca a Lucky Jet gratuitamente al casin\u00f2 1Win<span class=\"ez-toc-section-end\"><\/span><\/h2>\n\n\n\n<p>Con Lucky Jet avrete la possibilit\u00e0 di rilassarvi e divertirvi senza spendere un centesimo. I casin\u00f2 online forniscono a ogni giocatore un saldo bonus per giocare alle slot, alla roulette, al poker o ai giochi d'azzardo. Seguite il link, registratevi e iniziate a giocare senza rischi.<\/p>\n\n\n\n<div style=\"text-align: center;\"><a class=\"glow-button\" href=\"#go\" data-go=\"go\">\ud83d\udcf1 Scaricare il gioco Lucky Jet<\/a><\/div>\n\n\n\n<h2 class=\"wp-block-heading\"><span class=\"ez-toc-section\" id=\"Download_Lucky_Jet_%E2%80%93_Play_for_real_money\"><\/span>Scaricare Lucky Jet - Giocare con soldi veri<span class=\"ez-toc-section-end\"><\/span><\/h2>\n\n\n\n<p>L'unico modo per divertirsi veramente con un gioco \u00e8 quando c'\u00e8 la possibilit\u00e0 di vincere molto. E con il gioco Lucky Jet, questo \u00e8 decisamente possibile! Soprattutto se si seguono le nostre semplici strategie. Con pochi clic, Lucky Joe pu\u00f2 aiutarvi a moltiplicare le vostre entrate in modo significativo. Per avere sempre accesso al gioco Lucky Jet, \u00e8 sufficiente seguire le istruzioni riportate di seguito.<\/p>\n\n\n<div class=\"wp-block-image wp-image-40 size-full\">\n<figure class=\"aligncenter\"><a href=\"#go\" data-go=\"go\" rel=\"noreferrer noopener\"><img decoding=\"async\" width=\"439\" height=\"459\" src=\"https:\/\/luckyjet-games.com\/wp-content\/uploads\/2022\/10\/Download-Jucky-Jet.jpg\" alt=\"Scaricare Lucky Jet\" class=\"wp-image-40\" srcset=\"https:\/\/luckyjet-games.com\/wp-content\/uploads\/2022\/10\/Download-Jucky-Jet.jpg 439w, https:\/\/luckyjet-games.com\/wp-content\/uploads\/2022\/10\/Download-Jucky-Jet-287x300.jpg 287w, https:\/\/luckyjet-games.com\/wp-content\/uploads\/2022\/10\/Download-Jucky-Jet-38x40.jpg 38w, https:\/\/luckyjet-games.com\/wp-content\/uploads\/2022\/10\/Download-Jucky-Jet-31x32.jpg 31w, https:\/\/luckyjet-games.com\/wp-content\/uploads\/2022\/10\/Download-Jucky-Jet-77x80.jpg 77w, https:\/\/luckyjet-games.com\/wp-content\/uploads\/2022\/10\/Download-Jucky-Jet-129x135.jpg 129w\" sizes=\"(max-width: 439px) 100vw, 439px\" \/><\/a><figcaption class=\"wp-element-caption\">Scaricare Lucky Jet<\/figcaption><\/figure>\n<\/div>\n\n\n<h2 class=\"wp-block-heading\"><span class=\"ez-toc-section\" id=\"Download_app_on_your_Android\"><\/span>Scarica l&#039;app sul tuo Android<span class=\"ez-toc-section-end\"><\/span><\/h2>\n\n\n\n<p>\u00c8 possibile accedere facilmente al gioco su tablet Android installando l'applicazione. Basta cercare Lucky Jet nel catalogo dei giochi dopo aver installato l'applicazione. Se state usando un telefono, andate al sito web del casin\u00f2 nel browser Chrome. Ci sono due modi per installare le applicazioni:<\/p>\n\n\n\n<h3 class=\"wp-block-heading\"><span class=\"ez-toc-section\" id=\"Follow_the_link\"><\/span>Seguire il link:<span class=\"ez-toc-section-end\"><\/span><\/h3>\n\n\n\n<ul class=\"wp-block-list\">\n<li>Scorrere fino a \"Informazioni\";<\/li>\n\n\n\n<li>Selezionare l'applicazione Android. Al termine del download, andare su \"Impostazioni\" e selezionare \"Avanzate\". Selezionare \"App Android\" e attendere l'installazione del programma.<\/li>\n\n\n\n<li>Installare il file .apk una volta scaricato.<\/li>\n<\/ul>\n\n\n\n<h3 class=\"wp-block-heading\"><span class=\"ez-toc-section\" id=\"Use_Chrome_menu\"><\/span>Utilizzare il menu di Chrome:<span class=\"ez-toc-section-end\"><\/span><\/h3>\n\n\n\n<ul class=\"wp-block-list\">\n<li>Fare clic sul menu del browser nell'angolo superiore destro. (Dovrebbe avere l'aspetto di tre punti).<\/li>\n\n\n\n<li>Selezionare \"Installa applicazione\";<\/li>\n\n\n\n<li>Fare clic su \"Installa\" nella finestra a comparsa;<\/li>\n\n\n\n<li>L'icona del casin\u00f2 apparir\u00e0 nell'elenco delle applicazioni.<\/li>\n<\/ul>\n\n\n<div class=\"wp-block-image wp-image-41 size-full\">\n<figure class=\"aligncenter\"><a href=\"#go\" data-go=\"go\" rel=\"noreferrer noopener\"><img decoding=\"async\" width=\"245\" height=\"467\" src=\"https:\/\/luckyjet-games.com\/wp-content\/uploads\/2022\/10\/Jucky-Jet-Download.jpg\" alt=\"Lucky Jet Scaricare\" class=\"wp-image-41\" srcset=\"https:\/\/luckyjet-games.com\/wp-content\/uploads\/2022\/10\/Jucky-Jet-Download.jpg 245w, https:\/\/luckyjet-games.com\/wp-content\/uploads\/2022\/10\/Jucky-Jet-Download-157x300.jpg 157w, https:\/\/luckyjet-games.com\/wp-content\/uploads\/2022\/10\/Jucky-Jet-Download-21x40.jpg 21w, https:\/\/luckyjet-games.com\/wp-content\/uploads\/2022\/10\/Jucky-Jet-Download-17x32.jpg 17w, https:\/\/luckyjet-games.com\/wp-content\/uploads\/2022\/10\/Jucky-Jet-Download-42x80.jpg 42w, https:\/\/luckyjet-games.com\/wp-content\/uploads\/2022\/10\/Jucky-Jet-Download-71x135.jpg 71w\" sizes=\"(max-width: 245px) 100vw, 245px\" \/><\/a><figcaption class=\"wp-element-caption\">Lucky Jet Scaricare<\/figcaption><\/figure>\n<\/div>\n\n\n<div style=\"text-align: center;\"><a class=\"glow-button\" href=\"#go\" data-go=\"go\">Gioca Lucky Jet<\/a><\/div>\n\n\n\n<h2 class=\"wp-block-heading\"><span class=\"ez-toc-section\" id=\"Download_for_iOS\"><\/span>Scarica per iOS<span class=\"ez-toc-section-end\"><\/span><\/h2>\n\n\n\n<p>Per installare il gioco su iPhone o iPad, \u00e8 necessario creare un segnalibro in Safari e inviarlo alla schermata principale. Per farlo:<\/p>\n\n\n\n<ul class=\"wp-block-list\">\n<li>aprire Safari sull'iPhone;<\/li>\n\n\n\n<li>Vai al sito web del casin\u00f2;<\/li>\n\n\n\n<li>fare clic sul pulsante \"Apri\";<\/li>\n\n\n\n<li>selezionare \"schermata principale\";<\/li>\n\n\n\n<li>l'icona del casin\u00f2 apparir\u00e0 sulla schermata principale del telefono.<\/li>\n<\/ul>\n\n\n\n<h2 class=\"wp-block-heading\"><span class=\"ez-toc-section\" id=\"Play_Lucky_Jet_game_on_your_computer\"><\/span>Gioca a Lucky Jet sul tuo computer<span class=\"ez-toc-section-end\"><\/span><\/h2>\n\n\n\n<p>Il gioco \u00e8 disponibile esclusivamente in versione web per Windows e MacOS. Il gioco si trova sempre nella collezione di giochi del sito 1win. Per ottenere un feedback immediato sul gioco, non dimenticate di mettere il sito tra i preferiti!<\/p>\n\n\n<div class=\"wp-block-image wp-image-42 size-full\">\n<figure class=\"aligncenter\"><a href=\"#go\" data-go=\"go\" rel=\"noreferrer noopener\"><img decoding=\"async\" width=\"694\" height=\"427\" src=\"https:\/\/luckyjet-games.com\/wp-content\/uploads\/2022\/10\/Play-Jucky-Jet-Game.jpg\" alt=\"Gioca a Lucky Jet\" class=\"wp-image-42\" srcset=\"https:\/\/luckyjet-games.com\/wp-content\/uploads\/2022\/10\/Play-Jucky-Jet-Game.jpg 694w, https:\/\/luckyjet-games.com\/wp-content\/uploads\/2022\/10\/Play-Jucky-Jet-Game-300x185.jpg 300w, https:\/\/luckyjet-games.com\/wp-content\/uploads\/2022\/10\/Play-Jucky-Jet-Game-65x40.jpg 65w, https:\/\/luckyjet-games.com\/wp-content\/uploads\/2022\/10\/Play-Jucky-Jet-Game-52x32.jpg 52w, https:\/\/luckyjet-games.com\/wp-content\/uploads\/2022\/10\/Play-Jucky-Jet-Game-130x80.jpg 130w, https:\/\/luckyjet-games.com\/wp-content\/uploads\/2022\/10\/Play-Jucky-Jet-Game-219x135.jpg 219w\" sizes=\"(max-width: 694px) 100vw, 694px\" \/><\/a><figcaption class=\"wp-element-caption\">Gioca a Lucky Jet<\/figcaption><\/figure>\n<\/div>\n\n\n<div style=\"text-align: center;\"><a class=\"glow-button\" href=\"#go\" data-go=\"go\">Gioca a Lucky Jet da cellulare<\/a><\/div>\n\n\n\n<h2 class=\"wp-block-heading\"><span class=\"ez-toc-section\" id=\"Conclusion\"><\/span>Conclusione<span class=\"ez-toc-section-end\"><\/span><\/h2>\n\n\n\n<p>Lucky Jet \u00e8 un gioco di facile accesso che pu\u00f2 essere giocato su qualsiasi dispositivo. L'unica cosa di cui avete bisogno \u00e8 un browser. E se volete giocare con denaro reale, scaricate semplicemente l'app o utilizzate la versione web sul vostro computer. Con un po' di fortuna, l'Lucky Jet pu\u00f2 aiutarvi a realizzare profitti importanti!<\/p>\n<div class=\"author-card author-card--top\"><img alt='Foto avatar' src='https:\/\/luckyjet-games.com\/wp-content\/uploads\/2023\/03\/Chris-Hodge-130x130.jpg' srcset='https:\/\/luckyjet-games.com\/wp-content\/uploads\/2023\/03\/Chris-Hodge-260x260.jpg 2x' class='avatar avatar-130 photo author-image' height='130' width='130' \/><div class=\"author-content text-md-center\"><span class=\"author-title\">Autore<\/span><a href=\"https:\/\/luckyjet-games.com\/it\/author\/chris-hodge\/\" class=\"author-name\">Chris Hodge<\/a><p class=\"author__details\">Chris Hodge \u00e8 un esperto di giochi d'azzardo. Gioca e studia i giochi da casin\u00f2 da oltre 10 anni. In questo periodo, ha sviluppato una conoscenza approfondita delle strategie e dei meccanismi che stanno alla base di ogni gioco del casin\u00f2.<br \/>\r\n<br \/>\r\nLa conoscenza e l'esperienza di Chris gli hanno permesso di diventare un collaboratore regolare di diverse pubblicazioni di gioco d'azzardo. Inoltre, viene spesso chiamato dai casin\u00f2 per fornire consigli esperti su nuovi giochi e promozioni.<\/p><\/div><!-- \/.author-content --><\/div>","protected":false},"excerpt":{"rendered":"<p>Giocare a Lucky Jet al Casin\u00f2 1Win \u00c8 semplice iniziare a giocare a Lucky Jet. Il gioco sar\u00e0 accessibile per Android, iOS e Windows o MacOS. L'Lucky Jet \u00e8 solo un browser game che non si trova in nessun app store. Ci\u00f2 \u00e8 dovuto all'AppStore di Apple e al Play Store di Google [...]<\/p>","protected":false},"author":2,"featured_media":0,"parent":0,"menu_order":0,"comment_status":"closed","ping_status":"closed","template":"page-no-sidebar.php","meta":{"_acf_changed":false,"footnotes":""},"class_list":["post-27","page","type-page","status-publish","hentry"],"acf":[],"yoast_head":"<!-- This site is optimized with the Yoast SEO plugin v26.7 - https:\/\/yoast.com\/wordpress\/plugins\/seo\/ -->\n<title>How to Download Lucky Jet App: Android, iPhone, Windows or Mac<\/title>\n<meta name=\"description\" content=\"How to download Lucky Jet App for Android, iPhone, Windows or Mac. Download Lucky Jet 1win casino game on your smartphone \ud83d\ude80 How to Install Lucky Jet apk\" \/>\n<meta name=\"robots\" content=\"index, follow, max-snippet:-1, max-image-preview:large, max-video-preview:-1\" \/>\n<link rel=\"canonical\" href=\"https:\/\/luckyjet-games.com\/it\/download-lucky-jet-app\/\" \/>\n<meta property=\"og:locale\" content=\"it_IT\" \/>\n<meta property=\"og:type\" content=\"article\" \/>\n<meta property=\"og:title\" content=\"How to Download Lucky Jet App: Android, iPhone, Windows or Mac\" \/>\n<meta property=\"og:description\" content=\"How to download Lucky Jet App for Android, iPhone, Windows or Mac. Download Lucky Jet 1win casino game on your smartphone \ud83d\ude80 How to Install Lucky Jet apk\" \/>\n<meta property=\"og:url\" content=\"https:\/\/luckyjet-games.com\/it\/download-lucky-jet-app\/\" \/>\n<meta property=\"og:site_name\" content=\"Lucky Jet Games\" \/>\n<meta property=\"article:modified_time\" content=\"2024-03-12T18:02:22+00:00\" \/>\n<meta property=\"og:image\" content=\"https:\/\/luckyjet-games.com\/wp-content\/uploads\/2022\/10\/Jucky-Jet-App.jpg\" \/>\n<meta name=\"twitter:card\" content=\"summary_large_image\" \/>\n<meta name=\"twitter:label1\" content=\"Tempo di lettura stimato\" \/>\n\t<meta name=\"twitter:data1\" content=\"4 minuti\" \/>\n<!-- \/ Yoast SEO plugin. -->","yoast_head_json":{"title":"Come scaricare l'applicazione Lucky Jet: Android, iPhone, Windows o Mac","description":"Come scaricare l&#039;app Lucky Jet per Android, iPhone, Windows o Mac. Scarica il gioco del casin\u00f2 Lucky Jet 1win sul tuo smartphone \ud83d\ude80 Come installare l&#039;apk di Lucky Jet","robots":{"index":"index","follow":"follow","max-snippet":"max-snippet:-1","max-image-preview":"max-image-preview:large","max-video-preview":"max-video-preview:-1"},"canonical":"https:\/\/luckyjet-games.com\/it\/download-lucky-jet-app\/","og_locale":"it_IT","og_type":"article","og_title":"How to Download Lucky Jet App: Android, iPhone, Windows or Mac","og_description":"How to download Lucky Jet App for Android, iPhone, Windows or Mac. Download Lucky Jet 1win casino game on your smartphone \ud83d\ude80 How to Install Lucky Jet apk","og_url":"https:\/\/luckyjet-games.com\/it\/download-lucky-jet-app\/","og_site_name":"Lucky Jet Games","article_modified_time":"2024-03-12T18:02:22+00:00","og_image":[{"url":"https:\/\/luckyjet-games.com\/wp-content\/uploads\/2022\/10\/Jucky-Jet-App.jpg","type":"","width":"","height":""}],"twitter_card":"summary_large_image","twitter_misc":{"Tempo di lettura stimato":"4 minuti"},"schema":{"@context":"https:\/\/schema.org","@graph":[{"@type":"WebPage","@id":"https:\/\/luckyjet-games.com\/download-lucky-jet-app\/","url":"https:\/\/luckyjet-games.com\/download-lucky-jet-app\/","name":"Come scaricare l'applicazione Lucky Jet: Android, iPhone, Windows o Mac","isPartOf":{"@id":"https:\/\/luckyjet-games.com\/de\/#website"},"primaryImageOfPage":{"@id":"https:\/\/luckyjet-games.com\/download-lucky-jet-app\/#primaryimage"},"image":{"@id":"https:\/\/luckyjet-games.com\/download-lucky-jet-app\/#primaryimage"},"thumbnailUrl":"https:\/\/luckyjet-games.com\/wp-content\/uploads\/2022\/10\/Jucky-Jet-App.jpg","datePublished":"2022-10-07T14:43:44+00:00","dateModified":"2024-03-12T18:02:22+00:00","description":"Come scaricare l&#039;app Lucky Jet per Android, iPhone, Windows o Mac. Scarica il gioco del casin\u00f2 Lucky Jet 1win sul tuo smartphone \ud83d\ude80 Come installare l&#039;apk di Lucky Jet","breadcrumb":{"@id":"https:\/\/luckyjet-games.com\/download-lucky-jet-app\/#breadcrumb"},"inLanguage":"it-IT","potentialAction":[{"@type":"ReadAction","target":["https:\/\/luckyjet-games.com\/download-lucky-jet-app\/"]}]},{"@type":"ImageObject","inLanguage":"it-IT","@id":"https:\/\/luckyjet-games.com\/download-lucky-jet-app\/#primaryimage","url":"https:\/\/luckyjet-games.com\/wp-content\/uploads\/2022\/10\/Jucky-Jet-App.jpg","contentUrl":"https:\/\/luckyjet-games.com\/wp-content\/uploads\/2022\/10\/Jucky-Jet-App.jpg"},{"@type":"BreadcrumbList","@id":"https:\/\/luckyjet-games.com\/download-lucky-jet-app\/#breadcrumb","itemListElement":[{"@type":"ListItem","position":1,"name":"Home","item":"https:\/\/luckyjet-games.com\/"},{"@type":"ListItem","position":2,"name":"How to Download Lucky Jet App"}]},{"@type":"WebSite","@id":"https:\/\/luckyjet-games.com\/de\/#website","url":"https:\/\/luckyjet-games.com\/de\/","name":"Giochi Lucky Jet","description":"","publisher":{"@id":"https:\/\/luckyjet-games.com\/de\/#organization"},"potentialAction":[{"@type":"SearchAction","target":{"@type":"EntryPoint","urlTemplate":"https:\/\/luckyjet-games.com\/de\/?s={search_term_string}"},"query-input":{"@type":"PropertyValueSpecification","valueRequired":true,"valueName":"search_term_string"}}],"inLanguage":"it-IT"},{"@type":"Organization","@id":"https:\/\/luckyjet-games.com\/de\/#organization","name":"Giochi Lucky Jet","url":"https:\/\/luckyjet-games.com\/de\/","logo":{"@type":"ImageObject","inLanguage":"it-IT","@id":"https:\/\/luckyjet-games.com\/de\/#\/schema\/logo\/image\/","url":"https:\/\/luckyjet-games.com\/wp-content\/uploads\/2022\/10\/Lucky-Jet-Game.png","contentUrl":"https:\/\/luckyjet-games.com\/wp-content\/uploads\/2022\/10\/Lucky-Jet-Game.png","width":711,"height":599,"caption":"Lucky Jet Games"},"image":{"@id":"https:\/\/luckyjet-games.com\/de\/#\/schema\/logo\/image\/"}}]}},"_links":{"self":[{"href":"https:\/\/luckyjet-games.com\/it\/wp-json\/wp\/v2\/pages\/27","targetHints":{"allow":["GET"]}}],"collection":[{"href":"https:\/\/luckyjet-games.com\/it\/wp-json\/wp\/v2\/pages"}],"about":[{"href":"https:\/\/luckyjet-games.com\/it\/wp-json\/wp\/v2\/types\/page"}],"author":[{"embeddable":true,"href":"https:\/\/luckyjet-games.com\/it\/wp-json\/wp\/v2\/users\/2"}],"replies":[{"embeddable":true,"href":"https:\/\/luckyjet-games.com\/it\/wp-json\/wp\/v2\/comments?post=27"}],"version-history":[{"count":0,"href":"https:\/\/luckyjet-games.com\/it\/wp-json\/wp\/v2\/pages\/27\/revisions"}],"wp:attachment":[{"href":"https:\/\/luckyjet-games.com\/it\/wp-json\/wp\/v2\/media?parent=27"}],"curies":[{"name":"parola chiave","href":"https:\/\/api.w.org\/{rel}","templated":true}]}}