{"id":358,"date":"2023-09-25T11:50:26","date_gmt":"2023-09-25T11:50:26","guid":{"rendered":"https:\/\/luckyjet-games.com\/?page_id=358"},"modified":"2023-09-25T11:50:26","modified_gmt":"2023-09-25T11:50:26","slug":"cookies-policy","status":"publish","type":"page","link":"https:\/\/luckyjet-games.com\/fr\/cookies-policy\/","title":{"rendered":"Politique de cookies"},"content":{"rendered":"<p>Dans ce guide complet, nous approfondissons les subtilit\u00e9s des politiques en mati\u00e8re de cookies pour vous fournir une compr\u00e9hension approfondie de leur importance, de leurs composants et de la mani\u00e8re d&#039;en cr\u00e9er une efficace pour votre site Web.<\/p>\n<div id=\"ez-toc-container\" class=\"ez-toc-v2_0_75 counter-hierarchy ez-toc-counter ez-toc-grey ez-toc-container-direction\">\n<div class=\"ez-toc-title-container\">\n<p class=\"ez-toc-title\" style=\"cursor:inherit\">Table des mati\u00e8res<\/p>\n<span class=\"ez-toc-title-toggle\"><a href=\"#\" class=\"ez-toc-pull-right ez-toc-btn ez-toc-btn-xs ez-toc-btn-default ez-toc-toggle\" aria-label=\"Toggle Table des mati\u00e8res\"><span class=\"ez-toc-js-icon-con\"><span class=\"\"><span class=\"eztoc-hide\" style=\"display:none;\">Toggle<\/span><span class=\"ez-toc-icon-toggle-span\"><svg style=\"fill: #999;color:#999\" xmlns=\"http:\/\/www.w3.org\/2000\/svg\" class=\"list-377408\" width=\"20px\" height=\"20px\" viewbox=\"0 0 24 24\" fill=\"none\"><path d=\"M6 6H4v2h2V6zm14 0H8v2h12V6zM4 11h2v2H4v-2zm16 0H8v2h12v-2zM4 16h2v2H4v-2zm16 0H8v2h12v-2z\" fill=\"currentColor\"><\/path><\/svg><svg style=\"fill: #999;color:#999\" class=\"arrow-unsorted-368013\" xmlns=\"http:\/\/www.w3.org\/2000\/svg\" width=\"10px\" height=\"10px\" viewbox=\"0 0 24 24\" version=\"1.2\" baseprofile=\"tiny\"><path d=\"M18.2 9.3l-6.2-6.3-6.2 6.3c-.2.2-.3.4-.3.7s.1.5.3.7c.2.2.4.3.7.3h11c.3 0 .5-.1.7-.3.2-.2.3-.5.3-.7s-.1-.5-.3-.7zM5.8 14.7l6.2 6.3 6.2-6.3c.2-.2.3-.5.3-.7s-.1-.5-.3-.7c-.2-.2-.4-.3-.7-.3h-11c-.3 0-.5.1-.7.3-.2.2-.3.5-.3.7s.1.5.3.7z\"\/><\/svg><\/span><\/span><\/span><\/a><\/span><\/div>\n<nav><ul class='ez-toc-list ez-toc-list-level-1 eztoc-toggle-hide-by-default' ><li class='ez-toc-page-1 ez-toc-heading-level-2'><a class=\"ez-toc-link ez-toc-heading-1\" href=\"https:\/\/luckyjet-games.com\/fr\/cookies-policy\/#Introduction\" >Introduction<\/a><\/li><li class='ez-toc-page-1 ez-toc-heading-level-2'><a class=\"ez-toc-link ez-toc-heading-2\" href=\"https:\/\/luckyjet-games.com\/fr\/cookies-policy\/#What_Are_Cookies\" >Que sont les cookies ?<\/a><\/li><li class='ez-toc-page-1 ez-toc-heading-level-2'><a class=\"ez-toc-link ez-toc-heading-3\" href=\"https:\/\/luckyjet-games.com\/fr\/cookies-policy\/#Why_Do_You_Need_a_Cookies_Policy\" >Pourquoi avez-vous besoin d\u2019une politique en mati\u00e8re de cookies\u00a0?<\/a><\/li><li class='ez-toc-page-1 ez-toc-heading-level-2'><a class=\"ez-toc-link ez-toc-heading-4\" href=\"https:\/\/luckyjet-games.com\/fr\/cookies-policy\/#Components_of_an_Effective_Cookies_Policy\" >Composants d&#039;une politique de cookies efficace<\/a><ul class='ez-toc-list-level-3' ><li class='ez-toc-heading-level-3'><a class=\"ez-toc-link ez-toc-heading-5\" href=\"https:\/\/luckyjet-games.com\/fr\/cookies-policy\/#1_Introduction\" >1. Introduction<\/a><\/li><li class='ez-toc-page-1 ez-toc-heading-level-3'><a class=\"ez-toc-link ez-toc-heading-6\" href=\"https:\/\/luckyjet-games.com\/fr\/cookies-policy\/#2_What_Are_Cookies\" >2. Que sont les cookies ?<\/a><\/li><li class='ez-toc-page-1 ez-toc-heading-level-3'><a class=\"ez-toc-link ez-toc-heading-7\" href=\"https:\/\/luckyjet-games.com\/fr\/cookies-policy\/#3_Types_of_Cookies\" >3. Types de cookies<\/a><\/li><li class='ez-toc-page-1 ez-toc-heading-level-3'><a class=\"ez-toc-link ez-toc-heading-8\" href=\"https:\/\/luckyjet-games.com\/fr\/cookies-policy\/#4_Why_Do_You_Use_Cookies\" >4. Pourquoi utilisez-vous des cookies ?<\/a><\/li><li class='ez-toc-page-1 ez-toc-heading-level-3'><a class=\"ez-toc-link ez-toc-heading-9\" href=\"https:\/\/luckyjet-games.com\/fr\/cookies-policy\/#5_How_to_Disable_Cookies\" >5. Comment d\u00e9sactiver les cookies<\/a><\/li><li class='ez-toc-page-1 ez-toc-heading-level-3'><a class=\"ez-toc-link ez-toc-heading-10\" href=\"https:\/\/luckyjet-games.com\/fr\/cookies-policy\/#6_Third-Party_Cookies\" >6. Cookies tiers<\/a><\/li><li class='ez-toc-page-1 ez-toc-heading-level-3'><a class=\"ez-toc-link ez-toc-heading-11\" href=\"https:\/\/luckyjet-games.com\/fr\/cookies-policy\/#7_Changes_to_Your_Policy\" >7. Modifications de votre police<\/a><\/li><li class='ez-toc-page-1 ez-toc-heading-level-3'><a class=\"ez-toc-link ez-toc-heading-12\" href=\"https:\/\/luckyjet-games.com\/fr\/cookies-policy\/#8_Obtaining_Consent\" >8. Obtention du consentement<\/a><\/li><\/ul><\/li><li class='ez-toc-page-1 ez-toc-heading-level-2'><a class=\"ez-toc-link ez-toc-heading-13\" href=\"https:\/\/luckyjet-games.com\/fr\/cookies-policy\/#Creating_an_Effective_Cookies_Policy\" >Cr\u00e9er une politique de cookies efficace<\/a><\/li><li class='ez-toc-page-1 ez-toc-heading-level-2'><a class=\"ez-toc-link ez-toc-heading-14\" href=\"https:\/\/luckyjet-games.com\/fr\/cookies-policy\/#Conclusion\" >Conclusion<\/a><\/li><\/ul><\/nav><\/div>\n<h2><span class=\"ez-toc-section\" id=\"Introduction\"><\/span>Introduction<span class=\"ez-toc-section-end\"><\/span><\/h2>\n<p>Lorsqu\u2019il s\u2019agit d\u2019\u00e9tablir une forte pr\u00e9sence en ligne, une politique de cookies bien con\u00e7ue est un \u00e9l\u00e9ment essentiel. Cela garantit non seulement la conformit\u00e9 l\u00e9gale, mais renforce \u00e9galement la confiance des visiteurs de votre site Web. Dans ce guide, nous explorerons les aspects cl\u00e9s des politiques en mati\u00e8re de cookies, vous aidant \u00e0 en cr\u00e9er une qui non seulement r\u00e9ponde aux exigences l\u00e9gales, mais am\u00e9liore \u00e9galement l&#039;exp\u00e9rience utilisateur.<\/p>\n<h2><span class=\"ez-toc-section\" id=\"What_Are_Cookies\"><\/span>Que sont les cookies ?<span class=\"ez-toc-section-end\"><\/span><\/h2>\n<p>Les cookies sont de petits \u00e9l\u00e9ments de donn\u00e9es stock\u00e9s sur l&#039;appareil d&#039;un utilisateur lorsqu&#039;il visite un site Web. Ils servent \u00e0 diverses fins, notamment la m\u00e9morisation des pr\u00e9f\u00e9rences de l&#039;utilisateur, l&#039;am\u00e9lioration des fonctionnalit\u00e9s du site Web et le suivi du comportement des utilisateurs. Les cookies sont divis\u00e9s en deux cat\u00e9gories principales :<\/p>\n<ol>\n<li><strong>Cookies de session<\/strong>: Ces cookies temporaires sont stock\u00e9s uniquement lors de la session d&#039;un utilisateur sur votre site Internet et sont supprim\u00e9s \u00e0 la fermeture de son navigateur.<\/li>\n<li><strong>Cookies persistants<\/strong>: Les cookies persistants restent sur l&#039;appareil d&#039;un utilisateur pendant une p\u00e9riode d\u00e9termin\u00e9e, m\u00eame apr\u00e8s qu&#039;il ait quitt\u00e9 votre site Web.<\/li>\n<\/ol>\n<h2><span class=\"ez-toc-section\" id=\"Why_Do_You_Need_a_Cookies_Policy\"><\/span>Pourquoi avez-vous besoin d\u2019une politique en mati\u00e8re de cookies\u00a0?<span class=\"ez-toc-section-end\"><\/span><\/h2>\n<p>Une politique de cookies est vitale pour plusieurs raisons :<\/p>\n<ol>\n<li><strong>Conformit\u00e9 l\u00e9gale<\/strong>: De nombreux pays exigent que les sites Web informent les utilisateurs de l&#039;utilisation de cookies et obtiennent leur consentement. Le non-respect de ces r\u00e9glementations peut entra\u00eener des cons\u00e9quences juridiques.<\/li>\n<li><strong>Transparence<\/strong>: Il d\u00e9montre la transparence et l&#039;honn\u00eatet\u00e9 dans vos pratiques de collecte de donn\u00e9es, favorisant la confiance avec votre public.<\/li>\n<li><strong>Consentement de l&#039;utilisateur<\/strong>: Il permet aux utilisateurs de prendre des d\u00e9cisions \u00e9clair\u00e9es concernant la confidentialit\u00e9 de leurs donn\u00e9es en leur offrant la possibilit\u00e9 d&#039;accepter ou de refuser les cookies.<\/li>\n<\/ol>\n<h2><span class=\"ez-toc-section\" id=\"Components_of_an_Effective_Cookies_Policy\"><\/span>Composants d&#039;une politique de cookies efficace<span class=\"ez-toc-section-end\"><\/span><\/h2>\n<p>Pour cr\u00e9er une politique de cookies qui surpasse celle de la concurrence, pensez \u00e0 inclure les \u00e9l\u00e9ments suivants\u00a0:<\/p>\n<h3><span class=\"ez-toc-section\" id=\"1_Introduction\"><\/span>1. Introduction<span class=\"ez-toc-section-end\"><\/span><\/h3>\n<p><strong>Titre<\/strong>: \u00c9tiquetez clairement votre politique comme \u00ab\u00a0Politique en mati\u00e8re de cookies\u00a0\u00bb pour une identification facile.<\/p>\n<h3><span class=\"ez-toc-section\" id=\"2_What_Are_Cookies\"><\/span>2. Que sont les cookies ?<span class=\"ez-toc-section-end\"><\/span><\/h3>\n<p>Fournissez une explication concise des cookies, comme nous en avons discut\u00e9 pr\u00e9c\u00e9demment.<\/p>\n<h3><span class=\"ez-toc-section\" id=\"3_Types_of_Cookies\"><\/span>3. Types de cookies<span class=\"ez-toc-section-end\"><\/span><\/h3>\n<p>Expliquez les diff\u00e9rents types de cookies utilis\u00e9s par votre site Web et leurs finalit\u00e9s respectives.<\/p>\n<h3><span class=\"ez-toc-section\" id=\"4_Why_Do_You_Use_Cookies\"><\/span>4. Pourquoi utilisez-vous des cookies ?<span class=\"ez-toc-section-end\"><\/span><\/h3>\n<p>D\u00e9taillez les raisons de la collecte de donn\u00e9es utilisateur via les cookies et comment cela profite \u00e0 la fois \u00e0 votre site Web et aux utilisateurs.<\/p>\n<h3><span class=\"ez-toc-section\" id=\"5_How_to_Disable_Cookies\"><\/span>5. Comment d\u00e9sactiver les cookies<span class=\"ez-toc-section-end\"><\/span><\/h3>\n<p>Proposer des instructions sur la mani\u00e8re dont les utilisateurs peuvent g\u00e9rer et d\u00e9sactiver les cookies dans les param\u00e8tres de leur navigateur.<\/p>\n<h3><span class=\"ez-toc-section\" id=\"6_Third-Party_Cookies\"><\/span>6. Cookies tiers<span class=\"ez-toc-section-end\"><\/span><\/h3>\n<p>Le cas \u00e9ch\u00e9ant, divulguez tous les cookies tiers utilis\u00e9s sur votre site Web et fournissez des liens vers leurs politiques respectives.<\/p>\n<h3><span class=\"ez-toc-section\" id=\"7_Changes_to_Your_Policy\"><\/span>7. Modifications de votre police<span class=\"ez-toc-section-end\"><\/span><\/h3>\n<p>Expliquez que la politique en mati\u00e8re de cookies peut \u00eatre mise \u00e0 jour et comment les utilisateurs seront inform\u00e9s de toute modification.<\/p>\n<h3><span class=\"ez-toc-section\" id=\"8_Obtaining_Consent\"><\/span>8. Obtention du consentement<span class=\"ez-toc-section-end\"><\/span><\/h3>\n<p>D\u00e9crivez les m\u00e9thodes utilis\u00e9es pour obtenir le consentement de l&#039;utilisateur pour l&#039;utilisation de cookies, telles que des notifications contextuelles ou des banni\u00e8res.<\/p>\n<h2><span class=\"ez-toc-section\" id=\"Creating_an_Effective_Cookies_Policy\"><\/span>Cr\u00e9er une politique de cookies efficace<span class=\"ez-toc-section-end\"><\/span><\/h2>\n<p>Pour cr\u00e9er une politique de cookies efficace qui surpasse vos concurrents, suivez ces \u00e9tapes\u00a0:<\/p>\n<ol>\n<li><strong>Recherche<\/strong>: Restez inform\u00e9 des derni\u00e8res r\u00e9glementations relatives aux cookies dans la r\u00e9gion de votre public cible.<\/li>\n<li><strong>Langage clair<\/strong>: R\u00e9digez votre politique dans un langage simple et facilement compr\u00e9hensible pour garantir que les utilisateurs comprennent son contenu.<\/li>\n<li><strong>Accessibilit\u00e9<\/strong>: Assurez-vous que votre politique est facilement accessible, g\u00e9n\u00e9ralement via un lien de pied de page sur votre site Web.<\/li>\n<li><strong>M\u00e9canisme de consentement<\/strong>: Mettre en \u0153uvre un m\u00e9canisme de consentement convivial qui respecte les choix des utilisateurs.<\/li>\n<li><strong>Mises \u00e0 jour r\u00e9guli\u00e8res<\/strong>: R\u00e9visez et mettez \u00e0 jour p\u00e9riodiquement votre politique pour rester conforme \u00e0 l\u2019\u00e9volution des r\u00e9glementations.<\/li>\n<\/ol>\n<h2><span class=\"ez-toc-section\" id=\"Conclusion\"><\/span>Conclusion<span class=\"ez-toc-section-end\"><\/span><\/h2>\n<p>En conclusion, une politique de cookies bien con\u00e7ue est un \u00e9l\u00e9ment essentiel de votre site Web qui garantit non seulement la conformit\u00e9 l\u00e9gale, mais favorise \u00e9galement la confiance avec votre public. En suivant les directives d\u00e9crites dans ce guide complet, vous pouvez cr\u00e9er une politique en mati\u00e8re de cookies qui non seulement r\u00e9pond aux exigences l\u00e9gales, mais am\u00e9liore \u00e9galement l&#039;exp\u00e9rience utilisateur sur votre site Web.<\/p>\n<p>En fournissant des informations claires sur les cookies, en obtenant le consentement de l&#039;utilisateur et en vous tenant au courant des changements r\u00e9glementaires, vous surpasserez non seulement vos concurrents, mais vous \u00e9tablirez \u00e9galement votre site Web comme une plate-forme en ligne fiable et centr\u00e9e sur l&#039;utilisateur.<\/p>\n<div class=\"author-card author-card--top\"><img alt='Photo de l&#039;avatar' src='https:\/\/luckyjet-games.com\/wp-content\/uploads\/2023\/03\/Chris-Hodge-130x130.jpg' srcset='https:\/\/luckyjet-games.com\/wp-content\/uploads\/2023\/03\/Chris-Hodge-260x260.jpg 2x' class='avatar avatar-130 photo author-image' height='130' width='130' \/><div class=\"author-content text-md-center\"><span class=\"author-title\">Auteur<\/span><a href=\"https:\/\/luckyjet-games.com\/fr\/author\/chris-hodge\/\" class=\"author-name\">Chris Hodge<\/a><p class=\"author__details\">Chris Hodge est un expert en jeux de hasard. Il joue et \u00e9tudie les jeux de casino depuis plus de 10 ans. Au cours de cette p\u00e9riode, il a acquis une connaissance approfondie des strat\u00e9gies et des m\u00e9canismes de tous les jeux de casino.<br \/>\r\n<br \/>\r\nLes connaissances et l'expertise de Chris lui ont permis de devenir un collaborateur r\u00e9gulier de plusieurs publications de premier plan sur les jeux d'argent. Les casinos font \u00e9galement souvent appel \u00e0 lui pour obtenir des conseils d'expert sur les nouveaux jeux et les nouvelles promotions.<\/p><\/div><!-- \/.author-content --><\/div>","protected":false},"excerpt":{"rendered":"<p>Dans ce guide complet, nous nous penchons sur les subtilit\u00e9s des politiques en mati\u00e8re de cookies afin de vous fournir une compr\u00e9hension approfondie de leur importance, de leurs composantes et de la mani\u00e8re d'en cr\u00e9er une efficace pour votre site web. Introduction Lorsqu'il s'agit d'\u00e9tablir une forte pr\u00e9sence en ligne, une politique de cookies bien con\u00e7ue est un \u00e9l\u00e9ment essentiel. Elle permet non seulement de [...]<\/p>","protected":false},"author":2,"featured_media":0,"parent":0,"menu_order":0,"comment_status":"closed","ping_status":"closed","template":"page-no-sidebar.php","meta":{"_acf_changed":false,"footnotes":""},"class_list":["post-358","page","type-page","status-publish","hentry"],"acf":[],"yoast_head":"<!-- This site is optimized with the Yoast SEO plugin v26.7 - https:\/\/yoast.com\/wordpress\/plugins\/seo\/ -->\n<title>Cookies Policy - Lucky Jet Games<\/title>\n<meta name=\"robots\" content=\"index, follow, max-snippet:-1, max-image-preview:large, max-video-preview:-1\" \/>\n<link rel=\"canonical\" href=\"https:\/\/luckyjet-games.com\/fr\/cookies-policy\/\" \/>\n<meta property=\"og:locale\" content=\"fr_FR\" \/>\n<meta property=\"og:type\" content=\"article\" \/>\n<meta property=\"og:title\" content=\"Cookies Policy - Lucky Jet Games\" \/>\n<meta property=\"og:description\" content=\"In this comprehensive guide, we delve into the intricacies of cookies policies to provide you with a thorough understanding of their importance, components, and how to create an effective one for your website. Introduction When it comes to establishing a strong online presence, a well-crafted cookies policy is an essential component. It not only ensures [&hellip;]\" \/>\n<meta property=\"og:url\" content=\"https:\/\/luckyjet-games.com\/fr\/cookies-policy\/\" \/>\n<meta property=\"og:site_name\" content=\"Lucky Jet Games\" \/>\n<meta name=\"twitter:card\" content=\"summary_large_image\" \/>\n<!-- \/ Yoast SEO plugin. -->","yoast_head_json":{"title":"Politique de cookies - Jeux Lucky Jet","robots":{"index":"index","follow":"follow","max-snippet":"max-snippet:-1","max-image-preview":"max-image-preview:large","max-video-preview":"max-video-preview:-1"},"canonical":"https:\/\/luckyjet-games.com\/fr\/cookies-policy\/","og_locale":"fr_FR","og_type":"article","og_title":"Cookies Policy - Lucky Jet Games","og_description":"In this comprehensive guide, we delve into the intricacies of cookies policies to provide you with a thorough understanding of their importance, components, and how to create an effective one for your website. Introduction When it comes to establishing a strong online presence, a well-crafted cookies policy is an essential component. It not only ensures [&hellip;]","og_url":"https:\/\/luckyjet-games.com\/fr\/cookies-policy\/","og_site_name":"Lucky Jet Games","twitter_card":"summary_large_image","schema":{"@context":"https:\/\/schema.org","@graph":[{"@type":"WebPage","@id":"https:\/\/luckyjet-games.com\/cookies-policy\/","url":"https:\/\/luckyjet-games.com\/cookies-policy\/","name":"Politique de cookies - Jeux Lucky Jet","isPartOf":{"@id":"https:\/\/luckyjet-games.com\/de\/#website"},"datePublished":"2023-09-25T11:50:26+00:00","breadcrumb":{"@id":"https:\/\/luckyjet-games.com\/cookies-policy\/#breadcrumb"},"inLanguage":"fr-FR","potentialAction":[{"@type":"ReadAction","target":["https:\/\/luckyjet-games.com\/cookies-policy\/"]}]},{"@type":"BreadcrumbList","@id":"https:\/\/luckyjet-games.com\/cookies-policy\/#breadcrumb","itemListElement":[{"@type":"ListItem","position":1,"name":"Home","item":"https:\/\/luckyjet-games.com\/"},{"@type":"ListItem","position":2,"name":"Cookies Policy"}]},{"@type":"WebSite","@id":"https:\/\/luckyjet-games.com\/de\/#website","url":"https:\/\/luckyjet-games.com\/de\/","name":"Lucky Jet Jeux","description":"","publisher":{"@id":"https:\/\/luckyjet-games.com\/de\/#organization"},"potentialAction":[{"@type":"SearchAction","target":{"@type":"EntryPoint","urlTemplate":"https:\/\/luckyjet-games.com\/de\/?s={search_term_string}"},"query-input":{"@type":"PropertyValueSpecification","valueRequired":true,"valueName":"search_term_string"}}],"inLanguage":"fr-FR"},{"@type":"Organization","@id":"https:\/\/luckyjet-games.com\/de\/#organization","name":"Lucky Jet Jeux","url":"https:\/\/luckyjet-games.com\/de\/","logo":{"@type":"ImageObject","inLanguage":"fr-FR","@id":"https:\/\/luckyjet-games.com\/de\/#\/schema\/logo\/image\/","url":"https:\/\/luckyjet-games.com\/wp-content\/uploads\/2022\/10\/Lucky-Jet-Game.png","contentUrl":"https:\/\/luckyjet-games.com\/wp-content\/uploads\/2022\/10\/Lucky-Jet-Game.png","width":711,"height":599,"caption":"Lucky Jet Games"},"image":{"@id":"https:\/\/luckyjet-games.com\/de\/#\/schema\/logo\/image\/"}}]}},"_links":{"self":[{"href":"https:\/\/luckyjet-games.com\/fr\/wp-json\/wp\/v2\/pages\/358","targetHints":{"allow":["GET"]}}],"collection":[{"href":"https:\/\/luckyjet-games.com\/fr\/wp-json\/wp\/v2\/pages"}],"about":[{"href":"https:\/\/luckyjet-games.com\/fr\/wp-json\/wp\/v2\/types\/page"}],"author":[{"embeddable":true,"href":"https:\/\/luckyjet-games.com\/fr\/wp-json\/wp\/v2\/users\/2"}],"replies":[{"embeddable":true,"href":"https:\/\/luckyjet-games.com\/fr\/wp-json\/wp\/v2\/comments?post=358"}],"version-history":[{"count":0,"href":"https:\/\/luckyjet-games.com\/fr\/wp-json\/wp\/v2\/pages\/358\/revisions"}],"wp:attachment":[{"href":"https:\/\/luckyjet-games.com\/fr\/wp-json\/wp\/v2\/media?parent=358"}],"curies":[{"name":"wp","href":"https:\/\/api.w.org\/{rel}","templated":true}]}}