{"id":27,"date":"2022-10-07T14:43:44","date_gmt":"2022-10-07T14:43:44","guid":{"rendered":"https:\/\/luckyjet-games.com\/?page_id=27"},"modified":"2024-03-12T18:02:22","modified_gmt":"2024-03-12T18:02:22","slug":"how-to-download-lucky-jet-app","status":"publish","type":"page","link":"https:\/\/luckyjet-games.com\/fr\/download-lucky-jet-app\/","title":{"rendered":"Comment t\u00e9l\u00e9charger Lucky Jet app"},"content":{"rendered":"<div style=\"text-align: center;\"><a class=\"glow-button\" href=\"#go\" data-go=\"go\">Jouez \u00e0 Lucky Jet au 1Win casino<\/a><\/div>\n\n\n\n<p>Il est simple de commencer \u00e0 jouer au <a href=\"https:\/\/luckyjet-games.com\/fr\/\">Jeu Lucky Jet<\/a>. Le jeu sera accessible pour Android, iOS, et Windows ou MacOS.<\/p>\n\n\n<div class=\"wp-block-image\">\n<figure class=\"aligncenter\"><a href=\"#go\" data-go=\"go\" rel=\"noreferrer noopener\"><img decoding=\"async\" width=\"1022\" height=\"500\" src=\"https:\/\/luckyjet-games.com\/wp-content\/uploads\/2022\/10\/Jucky-Jet-App.jpg\" alt=\"Application Lucky Jet\" class=\"wp-image-38\" srcset=\"https:\/\/luckyjet-games.com\/wp-content\/uploads\/2022\/10\/Jucky-Jet-App.jpg 1022w, https:\/\/luckyjet-games.com\/wp-content\/uploads\/2022\/10\/Jucky-Jet-App-300x147.jpg 300w, https:\/\/luckyjet-games.com\/wp-content\/uploads\/2022\/10\/Jucky-Jet-App-768x376.jpg 768w, https:\/\/luckyjet-games.com\/wp-content\/uploads\/2022\/10\/Jucky-Jet-App-82x40.jpg 82w, https:\/\/luckyjet-games.com\/wp-content\/uploads\/2022\/10\/Jucky-Jet-App-65x32.jpg 65w, https:\/\/luckyjet-games.com\/wp-content\/uploads\/2022\/10\/Jucky-Jet-App-164x80.jpg 164w, https:\/\/luckyjet-games.com\/wp-content\/uploads\/2022\/10\/Jucky-Jet-App-276x135.jpg 276w\" sizes=\"(max-width: 1022px) 100vw, 1022px\" \/><\/a><figcaption class=\"wp-element-caption\">Application Lucky Jet<\/figcaption><\/figure>\n<\/div>\n\n\n<p>Le Lucky Jet n'est qu'un jeu de navigateur, vous ne le trouverez dans aucun magasin d'applications. Cela est d\u00fb \u00e0 la politique de l'AppStore d'Apple et du Play Store de Google qui n'autorisent pas les jeux en argent r\u00e9el dans leurs catalogues. Cependant, cela fonctionne \u00e0 notre avantage car tout ce dont vous avez besoin pour jouer au jeu est un t\u00e9l\u00e9phone, un ordinateur ou une tablette avec un navigateur ; suivez simplement le lien et commencez \u00e0 jouer !<\/p>\n\n\n\n<figure class=\"wp-block-table\"><table><tbody><tr><td>Version de l'application<\/td><td>37.02<\/td><\/tr><tr><td>Co\u00fbt<\/td><td>Gratuit<\/td><\/tr><tr><td>OS<\/td><td>iOS, Android<\/td><\/tr><tr><td>March\u00e9 du jeu<\/td><td>Non disponible<\/td><\/tr><tr><td>Apple Store<\/td><td>Non disponible<\/td><\/tr><tr><td>Volume pour Android<\/td><td>43,12 Mb<\/td><\/tr><tr><td>Volume pour iOS<\/td><td>23,4 Mo<\/td><\/tr><tr><td>Service du casino<\/td><td>Oui, si vous avez un compte<\/td><\/tr><\/tbody><\/table><\/figure>\n\n\n\n<div id=\"ez-toc-container\" class=\"ez-toc-v2_0_75 counter-hierarchy ez-toc-counter ez-toc-grey ez-toc-container-direction\">\n<div class=\"ez-toc-title-container\">\n<p class=\"ez-toc-title\" style=\"cursor:inherit\">Table des mati\u00e8res<\/p>\n<span class=\"ez-toc-title-toggle\"><a href=\"#\" class=\"ez-toc-pull-right ez-toc-btn ez-toc-btn-xs ez-toc-btn-default ez-toc-toggle\" aria-label=\"Toggle Table des mati\u00e8res\"><span class=\"ez-toc-js-icon-con\"><span class=\"\"><span class=\"eztoc-hide\" style=\"display:none;\">Toggle<\/span><span class=\"ez-toc-icon-toggle-span\"><svg style=\"fill: #999;color:#999\" xmlns=\"http:\/\/www.w3.org\/2000\/svg\" class=\"list-377408\" width=\"20px\" height=\"20px\" viewbox=\"0 0 24 24\" fill=\"none\"><path d=\"M6 6H4v2h2V6zm14 0H8v2h12V6zM4 11h2v2H4v-2zm16 0H8v2h12v-2zM4 16h2v2H4v-2zm16 0H8v2h12v-2z\" fill=\"currentColor\"><\/path><\/svg><svg style=\"fill: #999;color:#999\" class=\"arrow-unsorted-368013\" xmlns=\"http:\/\/www.w3.org\/2000\/svg\" width=\"10px\" height=\"10px\" viewbox=\"0 0 24 24\" version=\"1.2\" baseprofile=\"tiny\"><path d=\"M18.2 9.3l-6.2-6.3-6.2 6.3c-.2.2-.3.4-.3.7s.1.5.3.7c.2.2.4.3.7.3h11c.3 0 .5-.1.7-.3.2-.2.3-.5.3-.7s-.1-.5-.3-.7zM5.8 14.7l6.2 6.3 6.2-6.3c.2-.2.3-.5.3-.7s-.1-.5-.3-.7c-.2-.2-.4-.3-.7-.3h-11c-.3 0-.5.1-.7.3-.2.2-.3.5-.3.7s.1.5.3.7z\"\/><\/svg><\/span><\/span><\/span><\/a><\/span><\/div>\n<nav><ul class='ez-toc-list ez-toc-list-level-1 eztoc-toggle-hide-by-default' ><li class='ez-toc-page-1 ez-toc-heading-level-2'><a class=\"ez-toc-link ez-toc-heading-1\" href=\"https:\/\/luckyjet-games.com\/fr\/download-lucky-jet-app\/#Play_Lucky_Jet_for_free_at_1Win_Casino\" >Jouez gratuitement \u00e0 Lucky Jet sur le casino 1Win<\/a><\/li><li class='ez-toc-page-1 ez-toc-heading-level-2'><a class=\"ez-toc-link ez-toc-heading-2\" href=\"https:\/\/luckyjet-games.com\/fr\/download-lucky-jet-app\/#Download_Lucky_Jet_%E2%80%93_Play_for_real_money\" >T\u00e9l\u00e9charger Lucky Jet - Jouer pour de l'argent r\u00e9el<\/a><\/li><li class='ez-toc-page-1 ez-toc-heading-level-2'><a class=\"ez-toc-link ez-toc-heading-3\" href=\"https:\/\/luckyjet-games.com\/fr\/download-lucky-jet-app\/#Download_app_on_your_Android\" >T\u00e9l\u00e9chargez l&#039;application sur votre Android<\/a><ul class='ez-toc-list-level-3' ><li class='ez-toc-heading-level-3'><a class=\"ez-toc-link ez-toc-heading-4\" href=\"https:\/\/luckyjet-games.com\/fr\/download-lucky-jet-app\/#Follow_the_link\" >Suivez le lien :<\/a><\/li><li class='ez-toc-page-1 ez-toc-heading-level-3'><a class=\"ez-toc-link ez-toc-heading-5\" href=\"https:\/\/luckyjet-games.com\/fr\/download-lucky-jet-app\/#Use_Chrome_menu\" >Utilisez le menu Chrome :<\/a><\/li><\/ul><\/li><li class='ez-toc-page-1 ez-toc-heading-level-2'><a class=\"ez-toc-link ez-toc-heading-6\" href=\"https:\/\/luckyjet-games.com\/fr\/download-lucky-jet-app\/#Download_for_iOS\" >T\u00e9l\u00e9charger pour iOS<\/a><\/li><li class='ez-toc-page-1 ez-toc-heading-level-2'><a class=\"ez-toc-link ez-toc-heading-7\" href=\"https:\/\/luckyjet-games.com\/fr\/download-lucky-jet-app\/#Play_Lucky_Jet_game_on_your_computer\" >Jouez au jeu Lucky Jet sur votre ordinateur<\/a><\/li><li class='ez-toc-page-1 ez-toc-heading-level-2'><a class=\"ez-toc-link ez-toc-heading-8\" href=\"https:\/\/luckyjet-games.com\/fr\/download-lucky-jet-app\/#Conclusion\" >Conclusion<\/a><\/li><\/ul><\/nav><\/div>\n<h2 class=\"wp-block-heading\"><span class=\"ez-toc-section\" id=\"Play_Lucky_Jet_for_free_at_1Win_Casino\"><\/span>Jouez gratuitement \u00e0 Lucky Jet sur le casino 1Win<span class=\"ez-toc-section-end\"><\/span><\/h2>\n\n\n\n<p>Saisissez l'occasion de vous d\u00e9tendre et de vous amuser avec Lucky Jet, sans d\u00e9penser un centime. Les casinos en ligne fournissent \u00e0 chaque joueur un solde de bonus pour jouer aux machines \u00e0 sous, \u00e0 la roulette, au poker ou aux jeux de hasard. Suivez le lien, inscrivez-vous et commencez \u00e0 jouer sans risque.<\/p>\n\n\n\n<div style=\"text-align: center;\"><a class=\"glow-button\" href=\"#go\" data-go=\"go\">\ud83d\udcf1 T\u00e9l\u00e9charger Lucky Jet Game<\/a><\/div>\n\n\n\n<h2 class=\"wp-block-heading\"><span class=\"ez-toc-section\" id=\"Download_Lucky_Jet_%E2%80%93_Play_for_real_money\"><\/span>T\u00e9l\u00e9charger Lucky Jet - Jouer pour de l'argent r\u00e9el<span class=\"ez-toc-section-end\"><\/span><\/h2>\n\n\n\n<p>La seule fa\u00e7on de vraiment appr\u00e9cier un jeu, c'est lorsqu'il y a une chance de gagner gros. Et avec le jeu Lucky Jet, c'est tout \u00e0 fait possible ! Surtout si vous suivez nos strat\u00e9gies simples. En quelques clics, Lucky Joe peut vous aider \u00e0 multiplier vos revenus de mani\u00e8re significative. Pour avoir toujours acc\u00e8s au jeu Lucky Jet, il suffit de suivre les instructions ci-dessous.<\/p>\n\n\n<div class=\"wp-block-image wp-image-40 size-full\">\n<figure class=\"aligncenter\"><a href=\"#go\" data-go=\"go\" rel=\"noreferrer noopener\"><img decoding=\"async\" width=\"439\" height=\"459\" src=\"https:\/\/luckyjet-games.com\/wp-content\/uploads\/2022\/10\/Download-Jucky-Jet.jpg\" alt=\"T\u00e9l\u00e9charger Lucky Jet\" class=\"wp-image-40\" srcset=\"https:\/\/luckyjet-games.com\/wp-content\/uploads\/2022\/10\/Download-Jucky-Jet.jpg 439w, https:\/\/luckyjet-games.com\/wp-content\/uploads\/2022\/10\/Download-Jucky-Jet-287x300.jpg 287w, https:\/\/luckyjet-games.com\/wp-content\/uploads\/2022\/10\/Download-Jucky-Jet-38x40.jpg 38w, https:\/\/luckyjet-games.com\/wp-content\/uploads\/2022\/10\/Download-Jucky-Jet-31x32.jpg 31w, https:\/\/luckyjet-games.com\/wp-content\/uploads\/2022\/10\/Download-Jucky-Jet-77x80.jpg 77w, https:\/\/luckyjet-games.com\/wp-content\/uploads\/2022\/10\/Download-Jucky-Jet-129x135.jpg 129w\" sizes=\"(max-width: 439px) 100vw, 439px\" \/><\/a><figcaption class=\"wp-element-caption\">T\u00e9l\u00e9charger Lucky Jet<\/figcaption><\/figure>\n<\/div>\n\n\n<h2 class=\"wp-block-heading\"><span class=\"ez-toc-section\" id=\"Download_app_on_your_Android\"><\/span>T\u00e9l\u00e9chargez l&#039;application sur votre Android<span class=\"ez-toc-section-end\"><\/span><\/h2>\n\n\n\n<p>Vous pouvez facilement acc\u00e9der au jeu sur les tablettes Android en installant l'application. Il suffit de rechercher Lucky Jet dans le catalogue des jeux apr\u00e8s avoir install\u00e9 l'application. Si vous utilisez un t\u00e9l\u00e9phone, rendez-vous sur le site Web du casino dans le navigateur Chrome. Il existe deux fa\u00e7ons d'installer les applications :<\/p>\n\n\n\n<h3 class=\"wp-block-heading\"><span class=\"ez-toc-section\" id=\"Follow_the_link\"><\/span>Suivez le lien :<span class=\"ez-toc-section-end\"><\/span><\/h3>\n\n\n\n<ul class=\"wp-block-list\">\n<li>Faites d\u00e9filer la page jusqu'\u00e0 la rubrique \"Informations\" ;<\/li>\n\n\n\n<li>S\u00e9lectionnez l'application Android. Une fois le t\u00e9l\u00e9chargement termin\u00e9, allez dans \"Param\u00e8tres\" et s\u00e9lectionnez \"Avanc\u00e9\". S\u00e9lectionnez \"Application Android\", puis attendez que le programme s'installe.<\/li>\n\n\n\n<li>Installez le fichier .apk une fois qu'il est t\u00e9l\u00e9charg\u00e9.<\/li>\n<\/ul>\n\n\n\n<h3 class=\"wp-block-heading\"><span class=\"ez-toc-section\" id=\"Use_Chrome_menu\"><\/span>Utilisez le menu Chrome :<span class=\"ez-toc-section-end\"><\/span><\/h3>\n\n\n\n<ul class=\"wp-block-list\">\n<li>Cliquez sur le menu du navigateur dans le coin sup\u00e9rieur droit. (Il doit ressembler \u00e0 trois points).<\/li>\n\n\n\n<li>S\u00e9lectionnez \"Installer l'application\" ;<\/li>\n\n\n\n<li>Cliquez sur \"Installer\" dans la fen\u00eatre qui s'ouvre ;<\/li>\n\n\n\n<li>L'ic\u00f4ne du casino appara\u00eetra dans la liste des applications.<\/li>\n<\/ul>\n\n\n<div class=\"wp-block-image wp-image-41 size-full\">\n<figure class=\"aligncenter\"><a href=\"#go\" data-go=\"go\" rel=\"noreferrer noopener\"><img decoding=\"async\" width=\"245\" height=\"467\" src=\"https:\/\/luckyjet-games.com\/wp-content\/uploads\/2022\/10\/Jucky-Jet-Download.jpg\" alt=\"Lucky Jet T\u00e9l\u00e9charger\" class=\"wp-image-41\" srcset=\"https:\/\/luckyjet-games.com\/wp-content\/uploads\/2022\/10\/Jucky-Jet-Download.jpg 245w, https:\/\/luckyjet-games.com\/wp-content\/uploads\/2022\/10\/Jucky-Jet-Download-157x300.jpg 157w, https:\/\/luckyjet-games.com\/wp-content\/uploads\/2022\/10\/Jucky-Jet-Download-21x40.jpg 21w, https:\/\/luckyjet-games.com\/wp-content\/uploads\/2022\/10\/Jucky-Jet-Download-17x32.jpg 17w, https:\/\/luckyjet-games.com\/wp-content\/uploads\/2022\/10\/Jucky-Jet-Download-42x80.jpg 42w, https:\/\/luckyjet-games.com\/wp-content\/uploads\/2022\/10\/Jucky-Jet-Download-71x135.jpg 71w\" sizes=\"(max-width: 245px) 100vw, 245px\" \/><\/a><figcaption class=\"wp-element-caption\">Lucky Jet T\u00e9l\u00e9charger<\/figcaption><\/figure>\n<\/div>\n\n\n<div style=\"text-align: center;\"><a class=\"glow-button\" href=\"#go\" data-go=\"go\">Jouer Lucky Jet<\/a><\/div>\n\n\n\n<h2 class=\"wp-block-heading\"><span class=\"ez-toc-section\" id=\"Download_for_iOS\"><\/span>T\u00e9l\u00e9charger pour iOS<span class=\"ez-toc-section-end\"><\/span><\/h2>\n\n\n\n<p>Pour installer le jeu sur votre iPhone ou iPad, vous devez cr\u00e9er un signet dans Safari et l'envoyer vers l'\u00e9cran principal. Pour ce faire :<\/p>\n\n\n\n<ul class=\"wp-block-list\">\n<li>ouvrez Safari sur votre iPhone ;<\/li>\n\n\n\n<li>allez sur le site du casino ;<\/li>\n\n\n\n<li>cliquez sur le bouton \"Ouvrir\" ;<\/li>\n\n\n\n<li>s\u00e9lectionnez \"\u00e9cran principal\" ;<\/li>\n\n\n\n<li>l'ic\u00f4ne du casino appara\u00eetra sur l'\u00e9cran principal du t\u00e9l\u00e9phone.<\/li>\n<\/ul>\n\n\n\n<h2 class=\"wp-block-heading\"><span class=\"ez-toc-section\" id=\"Play_Lucky_Jet_game_on_your_computer\"><\/span>Jouez au jeu Lucky Jet sur votre ordinateur<span class=\"ez-toc-section-end\"><\/span><\/h2>\n\n\n\n<p>Le jeu est exclusivement disponible en version web pour Windows et MacOS. Le jeu peut toujours \u00eatre trouv\u00e9 dans la collection de jeux du site 1win. Pour obtenir un feedback imm\u00e9diat sur votre jeu, n'oubliez pas d'ajouter le site \u00e0 vos favoris !<\/p>\n\n\n<div class=\"wp-block-image wp-image-42 size-full\">\n<figure class=\"aligncenter\"><a href=\"#go\" data-go=\"go\" rel=\"noreferrer noopener\"><img decoding=\"async\" width=\"694\" height=\"427\" src=\"https:\/\/luckyjet-games.com\/wp-content\/uploads\/2022\/10\/Play-Jucky-Jet-Game.jpg\" alt=\"Jouer au jeu Lucky Jet\" class=\"wp-image-42\" srcset=\"https:\/\/luckyjet-games.com\/wp-content\/uploads\/2022\/10\/Play-Jucky-Jet-Game.jpg 694w, https:\/\/luckyjet-games.com\/wp-content\/uploads\/2022\/10\/Play-Jucky-Jet-Game-300x185.jpg 300w, https:\/\/luckyjet-games.com\/wp-content\/uploads\/2022\/10\/Play-Jucky-Jet-Game-65x40.jpg 65w, https:\/\/luckyjet-games.com\/wp-content\/uploads\/2022\/10\/Play-Jucky-Jet-Game-52x32.jpg 52w, https:\/\/luckyjet-games.com\/wp-content\/uploads\/2022\/10\/Play-Jucky-Jet-Game-130x80.jpg 130w, https:\/\/luckyjet-games.com\/wp-content\/uploads\/2022\/10\/Play-Jucky-Jet-Game-219x135.jpg 219w\" sizes=\"(max-width: 694px) 100vw, 694px\" \/><\/a><figcaption class=\"wp-element-caption\">Jouer au jeu Lucky Jet<\/figcaption><\/figure>\n<\/div>\n\n\n<div style=\"text-align: center;\"><a class=\"glow-button\" href=\"#go\" data-go=\"go\">Jouer Lucky Jet depuis un t\u00e9l\u00e9phone portable<\/a><\/div>\n\n\n\n<h2 class=\"wp-block-heading\"><span class=\"ez-toc-section\" id=\"Conclusion\"><\/span>Conclusion<span class=\"ez-toc-section-end\"><\/span><\/h2>\n\n\n\n<p>Lucky Jet est un jeu facile d'acc\u00e8s qui peut \u00eatre jou\u00e9 sur n'importe quel appareil. La seule chose dont vous avez besoin est un navigateur. Et si vous voulez jouer pour de l'argent r\u00e9el, il suffit de t\u00e9l\u00e9charger l'application ou d'utiliser la version web sur votre ordinateur. Avec un peu de chance, le Lucky Jet peut vous aider \u00e0 r\u00e9aliser de s\u00e9rieux profits !<\/p>\n<div class=\"author-card author-card--top\"><img alt='Photo de l&#039;avatar' src='https:\/\/luckyjet-games.com\/wp-content\/uploads\/2023\/03\/Chris-Hodge-130x130.jpg' srcset='https:\/\/luckyjet-games.com\/wp-content\/uploads\/2023\/03\/Chris-Hodge-260x260.jpg 2x' class='avatar avatar-130 photo author-image' height='130' width='130' \/><div class=\"author-content text-md-center\"><span class=\"author-title\">Auteur<\/span><a href=\"https:\/\/luckyjet-games.com\/fr\/author\/chris-hodge\/\" class=\"author-name\">Chris Hodge<\/a><p class=\"author__details\">Chris Hodge est un expert en jeux de hasard. Il joue et \u00e9tudie les jeux de casino depuis plus de 10 ans. Au cours de cette p\u00e9riode, il a acquis une connaissance approfondie des strat\u00e9gies et des m\u00e9canismes de tous les jeux de casino.<br \/>\r\n<br \/>\r\nLes connaissances et l'expertise de Chris lui ont permis de devenir un collaborateur r\u00e9gulier de plusieurs publications de premier plan sur les jeux d'argent. Les casinos font \u00e9galement souvent appel \u00e0 lui pour obtenir des conseils d'expert sur les nouveaux jeux et les nouvelles promotions.<\/p><\/div><!-- \/.author-content --><\/div>","protected":false},"excerpt":{"rendered":"<p>Jouer \u00e0 Lucky Jet au casino 1Win Il est facile de commencer \u00e0 jouer au jeu Lucky Jet. Le jeu sera accessible pour Android, iOS, et Windows ou MacOS. Le Lucky Jet est uniquement un jeu sur navigateur, vous ne le trouverez pas dans un magasin d'applications. Ceci est d\u00fb \u00e0 l'AppStore d'Apple et au Play Store de Google [...]<\/p>","protected":false},"author":2,"featured_media":0,"parent":0,"menu_order":0,"comment_status":"closed","ping_status":"closed","template":"page-no-sidebar.php","meta":{"_acf_changed":false,"footnotes":""},"class_list":["post-27","page","type-page","status-publish","hentry"],"acf":[],"yoast_head":"<!-- This site is optimized with the Yoast SEO plugin v26.7 - https:\/\/yoast.com\/wordpress\/plugins\/seo\/ -->\n<title>How to Download Lucky Jet App: Android, iPhone, Windows or Mac<\/title>\n<meta name=\"description\" content=\"How to download Lucky Jet App for Android, iPhone, Windows or Mac. Download Lucky Jet 1win casino game on your smartphone \ud83d\ude80 How to Install Lucky Jet apk\" \/>\n<meta name=\"robots\" content=\"index, follow, max-snippet:-1, max-image-preview:large, max-video-preview:-1\" \/>\n<link rel=\"canonical\" href=\"https:\/\/luckyjet-games.com\/fr\/download-lucky-jet-app\/\" \/>\n<meta property=\"og:locale\" content=\"fr_FR\" \/>\n<meta property=\"og:type\" content=\"article\" \/>\n<meta property=\"og:title\" content=\"How to Download Lucky Jet App: Android, iPhone, Windows or Mac\" \/>\n<meta property=\"og:description\" content=\"How to download Lucky Jet App for Android, iPhone, Windows or Mac. Download Lucky Jet 1win casino game on your smartphone \ud83d\ude80 How to Install Lucky Jet apk\" \/>\n<meta property=\"og:url\" content=\"https:\/\/luckyjet-games.com\/fr\/download-lucky-jet-app\/\" \/>\n<meta property=\"og:site_name\" content=\"Lucky Jet Games\" \/>\n<meta property=\"article:modified_time\" content=\"2024-03-12T18:02:22+00:00\" \/>\n<meta property=\"og:image\" content=\"https:\/\/luckyjet-games.com\/wp-content\/uploads\/2022\/10\/Jucky-Jet-App.jpg\" \/>\n<meta name=\"twitter:card\" content=\"summary_large_image\" \/>\n<meta name=\"twitter:label1\" content=\"Dur\u00e9e de lecture estim\u00e9e\" \/>\n\t<meta name=\"twitter:data1\" content=\"4 minutes\" \/>\n<!-- \/ Yoast SEO plugin. -->","yoast_head_json":{"title":"Comment t\u00e9l\u00e9charger Lucky Jet app: Android, iPhone, Windows ou Mac","description":"Comment t\u00e9l\u00e9charger Lucky Jet app pour Android, iPhone, Windows ou Mac. T\u00e9l\u00e9chargez le jeu de Lucky Jet 1win sur votre smartphone \ud83d\ude80 Comment installer Lucky Jet apk","robots":{"index":"index","follow":"follow","max-snippet":"max-snippet:-1","max-image-preview":"max-image-preview:large","max-video-preview":"max-video-preview:-1"},"canonical":"https:\/\/luckyjet-games.com\/fr\/download-lucky-jet-app\/","og_locale":"fr_FR","og_type":"article","og_title":"How to Download Lucky Jet App: Android, iPhone, Windows or Mac","og_description":"How to download Lucky Jet App for Android, iPhone, Windows or Mac. Download Lucky Jet 1win casino game on your smartphone \ud83d\ude80 How to Install Lucky Jet apk","og_url":"https:\/\/luckyjet-games.com\/fr\/download-lucky-jet-app\/","og_site_name":"Lucky Jet Games","article_modified_time":"2024-03-12T18:02:22+00:00","og_image":[{"url":"https:\/\/luckyjet-games.com\/wp-content\/uploads\/2022\/10\/Jucky-Jet-App.jpg","type":"","width":"","height":""}],"twitter_card":"summary_large_image","twitter_misc":{"Dur\u00e9e de lecture estim\u00e9e":"4 minutes"},"schema":{"@context":"https:\/\/schema.org","@graph":[{"@type":"WebPage","@id":"https:\/\/luckyjet-games.com\/download-lucky-jet-app\/","url":"https:\/\/luckyjet-games.com\/download-lucky-jet-app\/","name":"Comment t\u00e9l\u00e9charger Lucky Jet app: Android, iPhone, Windows ou Mac","isPartOf":{"@id":"https:\/\/luckyjet-games.com\/de\/#website"},"primaryImageOfPage":{"@id":"https:\/\/luckyjet-games.com\/download-lucky-jet-app\/#primaryimage"},"image":{"@id":"https:\/\/luckyjet-games.com\/download-lucky-jet-app\/#primaryimage"},"thumbnailUrl":"https:\/\/luckyjet-games.com\/wp-content\/uploads\/2022\/10\/Jucky-Jet-App.jpg","datePublished":"2022-10-07T14:43:44+00:00","dateModified":"2024-03-12T18:02:22+00:00","description":"Comment t\u00e9l\u00e9charger Lucky Jet app pour Android, iPhone, Windows ou Mac. T\u00e9l\u00e9chargez le jeu de Lucky Jet 1win sur votre smartphone \ud83d\ude80 Comment installer Lucky Jet apk","breadcrumb":{"@id":"https:\/\/luckyjet-games.com\/download-lucky-jet-app\/#breadcrumb"},"inLanguage":"fr-FR","potentialAction":[{"@type":"ReadAction","target":["https:\/\/luckyjet-games.com\/download-lucky-jet-app\/"]}]},{"@type":"ImageObject","inLanguage":"fr-FR","@id":"https:\/\/luckyjet-games.com\/download-lucky-jet-app\/#primaryimage","url":"https:\/\/luckyjet-games.com\/wp-content\/uploads\/2022\/10\/Jucky-Jet-App.jpg","contentUrl":"https:\/\/luckyjet-games.com\/wp-content\/uploads\/2022\/10\/Jucky-Jet-App.jpg"},{"@type":"BreadcrumbList","@id":"https:\/\/luckyjet-games.com\/download-lucky-jet-app\/#breadcrumb","itemListElement":[{"@type":"ListItem","position":1,"name":"Home","item":"https:\/\/luckyjet-games.com\/"},{"@type":"ListItem","position":2,"name":"How to Download Lucky Jet App"}]},{"@type":"WebSite","@id":"https:\/\/luckyjet-games.com\/de\/#website","url":"https:\/\/luckyjet-games.com\/de\/","name":"Lucky Jet Jeux","description":"","publisher":{"@id":"https:\/\/luckyjet-games.com\/de\/#organization"},"potentialAction":[{"@type":"SearchAction","target":{"@type":"EntryPoint","urlTemplate":"https:\/\/luckyjet-games.com\/de\/?s={search_term_string}"},"query-input":{"@type":"PropertyValueSpecification","valueRequired":true,"valueName":"search_term_string"}}],"inLanguage":"fr-FR"},{"@type":"Organization","@id":"https:\/\/luckyjet-games.com\/de\/#organization","name":"Lucky Jet Jeux","url":"https:\/\/luckyjet-games.com\/de\/","logo":{"@type":"ImageObject","inLanguage":"fr-FR","@id":"https:\/\/luckyjet-games.com\/de\/#\/schema\/logo\/image\/","url":"https:\/\/luckyjet-games.com\/wp-content\/uploads\/2022\/10\/Lucky-Jet-Game.png","contentUrl":"https:\/\/luckyjet-games.com\/wp-content\/uploads\/2022\/10\/Lucky-Jet-Game.png","width":711,"height":599,"caption":"Lucky Jet Games"},"image":{"@id":"https:\/\/luckyjet-games.com\/de\/#\/schema\/logo\/image\/"}}]}},"_links":{"self":[{"href":"https:\/\/luckyjet-games.com\/fr\/wp-json\/wp\/v2\/pages\/27","targetHints":{"allow":["GET"]}}],"collection":[{"href":"https:\/\/luckyjet-games.com\/fr\/wp-json\/wp\/v2\/pages"}],"about":[{"href":"https:\/\/luckyjet-games.com\/fr\/wp-json\/wp\/v2\/types\/page"}],"author":[{"embeddable":true,"href":"https:\/\/luckyjet-games.com\/fr\/wp-json\/wp\/v2\/users\/2"}],"replies":[{"embeddable":true,"href":"https:\/\/luckyjet-games.com\/fr\/wp-json\/wp\/v2\/comments?post=27"}],"version-history":[{"count":0,"href":"https:\/\/luckyjet-games.com\/fr\/wp-json\/wp\/v2\/pages\/27\/revisions"}],"wp:attachment":[{"href":"https:\/\/luckyjet-games.com\/fr\/wp-json\/wp\/v2\/media?parent=27"}],"curies":[{"name":"wp","href":"https:\/\/api.w.org\/{rel}","templated":true}]}}