{"id":250,"date":"2022-12-20T11:11:31","date_gmt":"2022-12-20T11:11:31","guid":{"rendered":"https:\/\/luckyjet-games.com\/?page_id=250"},"modified":"2024-03-13T19:00:42","modified_gmt":"2024-03-13T19:00:42","slug":"lucky-jet-promo-code-and-bonus","status":"publish","type":"page","link":"https:\/\/luckyjet-games.com\/fr\/lucky-jet-promo-code\/","title":{"rendered":"Code promo et bonus de Lucky Jet"},"content":{"rendered":"<div style=\"text-align: center;\"><a class=\"glow-button-new\" href=\"#go\" data-go=\"go\">Obtenir le bonus Lucky Jet \ud83c\udf81<\/a><\/div>\n\n\n\n<p>Offrez-vous la chance de d\u00e9marrer le jeu avec des codes de lancement, mais sachez qu'ils ne sont valables que pendant une courte p\u00e9riode apr\u00e8s la cr\u00e9ation de votre compte. D\u00e8s que vous vous connectez, un chronom\u00e8tre commence \u00e0 d\u00e9compter le temps restant de cette offre unique ! Pour profiter de cette promotion et obtenir tout ce qu'elle a \u00e0 offrir, inscrivez-vous aupr\u00e8s de <a href=\"https:\/\/luckyjet-games.com\/fr\/\">Lucky Jet<\/a> maintenant - car cette opportunit\u00e9 est exclusive pour les nouveaux membres.<\/p>\n\n\n<div class=\"wp-block-image\">\n<figure class=\"aligncenter is-resized\"><a href=\"#go\" data-go=\"go\"><img decoding=\"async\" width=\"1024\" height=\"1024\" src=\"https:\/\/luckyjet-games.com\/wp-content\/uploads\/2023\/04\/LUCKY4444-1024x1024.jpg\" alt=\"LUCKY4444\" class=\"wp-image-307\" style=\"width:450px\" srcset=\"https:\/\/luckyjet-games.com\/wp-content\/uploads\/2023\/04\/LUCKY4444-1024x1024.jpg 1024w, https:\/\/luckyjet-games.com\/wp-content\/uploads\/2023\/04\/LUCKY4444-300x300.jpg 300w, https:\/\/luckyjet-games.com\/wp-content\/uploads\/2023\/04\/LUCKY4444-150x150.jpg 150w, https:\/\/luckyjet-games.com\/wp-content\/uploads\/2023\/04\/LUCKY4444-768x768.jpg 768w, https:\/\/luckyjet-games.com\/wp-content\/uploads\/2023\/04\/LUCKY4444-1536x1536.jpg 1536w, https:\/\/luckyjet-games.com\/wp-content\/uploads\/2023\/04\/LUCKY4444-12x12.jpg 12w, https:\/\/luckyjet-games.com\/wp-content\/uploads\/2023\/04\/LUCKY4444-40x40.jpg 40w, https:\/\/luckyjet-games.com\/wp-content\/uploads\/2023\/04\/LUCKY4444-50x50.jpg 50w, https:\/\/luckyjet-games.com\/wp-content\/uploads\/2023\/04\/LUCKY4444-100x100.jpg 100w, https:\/\/luckyjet-games.com\/wp-content\/uploads\/2023\/04\/LUCKY4444-120x120.jpg 120w, https:\/\/luckyjet-games.com\/wp-content\/uploads\/2023\/04\/LUCKY4444-135x135.jpg 135w, https:\/\/luckyjet-games.com\/wp-content\/uploads\/2023\/04\/LUCKY4444-270x270.jpg 270w, https:\/\/luckyjet-games.com\/wp-content\/uploads\/2023\/04\/LUCKY4444-450x450.jpg 450w, https:\/\/luckyjet-games.com\/wp-content\/uploads\/2023\/04\/LUCKY4444-479x479.jpg 479w, https:\/\/luckyjet-games.com\/wp-content\/uploads\/2023\/04\/LUCKY4444-570x570.jpg 570w, https:\/\/luckyjet-games.com\/wp-content\/uploads\/2023\/04\/LUCKY4444-767x767.jpg 767w, https:\/\/luckyjet-games.com\/wp-content\/uploads\/2023\/04\/LUCKY4444-32x32.jpg 32w, https:\/\/luckyjet-games.com\/wp-content\/uploads\/2023\/04\/LUCKY4444-80x80.jpg 80w, https:\/\/luckyjet-games.com\/wp-content\/uploads\/2023\/04\/LUCKY4444.jpg 1600w\" sizes=\"(max-width: 1024px) 100vw, 1024px\" \/><\/a><figcaption class=\"wp-element-caption\">LUCKY4444<\/figcaption><\/figure>\n<\/div>\n\n\n<p>Obtenir le code promo Lucky Jet est facilement r\u00e9alisable en effectuant une recherche sur le site officiel. Les r\u00e9seaux sociaux d\u00e9di\u00e9s \u00e0 ce jeu ou les sites ayant un partenariat avec le d\u00e9veloppeur 1win sont \u00e9galement des sources potentielles. Cependant, il est important de d\u00e9terminer si ces codes ont expir\u00e9 et ont \u00e9t\u00e9 remplac\u00e9s par des versions plus r\u00e9centes avant de les utiliser.<\/p>\n\n\n\n<p>Pour s'assurer que les joueurs profitent au maximum de Lucky Jet, nous fournissons continuellement des mises \u00e0 jour de bonus via des codes accessibles sur notre site officiel, des articles de blog et d'autres plateformes de m\u00e9dias sociaux. En les activant, une d\u00e9licieuse surprise appara\u00eetra sans aucun doute sur le solde de votre compte !<\/p>\n\n\n\n<div id=\"ez-toc-container\" class=\"ez-toc-v2_0_75 counter-hierarchy ez-toc-counter ez-toc-grey ez-toc-container-direction\">\n<div class=\"ez-toc-title-container\">\n<p class=\"ez-toc-title\" style=\"cursor:inherit\">Table des mati\u00e8res<\/p>\n<span class=\"ez-toc-title-toggle\"><a href=\"#\" class=\"ez-toc-pull-right ez-toc-btn ez-toc-btn-xs ez-toc-btn-default ez-toc-toggle\" aria-label=\"Toggle Table des mati\u00e8res\"><span class=\"ez-toc-js-icon-con\"><span class=\"\"><span class=\"eztoc-hide\" style=\"display:none;\">Toggle<\/span><span class=\"ez-toc-icon-toggle-span\"><svg style=\"fill: #999;color:#999\" xmlns=\"http:\/\/www.w3.org\/2000\/svg\" class=\"list-377408\" width=\"20px\" height=\"20px\" viewbox=\"0 0 24 24\" fill=\"none\"><path d=\"M6 6H4v2h2V6zm14 0H8v2h12V6zM4 11h2v2H4v-2zm16 0H8v2h12v-2zM4 16h2v2H4v-2zm16 0H8v2h12v-2z\" fill=\"currentColor\"><\/path><\/svg><svg style=\"fill: #999;color:#999\" class=\"arrow-unsorted-368013\" xmlns=\"http:\/\/www.w3.org\/2000\/svg\" width=\"10px\" height=\"10px\" viewbox=\"0 0 24 24\" version=\"1.2\" baseprofile=\"tiny\"><path d=\"M18.2 9.3l-6.2-6.3-6.2 6.3c-.2.2-.3.4-.3.7s.1.5.3.7c.2.2.4.3.7.3h11c.3 0 .5-.1.7-.3.2-.2.3-.5.3-.7s-.1-.5-.3-.7zM5.8 14.7l6.2 6.3 6.2-6.3c.2-.2.3-.5.3-.7s-.1-.5-.3-.7c-.2-.2-.4-.3-.7-.3h-11c-.3 0-.5.1-.7.3-.2.2-.3.5-.3.7s.1.5.3.7z\"\/><\/svg><\/span><\/span><\/span><\/a><\/span><\/div>\n<nav><ul class='ez-toc-list ez-toc-list-level-1 eztoc-toggle-hide-by-default' ><li class='ez-toc-page-1 ez-toc-heading-level-2'><a class=\"ez-toc-link ez-toc-heading-1\" href=\"https:\/\/luckyjet-games.com\/fr\/lucky-jet-promo-code\/#How_to_Activate_a_Promocode\" >Comment activer un code promotionnel ?<\/a><\/li><li class='ez-toc-page-1 ez-toc-heading-level-2'><a class=\"ez-toc-link ez-toc-heading-2\" href=\"https:\/\/luckyjet-games.com\/fr\/lucky-jet-promo-code\/#Bonus_Lucky_Jet_Game\" >Jeu Bonus Lucky Jet<\/a><ul class='ez-toc-list-level-3' ><li class='ez-toc-heading-level-3'><a class=\"ez-toc-link ez-toc-heading-3\" href=\"https:\/\/luckyjet-games.com\/fr\/lucky-jet-promo-code\/#Lucky_Jet_Cashback\" >Lucky Jet Cashback<\/a><\/li><\/ul><\/li><li class='ez-toc-page-1 ez-toc-heading-level-2'><a class=\"ez-toc-link ez-toc-heading-4\" href=\"https:\/\/luckyjet-games.com\/fr\/lucky-jet-promo-code\/#How_to_Enter_a_Promo_Code_in_1win_LuckyJet\" >Comment entrer un code promotionnel dans 1win LuckyJet<\/a><\/li><li class='ez-toc-page-1 ez-toc-heading-level-2'><a class=\"ez-toc-link ez-toc-heading-5\" href=\"https:\/\/luckyjet-games.com\/fr\/lucky-jet-promo-code\/#What_Does_the_Promo_Code_Give_in_Lucky_Jet_1win\" >Que donne le code promo de Lucky Jet 1win ?<\/a><\/li><\/ul><\/nav><\/div>\n<h2 class=\"wp-block-heading\"><span class=\"ez-toc-section\" id=\"How_to_Activate_a_Promocode\"><\/span>Comment activer un code promotionnel ?<span class=\"ez-toc-section-end\"><\/span><\/h2>\n\n\n\n<p>Activer un code promo Lucky Jet \"<strong>LUCKY4444<\/strong>\"est une proc\u00e9dure assez simple. Il vous suffit d'entrer le code promo dans les param\u00e8tres de votre compte et de l'appliquer. Une fois que c'est fait, vous pourrez profiter d'un \u00e9ventail d'avantages comme des tours gratuits, des bonus exclusifs ou m\u00eame des pi\u00e8ces suppl\u00e9mentaires ! Connectez-vous r\u00e9guli\u00e8rement pour obtenir plus de r\u00e9compenses !<\/p>\n\n\n\n<p>En d\u00e9finitive, Lucky Jet est un jeu incroyablement divertissant qui vous tiendra en haleine. Assurez-vous de profiter pleinement de tous les codes promotionnels disponibles pour un maximum de plaisir et de r\u00e9compenses !<\/p>\n\n\n\n<div style=\"text-align: center;\"><a class=\"glow-button-new\" href=\"#go\" data-go=\"go\">Commencer \u00e0 jouer Lucky Jet<\/a><\/div>\n\n\n\n<h2 class=\"wp-block-heading\"><span class=\"ez-toc-section\" id=\"Bonus_Lucky_Jet_Game\"><\/span>Jeu Bonus Lucky Jet<span class=\"ez-toc-section-end\"><\/span><\/h2>\n\n\n\n<p>Pour aider les nouveaux joueurs \u00e0 vivre une premi\u00e8re exp\u00e9rience positive, le bonus de bienvenue est un signe de bonne volont\u00e9 de la part des d\u00e9veloppeurs. Cela sert \u00e0 motiver les utilisateurs \u00e0 s'inscrire sur la plateforme et \u00e0 rester engag\u00e9s plus longtemps. Lucky Jet souhaite \u00e9galement que ses joueurs restent engag\u00e9s dans le processus de jeu complet et en comprennent tous les m\u00e9canismes, c'est pourquoi ils les encouragent \u00e0 continuer \u00e0 jouer m\u00eame apr\u00e8s avoir \u00e9puis\u00e9 leur bonus de bienvenue.<\/p>\n\n\n\n<p>Les codes promotionnels de Lucky Jet sont partout ! Vous pouvez les d\u00e9couvrir sur les blogs, les forums de la communaut\u00e9, les articles de presse et bien d'autres choses encore. Alors assurez-vous de garder un \u0153il sur les derniers codes promotionnels et commencez \u00e0 encaisser tout le plaisir et les r\u00e9compenses que ce jeu a \u00e0 offrir !<\/p>\n\n\n\n<p>Profitez de votre temps sur Lucky Jet et ayez une grande exp\u00e9rience en jouant avec nous. Plus vous jouerez, plus vous gagnerez de prix !<\/p>\n\n\n<div class=\"wp-block-image\">\n<figure class=\"aligncenter\"><a href=\"#go\" data-go=\"go\"><img decoding=\"async\" width=\"631\" height=\"305\" src=\"https:\/\/luckyjet-games.com\/wp-content\/uploads\/2022\/12\/Lucky-Jet-1win.jpg\" alt=\"Lucky Jet 1win\" class=\"wp-image-255\" srcset=\"https:\/\/luckyjet-games.com\/wp-content\/uploads\/2022\/12\/Lucky-Jet-1win.jpg 631w, https:\/\/luckyjet-games.com\/wp-content\/uploads\/2022\/12\/Lucky-Jet-1win-300x145.jpg 300w, https:\/\/luckyjet-games.com\/wp-content\/uploads\/2022\/12\/Lucky-Jet-1win-18x9.jpg 18w, https:\/\/luckyjet-games.com\/wp-content\/uploads\/2022\/12\/Lucky-Jet-1win-83x40.jpg 83w, https:\/\/luckyjet-games.com\/wp-content\/uploads\/2022\/12\/Lucky-Jet-1win-66x32.jpg 66w, https:\/\/luckyjet-games.com\/wp-content\/uploads\/2022\/12\/Lucky-Jet-1win-166x80.jpg 166w, https:\/\/luckyjet-games.com\/wp-content\/uploads\/2022\/12\/Lucky-Jet-1win-279x135.jpg 279w\" sizes=\"(max-width: 631px) 100vw, 631px\" \/><\/a><figcaption class=\"wp-element-caption\">Lucky Jet 1win<\/figcaption><\/figure>\n<\/div>\n\n\n<div style=\"text-align: center;\"><a class=\"glow-button-new\" href=\"#go\" data-go=\"go\">Obtenir le bonus de bienvenue Lucky Jet<\/a><\/div>\n\n\n\n<h3 class=\"wp-block-heading\"><span class=\"ez-toc-section\" id=\"Lucky_Jet_Cashback\"><\/span>Lucky Jet Cashback<span class=\"ez-toc-section-end\"><\/span><\/h3>\n\n\n\n<p>Une autre fa\u00e7on de tirer profit des activit\u00e9s de loisirs telles que les jeux est d'utiliser le programme de promotion administr\u00e9 par la direction.<\/p>\n\n\n\n<p>Les joueurs peuvent regagner la part d'argent qu'ils ont investie dans le jeu, en fonction de leurs performances dans le jeu.<\/p>\n\n\n\n<p>Lucky Jet offre des retours hebdomadaires g\u00e9n\u00e9reux sur tous les montants d\u00e9pens\u00e9s, permettant aux utilisateurs de r\u00e9clamer leurs r\u00e9compenses \u00e0 la fin de chaque p\u00e9riode directement sur leur compte de d\u00e9p\u00f4t. Participez \u00e0 Lucky Jet et r\u00e9coltez les b\u00e9n\u00e9fices !<\/p>\n\n\n\n<p>Contrairement aux bonus de code promo, ce cashback ne peut \u00eatre retir\u00e9, mais il peut \u00eatre r\u00e9investi dans des mises ou des tours de machine \u00e0 sous pour vous aider \u00e0 remporter une autre victoire.<\/p>\n\n\n\n<h2 class=\"wp-block-heading\"><span class=\"ez-toc-section\" id=\"How_to_Enter_a_Promo_Code_in_1win_LuckyJet\"><\/span>Comment entrer un code promotionnel dans 1win LuckyJet<span class=\"ez-toc-section-end\"><\/span><\/h2>\n\n\n\n<p>Certains utilisateurs peuvent avoir des difficult\u00e9s \u00e0 appliquer leur code promotionnel en raison d'une \u00e9tape saut\u00e9e lors de l'inscription.<\/p>\n\n\n\n<p>Par la suite, si l'activation ne fonctionne pas correctement, il est essentiel pour les nouveaux joueurs d'\u00eatre tr\u00e8s attentifs et de s'assurer qu'elle fonctionne correctement.<\/p>\n\n\n\n<p>Pour utiliser correctement votre code promotionnel, suivez les \u00e9tapes suivantes :<\/p>\n\n\n\n<ol class=\"wp-block-list\">\n<li>Lancez la page d'accueil du site officiel du casino.<\/li>\n\n\n\n<li>Pour acc\u00e9der \u00e0 l'enregistrement ou \u00e0 la connexion, cliquez sur le bouton correspondant.<\/li>\n\n\n\n<li>Remplissez les champs pertinents et assurez-vous d'ins\u00e9rer le code de coupon fourni \"<strong>LUCKY4444<\/strong>&#8220;.<\/li>\n\n\n\n<li>Pour v\u00e9rifier les donn\u00e9es qui ont \u00e9t\u00e9 fournies, suivez le lien envoy\u00e9 \u00e0 votre adresse \u00e9lectronique.<\/li>\n<\/ol>\n\n\n<div class=\"wp-block-image\">\n<figure class=\"aligncenter\"><a href=\"#go\" data-go=\"go\"><img decoding=\"async\" width=\"958\" height=\"424\" src=\"https:\/\/luckyjet-games.com\/wp-content\/uploads\/2022\/12\/Lucky-Jet-Promo-Code.jpg\" alt=\"Code promo Lucky Jet\" class=\"wp-image-254\" srcset=\"https:\/\/luckyjet-games.com\/wp-content\/uploads\/2022\/12\/Lucky-Jet-Promo-Code.jpg 958w, https:\/\/luckyjet-games.com\/wp-content\/uploads\/2022\/12\/Lucky-Jet-Promo-Code-300x133.jpg 300w, https:\/\/luckyjet-games.com\/wp-content\/uploads\/2022\/12\/Lucky-Jet-Promo-Code-768x340.jpg 768w, https:\/\/luckyjet-games.com\/wp-content\/uploads\/2022\/12\/Lucky-Jet-Promo-Code-18x8.jpg 18w, https:\/\/luckyjet-games.com\/wp-content\/uploads\/2022\/12\/Lucky-Jet-Promo-Code-90x40.jpg 90w, https:\/\/luckyjet-games.com\/wp-content\/uploads\/2022\/12\/Lucky-Jet-Promo-Code-72x32.jpg 72w, https:\/\/luckyjet-games.com\/wp-content\/uploads\/2022\/12\/Lucky-Jet-Promo-Code-181x80.jpg 181w, https:\/\/luckyjet-games.com\/wp-content\/uploads\/2022\/12\/Lucky-Jet-Promo-Code-305x135.jpg 305w\" sizes=\"(max-width: 958px) 100vw, 958px\" \/><\/a><figcaption class=\"wp-element-caption\">Code promo Lucky Jet<\/figcaption><\/figure>\n<\/div>\n\n\n<div style=\"text-align: center;\"><a class=\"glow-button-new\" href=\"#go\" data-go=\"go\">Promocode Lucky Jet \ud83c\udf81<\/a><\/div>\n\n\n\n<h2 class=\"wp-block-heading\"><span class=\"ez-toc-section\" id=\"What_Does_the_Promo_Code_Give_in_Lucky_Jet_1win\"><\/span>Que donne le code promo de Lucky Jet 1win ?<span class=\"ez-toc-section-end\"><\/span><\/h2>\n\n\n\n<p>En appliquant le code \u00e0 leur compte, les novices ont cinq fois plus de chances de savoir o\u00f9 utiliser les fonds, ce qui leur donne l'espace n\u00e9cessaire pour s'am\u00e9liorer et affiner leurs comp\u00e9tences dans un environnement r\u00e9aliste. Cela leur permet non seulement d'\u00e9largir leurs perspectives de d\u00e9veloppement, mais aussi de s'assurer une base solide dans le jeu comp\u00e9titif.<\/p>\n\n\n\n<p>Lucky Jet offre une gamme de bonus, y compris des d\u00e9p\u00f4ts multipli\u00e9s qui ne peuvent \u00eatre utilis\u00e9s que dans certains jeux et machines \u00e0 sous. Les joueurs doivent miser au moins 1,5 fois le montant du d\u00e9p\u00f4t initial pour profiter de ces r\u00e9compenses ; cependant, tous les gains obtenus en jouant avec ces bonus peuvent ensuite \u00eatre envoy\u00e9s directement sur votre compte bancaire ou votre portefeuille num\u00e9rique sans restriction.<\/p>\n\n\n\n<p>Une fois le code activ\u00e9 avec succ\u00e8s, vous pourrez voir quand il expire et commencer \u00e0 planifier comment tirer le meilleur parti de votre d\u00e9p\u00f4t avant cette date. Pour maximiser vos paris sur les machines \u00e0 sous, prenez le temps d'examiner attentivement quand - et \u00e0 quelle fr\u00e9quence - vous devez utiliser ces fonds.<\/p>\n<div class=\"author-card author-card--top\"><img alt='Photo de l&#039;avatar' src='https:\/\/luckyjet-games.com\/wp-content\/uploads\/2023\/03\/Chris-Hodge-130x130.jpg' srcset='https:\/\/luckyjet-games.com\/wp-content\/uploads\/2023\/03\/Chris-Hodge-260x260.jpg 2x' class='avatar avatar-130 photo author-image' height='130' width='130' \/><div class=\"author-content text-md-center\"><span class=\"author-title\">Auteur<\/span><a href=\"https:\/\/luckyjet-games.com\/fr\/author\/chris-hodge\/\" class=\"author-name\">Chris Hodge<\/a><p class=\"author__details\">Chris Hodge est un expert en jeux de hasard. Il joue et \u00e9tudie les jeux de casino depuis plus de 10 ans. Au cours de cette p\u00e9riode, il a acquis une connaissance approfondie des strat\u00e9gies et des m\u00e9canismes de tous les jeux de casino.<br \/>\r\n<br \/>\r\nLes connaissances et l'expertise de Chris lui ont permis de devenir un collaborateur r\u00e9gulier de plusieurs publications de premier plan sur les jeux d'argent. Les casinos font \u00e9galement souvent appel \u00e0 lui pour obtenir des conseils d'expert sur les nouveaux jeux et les nouvelles promotions.<\/p><\/div><!-- \/.author-content --><\/div>","protected":false},"excerpt":{"rendered":"<p>Obtenez un bonus de Lucky Jet \ud83c\udf81 Saisissez votre chance de d\u00e9marrer le jeu avec des codes de lancement, mais sachez qu'ils ne sont valables que pour une courte p\u00e9riode de temps apr\u00e8s la cr\u00e9ation de votre compte. D\u00e8s que vous vous connectez, un chronom\u00e8tre commence \u00e0 d\u00e9compter le temps restant sur cette offre unique ! Pour prendre [...]<\/p>","protected":false},"author":2,"featured_media":0,"parent":0,"menu_order":0,"comment_status":"closed","ping_status":"closed","template":"page-no-sidebar.php","meta":{"_acf_changed":false,"footnotes":""},"class_list":["post-250","page","type-page","status-publish","hentry"],"acf":[],"yoast_head":"<!-- This site is optimized with the Yoast SEO plugin v26.7 - https:\/\/yoast.com\/wordpress\/plugins\/seo\/ -->\n<title>Lucky Jet promo code 1win | How to use the promocode Lucky Jet Game<\/title>\n<meta name=\"description\" content=\"Lucky Jet Promo Code and Bonus at 1Win Casino. How to Activate and Where to Find Bonus Code Lucky Jet Game? Luckyjet Bonus Voucher - Get your Reward.\" \/>\n<meta name=\"robots\" content=\"index, follow, max-snippet:-1, max-image-preview:large, max-video-preview:-1\" \/>\n<link rel=\"canonical\" href=\"https:\/\/luckyjet-games.com\/fr\/lucky-jet-promo-code\/\" \/>\n<meta property=\"og:locale\" content=\"fr_FR\" \/>\n<meta property=\"og:type\" content=\"article\" \/>\n<meta property=\"og:title\" content=\"Lucky Jet promo code 1win | How to use the promocode Lucky Jet Game\" \/>\n<meta property=\"og:description\" content=\"Lucky Jet Promo Code and Bonus at 1Win Casino. How to Activate and Where to Find Bonus Code Lucky Jet Game? Luckyjet Bonus Voucher - Get your Reward.\" \/>\n<meta property=\"og:url\" content=\"https:\/\/luckyjet-games.com\/fr\/lucky-jet-promo-code\/\" \/>\n<meta property=\"og:site_name\" content=\"Lucky Jet Games\" \/>\n<meta property=\"article:modified_time\" content=\"2024-03-13T19:00:42+00:00\" \/>\n<meta property=\"og:image\" content=\"https:\/\/luckyjet-games.com\/wp-content\/uploads\/2023\/04\/LUCKY4444-1024x1024.jpg\" \/>\n<meta name=\"twitter:card\" content=\"summary_large_image\" \/>\n<meta name=\"twitter:label1\" content=\"Dur\u00e9e de lecture estim\u00e9e\" \/>\n\t<meta name=\"twitter:data1\" content=\"5 minutes\" \/>\n<!-- \/ Yoast SEO plugin. -->","yoast_head_json":{"title":"Lucky Jet code promo 1win | Comment utiliser le code promo Lucky Jet","description":"Code promo Lucky Jet et bonus au casino 1Win - LUCKY4444. Comment activer et o\u00f9 trouver le code bonus? Luckyjet Bonus Voucher - Obtenez votre r\u00e9compense.","robots":{"index":"index","follow":"follow","max-snippet":"max-snippet:-1","max-image-preview":"max-image-preview:large","max-video-preview":"max-video-preview:-1"},"canonical":"https:\/\/luckyjet-games.com\/fr\/lucky-jet-promo-code\/","og_locale":"fr_FR","og_type":"article","og_title":"Lucky Jet promo code 1win | How to use the promocode Lucky Jet Game","og_description":"Lucky Jet Promo Code and Bonus at 1Win Casino. How to Activate and Where to Find Bonus Code Lucky Jet Game? Luckyjet Bonus Voucher - Get your Reward.","og_url":"https:\/\/luckyjet-games.com\/fr\/lucky-jet-promo-code\/","og_site_name":"Lucky Jet Games","article_modified_time":"2024-03-13T19:00:42+00:00","og_image":[{"url":"https:\/\/luckyjet-games.com\/wp-content\/uploads\/2023\/04\/LUCKY4444-1024x1024.jpg","type":"","width":"","height":""}],"twitter_card":"summary_large_image","twitter_misc":{"Dur\u00e9e de lecture estim\u00e9e":"5 minutes"},"schema":{"@context":"https:\/\/schema.org","@graph":[{"@type":"WebPage","@id":"https:\/\/luckyjet-games.com\/lucky-jet-promo-code\/","url":"https:\/\/luckyjet-games.com\/lucky-jet-promo-code\/","name":"Lucky Jet code promo 1win | Comment utiliser le code promo Lucky Jet","isPartOf":{"@id":"https:\/\/luckyjet-games.com\/de\/#website"},"primaryImageOfPage":{"@id":"https:\/\/luckyjet-games.com\/lucky-jet-promo-code\/#primaryimage"},"image":{"@id":"https:\/\/luckyjet-games.com\/lucky-jet-promo-code\/#primaryimage"},"thumbnailUrl":"https:\/\/luckyjet-games.com\/wp-content\/uploads\/2023\/04\/LUCKY4444-1024x1024.jpg","datePublished":"2022-12-20T11:11:31+00:00","dateModified":"2024-03-13T19:00:42+00:00","description":"Code promo Lucky Jet et bonus au casino 1Win - LUCKY4444. Comment activer et o\u00f9 trouver le code bonus? Luckyjet Bonus Voucher - Obtenez votre r\u00e9compense.","breadcrumb":{"@id":"https:\/\/luckyjet-games.com\/lucky-jet-promo-code\/#breadcrumb"},"inLanguage":"fr-FR","potentialAction":[{"@type":"ReadAction","target":["https:\/\/luckyjet-games.com\/lucky-jet-promo-code\/"]}]},{"@type":"ImageObject","inLanguage":"fr-FR","@id":"https:\/\/luckyjet-games.com\/lucky-jet-promo-code\/#primaryimage","url":"https:\/\/luckyjet-games.com\/wp-content\/uploads\/2023\/04\/LUCKY4444-1024x1024.jpg","contentUrl":"https:\/\/luckyjet-games.com\/wp-content\/uploads\/2023\/04\/LUCKY4444-1024x1024.jpg"},{"@type":"BreadcrumbList","@id":"https:\/\/luckyjet-games.com\/lucky-jet-promo-code\/#breadcrumb","itemListElement":[{"@type":"ListItem","position":1,"name":"Home","item":"https:\/\/luckyjet-games.com\/"},{"@type":"ListItem","position":2,"name":"Lucky Jet Promo Code and Bonus"}]},{"@type":"WebSite","@id":"https:\/\/luckyjet-games.com\/de\/#website","url":"https:\/\/luckyjet-games.com\/de\/","name":"Lucky Jet Jeux","description":"","publisher":{"@id":"https:\/\/luckyjet-games.com\/de\/#organization"},"potentialAction":[{"@type":"SearchAction","target":{"@type":"EntryPoint","urlTemplate":"https:\/\/luckyjet-games.com\/de\/?s={search_term_string}"},"query-input":{"@type":"PropertyValueSpecification","valueRequired":true,"valueName":"search_term_string"}}],"inLanguage":"fr-FR"},{"@type":"Organization","@id":"https:\/\/luckyjet-games.com\/de\/#organization","name":"Lucky Jet Jeux","url":"https:\/\/luckyjet-games.com\/de\/","logo":{"@type":"ImageObject","inLanguage":"fr-FR","@id":"https:\/\/luckyjet-games.com\/de\/#\/schema\/logo\/image\/","url":"https:\/\/luckyjet-games.com\/wp-content\/uploads\/2022\/10\/Lucky-Jet-Game.png","contentUrl":"https:\/\/luckyjet-games.com\/wp-content\/uploads\/2022\/10\/Lucky-Jet-Game.png","width":711,"height":599,"caption":"Lucky Jet Games"},"image":{"@id":"https:\/\/luckyjet-games.com\/de\/#\/schema\/logo\/image\/"}}]}},"_links":{"self":[{"href":"https:\/\/luckyjet-games.com\/fr\/wp-json\/wp\/v2\/pages\/250","targetHints":{"allow":["GET"]}}],"collection":[{"href":"https:\/\/luckyjet-games.com\/fr\/wp-json\/wp\/v2\/pages"}],"about":[{"href":"https:\/\/luckyjet-games.com\/fr\/wp-json\/wp\/v2\/types\/page"}],"author":[{"embeddable":true,"href":"https:\/\/luckyjet-games.com\/fr\/wp-json\/wp\/v2\/users\/2"}],"replies":[{"embeddable":true,"href":"https:\/\/luckyjet-games.com\/fr\/wp-json\/wp\/v2\/comments?post=250"}],"version-history":[{"count":0,"href":"https:\/\/luckyjet-games.com\/fr\/wp-json\/wp\/v2\/pages\/250\/revisions"}],"wp:attachment":[{"href":"https:\/\/luckyjet-games.com\/fr\/wp-json\/wp\/v2\/media?parent=250"}],"curies":[{"name":"wp","href":"https:\/\/api.w.org\/{rel}","templated":true}]}}