{"id":77,"date":"2022-10-11T10:15:50","date_gmt":"2022-10-11T10:15:50","guid":{"rendered":"https:\/\/luckyjet-games.com\/?page_id=77"},"modified":"2024-03-13T18:55:21","modified_gmt":"2024-03-13T18:55:21","slug":"lucky-jet-demo-version-free-play","status":"publish","type":"page","link":"https:\/\/luckyjet-games.com\/fi\/lucky-jet-demo\/","title":{"rendered":"Lucky Jet Demoversio - ilmainen peli"},"content":{"rendered":"<div style=\"text-align: center;\"><a class=\"glow-button-new\" href=\"#go\" data-go=\"go\">Pelaa Lucky Jet Demo tai oikealla rahalla<\/a><\/div>\n\n\n<div class=\"wp-block-image\">\n<figure class=\"aligncenter\"><a href=\"#go\" data-go=\"go\"><img decoding=\"async\" width=\"589\" height=\"441\" src=\"https:\/\/luckyjet-games.com\/wp-content\/uploads\/2022\/10\/Lucky-Jet-Demo-Game.jpg\" alt=\"Lucky Jet Demo peli\" class=\"wp-image-82\" srcset=\"https:\/\/luckyjet-games.com\/wp-content\/uploads\/2022\/10\/Lucky-Jet-Demo-Game.jpg 589w, https:\/\/luckyjet-games.com\/wp-content\/uploads\/2022\/10\/Lucky-Jet-Demo-Game-300x225.jpg 300w, https:\/\/luckyjet-games.com\/wp-content\/uploads\/2022\/10\/Lucky-Jet-Demo-Game-53x40.jpg 53w, https:\/\/luckyjet-games.com\/wp-content\/uploads\/2022\/10\/Lucky-Jet-Demo-Game-450x338.jpg 450w, https:\/\/luckyjet-games.com\/wp-content\/uploads\/2022\/10\/Lucky-Jet-Demo-Game-43x32.jpg 43w, https:\/\/luckyjet-games.com\/wp-content\/uploads\/2022\/10\/Lucky-Jet-Demo-Game-107x80.jpg 107w, https:\/\/luckyjet-games.com\/wp-content\/uploads\/2022\/10\/Lucky-Jet-Demo-Game-180x135.jpg 180w\" sizes=\"(max-width: 589px) 100vw, 589px\" \/><\/a><figcaption class=\"wp-element-caption\">Lucky Jet Demo peli<\/figcaption><\/figure>\n<\/div>\n\n\n<p>T\u00e4t\u00e4 peli\u00e4 voi pelata ilmaiseksi, ja siihen on ladattu valmiiksi 2000 kolikkoa. Hauskuus ei n\u00e4yt\u00e4 loppuvan koskaan, koska palautusprosentti on korkea.<\/p>\n\n\n\n<div id=\"ez-toc-container\" class=\"ez-toc-v2_0_75 counter-hierarchy ez-toc-counter ez-toc-grey ez-toc-container-direction\">\n<div class=\"ez-toc-title-container\">\n<p class=\"ez-toc-title\" style=\"cursor:inherit\">Sis\u00e4llysluettelo<\/p>\n<span class=\"ez-toc-title-toggle\"><a href=\"#\" class=\"ez-toc-pull-right ez-toc-btn ez-toc-btn-xs ez-toc-btn-default ez-toc-toggle\" aria-label=\"Sis\u00e4llysluettelon vaihtaminen\"><span class=\"ez-toc-js-icon-con\"><span class=\"\"><span class=\"eztoc-hide\" style=\"display:none;\">Toggle<\/span><span class=\"ez-toc-icon-toggle-span\"><svg style=\"fill: #999;color:#999\" xmlns=\"http:\/\/www.w3.org\/2000\/svg\" class=\"list-377408\" width=\"20px\" height=\"20px\" viewbox=\"0 0 24 24\" fill=\"none\"><path d=\"M6 6H4v2h2V6zm14 0H8v2h12V6zM4 11h2v2H4v-2zm16 0H8v2h12v-2zM4 16h2v2H4v-2zm16 0H8v2h12v-2z\" fill=\"currentColor\"><\/path><\/svg><svg style=\"fill: #999;color:#999\" class=\"arrow-unsorted-368013\" xmlns=\"http:\/\/www.w3.org\/2000\/svg\" width=\"10px\" height=\"10px\" viewbox=\"0 0 24 24\" version=\"1.2\" baseprofile=\"tiny\"><path d=\"M18.2 9.3l-6.2-6.3-6.2 6.3c-.2.2-.3.4-.3.7s.1.5.3.7c.2.2.4.3.7.3h11c.3 0 .5-.1.7-.3.2-.2.3-.5.3-.7s-.1-.5-.3-.7zM5.8 14.7l6.2 6.3 6.2-6.3c.2-.2.3-.5.3-.7s-.1-.5-.3-.7c-.2-.2-.4-.3-.7-.3h-11c-.3 0-.5.1-.7.3-.2.2-.3.5-.3.7s.1.5.3.7z\"\/><\/svg><\/span><\/span><\/span><\/a><\/span><\/div>\n<nav><ul class='ez-toc-list ez-toc-list-level-1 eztoc-toggle-hide-by-default' ><li class='ez-toc-page-1 ez-toc-heading-level-2'><a class=\"ez-toc-link ez-toc-heading-1\" href=\"https:\/\/luckyjet-games.com\/fi\/lucky-jet-demo\/#How_to_Play_Lucky_Jet_Game_for_Free\" >Kuinka pelata Lucky Jet peli\u00e4 ilmaiseksi?<\/a><\/li><li class='ez-toc-page-1 ez-toc-heading-level-2'><a class=\"ez-toc-link ez-toc-heading-2\" href=\"https:\/\/luckyjet-games.com\/fi\/lucky-jet-demo\/#Where_I_can_find_Lucky_Jet_Game\" >Mist\u00e4 l\u00f6yd\u00e4n Lucky Jet-pelin?<\/a><\/li><li class='ez-toc-page-1 ez-toc-heading-level-2'><a class=\"ez-toc-link ez-toc-heading-3\" href=\"https:\/\/luckyjet-games.com\/fi\/lucky-jet-demo\/#Best_Casinos_Where_to_Play_Lucky_Jet_Demo\" >Parhaat kasinot, joissa pelata Lucky Jet Demo<\/a><ul class='ez-toc-list-level-3' ><li class='ez-toc-heading-level-3'><a class=\"ez-toc-link ez-toc-heading-4\" href=\"https:\/\/luckyjet-games.com\/fi\/lucky-jet-demo\/#1Win_Casino\" >1Win Casino<\/a><\/li><li class='ez-toc-page-1 ez-toc-heading-level-3'><a class=\"ez-toc-link ez-toc-heading-5\" href=\"https:\/\/luckyjet-games.com\/fi\/lucky-jet-demo\/#Cbet_Casino\" >Cbet Casino<\/a><\/li><li class='ez-toc-page-1 ez-toc-heading-level-3'><a class=\"ez-toc-link ez-toc-heading-6\" href=\"https:\/\/luckyjet-games.com\/fi\/lucky-jet-demo\/#Betano_Casino\" >Betano Casino<\/a><\/li><li class='ez-toc-page-1 ez-toc-heading-level-3'><a class=\"ez-toc-link ez-toc-heading-7\" href=\"https:\/\/luckyjet-games.com\/fi\/lucky-jet-demo\/#Pin_Up_Casino\" >Pin Up Casino<\/a><\/li><li class='ez-toc-page-1 ez-toc-heading-level-3'><a class=\"ez-toc-link ez-toc-heading-8\" href=\"https:\/\/luckyjet-games.com\/fi\/lucky-jet-demo\/#LeoVegas\" >LeoVegas<\/a><\/li><\/ul><\/li><li class='ez-toc-page-1 ez-toc-heading-level-2'><a class=\"ez-toc-link ez-toc-heading-9\" href=\"https:\/\/luckyjet-games.com\/fi\/lucky-jet-demo\/#Advantages_of_Playing_Lucky_Jet_for_Free\" >Lucky Jet:n pelaamisen edut ilmaiseksi<\/a><\/li><li class='ez-toc-page-1 ez-toc-heading-level-2'><a class=\"ez-toc-link ez-toc-heading-10\" href=\"https:\/\/luckyjet-games.com\/fi\/lucky-jet-demo\/#Conclusion\" >P\u00e4\u00e4telm\u00e4<\/a><\/li><li class='ez-toc-page-1 ez-toc-heading-level-2'><a class=\"ez-toc-link ez-toc-heading-11\" href=\"https:\/\/luckyjet-games.com\/fi\/lucky-jet-demo\/#FAQ\" >FAQ<\/a><ul class='ez-toc-list-level-3' ><li class='ez-toc-heading-level-3'><a class=\"ez-toc-link ez-toc-heading-12\" href=\"https:\/\/luckyjet-games.com\/fi\/lucky-jet-demo\/#What_is_Lucky_Jet\" >Mik\u00e4 on Lucky Jet?<\/a><\/li><li class='ez-toc-page-1 ez-toc-heading-level-3'><a class=\"ez-toc-link ez-toc-heading-13\" href=\"https:\/\/luckyjet-games.com\/fi\/lucky-jet-demo\/#How_do_I_play_Lucky_Jet\" >Miten pelaan Lucky Jet:t\u00e4?<\/a><\/li><li class='ez-toc-page-1 ez-toc-heading-level-3'><a class=\"ez-toc-link ez-toc-heading-14\" href=\"https:\/\/luckyjet-games.com\/fi\/lucky-jet-demo\/#Can_I_play_Lucky_Jet_for_free\" >Voinko pelata Lucky Jet:t\u00e4 ilmaiseksi?<\/a><\/li><li class='ez-toc-page-1 ez-toc-heading-level-3'><a class=\"ez-toc-link ez-toc-heading-15\" href=\"https:\/\/luckyjet-games.com\/fi\/lucky-jet-demo\/#Can_I_win_real_money_playing_Lucky_Jet\" >Voinko voittaa oikeaa rahaa pelaamalla Lucky Jet:t\u00e4?<\/a><\/li><\/ul><\/li><\/ul><\/nav><\/div>\n<h2 class=\"wp-block-heading\"><span class=\"ez-toc-section\" id=\"How_to_Play_Lucky_Jet_Game_for_Free\"><\/span>Kuinka pelata Lucky Jet peli\u00e4 ilmaiseksi?<span class=\"ez-toc-section-end\"><\/span><\/h2>\n\n\n\n<p>Parasta ilmaisessa <a href=\"https:\/\/luckyjet-games.com\/fi\/\">Lucky Jet-peli<\/a> on se, ett\u00e4 voit pelata niit\u00e4 huvin vuoksi tai harjoitella ilman, ett\u00e4 sinun tarvitsee panostaa omia rahojasi. T\u00e4m\u00e4 p\u00e4tee erityisesti Lucky Jet:hen. Voit pelata peli\u00e4 demotilassa, jolloin voit saada tuntumaa siihen, miten peli toimii, ennen kuin riskeeraat omia rahojasi. Vaihtoehtoisesti voit k\u00e4ytt\u00e4\u00e4 pelin mukana valmiiksi ladattuja ilmaiskolikoita ja aloittaa rullien py\u00f6ritt\u00e4misen ja katsoa, onko onni puolellasi.<\/p>\n\n\n\n<p>Olitpa sitten aloittelija tai kokenut pelaaja, Lucky Jet on loistava peli kokeilla sen yksinkertaisten s\u00e4\u00e4nt\u00f6jen ja suurten voittojen ansiosta.<\/p>\n\n\n<div class=\"wp-block-image wp-image-83 size-full\">\n<figure class=\"aligncenter\"><img decoding=\"async\" width=\"788\" height=\"368\" src=\"https:\/\/luckyjet-games.com\/wp-content\/uploads\/2022\/10\/Lucky-Jet-Free-to-Play.jpg\" alt=\"Lucky Jet Ilmainen pelata\" class=\"wp-image-83\" srcset=\"https:\/\/luckyjet-games.com\/wp-content\/uploads\/2022\/10\/Lucky-Jet-Free-to-Play.jpg 788w, https:\/\/luckyjet-games.com\/wp-content\/uploads\/2022\/10\/Lucky-Jet-Free-to-Play-300x140.jpg 300w, https:\/\/luckyjet-games.com\/wp-content\/uploads\/2022\/10\/Lucky-Jet-Free-to-Play-768x359.jpg 768w, https:\/\/luckyjet-games.com\/wp-content\/uploads\/2022\/10\/Lucky-Jet-Free-to-Play-86x40.jpg 86w, https:\/\/luckyjet-games.com\/wp-content\/uploads\/2022\/10\/Lucky-Jet-Free-to-Play-69x32.jpg 69w, https:\/\/luckyjet-games.com\/wp-content\/uploads\/2022\/10\/Lucky-Jet-Free-to-Play-171x80.jpg 171w, https:\/\/luckyjet-games.com\/wp-content\/uploads\/2022\/10\/Lucky-Jet-Free-to-Play-289x135.jpg 289w\" sizes=\"(max-width: 788px) 100vw, 788px\" \/><figcaption class=\"wp-element-caption\">Lucky Jet Ilmainen pelata<\/figcaption><\/figure>\n<\/div>\n\n\n<div style=\"text-align: center;\"><a class=\"glow-button-new\" href=\"#go\" data-go=\"go\">Pelaa Lucky Jet - ilmainen pelata<\/a><\/div>\n\n\n\n<h2 class=\"wp-block-heading\"><span class=\"ez-toc-section\" id=\"Where_I_can_find_Lucky_Jet_Game\"><\/span>Mist\u00e4 l\u00f6yd\u00e4n Lucky Jet-pelin?<span class=\"ez-toc-section-end\"><\/span><\/h2>\n\n\n\n<p>Peli\u00e4 voi pelata useilla eri alustoilla, kuten ty\u00f6p\u00f6yd\u00e4ll\u00e4, mobiililaitteella ja tabletilla. L\u00f6yd\u00e4t sen useilta nettikasinoilta sivustollamme, ja voit pelata sit\u00e4 t\u00e4\u00e4ll\u00e4 ilmaiseksi.<\/p>\n\n\n\n<p>Lucky Jet on yksinkertainen mutta hauska kasinopeli, joka tarjoaa mahdollisuuden voittaa suuria palkintoja. Kokeile sit\u00e4 jo t\u00e4n\u00e4\u00e4n ja katso, onko onni puolellasi.<\/p>\n\n\n\n<h2 class=\"wp-block-heading\"><span class=\"ez-toc-section\" id=\"Best_Casinos_Where_to_Play_Lucky_Jet_Demo\"><\/span>Parhaat kasinot, joissa pelata Lucky Jet Demo<span class=\"ez-toc-section-end\"><\/span><\/h2>\n\n\n\n<h3 class=\"wp-block-heading\"><span class=\"ez-toc-section\" id=\"1Win_Casino\"><\/span>1Win Casino<span class=\"ez-toc-section-end\"><\/span><\/h3>\n\n\n\n<p>Jos etsit Lucky Jet-pelin demoa, 1Win Casino on hyv\u00e4 paikka aloittaa. T\u00e4m\u00e4 kasino tarjoaa valikoiman pelej\u00e4 kolikkopeleist\u00e4 p\u00f6yt\u00e4peleihin, ja niiss\u00e4 kaikissa on ilmaispelivaihtoehto. T\u00e4m\u00e4 tarkoittaa sit\u00e4, ett\u00e4 voit kokeilla mit\u00e4 tahansa sivuston pelej\u00e4 ilman, ett\u00e4 sinun tarvitsee riskeerata omaa rahaasi.<\/p>\n\n\n\n<p>Lucky Jet:n osalta, <a href=\"https:\/\/luckyjet-games.com\/fi\/lucky-jet-1win-casino-game\/\">1Win Casino<\/a> tarjoaa suuren valikoiman bonuksia, joita voi k\u00e4ytt\u00e4\u00e4 peliss\u00e4. N\u00e4ihin kuuluvat tervetuliaisbonus, uudelleenlatausbonukset ja k\u00e4teispalautustarjoukset. Peliss\u00e4 on my\u00f6s jatkuvasti k\u00e4ynniss\u00e4 useita kampanjoita, jotka tarjoavat mahdollisuuden voittaa palkintoja, kuten ilmaiskierroksia ja bonusrahaa.<\/p>\n\n\n\n<h3 class=\"wp-block-heading\"><span class=\"ez-toc-section\" id=\"Cbet_Casino\"><\/span>Cbet Casino<span class=\"ez-toc-section-end\"><\/span><\/h3>\n\n\n\n<p>Jos haluat kokeilla Lucky Jet-demoa, vieraile osoitteessa <a href=\"https:\/\/luckyjet-games.com\/fi\/lucky-jet-at-cbet-casino\/\">CBet Casino<\/a>. T\u00e4ll\u00e4 kasinolla on monia erilaisia pelej\u00e4, mukaan lukien kolikkopelej\u00e4 ja p\u00f6yt\u00e4pelej\u00e4, ja kaikissa niiss\u00e4 on ilmainen pelivaihtoehto. T\u00e4m\u00e4 tarkoittaa sit\u00e4, ett\u00e4 voit testata mit\u00e4 tahansa sivuston pelej\u00e4 riskeeraamatta omia rahojasi.<\/p>\n\n\n\n<h3 class=\"wp-block-heading\"><span class=\"ez-toc-section\" id=\"Betano_Casino\"><\/span>Betano Casino<span class=\"ez-toc-section-end\"><\/span><\/h3>\n\n\n\n<p><a href=\"https:\/\/luckyjet-games.com\/fi\/lucky-jet-at-betano-casino\/\">Betano Casino<\/a> on t\u00e4ydellinen niille, jotka harkitsevat Lucky Jet-demoa. Kun pelit vaihtelevat kolikkopeleist\u00e4 p\u00f6yt\u00e4peleihin, joissa kaikissa on ilmainen pelivaihtoehto, voit tutustua sivustoon ilman pelkoa omien rahojesi menett\u00e4misest\u00e4.<\/p>\n\n\n\n<h3 class=\"wp-block-heading\"><span class=\"ez-toc-section\" id=\"Pin_Up_Casino\"><\/span>Pin Up Casino<span class=\"ez-toc-section-end\"><\/span><\/h3>\n\n\n\n<p>Toinen erinomainen valinta niille, jotka etsiv\u00e4t Lucky Jet-demoa, on pelata osoitteessa <a href=\"https:\/\/luckyjet-games.com\/fi\/lucky-jet-at-pin-up-casino\/\">Pin Up Casino<\/a>. T\u00e4ll\u00e4 kasinolla on erilaisia pelej\u00e4, kuten kolikkopelej\u00e4 ja p\u00f6yt\u00e4pelej\u00e4, ja kaikissa niiss\u00e4 on ilmainen pelivaihtoehto.<\/p>\n\n\n\n<h3 class=\"wp-block-heading\"><span class=\"ez-toc-section\" id=\"LeoVegas\"><\/span>LeoVegas<span class=\"ez-toc-section-end\"><\/span><\/h3>\n\n\n\n<p>Niille, jotka haluavat pelata Lucky Jet-demoa osoitteessa <a href=\"https:\/\/luckyjet-games.com\/fi\/lucky-jet-at-leovegas-casino\/\">LeoVegas Casino<\/a>, se on loistava vaihtoehto. T\u00e4ll\u00e4 kasinolla on erilaisia pelej\u00e4, kuten kolikkopelej\u00e4 ja p\u00f6yt\u00e4pelej\u00e4, ja kaikissa niiss\u00e4 on mahdollisuus pelata ilmaiseksi. T\u00e4m\u00e4 tarkoittaa sit\u00e4, ett\u00e4 voit kokeilla mit\u00e4 tahansa sivuston pelej\u00e4 riskeeraamatta omia rahojasi.<\/p>\n\n\n<div class=\"wp-block-image\">\n<figure class=\"aligncenter\"><a href=\"#go\" data-go=\"go\"><img decoding=\"async\" width=\"1022\" height=\"435\" src=\"https:\/\/luckyjet-games.com\/wp-content\/uploads\/2022\/10\/Lucky-Jet-Game-Demo.jpg\" alt=\"Lucky Jet-pelin demo\" class=\"wp-image-84\" srcset=\"https:\/\/luckyjet-games.com\/wp-content\/uploads\/2022\/10\/Lucky-Jet-Game-Demo.jpg 1022w, https:\/\/luckyjet-games.com\/wp-content\/uploads\/2022\/10\/Lucky-Jet-Game-Demo-300x128.jpg 300w, https:\/\/luckyjet-games.com\/wp-content\/uploads\/2022\/10\/Lucky-Jet-Game-Demo-768x327.jpg 768w, https:\/\/luckyjet-games.com\/wp-content\/uploads\/2022\/10\/Lucky-Jet-Game-Demo-94x40.jpg 94w, https:\/\/luckyjet-games.com\/wp-content\/uploads\/2022\/10\/Lucky-Jet-Game-Demo-75x32.jpg 75w, https:\/\/luckyjet-games.com\/wp-content\/uploads\/2022\/10\/Lucky-Jet-Game-Demo-188x80.jpg 188w, https:\/\/luckyjet-games.com\/wp-content\/uploads\/2022\/10\/Lucky-Jet-Game-Demo-317x135.jpg 317w\" sizes=\"(max-width: 1022px) 100vw, 1022px\" \/><\/a><figcaption class=\"wp-element-caption\">Lucky Jet-pelin demo<\/figcaption><\/figure>\n<\/div>\n\n\n<div style=\"text-align: center;\"><a class=\"glow-button-new\" href=\"#go\" data-go=\"go\">Toista demo Lucky Jet<\/a><\/div>\n\n\n\n<h2 class=\"wp-block-heading\"><span class=\"ez-toc-section\" id=\"Advantages_of_Playing_Lucky_Jet_for_Free\"><\/span>Lucky Jet:n pelaamisen edut ilmaiseksi<span class=\"ez-toc-section-end\"><\/span><\/h2>\n\n\n\n<p>T\u00e4rkein etu Lucky Jet:n pelaamisessa ilmaiseksi on se, ett\u00e4 voit tehd\u00e4 sen ilman, ett\u00e4 sinun tarvitsee riskeerata yht\u00e4\u00e4n omaa rahaa. T\u00e4m\u00e4 tarkoittaa, ett\u00e4 voit kokeilla peli\u00e4 ja saada tuntumaa sen toimintaan ennen kuin p\u00e4\u00e4t\u00e4t, haluatko pelata sit\u00e4 oikealla rahalla.<\/p>\n\n\n\n<p>Toinen etu, joka pelin pelaamisesta ilmaiseksi on se, ett\u00e4 voit harjoitella ja parantaa taitojasi. Jos olet uusi kasinopelien parissa, ilmainen pelaaminen on loistava tapa oppia ja kehitt\u00e4\u00e4 strategiaasi. Kun tunnet itsesi varmemmaksi, voit aloittaa pelaamisen oikealla rahalla ja sinulla on mahdollisuus voittaa suuria palkintoja.<\/p>\n\n\n\n<h2 class=\"wp-block-heading\"><span class=\"ez-toc-section\" id=\"Conclusion\"><\/span>P\u00e4\u00e4telm\u00e4<span class=\"ez-toc-section-end\"><\/span><\/h2>\n\n\n\n<p>Jos etsit hauskaa ja helposti pelattavaa kasinopeli\u00e4, Lucky Jet on loistava vaihtoehto. Peli\u00e4 voi pelata ilmaiseksi tai oikealla rahalla, ja se tarjoaa mahdollisuuden voittaa suuria palkintoja.<\/p>\n\n\n\n<h2 class=\"wp-block-heading\"><span class=\"ez-toc-section\" id=\"FAQ\"><\/span>FAQ<span class=\"ez-toc-section-end\"><\/span><\/h2>\n\n\n        <section class=\"sc_fs_faq sc_card\">\n            <div>\n\t\t\t\t<h3><span class=\"ez-toc-section\" id=\"What_is_Lucky_Jet\"><\/span>Mik\u00e4 on Lucky Jet?<span class=\"ez-toc-section-end\"><\/span><\/h3>                <div>\n\t\t\t\t\t                    <p>\n\t\t\t\t\t\tLucky Jet on kasinopeli, jota voi pelata ilmaiseksi tai oikealla rahalla. Peli\u00e4 on helppo pelata ja se tarjoaa mahdollisuuden voittaa suuria palkintoja.                    <\/p>\n                <\/div>\n            <\/div>\n        <\/section>\n\t\t        <section class=\"sc_fs_faq sc_card\">\n            <div>\n\t\t\t\t<h3><span class=\"ez-toc-section\" id=\"How_do_I_play_Lucky_Jet\"><\/span>Miten pelaan Lucky Jet:t\u00e4?<span class=\"ez-toc-section-end\"><\/span><\/h3>                <div>\n\t\t\t\t\t                    <p>\n\t\t\t\t\t\tPeli\u00e4 pelataan py\u00f6ritt\u00e4m\u00e4ll\u00e4 rullia. Voit panostaa useille eri voittolinjoille, ja jos l\u00f6yd\u00e4t oikeat symbolit, voitat palkinnon.                    <\/p>\n                <\/div>\n            <\/div>\n        <\/section>\n\t\t        <section class=\"sc_fs_faq sc_card\">\n            <div>\n\t\t\t\t<h3><span class=\"ez-toc-section\" id=\"Can_I_play_Lucky_Jet_for_free\"><\/span>Voinko pelata Lucky Jet:t\u00e4 ilmaiseksi?<span class=\"ez-toc-section-end\"><\/span><\/h3>                <div>\n\t\t\t\t\t                    <p>\n\t\t\t\t\t\tKyll\u00e4, peli\u00e4 voi pelata ilmaiseksi. N\u00e4in voit kokeilla peli\u00e4 ja saada tuntumaa sen toimintaan ennen kuin p\u00e4\u00e4t\u00e4t, haluatko pelata sit\u00e4 oikealla rahalla.                    <\/p>\n                <\/div>\n            <\/div>\n        <\/section>\n\t\t        <section class=\"sc_fs_faq sc_card\">\n            <div>\n\t\t\t\t<h3><span class=\"ez-toc-section\" id=\"Can_I_win_real_money_playing_Lucky_Jet\"><\/span>Voinko voittaa oikeaa rahaa pelaamalla Lucky Jet:t\u00e4?<span class=\"ez-toc-section-end\"><\/span><\/h3>                <div>\n\t\t\t\t\t                    <p>\n\t\t\t\t\t\tKyll\u00e4, voit voittaa oikeaa rahaa pelaamalla Lucky Jet:t\u00e4. Jos pelaat oikealla rahalla, sinulla on mahdollisuus voittaa suuria palkintoja.                    <\/p>\n                <\/div>\n            <\/div>\n        <\/section>\n\t\t\n<script type=\"application\/ld+json\">{\n    \"@context\": \"https:\\\/\\\/schema.org\",\n    \"@type\": \"FAQPage\",\n    \"mainEntity\": [\n        {\n            \"@type\": \"Question\",\n            \"name\": \"What is Lucky Jet?\",\n            \"acceptedAnswer\": {\n                \"@type\": \"Answer\",\n                \"text\": \"Lucky Jet is a casino game that can be played for free or for real money. The game is simple to play and offers the chance to win big prizes.\"\n            }\n        },\n        {\n            \"@type\": \"Question\",\n            \"name\": \"How do I play Lucky Jet?\",\n            \"acceptedAnswer\": {\n                \"@type\": \"Answer\",\n                \"text\": \"The game is played by spinning the reels. You can bet on a number of different paylines and if you match the right symbols, you\\u2019ll win a prize.\"\n            }\n        },\n        {\n            \"@type\": \"Question\",\n            \"name\": \"Can I play Lucky Jet for free?\",\n            \"acceptedAnswer\": {\n                \"@type\": \"Answer\",\n                \"text\": \"Yes, the game can be played for free. This allows you to try out the game and get a feel for how it works before deciding whether or not you want to play it for real money.\"\n            }\n        },\n        {\n            \"@type\": \"Question\",\n            \"name\": \"Can I win real money playing Lucky Jet?\",\n            \"acceptedAnswer\": {\n                \"@type\": \"Answer\",\n                \"text\": \"Yes, you can win real money playing Lucky Jet. If you play for real money, you\\u2019ll have the chance to win big prizes.\"\n            }\n        }\n    ]\n}<\/script>\n\n<div class=\"author-card author-card--top\"><img alt='Avatar kuva' src='https:\/\/luckyjet-games.com\/wp-content\/uploads\/2023\/03\/Chris-Hodge-130x130.jpg' srcset='https:\/\/luckyjet-games.com\/wp-content\/uploads\/2023\/03\/Chris-Hodge-260x260.jpg 2x' class='avatar avatar-130 photo author-image' height='130' width='130' \/><div class=\"author-content text-md-center\"><span class=\"author-title\">Kirjoittaja<\/span><a href=\"https:\/\/luckyjet-games.com\/fi\/author\/chris-hodge\/\" class=\"author-name\">Chris Hodge<\/a><p class=\"author__details\">Chris Hodge on rahapelien asiantuntija. H\u00e4n on pelannut ja tutkinut kasinopelej\u00e4 yli 10 vuoden ajan. T\u00e4n\u00e4 aikana h\u00e4n on kehitt\u00e4nyt syv\u00e4llisen ymm\u00e4rryksen strategioista ja mekaniikasta jokaisen kasinopelin takana.<br \/>\r\n<br \/>\r\nChrisin tiet\u00e4mys ja asiantuntemus ovat johtaneet siihen, ett\u00e4 h\u00e4n on ollut s\u00e4\u00e4nn\u00f6llinen kirjoittaja useissa parhaimmissa uhkapelijulkaisuissa. Kasinot pyyt\u00e4v\u00e4t h\u00e4nt\u00e4 my\u00f6s usein antamaan asiantuntija-apua uusista peleist\u00e4 ja kampanjoista.<\/p><\/div><!-- \/.author-content --><\/div>","protected":false},"excerpt":{"rendered":"<p>Pelaa Lucky Jet Demo tai oikealla rahalla T\u00e4t\u00e4 peli\u00e4 voi pelata ilmaiseksi ja siihen on ladattu valmiiksi 2000 kolikkoa. Hauskuus ei n\u00e4yt\u00e4 loppuvan koskaan korkean palautusprosentin vuoksi. Kuinka pelata Lucky Jet-peli\u00e4 ilmaiseksi? Parasta ilmaisessa Lucky Jet-peliss\u00e4 on se, ett\u00e4 voit pelata niit\u00e4 [...]<\/p>","protected":false},"author":2,"featured_media":0,"parent":0,"menu_order":0,"comment_status":"closed","ping_status":"closed","template":"page-no-sidebar.php","meta":{"_acf_changed":false,"footnotes":""},"class_list":["post-77","page","type-page","status-publish","hentry"],"acf":[],"yoast_head":"<!-- This site is optimized with the Yoast SEO plugin v26.7 - https:\/\/yoast.com\/wordpress\/plugins\/seo\/ -->\n<title>Lucky Jet Free to Play Game - Play Lucky Jet Game Demo<\/title>\n<meta name=\"description\" content=\"Play Lucky Jet game demo free or real money. Find out how to Play Lucky Jet for Free and How to Win? \ud83d\ude80 Advantages of playing Lucky Jet Demo Game\" \/>\n<meta name=\"robots\" content=\"index, follow, max-snippet:-1, max-image-preview:large, max-video-preview:-1\" \/>\n<link rel=\"canonical\" href=\"https:\/\/luckyjet-games.com\/fi\/lucky-jet-demo\/\" \/>\n<meta property=\"og:locale\" content=\"fi_FI\" \/>\n<meta property=\"og:type\" content=\"article\" \/>\n<meta property=\"og:title\" content=\"Lucky Jet Free to Play Game - Play Lucky Jet Game Demo\" \/>\n<meta property=\"og:description\" content=\"Play Lucky Jet game demo free or real money. Find out how to Play Lucky Jet for Free and How to Win? \ud83d\ude80 Advantages of playing Lucky Jet Demo Game\" \/>\n<meta property=\"og:url\" content=\"https:\/\/luckyjet-games.com\/fi\/lucky-jet-demo\/\" \/>\n<meta property=\"og:site_name\" content=\"Lucky Jet Games\" \/>\n<meta property=\"article:modified_time\" content=\"2024-03-13T18:55:21+00:00\" \/>\n<meta property=\"og:image\" content=\"https:\/\/luckyjet-games.com\/wp-content\/uploads\/2022\/10\/Lucky-Jet-Demo-Game.jpg\" \/>\n<meta name=\"twitter:card\" content=\"summary_large_image\" \/>\n<meta name=\"twitter:label1\" content=\"Arvioitu lukuaika\" \/>\n\t<meta name=\"twitter:data1\" content=\"5 minuuttia\" \/>\n<!-- \/ Yoast SEO plugin. -->","yoast_head_json":{"title":"Lucky Jet Free to Play Game - Pelaa Lucky Jet peli\u00e4 Demo","description":"Pelaa Lucky Jet peli demo ilmaiseksi tai oikealla rahalla. Selvit\u00e4, miten pelata Lucky Jet ilmaiseksi ja miten voittaa? \ud83d\ude80 Lucky Jet-demopelin pelaamisen edut","robots":{"index":"index","follow":"follow","max-snippet":"max-snippet:-1","max-image-preview":"max-image-preview:large","max-video-preview":"max-video-preview:-1"},"canonical":"https:\/\/luckyjet-games.com\/fi\/lucky-jet-demo\/","og_locale":"fi_FI","og_type":"article","og_title":"Lucky Jet Free to Play Game - Play Lucky Jet Game Demo","og_description":"Play Lucky Jet game demo free or real money. Find out how to Play Lucky Jet for Free and How to Win? \ud83d\ude80 Advantages of playing Lucky Jet Demo Game","og_url":"https:\/\/luckyjet-games.com\/fi\/lucky-jet-demo\/","og_site_name":"Lucky Jet Games","article_modified_time":"2024-03-13T18:55:21+00:00","og_image":[{"url":"https:\/\/luckyjet-games.com\/wp-content\/uploads\/2022\/10\/Lucky-Jet-Demo-Game.jpg","type":"","width":"","height":""}],"twitter_card":"summary_large_image","twitter_misc":{"Arvioitu lukuaika":"5 minuuttia"},"schema":{"@context":"https:\/\/schema.org","@graph":[{"@type":"WebPage","@id":"https:\/\/luckyjet-games.com\/lucky-jet-demo\/","url":"https:\/\/luckyjet-games.com\/lucky-jet-demo\/","name":"Lucky Jet Free to Play Game - Pelaa Lucky Jet peli\u00e4 Demo","isPartOf":{"@id":"https:\/\/luckyjet-games.com\/de\/#website"},"primaryImageOfPage":{"@id":"https:\/\/luckyjet-games.com\/lucky-jet-demo\/#primaryimage"},"image":{"@id":"https:\/\/luckyjet-games.com\/lucky-jet-demo\/#primaryimage"},"thumbnailUrl":"https:\/\/luckyjet-games.com\/wp-content\/uploads\/2022\/10\/Lucky-Jet-Demo-Game.jpg","datePublished":"2022-10-11T10:15:50+00:00","dateModified":"2024-03-13T18:55:21+00:00","description":"Pelaa Lucky Jet peli demo ilmaiseksi tai oikealla rahalla. Selvit\u00e4, miten pelata Lucky Jet ilmaiseksi ja miten voittaa? \ud83d\ude80 Lucky Jet-demopelin pelaamisen edut","breadcrumb":{"@id":"https:\/\/luckyjet-games.com\/lucky-jet-demo\/#breadcrumb"},"inLanguage":"fi","potentialAction":[{"@type":"ReadAction","target":["https:\/\/luckyjet-games.com\/lucky-jet-demo\/"]}]},{"@type":"ImageObject","inLanguage":"fi","@id":"https:\/\/luckyjet-games.com\/lucky-jet-demo\/#primaryimage","url":"https:\/\/luckyjet-games.com\/wp-content\/uploads\/2022\/10\/Lucky-Jet-Demo-Game.jpg","contentUrl":"https:\/\/luckyjet-games.com\/wp-content\/uploads\/2022\/10\/Lucky-Jet-Demo-Game.jpg"},{"@type":"BreadcrumbList","@id":"https:\/\/luckyjet-games.com\/lucky-jet-demo\/#breadcrumb","itemListElement":[{"@type":"ListItem","position":1,"name":"Home","item":"https:\/\/luckyjet-games.com\/"},{"@type":"ListItem","position":2,"name":"Lucky Jet Demo Version &#8211; Free Play"}]},{"@type":"WebSite","@id":"https:\/\/luckyjet-games.com\/de\/#website","url":"https:\/\/luckyjet-games.com\/de\/","name":"Lucky Jet-pelit","description":"","publisher":{"@id":"https:\/\/luckyjet-games.com\/de\/#organization"},"potentialAction":[{"@type":"SearchAction","target":{"@type":"EntryPoint","urlTemplate":"https:\/\/luckyjet-games.com\/de\/?s={search_term_string}"},"query-input":{"@type":"PropertyValueSpecification","valueRequired":true,"valueName":"search_term_string"}}],"inLanguage":"fi"},{"@type":"Organization","@id":"https:\/\/luckyjet-games.com\/de\/#organization","name":"Lucky Jet-pelit","url":"https:\/\/luckyjet-games.com\/de\/","logo":{"@type":"ImageObject","inLanguage":"fi","@id":"https:\/\/luckyjet-games.com\/de\/#\/schema\/logo\/image\/","url":"https:\/\/luckyjet-games.com\/wp-content\/uploads\/2022\/10\/Lucky-Jet-Game.png","contentUrl":"https:\/\/luckyjet-games.com\/wp-content\/uploads\/2022\/10\/Lucky-Jet-Game.png","width":711,"height":599,"caption":"Lucky Jet Games"},"image":{"@id":"https:\/\/luckyjet-games.com\/de\/#\/schema\/logo\/image\/"}}]}},"_links":{"self":[{"href":"https:\/\/luckyjet-games.com\/fi\/wp-json\/wp\/v2\/pages\/77","targetHints":{"allow":["GET"]}}],"collection":[{"href":"https:\/\/luckyjet-games.com\/fi\/wp-json\/wp\/v2\/pages"}],"about":[{"href":"https:\/\/luckyjet-games.com\/fi\/wp-json\/wp\/v2\/types\/page"}],"author":[{"embeddable":true,"href":"https:\/\/luckyjet-games.com\/fi\/wp-json\/wp\/v2\/users\/2"}],"replies":[{"embeddable":true,"href":"https:\/\/luckyjet-games.com\/fi\/wp-json\/wp\/v2\/comments?post=77"}],"version-history":[{"count":0,"href":"https:\/\/luckyjet-games.com\/fi\/wp-json\/wp\/v2\/pages\/77\/revisions"}],"wp:attachment":[{"href":"https:\/\/luckyjet-games.com\/fi\/wp-json\/wp\/v2\/media?parent=77"}],"curies":[{"name":"wp","href":"https:\/\/api.w.org\/{rel}","templated":true}]}}