{"id":371,"date":"2023-10-27T15:00:00","date_gmt":"2023-10-27T15:00:00","guid":{"rendered":"https:\/\/luckyjet-games.com\/?page_id=371"},"modified":"2023-12-22T17:07:29","modified_gmt":"2023-12-22T17:07:29","slug":"rocket-gambling-game","status":"publish","type":"page","link":"https:\/\/luckyjet-games.com\/fi\/rocket-gambling-game\/","title":{"rendered":"Rakettipeli"},"content":{"rendered":"<div style=\"text-align: center;\"><a class=\"glow-button\" href=\"#go\" data-go=\"go\">Pelaa Rocket uhkapeli\u00e4 \ud83d\ude80<\/a><\/div>\n<p>Sukella Rocket Money Gamen monimutkaisuuteen, tutustu sen s\u00e4\u00e4nt\u00f6ihin ja opi strategioita tuottosi maksimoimiseksi.<\/p>\n<div id=\"ez-toc-container\" class=\"ez-toc-v2_0_75 counter-hierarchy ez-toc-counter ez-toc-grey ez-toc-container-direction\">\n<div class=\"ez-toc-title-container\">\n<p class=\"ez-toc-title\" style=\"cursor:inherit\">Sis\u00e4llysluettelo<\/p>\n<span class=\"ez-toc-title-toggle\"><a href=\"#\" class=\"ez-toc-pull-right ez-toc-btn ez-toc-btn-xs ez-toc-btn-default ez-toc-toggle\" aria-label=\"Sis\u00e4llysluettelon vaihtaminen\"><span class=\"ez-toc-js-icon-con\"><span class=\"\"><span class=\"eztoc-hide\" style=\"display:none;\">Toggle<\/span><span class=\"ez-toc-icon-toggle-span\"><svg style=\"fill: #999;color:#999\" xmlns=\"http:\/\/www.w3.org\/2000\/svg\" class=\"list-377408\" width=\"20px\" height=\"20px\" viewbox=\"0 0 24 24\" fill=\"none\"><path d=\"M6 6H4v2h2V6zm14 0H8v2h12V6zM4 11h2v2H4v-2zm16 0H8v2h12v-2zM4 16h2v2H4v-2zm16 0H8v2h12v-2z\" fill=\"currentColor\"><\/path><\/svg><svg style=\"fill: #999;color:#999\" class=\"arrow-unsorted-368013\" xmlns=\"http:\/\/www.w3.org\/2000\/svg\" width=\"10px\" height=\"10px\" viewbox=\"0 0 24 24\" version=\"1.2\" baseprofile=\"tiny\"><path d=\"M18.2 9.3l-6.2-6.3-6.2 6.3c-.2.2-.3.4-.3.7s.1.5.3.7c.2.2.4.3.7.3h11c.3 0 .5-.1.7-.3.2-.2.3-.5.3-.7s-.1-.5-.3-.7zM5.8 14.7l6.2 6.3 6.2-6.3c.2-.2.3-.5.3-.7s-.1-.5-.3-.7c-.2-.2-.4-.3-.7-.3h-11c-.3 0-.5.1-.7.3-.2.2-.3.5-.3.7s.1.5.3.7z\"\/><\/svg><\/span><\/span><\/span><\/a><\/span><\/div>\n<nav><ul class='ez-toc-list ez-toc-list-level-1 eztoc-toggle-hide-by-default' ><li class='ez-toc-page-1 ez-toc-heading-level-2'><a class=\"ez-toc-link ez-toc-heading-1\" href=\"https:\/\/luckyjet-games.com\/fi\/rocket-gambling-game\/#Introduction_to_Rocket_Gambling\" >Johdatus Rocket Gamblingiin<\/a><\/li><li class='ez-toc-page-1 ez-toc-heading-level-2'><a class=\"ez-toc-link ez-toc-heading-2\" href=\"https:\/\/luckyjet-games.com\/fi\/rocket-gambling-game\/#How_to_Play_the_Rocket_Money_Game\" >Kuinka pelata rakettirahapeli\u00e4<\/a><\/li><li class='ez-toc-page-1 ez-toc-heading-level-2'><a class=\"ez-toc-link ez-toc-heading-3\" href=\"https:\/\/luckyjet-games.com\/fi\/rocket-gambling-game\/#Key_Features_of_Rocket_Betting\" >Rocket Bettingin t\u00e4rkeimm\u00e4t ominaisuudet<\/a><\/li><li class='ez-toc-page-1 ez-toc-heading-level-2'><a class=\"ez-toc-link ez-toc-heading-4\" href=\"https:\/\/luckyjet-games.com\/fi\/rocket-gambling-game\/#Rocket_Gambling_on_Mobile\" >Rocket Gambling mobiililaitteilla<\/a><\/li><li class='ez-toc-page-1 ez-toc-heading-level-2'><a class=\"ez-toc-link ez-toc-heading-5\" href=\"https:\/\/luckyjet-games.com\/fi\/rocket-gambling-game\/#A_Safe_and_Exciting_Alternative\" >Turvallinen ja j\u00e4nnitt\u00e4v\u00e4 vaihtoehto<\/a><\/li><li class='ez-toc-page-1 ez-toc-heading-level-2'><a class=\"ez-toc-link ez-toc-heading-6\" href=\"https:\/\/luckyjet-games.com\/fi\/rocket-gambling-game\/#FAQs\" >UKK<\/a><ul class='ez-toc-list-level-3' ><li class='ez-toc-heading-level-3'><a class=\"ez-toc-link ez-toc-heading-7\" href=\"https:\/\/luckyjet-games.com\/fi\/rocket-gambling-game\/#Is_Rocket_Gambling_safe\" >Onko Rocket Gambling turvallista?<\/a><\/li><li class='ez-toc-page-1 ez-toc-heading-level-3'><a class=\"ez-toc-link ez-toc-heading-8\" href=\"https:\/\/luckyjet-games.com\/fi\/rocket-gambling-game\/#Can_I_play_Rocket_Gambling_on_mobile\" >Voinko pelata Rocket Gamblingia mobiililaitteella?<\/a><\/li><li class='ez-toc-page-1 ez-toc-heading-level-3'><a class=\"ez-toc-link ez-toc-heading-9\" href=\"https:\/\/luckyjet-games.com\/fi\/rocket-gambling-game\/#How_do_I_cash_out\" >Kuinka nostan rahaa?<\/a><\/li><li class='ez-toc-page-1 ez-toc-heading-level-3'><a class=\"ez-toc-link ez-toc-heading-10\" href=\"https:\/\/luckyjet-games.com\/fi\/rocket-gambling-game\/#How_do_Rocket_Betting_Games_ensure_fairness\" >Kuinka Rocket Betting Games varmistaa oikeudenmukaisuuden?<\/a><\/li><li class='ez-toc-page-1 ez-toc-heading-level-3'><a class=\"ez-toc-link ez-toc-heading-11\" href=\"https:\/\/luckyjet-games.com\/fi\/rocket-gambling-game\/#Can_I_win_real_money_in_Rocket_Betting_Games\" >Voinko voittaa oikeaa rahaa Rocket Betting Gamesissa?<\/a><\/li><\/ul><\/li><\/ul><\/nav><\/div>\n<h2><span class=\"ez-toc-section\" id=\"Introduction_to_Rocket_Gambling\"><\/span><strong>Johdatus Rocket Gamblingiin<\/strong><span class=\"ez-toc-section-end\"><\/span><\/h2>\n<p>Rocket Gambling tarjoaa j\u00e4nnitt\u00e4v\u00e4n kokemuksen, jossa j\u00e4nnitys l\u00e4htee liikkeelle heti, kun laukaistat raketin. Kun se nousee, sinut palkitaan kertoimilla. Saavuta huikeita korkeuksia jopa 1000x ja nauti erinomaisista palkinnoista moninkertaistaen alkupanoksesi jopa huikealla 1000-kertaisella.<\/p>\n<div id=\"attachment_372\" style=\"width: 988px\" class=\"wp-caption aligncenter\"><img decoding=\"async\" aria-describedby=\"caption-attachment-372\" class=\"wp-image-372 size-full\" title=\"Rakettirahapeli\" src=\"https:\/\/luckyjet-games.com\/wp-content\/uploads\/2023\/10\/Rocket-Money-Game.jpg\" alt=\"Rakettirahapeli\" width=\"988\" height=\"470\" srcset=\"https:\/\/luckyjet-games.com\/wp-content\/uploads\/2023\/10\/Rocket-Money-Game.jpg 988w, https:\/\/luckyjet-games.com\/wp-content\/uploads\/2023\/10\/Rocket-Money-Game-300x143.jpg 300w, https:\/\/luckyjet-games.com\/wp-content\/uploads\/2023\/10\/Rocket-Money-Game-768x365.jpg 768w, https:\/\/luckyjet-games.com\/wp-content\/uploads\/2023\/10\/Rocket-Money-Game-18x9.jpg 18w, https:\/\/luckyjet-games.com\/wp-content\/uploads\/2023\/10\/Rocket-Money-Game-84x40.jpg 84w, https:\/\/luckyjet-games.com\/wp-content\/uploads\/2023\/10\/Rocket-Money-Game-570x270.jpg 570w, https:\/\/luckyjet-games.com\/wp-content\/uploads\/2023\/10\/Rocket-Money-Game-67x32.jpg 67w, https:\/\/luckyjet-games.com\/wp-content\/uploads\/2023\/10\/Rocket-Money-Game-168x80.jpg 168w, https:\/\/luckyjet-games.com\/wp-content\/uploads\/2023\/10\/Rocket-Money-Game-284x135.jpg 284w\" sizes=\"(max-width: 988px) 100vw, 988px\" \/><p id=\"caption-attachment-372\" class=\"wp-caption-text\">Rakettirahapeli<\/p><\/div>\n<h2><span class=\"ez-toc-section\" id=\"How_to_Play_the_Rocket_Money_Game\"><\/span><strong>Kuinka pelata rakettirahapeli\u00e4<\/strong><span class=\"ez-toc-section-end\"><\/span><\/h2>\n<ul>\n<li><strong>Tilin m\u00e4\u00e4ritt\u00e4minen<\/strong>:\n<ul>\n<li>Aloita matkasi rekister\u00f6itym\u00e4ll\u00e4 alustalle.<\/li>\n<li>Valitusta suunnitelmasta riippuen saatat joutua suorittamaan KYC-vahvistuksen (l\u00e4het\u00e4 lailliset asiakirjat henkil\u00f6llisyyden vahvistamista varten).<\/li>\n<li>Luo tilillesi yksil\u00f6llinen k\u00e4ytt\u00e4j\u00e4tunnus ja salasana. Varmista, ett\u00e4 sinulla on viestint\u00e4menetelm\u00e4 tilin vahvistamista varten ja Bitcoin-lompakko.<\/li>\n<\/ul>\n<\/li>\n<li><strong>Vedon tekeminen<\/strong>:\n<ul>\n<li>P\u00e4\u00e4t\u00e4, haluatko pelata manuaalisesti vai automaattisesti.<\/li>\n<li>Valitse haluamasi kryptovaluutta, ja kun olet valmis, aloita nosto milloin tahansa.<\/li>\n<li>Manuaalinen vedonly\u00f6nti antaa sinulle t\u00e4ydellisen hallinnan p\u00e4\u00e4t\u00f6ksist\u00e4si. AutoBetin avulla voit tehostaa kokemustasi m\u00e4\u00e4ritt\u00e4m\u00e4ll\u00e4 panostussummasi etuk\u00e4teen ja asettamalla ihanteellisen kotiutussuhteen.<\/li>\n<\/ul>\n<\/li>\n<\/ul>\n<div id=\"attachment_373\" style=\"width: 613px\" class=\"wp-caption aligncenter\"><img decoding=\"async\" aria-describedby=\"caption-attachment-373\" class=\"wp-image-373 size-full\" title=\"Rakettipeli, joka ansaitsee rahaa\" src=\"https:\/\/luckyjet-games.com\/wp-content\/uploads\/2023\/10\/Rocket-Game-that-Makes-Money.jpg\" alt=\"Rakettipeli, joka ansaitsee rahaa\" width=\"613\" height=\"310\" srcset=\"https:\/\/luckyjet-games.com\/wp-content\/uploads\/2023\/10\/Rocket-Game-that-Makes-Money.jpg 613w, https:\/\/luckyjet-games.com\/wp-content\/uploads\/2023\/10\/Rocket-Game-that-Makes-Money-300x152.jpg 300w, https:\/\/luckyjet-games.com\/wp-content\/uploads\/2023\/10\/Rocket-Game-that-Makes-Money-18x9.jpg 18w, https:\/\/luckyjet-games.com\/wp-content\/uploads\/2023\/10\/Rocket-Game-that-Makes-Money-79x40.jpg 79w, https:\/\/luckyjet-games.com\/wp-content\/uploads\/2023\/10\/Rocket-Game-that-Makes-Money-63x32.jpg 63w, https:\/\/luckyjet-games.com\/wp-content\/uploads\/2023\/10\/Rocket-Game-that-Makes-Money-158x80.jpg 158w, https:\/\/luckyjet-games.com\/wp-content\/uploads\/2023\/10\/Rocket-Game-that-Makes-Money-267x135.jpg 267w\" sizes=\"(max-width: 613px) 100vw, 613px\" \/><p id=\"caption-attachment-373\" class=\"wp-caption-text\">Rakettipeli, joka ansaitsee rahaa<\/p><\/div>\n<ul>\n<li><strong>K\u00e4ynnistys ja lunastus<\/strong>:\n<ul>\n<li>Aloita uusi pelikierros asettamalla lis\u00e4panos ja odota aloituslaskentaa.<\/li>\n<li>Tarkkaile raketin lentorataa ja nosta rahaa sinulle sopivalla kertoimella tai anna AutoBetin m\u00e4\u00e4ritt\u00e4\u00e4 se puolestasi.<\/li>\n<\/ul>\n<\/li>\n<\/ul>\n<div style=\"text-align: center;\"><a class=\"glow-button\" href=\"#go\" data-go=\"go\">\ud83d\ude80 Pelaa Rocket Money Game -peliss\u00e4<\/a><\/div>\n<h2><span class=\"ez-toc-section\" id=\"Key_Features_of_Rocket_Betting\"><\/span><strong>Rocket Bettingin t\u00e4rkeimm\u00e4t ominaisuudet<\/strong><span class=\"ez-toc-section-end\"><\/span><\/h2>\n<ul>\n<li><strong>Blockchain-pohjainen rakenne<\/strong>: Rocket Ship Money Game erottuu lohkoketjuihin suuntautuneella asetuksellaan, joka takaa vertaansa vailla olevan l\u00e4pin\u00e4kyvyyden ja turvallisuuden.<\/li>\n<li><strong>Visuaalisen ja \u00e4\u00e4nen parannus<\/strong>: Mukaansatempaava 3D-grafiikka ja audiovisuaaliset tehosteet vahvistavat pelikokemustasi. Varmista, ett\u00e4 laitteesi on riitt\u00e4v\u00e4n tehokas saumattomaan pelaamiseen.<\/li>\n<li><strong>Oikeudenmukaisuus<\/strong>: Vahvista pelin rehellisyys tarkistamalla sen koodi ja varmistamalla, ett\u00e4 jokainen aloitus ja kotiuttaminen on l\u00e4pin\u00e4kyv\u00e4\u00e4 ja puolueetonta.<\/li>\n<\/ul>\n<p><iframe title=\"Kuinka pelata rakettia\" width=\"994\" height=\"559\" src=\"https:\/\/www.youtube.com\/embed\/qQLsUaXShnE?feature=oembed\" frameborder=\"0\" allow=\"accelerometer; autoplay; clipboard-write; encrypted-media; gyroscope; picture-in-picture; web-share\" allowfullscreen><\/iframe><\/p>\n<h2><span class=\"ez-toc-section\" id=\"Rocket_Gambling_on_Mobile\"><\/span><strong>Rocket Gambling mobiililaitteilla<\/strong><span class=\"ez-toc-section-end\"><\/span><\/h2>\n<p>Mobiilipelaamiseen mukautettu Rocket Gambling varmistaa, ett\u00e4 voit pelata liikkeell\u00e4 ollessasi, milloin tahansa ja miss\u00e4 tahansa. Sen intuitiivinen k\u00e4ytt\u00f6liittym\u00e4 takaa sujuvan k\u00e4ytt\u00f6kokemuksen, joka on r\u00e4\u00e4t\u00e4l\u00f6ity pienemmille n\u00e4yt\u00f6ille tinkim\u00e4tt\u00e4 ominaisuuksista.<\/p>\n<div style=\"text-align: center;\"><a class=\"glow-button\" href=\"#go\" data-go=\"go\">Aloita pelaaminen Rocket uhkapeli \ud83d\ude80<\/a><\/div>\n<h2><span class=\"ez-toc-section\" id=\"A_Safe_and_Exciting_Alternative\"><\/span><strong>Turvallinen ja j\u00e4nnitt\u00e4v\u00e4 vaihtoehto<\/strong><span class=\"ez-toc-section-end\"><\/span><\/h2>\n<p>Rocket Betting Games ovat virkist\u00e4v\u00e4 vaihtoehto perinteisille online-kasinoille. Niiden l\u00e4pin\u00e4kyv\u00e4 luonne yhdistettyn\u00e4 strategisen pelin j\u00e4nnitykseen tekee niist\u00e4 suosikin nykyaikaisten pelaajien keskuudessa. Tarkista kuitenkin aina alustan k\u00e4ytt\u00f6ehdot varmistaaksesi, ett\u00e4 se vastaa pelimieltymyksi\u00e4si.<\/p>\n<h2><span class=\"ez-toc-section\" id=\"FAQs\"><\/span><strong>UKK<\/strong><span class=\"ez-toc-section-end\"><\/span><\/h2>\n        <section class=\"sc_fs_faq sc_card\">\n            <div>\n\t\t\t\t<h3><span class=\"ez-toc-section\" id=\"Is_Rocket_Gambling_safe\"><\/span>Onko Rocket Gambling turvallista?<span class=\"ez-toc-section-end\"><\/span><\/h3>                <div>\n\t\t\t\t\t                    <p>\n\t\t\t\t\t\tKyll\u00e4, sen lohkoketjupohjainen rakenne takaa huippuluokan turvallisuuden ja l\u00e4pin\u00e4kyvyyden.                    <\/p>\n                <\/div>\n            <\/div>\n        <\/section>\n\t\t        <section class=\"sc_fs_faq sc_card\">\n            <div>\n\t\t\t\t<h3><span class=\"ez-toc-section\" id=\"Can_I_play_Rocket_Gambling_on_mobile\"><\/span>Voinko pelata Rocket Gamblingia mobiililaitteella?<span class=\"ez-toc-section-end\"><\/span><\/h3>                <div>\n\t\t\t\t\t                    <p>\n\t\t\t\t\t\tEhdottomasti! Peli on optimoitu mobiililaitteille ja tarjoaa saumattoman kokemuksen.                    <\/p>\n                <\/div>\n            <\/div>\n        <\/section>\n\t\t        <section class=\"sc_fs_faq sc_card\">\n            <div>\n\t\t\t\t<h3><span class=\"ez-toc-section\" id=\"How_do_I_cash_out\"><\/span>Kuinka nostan rahaa?<span class=\"ez-toc-section-end\"><\/span><\/h3>                <div>\n\t\t\t\t\t                    <p>\n\t\t\t\t\t\tVoit kotiuttaa manuaalisesti valitsemalla haluamasi kertoimen tai k\u00e4ytt\u00e4\u00e4 AutoBet-ominaisuutta m\u00e4\u00e4ritt\u00e4\u00e4ksesi automaattisesti parhaan kotiutushetken.                    <\/p>\n                <\/div>\n            <\/div>\n        <\/section>\n\t\t        <section class=\"sc_fs_faq sc_card\">\n            <div>\n\t\t\t\t<h3><span class=\"ez-toc-section\" id=\"How_do_Rocket_Betting_Games_ensure_fairness\"><\/span>Kuinka Rocket Betting Games varmistaa oikeudenmukaisuuden?<span class=\"ez-toc-section-end\"><\/span><\/h3>                <div>\n\t\t\t\t\t                    <p>\n\t\t\t\t\t\tRocket Betting Games k\u00e4ytt\u00e4\u00e4 blockchain-tekniikkaa, joka on samanlainen kuin kryptovaluutat, kuten Bitcoin. T\u00e4m\u00e4 tekniikka varmistaa l\u00e4pin\u00e4kyvyyden ja antaa pelaajille mahdollisuuden varmistaa pelin rehellisyys.                    <\/p>\n                <\/div>\n            <\/div>\n        <\/section>\n\t\t        <section class=\"sc_fs_faq sc_card\">\n            <div>\n\t\t\t\t<h3><span class=\"ez-toc-section\" id=\"Can_I_win_real_money_in_Rocket_Betting_Games\"><\/span>Voinko voittaa oikeaa rahaa Rocket Betting Gamesissa?<span class=\"ez-toc-section-end\"><\/span><\/h3>                <div>\n\t\t\t\t\t                    <p>\n\t\t\t\t\t\tEhdottomasti. Voittoihin vaikuttavat alustan palkkiot, panoksesi ja pelin lopputulos. Kuten kaikissa uhkapeleiss\u00e4, siell\u00e4 on sek\u00e4 voitto- ett\u00e4 tappiopotentiaali.                    <\/p>\n                <\/div>\n            <\/div>\n        <\/section>\n\t\t\n<script type=\"application\/ld+json\">{\n    \"@context\": \"https:\\\/\\\/schema.org\",\n    \"@type\": \"FAQPage\",\n    \"mainEntity\": [\n        {\n            \"@type\": \"Question\",\n            \"name\": \"Is Rocket Gambling safe?\",\n            \"acceptedAnswer\": {\n                \"@type\": \"Answer\",\n                \"text\": \"Yes, its blockchain-based structure guarantees top-notch security and transparency.\"\n            }\n        },\n        {\n            \"@type\": \"Question\",\n            \"name\": \"Can I play Rocket Gambling on mobile?\",\n            \"acceptedAnswer\": {\n                \"@type\": \"Answer\",\n                \"text\": \"Absolutely! The game is optimized for mobile devices, offering a seamless experience.\"\n            }\n        },\n        {\n            \"@type\": \"Question\",\n            \"name\": \"How do I cash out?\",\n            \"acceptedAnswer\": {\n                \"@type\": \"Answer\",\n                \"text\": \"You can cash out manually by selecting your desired multiplier or use the AutoBet feature to automatically determine the best cashout moment.\"\n            }\n        },\n        {\n            \"@type\": \"Question\",\n            \"name\": \"How do Rocket Betting Games ensure fairness?\",\n            \"acceptedAnswer\": {\n                \"@type\": \"Answer\",\n                \"text\": \"Rocket Betting Games use blockchain technology, similar to cryptocurrencies like Bitcoin. This technology ensures transparency and allows players to verify the game's fairness.\"\n            }\n        },\n        {\n            \"@type\": \"Question\",\n            \"name\": \"Can I win real money in Rocket Betting Games?\",\n            \"acceptedAnswer\": {\n                \"@type\": \"Answer\",\n                \"text\": \"Definitely. Your winnings are influenced by the platform's commissions, your bets, and the game's outcome. As with all gambling, there's potential for both wins and losses.\"\n            }\n        }\n    ]\n}<\/script>\n\n<div class=\"author-card author-card--top\"><img alt='Avatar kuva' src='https:\/\/luckyjet-games.com\/wp-content\/uploads\/2023\/03\/Chris-Hodge-130x130.jpg' srcset='https:\/\/luckyjet-games.com\/wp-content\/uploads\/2023\/03\/Chris-Hodge-260x260.jpg 2x' class='avatar avatar-130 photo author-image' height='130' width='130' \/><div class=\"author-content text-md-center\"><span class=\"author-title\">Kirjoittaja<\/span><a href=\"https:\/\/luckyjet-games.com\/fi\/author\/chris-hodge\/\" class=\"author-name\">Chris Hodge<\/a><p class=\"author__details\">Chris Hodge on rahapelien asiantuntija. H\u00e4n on pelannut ja tutkinut kasinopelej\u00e4 yli 10 vuoden ajan. T\u00e4n\u00e4 aikana h\u00e4n on kehitt\u00e4nyt syv\u00e4llisen ymm\u00e4rryksen strategioista ja mekaniikasta jokaisen kasinopelin takana.<br \/>\r\n<br \/>\r\nChrisin tiet\u00e4mys ja asiantuntemus ovat johtaneet siihen, ett\u00e4 h\u00e4n on ollut s\u00e4\u00e4nn\u00f6llinen kirjoittaja useissa parhaimmissa uhkapelijulkaisuissa. Kasinot pyyt\u00e4v\u00e4t h\u00e4nt\u00e4 my\u00f6s usein antamaan asiantuntija-apua uusista peleist\u00e4 ja kampanjoista.<\/p><\/div><!-- \/.author-content --><\/div>","protected":false},"excerpt":{"rendered":"<p>Pelaa Rocket-rahapeliss\u00e4 \ud83d\ude80 Sukella Rocket-rahapelin juonenk\u00e4\u00e4nteisiin, tutustu sen s\u00e4\u00e4nt\u00f6ihin ja opi strategiat tuottojen maksimoimiseksi. Johdanto rakettipelaamiseen Rakettipelaaminen tarjoaa j\u00e4nnitt\u00e4v\u00e4n kokemuksen, jossa j\u00e4nnitys k\u00e4ynnistyy heti, kun laukaiset raketin. Kun se nousee yl\u00f6sp\u00e4in, sinut palkitaan kertoimilla. [...]<\/p>","protected":false},"author":2,"featured_media":0,"parent":0,"menu_order":0,"comment_status":"closed","ping_status":"closed","template":"page-no-sidebar.php","meta":{"_acf_changed":false,"footnotes":""},"class_list":["post-371","page","type-page","status-publish","hentry"],"acf":[],"yoast_head":"<!-- This site is optimized with the Yoast SEO plugin v26.7 - https:\/\/yoast.com\/wordpress\/plugins\/seo\/ -->\n<title>Crash Rocket Gambling Game - Rocket Game that Makes Money<\/title>\n<meta name=\"description\" content=\"Rocket Money Game that Makes money \ud83d\ude80 How to play and where to find Crash Rocket Gambling Game? Rules and how to place bet at Rocket Betting Game\" \/>\n<meta name=\"robots\" content=\"index, follow, max-snippet:-1, max-image-preview:large, max-video-preview:-1\" \/>\n<link rel=\"canonical\" href=\"https:\/\/luckyjet-games.com\/fi\/rocket-gambling-game\/\" \/>\n<meta property=\"og:locale\" content=\"fi_FI\" \/>\n<meta property=\"og:type\" content=\"article\" \/>\n<meta property=\"og:title\" content=\"Crash Rocket Gambling Game - Rocket Game that Makes Money\" \/>\n<meta property=\"og:description\" content=\"Rocket Money Game that Makes money \ud83d\ude80 How to play and where to find Crash Rocket Gambling Game? Rules and how to place bet at Rocket Betting Game\" \/>\n<meta property=\"og:url\" content=\"https:\/\/luckyjet-games.com\/fi\/rocket-gambling-game\/\" \/>\n<meta property=\"og:site_name\" content=\"Lucky Jet Games\" \/>\n<meta property=\"article:modified_time\" content=\"2023-12-22T17:07:29+00:00\" \/>\n<meta property=\"og:image\" content=\"https:\/\/luckyjet-games.com\/wp-content\/uploads\/2023\/10\/Rocket-Money-Game.jpg\" \/>\n<meta name=\"twitter:card\" content=\"summary_large_image\" \/>\n<meta name=\"twitter:label1\" content=\"Arvioitu lukuaika\" \/>\n\t<meta name=\"twitter:data1\" content=\"3 minuuttia\" \/>\n<!-- \/ Yoast SEO plugin. -->","yoast_head_json":{"title":"Crash Rocket Gambling Game - Rakettipeli, joka ansaitsee rahaa","description":"Rocket Money Peli, joka ansaitsee rahaa \ud83d\ude80 Kuinka pelata ja mist\u00e4 l\u00f6yt\u00e4\u00e4 Crash Rocket Gambling Game? S\u00e4\u00e4nn\u00f6t ja vedonly\u00f6nti Rocket Betting Gameissa","robots":{"index":"index","follow":"follow","max-snippet":"max-snippet:-1","max-image-preview":"max-image-preview:large","max-video-preview":"max-video-preview:-1"},"canonical":"https:\/\/luckyjet-games.com\/fi\/rocket-gambling-game\/","og_locale":"fi_FI","og_type":"article","og_title":"Crash Rocket Gambling Game - Rocket Game that Makes Money","og_description":"Rocket Money Game that Makes money \ud83d\ude80 How to play and where to find Crash Rocket Gambling Game? Rules and how to place bet at Rocket Betting Game","og_url":"https:\/\/luckyjet-games.com\/fi\/rocket-gambling-game\/","og_site_name":"Lucky Jet Games","article_modified_time":"2023-12-22T17:07:29+00:00","og_image":[{"url":"https:\/\/luckyjet-games.com\/wp-content\/uploads\/2023\/10\/Rocket-Money-Game.jpg","type":"","width":"","height":""}],"twitter_card":"summary_large_image","twitter_misc":{"Arvioitu lukuaika":"3 minuuttia"},"schema":{"@context":"https:\/\/schema.org","@graph":[{"@type":"WebPage","@id":"https:\/\/luckyjet-games.com\/rocket-gambling-game\/","url":"https:\/\/luckyjet-games.com\/rocket-gambling-game\/","name":"Crash Rocket Gambling Game - Rakettipeli, joka ansaitsee rahaa","isPartOf":{"@id":"https:\/\/luckyjet-games.com\/de\/#website"},"primaryImageOfPage":{"@id":"https:\/\/luckyjet-games.com\/rocket-gambling-game\/#primaryimage"},"image":{"@id":"https:\/\/luckyjet-games.com\/rocket-gambling-game\/#primaryimage"},"thumbnailUrl":"https:\/\/luckyjet-games.com\/wp-content\/uploads\/2023\/10\/Rocket-Money-Game.jpg","datePublished":"2023-10-27T15:00:00+00:00","dateModified":"2023-12-22T17:07:29+00:00","description":"Rocket Money Peli, joka ansaitsee rahaa \ud83d\ude80 Kuinka pelata ja mist\u00e4 l\u00f6yt\u00e4\u00e4 Crash Rocket Gambling Game? S\u00e4\u00e4nn\u00f6t ja vedonly\u00f6nti Rocket Betting Gameissa","breadcrumb":{"@id":"https:\/\/luckyjet-games.com\/rocket-gambling-game\/#breadcrumb"},"inLanguage":"fi","potentialAction":[{"@type":"ReadAction","target":["https:\/\/luckyjet-games.com\/rocket-gambling-game\/"]}]},{"@type":"ImageObject","inLanguage":"fi","@id":"https:\/\/luckyjet-games.com\/rocket-gambling-game\/#primaryimage","url":"https:\/\/luckyjet-games.com\/wp-content\/uploads\/2023\/10\/Rocket-Money-Game.jpg","contentUrl":"https:\/\/luckyjet-games.com\/wp-content\/uploads\/2023\/10\/Rocket-Money-Game.jpg"},{"@type":"BreadcrumbList","@id":"https:\/\/luckyjet-games.com\/rocket-gambling-game\/#breadcrumb","itemListElement":[{"@type":"ListItem","position":1,"name":"Home","item":"https:\/\/luckyjet-games.com\/"},{"@type":"ListItem","position":2,"name":"Rocket Gambling Game"}]},{"@type":"WebSite","@id":"https:\/\/luckyjet-games.com\/de\/#website","url":"https:\/\/luckyjet-games.com\/de\/","name":"Lucky Jet-pelit","description":"","publisher":{"@id":"https:\/\/luckyjet-games.com\/de\/#organization"},"potentialAction":[{"@type":"SearchAction","target":{"@type":"EntryPoint","urlTemplate":"https:\/\/luckyjet-games.com\/de\/?s={search_term_string}"},"query-input":{"@type":"PropertyValueSpecification","valueRequired":true,"valueName":"search_term_string"}}],"inLanguage":"fi"},{"@type":"Organization","@id":"https:\/\/luckyjet-games.com\/de\/#organization","name":"Lucky Jet-pelit","url":"https:\/\/luckyjet-games.com\/de\/","logo":{"@type":"ImageObject","inLanguage":"fi","@id":"https:\/\/luckyjet-games.com\/de\/#\/schema\/logo\/image\/","url":"https:\/\/luckyjet-games.com\/wp-content\/uploads\/2022\/10\/Lucky-Jet-Game.png","contentUrl":"https:\/\/luckyjet-games.com\/wp-content\/uploads\/2022\/10\/Lucky-Jet-Game.png","width":711,"height":599,"caption":"Lucky Jet Games"},"image":{"@id":"https:\/\/luckyjet-games.com\/de\/#\/schema\/logo\/image\/"}}]}},"_links":{"self":[{"href":"https:\/\/luckyjet-games.com\/fi\/wp-json\/wp\/v2\/pages\/371","targetHints":{"allow":["GET"]}}],"collection":[{"href":"https:\/\/luckyjet-games.com\/fi\/wp-json\/wp\/v2\/pages"}],"about":[{"href":"https:\/\/luckyjet-games.com\/fi\/wp-json\/wp\/v2\/types\/page"}],"author":[{"embeddable":true,"href":"https:\/\/luckyjet-games.com\/fi\/wp-json\/wp\/v2\/users\/2"}],"replies":[{"embeddable":true,"href":"https:\/\/luckyjet-games.com\/fi\/wp-json\/wp\/v2\/comments?post=371"}],"version-history":[{"count":0,"href":"https:\/\/luckyjet-games.com\/fi\/wp-json\/wp\/v2\/pages\/371\/revisions"}],"wp:attachment":[{"href":"https:\/\/luckyjet-games.com\/fi\/wp-json\/wp\/v2\/media?parent=371"}],"curies":[{"name":"wp","href":"https:\/\/api.w.org\/{rel}","templated":true}]}}