{"id":360,"date":"2023-09-25T14:06:00","date_gmt":"2023-09-25T14:06:00","guid":{"rendered":"https:\/\/luckyjet-games.com\/?page_id=360"},"modified":"2023-09-25T14:08:12","modified_gmt":"2023-09-25T14:08:12","slug":"privacy-policy","status":"publish","type":"page","link":"https:\/\/luckyjet-games.com\/fi\/privacy-policy\/","title":{"rendered":"Tietosuojak\u00e4yt\u00e4nt\u00f6"},"content":{"rendered":"<p>Luckyjet-games.com-sivustolla olemme sitoutuneet varmistamaan pelaajiemme yksityisyyden ja turvallisuuden. T\u00e4ss\u00e4 tietosuojak\u00e4yt\u00e4nn\u00f6ss\u00e4 kuvataan k\u00e4yt\u00e4nt\u00f6j\u00e4mme, jotka koskevat henkil\u00f6tietojesi ker\u00e4\u00e4mist\u00e4, k\u00e4ytt\u00f6\u00e4 ja suojaamista. K\u00e4ytt\u00e4m\u00e4ll\u00e4 palveluitamme hyv\u00e4ksyt alla kuvatut ehdot.<\/p>\n<div id=\"ez-toc-container\" class=\"ez-toc-v2_0_75 counter-hierarchy ez-toc-counter ez-toc-grey ez-toc-container-direction\">\n<div class=\"ez-toc-title-container\">\n<p class=\"ez-toc-title\" style=\"cursor:inherit\">Sis\u00e4llysluettelo<\/p>\n<span class=\"ez-toc-title-toggle\"><a href=\"#\" class=\"ez-toc-pull-right ez-toc-btn ez-toc-btn-xs ez-toc-btn-default ez-toc-toggle\" aria-label=\"Sis\u00e4llysluettelon vaihtaminen\"><span class=\"ez-toc-js-icon-con\"><span class=\"\"><span class=\"eztoc-hide\" style=\"display:none;\">Toggle<\/span><span class=\"ez-toc-icon-toggle-span\"><svg style=\"fill: #999;color:#999\" xmlns=\"http:\/\/www.w3.org\/2000\/svg\" class=\"list-377408\" width=\"20px\" height=\"20px\" viewbox=\"0 0 24 24\" fill=\"none\"><path d=\"M6 6H4v2h2V6zm14 0H8v2h12V6zM4 11h2v2H4v-2zm16 0H8v2h12v-2zM4 16h2v2H4v-2zm16 0H8v2h12v-2z\" fill=\"currentColor\"><\/path><\/svg><svg style=\"fill: #999;color:#999\" class=\"arrow-unsorted-368013\" xmlns=\"http:\/\/www.w3.org\/2000\/svg\" width=\"10px\" height=\"10px\" viewbox=\"0 0 24 24\" version=\"1.2\" baseprofile=\"tiny\"><path d=\"M18.2 9.3l-6.2-6.3-6.2 6.3c-.2.2-.3.4-.3.7s.1.5.3.7c.2.2.4.3.7.3h11c.3 0 .5-.1.7-.3.2-.2.3-.5.3-.7s-.1-.5-.3-.7zM5.8 14.7l6.2 6.3 6.2-6.3c.2-.2.3-.5.3-.7s-.1-.5-.3-.7c-.2-.2-.4-.3-.7-.3h-11c-.3 0-.5.1-.7.3-.2.2-.3.5-.3.7s.1.5.3.7z\"\/><\/svg><\/span><\/span><\/span><\/a><\/span><\/div>\n<nav><ul class='ez-toc-list ez-toc-list-level-1 eztoc-toggle-hide-by-default' ><li class='ez-toc-page-1 ez-toc-heading-level-2'><a class=\"ez-toc-link ez-toc-heading-1\" href=\"https:\/\/luckyjet-games.com\/fi\/privacy-policy\/#Information_We_Collect\" >Ker\u00e4\u00e4m\u00e4mme tiedot<\/a><ul class='ez-toc-list-level-3' ><li class='ez-toc-heading-level-3'><a class=\"ez-toc-link ez-toc-heading-2\" href=\"https:\/\/luckyjet-games.com\/fi\/privacy-policy\/#Personal_Information\" >Henkil\u00f6kohtaisia tietoja<\/a><\/li><li class='ez-toc-page-1 ez-toc-heading-level-3'><a class=\"ez-toc-link ez-toc-heading-3\" href=\"https:\/\/luckyjet-games.com\/fi\/privacy-policy\/#Usage_Data\" >K\u00e4ytt\u00f6tiedot<\/a><\/li><li class='ez-toc-page-1 ez-toc-heading-level-3'><a class=\"ez-toc-link ez-toc-heading-4\" href=\"https:\/\/luckyjet-games.com\/fi\/privacy-policy\/#Cookies\" >Keksit<\/a><\/li><\/ul><\/li><li class='ez-toc-page-1 ez-toc-heading-level-2'><a class=\"ez-toc-link ez-toc-heading-5\" href=\"https:\/\/luckyjet-games.com\/fi\/privacy-policy\/#How_We_Use_Your_Information\" >Kuinka k\u00e4yt\u00e4mme tietojasi<\/a><ul class='ez-toc-list-level-3' ><li class='ez-toc-heading-level-3'><a class=\"ez-toc-link ez-toc-heading-6\" href=\"https:\/\/luckyjet-games.com\/fi\/privacy-policy\/#Account_Management\" >Tilin hallinta<\/a><\/li><li class='ez-toc-page-1 ez-toc-heading-level-3'><a class=\"ez-toc-link ez-toc-heading-7\" href=\"https:\/\/luckyjet-games.com\/fi\/privacy-policy\/#Personalization\" >Personointi<\/a><\/li><li class='ez-toc-page-1 ez-toc-heading-level-3'><a class=\"ez-toc-link ez-toc-heading-8\" href=\"https:\/\/luckyjet-games.com\/fi\/privacy-policy\/#Security\" >Turvallisuus<\/a><\/li><\/ul><\/li><li class='ez-toc-page-1 ez-toc-heading-level-2'><a class=\"ez-toc-link ez-toc-heading-9\" href=\"https:\/\/luckyjet-games.com\/fi\/privacy-policy\/#Sharing_Your_Information\" >Tietojesi jakaminen<\/a><\/li><li class='ez-toc-page-1 ez-toc-heading-level-2'><a class=\"ez-toc-link ez-toc-heading-10\" href=\"https:\/\/luckyjet-games.com\/fi\/privacy-policy\/#Compliance_with_Legal_Requirements\" >Lakis\u00e4\u00e4teisten vaatimusten noudattaminen<\/a><\/li><li class='ez-toc-page-1 ez-toc-heading-level-2'><a class=\"ez-toc-link ez-toc-heading-11\" href=\"https:\/\/luckyjet-games.com\/fi\/privacy-policy\/#Your_Rights_and_Choices\" >Sinun oikeutesi ja valintasi<\/a><\/li><li class='ez-toc-page-1 ez-toc-heading-level-2'><a class=\"ez-toc-link ez-toc-heading-12\" href=\"https:\/\/luckyjet-games.com\/fi\/privacy-policy\/#Changes_to_this_Privacy_Policy\" >Muutokset t\u00e4h\u00e4n tietosuojak\u00e4yt\u00e4nt\u00f6\u00f6n<\/a><\/li><\/ul><\/nav><\/div>\n<h2><span class=\"ez-toc-section\" id=\"Information_We_Collect\"><\/span>Ker\u00e4\u00e4m\u00e4mme tiedot<span class=\"ez-toc-section-end\"><\/span><\/h2>\n<h3><span class=\"ez-toc-section\" id=\"Personal_Information\"><\/span>Henkil\u00f6kohtaisia tietoja<span class=\"ez-toc-section-end\"><\/span><\/h3>\n<p>Ker\u00e4\u00e4mme henkil\u00f6tietoja, jotka annat rekister\u00f6ityess\u00e4si tili\u00e4, tehdess\u00e4si talletuksia tai k\u00e4ytt\u00e4ess\u00e4si palveluitamme. T\u00e4m\u00e4 voi sis\u00e4lt\u00e4\u00e4 nimesi, s\u00e4hk\u00f6postiosoitteesi, yhteystietosi, syntym\u00e4aikasi ja maksutietosi. K\u00e4yt\u00e4mme n\u00e4it\u00e4 tietoja henkil\u00f6llisyytesi vahvistamiseen ja henkil\u00f6kohtaisen pelikokemuksen tarjoamiseen.<\/p>\n<h3><span class=\"ez-toc-section\" id=\"Usage_Data\"><\/span>K\u00e4ytt\u00f6tiedot<span class=\"ez-toc-section-end\"><\/span><\/h3>\n<p>Palvelujemme parantamiseksi ker\u00e4\u00e4mme tietoja vuorovaikutuksestasi verkkosivustomme ja peliemme kanssa. T\u00e4m\u00e4 sis\u00e4lt\u00e4\u00e4 IP-osoitteesi, selaimesi tyypin, laitetiedot ja vierailemasi sivut. K\u00e4yt\u00e4mme n\u00e4it\u00e4 tietoja parantaaksemme verkkosivustomme suorituskyky\u00e4, vianetsint\u00e4\u00e4ksemme ongelmia ja analysoidaksemme k\u00e4ytt\u00e4jien k\u00e4ytt\u00e4ytymist\u00e4.<\/p>\n<h3><span class=\"ez-toc-section\" id=\"Cookies\"><\/span>Keksit<span class=\"ez-toc-section-end\"><\/span><\/h3>\n<p>K\u00e4yt\u00e4mme ev\u00e4steit\u00e4 ja vastaavia tekniikoita seurataksemme toimintaasi verkkosivustollamme. Ev\u00e4steet ovat pieni\u00e4 tekstitiedostoja, jotka tallennetaan laitteellesi. Ne auttavat meit\u00e4 tunnistamaan sinut my\u00f6hemmill\u00e4 vierailuilla ja tarjoavat r\u00e4\u00e4t\u00e4l\u00f6idymm\u00e4n kokemuksen. Voit hallita ev\u00e4steasetuksiasi selaimesi asetuksista.<\/p>\n<h2><span class=\"ez-toc-section\" id=\"How_We_Use_Your_Information\"><\/span>Kuinka k\u00e4yt\u00e4mme tietojasi<span class=\"ez-toc-section-end\"><\/span><\/h2>\n<h3><span class=\"ez-toc-section\" id=\"Account_Management\"><\/span>Tilin hallinta<span class=\"ez-toc-section-end\"><\/span><\/h3>\n<p>K\u00e4yt\u00e4mme henkil\u00f6tietojasi tilisi luomiseen ja hallintaan, tapahtumien k\u00e4sittelyyn ja asiakastuen tarjoamiseen. T\u00e4m\u00e4 varmistaa saumattoman pelikokemuksen ja antaa meille mahdollisuuden auttaa sinua mahdollisissa ongelmissa.<\/p>\n<h3><span class=\"ez-toc-section\" id=\"Personalization\"><\/span>Personointi<span class=\"ez-toc-section-end\"><\/span><\/h3>\n<p>Mieltymystesi ja k\u00e4ytt\u00e4ytymisesi ymm\u00e4rt\u00e4minen antaa meille mahdollisuuden personoida pelikokemuksesi. Saatamme suositella pelej\u00e4, kampanjoita ja tarjouksia, jotka vastaavat kiinnostuksen kohteitasi ja pelihistoriaasi.<\/p>\n<h3><span class=\"ez-toc-section\" id=\"Security\"><\/span>Turvallisuus<span class=\"ez-toc-section-end\"><\/span><\/h3>\n<p>Tietojesi suojaaminen on t\u00e4rkein prioriteettimme. K\u00e4yt\u00e4mme alan standardien mukaisia turvatoimenpiteit\u00e4 suojataksemme tietosi luvattomalta k\u00e4yt\u00f6lt\u00e4, paljastamiselta tai muuttamiselta. T\u00e4m\u00e4 sis\u00e4lt\u00e4\u00e4 salauksen, palomuurit ja s\u00e4\u00e4nn\u00f6lliset tietoturvatarkastukset.<\/p>\n<h2><span class=\"ez-toc-section\" id=\"Sharing_Your_Information\"><\/span>Tietojesi jakaminen<span class=\"ez-toc-section-end\"><\/span><\/h2>\n<p>Emme myy, vaihda tai vuokraa henkil\u00f6tietojasi kolmansille osapuolille. Voimme kuitenkin jakaa tietosi luotettujen palveluntarjoajien ja kumppaneiden kanssa, jotka auttavat meit\u00e4 palveluidemme toimittamisessa. N\u00e4it\u00e4 tahoja sitovat tiukat luottamuksellisuussopimukset.<\/p>\n<h2><span class=\"ez-toc-section\" id=\"Compliance_with_Legal_Requirements\"><\/span>Lakis\u00e4\u00e4teisten vaatimusten noudattaminen<span class=\"ez-toc-section-end\"><\/span><\/h2>\n<p>Saatamme luovuttaa tietojasi lain niin vaatiessa, kuten vastauksena haasteeseen tai oikeuden m\u00e4\u00e4r\u00e4ykseen. Teemme my\u00f6s yhteisty\u00f6t\u00e4 lainvalvontaviranomaisten kanssa est\u00e4\u00e4ksemme vilpillisen toiminnan ja varmistaaksemme alustamme eheyden.<\/p>\n<h2><span class=\"ez-toc-section\" id=\"Your_Rights_and_Choices\"><\/span>Sinun oikeutesi ja valintasi<span class=\"ez-toc-section-end\"><\/span><\/h2>\n<p>Sinulla on oikeus tarkastella, p\u00e4ivitt\u00e4\u00e4 tai poistaa henkil\u00f6tietojasi. K\u00e4ytt\u00e4\u00e4ksesi n\u00e4it\u00e4 oikeuksia, ota yhteytt\u00e4 asiakastukitiimiimme. Voit my\u00f6s lopettaa markkinointiviestinn\u00e4n tilauksen milloin tahansa.<\/p>\n<h2><span class=\"ez-toc-section\" id=\"Changes_to_this_Privacy_Policy\"><\/span>Muutokset t\u00e4h\u00e4n tietosuojak\u00e4yt\u00e4nt\u00f6\u00f6n<span class=\"ez-toc-section-end\"><\/span><\/h2>\n<p>Pid\u00e4t\u00e4mme oikeuden p\u00e4ivitt\u00e4\u00e4 t\u00e4t\u00e4 tietosuojak\u00e4yt\u00e4nt\u00f6\u00e4 vastaamaan k\u00e4yt\u00e4nt\u00f6jemme ja lakis\u00e4\u00e4teisten vaatimusten muutoksia. Suosittelemme tarkistamaan t\u00e4m\u00e4n sivun s\u00e4\u00e4nn\u00f6llisesti mahdollisten p\u00e4ivitysten varalta.<\/p>\n<div class=\"author-card author-card--top\"><img alt='Avatar kuva' src='https:\/\/luckyjet-games.com\/wp-content\/uploads\/2023\/03\/Chris-Hodge-130x130.jpg' srcset='https:\/\/luckyjet-games.com\/wp-content\/uploads\/2023\/03\/Chris-Hodge-260x260.jpg 2x' class='avatar avatar-130 photo author-image' height='130' width='130' \/><div class=\"author-content text-md-center\"><span class=\"author-title\">Kirjoittaja<\/span><a href=\"https:\/\/luckyjet-games.com\/fi\/author\/chris-hodge\/\" class=\"author-name\">Chris Hodge<\/a><p class=\"author__details\">Chris Hodge on rahapelien asiantuntija. H\u00e4n on pelannut ja tutkinut kasinopelej\u00e4 yli 10 vuoden ajan. T\u00e4n\u00e4 aikana h\u00e4n on kehitt\u00e4nyt syv\u00e4llisen ymm\u00e4rryksen strategioista ja mekaniikasta jokaisen kasinopelin takana.<br \/>\r\n<br \/>\r\nChrisin tiet\u00e4mys ja asiantuntemus ovat johtaneet siihen, ett\u00e4 h\u00e4n on ollut s\u00e4\u00e4nn\u00f6llinen kirjoittaja useissa parhaimmissa uhkapelijulkaisuissa. Kasinot pyyt\u00e4v\u00e4t h\u00e4nt\u00e4 my\u00f6s usein antamaan asiantuntija-apua uusista peleist\u00e4 ja kampanjoista.<\/p><\/div><!-- \/.author-content --><\/div>","protected":false},"excerpt":{"rendered":"<p>Me luckyjet-games.com:ss\u00e4 olemme sitoutuneet varmistamaan pelaajiemme yksityisyyden ja turvallisuuden. T\u00e4ss\u00e4 tietosuojak\u00e4yt\u00e4nn\u00f6ss\u00e4 esitell\u00e4\u00e4n k\u00e4yt\u00e4nt\u00f6mme henkil\u00f6kohtaisten tietojesi ker\u00e4\u00e4misess\u00e4, k\u00e4yt\u00f6ss\u00e4 ja suojaamisessa. K\u00e4ytt\u00e4m\u00e4ll\u00e4 palveluitamme hyv\u00e4ksyt alla esitetyt ehdot. Ker\u00e4\u00e4m\u00e4mme tiedot Henkil\u00f6kohtaiset tiedot Ker\u00e4\u00e4mme henkil\u00f6kohtaisia tietoja, jotka annat rekister\u00f6itymisen yhteydess\u00e4 [...]<\/p>","protected":false},"author":2,"featured_media":0,"parent":0,"menu_order":0,"comment_status":"closed","ping_status":"closed","template":"page-no-sidebar.php","meta":{"_acf_changed":false,"footnotes":""},"class_list":["post-360","page","type-page","status-publish","hentry"],"acf":[],"yoast_head":"<!-- This site is optimized with the Yoast SEO plugin v26.7 - https:\/\/yoast.com\/wordpress\/plugins\/seo\/ -->\n<title>Privacy Policy - Lucky Jet Games<\/title>\n<meta name=\"description\" content=\"At luckyjet-games.com, we are committed to ensuring the privacy and security of our players.\" \/>\n<meta name=\"robots\" content=\"index, follow, max-snippet:-1, max-image-preview:large, max-video-preview:-1\" \/>\n<link rel=\"canonical\" href=\"https:\/\/luckyjet-games.com\/fi\/privacy-policy\/\" \/>\n<meta property=\"og:locale\" content=\"fi_FI\" \/>\n<meta property=\"og:type\" content=\"article\" \/>\n<meta property=\"og:title\" content=\"Privacy Policy - Lucky Jet Games\" \/>\n<meta property=\"og:description\" content=\"At luckyjet-games.com, we are committed to ensuring the privacy and security of our players.\" \/>\n<meta property=\"og:url\" content=\"https:\/\/luckyjet-games.com\/fi\/privacy-policy\/\" \/>\n<meta property=\"og:site_name\" content=\"Lucky Jet Games\" \/>\n<meta property=\"article:modified_time\" content=\"2023-09-25T14:08:12+00:00\" \/>\n<meta name=\"twitter:card\" content=\"summary_large_image\" \/>\n<meta name=\"twitter:label1\" content=\"Arvioitu lukuaika\" \/>\n\t<meta name=\"twitter:data1\" content=\"2 minuuttia\" \/>\n<!-- \/ Yoast SEO plugin. -->","yoast_head_json":{"title":"Tietosuojak\u00e4yt\u00e4nt\u00f6 - Lucky Jet Games","description":"Luckyjet-games.com-sivustolla olemme sitoutuneet varmistamaan pelaajiemme yksityisyyden ja turvallisuuden.","robots":{"index":"index","follow":"follow","max-snippet":"max-snippet:-1","max-image-preview":"max-image-preview:large","max-video-preview":"max-video-preview:-1"},"canonical":"https:\/\/luckyjet-games.com\/fi\/privacy-policy\/","og_locale":"fi_FI","og_type":"article","og_title":"Privacy Policy - Lucky Jet Games","og_description":"At luckyjet-games.com, we are committed to ensuring the privacy and security of our players.","og_url":"https:\/\/luckyjet-games.com\/fi\/privacy-policy\/","og_site_name":"Lucky Jet Games","article_modified_time":"2023-09-25T14:08:12+00:00","twitter_card":"summary_large_image","twitter_misc":{"Arvioitu lukuaika":"2 minuuttia"},"schema":{"@context":"https:\/\/schema.org","@graph":[{"@type":"WebPage","@id":"https:\/\/luckyjet-games.com\/privacy-policy\/","url":"https:\/\/luckyjet-games.com\/privacy-policy\/","name":"Tietosuojak\u00e4yt\u00e4nt\u00f6 - Lucky Jet Games","isPartOf":{"@id":"https:\/\/luckyjet-games.com\/de\/#website"},"datePublished":"2023-09-25T14:06:00+00:00","dateModified":"2023-09-25T14:08:12+00:00","description":"Luckyjet-games.com-sivustolla olemme sitoutuneet varmistamaan pelaajiemme yksityisyyden ja turvallisuuden.","breadcrumb":{"@id":"https:\/\/luckyjet-games.com\/privacy-policy\/#breadcrumb"},"inLanguage":"fi","potentialAction":[{"@type":"ReadAction","target":["https:\/\/luckyjet-games.com\/privacy-policy\/"]}]},{"@type":"BreadcrumbList","@id":"https:\/\/luckyjet-games.com\/privacy-policy\/#breadcrumb","itemListElement":[{"@type":"ListItem","position":1,"name":"Home","item":"https:\/\/luckyjet-games.com\/"},{"@type":"ListItem","position":2,"name":"Privacy Policy"}]},{"@type":"WebSite","@id":"https:\/\/luckyjet-games.com\/de\/#website","url":"https:\/\/luckyjet-games.com\/de\/","name":"Lucky Jet-pelit","description":"","publisher":{"@id":"https:\/\/luckyjet-games.com\/de\/#organization"},"potentialAction":[{"@type":"SearchAction","target":{"@type":"EntryPoint","urlTemplate":"https:\/\/luckyjet-games.com\/de\/?s={search_term_string}"},"query-input":{"@type":"PropertyValueSpecification","valueRequired":true,"valueName":"search_term_string"}}],"inLanguage":"fi"},{"@type":"Organization","@id":"https:\/\/luckyjet-games.com\/de\/#organization","name":"Lucky Jet-pelit","url":"https:\/\/luckyjet-games.com\/de\/","logo":{"@type":"ImageObject","inLanguage":"fi","@id":"https:\/\/luckyjet-games.com\/de\/#\/schema\/logo\/image\/","url":"https:\/\/luckyjet-games.com\/wp-content\/uploads\/2022\/10\/Lucky-Jet-Game.png","contentUrl":"https:\/\/luckyjet-games.com\/wp-content\/uploads\/2022\/10\/Lucky-Jet-Game.png","width":711,"height":599,"caption":"Lucky Jet Games"},"image":{"@id":"https:\/\/luckyjet-games.com\/de\/#\/schema\/logo\/image\/"}}]}},"_links":{"self":[{"href":"https:\/\/luckyjet-games.com\/fi\/wp-json\/wp\/v2\/pages\/360","targetHints":{"allow":["GET"]}}],"collection":[{"href":"https:\/\/luckyjet-games.com\/fi\/wp-json\/wp\/v2\/pages"}],"about":[{"href":"https:\/\/luckyjet-games.com\/fi\/wp-json\/wp\/v2\/types\/page"}],"author":[{"embeddable":true,"href":"https:\/\/luckyjet-games.com\/fi\/wp-json\/wp\/v2\/users\/2"}],"replies":[{"embeddable":true,"href":"https:\/\/luckyjet-games.com\/fi\/wp-json\/wp\/v2\/comments?post=360"}],"version-history":[{"count":0,"href":"https:\/\/luckyjet-games.com\/fi\/wp-json\/wp\/v2\/pages\/360\/revisions"}],"wp:attachment":[{"href":"https:\/\/luckyjet-games.com\/fi\/wp-json\/wp\/v2\/media?parent=360"}],"curies":[{"name":"wp","href":"https:\/\/api.w.org\/{rel}","templated":true}]}}