{"id":27,"date":"2022-10-07T14:43:44","date_gmt":"2022-10-07T14:43:44","guid":{"rendered":"https:\/\/luckyjet-games.com\/?page_id=27"},"modified":"2024-03-12T18:02:22","modified_gmt":"2024-03-12T18:02:22","slug":"how-to-download-lucky-jet-app","status":"publish","type":"page","link":"https:\/\/luckyjet-games.com\/fi\/download-lucky-jet-app\/","title":{"rendered":"Kuinka ladata Lucky Jet-sovellus"},"content":{"rendered":"<div style=\"text-align: center;\"><a class=\"glow-button\" href=\"#go\" data-go=\"go\">Pelaa Lucky Jet 1Win Casinolla<\/a><\/div>\n\n\n\n<p>On helppoa aloittaa pelaaminen <a href=\"https:\/\/luckyjet-games.com\/fi\/\">Lucky Jet-peli<\/a>. Peli on saatavilla Androidille, iOS:lle, Windowsille tai MacOS:lle.<\/p>\n\n\n<div class=\"wp-block-image\">\n<figure class=\"aligncenter\"><a href=\"#go\" data-go=\"go\" rel=\"noreferrer noopener\"><img decoding=\"async\" width=\"1022\" height=\"500\" src=\"https:\/\/luckyjet-games.com\/wp-content\/uploads\/2022\/10\/Jucky-Jet-App.jpg\" alt=\"Lucky Jet App\" class=\"wp-image-38\" srcset=\"https:\/\/luckyjet-games.com\/wp-content\/uploads\/2022\/10\/Jucky-Jet-App.jpg 1022w, https:\/\/luckyjet-games.com\/wp-content\/uploads\/2022\/10\/Jucky-Jet-App-300x147.jpg 300w, https:\/\/luckyjet-games.com\/wp-content\/uploads\/2022\/10\/Jucky-Jet-App-768x376.jpg 768w, https:\/\/luckyjet-games.com\/wp-content\/uploads\/2022\/10\/Jucky-Jet-App-82x40.jpg 82w, https:\/\/luckyjet-games.com\/wp-content\/uploads\/2022\/10\/Jucky-Jet-App-65x32.jpg 65w, https:\/\/luckyjet-games.com\/wp-content\/uploads\/2022\/10\/Jucky-Jet-App-164x80.jpg 164w, https:\/\/luckyjet-games.com\/wp-content\/uploads\/2022\/10\/Jucky-Jet-App-276x135.jpg 276w\" sizes=\"(max-width: 1022px) 100vw, 1022px\" \/><\/a><figcaption class=\"wp-element-caption\">Lucky Jet App<\/figcaption><\/figure>\n<\/div>\n\n\n<p>Lucky Jet on vain selainpeli, jota et l\u00f6yd\u00e4 mist\u00e4\u00e4n sovelluskaupasta. T\u00e4m\u00e4 johtuu Applen AppStoren ja Googlen Play Storen k\u00e4yt\u00e4nn\u00f6st\u00e4, jonka mukaan oikean rahan pelej\u00e4 ei sallita niiden valikoimissa. T\u00e4m\u00e4 toimii kuitenkin eduksemme, koska tarvitset peliin vain puhelimen, tietokoneen tai tabletin, jossa on selain, seuraa vain linkki\u00e4 ja aloita pelaaminen!<\/p>\n\n\n\n<figure class=\"wp-block-table\"><table><tbody><tr><td>Sovelluksen versio<\/td><td>37.02<\/td><\/tr><tr><td>Kustannukset<\/td><td>Vapaa<\/td><\/tr><tr><td>OS<\/td><td>iOS, Android<\/td><\/tr><tr><td>Play Market<\/td><td>Ei saatavilla<\/td><\/tr><tr><td>Apple Store<\/td><td>Ei saatavilla<\/td><\/tr><tr><td>\u00c4\u00e4nenvoimakkuus Androidille<\/td><td>43,12 Mb<\/td><\/tr><tr><td>\u00c4\u00e4nenvoimakkuus iOS:lle<\/td><td>23,4 Mb<\/td><\/tr><tr><td>Kasinon palvelu<\/td><td>Kyll\u00e4, jos sinulla on tili<\/td><\/tr><\/tbody><\/table><\/figure>\n\n\n\n<div id=\"ez-toc-container\" class=\"ez-toc-v2_0_75 counter-hierarchy ez-toc-counter ez-toc-grey ez-toc-container-direction\">\n<div class=\"ez-toc-title-container\">\n<p class=\"ez-toc-title\" style=\"cursor:inherit\">Sis\u00e4llysluettelo<\/p>\n<span class=\"ez-toc-title-toggle\"><a href=\"#\" class=\"ez-toc-pull-right ez-toc-btn ez-toc-btn-xs ez-toc-btn-default ez-toc-toggle\" aria-label=\"Sis\u00e4llysluettelon vaihtaminen\"><span class=\"ez-toc-js-icon-con\"><span class=\"\"><span class=\"eztoc-hide\" style=\"display:none;\">Toggle<\/span><span class=\"ez-toc-icon-toggle-span\"><svg style=\"fill: #999;color:#999\" xmlns=\"http:\/\/www.w3.org\/2000\/svg\" class=\"list-377408\" width=\"20px\" height=\"20px\" viewbox=\"0 0 24 24\" fill=\"none\"><path d=\"M6 6H4v2h2V6zm14 0H8v2h12V6zM4 11h2v2H4v-2zm16 0H8v2h12v-2zM4 16h2v2H4v-2zm16 0H8v2h12v-2z\" fill=\"currentColor\"><\/path><\/svg><svg style=\"fill: #999;color:#999\" class=\"arrow-unsorted-368013\" xmlns=\"http:\/\/www.w3.org\/2000\/svg\" width=\"10px\" height=\"10px\" viewbox=\"0 0 24 24\" version=\"1.2\" baseprofile=\"tiny\"><path d=\"M18.2 9.3l-6.2-6.3-6.2 6.3c-.2.2-.3.4-.3.7s.1.5.3.7c.2.2.4.3.7.3h11c.3 0 .5-.1.7-.3.2-.2.3-.5.3-.7s-.1-.5-.3-.7zM5.8 14.7l6.2 6.3 6.2-6.3c.2-.2.3-.5.3-.7s-.1-.5-.3-.7c-.2-.2-.4-.3-.7-.3h-11c-.3 0-.5.1-.7.3-.2.2-.3.5-.3.7s.1.5.3.7z\"\/><\/svg><\/span><\/span><\/span><\/a><\/span><\/div>\n<nav><ul class='ez-toc-list ez-toc-list-level-1 eztoc-toggle-hide-by-default' ><li class='ez-toc-page-1 ez-toc-heading-level-2'><a class=\"ez-toc-link ez-toc-heading-1\" href=\"https:\/\/luckyjet-games.com\/fi\/download-lucky-jet-app\/#Play_Lucky_Jet_for_free_at_1Win_Casino\" >Pelaa Lucky Jet:t\u00e4 ilmaiseksi 1Win Casinolla<\/a><\/li><li class='ez-toc-page-1 ez-toc-heading-level-2'><a class=\"ez-toc-link ez-toc-heading-2\" href=\"https:\/\/luckyjet-games.com\/fi\/download-lucky-jet-app\/#Download_Lucky_Jet_%E2%80%93_Play_for_real_money\" >Lataa Lucky Jet - Pelaa oikealla rahalla<\/a><\/li><li class='ez-toc-page-1 ez-toc-heading-level-2'><a class=\"ez-toc-link ez-toc-heading-3\" href=\"https:\/\/luckyjet-games.com\/fi\/download-lucky-jet-app\/#Download_app_on_your_Android\" >Lataa sovellus Android-laitteeseen<\/a><ul class='ez-toc-list-level-3' ><li class='ez-toc-heading-level-3'><a class=\"ez-toc-link ez-toc-heading-4\" href=\"https:\/\/luckyjet-games.com\/fi\/download-lucky-jet-app\/#Follow_the_link\" >Seuraa linkki\u00e4:<\/a><\/li><li class='ez-toc-page-1 ez-toc-heading-level-3'><a class=\"ez-toc-link ez-toc-heading-5\" href=\"https:\/\/luckyjet-games.com\/fi\/download-lucky-jet-app\/#Use_Chrome_menu\" >K\u00e4yt\u00e4 Chrome-valikkoa:<\/a><\/li><\/ul><\/li><li class='ez-toc-page-1 ez-toc-heading-level-2'><a class=\"ez-toc-link ez-toc-heading-6\" href=\"https:\/\/luckyjet-games.com\/fi\/download-lucky-jet-app\/#Download_for_iOS\" >Lataa iOS:lle<\/a><\/li><li class='ez-toc-page-1 ez-toc-heading-level-2'><a class=\"ez-toc-link ez-toc-heading-7\" href=\"https:\/\/luckyjet-games.com\/fi\/download-lucky-jet-app\/#Play_Lucky_Jet_game_on_your_computer\" >Pelaa Lucky Jet-peli\u00e4 tietokoneellasi<\/a><\/li><li class='ez-toc-page-1 ez-toc-heading-level-2'><a class=\"ez-toc-link ez-toc-heading-8\" href=\"https:\/\/luckyjet-games.com\/fi\/download-lucky-jet-app\/#Conclusion\" >P\u00e4\u00e4telm\u00e4<\/a><\/li><\/ul><\/nav><\/div>\n<h2 class=\"wp-block-heading\"><span class=\"ez-toc-section\" id=\"Play_Lucky_Jet_for_free_at_1Win_Casino\"><\/span>Pelaa Lucky Jet:t\u00e4 ilmaiseksi 1Win Casinolla<span class=\"ez-toc-section-end\"><\/span><\/h2>\n\n\n\n<p>Saat tilaisuuden rentoutua ja pit\u00e4\u00e4 hauskaa Lucky Jet:n kanssa kuluttamatta sentti\u00e4k\u00e4\u00e4n. Nettikasinot tarjoavat jokaiselle pelaajalle bonussaldon, jolla voi pelata kolikkopelej\u00e4, rulettia, pokeria tai t\u00f6rm\u00e4yspelej\u00e4. Seuraa linkki\u00e4, rekister\u00f6idy ja aloita pelaaminen ilman riskej\u00e4.<\/p>\n\n\n\n<div style=\"text-align: center;\"><a class=\"glow-button\" href=\"#go\" data-go=\"go\">\ud83d\udcf1 Lataa Lucky Jet-peli<\/a><\/div>\n\n\n\n<h2 class=\"wp-block-heading\"><span class=\"ez-toc-section\" id=\"Download_Lucky_Jet_%E2%80%93_Play_for_real_money\"><\/span>Lataa Lucky Jet - Pelaa oikealla rahalla<span class=\"ez-toc-section-end\"><\/span><\/h2>\n\n\n\n<p>Ainoa tapa nauttia pelist\u00e4 on, kun on mahdollisuus voittaa suuria summia. Ja Lucky Jet-peliss\u00e4 se on ehdottomasti mahdollista! Varsinkin jos noudatat yksinkertaisia strategioitamme. Vain muutamalla klikkauksella Lucky Joe voi auttaa moninkertaistamaan tulosi merkitt\u00e4v\u00e4sti. Jotta sinulla olisi aina p\u00e4\u00e4sy Lucky Jet-peliin, seuraa vain alla olevia ohjeita.<\/p>\n\n\n<div class=\"wp-block-image wp-image-40 size-full\">\n<figure class=\"aligncenter\"><a href=\"#go\" data-go=\"go\" rel=\"noreferrer noopener\"><img decoding=\"async\" width=\"439\" height=\"459\" src=\"https:\/\/luckyjet-games.com\/wp-content\/uploads\/2022\/10\/Download-Jucky-Jet.jpg\" alt=\"Lataa Lucky Jet\" class=\"wp-image-40\" srcset=\"https:\/\/luckyjet-games.com\/wp-content\/uploads\/2022\/10\/Download-Jucky-Jet.jpg 439w, https:\/\/luckyjet-games.com\/wp-content\/uploads\/2022\/10\/Download-Jucky-Jet-287x300.jpg 287w, https:\/\/luckyjet-games.com\/wp-content\/uploads\/2022\/10\/Download-Jucky-Jet-38x40.jpg 38w, https:\/\/luckyjet-games.com\/wp-content\/uploads\/2022\/10\/Download-Jucky-Jet-31x32.jpg 31w, https:\/\/luckyjet-games.com\/wp-content\/uploads\/2022\/10\/Download-Jucky-Jet-77x80.jpg 77w, https:\/\/luckyjet-games.com\/wp-content\/uploads\/2022\/10\/Download-Jucky-Jet-129x135.jpg 129w\" sizes=\"(max-width: 439px) 100vw, 439px\" \/><\/a><figcaption class=\"wp-element-caption\">Lataa Lucky Jet<\/figcaption><\/figure>\n<\/div>\n\n\n<h2 class=\"wp-block-heading\"><span class=\"ez-toc-section\" id=\"Download_app_on_your_Android\"><\/span>Lataa sovellus Android-laitteeseen<span class=\"ez-toc-section-end\"><\/span><\/h2>\n\n\n\n<p>P\u00e4\u00e4set helposti peliin Android-tableteilla asentamalla sovelluksen. Etsi vain Lucky Jet peliluettelosta sovelluksen asentamisen j\u00e4lkeen. Jos k\u00e4yt\u00e4t puhelinta, siirry kasinon verkkosivustolle Chrome-selaimella. Sovellusten asentamiseen on kaksi tapaa:<\/p>\n\n\n\n<h3 class=\"wp-block-heading\"><span class=\"ez-toc-section\" id=\"Follow_the_link\"><\/span>Seuraa linkki\u00e4:<span class=\"ez-toc-section-end\"><\/span><\/h3>\n\n\n\n<ul class=\"wp-block-list\">\n<li>Selaa alasp\u00e4in kohtaan \"Tiedot\";<\/li>\n\n\n\n<li>Valitse Android-sovellus. Kun lataus on valmis, siirry kohtaan \"Asetukset\" ja valitse \"Lis\u00e4asetukset\". Valitse \"Android-sovellus\" ja odota, ett\u00e4 ohjelma asennetaan.<\/li>\n\n\n\n<li>Asenna .apk-tiedosto, kun se on ladattu.<\/li>\n<\/ul>\n\n\n\n<h3 class=\"wp-block-heading\"><span class=\"ez-toc-section\" id=\"Use_Chrome_menu\"><\/span>K\u00e4yt\u00e4 Chrome-valikkoa:<span class=\"ez-toc-section-end\"><\/span><\/h3>\n\n\n\n<ul class=\"wp-block-list\">\n<li>Napsauta selainvalikkoa oikeassa yl\u00e4kulmassa. (Sen pit\u00e4isi n\u00e4ytt\u00e4\u00e4 kolmelta pisteelt\u00e4.)<\/li>\n\n\n\n<li>Valitse \"Asenna sovellus\";<\/li>\n\n\n\n<li>Napsauta \"Install\" (Asenna) ponnahdusikkunassa;<\/li>\n\n\n\n<li>Kasinon kuvake ilmestyy sovellusluetteloon.<\/li>\n<\/ul>\n\n\n<div class=\"wp-block-image wp-image-41 size-full\">\n<figure class=\"aligncenter\"><a href=\"#go\" data-go=\"go\" rel=\"noreferrer noopener\"><img decoding=\"async\" width=\"245\" height=\"467\" src=\"https:\/\/luckyjet-games.com\/wp-content\/uploads\/2022\/10\/Jucky-Jet-Download.jpg\" alt=\"Lucky Jet Lataa\" class=\"wp-image-41\" srcset=\"https:\/\/luckyjet-games.com\/wp-content\/uploads\/2022\/10\/Jucky-Jet-Download.jpg 245w, https:\/\/luckyjet-games.com\/wp-content\/uploads\/2022\/10\/Jucky-Jet-Download-157x300.jpg 157w, https:\/\/luckyjet-games.com\/wp-content\/uploads\/2022\/10\/Jucky-Jet-Download-21x40.jpg 21w, https:\/\/luckyjet-games.com\/wp-content\/uploads\/2022\/10\/Jucky-Jet-Download-17x32.jpg 17w, https:\/\/luckyjet-games.com\/wp-content\/uploads\/2022\/10\/Jucky-Jet-Download-42x80.jpg 42w, https:\/\/luckyjet-games.com\/wp-content\/uploads\/2022\/10\/Jucky-Jet-Download-71x135.jpg 71w\" sizes=\"(max-width: 245px) 100vw, 245px\" \/><\/a><figcaption class=\"wp-element-caption\">Lucky Jet Lataa<\/figcaption><\/figure>\n<\/div>\n\n\n<div style=\"text-align: center;\"><a class=\"glow-button\" href=\"#go\" data-go=\"go\">Pelaa Lucky Jet<\/a><\/div>\n\n\n\n<h2 class=\"wp-block-heading\"><span class=\"ez-toc-section\" id=\"Download_for_iOS\"><\/span>Lataa iOS:lle<span class=\"ez-toc-section-end\"><\/span><\/h2>\n\n\n\n<p>Jos haluat asentaa pelin iPhoneen tai iPadiin, sinun on luotava kirjanmerkki Safariin ja l\u00e4hetett\u00e4v\u00e4 se p\u00e4\u00e4n\u00e4ytt\u00f6\u00f6n. Voit tehd\u00e4 t\u00e4m\u00e4n:<\/p>\n\n\n\n<ul class=\"wp-block-list\">\n<li>avaa Safari iPhonessa;<\/li>\n\n\n\n<li>siirry kasinon verkkosivustolle;<\/li>\n\n\n\n<li>klikkaa \"Avaa\"-painiketta;<\/li>\n\n\n\n<li>valitse \"p\u00e4\u00e4n\u00e4ytt\u00f6\";<\/li>\n\n\n\n<li>kasinokuvake ilmestyy puhelimen p\u00e4\u00e4n\u00e4ytt\u00f6\u00f6n.<\/li>\n<\/ul>\n\n\n\n<h2 class=\"wp-block-heading\"><span class=\"ez-toc-section\" id=\"Play_Lucky_Jet_game_on_your_computer\"><\/span>Pelaa Lucky Jet-peli\u00e4 tietokoneellasi<span class=\"ez-toc-section-end\"><\/span><\/h2>\n\n\n\n<p>Peli on saatavilla ainoastaan verkkoversiona sek\u00e4 Windowsille ett\u00e4 MacOS:lle. Peli l\u00f6ytyy aina 1win-sivuston pelikokoelmasta. Jos haluat saada v\u00e4lit\u00f6nt\u00e4 palautetta pelist\u00e4si, \u00e4l\u00e4 unohda merkit\u00e4 sivustoa kirjanmerkkeihin!<\/p>\n\n\n<div class=\"wp-block-image wp-image-42 size-full\">\n<figure class=\"aligncenter\"><a href=\"#go\" data-go=\"go\" rel=\"noreferrer noopener\"><img decoding=\"async\" width=\"694\" height=\"427\" src=\"https:\/\/luckyjet-games.com\/wp-content\/uploads\/2022\/10\/Play-Jucky-Jet-Game.jpg\" alt=\"Pelaa Lucky Jet-peli\u00e4\" class=\"wp-image-42\" srcset=\"https:\/\/luckyjet-games.com\/wp-content\/uploads\/2022\/10\/Play-Jucky-Jet-Game.jpg 694w, https:\/\/luckyjet-games.com\/wp-content\/uploads\/2022\/10\/Play-Jucky-Jet-Game-300x185.jpg 300w, https:\/\/luckyjet-games.com\/wp-content\/uploads\/2022\/10\/Play-Jucky-Jet-Game-65x40.jpg 65w, https:\/\/luckyjet-games.com\/wp-content\/uploads\/2022\/10\/Play-Jucky-Jet-Game-52x32.jpg 52w, https:\/\/luckyjet-games.com\/wp-content\/uploads\/2022\/10\/Play-Jucky-Jet-Game-130x80.jpg 130w, https:\/\/luckyjet-games.com\/wp-content\/uploads\/2022\/10\/Play-Jucky-Jet-Game-219x135.jpg 219w\" sizes=\"(max-width: 694px) 100vw, 694px\" \/><\/a><figcaption class=\"wp-element-caption\">Pelaa Lucky Jet-peli\u00e4<\/figcaption><\/figure>\n<\/div>\n\n\n<div style=\"text-align: center;\"><a class=\"glow-button\" href=\"#go\" data-go=\"go\">Pelaa Lucky Jet matkapuhelimesta<\/a><\/div>\n\n\n\n<h2 class=\"wp-block-heading\"><span class=\"ez-toc-section\" id=\"Conclusion\"><\/span>P\u00e4\u00e4telm\u00e4<span class=\"ez-toc-section-end\"><\/span><\/h2>\n\n\n\n<p>Lucky Jet on peli, jota on helppo pelata mill\u00e4 tahansa laitteella. Tarvitset vain selaimen. Ja jos haluat pelata oikealla rahalla, lataa sovellus tai k\u00e4yt\u00e4 verkkoversiota tietokoneellasi. Pienell\u00e4 tuurilla Lucky Jet voi auttaa sinua tekem\u00e4\u00e4n kunnon voittoja!<\/p>\n<div class=\"author-card author-card--top\"><img alt='Avatar kuva' src='https:\/\/luckyjet-games.com\/wp-content\/uploads\/2023\/03\/Chris-Hodge-130x130.jpg' srcset='https:\/\/luckyjet-games.com\/wp-content\/uploads\/2023\/03\/Chris-Hodge-260x260.jpg 2x' class='avatar avatar-130 photo author-image' height='130' width='130' \/><div class=\"author-content text-md-center\"><span class=\"author-title\">Kirjoittaja<\/span><a href=\"https:\/\/luckyjet-games.com\/fi\/author\/chris-hodge\/\" class=\"author-name\">Chris Hodge<\/a><p class=\"author__details\">Chris Hodge on rahapelien asiantuntija. H\u00e4n on pelannut ja tutkinut kasinopelej\u00e4 yli 10 vuoden ajan. T\u00e4n\u00e4 aikana h\u00e4n on kehitt\u00e4nyt syv\u00e4llisen ymm\u00e4rryksen strategioista ja mekaniikasta jokaisen kasinopelin takana.<br \/>\r\n<br \/>\r\nChrisin tiet\u00e4mys ja asiantuntemus ovat johtaneet siihen, ett\u00e4 h\u00e4n on ollut s\u00e4\u00e4nn\u00f6llinen kirjoittaja useissa parhaimmissa uhkapelijulkaisuissa. Kasinot pyyt\u00e4v\u00e4t h\u00e4nt\u00e4 my\u00f6s usein antamaan asiantuntija-apua uusista peleist\u00e4 ja kampanjoista.<\/p><\/div><!-- \/.author-content --><\/div>","protected":false},"excerpt":{"rendered":"<p>Pelaa Lucky Jet 1Win Casinolla Lucky Jet-pelin pelaaminen on helppoa. Peli on saatavilla Androidille, iOS:lle ja Windowsille tai MacOS:lle. Lucky Jet on vain selainpeli, et l\u00f6yd\u00e4 sit\u00e4 mist\u00e4\u00e4n sovelluskaupasta. T\u00e4m\u00e4 johtuu Applen AppStoren ja Googlen Play Storen [...]<\/p>","protected":false},"author":2,"featured_media":0,"parent":0,"menu_order":0,"comment_status":"closed","ping_status":"closed","template":"page-no-sidebar.php","meta":{"_acf_changed":false,"footnotes":""},"class_list":["post-27","page","type-page","status-publish","hentry"],"acf":[],"yoast_head":"<!-- This site is optimized with the Yoast SEO plugin v26.7 - https:\/\/yoast.com\/wordpress\/plugins\/seo\/ -->\n<title>How to Download Lucky Jet App: Android, iPhone, Windows or Mac<\/title>\n<meta name=\"description\" content=\"How to download Lucky Jet App for Android, iPhone, Windows or Mac. Download Lucky Jet 1win casino game on your smartphone \ud83d\ude80 How to Install Lucky Jet apk\" \/>\n<meta name=\"robots\" content=\"index, follow, max-snippet:-1, max-image-preview:large, max-video-preview:-1\" \/>\n<link rel=\"canonical\" href=\"https:\/\/luckyjet-games.com\/fi\/download-lucky-jet-app\/\" \/>\n<meta property=\"og:locale\" content=\"fi_FI\" \/>\n<meta property=\"og:type\" content=\"article\" \/>\n<meta property=\"og:title\" content=\"How to Download Lucky Jet App: Android, iPhone, Windows or Mac\" \/>\n<meta property=\"og:description\" content=\"How to download Lucky Jet App for Android, iPhone, Windows or Mac. Download Lucky Jet 1win casino game on your smartphone \ud83d\ude80 How to Install Lucky Jet apk\" \/>\n<meta property=\"og:url\" content=\"https:\/\/luckyjet-games.com\/fi\/download-lucky-jet-app\/\" \/>\n<meta property=\"og:site_name\" content=\"Lucky Jet Games\" \/>\n<meta property=\"article:modified_time\" content=\"2024-03-12T18:02:22+00:00\" \/>\n<meta property=\"og:image\" content=\"https:\/\/luckyjet-games.com\/wp-content\/uploads\/2022\/10\/Jucky-Jet-App.jpg\" \/>\n<meta name=\"twitter:card\" content=\"summary_large_image\" \/>\n<meta name=\"twitter:label1\" content=\"Arvioitu lukuaika\" \/>\n\t<meta name=\"twitter:data1\" content=\"4 minuuttia\" \/>\n<!-- \/ Yoast SEO plugin. -->","yoast_head_json":{"title":"Kuinka ladata Lucky Jet-sovellus: Android, iPhone, Windows tai Mac","description":"Kuinka ladata Lucky Jet-sovellus Androidille, iPhonelle, Windowsille tai Macille. Lataa Lucky Jet 1win kasinopeli \u00e4lypuhelimeesi \ud83d\ude80 Kuinka asentaa Lucky Jet apk","robots":{"index":"index","follow":"follow","max-snippet":"max-snippet:-1","max-image-preview":"max-image-preview:large","max-video-preview":"max-video-preview:-1"},"canonical":"https:\/\/luckyjet-games.com\/fi\/download-lucky-jet-app\/","og_locale":"fi_FI","og_type":"article","og_title":"How to Download Lucky Jet App: Android, iPhone, Windows or Mac","og_description":"How to download Lucky Jet App for Android, iPhone, Windows or Mac. Download Lucky Jet 1win casino game on your smartphone \ud83d\ude80 How to Install Lucky Jet apk","og_url":"https:\/\/luckyjet-games.com\/fi\/download-lucky-jet-app\/","og_site_name":"Lucky Jet Games","article_modified_time":"2024-03-12T18:02:22+00:00","og_image":[{"url":"https:\/\/luckyjet-games.com\/wp-content\/uploads\/2022\/10\/Jucky-Jet-App.jpg","type":"","width":"","height":""}],"twitter_card":"summary_large_image","twitter_misc":{"Arvioitu lukuaika":"4 minuuttia"},"schema":{"@context":"https:\/\/schema.org","@graph":[{"@type":"WebPage","@id":"https:\/\/luckyjet-games.com\/download-lucky-jet-app\/","url":"https:\/\/luckyjet-games.com\/download-lucky-jet-app\/","name":"Kuinka ladata Lucky Jet-sovellus: Android, iPhone, Windows tai Mac","isPartOf":{"@id":"https:\/\/luckyjet-games.com\/de\/#website"},"primaryImageOfPage":{"@id":"https:\/\/luckyjet-games.com\/download-lucky-jet-app\/#primaryimage"},"image":{"@id":"https:\/\/luckyjet-games.com\/download-lucky-jet-app\/#primaryimage"},"thumbnailUrl":"https:\/\/luckyjet-games.com\/wp-content\/uploads\/2022\/10\/Jucky-Jet-App.jpg","datePublished":"2022-10-07T14:43:44+00:00","dateModified":"2024-03-12T18:02:22+00:00","description":"Kuinka ladata Lucky Jet-sovellus Androidille, iPhonelle, Windowsille tai Macille. Lataa Lucky Jet 1win kasinopeli \u00e4lypuhelimeesi \ud83d\ude80 Kuinka asentaa Lucky Jet apk","breadcrumb":{"@id":"https:\/\/luckyjet-games.com\/download-lucky-jet-app\/#breadcrumb"},"inLanguage":"fi","potentialAction":[{"@type":"ReadAction","target":["https:\/\/luckyjet-games.com\/download-lucky-jet-app\/"]}]},{"@type":"ImageObject","inLanguage":"fi","@id":"https:\/\/luckyjet-games.com\/download-lucky-jet-app\/#primaryimage","url":"https:\/\/luckyjet-games.com\/wp-content\/uploads\/2022\/10\/Jucky-Jet-App.jpg","contentUrl":"https:\/\/luckyjet-games.com\/wp-content\/uploads\/2022\/10\/Jucky-Jet-App.jpg"},{"@type":"BreadcrumbList","@id":"https:\/\/luckyjet-games.com\/download-lucky-jet-app\/#breadcrumb","itemListElement":[{"@type":"ListItem","position":1,"name":"Home","item":"https:\/\/luckyjet-games.com\/"},{"@type":"ListItem","position":2,"name":"How to Download Lucky Jet App"}]},{"@type":"WebSite","@id":"https:\/\/luckyjet-games.com\/de\/#website","url":"https:\/\/luckyjet-games.com\/de\/","name":"Lucky Jet-pelit","description":"","publisher":{"@id":"https:\/\/luckyjet-games.com\/de\/#organization"},"potentialAction":[{"@type":"SearchAction","target":{"@type":"EntryPoint","urlTemplate":"https:\/\/luckyjet-games.com\/de\/?s={search_term_string}"},"query-input":{"@type":"PropertyValueSpecification","valueRequired":true,"valueName":"search_term_string"}}],"inLanguage":"fi"},{"@type":"Organization","@id":"https:\/\/luckyjet-games.com\/de\/#organization","name":"Lucky Jet-pelit","url":"https:\/\/luckyjet-games.com\/de\/","logo":{"@type":"ImageObject","inLanguage":"fi","@id":"https:\/\/luckyjet-games.com\/de\/#\/schema\/logo\/image\/","url":"https:\/\/luckyjet-games.com\/wp-content\/uploads\/2022\/10\/Lucky-Jet-Game.png","contentUrl":"https:\/\/luckyjet-games.com\/wp-content\/uploads\/2022\/10\/Lucky-Jet-Game.png","width":711,"height":599,"caption":"Lucky Jet Games"},"image":{"@id":"https:\/\/luckyjet-games.com\/de\/#\/schema\/logo\/image\/"}}]}},"_links":{"self":[{"href":"https:\/\/luckyjet-games.com\/fi\/wp-json\/wp\/v2\/pages\/27","targetHints":{"allow":["GET"]}}],"collection":[{"href":"https:\/\/luckyjet-games.com\/fi\/wp-json\/wp\/v2\/pages"}],"about":[{"href":"https:\/\/luckyjet-games.com\/fi\/wp-json\/wp\/v2\/types\/page"}],"author":[{"embeddable":true,"href":"https:\/\/luckyjet-games.com\/fi\/wp-json\/wp\/v2\/users\/2"}],"replies":[{"embeddable":true,"href":"https:\/\/luckyjet-games.com\/fi\/wp-json\/wp\/v2\/comments?post=27"}],"version-history":[{"count":0,"href":"https:\/\/luckyjet-games.com\/fi\/wp-json\/wp\/v2\/pages\/27\/revisions"}],"wp:attachment":[{"href":"https:\/\/luckyjet-games.com\/fi\/wp-json\/wp\/v2\/media?parent=27"}],"curies":[{"name":"wp","href":"https:\/\/api.w.org\/{rel}","templated":true}]}}