{"id":77,"date":"2022-10-11T10:15:50","date_gmt":"2022-10-11T10:15:50","guid":{"rendered":"https:\/\/luckyjet-games.com\/?page_id=77"},"modified":"2024-03-13T18:55:21","modified_gmt":"2024-03-13T18:55:21","slug":"lucky-jet-demo-version-free-play","status":"publish","type":"page","link":"https:\/\/luckyjet-games.com\/es\/lucky-jet-demo\/","title":{"rendered":"Lucky Jet Versi\u00f3n demo - Juego gratuito"},"content":{"rendered":"<div style=\"text-align: center;\"><a class=\"glow-button-new\" href=\"#go\" data-go=\"go\">Jugar Lucky Jet Demo o Dinero Real<\/a><\/div>\n\n\n<div class=\"wp-block-image\">\n<figure class=\"aligncenter\"><a href=\"#go\" data-go=\"go\"><img decoding=\"async\" width=\"589\" height=\"441\" src=\"https:\/\/luckyjet-games.com\/wp-content\/uploads\/2022\/10\/Lucky-Jet-Demo-Game.jpg\" alt=\"Juego de demostraci\u00f3n Lucky Jet\" class=\"wp-image-82\" srcset=\"https:\/\/luckyjet-games.com\/wp-content\/uploads\/2022\/10\/Lucky-Jet-Demo-Game.jpg 589w, https:\/\/luckyjet-games.com\/wp-content\/uploads\/2022\/10\/Lucky-Jet-Demo-Game-300x225.jpg 300w, https:\/\/luckyjet-games.com\/wp-content\/uploads\/2022\/10\/Lucky-Jet-Demo-Game-53x40.jpg 53w, https:\/\/luckyjet-games.com\/wp-content\/uploads\/2022\/10\/Lucky-Jet-Demo-Game-450x338.jpg 450w, https:\/\/luckyjet-games.com\/wp-content\/uploads\/2022\/10\/Lucky-Jet-Demo-Game-43x32.jpg 43w, https:\/\/luckyjet-games.com\/wp-content\/uploads\/2022\/10\/Lucky-Jet-Demo-Game-107x80.jpg 107w, https:\/\/luckyjet-games.com\/wp-content\/uploads\/2022\/10\/Lucky-Jet-Demo-Game-180x135.jpg 180w\" sizes=\"(max-width: 589px) 100vw, 589px\" \/><\/a><figcaption class=\"wp-element-caption\">Juego de demostraci\u00f3n Lucky Jet<\/figcaption><\/figure>\n<\/div>\n\n\n<p>Este juego es gratuito y viene precargado con 2000 monedas. La diversi\u00f3n parece no terminar nunca debido a la alta tasa de retorno.<\/p>\n\n\n\n<div id=\"ez-toc-container\" class=\"ez-toc-v2_0_75 counter-hierarchy ez-toc-counter ez-toc-grey ez-toc-container-direction\">\n<div class=\"ez-toc-title-container\">\n<p class=\"ez-toc-title\" style=\"cursor:inherit\">Tabla de contenido<\/p>\n<span class=\"ez-toc-title-toggle\"><a href=\"#\" class=\"ez-toc-pull-right ez-toc-btn ez-toc-btn-xs ez-toc-btn-default ez-toc-toggle\" aria-label=\"Alternar tabla de contenidos\"><span class=\"ez-toc-js-icon-con\"><span class=\"\"><span class=\"eztoc-hide\" style=\"display:none;\">Toggle<\/span><span class=\"ez-toc-icon-toggle-span\"><svg style=\"fill: #999;color:#999\" xmlns=\"http:\/\/www.w3.org\/2000\/svg\" class=\"list-377408\" width=\"20px\" height=\"20px\" viewbox=\"0 0 24 24\" fill=\"none\"><path d=\"M6 6H4v2h2V6zm14 0H8v2h12V6zM4 11h2v2H4v-2zm16 0H8v2h12v-2zM4 16h2v2H4v-2zm16 0H8v2h12v-2z\" fill=\"currentColor\"><\/path><\/svg><svg style=\"fill: #999;color:#999\" class=\"arrow-unsorted-368013\" xmlns=\"http:\/\/www.w3.org\/2000\/svg\" width=\"10px\" height=\"10px\" viewbox=\"0 0 24 24\" version=\"1.2\" baseprofile=\"tiny\"><path d=\"M18.2 9.3l-6.2-6.3-6.2 6.3c-.2.2-.3.4-.3.7s.1.5.3.7c.2.2.4.3.7.3h11c.3 0 .5-.1.7-.3.2-.2.3-.5.3-.7s-.1-.5-.3-.7zM5.8 14.7l6.2 6.3 6.2-6.3c.2-.2.3-.5.3-.7s-.1-.5-.3-.7c-.2-.2-.4-.3-.7-.3h-11c-.3 0-.5.1-.7.3-.2.2-.3.5-.3.7s.1.5.3.7z\"\/><\/svg><\/span><\/span><\/span><\/a><\/span><\/div>\n<nav><ul class='ez-toc-list ez-toc-list-level-1 eztoc-toggle-hide-by-default' ><li class='ez-toc-page-1 ez-toc-heading-level-2'><a class=\"ez-toc-link ez-toc-heading-1\" href=\"https:\/\/luckyjet-games.com\/es\/lucky-jet-demo\/#How_to_Play_Lucky_Jet_Game_for_Free\" >\u00bfC\u00f3mo jugar al juego Lucky Jet gratis?<\/a><\/li><li class='ez-toc-page-1 ez-toc-heading-level-2'><a class=\"ez-toc-link ez-toc-heading-2\" href=\"https:\/\/luckyjet-games.com\/es\/lucky-jet-demo\/#Where_I_can_find_Lucky_Jet_Game\" >\u00bfD\u00f3nde puedo encontrar el juego Lucky Jet?<\/a><\/li><li class='ez-toc-page-1 ez-toc-heading-level-2'><a class=\"ez-toc-link ez-toc-heading-3\" href=\"https:\/\/luckyjet-games.com\/es\/lucky-jet-demo\/#Best_Casinos_Where_to_Play_Lucky_Jet_Demo\" >Los mejores casinos donde jugar a la demo de Lucky Jet<\/a><ul class='ez-toc-list-level-3' ><li class='ez-toc-heading-level-3'><a class=\"ez-toc-link ez-toc-heading-4\" href=\"https:\/\/luckyjet-games.com\/es\/lucky-jet-demo\/#1Win_Casino\" >1Win<\/a><\/li><li class='ez-toc-page-1 ez-toc-heading-level-3'><a class=\"ez-toc-link ez-toc-heading-5\" href=\"https:\/\/luckyjet-games.com\/es\/lucky-jet-demo\/#Cbet_Casino\" >Casino Cbet<\/a><\/li><li class='ez-toc-page-1 ez-toc-heading-level-3'><a class=\"ez-toc-link ez-toc-heading-6\" href=\"https:\/\/luckyjet-games.com\/es\/lucky-jet-demo\/#Betano_Casino\" >Casino Betano<\/a><\/li><li class='ez-toc-page-1 ez-toc-heading-level-3'><a class=\"ez-toc-link ez-toc-heading-7\" href=\"https:\/\/luckyjet-games.com\/es\/lucky-jet-demo\/#Pin_Up_Casino\" >Casino Pin Up<\/a><\/li><li class='ez-toc-page-1 ez-toc-heading-level-3'><a class=\"ez-toc-link ez-toc-heading-8\" href=\"https:\/\/luckyjet-games.com\/es\/lucky-jet-demo\/#LeoVegas\" >LeoVegas<\/a><\/li><\/ul><\/li><li class='ez-toc-page-1 ez-toc-heading-level-2'><a class=\"ez-toc-link ez-toc-heading-9\" href=\"https:\/\/luckyjet-games.com\/es\/lucky-jet-demo\/#Advantages_of_Playing_Lucky_Jet_for_Free\" >Ventajas de jugar gratis a Lucky Jet<\/a><\/li><li class='ez-toc-page-1 ez-toc-heading-level-2'><a class=\"ez-toc-link ez-toc-heading-10\" href=\"https:\/\/luckyjet-games.com\/es\/lucky-jet-demo\/#Conclusion\" >Conclusi\u00f3n<\/a><\/li><li class='ez-toc-page-1 ez-toc-heading-level-2'><a class=\"ez-toc-link ez-toc-heading-11\" href=\"https:\/\/luckyjet-games.com\/es\/lucky-jet-demo\/#FAQ\" >PREGUNTAS FRECUENTES<\/a><ul class='ez-toc-list-level-3' ><li class='ez-toc-heading-level-3'><a class=\"ez-toc-link ez-toc-heading-12\" href=\"https:\/\/luckyjet-games.com\/es\/lucky-jet-demo\/#What_is_Lucky_Jet\" >\u00bfQu\u00e9 es el Lucky Jet?<\/a><\/li><li class='ez-toc-page-1 ez-toc-heading-level-3'><a class=\"ez-toc-link ez-toc-heading-13\" href=\"https:\/\/luckyjet-games.com\/es\/lucky-jet-demo\/#How_do_I_play_Lucky_Jet\" >\u00bfC\u00f3mo se juega al Lucky Jet?<\/a><\/li><li class='ez-toc-page-1 ez-toc-heading-level-3'><a class=\"ez-toc-link ez-toc-heading-14\" href=\"https:\/\/luckyjet-games.com\/es\/lucky-jet-demo\/#Can_I_play_Lucky_Jet_for_free\" >\u00bfPuedo jugar gratis a Lucky Jet?<\/a><\/li><li class='ez-toc-page-1 ez-toc-heading-level-3'><a class=\"ez-toc-link ez-toc-heading-15\" href=\"https:\/\/luckyjet-games.com\/es\/lucky-jet-demo\/#Can_I_win_real_money_playing_Lucky_Jet\" >\u00bfPuedo ganar dinero real jugando a Lucky Jet?<\/a><\/li><\/ul><\/li><\/ul><\/nav><\/div>\n<h2 class=\"wp-block-heading\"><span class=\"ez-toc-section\" id=\"How_to_Play_Lucky_Jet_Game_for_Free\"><\/span>\u00bfC\u00f3mo jugar al juego Lucky Jet gratis?<span class=\"ez-toc-section-end\"><\/span><\/h2>\n\n\n\n<p>Lo mejor de la gratuidad <a href=\"https:\/\/luckyjet-games.com\/es\/\">Juego Lucky Jet<\/a> es que puede jugarlos para divertirse o practicar sin tener que apostar nada de su propio dinero. Esto es especialmente cierto con Lucky Jet. Puede elegir jugar en el modo de demostraci\u00f3n, lo que le permite hacerse una idea de c\u00f3mo funciona el juego antes de arriesgar su propio dinero. Tambi\u00e9n puede utilizar las monedas gratuitas que vienen precargadas con el juego para empezar a girar los rodillos y ver si la suerte est\u00e1 de su lado.<\/p>\n\n\n\n<p>Tanto si eres un principiante como un jugador experimentado, Lucky Jet es un gran juego para probar gracias a sus sencillas reglas y grandes pagos.<\/p>\n\n\n<div class=\"wp-block-image wp-image-83 size-full\">\n<figure class=\"aligncenter\"><img decoding=\"async\" width=\"788\" height=\"368\" src=\"https:\/\/luckyjet-games.com\/wp-content\/uploads\/2022\/10\/Lucky-Jet-Free-to-Play.jpg\" alt=\"Lucky Jet Free to Play\" class=\"wp-image-83\" srcset=\"https:\/\/luckyjet-games.com\/wp-content\/uploads\/2022\/10\/Lucky-Jet-Free-to-Play.jpg 788w, https:\/\/luckyjet-games.com\/wp-content\/uploads\/2022\/10\/Lucky-Jet-Free-to-Play-300x140.jpg 300w, https:\/\/luckyjet-games.com\/wp-content\/uploads\/2022\/10\/Lucky-Jet-Free-to-Play-768x359.jpg 768w, https:\/\/luckyjet-games.com\/wp-content\/uploads\/2022\/10\/Lucky-Jet-Free-to-Play-86x40.jpg 86w, https:\/\/luckyjet-games.com\/wp-content\/uploads\/2022\/10\/Lucky-Jet-Free-to-Play-69x32.jpg 69w, https:\/\/luckyjet-games.com\/wp-content\/uploads\/2022\/10\/Lucky-Jet-Free-to-Play-171x80.jpg 171w, https:\/\/luckyjet-games.com\/wp-content\/uploads\/2022\/10\/Lucky-Jet-Free-to-Play-289x135.jpg 289w\" sizes=\"(max-width: 788px) 100vw, 788px\" \/><figcaption class=\"wp-element-caption\">Lucky Jet Free to Play<\/figcaption><\/figure>\n<\/div>\n\n\n<div style=\"text-align: center;\"><a class=\"glow-button-new\" href=\"#go\" data-go=\"go\">Jugar a Lucky Jet - Gratis<\/a><\/div>\n\n\n\n<h2 class=\"wp-block-heading\"><span class=\"ez-toc-section\" id=\"Where_I_can_find_Lucky_Jet_Game\"><\/span>\u00bfD\u00f3nde puedo encontrar el juego Lucky Jet?<span class=\"ez-toc-section-end\"><\/span><\/h2>\n\n\n\n<p>El juego est\u00e1 disponible para jugar en un n\u00famero de plataformas diferentes, incluyendo el escritorio, el m\u00f3vil y la tableta. Puedes encontrarlo en un n\u00famero de casinos en l\u00ednea en nuestro sitio y puedes jugarlo aqu\u00ed de forma gratuita.<\/p>\n\n\n\n<p>Lucky Jet es un juego de casino sencillo pero divertido que ofrece la posibilidad de ganar grandes premios. Pru\u00e9balo hoy mismo y comprueba si la suerte est\u00e1 de tu lado.<\/p>\n\n\n\n<h2 class=\"wp-block-heading\"><span class=\"ez-toc-section\" id=\"Best_Casinos_Where_to_Play_Lucky_Jet_Demo\"><\/span>Los mejores casinos donde jugar a la demo de Lucky Jet<span class=\"ez-toc-section-end\"><\/span><\/h2>\n\n\n\n<h3 class=\"wp-block-heading\"><span class=\"ez-toc-section\" id=\"1Win_Casino\"><\/span>1Win<span class=\"ez-toc-section-end\"><\/span><\/h3>\n\n\n\n<p>Si est\u00e1 buscando una demostraci\u00f3n del juego Lucky Jet, el Casino 1Win es un buen lugar para empezar. Este casino ofrece una gran variedad de juegos, desde tragaperras hasta juegos de mesa, y todos ellos cuentan con una opci\u00f3n de juego gratuito. Esto significa que puedes probar cualquiera de los juegos del sitio sin tener que arriesgar nada de tu propio dinero.<\/p>\n\n\n\n<p>En t\u00e9rminos de Lucky Jet, <a href=\"https:\/\/luckyjet-games.com\/es\/lucky-jet-1win-casino-game\/\">1Win<\/a> ofrece una gran selecci\u00f3n de bonos que se pueden utilizar en el juego. Entre ellos se encuentran un bono de bienvenida, bonos de recarga y ofertas de devoluci\u00f3n de dinero. Tambi\u00e9n hay una serie de promociones que se llevan a cabo en cualquier momento y que ofrecen la oportunidad de ganar premios como tiradas gratis y bonos en efectivo.<\/p>\n\n\n\n<h3 class=\"wp-block-heading\"><span class=\"ez-toc-section\" id=\"Cbet_Casino\"><\/span>Casino Cbet<span class=\"ez-toc-section-end\"><\/span><\/h3>\n\n\n\n<p>Si quiere probar una demostraci\u00f3n del Lucky Jet, visite <a href=\"https:\/\/luckyjet-games.com\/es\/lucky-jet-at-cbet-casino\/\">Casino CBet<\/a>. Este casino tiene muchos juegos diferentes, incluyendo tragaperras y juegos de mesa, y todos ellos vienen con una opci\u00f3n de juego gratuito. Esto significa que puede probar cualquiera de los juegos del sitio sin arriesgar su propio dinero.<\/p>\n\n\n\n<h3 class=\"wp-block-heading\"><span class=\"ez-toc-section\" id=\"Betano_Casino\"><\/span>Casino Betano<span class=\"ez-toc-section-end\"><\/span><\/h3>\n\n\n\n<p><a href=\"https:\/\/luckyjet-games.com\/es\/lucky-jet-at-betano-casino\/\">Casino Betano<\/a> es perfecto para aquellos que est\u00e1n considerando una demostraci\u00f3n de Lucky Jet. Con juegos que van desde las tragaperras hasta los juegos de mesa, todos ellos con una opci\u00f3n de juego gratuito, puede explorar el sitio sin temor a perder su propio dinero.<\/p>\n\n\n\n<h3 class=\"wp-block-heading\"><span class=\"ez-toc-section\" id=\"Pin_Up_Casino\"><\/span>Casino Pin Up<span class=\"ez-toc-section-end\"><\/span><\/h3>\n\n\n\n<p>Otra excelente opci\u00f3n para los que buscan una demostraci\u00f3n del Lucky Jet es jugar en el <a href=\"https:\/\/luckyjet-games.com\/es\/lucky-jet-at-pin-up-casino\/\">Casino Pin Up<\/a>. Este casino tiene una gran variedad de juegos, incluyendo tragaperras y juegos de mesa, y todos ellos vienen con una opci\u00f3n de juego gratis.<\/p>\n\n\n\n<h3 class=\"wp-block-heading\"><span class=\"ez-toc-section\" id=\"LeoVegas\"><\/span>LeoVegas<span class=\"ez-toc-section-end\"><\/span><\/h3>\n\n\n\n<p>Para los que quieran jugar a la demo del Lucky Jet en <a href=\"https:\/\/luckyjet-games.com\/es\/lucky-jet-at-leovegas-casino\/\">Casino LeoVegas<\/a>es una opci\u00f3n fant\u00e1stica. Este casino tiene una gran variedad de juegos, incluyendo tragaperras y juegos de mesa, y todos ellos vienen con una oportunidad de jugar gratis. Esto significa que puedes probar cualquiera de los juegos del sitio sin arriesgar nada de tu propio dinero.<\/p>\n\n\n<div class=\"wp-block-image\">\n<figure class=\"aligncenter\"><a href=\"#go\" data-go=\"go\"><img decoding=\"async\" width=\"1022\" height=\"435\" src=\"https:\/\/luckyjet-games.com\/wp-content\/uploads\/2022\/10\/Lucky-Jet-Game-Demo.jpg\" alt=\"Demostraci\u00f3n del juego Lucky Jet\" class=\"wp-image-84\" srcset=\"https:\/\/luckyjet-games.com\/wp-content\/uploads\/2022\/10\/Lucky-Jet-Game-Demo.jpg 1022w, https:\/\/luckyjet-games.com\/wp-content\/uploads\/2022\/10\/Lucky-Jet-Game-Demo-300x128.jpg 300w, https:\/\/luckyjet-games.com\/wp-content\/uploads\/2022\/10\/Lucky-Jet-Game-Demo-768x327.jpg 768w, https:\/\/luckyjet-games.com\/wp-content\/uploads\/2022\/10\/Lucky-Jet-Game-Demo-94x40.jpg 94w, https:\/\/luckyjet-games.com\/wp-content\/uploads\/2022\/10\/Lucky-Jet-Game-Demo-75x32.jpg 75w, https:\/\/luckyjet-games.com\/wp-content\/uploads\/2022\/10\/Lucky-Jet-Game-Demo-188x80.jpg 188w, https:\/\/luckyjet-games.com\/wp-content\/uploads\/2022\/10\/Lucky-Jet-Game-Demo-317x135.jpg 317w\" sizes=\"(max-width: 1022px) 100vw, 1022px\" \/><\/a><figcaption class=\"wp-element-caption\">Demostraci\u00f3n del juego Lucky Jet<\/figcaption><\/figure>\n<\/div>\n\n\n<div style=\"text-align: center;\"><a class=\"glow-button-new\" href=\"#go\" data-go=\"go\">Jugar Demo Lucky Jet<\/a><\/div>\n\n\n\n<h2 class=\"wp-block-heading\"><span class=\"ez-toc-section\" id=\"Advantages_of_Playing_Lucky_Jet_for_Free\"><\/span>Ventajas de jugar gratis a Lucky Jet<span class=\"ez-toc-section-end\"><\/span><\/h2>\n\n\n\n<p>La principal ventaja de jugar a Lucky Jet gratis es que puede hacerlo sin tener que arriesgar nada de su propio dinero. Esto significa que puedes probar el juego y hacerte una idea de c\u00f3mo funciona antes de decidir si quieres jugar con dinero real o no.<\/p>\n\n\n\n<p>Otra ventaja de jugar gratis es que te permite practicar y mejorar tus habilidades. Si eres nuevo en los juegos de casino, jugar gratis es una buena manera de aprender a jugar y desarrollar tu estrategia. Una vez que te sientas m\u00e1s seguro, puedes empezar a jugar con dinero real y tener la oportunidad de ganar grandes premios.<\/p>\n\n\n\n<h2 class=\"wp-block-heading\"><span class=\"ez-toc-section\" id=\"Conclusion\"><\/span>Conclusi\u00f3n<span class=\"ez-toc-section-end\"><\/span><\/h2>\n\n\n\n<p>Si busca un juego de casino divertido y f\u00e1cil de jugar, Lucky Jet es una gran opci\u00f3n. Se puede jugar gratis o con dinero real y ofrece la posibilidad de ganar grandes premios.<\/p>\n\n\n\n<h2 class=\"wp-block-heading\"><span class=\"ez-toc-section\" id=\"FAQ\"><\/span>PREGUNTAS FRECUENTES<span class=\"ez-toc-section-end\"><\/span><\/h2>\n\n\n        <section class=\"sc_fs_faq sc_card\">\n            <div>\n\t\t\t\t<h3><span class=\"ez-toc-section\" id=\"What_is_Lucky_Jet\"><\/span>\u00bfQu\u00e9 es el Lucky Jet?<span class=\"ez-toc-section-end\"><\/span><\/h3>                <div>\n\t\t\t\t\t                    <p>\n\t\t\t\t\t\tLucky Jet es un juego de casino al que se puede jugar gratis o por dinero real. El juego es sencillo de jugar y ofrece la posibilidad de ganar grandes premios.                    <\/p>\n                <\/div>\n            <\/div>\n        <\/section>\n\t\t        <section class=\"sc_fs_faq sc_card\">\n            <div>\n\t\t\t\t<h3><span class=\"ez-toc-section\" id=\"How_do_I_play_Lucky_Jet\"><\/span>\u00bfC\u00f3mo se juega al Lucky Jet?<span class=\"ez-toc-section-end\"><\/span><\/h3>                <div>\n\t\t\t\t\t                    <p>\n\t\t\t\t\t\tEl juego se realiza haciendo girar los rodillos. Puedes apostar en diferentes l\u00edneas de pago y si aciertas con los s\u00edmbolos correctos, ganar\u00e1s un premio.                    <\/p>\n                <\/div>\n            <\/div>\n        <\/section>\n\t\t        <section class=\"sc_fs_faq sc_card\">\n            <div>\n\t\t\t\t<h3><span class=\"ez-toc-section\" id=\"Can_I_play_Lucky_Jet_for_free\"><\/span>\u00bfPuedo jugar gratis a Lucky Jet?<span class=\"ez-toc-section-end\"><\/span><\/h3>                <div>\n\t\t\t\t\t                    <p>\n\t\t\t\t\t\tS\u00ed, el juego se puede jugar gratis. Esto te permite probar el juego y hacerte una idea de c\u00f3mo funciona antes de decidir si quieres jugar con dinero real o no.                    <\/p>\n                <\/div>\n            <\/div>\n        <\/section>\n\t\t        <section class=\"sc_fs_faq sc_card\">\n            <div>\n\t\t\t\t<h3><span class=\"ez-toc-section\" id=\"Can_I_win_real_money_playing_Lucky_Jet\"><\/span>\u00bfPuedo ganar dinero real jugando a Lucky Jet?<span class=\"ez-toc-section-end\"><\/span><\/h3>                <div>\n\t\t\t\t\t                    <p>\n\t\t\t\t\t\tS\u00ed, puedes ganar dinero real jugando a Lucky Jet. Si juegas con dinero real, tendr\u00e1s la oportunidad de ganar grandes premios.                    <\/p>\n                <\/div>\n            <\/div>\n        <\/section>\n\t\t\n<script type=\"application\/ld+json\">{\n    \"@context\": \"https:\\\/\\\/schema.org\",\n    \"@type\": \"FAQPage\",\n    \"mainEntity\": [\n        {\n            \"@type\": \"Question\",\n            \"name\": \"What is Lucky Jet?\",\n            \"acceptedAnswer\": {\n                \"@type\": \"Answer\",\n                \"text\": \"Lucky Jet is a casino game that can be played for free or for real money. The game is simple to play and offers the chance to win big prizes.\"\n            }\n        },\n        {\n            \"@type\": \"Question\",\n            \"name\": \"How do I play Lucky Jet?\",\n            \"acceptedAnswer\": {\n                \"@type\": \"Answer\",\n                \"text\": \"The game is played by spinning the reels. You can bet on a number of different paylines and if you match the right symbols, you\\u2019ll win a prize.\"\n            }\n        },\n        {\n            \"@type\": \"Question\",\n            \"name\": \"Can I play Lucky Jet for free?\",\n            \"acceptedAnswer\": {\n                \"@type\": \"Answer\",\n                \"text\": \"Yes, the game can be played for free. This allows you to try out the game and get a feel for how it works before deciding whether or not you want to play it for real money.\"\n            }\n        },\n        {\n            \"@type\": \"Question\",\n            \"name\": \"Can I win real money playing Lucky Jet?\",\n            \"acceptedAnswer\": {\n                \"@type\": \"Answer\",\n                \"text\": \"Yes, you can win real money playing Lucky Jet. If you play for real money, you\\u2019ll have the chance to win big prizes.\"\n            }\n        }\n    ]\n}<\/script>\n\n<div class=\"author-card author-card--top\"><img alt='Foto del avatar' src='https:\/\/luckyjet-games.com\/wp-content\/uploads\/2023\/03\/Chris-Hodge-130x130.jpg' srcset='https:\/\/luckyjet-games.com\/wp-content\/uploads\/2023\/03\/Chris-Hodge-260x260.jpg 2x' class='avatar avatar-130 photo author-image' height='130' width='130' \/><div class=\"author-content text-md-center\"><span class=\"author-title\">Autor<\/span><a href=\"https:\/\/luckyjet-games.com\/es\/author\/chris-hodge\/\" class=\"author-name\">Chris Hodge<\/a><p class=\"author__details\">Chris Hodge es un experto en juegos de azar. Lleva m\u00e1s de 10 a\u00f1os jugando y estudiando los juegos de casino. En ese tiempo, ha desarrollado una comprensi\u00f3n \u00edntima de las estrategias y la mec\u00e1nica detr\u00e1s de cada juego en el casino.<br \/>\r\n<br \/>\r\nLos conocimientos y la experiencia de Chris le han valido un puesto como colaborador habitual en varias de las principales publicaciones sobre juegos de azar. Los casinos tambi\u00e9n recurren a \u00e9l con frecuencia para que proporcione asesoramiento experto sobre nuevos juegos y promociones.<\/p><\/div><!-- \/.author-content --><\/div>","protected":false},"excerpt":{"rendered":"<p>Jugar Lucky Jet Demo o Dinero Real Este juego es gratuito y viene precargado con 2000 monedas. La diversi\u00f3n parece no terminar nunca debido a la alta tasa de devoluci\u00f3n. \u00bfC\u00f3mo jugar gratis al juego Lucky Jet? Lo mejor de los juegos Lucky Jet gratis es que puedes jugarlos por [...]<\/p>","protected":false},"author":2,"featured_media":0,"parent":0,"menu_order":0,"comment_status":"closed","ping_status":"closed","template":"page-no-sidebar.php","meta":{"_acf_changed":false,"footnotes":""},"class_list":["post-77","page","type-page","status-publish","hentry"],"acf":[],"yoast_head":"<!-- This site is optimized with the Yoast SEO plugin v26.7 - https:\/\/yoast.com\/wordpress\/plugins\/seo\/ -->\n<title>Lucky Jet Free to Play Game - Play Lucky Jet Game Demo<\/title>\n<meta name=\"description\" content=\"Play Lucky Jet game demo free or real money. Find out how to Play Lucky Jet for Free and How to Win? \ud83d\ude80 Advantages of playing Lucky Jet Demo Game\" \/>\n<meta name=\"robots\" content=\"index, follow, max-snippet:-1, max-image-preview:large, max-video-preview:-1\" \/>\n<link rel=\"canonical\" href=\"https:\/\/luckyjet-games.com\/es\/lucky-jet-demo\/\" \/>\n<meta property=\"og:locale\" content=\"es_ES\" \/>\n<meta property=\"og:type\" content=\"article\" \/>\n<meta property=\"og:title\" content=\"Lucky Jet Free to Play Game - Play Lucky Jet Game Demo\" \/>\n<meta property=\"og:description\" content=\"Play Lucky Jet game demo free or real money. Find out how to Play Lucky Jet for Free and How to Win? \ud83d\ude80 Advantages of playing Lucky Jet Demo Game\" \/>\n<meta property=\"og:url\" content=\"https:\/\/luckyjet-games.com\/es\/lucky-jet-demo\/\" \/>\n<meta property=\"og:site_name\" content=\"Lucky Jet Games\" \/>\n<meta property=\"article:modified_time\" content=\"2024-03-13T18:55:21+00:00\" \/>\n<meta property=\"og:image\" content=\"https:\/\/luckyjet-games.com\/wp-content\/uploads\/2022\/10\/Lucky-Jet-Demo-Game.jpg\" \/>\n<meta name=\"twitter:card\" content=\"summary_large_image\" \/>\n<meta name=\"twitter:label1\" content=\"Tiempo de lectura\" \/>\n\t<meta name=\"twitter:data1\" content=\"5 minutos\" \/>\n<!-- \/ Yoast SEO plugin. -->","yoast_head_json":{"title":"Lucky Jet Free to Play Game - Juega a la demo del juego Lucky Jet","description":"Juega a la demo del juego Lucky Jet gratis o con dinero real. Descubre c\u00f3mo jugar Lucky Jet gratis y c\u00f3mo ganar? \ud83d\ude80 Ventajas de jugar a Lucky Jet Demo Game","robots":{"index":"index","follow":"follow","max-snippet":"max-snippet:-1","max-image-preview":"max-image-preview:large","max-video-preview":"max-video-preview:-1"},"canonical":"https:\/\/luckyjet-games.com\/es\/lucky-jet-demo\/","og_locale":"es_ES","og_type":"article","og_title":"Lucky Jet Free to Play Game - Play Lucky Jet Game Demo","og_description":"Play Lucky Jet game demo free or real money. Find out how to Play Lucky Jet for Free and How to Win? \ud83d\ude80 Advantages of playing Lucky Jet Demo Game","og_url":"https:\/\/luckyjet-games.com\/es\/lucky-jet-demo\/","og_site_name":"Lucky Jet Games","article_modified_time":"2024-03-13T18:55:21+00:00","og_image":[{"url":"https:\/\/luckyjet-games.com\/wp-content\/uploads\/2022\/10\/Lucky-Jet-Demo-Game.jpg","type":"","width":"","height":""}],"twitter_card":"summary_large_image","twitter_misc":{"Tiempo de lectura":"5 minutos"},"schema":{"@context":"https:\/\/schema.org","@graph":[{"@type":"WebPage","@id":"https:\/\/luckyjet-games.com\/lucky-jet-demo\/","url":"https:\/\/luckyjet-games.com\/lucky-jet-demo\/","name":"Lucky Jet Free to Play Game - Juega a la demo del juego Lucky Jet","isPartOf":{"@id":"https:\/\/luckyjet-games.com\/de\/#website"},"primaryImageOfPage":{"@id":"https:\/\/luckyjet-games.com\/lucky-jet-demo\/#primaryimage"},"image":{"@id":"https:\/\/luckyjet-games.com\/lucky-jet-demo\/#primaryimage"},"thumbnailUrl":"https:\/\/luckyjet-games.com\/wp-content\/uploads\/2022\/10\/Lucky-Jet-Demo-Game.jpg","datePublished":"2022-10-11T10:15:50+00:00","dateModified":"2024-03-13T18:55:21+00:00","description":"Juega a la demo del juego Lucky Jet gratis o con dinero real. Descubre c\u00f3mo jugar Lucky Jet gratis y c\u00f3mo ganar? \ud83d\ude80 Ventajas de jugar a Lucky Jet Demo Game","breadcrumb":{"@id":"https:\/\/luckyjet-games.com\/lucky-jet-demo\/#breadcrumb"},"inLanguage":"es","potentialAction":[{"@type":"ReadAction","target":["https:\/\/luckyjet-games.com\/lucky-jet-demo\/"]}]},{"@type":"ImageObject","inLanguage":"es","@id":"https:\/\/luckyjet-games.com\/lucky-jet-demo\/#primaryimage","url":"https:\/\/luckyjet-games.com\/wp-content\/uploads\/2022\/10\/Lucky-Jet-Demo-Game.jpg","contentUrl":"https:\/\/luckyjet-games.com\/wp-content\/uploads\/2022\/10\/Lucky-Jet-Demo-Game.jpg"},{"@type":"BreadcrumbList","@id":"https:\/\/luckyjet-games.com\/lucky-jet-demo\/#breadcrumb","itemListElement":[{"@type":"ListItem","position":1,"name":"Home","item":"https:\/\/luckyjet-games.com\/"},{"@type":"ListItem","position":2,"name":"Lucky Jet Demo Version &#8211; Free Play"}]},{"@type":"WebSite","@id":"https:\/\/luckyjet-games.com\/de\/#website","url":"https:\/\/luckyjet-games.com\/de\/","name":"Juegos Lucky Jet","description":"","publisher":{"@id":"https:\/\/luckyjet-games.com\/de\/#organization"},"potentialAction":[{"@type":"SearchAction","target":{"@type":"EntryPoint","urlTemplate":"https:\/\/luckyjet-games.com\/de\/?s={search_term_string}"},"query-input":{"@type":"PropertyValueSpecification","valueRequired":true,"valueName":"search_term_string"}}],"inLanguage":"es"},{"@type":"Organization","@id":"https:\/\/luckyjet-games.com\/de\/#organization","name":"Juegos Lucky Jet","url":"https:\/\/luckyjet-games.com\/de\/","logo":{"@type":"ImageObject","inLanguage":"es","@id":"https:\/\/luckyjet-games.com\/de\/#\/schema\/logo\/image\/","url":"https:\/\/luckyjet-games.com\/wp-content\/uploads\/2022\/10\/Lucky-Jet-Game.png","contentUrl":"https:\/\/luckyjet-games.com\/wp-content\/uploads\/2022\/10\/Lucky-Jet-Game.png","width":711,"height":599,"caption":"Lucky Jet Games"},"image":{"@id":"https:\/\/luckyjet-games.com\/de\/#\/schema\/logo\/image\/"}}]}},"_links":{"self":[{"href":"https:\/\/luckyjet-games.com\/es\/wp-json\/wp\/v2\/pages\/77","targetHints":{"allow":["GET"]}}],"collection":[{"href":"https:\/\/luckyjet-games.com\/es\/wp-json\/wp\/v2\/pages"}],"about":[{"href":"https:\/\/luckyjet-games.com\/es\/wp-json\/wp\/v2\/types\/page"}],"author":[{"embeddable":true,"href":"https:\/\/luckyjet-games.com\/es\/wp-json\/wp\/v2\/users\/2"}],"replies":[{"embeddable":true,"href":"https:\/\/luckyjet-games.com\/es\/wp-json\/wp\/v2\/comments?post=77"}],"version-history":[{"count":0,"href":"https:\/\/luckyjet-games.com\/es\/wp-json\/wp\/v2\/pages\/77\/revisions"}],"wp:attachment":[{"href":"https:\/\/luckyjet-games.com\/es\/wp-json\/wp\/v2\/media?parent=77"}],"curies":[{"name":"gracias","href":"https:\/\/api.w.org\/{rel}","templated":true}]}}