{"id":371,"date":"2023-10-27T15:00:00","date_gmt":"2023-10-27T15:00:00","guid":{"rendered":"https:\/\/luckyjet-games.com\/?page_id=371"},"modified":"2023-12-22T17:07:29","modified_gmt":"2023-12-22T17:07:29","slug":"rocket-gambling-game","status":"publish","type":"page","link":"https:\/\/luckyjet-games.com\/es\/rocket-gambling-game\/","title":{"rendered":"Juego de apuestas con cohetes"},"content":{"rendered":"<div style=\"text-align: center;\"><a class=\"glow-button\" href=\"#go\" data-go=\"go\">Juega en Rocket Gambling Game \ud83d\ude80<\/a><\/div>\n<p>Sum\u00e9rgete en las complejidades del juego Rocket Money, explora sus reglas y aprende las estrategias para maximizar tus ganancias.<\/p>\n<div id=\"ez-toc-container\" class=\"ez-toc-v2_0_75 counter-hierarchy ez-toc-counter ez-toc-grey ez-toc-container-direction\">\n<div class=\"ez-toc-title-container\">\n<p class=\"ez-toc-title\" style=\"cursor:inherit\">Tabla de contenido<\/p>\n<span class=\"ez-toc-title-toggle\"><a href=\"#\" class=\"ez-toc-pull-right ez-toc-btn ez-toc-btn-xs ez-toc-btn-default ez-toc-toggle\" aria-label=\"Alternar tabla de contenidos\"><span class=\"ez-toc-js-icon-con\"><span class=\"\"><span class=\"eztoc-hide\" style=\"display:none;\">Toggle<\/span><span class=\"ez-toc-icon-toggle-span\"><svg style=\"fill: #999;color:#999\" xmlns=\"http:\/\/www.w3.org\/2000\/svg\" class=\"list-377408\" width=\"20px\" height=\"20px\" viewbox=\"0 0 24 24\" fill=\"none\"><path d=\"M6 6H4v2h2V6zm14 0H8v2h12V6zM4 11h2v2H4v-2zm16 0H8v2h12v-2zM4 16h2v2H4v-2zm16 0H8v2h12v-2z\" fill=\"currentColor\"><\/path><\/svg><svg style=\"fill: #999;color:#999\" class=\"arrow-unsorted-368013\" xmlns=\"http:\/\/www.w3.org\/2000\/svg\" width=\"10px\" height=\"10px\" viewbox=\"0 0 24 24\" version=\"1.2\" baseprofile=\"tiny\"><path d=\"M18.2 9.3l-6.2-6.3-6.2 6.3c-.2.2-.3.4-.3.7s.1.5.3.7c.2.2.4.3.7.3h11c.3 0 .5-.1.7-.3.2-.2.3-.5.3-.7s-.1-.5-.3-.7zM5.8 14.7l6.2 6.3 6.2-6.3c.2-.2.3-.5.3-.7s-.1-.5-.3-.7c-.2-.2-.4-.3-.7-.3h-11c-.3 0-.5.1-.7.3-.2.2-.3.5-.3.7s.1.5.3.7z\"\/><\/svg><\/span><\/span><\/span><\/a><\/span><\/div>\n<nav><ul class='ez-toc-list ez-toc-list-level-1 eztoc-toggle-hide-by-default' ><li class='ez-toc-page-1 ez-toc-heading-level-2'><a class=\"ez-toc-link ez-toc-heading-1\" href=\"https:\/\/luckyjet-games.com\/es\/rocket-gambling-game\/#Introduction_to_Rocket_Gambling\" >Introducci\u00f3n al juego de cohetes<\/a><\/li><li class='ez-toc-page-1 ez-toc-heading-level-2'><a class=\"ez-toc-link ez-toc-heading-2\" href=\"https:\/\/luckyjet-games.com\/es\/rocket-gambling-game\/#How_to_Play_the_Rocket_Money_Game\" >C\u00f3mo jugar al juego Rocket Money<\/a><\/li><li class='ez-toc-page-1 ez-toc-heading-level-2'><a class=\"ez-toc-link ez-toc-heading-3\" href=\"https:\/\/luckyjet-games.com\/es\/rocket-gambling-game\/#Key_Features_of_Rocket_Betting\" >Caracter\u00edsticas clave de las apuestas Rocket<\/a><\/li><li class='ez-toc-page-1 ez-toc-heading-level-2'><a class=\"ez-toc-link ez-toc-heading-4\" href=\"https:\/\/luckyjet-games.com\/es\/rocket-gambling-game\/#Rocket_Gambling_on_Mobile\" >Apuestas con cohetes en dispositivos m\u00f3viles<\/a><\/li><li class='ez-toc-page-1 ez-toc-heading-level-2'><a class=\"ez-toc-link ez-toc-heading-5\" href=\"https:\/\/luckyjet-games.com\/es\/rocket-gambling-game\/#A_Safe_and_Exciting_Alternative\" >Una alternativa segura y emocionante<\/a><\/li><li class='ez-toc-page-1 ez-toc-heading-level-2'><a class=\"ez-toc-link ez-toc-heading-6\" href=\"https:\/\/luckyjet-games.com\/es\/rocket-gambling-game\/#FAQs\" >Preguntas frecuentes<\/a><ul class='ez-toc-list-level-3' ><li class='ez-toc-heading-level-3'><a class=\"ez-toc-link ez-toc-heading-7\" href=\"https:\/\/luckyjet-games.com\/es\/rocket-gambling-game\/#Is_Rocket_Gambling_safe\" >\u00bfEs seguro Rocket Gambling?<\/a><\/li><li class='ez-toc-page-1 ez-toc-heading-level-3'><a class=\"ez-toc-link ez-toc-heading-8\" href=\"https:\/\/luckyjet-games.com\/es\/rocket-gambling-game\/#Can_I_play_Rocket_Gambling_on_mobile\" >\u00bfPuedo jugar a Rocket Gambling en el m\u00f3vil?<\/a><\/li><li class='ez-toc-page-1 ez-toc-heading-level-3'><a class=\"ez-toc-link ez-toc-heading-9\" href=\"https:\/\/luckyjet-games.com\/es\/rocket-gambling-game\/#How_do_I_cash_out\" >\u00bfC\u00f3mo retiro dinero?<\/a><\/li><li class='ez-toc-page-1 ez-toc-heading-level-3'><a class=\"ez-toc-link ez-toc-heading-10\" href=\"https:\/\/luckyjet-games.com\/es\/rocket-gambling-game\/#How_do_Rocket_Betting_Games_ensure_fairness\" >\u00bfC\u00f3mo garantizan la equidad los Rocket Betting Games?<\/a><\/li><li class='ez-toc-page-1 ez-toc-heading-level-3'><a class=\"ez-toc-link ez-toc-heading-11\" href=\"https:\/\/luckyjet-games.com\/es\/rocket-gambling-game\/#Can_I_win_real_money_in_Rocket_Betting_Games\" >\u00bfPuedo ganar dinero real en Rocket Betting Games?<\/a><\/li><\/ul><\/li><\/ul><\/nav><\/div>\n<h2><span class=\"ez-toc-section\" id=\"Introduction_to_Rocket_Gambling\"><\/span><strong>Introducci\u00f3n al juego de cohetes<\/strong><span class=\"ez-toc-section-end\"><\/span><\/h2>\n<p>Rocket Gambling ofrece una experiencia emocionante, donde la emoci\u00f3n comienza en el momento en que lanzas el cohete. A medida que asciende, ser\u00e1s recompensado con factores multiplicadores. Alcance alturas imponentes de hasta 1000x y disfrute de recompensas excepcionales, multiplicando su apuesta inicial hasta por la asombrosa cifra de 1000 veces.<\/p>\n<div id=\"attachment_372\" style=\"width: 988px\" class=\"wp-caption aligncenter\"><img decoding=\"async\" aria-describedby=\"caption-attachment-372\" class=\"wp-image-372 size-full\" title=\"Juego de dinero cohete\" src=\"https:\/\/luckyjet-games.com\/wp-content\/uploads\/2023\/10\/Rocket-Money-Game.jpg\" alt=\"Juego de dinero cohete\" width=\"988\" height=\"470\" srcset=\"https:\/\/luckyjet-games.com\/wp-content\/uploads\/2023\/10\/Rocket-Money-Game.jpg 988w, https:\/\/luckyjet-games.com\/wp-content\/uploads\/2023\/10\/Rocket-Money-Game-300x143.jpg 300w, https:\/\/luckyjet-games.com\/wp-content\/uploads\/2023\/10\/Rocket-Money-Game-768x365.jpg 768w, https:\/\/luckyjet-games.com\/wp-content\/uploads\/2023\/10\/Rocket-Money-Game-18x9.jpg 18w, https:\/\/luckyjet-games.com\/wp-content\/uploads\/2023\/10\/Rocket-Money-Game-84x40.jpg 84w, https:\/\/luckyjet-games.com\/wp-content\/uploads\/2023\/10\/Rocket-Money-Game-570x270.jpg 570w, https:\/\/luckyjet-games.com\/wp-content\/uploads\/2023\/10\/Rocket-Money-Game-67x32.jpg 67w, https:\/\/luckyjet-games.com\/wp-content\/uploads\/2023\/10\/Rocket-Money-Game-168x80.jpg 168w, https:\/\/luckyjet-games.com\/wp-content\/uploads\/2023\/10\/Rocket-Money-Game-284x135.jpg 284w\" sizes=\"(max-width: 988px) 100vw, 988px\" \/><p id=\"caption-attachment-372\" class=\"wp-caption-text\">Juego de dinero cohete<\/p><\/div>\n<h2><span class=\"ez-toc-section\" id=\"How_to_Play_the_Rocket_Money_Game\"><\/span><strong>C\u00f3mo jugar al juego Rocket Money<\/strong><span class=\"ez-toc-section-end\"><\/span><\/h2>\n<ul>\n<li><strong>Configurando su cuenta<\/strong>:\n<ul>\n<li>Comience su viaje registr\u00e1ndose en la plataforma.<\/li>\n<li>Dependiendo de su plan seleccionado, es posible que deba completar la verificaci\u00f3n KYC (enviar documentos legales para la validaci\u00f3n de identidad).<\/li>\n<li>Cree un nombre de usuario y contrase\u00f1a \u00fanicos para su cuenta. Aseg\u00farese de tener un m\u00e9todo de comunicaci\u00f3n para la verificaci\u00f3n de la cuenta y una billetera Bitcoin.<\/li>\n<\/ul>\n<\/li>\n<li><strong>Hacer tu apuesta<\/strong>:\n<ul>\n<li>Decide si quieres jugar de forma manual o autom\u00e1tica.<\/li>\n<li>Elija su criptomoneda preferida y, cuando est\u00e9 listo, inicie su retiro en cualquier momento.<\/li>\n<li>Las apuestas manuales le otorgan un control total sobre sus decisiones. Con AutoBet, optimice su experiencia predeterminando el monto de su apuesta y estableciendo una proporci\u00f3n de retiro ideal.<\/li>\n<\/ul>\n<\/li>\n<\/ul>\n<div id=\"attachment_373\" style=\"width: 613px\" class=\"wp-caption aligncenter\"><img decoding=\"async\" aria-describedby=\"caption-attachment-373\" class=\"wp-image-373 size-full\" title=\"Juego de cohetes que genera dinero\" src=\"https:\/\/luckyjet-games.com\/wp-content\/uploads\/2023\/10\/Rocket-Game-that-Makes-Money.jpg\" alt=\"Juego de cohetes que genera dinero\" width=\"613\" height=\"310\" srcset=\"https:\/\/luckyjet-games.com\/wp-content\/uploads\/2023\/10\/Rocket-Game-that-Makes-Money.jpg 613w, https:\/\/luckyjet-games.com\/wp-content\/uploads\/2023\/10\/Rocket-Game-that-Makes-Money-300x152.jpg 300w, https:\/\/luckyjet-games.com\/wp-content\/uploads\/2023\/10\/Rocket-Game-that-Makes-Money-18x9.jpg 18w, https:\/\/luckyjet-games.com\/wp-content\/uploads\/2023\/10\/Rocket-Game-that-Makes-Money-79x40.jpg 79w, https:\/\/luckyjet-games.com\/wp-content\/uploads\/2023\/10\/Rocket-Game-that-Makes-Money-63x32.jpg 63w, https:\/\/luckyjet-games.com\/wp-content\/uploads\/2023\/10\/Rocket-Game-that-Makes-Money-158x80.jpg 158w, https:\/\/luckyjet-games.com\/wp-content\/uploads\/2023\/10\/Rocket-Game-that-Makes-Money-267x135.jpg 267w\" sizes=\"(max-width: 613px) 100vw, 613px\" \/><p id=\"caption-attachment-373\" class=\"wp-caption-text\">Juego de cohetes que genera dinero<\/p><\/div>\n<ul>\n<li><strong>Lanzamiento y retiro de efectivo<\/strong>:\n<ul>\n<li>Comience una nueva ronda de juego haciendo una apuesta adicional y espere la cuenta atr\u00e1s del lanzamiento.<\/li>\n<li>Controle la trayectoria del cohete y retire el dinero con un multiplicador con el que se sienta c\u00f3modo, o deje que AutoBet lo determine por usted.<\/li>\n<\/ul>\n<\/li>\n<\/ul>\n<div style=\"text-align: center;\"><a class=\"glow-button\" href=\"#go\" data-go=\"go\">\ud83d\ude80 Juega en Rocket Money Game<\/a><\/div>\n<h2><span class=\"ez-toc-section\" id=\"Key_Features_of_Rocket_Betting\"><\/span><strong>Caracter\u00edsticas clave de las apuestas Rocket<\/strong><span class=\"ez-toc-section-end\"><\/span><\/h2>\n<ul>\n<li><strong>Estructura basada en blockchain<\/strong>: Rocket Ship Money Game se distingue por su configuraci\u00f3n orientada a blockchain, lo que garantiza una transparencia y seguridad inigualables.<\/li>\n<li><strong>Mejora visual y de audio<\/strong>: Los gr\u00e1ficos 3D inmersivos y los efectos audiovisuales amplifican tu experiencia de juego. Aseg\u00farese de que su dispositivo sea lo suficientemente potente para jugar sin problemas.<\/li>\n<li><strong>Justicia<\/strong>: Confirme la equidad del juego verificando su c\u00f3digo, asegur\u00e1ndose de que cada lanzamiento y retiro sea transparente e imparcial.<\/li>\n<\/ul>\n<p><iframe title=\"C\u00f3mo jugar al cohete\" width=\"994\" height=\"559\" src=\"https:\/\/www.youtube.com\/embed\/qQLsUaXShnE?feature=oembed\" frameborder=\"0\" allow=\"accelerometer; autoplay; clipboard-write; encrypted-media; gyroscope; picture-in-picture; web-share\" allowfullscreen><\/iframe><\/p>\n<h2><span class=\"ez-toc-section\" id=\"Rocket_Gambling_on_Mobile\"><\/span><strong>Apuestas con cohetes en dispositivos m\u00f3viles<\/strong><span class=\"ez-toc-section-end\"><\/span><\/h2>\n<p>Adaptado para juegos m\u00f3viles, Rocket Gambling garantiza que puedas jugar mientras viajas, en cualquier momento y en cualquier lugar. Su interfaz intuitiva garantiza una experiencia fluida, dise\u00f1ada para pantallas m\u00e1s peque\u00f1as sin comprometer las funciones.<\/p>\n<div style=\"text-align: center;\"><a class=\"glow-button\" href=\"#go\" data-go=\"go\">Empieza a jugar en Rocket Gambling Game \ud83d\ude80<\/a><\/div>\n<h2><span class=\"ez-toc-section\" id=\"A_Safe_and_Exciting_Alternative\"><\/span><strong>Una alternativa segura y emocionante<\/strong><span class=\"ez-toc-section-end\"><\/span><\/h2>\n<p>Los juegos de apuestas Rocket son una alternativa refrescante a los casinos en l\u00ednea tradicionales. Su naturaleza transparente, combinada con la emoci\u00f3n del juego estrat\u00e9gico, los convierte en los favoritos entre los jugadores modernos. Sin embargo, revise siempre los t\u00e9rminos de uso de una plataforma para asegurarse de que se ajusten a sus preferencias de juego.<\/p>\n<h2><span class=\"ez-toc-section\" id=\"FAQs\"><\/span><strong>Preguntas frecuentes<\/strong><span class=\"ez-toc-section-end\"><\/span><\/h2>\n        <section class=\"sc_fs_faq sc_card\">\n            <div>\n\t\t\t\t<h3><span class=\"ez-toc-section\" id=\"Is_Rocket_Gambling_safe\"><\/span>\u00bfEs seguro Rocket Gambling?<span class=\"ez-toc-section-end\"><\/span><\/h3>                <div>\n\t\t\t\t\t                    <p>\n\t\t\t\t\t\tS\u00ed, su estructura basada en blockchain garantiza seguridad y transparencia de primer nivel.                    <\/p>\n                <\/div>\n            <\/div>\n        <\/section>\n\t\t        <section class=\"sc_fs_faq sc_card\">\n            <div>\n\t\t\t\t<h3><span class=\"ez-toc-section\" id=\"Can_I_play_Rocket_Gambling_on_mobile\"><\/span>\u00bfPuedo jugar a Rocket Gambling en el m\u00f3vil?<span class=\"ez-toc-section-end\"><\/span><\/h3>                <div>\n\t\t\t\t\t                    <p>\n\t\t\t\t\t\t\u00a1Absolutamente! El juego est\u00e1 optimizado para dispositivos m\u00f3viles y ofrece una experiencia perfecta.                    <\/p>\n                <\/div>\n            <\/div>\n        <\/section>\n\t\t        <section class=\"sc_fs_faq sc_card\">\n            <div>\n\t\t\t\t<h3><span class=\"ez-toc-section\" id=\"How_do_I_cash_out\"><\/span>\u00bfC\u00f3mo retiro dinero?<span class=\"ez-toc-section-end\"><\/span><\/h3>                <div>\n\t\t\t\t\t                    <p>\n\t\t\t\t\t\tPuede retirar dinero manualmente seleccionando el multiplicador que desee o utilizar la funci\u00f3n AutoBet para determinar autom\u00e1ticamente el mejor momento de retiro.                    <\/p>\n                <\/div>\n            <\/div>\n        <\/section>\n\t\t        <section class=\"sc_fs_faq sc_card\">\n            <div>\n\t\t\t\t<h3><span class=\"ez-toc-section\" id=\"How_do_Rocket_Betting_Games_ensure_fairness\"><\/span>\u00bfC\u00f3mo garantizan la equidad los Rocket Betting Games?<span class=\"ez-toc-section-end\"><\/span><\/h3>                <div>\n\t\t\t\t\t                    <p>\n\t\t\t\t\t\tRocket Betting Games utiliza tecnolog\u00eda blockchain, similar a criptomonedas como Bitcoin. Esta tecnolog\u00eda garantiza la transparencia y permite a los jugadores verificar la equidad del juego.                    <\/p>\n                <\/div>\n            <\/div>\n        <\/section>\n\t\t        <section class=\"sc_fs_faq sc_card\">\n            <div>\n\t\t\t\t<h3><span class=\"ez-toc-section\" id=\"Can_I_win_real_money_in_Rocket_Betting_Games\"><\/span>\u00bfPuedo ganar dinero real en Rocket Betting Games?<span class=\"ez-toc-section-end\"><\/span><\/h3>                <div>\n\t\t\t\t\t                    <p>\n\t\t\t\t\t\tDefinitivamente. Tus ganancias est\u00e1n influenciadas por las comisiones de la plataforma, tus apuestas y el resultado del juego. Como ocurre con todos los juegos de azar, existe la posibilidad de ganar y perder.                    <\/p>\n                <\/div>\n            <\/div>\n        <\/section>\n\t\t\n<script type=\"application\/ld+json\">{\n    \"@context\": \"https:\\\/\\\/schema.org\",\n    \"@type\": \"FAQPage\",\n    \"mainEntity\": [\n        {\n            \"@type\": \"Question\",\n            \"name\": \"Is Rocket Gambling safe?\",\n            \"acceptedAnswer\": {\n                \"@type\": \"Answer\",\n                \"text\": \"Yes, its blockchain-based structure guarantees top-notch security and transparency.\"\n            }\n        },\n        {\n            \"@type\": \"Question\",\n            \"name\": \"Can I play Rocket Gambling on mobile?\",\n            \"acceptedAnswer\": {\n                \"@type\": \"Answer\",\n                \"text\": \"Absolutely! The game is optimized for mobile devices, offering a seamless experience.\"\n            }\n        },\n        {\n            \"@type\": \"Question\",\n            \"name\": \"How do I cash out?\",\n            \"acceptedAnswer\": {\n                \"@type\": \"Answer\",\n                \"text\": \"You can cash out manually by selecting your desired multiplier or use the AutoBet feature to automatically determine the best cashout moment.\"\n            }\n        },\n        {\n            \"@type\": \"Question\",\n            \"name\": \"How do Rocket Betting Games ensure fairness?\",\n            \"acceptedAnswer\": {\n                \"@type\": \"Answer\",\n                \"text\": \"Rocket Betting Games use blockchain technology, similar to cryptocurrencies like Bitcoin. This technology ensures transparency and allows players to verify the game's fairness.\"\n            }\n        },\n        {\n            \"@type\": \"Question\",\n            \"name\": \"Can I win real money in Rocket Betting Games?\",\n            \"acceptedAnswer\": {\n                \"@type\": \"Answer\",\n                \"text\": \"Definitely. Your winnings are influenced by the platform's commissions, your bets, and the game's outcome. As with all gambling, there's potential for both wins and losses.\"\n            }\n        }\n    ]\n}<\/script>\n\n<div class=\"author-card author-card--top\"><img alt='Foto del avatar' src='https:\/\/luckyjet-games.com\/wp-content\/uploads\/2023\/03\/Chris-Hodge-130x130.jpg' srcset='https:\/\/luckyjet-games.com\/wp-content\/uploads\/2023\/03\/Chris-Hodge-260x260.jpg 2x' class='avatar avatar-130 photo author-image' height='130' width='130' \/><div class=\"author-content text-md-center\"><span class=\"author-title\">Autor<\/span><a href=\"https:\/\/luckyjet-games.com\/es\/author\/chris-hodge\/\" class=\"author-name\">Chris Hodge<\/a><p class=\"author__details\">Chris Hodge es un experto en juegos de azar. Lleva m\u00e1s de 10 a\u00f1os jugando y estudiando los juegos de casino. En ese tiempo, ha desarrollado una comprensi\u00f3n \u00edntima de las estrategias y la mec\u00e1nica detr\u00e1s de cada juego en el casino.<br \/>\r\n<br \/>\r\nLos conocimientos y la experiencia de Chris le han valido un puesto como colaborador habitual en varias de las principales publicaciones sobre juegos de azar. Los casinos tambi\u00e9n recurren a \u00e9l con frecuencia para que proporcione asesoramiento experto sobre nuevos juegos y promociones.<\/p><\/div><!-- \/.author-content --><\/div>","protected":false},"excerpt":{"rendered":"<p>Juega en Rocket Gambling Game \ud83d\ude80 Sum\u00e9rgete en las complejidades del Rocket Money Game, explora sus reglas y aprende las estrategias para maximizar tus ganancias. Introducci\u00f3n a Rocket Gambling Rocket Gambling ofrece una experiencia emocionante, donde la emoci\u00f3n comienza en el momento en que lanzas el cohete. A medida que asciende, usted es recompensado con factores multiplicadores. [...]<\/p>","protected":false},"author":2,"featured_media":0,"parent":0,"menu_order":0,"comment_status":"closed","ping_status":"closed","template":"page-no-sidebar.php","meta":{"_acf_changed":false,"footnotes":""},"class_list":["post-371","page","type-page","status-publish","hentry"],"acf":[],"yoast_head":"<!-- This site is optimized with the Yoast SEO plugin v26.7 - https:\/\/yoast.com\/wordpress\/plugins\/seo\/ -->\n<title>Crash Rocket Gambling Game - Rocket Game that Makes Money<\/title>\n<meta name=\"description\" content=\"Rocket Money Game that Makes money \ud83d\ude80 How to play and where to find Crash Rocket Gambling Game? Rules and how to place bet at Rocket Betting Game\" \/>\n<meta name=\"robots\" content=\"index, follow, max-snippet:-1, max-image-preview:large, max-video-preview:-1\" \/>\n<link rel=\"canonical\" href=\"https:\/\/luckyjet-games.com\/es\/rocket-gambling-game\/\" \/>\n<meta property=\"og:locale\" content=\"es_ES\" \/>\n<meta property=\"og:type\" content=\"article\" \/>\n<meta property=\"og:title\" content=\"Crash Rocket Gambling Game - Rocket Game that Makes Money\" \/>\n<meta property=\"og:description\" content=\"Rocket Money Game that Makes money \ud83d\ude80 How to play and where to find Crash Rocket Gambling Game? Rules and how to place bet at Rocket Betting Game\" \/>\n<meta property=\"og:url\" content=\"https:\/\/luckyjet-games.com\/es\/rocket-gambling-game\/\" \/>\n<meta property=\"og:site_name\" content=\"Lucky Jet Games\" \/>\n<meta property=\"article:modified_time\" content=\"2023-12-22T17:07:29+00:00\" \/>\n<meta property=\"og:image\" content=\"https:\/\/luckyjet-games.com\/wp-content\/uploads\/2023\/10\/Rocket-Money-Game.jpg\" \/>\n<meta name=\"twitter:card\" content=\"summary_large_image\" \/>\n<meta name=\"twitter:label1\" content=\"Tiempo de lectura\" \/>\n\t<meta name=\"twitter:data1\" content=\"3 minutos\" \/>\n<!-- \/ Yoast SEO plugin. -->","yoast_head_json":{"title":"Juego de apuestas Crash Rocket: juego de cohetes que genera dinero","description":"Juego Rocket Money que genera dinero \ud83d\ude80 \u00bfC\u00f3mo jugar y d\u00f3nde encontrar el juego Crash Rocket Gambling? Reglas y c\u00f3mo realizar apuestas en Rocket Betting Game","robots":{"index":"index","follow":"follow","max-snippet":"max-snippet:-1","max-image-preview":"max-image-preview:large","max-video-preview":"max-video-preview:-1"},"canonical":"https:\/\/luckyjet-games.com\/es\/rocket-gambling-game\/","og_locale":"es_ES","og_type":"article","og_title":"Crash Rocket Gambling Game - Rocket Game that Makes Money","og_description":"Rocket Money Game that Makes money \ud83d\ude80 How to play and where to find Crash Rocket Gambling Game? Rules and how to place bet at Rocket Betting Game","og_url":"https:\/\/luckyjet-games.com\/es\/rocket-gambling-game\/","og_site_name":"Lucky Jet Games","article_modified_time":"2023-12-22T17:07:29+00:00","og_image":[{"url":"https:\/\/luckyjet-games.com\/wp-content\/uploads\/2023\/10\/Rocket-Money-Game.jpg","type":"","width":"","height":""}],"twitter_card":"summary_large_image","twitter_misc":{"Tiempo de lectura":"3 minutos"},"schema":{"@context":"https:\/\/schema.org","@graph":[{"@type":"WebPage","@id":"https:\/\/luckyjet-games.com\/rocket-gambling-game\/","url":"https:\/\/luckyjet-games.com\/rocket-gambling-game\/","name":"Juego de apuestas Crash Rocket: juego de cohetes que genera dinero","isPartOf":{"@id":"https:\/\/luckyjet-games.com\/de\/#website"},"primaryImageOfPage":{"@id":"https:\/\/luckyjet-games.com\/rocket-gambling-game\/#primaryimage"},"image":{"@id":"https:\/\/luckyjet-games.com\/rocket-gambling-game\/#primaryimage"},"thumbnailUrl":"https:\/\/luckyjet-games.com\/wp-content\/uploads\/2023\/10\/Rocket-Money-Game.jpg","datePublished":"2023-10-27T15:00:00+00:00","dateModified":"2023-12-22T17:07:29+00:00","description":"Juego Rocket Money que genera dinero \ud83d\ude80 \u00bfC\u00f3mo jugar y d\u00f3nde encontrar el juego Crash Rocket Gambling? Reglas y c\u00f3mo realizar apuestas en Rocket Betting Game","breadcrumb":{"@id":"https:\/\/luckyjet-games.com\/rocket-gambling-game\/#breadcrumb"},"inLanguage":"es","potentialAction":[{"@type":"ReadAction","target":["https:\/\/luckyjet-games.com\/rocket-gambling-game\/"]}]},{"@type":"ImageObject","inLanguage":"es","@id":"https:\/\/luckyjet-games.com\/rocket-gambling-game\/#primaryimage","url":"https:\/\/luckyjet-games.com\/wp-content\/uploads\/2023\/10\/Rocket-Money-Game.jpg","contentUrl":"https:\/\/luckyjet-games.com\/wp-content\/uploads\/2023\/10\/Rocket-Money-Game.jpg"},{"@type":"BreadcrumbList","@id":"https:\/\/luckyjet-games.com\/rocket-gambling-game\/#breadcrumb","itemListElement":[{"@type":"ListItem","position":1,"name":"Home","item":"https:\/\/luckyjet-games.com\/"},{"@type":"ListItem","position":2,"name":"Rocket Gambling Game"}]},{"@type":"WebSite","@id":"https:\/\/luckyjet-games.com\/de\/#website","url":"https:\/\/luckyjet-games.com\/de\/","name":"Juegos Lucky Jet","description":"","publisher":{"@id":"https:\/\/luckyjet-games.com\/de\/#organization"},"potentialAction":[{"@type":"SearchAction","target":{"@type":"EntryPoint","urlTemplate":"https:\/\/luckyjet-games.com\/de\/?s={search_term_string}"},"query-input":{"@type":"PropertyValueSpecification","valueRequired":true,"valueName":"search_term_string"}}],"inLanguage":"es"},{"@type":"Organization","@id":"https:\/\/luckyjet-games.com\/de\/#organization","name":"Juegos Lucky Jet","url":"https:\/\/luckyjet-games.com\/de\/","logo":{"@type":"ImageObject","inLanguage":"es","@id":"https:\/\/luckyjet-games.com\/de\/#\/schema\/logo\/image\/","url":"https:\/\/luckyjet-games.com\/wp-content\/uploads\/2022\/10\/Lucky-Jet-Game.png","contentUrl":"https:\/\/luckyjet-games.com\/wp-content\/uploads\/2022\/10\/Lucky-Jet-Game.png","width":711,"height":599,"caption":"Lucky Jet Games"},"image":{"@id":"https:\/\/luckyjet-games.com\/de\/#\/schema\/logo\/image\/"}}]}},"_links":{"self":[{"href":"https:\/\/luckyjet-games.com\/es\/wp-json\/wp\/v2\/pages\/371","targetHints":{"allow":["GET"]}}],"collection":[{"href":"https:\/\/luckyjet-games.com\/es\/wp-json\/wp\/v2\/pages"}],"about":[{"href":"https:\/\/luckyjet-games.com\/es\/wp-json\/wp\/v2\/types\/page"}],"author":[{"embeddable":true,"href":"https:\/\/luckyjet-games.com\/es\/wp-json\/wp\/v2\/users\/2"}],"replies":[{"embeddable":true,"href":"https:\/\/luckyjet-games.com\/es\/wp-json\/wp\/v2\/comments?post=371"}],"version-history":[{"count":0,"href":"https:\/\/luckyjet-games.com\/es\/wp-json\/wp\/v2\/pages\/371\/revisions"}],"wp:attachment":[{"href":"https:\/\/luckyjet-games.com\/es\/wp-json\/wp\/v2\/media?parent=371"}],"curies":[{"name":"gracias","href":"https:\/\/api.w.org\/{rel}","templated":true}]}}