{"id":358,"date":"2023-09-25T11:50:26","date_gmt":"2023-09-25T11:50:26","guid":{"rendered":"https:\/\/luckyjet-games.com\/?page_id=358"},"modified":"2023-09-25T11:50:26","modified_gmt":"2023-09-25T11:50:26","slug":"cookies-policy","status":"publish","type":"page","link":"https:\/\/luckyjet-games.com\/es\/cookies-policy\/","title":{"rendered":"Pol\u00edtica de cookies"},"content":{"rendered":"<p>En esta gu\u00eda completa, profundizamos en las complejidades de las pol\u00edticas de cookies para brindarle una comprensi\u00f3n profunda de su importancia, sus componentes y c\u00f3mo crear una efectiva para su sitio web.<\/p>\n<div id=\"ez-toc-container\" class=\"ez-toc-v2_0_75 counter-hierarchy ez-toc-counter ez-toc-grey ez-toc-container-direction\">\n<div class=\"ez-toc-title-container\">\n<p class=\"ez-toc-title\" style=\"cursor:inherit\">Tabla de contenido<\/p>\n<span class=\"ez-toc-title-toggle\"><a href=\"#\" class=\"ez-toc-pull-right ez-toc-btn ez-toc-btn-xs ez-toc-btn-default ez-toc-toggle\" aria-label=\"Alternar tabla de contenidos\"><span class=\"ez-toc-js-icon-con\"><span class=\"\"><span class=\"eztoc-hide\" style=\"display:none;\">Toggle<\/span><span class=\"ez-toc-icon-toggle-span\"><svg style=\"fill: #999;color:#999\" xmlns=\"http:\/\/www.w3.org\/2000\/svg\" class=\"list-377408\" width=\"20px\" height=\"20px\" viewbox=\"0 0 24 24\" fill=\"none\"><path d=\"M6 6H4v2h2V6zm14 0H8v2h12V6zM4 11h2v2H4v-2zm16 0H8v2h12v-2zM4 16h2v2H4v-2zm16 0H8v2h12v-2z\" fill=\"currentColor\"><\/path><\/svg><svg style=\"fill: #999;color:#999\" class=\"arrow-unsorted-368013\" xmlns=\"http:\/\/www.w3.org\/2000\/svg\" width=\"10px\" height=\"10px\" viewbox=\"0 0 24 24\" version=\"1.2\" baseprofile=\"tiny\"><path d=\"M18.2 9.3l-6.2-6.3-6.2 6.3c-.2.2-.3.4-.3.7s.1.5.3.7c.2.2.4.3.7.3h11c.3 0 .5-.1.7-.3.2-.2.3-.5.3-.7s-.1-.5-.3-.7zM5.8 14.7l6.2 6.3 6.2-6.3c.2-.2.3-.5.3-.7s-.1-.5-.3-.7c-.2-.2-.4-.3-.7-.3h-11c-.3 0-.5.1-.7.3-.2.2-.3.5-.3.7s.1.5.3.7z\"\/><\/svg><\/span><\/span><\/span><\/a><\/span><\/div>\n<nav><ul class='ez-toc-list ez-toc-list-level-1 eztoc-toggle-hide-by-default' ><li class='ez-toc-page-1 ez-toc-heading-level-2'><a class=\"ez-toc-link ez-toc-heading-1\" href=\"https:\/\/luckyjet-games.com\/es\/cookies-policy\/#Introduction\" >Introducci\u00f3n<\/a><\/li><li class='ez-toc-page-1 ez-toc-heading-level-2'><a class=\"ez-toc-link ez-toc-heading-2\" href=\"https:\/\/luckyjet-games.com\/es\/cookies-policy\/#What_Are_Cookies\" >\u00bfQu\u00e9 son las cookies?<\/a><\/li><li class='ez-toc-page-1 ez-toc-heading-level-2'><a class=\"ez-toc-link ez-toc-heading-3\" href=\"https:\/\/luckyjet-games.com\/es\/cookies-policy\/#Why_Do_You_Need_a_Cookies_Policy\" >\u00bfPor qu\u00e9 necesitas una pol\u00edtica de cookies?<\/a><\/li><li class='ez-toc-page-1 ez-toc-heading-level-2'><a class=\"ez-toc-link ez-toc-heading-4\" href=\"https:\/\/luckyjet-games.com\/es\/cookies-policy\/#Components_of_an_Effective_Cookies_Policy\" >Componentes de una pol\u00edtica de cookies eficaz<\/a><ul class='ez-toc-list-level-3' ><li class='ez-toc-heading-level-3'><a class=\"ez-toc-link ez-toc-heading-5\" href=\"https:\/\/luckyjet-games.com\/es\/cookies-policy\/#1_Introduction\" >1. Introducci\u00f3n<\/a><\/li><li class='ez-toc-page-1 ez-toc-heading-level-3'><a class=\"ez-toc-link ez-toc-heading-6\" href=\"https:\/\/luckyjet-games.com\/es\/cookies-policy\/#2_What_Are_Cookies\" >2. \u00bfQu\u00e9 son las cookies?<\/a><\/li><li class='ez-toc-page-1 ez-toc-heading-level-3'><a class=\"ez-toc-link ez-toc-heading-7\" href=\"https:\/\/luckyjet-games.com\/es\/cookies-policy\/#3_Types_of_Cookies\" >3. Tipos de cookies<\/a><\/li><li class='ez-toc-page-1 ez-toc-heading-level-3'><a class=\"ez-toc-link ez-toc-heading-8\" href=\"https:\/\/luckyjet-games.com\/es\/cookies-policy\/#4_Why_Do_You_Use_Cookies\" >4. \u00bfPor qu\u00e9 utilizas cookies?<\/a><\/li><li class='ez-toc-page-1 ez-toc-heading-level-3'><a class=\"ez-toc-link ez-toc-heading-9\" href=\"https:\/\/luckyjet-games.com\/es\/cookies-policy\/#5_How_to_Disable_Cookies\" >5. C\u00f3mo deshabilitar las cookies<\/a><\/li><li class='ez-toc-page-1 ez-toc-heading-level-3'><a class=\"ez-toc-link ez-toc-heading-10\" href=\"https:\/\/luckyjet-games.com\/es\/cookies-policy\/#6_Third-Party_Cookies\" >6. Cookies de terceros<\/a><\/li><li class='ez-toc-page-1 ez-toc-heading-level-3'><a class=\"ez-toc-link ez-toc-heading-11\" href=\"https:\/\/luckyjet-games.com\/es\/cookies-policy\/#7_Changes_to_Your_Policy\" >7. Cambios en su p\u00f3liza<\/a><\/li><li class='ez-toc-page-1 ez-toc-heading-level-3'><a class=\"ez-toc-link ez-toc-heading-12\" href=\"https:\/\/luckyjet-games.com\/es\/cookies-policy\/#8_Obtaining_Consent\" >8. Obtener el consentimiento<\/a><\/li><\/ul><\/li><li class='ez-toc-page-1 ez-toc-heading-level-2'><a class=\"ez-toc-link ez-toc-heading-13\" href=\"https:\/\/luckyjet-games.com\/es\/cookies-policy\/#Creating_an_Effective_Cookies_Policy\" >Crear una pol\u00edtica de cookies eficaz<\/a><\/li><li class='ez-toc-page-1 ez-toc-heading-level-2'><a class=\"ez-toc-link ez-toc-heading-14\" href=\"https:\/\/luckyjet-games.com\/es\/cookies-policy\/#Conclusion\" >Conclusi\u00f3n<\/a><\/li><\/ul><\/nav><\/div>\n<h2><span class=\"ez-toc-section\" id=\"Introduction\"><\/span>Introducci\u00f3n<span class=\"ez-toc-section-end\"><\/span><\/h2>\n<p>Cuando se trata de establecer una fuerte presencia en l\u00ednea, una pol\u00edtica de cookies bien dise\u00f1ada es un componente esencial. No s\u00f3lo garantiza el cumplimiento legal sino que tambi\u00e9n genera confianza entre los visitantes de su sitio web. En esta gu\u00eda, exploraremos los aspectos clave de las pol\u00edticas de cookies, ayud\u00e1ndole a crear una que no s\u00f3lo cumpla con los requisitos legales sino que tambi\u00e9n mejore la experiencia del usuario.<\/p>\n<h2><span class=\"ez-toc-section\" id=\"What_Are_Cookies\"><\/span>\u00bfQu\u00e9 son las cookies?<span class=\"ez-toc-section-end\"><\/span><\/h2>\n<p>Las cookies son peque\u00f1os fragmentos de datos almacenados en el dispositivo de un usuario cuando visita un sitio web. Sirven para diversos fines, incluido recordar las preferencias del usuario, mejorar la funcionalidad del sitio web y rastrear el comportamiento del usuario. Las cookies se dividen en dos categor\u00edas principales:<\/p>\n<ol>\n<li><strong>Cookies de sesi\u00f3n<\/strong>: Estas cookies temporales se almacenan \u00fanicamente durante la sesi\u00f3n de un usuario en su sitio web y se eliminan cuando cierra su navegador.<\/li>\n<li><strong>Cookies persistentes<\/strong>: Las cookies persistentes permanecen en el dispositivo de un usuario durante un per\u00edodo espec\u00edfico, incluso despu\u00e9s de que abandone su sitio web.<\/li>\n<\/ol>\n<h2><span class=\"ez-toc-section\" id=\"Why_Do_You_Need_a_Cookies_Policy\"><\/span>\u00bfPor qu\u00e9 necesitas una pol\u00edtica de cookies?<span class=\"ez-toc-section-end\"><\/span><\/h2>\n<p>Una pol\u00edtica de cookies es vital por varios motivos:<\/p>\n<ol>\n<li><strong>C\u00f3mplice legal<\/strong>: Muchos pa\u00edses exigen que los sitios web informen a los usuarios sobre el uso de cookies y obtengan su consentimiento. El incumplimiento de estas normas puede tener repercusiones legales.<\/li>\n<li><strong>Transparencia<\/strong>: Demuestra transparencia y honestidad en sus pr\u00e1cticas de recopilaci\u00f3n de datos, fomentando la confianza con su audiencia.<\/li>\n<li><strong>Consentimiento del usuario<\/strong>: Permite a los usuarios tomar decisiones informadas sobre la privacidad de sus datos brind\u00e1ndoles la opci\u00f3n de aceptar o rechazar las cookies.<\/li>\n<\/ol>\n<h2><span class=\"ez-toc-section\" id=\"Components_of_an_Effective_Cookies_Policy\"><\/span>Componentes de una pol\u00edtica de cookies eficaz<span class=\"ez-toc-section-end\"><\/span><\/h2>\n<p>Para crear una pol\u00edtica de cookies que supere a la competencia, considere incluir los siguientes componentes:<\/p>\n<h3><span class=\"ez-toc-section\" id=\"1_Introduction\"><\/span>1. Introducci\u00f3n<span class=\"ez-toc-section-end\"><\/span><\/h3>\n<p><strong>T\u00edtulo<\/strong>: Etiquete claramente su pol\u00edtica como \u201cPol\u00edtica de Cookies\u201d para una f\u00e1cil identificaci\u00f3n.<\/p>\n<h3><span class=\"ez-toc-section\" id=\"2_What_Are_Cookies\"><\/span>2. \u00bfQu\u00e9 son las cookies?<span class=\"ez-toc-section-end\"><\/span><\/h3>\n<p>Proporcione una explicaci\u00f3n concisa de las cookies, como comentamos anteriormente.<\/p>\n<h3><span class=\"ez-toc-section\" id=\"3_Types_of_Cookies\"><\/span>3. Tipos de cookies<span class=\"ez-toc-section-end\"><\/span><\/h3>\n<p>Explique los diferentes tipos de cookies que utiliza su sitio web y sus respectivas finalidades.<\/p>\n<h3><span class=\"ez-toc-section\" id=\"4_Why_Do_You_Use_Cookies\"><\/span>4. \u00bfPor qu\u00e9 utilizas cookies?<span class=\"ez-toc-section-end\"><\/span><\/h3>\n<p>Detalle los motivos por los que se recogen datos de los usuarios a trav\u00e9s de cookies y c\u00f3mo beneficia tanto a su sitio web como a los usuarios.<\/p>\n<h3><span class=\"ez-toc-section\" id=\"5_How_to_Disable_Cookies\"><\/span>5. C\u00f3mo deshabilitar las cookies<span class=\"ez-toc-section-end\"><\/span><\/h3>\n<p>Ofrecer instrucciones sobre c\u00f3mo los usuarios pueden administrar y deshabilitar las cookies en la configuraci\u00f3n de su navegador.<\/p>\n<h3><span class=\"ez-toc-section\" id=\"6_Third-Party_Cookies\"><\/span>6. Cookies de terceros<span class=\"ez-toc-section-end\"><\/span><\/h3>\n<p>Si corresponde, revele las cookies de terceros utilizadas en su sitio web y proporcione enlaces a sus respectivas pol\u00edticas.<\/p>\n<h3><span class=\"ez-toc-section\" id=\"7_Changes_to_Your_Policy\"><\/span>7. Cambios en su p\u00f3liza<span class=\"ez-toc-section-end\"><\/span><\/h3>\n<p>Explicar que la pol\u00edtica de cookies podr\u00e1 actualizarse, y c\u00f3mo se comunicar\u00e1 a los usuarios cualquier cambio.<\/p>\n<h3><span class=\"ez-toc-section\" id=\"8_Obtaining_Consent\"><\/span>8. Obtener el consentimiento<span class=\"ez-toc-section-end\"><\/span><\/h3>\n<p>Describa los m\u00e9todos utilizados para obtener el consentimiento del usuario para el uso de cookies, como notificaciones emergentes o pancartas.<\/p>\n<h2><span class=\"ez-toc-section\" id=\"Creating_an_Effective_Cookies_Policy\"><\/span>Crear una pol\u00edtica de cookies eficaz<span class=\"ez-toc-section-end\"><\/span><\/h2>\n<p>Para crear una pol\u00edtica de cookies eficaz que supere a la competencia, siga estos pasos:<\/p>\n<ol>\n<li><strong>Investigaci\u00f3n<\/strong>: Mant\u00e9ngase actualizado con las \u00faltimas regulaciones relacionadas con cookies en la regi\u00f3n de su p\u00fablico objetivo.<\/li>\n<li><strong>Lenguaje claro<\/strong>: escriba su pol\u00edtica en un lenguaje sencillo y f\u00e1cilmente comprensible para garantizar que los usuarios comprendan su contenido.<\/li>\n<li><strong>Accesibilidad<\/strong>: aseg\u00farese de que se pueda acceder f\u00e1cilmente a su p\u00f3liza, normalmente a trav\u00e9s de un enlace al pie de p\u00e1gina de su sitio web.<\/li>\n<li><strong>Mecanismo de consentimiento<\/strong>: Implementar un mecanismo de consentimiento f\u00e1cil de usar que respete las elecciones de los usuarios.<\/li>\n<li><strong>Actualizaciones peri\u00f3dicas<\/strong>: Revise y actualice peri\u00f3dicamente su pol\u00edtica para cumplir con las regulaciones en evoluci\u00f3n.<\/li>\n<\/ol>\n<h2><span class=\"ez-toc-section\" id=\"Conclusion\"><\/span>Conclusi\u00f3n<span class=\"ez-toc-section-end\"><\/span><\/h2>\n<p>En conclusi\u00f3n, una pol\u00edtica de cookies bien elaborada es un elemento esencial de su sitio web que no s\u00f3lo garantiza el cumplimiento legal sino que tambi\u00e9n fomenta la confianza con su audiencia. Siguiendo las pautas descritas en esta gu\u00eda completa, puede crear una pol\u00edtica de cookies que no solo cumpla con los requisitos legales sino que tambi\u00e9n mejore la experiencia del usuario en su sitio web.<\/p>\n<p>Al proporcionar informaci\u00f3n clara sobre las cookies, obtener el consentimiento del usuario y mantenerse actualizado con los cambios regulatorios, no solo superar\u00e1 a sus competidores sino que tambi\u00e9n establecer\u00e1 su sitio web como una plataforma en l\u00ednea confiable y centrada en el usuario.<\/p>\n<div class=\"author-card author-card--top\"><img alt='Foto del avatar' src='https:\/\/luckyjet-games.com\/wp-content\/uploads\/2023\/03\/Chris-Hodge-130x130.jpg' srcset='https:\/\/luckyjet-games.com\/wp-content\/uploads\/2023\/03\/Chris-Hodge-260x260.jpg 2x' class='avatar avatar-130 photo author-image' height='130' width='130' \/><div class=\"author-content text-md-center\"><span class=\"author-title\">Autor<\/span><a href=\"https:\/\/luckyjet-games.com\/es\/author\/chris-hodge\/\" class=\"author-name\">Chris Hodge<\/a><p class=\"author__details\">Chris Hodge es un experto en juegos de azar. Lleva m\u00e1s de 10 a\u00f1os jugando y estudiando los juegos de casino. En ese tiempo, ha desarrollado una comprensi\u00f3n \u00edntima de las estrategias y la mec\u00e1nica detr\u00e1s de cada juego en el casino.<br \/>\r\n<br \/>\r\nLos conocimientos y la experiencia de Chris le han valido un puesto como colaborador habitual en varias de las principales publicaciones sobre juegos de azar. Los casinos tambi\u00e9n recurren a \u00e9l con frecuencia para que proporcione asesoramiento experto sobre nuevos juegos y promociones.<\/p><\/div><!-- \/.author-content --><\/div>","protected":false},"excerpt":{"rendered":"<p>En esta completa gu\u00eda, nos adentramos en los entresijos de las pol\u00edticas de cookies para proporcionarle una comprensi\u00f3n profunda de su importancia, componentes y c\u00f3mo crear una efectiva para su sitio web. Introducci\u00f3n Cuando se trata de establecer una s\u00f3lida presencia en l\u00ednea, una pol\u00edtica de cookies bien elaborada es un componente esencial. No solo garantiza [...]<\/p>","protected":false},"author":2,"featured_media":0,"parent":0,"menu_order":0,"comment_status":"closed","ping_status":"closed","template":"page-no-sidebar.php","meta":{"_acf_changed":false,"footnotes":""},"class_list":["post-358","page","type-page","status-publish","hentry"],"acf":[],"yoast_head":"<!-- This site is optimized with the Yoast SEO plugin v26.7 - https:\/\/yoast.com\/wordpress\/plugins\/seo\/ -->\n<title>Cookies Policy - Lucky Jet Games<\/title>\n<meta name=\"robots\" content=\"index, follow, max-snippet:-1, max-image-preview:large, max-video-preview:-1\" \/>\n<link rel=\"canonical\" href=\"https:\/\/luckyjet-games.com\/es\/cookies-policy\/\" \/>\n<meta property=\"og:locale\" content=\"es_ES\" \/>\n<meta property=\"og:type\" content=\"article\" \/>\n<meta property=\"og:title\" content=\"Cookies Policy - Lucky Jet Games\" \/>\n<meta property=\"og:description\" content=\"In this comprehensive guide, we delve into the intricacies of cookies policies to provide you with a thorough understanding of their importance, components, and how to create an effective one for your website. Introduction When it comes to establishing a strong online presence, a well-crafted cookies policy is an essential component. It not only ensures [&hellip;]\" \/>\n<meta property=\"og:url\" content=\"https:\/\/luckyjet-games.com\/es\/cookies-policy\/\" \/>\n<meta property=\"og:site_name\" content=\"Lucky Jet Games\" \/>\n<meta name=\"twitter:card\" content=\"summary_large_image\" \/>\n<!-- \/ Yoast SEO plugin. -->","yoast_head_json":{"title":"Pol\u00edtica de Cookies - Juegos Lucky Jet","robots":{"index":"index","follow":"follow","max-snippet":"max-snippet:-1","max-image-preview":"max-image-preview:large","max-video-preview":"max-video-preview:-1"},"canonical":"https:\/\/luckyjet-games.com\/es\/cookies-policy\/","og_locale":"es_ES","og_type":"article","og_title":"Cookies Policy - Lucky Jet Games","og_description":"In this comprehensive guide, we delve into the intricacies of cookies policies to provide you with a thorough understanding of their importance, components, and how to create an effective one for your website. Introduction When it comes to establishing a strong online presence, a well-crafted cookies policy is an essential component. It not only ensures [&hellip;]","og_url":"https:\/\/luckyjet-games.com\/es\/cookies-policy\/","og_site_name":"Lucky Jet Games","twitter_card":"summary_large_image","schema":{"@context":"https:\/\/schema.org","@graph":[{"@type":"WebPage","@id":"https:\/\/luckyjet-games.com\/cookies-policy\/","url":"https:\/\/luckyjet-games.com\/cookies-policy\/","name":"Pol\u00edtica de Cookies - Juegos Lucky Jet","isPartOf":{"@id":"https:\/\/luckyjet-games.com\/de\/#website"},"datePublished":"2023-09-25T11:50:26+00:00","breadcrumb":{"@id":"https:\/\/luckyjet-games.com\/cookies-policy\/#breadcrumb"},"inLanguage":"es","potentialAction":[{"@type":"ReadAction","target":["https:\/\/luckyjet-games.com\/cookies-policy\/"]}]},{"@type":"BreadcrumbList","@id":"https:\/\/luckyjet-games.com\/cookies-policy\/#breadcrumb","itemListElement":[{"@type":"ListItem","position":1,"name":"Home","item":"https:\/\/luckyjet-games.com\/"},{"@type":"ListItem","position":2,"name":"Cookies Policy"}]},{"@type":"WebSite","@id":"https:\/\/luckyjet-games.com\/de\/#website","url":"https:\/\/luckyjet-games.com\/de\/","name":"Juegos Lucky Jet","description":"","publisher":{"@id":"https:\/\/luckyjet-games.com\/de\/#organization"},"potentialAction":[{"@type":"SearchAction","target":{"@type":"EntryPoint","urlTemplate":"https:\/\/luckyjet-games.com\/de\/?s={search_term_string}"},"query-input":{"@type":"PropertyValueSpecification","valueRequired":true,"valueName":"search_term_string"}}],"inLanguage":"es"},{"@type":"Organization","@id":"https:\/\/luckyjet-games.com\/de\/#organization","name":"Juegos Lucky Jet","url":"https:\/\/luckyjet-games.com\/de\/","logo":{"@type":"ImageObject","inLanguage":"es","@id":"https:\/\/luckyjet-games.com\/de\/#\/schema\/logo\/image\/","url":"https:\/\/luckyjet-games.com\/wp-content\/uploads\/2022\/10\/Lucky-Jet-Game.png","contentUrl":"https:\/\/luckyjet-games.com\/wp-content\/uploads\/2022\/10\/Lucky-Jet-Game.png","width":711,"height":599,"caption":"Lucky Jet Games"},"image":{"@id":"https:\/\/luckyjet-games.com\/de\/#\/schema\/logo\/image\/"}}]}},"_links":{"self":[{"href":"https:\/\/luckyjet-games.com\/es\/wp-json\/wp\/v2\/pages\/358","targetHints":{"allow":["GET"]}}],"collection":[{"href":"https:\/\/luckyjet-games.com\/es\/wp-json\/wp\/v2\/pages"}],"about":[{"href":"https:\/\/luckyjet-games.com\/es\/wp-json\/wp\/v2\/types\/page"}],"author":[{"embeddable":true,"href":"https:\/\/luckyjet-games.com\/es\/wp-json\/wp\/v2\/users\/2"}],"replies":[{"embeddable":true,"href":"https:\/\/luckyjet-games.com\/es\/wp-json\/wp\/v2\/comments?post=358"}],"version-history":[{"count":0,"href":"https:\/\/luckyjet-games.com\/es\/wp-json\/wp\/v2\/pages\/358\/revisions"}],"wp:attachment":[{"href":"https:\/\/luckyjet-games.com\/es\/wp-json\/wp\/v2\/media?parent=358"}],"curies":[{"name":"gracias","href":"https:\/\/api.w.org\/{rel}","templated":true}]}}