{"id":27,"date":"2022-10-07T14:43:44","date_gmt":"2022-10-07T14:43:44","guid":{"rendered":"https:\/\/luckyjet-games.com\/?page_id=27"},"modified":"2024-03-12T18:02:22","modified_gmt":"2024-03-12T18:02:22","slug":"how-to-download-lucky-jet-app","status":"publish","type":"page","link":"https:\/\/luckyjet-games.com\/es\/download-lucky-jet-app\/","title":{"rendered":"C\u00f3mo descargar la aplicaci\u00f3n Lucky Jet"},"content":{"rendered":"<div style=\"text-align: center;\"><a class=\"glow-button\" href=\"#go\" data-go=\"go\">Juega al Lucky Jet en el Casino 1Win<\/a><\/div>\n\n\n\n<p>Es sencillo empezar a jugar al <a href=\"https:\/\/luckyjet-games.com\/es\/\">Juego Lucky Jet<\/a>. El juego ser\u00e1 accesible para Android, iOS y Windows o MacOS.<\/p>\n\n\n<div class=\"wp-block-image\">\n<figure class=\"aligncenter\"><a href=\"#go\" data-go=\"go\" rel=\"noreferrer noopener\"><img decoding=\"async\" width=\"1022\" height=\"500\" src=\"https:\/\/luckyjet-games.com\/wp-content\/uploads\/2022\/10\/Jucky-Jet-App.jpg\" alt=\"Aplicaci\u00f3n Lucky Jet\" class=\"wp-image-38\" srcset=\"https:\/\/luckyjet-games.com\/wp-content\/uploads\/2022\/10\/Jucky-Jet-App.jpg 1022w, https:\/\/luckyjet-games.com\/wp-content\/uploads\/2022\/10\/Jucky-Jet-App-300x147.jpg 300w, https:\/\/luckyjet-games.com\/wp-content\/uploads\/2022\/10\/Jucky-Jet-App-768x376.jpg 768w, https:\/\/luckyjet-games.com\/wp-content\/uploads\/2022\/10\/Jucky-Jet-App-82x40.jpg 82w, https:\/\/luckyjet-games.com\/wp-content\/uploads\/2022\/10\/Jucky-Jet-App-65x32.jpg 65w, https:\/\/luckyjet-games.com\/wp-content\/uploads\/2022\/10\/Jucky-Jet-App-164x80.jpg 164w, https:\/\/luckyjet-games.com\/wp-content\/uploads\/2022\/10\/Jucky-Jet-App-276x135.jpg 276w\" sizes=\"(max-width: 1022px) 100vw, 1022px\" \/><\/a><figcaption class=\"wp-element-caption\">Aplicaci\u00f3n Lucky Jet<\/figcaption><\/figure>\n<\/div>\n\n\n<p>El Lucky Jet es s\u00f3lo un juego de navegador que no encontrar\u00e1s en ninguna tienda de aplicaciones. Esto se debe a la pol\u00edtica de AppStore de Apple y Play Store de Google de no permitir juegos con dinero real en sus cat\u00e1logos. Sin embargo, esto juega a nuestro favor porque todo lo que necesitas para jugar el juego es un tel\u00e9fono, un ordenador o una tableta con un navegador, \u00a1solo tienes que seguir el enlace y empezar a jugar!<\/p>\n\n\n\n<figure class=\"wp-block-table\"><table><tbody><tr><td>Versi\u00f3n de la aplicaci\u00f3n<\/td><td>37.02<\/td><\/tr><tr><td>Coste<\/td><td>Gratis<\/td><\/tr><tr><td>OS<\/td><td>iOS, Android<\/td><\/tr><tr><td>Jugar al mercado<\/td><td>No disponible<\/td><\/tr><tr><td>Apple Store<\/td><td>No disponible<\/td><\/tr><tr><td>Volumen para Android<\/td><td>43,12 Mb<\/td><\/tr><tr><td>Volumen para iOS<\/td><td>23,4 Mb<\/td><\/tr><tr><td>Servicio de casino<\/td><td>S\u00ed, si tiene una cuenta<\/td><\/tr><\/tbody><\/table><\/figure>\n\n\n\n<div id=\"ez-toc-container\" class=\"ez-toc-v2_0_75 counter-hierarchy ez-toc-counter ez-toc-grey ez-toc-container-direction\">\n<div class=\"ez-toc-title-container\">\n<p class=\"ez-toc-title\" style=\"cursor:inherit\">Tabla de contenido<\/p>\n<span class=\"ez-toc-title-toggle\"><a href=\"#\" class=\"ez-toc-pull-right ez-toc-btn ez-toc-btn-xs ez-toc-btn-default ez-toc-toggle\" aria-label=\"Alternar tabla de contenidos\"><span class=\"ez-toc-js-icon-con\"><span class=\"\"><span class=\"eztoc-hide\" style=\"display:none;\">Toggle<\/span><span class=\"ez-toc-icon-toggle-span\"><svg style=\"fill: #999;color:#999\" xmlns=\"http:\/\/www.w3.org\/2000\/svg\" class=\"list-377408\" width=\"20px\" height=\"20px\" viewbox=\"0 0 24 24\" fill=\"none\"><path d=\"M6 6H4v2h2V6zm14 0H8v2h12V6zM4 11h2v2H4v-2zm16 0H8v2h12v-2zM4 16h2v2H4v-2zm16 0H8v2h12v-2z\" fill=\"currentColor\"><\/path><\/svg><svg style=\"fill: #999;color:#999\" class=\"arrow-unsorted-368013\" xmlns=\"http:\/\/www.w3.org\/2000\/svg\" width=\"10px\" height=\"10px\" viewbox=\"0 0 24 24\" version=\"1.2\" baseprofile=\"tiny\"><path d=\"M18.2 9.3l-6.2-6.3-6.2 6.3c-.2.2-.3.4-.3.7s.1.5.3.7c.2.2.4.3.7.3h11c.3 0 .5-.1.7-.3.2-.2.3-.5.3-.7s-.1-.5-.3-.7zM5.8 14.7l6.2 6.3 6.2-6.3c.2-.2.3-.5.3-.7s-.1-.5-.3-.7c-.2-.2-.4-.3-.7-.3h-11c-.3 0-.5.1-.7.3-.2.2-.3.5-.3.7s.1.5.3.7z\"\/><\/svg><\/span><\/span><\/span><\/a><\/span><\/div>\n<nav><ul class='ez-toc-list ez-toc-list-level-1 eztoc-toggle-hide-by-default' ><li class='ez-toc-page-1 ez-toc-heading-level-2'><a class=\"ez-toc-link ez-toc-heading-1\" href=\"https:\/\/luckyjet-games.com\/es\/download-lucky-jet-app\/#Play_Lucky_Jet_for_free_at_1Win_Casino\" >Juega Lucky Jet gratis en 1Win Casino<\/a><\/li><li class='ez-toc-page-1 ez-toc-heading-level-2'><a class=\"ez-toc-link ez-toc-heading-2\" href=\"https:\/\/luckyjet-games.com\/es\/download-lucky-jet-app\/#Download_Lucky_Jet_%E2%80%93_Play_for_real_money\" >Descargar Lucky Jet - Jugar con dinero real<\/a><\/li><li class='ez-toc-page-1 ez-toc-heading-level-2'><a class=\"ez-toc-link ez-toc-heading-3\" href=\"https:\/\/luckyjet-games.com\/es\/download-lucky-jet-app\/#Download_app_on_your_Android\" >Descarga la aplicaci\u00f3n en tu Android<\/a><ul class='ez-toc-list-level-3' ><li class='ez-toc-heading-level-3'><a class=\"ez-toc-link ez-toc-heading-4\" href=\"https:\/\/luckyjet-games.com\/es\/download-lucky-jet-app\/#Follow_the_link\" >Siga el enlace:<\/a><\/li><li class='ez-toc-page-1 ez-toc-heading-level-3'><a class=\"ez-toc-link ez-toc-heading-5\" href=\"https:\/\/luckyjet-games.com\/es\/download-lucky-jet-app\/#Use_Chrome_menu\" >Utiliza el men\u00fa de Chrome:<\/a><\/li><\/ul><\/li><li class='ez-toc-page-1 ez-toc-heading-level-2'><a class=\"ez-toc-link ez-toc-heading-6\" href=\"https:\/\/luckyjet-games.com\/es\/download-lucky-jet-app\/#Download_for_iOS\" >Descargar para iOS<\/a><\/li><li class='ez-toc-page-1 ez-toc-heading-level-2'><a class=\"ez-toc-link ez-toc-heading-7\" href=\"https:\/\/luckyjet-games.com\/es\/download-lucky-jet-app\/#Play_Lucky_Jet_game_on_your_computer\" >Juega el juego Lucky Jet en tu computadora<\/a><\/li><li class='ez-toc-page-1 ez-toc-heading-level-2'><a class=\"ez-toc-link ez-toc-heading-8\" href=\"https:\/\/luckyjet-games.com\/es\/download-lucky-jet-app\/#Conclusion\" >Conclusi\u00f3n<\/a><\/li><\/ul><\/nav><\/div>\n<h2 class=\"wp-block-heading\"><span class=\"ez-toc-section\" id=\"Play_Lucky_Jet_for_free_at_1Win_Casino\"><\/span>Juega Lucky Jet gratis en 1Win Casino<span class=\"ez-toc-section-end\"><\/span><\/h2>\n\n\n\n<p>Tenga la oportunidad de relajarse y divertirse con Lucky Jet, sin gastar un c\u00e9ntimo. Los casinos en l\u00ednea proporcionan a cada jugador un saldo de bonificaci\u00f3n para jugar a las tragaperras, la ruleta, el p\u00f3quer o los juegos de choque. Siga el enlace, reg\u00edstrese y empiece a jugar sin riesgo.<\/p>\n\n\n\n<div style=\"text-align: center;\"><a class=\"glow-button\" href=\"#go\" data-go=\"go\">\ud83d\udcf1 Descargar Juego Lucky Jet<\/a><\/div>\n\n\n\n<h2 class=\"wp-block-heading\"><span class=\"ez-toc-section\" id=\"Download_Lucky_Jet_%E2%80%93_Play_for_real_money\"><\/span>Descargar Lucky Jet - Jugar con dinero real<span class=\"ez-toc-section-end\"><\/span><\/h2>\n\n\n\n<p>La \u00fanica forma de disfrutar de verdad de un juego es cuando existe la posibilidad de ganar a lo grande. Y con el juego Lucky Jet, \u00a1eso es definitivamente posible! Especialmente si sigues nuestras sencillas estrategias. Con s\u00f3lo unos pocos clics, Lucky Joe puede ayudarte a multiplicar tus ingresos de forma significativa. Para tener siempre acceso al juego Lucky Jet, s\u00f3lo tienes que seguir las siguientes instrucciones.<\/p>\n\n\n<div class=\"wp-block-image wp-image-40 size-full\">\n<figure class=\"aligncenter\"><a href=\"#go\" data-go=\"go\" rel=\"noreferrer noopener\"><img decoding=\"async\" width=\"439\" height=\"459\" src=\"https:\/\/luckyjet-games.com\/wp-content\/uploads\/2022\/10\/Download-Jucky-Jet.jpg\" alt=\"Descargar Lucky Jet\" class=\"wp-image-40\" srcset=\"https:\/\/luckyjet-games.com\/wp-content\/uploads\/2022\/10\/Download-Jucky-Jet.jpg 439w, https:\/\/luckyjet-games.com\/wp-content\/uploads\/2022\/10\/Download-Jucky-Jet-287x300.jpg 287w, https:\/\/luckyjet-games.com\/wp-content\/uploads\/2022\/10\/Download-Jucky-Jet-38x40.jpg 38w, https:\/\/luckyjet-games.com\/wp-content\/uploads\/2022\/10\/Download-Jucky-Jet-31x32.jpg 31w, https:\/\/luckyjet-games.com\/wp-content\/uploads\/2022\/10\/Download-Jucky-Jet-77x80.jpg 77w, https:\/\/luckyjet-games.com\/wp-content\/uploads\/2022\/10\/Download-Jucky-Jet-129x135.jpg 129w\" sizes=\"(max-width: 439px) 100vw, 439px\" \/><\/a><figcaption class=\"wp-element-caption\">Descargar Lucky Jet<\/figcaption><\/figure>\n<\/div>\n\n\n<h2 class=\"wp-block-heading\"><span class=\"ez-toc-section\" id=\"Download_app_on_your_Android\"><\/span>Descarga la aplicaci\u00f3n en tu Android<span class=\"ez-toc-section-end\"><\/span><\/h2>\n\n\n\n<p>Puedes acceder f\u00e1cilmente al juego en tabletas Android instalando la aplicaci\u00f3n. Solo tienes que buscar Lucky Jet en el cat\u00e1logo de juegos despu\u00e9s de instalar la aplicaci\u00f3n. Si utilizas un tel\u00e9fono, ve al sitio web del casino en el navegador Chrome. Hay dos formas de instalar las aplicaciones:<\/p>\n\n\n\n<h3 class=\"wp-block-heading\"><span class=\"ez-toc-section\" id=\"Follow_the_link\"><\/span>Siga el enlace:<span class=\"ez-toc-section-end\"><\/span><\/h3>\n\n\n\n<ul class=\"wp-block-list\">\n<li>Despl\u00e1cese hacia abajo hasta la \"Informaci\u00f3n\";<\/li>\n\n\n\n<li>Selecciona la aplicaci\u00f3n para Android. Cuando termine de descargarse, ve a \"Ajustes\" y selecciona \"Avanzado\". Selecciona \"Aplicaci\u00f3n Android\" y espera a que el programa se instale.<\/li>\n\n\n\n<li>Instala el archivo .apk una vez descargado.<\/li>\n<\/ul>\n\n\n\n<h3 class=\"wp-block-heading\"><span class=\"ez-toc-section\" id=\"Use_Chrome_menu\"><\/span>Utiliza el men\u00fa de Chrome:<span class=\"ez-toc-section-end\"><\/span><\/h3>\n\n\n\n<ul class=\"wp-block-list\">\n<li>Haga clic en el men\u00fa del navegador en la esquina superior derecha. (Deber\u00eda tener el aspecto de tres puntos).<\/li>\n\n\n\n<li>Seleccione \"Instalar aplicaci\u00f3n\";<\/li>\n\n\n\n<li>Haga clic en \"Instalar\" en la ventana emergente;<\/li>\n\n\n\n<li>El icono del casino aparecer\u00e1 en la lista de aplicaciones.<\/li>\n<\/ul>\n\n\n<div class=\"wp-block-image wp-image-41 size-full\">\n<figure class=\"aligncenter\"><a href=\"#go\" data-go=\"go\" rel=\"noreferrer noopener\"><img decoding=\"async\" width=\"245\" height=\"467\" src=\"https:\/\/luckyjet-games.com\/wp-content\/uploads\/2022\/10\/Jucky-Jet-Download.jpg\" alt=\"Lucky Jet Descargar\" class=\"wp-image-41\" srcset=\"https:\/\/luckyjet-games.com\/wp-content\/uploads\/2022\/10\/Jucky-Jet-Download.jpg 245w, https:\/\/luckyjet-games.com\/wp-content\/uploads\/2022\/10\/Jucky-Jet-Download-157x300.jpg 157w, https:\/\/luckyjet-games.com\/wp-content\/uploads\/2022\/10\/Jucky-Jet-Download-21x40.jpg 21w, https:\/\/luckyjet-games.com\/wp-content\/uploads\/2022\/10\/Jucky-Jet-Download-17x32.jpg 17w, https:\/\/luckyjet-games.com\/wp-content\/uploads\/2022\/10\/Jucky-Jet-Download-42x80.jpg 42w, https:\/\/luckyjet-games.com\/wp-content\/uploads\/2022\/10\/Jucky-Jet-Download-71x135.jpg 71w\" sizes=\"(max-width: 245px) 100vw, 245px\" \/><\/a><figcaption class=\"wp-element-caption\">Lucky Jet Descargar<\/figcaption><\/figure>\n<\/div>\n\n\n<div style=\"text-align: center;\"><a class=\"glow-button\" href=\"#go\" data-go=\"go\">Jugar Lucky Jet<\/a><\/div>\n\n\n\n<h2 class=\"wp-block-heading\"><span class=\"ez-toc-section\" id=\"Download_for_iOS\"><\/span>Descargar para iOS<span class=\"ez-toc-section-end\"><\/span><\/h2>\n\n\n\n<p>Para instalar el juego en tu iPhone o iPad, tienes que crear un marcador en Safari y enviarlo a la pantalla principal. Para ello:<\/p>\n\n\n\n<ul class=\"wp-block-list\">\n<li>abre Safari en tu iPhone;<\/li>\n\n\n\n<li>ir al sitio web del casino;<\/li>\n\n\n\n<li>haga clic en el bot\u00f3n \"Abrir\";<\/li>\n\n\n\n<li>seleccione \"pantalla principal\";<\/li>\n\n\n\n<li>el icono del casino aparecer\u00e1 en la pantalla principal del tel\u00e9fono.<\/li>\n<\/ul>\n\n\n\n<h2 class=\"wp-block-heading\"><span class=\"ez-toc-section\" id=\"Play_Lucky_Jet_game_on_your_computer\"><\/span>Juega el juego Lucky Jet en tu computadora<span class=\"ez-toc-section-end\"><\/span><\/h2>\n\n\n\n<p>El juego est\u00e1 disponible exclusivamente en versi\u00f3n web para Windows y MacOS. El juego puede encontrarse siempre en la colecci\u00f3n de juegos del sitio web de 1win. Para obtener informaci\u00f3n inmediata sobre el juego, \u00a1no olvides marcar el sitio!<\/p>\n\n\n<div class=\"wp-block-image wp-image-42 size-full\">\n<figure class=\"aligncenter\"><a href=\"#go\" data-go=\"go\" rel=\"noreferrer noopener\"><img decoding=\"async\" width=\"694\" height=\"427\" src=\"https:\/\/luckyjet-games.com\/wp-content\/uploads\/2022\/10\/Play-Jucky-Jet-Game.jpg\" alt=\"Jugar al juego Lucky Jet\" class=\"wp-image-42\" srcset=\"https:\/\/luckyjet-games.com\/wp-content\/uploads\/2022\/10\/Play-Jucky-Jet-Game.jpg 694w, https:\/\/luckyjet-games.com\/wp-content\/uploads\/2022\/10\/Play-Jucky-Jet-Game-300x185.jpg 300w, https:\/\/luckyjet-games.com\/wp-content\/uploads\/2022\/10\/Play-Jucky-Jet-Game-65x40.jpg 65w, https:\/\/luckyjet-games.com\/wp-content\/uploads\/2022\/10\/Play-Jucky-Jet-Game-52x32.jpg 52w, https:\/\/luckyjet-games.com\/wp-content\/uploads\/2022\/10\/Play-Jucky-Jet-Game-130x80.jpg 130w, https:\/\/luckyjet-games.com\/wp-content\/uploads\/2022\/10\/Play-Jucky-Jet-Game-219x135.jpg 219w\" sizes=\"(max-width: 694px) 100vw, 694px\" \/><\/a><figcaption class=\"wp-element-caption\">Jugar al juego Lucky Jet<\/figcaption><\/figure>\n<\/div>\n\n\n<div style=\"text-align: center;\"><a class=\"glow-button\" href=\"#go\" data-go=\"go\">Juega a Lucky Jet desde el m\u00f3vil<\/a><\/div>\n\n\n\n<h2 class=\"wp-block-heading\"><span class=\"ez-toc-section\" id=\"Conclusion\"><\/span>Conclusi\u00f3n<span class=\"ez-toc-section-end\"><\/span><\/h2>\n\n\n\n<p>Lucky Jet es un juego de f\u00e1cil acceso y que se puede jugar en cualquier dispositivo. Lo \u00fanico que necesitas es un navegador. Y si quieres jugar con dinero real, s\u00f3lo tienes que descargar la aplicaci\u00f3n o utilizar la versi\u00f3n web en tu ordenador. Con un poco de suerte, \u00a1el Lucky Jet puede ayudarte a obtener grandes beneficios!<\/p>\n<div class=\"author-card author-card--top\"><img alt='Foto del avatar' src='https:\/\/luckyjet-games.com\/wp-content\/uploads\/2023\/03\/Chris-Hodge-130x130.jpg' srcset='https:\/\/luckyjet-games.com\/wp-content\/uploads\/2023\/03\/Chris-Hodge-260x260.jpg 2x' class='avatar avatar-130 photo author-image' height='130' width='130' \/><div class=\"author-content text-md-center\"><span class=\"author-title\">Autor<\/span><a href=\"https:\/\/luckyjet-games.com\/es\/author\/chris-hodge\/\" class=\"author-name\">Chris Hodge<\/a><p class=\"author__details\">Chris Hodge es un experto en juegos de azar. Lleva m\u00e1s de 10 a\u00f1os jugando y estudiando los juegos de casino. En ese tiempo, ha desarrollado una comprensi\u00f3n \u00edntima de las estrategias y la mec\u00e1nica detr\u00e1s de cada juego en el casino.<br \/>\r\n<br \/>\r\nLos conocimientos y la experiencia de Chris le han valido un puesto como colaborador habitual en varias de las principales publicaciones sobre juegos de azar. Los casinos tambi\u00e9n recurren a \u00e9l con frecuencia para que proporcione asesoramiento experto sobre nuevos juegos y promociones.<\/p><\/div><!-- \/.author-content --><\/div>","protected":false},"excerpt":{"rendered":"<p>Jugar a Lucky Jet en 1Win Casino Es muy sencillo empezar a jugar a Lucky Jet. El juego ser\u00e1 accesible para Android, iOS y Windows o MacOS. El Lucky Jet es s\u00f3lo un juego de navegador que no encontrar\u00e1s en ninguna tienda de aplicaciones. Esto se debe a que la AppStore de Apple y la Play Store de Google [...]<\/p>","protected":false},"author":2,"featured_media":0,"parent":0,"menu_order":0,"comment_status":"closed","ping_status":"closed","template":"page-no-sidebar.php","meta":{"_acf_changed":false,"footnotes":""},"class_list":["post-27","page","type-page","status-publish","hentry"],"acf":[],"yoast_head":"<!-- This site is optimized with the Yoast SEO plugin v26.7 - https:\/\/yoast.com\/wordpress\/plugins\/seo\/ -->\n<title>How to Download Lucky Jet App: Android, iPhone, Windows or Mac<\/title>\n<meta name=\"description\" content=\"How to download Lucky Jet App for Android, iPhone, Windows or Mac. Download Lucky Jet 1win casino game on your smartphone \ud83d\ude80 How to Install Lucky Jet apk\" \/>\n<meta name=\"robots\" content=\"index, follow, max-snippet:-1, max-image-preview:large, max-video-preview:-1\" \/>\n<link rel=\"canonical\" href=\"https:\/\/luckyjet-games.com\/es\/download-lucky-jet-app\/\" \/>\n<meta property=\"og:locale\" content=\"es_ES\" \/>\n<meta property=\"og:type\" content=\"article\" \/>\n<meta property=\"og:title\" content=\"How to Download Lucky Jet App: Android, iPhone, Windows or Mac\" \/>\n<meta property=\"og:description\" content=\"How to download Lucky Jet App for Android, iPhone, Windows or Mac. Download Lucky Jet 1win casino game on your smartphone \ud83d\ude80 How to Install Lucky Jet apk\" \/>\n<meta property=\"og:url\" content=\"https:\/\/luckyjet-games.com\/es\/download-lucky-jet-app\/\" \/>\n<meta property=\"og:site_name\" content=\"Lucky Jet Games\" \/>\n<meta property=\"article:modified_time\" content=\"2024-03-12T18:02:22+00:00\" \/>\n<meta property=\"og:image\" content=\"https:\/\/luckyjet-games.com\/wp-content\/uploads\/2022\/10\/Jucky-Jet-App.jpg\" \/>\n<meta name=\"twitter:card\" content=\"summary_large_image\" \/>\n<meta name=\"twitter:label1\" content=\"Tiempo de lectura\" \/>\n\t<meta name=\"twitter:data1\" content=\"4 minutos\" \/>\n<!-- \/ Yoast SEO plugin. -->","yoast_head_json":{"title":"C\u00f3mo descargar la aplicaci\u00f3n Lucky Jet: Android, iPhone, Windows o Mac","description":"C\u00f3mo descargar la aplicaci\u00f3n Lucky Jet para Android, iPhone, Windows o Mac. Descargue el juego de casino Lucky Jet 1win en su tel\u00e9fono inteligente \ud83d\ude80 C\u00f3mo instalar Lucky Jet apk","robots":{"index":"index","follow":"follow","max-snippet":"max-snippet:-1","max-image-preview":"max-image-preview:large","max-video-preview":"max-video-preview:-1"},"canonical":"https:\/\/luckyjet-games.com\/es\/download-lucky-jet-app\/","og_locale":"es_ES","og_type":"article","og_title":"How to Download Lucky Jet App: Android, iPhone, Windows or Mac","og_description":"How to download Lucky Jet App for Android, iPhone, Windows or Mac. Download Lucky Jet 1win casino game on your smartphone \ud83d\ude80 How to Install Lucky Jet apk","og_url":"https:\/\/luckyjet-games.com\/es\/download-lucky-jet-app\/","og_site_name":"Lucky Jet Games","article_modified_time":"2024-03-12T18:02:22+00:00","og_image":[{"url":"https:\/\/luckyjet-games.com\/wp-content\/uploads\/2022\/10\/Jucky-Jet-App.jpg","type":"","width":"","height":""}],"twitter_card":"summary_large_image","twitter_misc":{"Tiempo de lectura":"4 minutos"},"schema":{"@context":"https:\/\/schema.org","@graph":[{"@type":"WebPage","@id":"https:\/\/luckyjet-games.com\/download-lucky-jet-app\/","url":"https:\/\/luckyjet-games.com\/download-lucky-jet-app\/","name":"C\u00f3mo descargar la aplicaci\u00f3n Lucky Jet: Android, iPhone, Windows o Mac","isPartOf":{"@id":"https:\/\/luckyjet-games.com\/de\/#website"},"primaryImageOfPage":{"@id":"https:\/\/luckyjet-games.com\/download-lucky-jet-app\/#primaryimage"},"image":{"@id":"https:\/\/luckyjet-games.com\/download-lucky-jet-app\/#primaryimage"},"thumbnailUrl":"https:\/\/luckyjet-games.com\/wp-content\/uploads\/2022\/10\/Jucky-Jet-App.jpg","datePublished":"2022-10-07T14:43:44+00:00","dateModified":"2024-03-12T18:02:22+00:00","description":"C\u00f3mo descargar la aplicaci\u00f3n Lucky Jet para Android, iPhone, Windows o Mac. Descargue el juego de casino Lucky Jet 1win en su tel\u00e9fono inteligente \ud83d\ude80 C\u00f3mo instalar Lucky Jet apk","breadcrumb":{"@id":"https:\/\/luckyjet-games.com\/download-lucky-jet-app\/#breadcrumb"},"inLanguage":"es","potentialAction":[{"@type":"ReadAction","target":["https:\/\/luckyjet-games.com\/download-lucky-jet-app\/"]}]},{"@type":"ImageObject","inLanguage":"es","@id":"https:\/\/luckyjet-games.com\/download-lucky-jet-app\/#primaryimage","url":"https:\/\/luckyjet-games.com\/wp-content\/uploads\/2022\/10\/Jucky-Jet-App.jpg","contentUrl":"https:\/\/luckyjet-games.com\/wp-content\/uploads\/2022\/10\/Jucky-Jet-App.jpg"},{"@type":"BreadcrumbList","@id":"https:\/\/luckyjet-games.com\/download-lucky-jet-app\/#breadcrumb","itemListElement":[{"@type":"ListItem","position":1,"name":"Home","item":"https:\/\/luckyjet-games.com\/"},{"@type":"ListItem","position":2,"name":"How to Download Lucky Jet App"}]},{"@type":"WebSite","@id":"https:\/\/luckyjet-games.com\/de\/#website","url":"https:\/\/luckyjet-games.com\/de\/","name":"Juegos Lucky Jet","description":"","publisher":{"@id":"https:\/\/luckyjet-games.com\/de\/#organization"},"potentialAction":[{"@type":"SearchAction","target":{"@type":"EntryPoint","urlTemplate":"https:\/\/luckyjet-games.com\/de\/?s={search_term_string}"},"query-input":{"@type":"PropertyValueSpecification","valueRequired":true,"valueName":"search_term_string"}}],"inLanguage":"es"},{"@type":"Organization","@id":"https:\/\/luckyjet-games.com\/de\/#organization","name":"Juegos Lucky Jet","url":"https:\/\/luckyjet-games.com\/de\/","logo":{"@type":"ImageObject","inLanguage":"es","@id":"https:\/\/luckyjet-games.com\/de\/#\/schema\/logo\/image\/","url":"https:\/\/luckyjet-games.com\/wp-content\/uploads\/2022\/10\/Lucky-Jet-Game.png","contentUrl":"https:\/\/luckyjet-games.com\/wp-content\/uploads\/2022\/10\/Lucky-Jet-Game.png","width":711,"height":599,"caption":"Lucky Jet Games"},"image":{"@id":"https:\/\/luckyjet-games.com\/de\/#\/schema\/logo\/image\/"}}]}},"_links":{"self":[{"href":"https:\/\/luckyjet-games.com\/es\/wp-json\/wp\/v2\/pages\/27","targetHints":{"allow":["GET"]}}],"collection":[{"href":"https:\/\/luckyjet-games.com\/es\/wp-json\/wp\/v2\/pages"}],"about":[{"href":"https:\/\/luckyjet-games.com\/es\/wp-json\/wp\/v2\/types\/page"}],"author":[{"embeddable":true,"href":"https:\/\/luckyjet-games.com\/es\/wp-json\/wp\/v2\/users\/2"}],"replies":[{"embeddable":true,"href":"https:\/\/luckyjet-games.com\/es\/wp-json\/wp\/v2\/comments?post=27"}],"version-history":[{"count":0,"href":"https:\/\/luckyjet-games.com\/es\/wp-json\/wp\/v2\/pages\/27\/revisions"}],"wp:attachment":[{"href":"https:\/\/luckyjet-games.com\/es\/wp-json\/wp\/v2\/media?parent=27"}],"curies":[{"name":"gracias","href":"https:\/\/api.w.org\/{rel}","templated":true}]}}