{"id":250,"date":"2022-12-20T11:11:31","date_gmt":"2022-12-20T11:11:31","guid":{"rendered":"https:\/\/luckyjet-games.com\/?page_id=250"},"modified":"2024-03-13T19:00:42","modified_gmt":"2024-03-13T19:00:42","slug":"lucky-jet-promo-code-and-bonus","status":"publish","type":"page","link":"https:\/\/luckyjet-games.com\/es\/lucky-jet-promo-code\/","title":{"rendered":"Lucky Jet C\u00f3digo Promocional y Bono"},"content":{"rendered":"<div style=\"text-align: center;\"><a class=\"glow-button-new\" href=\"#go\" data-go=\"go\">Consigue el bono Lucky Jet \ud83c\udf81<\/a><\/div>\n\n\n\n<p>Ofrezca su oportunidad de empezar a jugar con c\u00f3digos de introducci\u00f3n, pero tenga en cuenta que s\u00f3lo son v\u00e1lidos durante un breve periodo de tiempo despu\u00e9s de crear una cuenta. En cuanto te conectes, un temporizador empezar\u00e1 a contar el tiempo que le queda a esta oferta \u00fanica en la vida. Para aprovechar esta promoci\u00f3n y conseguir todo lo que ofrece, reg\u00edstrese en <a href=\"https:\/\/luckyjet-games.com\/es\/\">Lucky Jet<\/a> ahora, porque esta oportunidad es exclusiva para los nuevos miembros.<\/p>\n\n\n<div class=\"wp-block-image\">\n<figure class=\"aligncenter is-resized\"><a href=\"#go\" data-go=\"go\"><img decoding=\"async\" width=\"1024\" height=\"1024\" src=\"https:\/\/luckyjet-games.com\/wp-content\/uploads\/2023\/04\/LUCKY4444-1024x1024.jpg\" alt=\"LUCKY4444\" class=\"wp-image-307\" style=\"width:450px\" srcset=\"https:\/\/luckyjet-games.com\/wp-content\/uploads\/2023\/04\/LUCKY4444-1024x1024.jpg 1024w, https:\/\/luckyjet-games.com\/wp-content\/uploads\/2023\/04\/LUCKY4444-300x300.jpg 300w, https:\/\/luckyjet-games.com\/wp-content\/uploads\/2023\/04\/LUCKY4444-150x150.jpg 150w, https:\/\/luckyjet-games.com\/wp-content\/uploads\/2023\/04\/LUCKY4444-768x768.jpg 768w, https:\/\/luckyjet-games.com\/wp-content\/uploads\/2023\/04\/LUCKY4444-1536x1536.jpg 1536w, https:\/\/luckyjet-games.com\/wp-content\/uploads\/2023\/04\/LUCKY4444-12x12.jpg 12w, https:\/\/luckyjet-games.com\/wp-content\/uploads\/2023\/04\/LUCKY4444-40x40.jpg 40w, https:\/\/luckyjet-games.com\/wp-content\/uploads\/2023\/04\/LUCKY4444-50x50.jpg 50w, https:\/\/luckyjet-games.com\/wp-content\/uploads\/2023\/04\/LUCKY4444-100x100.jpg 100w, https:\/\/luckyjet-games.com\/wp-content\/uploads\/2023\/04\/LUCKY4444-120x120.jpg 120w, https:\/\/luckyjet-games.com\/wp-content\/uploads\/2023\/04\/LUCKY4444-135x135.jpg 135w, https:\/\/luckyjet-games.com\/wp-content\/uploads\/2023\/04\/LUCKY4444-270x270.jpg 270w, https:\/\/luckyjet-games.com\/wp-content\/uploads\/2023\/04\/LUCKY4444-450x450.jpg 450w, https:\/\/luckyjet-games.com\/wp-content\/uploads\/2023\/04\/LUCKY4444-479x479.jpg 479w, https:\/\/luckyjet-games.com\/wp-content\/uploads\/2023\/04\/LUCKY4444-570x570.jpg 570w, https:\/\/luckyjet-games.com\/wp-content\/uploads\/2023\/04\/LUCKY4444-767x767.jpg 767w, https:\/\/luckyjet-games.com\/wp-content\/uploads\/2023\/04\/LUCKY4444-32x32.jpg 32w, https:\/\/luckyjet-games.com\/wp-content\/uploads\/2023\/04\/LUCKY4444-80x80.jpg 80w, https:\/\/luckyjet-games.com\/wp-content\/uploads\/2023\/04\/LUCKY4444.jpg 1600w\" sizes=\"(max-width: 1024px) 100vw, 1024px\" \/><\/a><figcaption class=\"wp-element-caption\">LUCKY4444<\/figcaption><\/figure>\n<\/div>\n\n\n<p>Para obtener el c\u00f3digo promocional de Lucky Jet, basta con buscarlo en el sitio web oficial. Las redes sociales dedicadas a este juego o los sitios con una asociaci\u00f3n con el desarrollador 1win tambi\u00e9n son fuentes potenciales. Sin embargo, es importante determinar si estos c\u00f3digos han caducado y han sido sustituidos por versiones m\u00e1s recientes antes de utilizarlos.<\/p>\n\n\n\n<p>Para asegurarnos de que los jugadores sacan el m\u00e1ximo partido a Lucky Jet, actualizamos continuamente los bonos mediante c\u00f3digos a los que se puede acceder a trav\u00e9s de nuestra p\u00e1gina web oficial, publicaciones en el blog y otras plataformas de medios sociales. Al activarlos, \u00a1sin duda aparecer\u00e1 una deliciosa sorpresa en el saldo de su cuenta!<\/p>\n\n\n\n<div id=\"ez-toc-container\" class=\"ez-toc-v2_0_75 counter-hierarchy ez-toc-counter ez-toc-grey ez-toc-container-direction\">\n<div class=\"ez-toc-title-container\">\n<p class=\"ez-toc-title\" style=\"cursor:inherit\">Tabla de contenido<\/p>\n<span class=\"ez-toc-title-toggle\"><a href=\"#\" class=\"ez-toc-pull-right ez-toc-btn ez-toc-btn-xs ez-toc-btn-default ez-toc-toggle\" aria-label=\"Alternar tabla de contenidos\"><span class=\"ez-toc-js-icon-con\"><span class=\"\"><span class=\"eztoc-hide\" style=\"display:none;\">Toggle<\/span><span class=\"ez-toc-icon-toggle-span\"><svg style=\"fill: #999;color:#999\" xmlns=\"http:\/\/www.w3.org\/2000\/svg\" class=\"list-377408\" width=\"20px\" height=\"20px\" viewbox=\"0 0 24 24\" fill=\"none\"><path d=\"M6 6H4v2h2V6zm14 0H8v2h12V6zM4 11h2v2H4v-2zm16 0H8v2h12v-2zM4 16h2v2H4v-2zm16 0H8v2h12v-2z\" fill=\"currentColor\"><\/path><\/svg><svg style=\"fill: #999;color:#999\" class=\"arrow-unsorted-368013\" xmlns=\"http:\/\/www.w3.org\/2000\/svg\" width=\"10px\" height=\"10px\" viewbox=\"0 0 24 24\" version=\"1.2\" baseprofile=\"tiny\"><path d=\"M18.2 9.3l-6.2-6.3-6.2 6.3c-.2.2-.3.4-.3.7s.1.5.3.7c.2.2.4.3.7.3h11c.3 0 .5-.1.7-.3.2-.2.3-.5.3-.7s-.1-.5-.3-.7zM5.8 14.7l6.2 6.3 6.2-6.3c.2-.2.3-.5.3-.7s-.1-.5-.3-.7c-.2-.2-.4-.3-.7-.3h-11c-.3 0-.5.1-.7.3-.2.2-.3.5-.3.7s.1.5.3.7z\"\/><\/svg><\/span><\/span><\/span><\/a><\/span><\/div>\n<nav><ul class='ez-toc-list ez-toc-list-level-1 eztoc-toggle-hide-by-default' ><li class='ez-toc-page-1 ez-toc-heading-level-2'><a class=\"ez-toc-link ez-toc-heading-1\" href=\"https:\/\/luckyjet-games.com\/es\/lucky-jet-promo-code\/#How_to_Activate_a_Promocode\" >\u00bfC\u00f3mo activar un c\u00f3digo promocional?<\/a><\/li><li class='ez-toc-page-1 ez-toc-heading-level-2'><a class=\"ez-toc-link ez-toc-heading-2\" href=\"https:\/\/luckyjet-games.com\/es\/lucky-jet-promo-code\/#Bonus_Lucky_Jet_Game\" >Bonificaci\u00f3n Lucky Jet Juego<\/a><ul class='ez-toc-list-level-3' ><li class='ez-toc-heading-level-3'><a class=\"ez-toc-link ez-toc-heading-3\" href=\"https:\/\/luckyjet-games.com\/es\/lucky-jet-promo-code\/#Lucky_Jet_Cashback\" >Lucky Jet Cashback<\/a><\/li><\/ul><\/li><li class='ez-toc-page-1 ez-toc-heading-level-2'><a class=\"ez-toc-link ez-toc-heading-4\" href=\"https:\/\/luckyjet-games.com\/es\/lucky-jet-promo-code\/#How_to_Enter_a_Promo_Code_in_1win_LuckyJet\" >C\u00f3mo introducir un c\u00f3digo promocional en 1win LuckyJet<\/a><\/li><li class='ez-toc-page-1 ez-toc-heading-level-2'><a class=\"ez-toc-link ez-toc-heading-5\" href=\"https:\/\/luckyjet-games.com\/es\/lucky-jet-promo-code\/#What_Does_the_Promo_Code_Give_in_Lucky_Jet_1win\" >Qu\u00e9 da el c\u00f3digo promocional en Lucky Jet 1win<\/a><\/li><\/ul><\/nav><\/div>\n<h2 class=\"wp-block-heading\"><span class=\"ez-toc-section\" id=\"How_to_Activate_a_Promocode\"><\/span>\u00bfC\u00f3mo activar un c\u00f3digo promocional?<span class=\"ez-toc-section-end\"><\/span><\/h2>\n\n\n\n<p>Activar un c\u00f3digo promocional Lucky Jet \"<strong>LUCKY4444<\/strong>\"es un proceso bastante sencillo. Todo lo que tienes que hacer es introducir el c\u00f3digo promocional en la configuraci\u00f3n de tu cuenta y aplicarlo. Una vez hecho esto, podr\u00e1s disfrutar de una serie de ventajas como tiradas gratis, bonificaciones exclusivas o incluso monedas adicionales. Con\u00e9ctese con regularidad para obtener m\u00e1s recompensas.<\/p>\n\n\n\n<p>En definitiva, Lucky Jet es un juego incre\u00edblemente entretenido que te mantendr\u00e1 en vilo. Aseg\u00farate de aprovechar al m\u00e1ximo todos los c\u00f3digos promocionales disponibles para obtener la m\u00e1xima diversi\u00f3n y recompensas.<\/p>\n\n\n\n<div style=\"text-align: center;\"><a class=\"glow-button-new\" href=\"#go\" data-go=\"go\">Empezar a jugar Lucky Jet<\/a><\/div>\n\n\n\n<h2 class=\"wp-block-heading\"><span class=\"ez-toc-section\" id=\"Bonus_Lucky_Jet_Game\"><\/span>Bonificaci\u00f3n Lucky Jet Juego<span class=\"ez-toc-section-end\"><\/span><\/h2>\n\n\n\n<p>Para ayudar a los nuevos jugadores a tener una primera experiencia positiva, el bono de bienvenida act\u00faa como una muestra de buena voluntad por parte de los desarrolladores. Esto sirve para motivar a los usuarios para que se registren en la plataforma y permanezcan enganchados durante m\u00e1s tiempo. Lucky Jet tambi\u00e9n quiere que sus jugadores sigan comprometidos con todo el proceso del juego y comprendan todas sus mec\u00e1nicas, por lo que les anima a seguir jugando incluso despu\u00e9s de haber agotado su bonificaci\u00f3n de bienvenida.<\/p>\n\n\n\n<p>Los c\u00f3digos promocionales de Lucky Jet est\u00e1n por todas partes. Puedes descubrirlos en blogs, foros de la comunidad, art\u00edculos de noticias y mucho m\u00e1s. As\u00ed que aseg\u00farate de estar atento a los \u00faltimos c\u00f3digos promocionales y empieza a sacar provecho de toda la diversi\u00f3n y las recompensas que este juego tiene para ofrecerte.<\/p>\n\n\n\n<p>Disfruta de tu tiempo en Lucky Jet y ten una gran experiencia jugando con nosotros. \u00a1Cuanto m\u00e1s juegues, mejores premios conseguir\u00e1s!<\/p>\n\n\n<div class=\"wp-block-image\">\n<figure class=\"aligncenter\"><a href=\"#go\" data-go=\"go\"><img decoding=\"async\" width=\"631\" height=\"305\" src=\"https:\/\/luckyjet-games.com\/wp-content\/uploads\/2022\/12\/Lucky-Jet-1win.jpg\" alt=\"Lucky Jet 1win\" class=\"wp-image-255\" srcset=\"https:\/\/luckyjet-games.com\/wp-content\/uploads\/2022\/12\/Lucky-Jet-1win.jpg 631w, https:\/\/luckyjet-games.com\/wp-content\/uploads\/2022\/12\/Lucky-Jet-1win-300x145.jpg 300w, https:\/\/luckyjet-games.com\/wp-content\/uploads\/2022\/12\/Lucky-Jet-1win-18x9.jpg 18w, https:\/\/luckyjet-games.com\/wp-content\/uploads\/2022\/12\/Lucky-Jet-1win-83x40.jpg 83w, https:\/\/luckyjet-games.com\/wp-content\/uploads\/2022\/12\/Lucky-Jet-1win-66x32.jpg 66w, https:\/\/luckyjet-games.com\/wp-content\/uploads\/2022\/12\/Lucky-Jet-1win-166x80.jpg 166w, https:\/\/luckyjet-games.com\/wp-content\/uploads\/2022\/12\/Lucky-Jet-1win-279x135.jpg 279w\" sizes=\"(max-width: 631px) 100vw, 631px\" \/><\/a><figcaption class=\"wp-element-caption\">Lucky Jet 1win<\/figcaption><\/figure>\n<\/div>\n\n\n<div style=\"text-align: center;\"><a class=\"glow-button-new\" href=\"#go\" data-go=\"go\">Consigue el Bono de Bienvenida Lucky Jet<\/a><\/div>\n\n\n\n<h3 class=\"wp-block-heading\"><span class=\"ez-toc-section\" id=\"Lucky_Jet_Cashback\"><\/span>Lucky Jet Cashback<span class=\"ez-toc-section-end\"><\/span><\/h3>\n\n\n\n<p>Otra forma de obtener beneficios de actividades de ocio como los juegos de azar es utilizar el programa promocional administrado por la direcci\u00f3n.<\/p>\n\n\n\n<p>Los jugadores pueden recuperar la parte del dinero que invierten en el juego, en funci\u00f3n de su rendimiento en el juego.<\/p>\n\n\n\n<p>Lucky Jet ofrece generosas devoluciones semanales sobre todas las cantidades gastadas, permitiendo a los usuarios reclamar sus recompensas al final de cada periodo directamente en su cuenta de dep\u00f3sito. \u00a1Participe en Lucky Jet y coseche los beneficios!<\/p>\n\n\n\n<p>A diferencia de las bonificaciones de c\u00f3digo de promoci\u00f3n, este reembolso no se puede retirar; sin embargo, se puede reinvertir en apuestas o tiradas de tragaperras para ayudarle a conseguir otra victoria.<\/p>\n\n\n\n<h2 class=\"wp-block-heading\"><span class=\"ez-toc-section\" id=\"How_to_Enter_a_Promo_Code_in_1win_LuckyJet\"><\/span>C\u00f3mo introducir un c\u00f3digo promocional en 1win LuckyJet<span class=\"ez-toc-section-end\"><\/span><\/h2>\n\n\n\n<p>Algunos usuarios pueden tener dificultades para aplicar su c\u00f3digo promocional por haberse saltado alg\u00fan paso durante el registro.<\/p>\n\n\n\n<p>Posteriormente, si la activaci\u00f3n no funciona correctamente, es esencial que los jugadores m\u00e1s nuevos presten mucha atenci\u00f3n y se aseguren de que funciona correctamente.<\/p>\n\n\n\n<p>Para utilizar correctamente su promocode, siga estos pasos:<\/p>\n\n\n\n<ol class=\"wp-block-list\">\n<li>Accede a la p\u00e1gina de inicio del sitio web oficial del casino.<\/li>\n\n\n\n<li>Para acceder al registro o al inicio de sesi\u00f3n, pulse el bot\u00f3n correspondiente.<\/li>\n\n\n\n<li>Rellene los campos correspondientes y aseg\u00farese de introducir el c\u00f3digo de cup\u00f3n \"<strong>LUCKY4444<\/strong>&#8220;.<\/li>\n\n\n\n<li>Para verificar los datos facilitados, siga el enlace enviado a su direcci\u00f3n de correo electr\u00f3nico.<\/li>\n<\/ol>\n\n\n<div class=\"wp-block-image\">\n<figure class=\"aligncenter\"><a href=\"#go\" data-go=\"go\"><img decoding=\"async\" width=\"958\" height=\"424\" src=\"https:\/\/luckyjet-games.com\/wp-content\/uploads\/2022\/12\/Lucky-Jet-Promo-Code.jpg\" alt=\"Lucky Jet C\u00f3digo promocional\" class=\"wp-image-254\" srcset=\"https:\/\/luckyjet-games.com\/wp-content\/uploads\/2022\/12\/Lucky-Jet-Promo-Code.jpg 958w, https:\/\/luckyjet-games.com\/wp-content\/uploads\/2022\/12\/Lucky-Jet-Promo-Code-300x133.jpg 300w, https:\/\/luckyjet-games.com\/wp-content\/uploads\/2022\/12\/Lucky-Jet-Promo-Code-768x340.jpg 768w, https:\/\/luckyjet-games.com\/wp-content\/uploads\/2022\/12\/Lucky-Jet-Promo-Code-18x8.jpg 18w, https:\/\/luckyjet-games.com\/wp-content\/uploads\/2022\/12\/Lucky-Jet-Promo-Code-90x40.jpg 90w, https:\/\/luckyjet-games.com\/wp-content\/uploads\/2022\/12\/Lucky-Jet-Promo-Code-72x32.jpg 72w, https:\/\/luckyjet-games.com\/wp-content\/uploads\/2022\/12\/Lucky-Jet-Promo-Code-181x80.jpg 181w, https:\/\/luckyjet-games.com\/wp-content\/uploads\/2022\/12\/Lucky-Jet-Promo-Code-305x135.jpg 305w\" sizes=\"(max-width: 958px) 100vw, 958px\" \/><\/a><figcaption class=\"wp-element-caption\">Lucky Jet C\u00f3digo promocional<\/figcaption><\/figure>\n<\/div>\n\n\n<div style=\"text-align: center;\"><a class=\"glow-button-new\" href=\"#go\" data-go=\"go\">Promocode Lucky Jet \ud83c\udf81<\/a><\/div>\n\n\n\n<h2 class=\"wp-block-heading\"><span class=\"ez-toc-section\" id=\"What_Does_the_Promo_Code_Give_in_Lucky_Jet_1win\"><\/span>Qu\u00e9 da el c\u00f3digo promocional en Lucky Jet 1win<span class=\"ez-toc-section-end\"><\/span><\/h2>\n\n\n\n<p>Al aplicar el c\u00f3digo a su cuenta, los novatos quintuplican las posibilidades de saber d\u00f3nde utilizar los fondos, lo que les proporciona el espacio que tanto necesitan para superarse y perfeccionar sus habilidades en un entorno realista. Esto no s\u00f3lo ampl\u00eda sus perspectivas de desarrollo, sino que tambi\u00e9n les asegura una base s\u00f3lida en el juego competitivo.<\/p>\n\n\n\n<p>Lucky Jet ofrece una serie de bonificaciones, entre las que se incluyen dep\u00f3sitos multiplicados que s\u00f3lo pueden utilizarse en determinados juegos y tragaperras. Los jugadores deben apostar al menos 1,5 veces la cantidad del dep\u00f3sito original para beneficiarse de estas recompensas; sin embargo, cualquier ganancia obtenida al jugar con este dinero de bonificaci\u00f3n puede enviarse directamente a su cuenta bancaria o monedero digital sin restricciones.<\/p>\n\n\n\n<p>Una vez que el c\u00f3digo se haya activado correctamente, podr\u00e1 ver cu\u00e1ndo caduca y empezar a planificar c\u00f3mo sacar el m\u00e1ximo partido a su dep\u00f3sito antes de esa fecha. Para maximizar sus apuestas en tragaperras, dedique tiempo a considerar detenidamente cu\u00e1ndo -y con qu\u00e9 frecuencia- debe utilizar estos fondos.<\/p>\n<div class=\"author-card author-card--top\"><img alt='Foto del avatar' src='https:\/\/luckyjet-games.com\/wp-content\/uploads\/2023\/03\/Chris-Hodge-130x130.jpg' srcset='https:\/\/luckyjet-games.com\/wp-content\/uploads\/2023\/03\/Chris-Hodge-260x260.jpg 2x' class='avatar avatar-130 photo author-image' height='130' width='130' \/><div class=\"author-content text-md-center\"><span class=\"author-title\">Autor<\/span><a href=\"https:\/\/luckyjet-games.com\/es\/author\/chris-hodge\/\" class=\"author-name\">Chris Hodge<\/a><p class=\"author__details\">Chris Hodge es un experto en juegos de azar. Lleva m\u00e1s de 10 a\u00f1os jugando y estudiando los juegos de casino. En ese tiempo, ha desarrollado una comprensi\u00f3n \u00edntima de las estrategias y la mec\u00e1nica detr\u00e1s de cada juego en el casino.<br \/>\r\n<br \/>\r\nLos conocimientos y la experiencia de Chris le han valido un puesto como colaborador habitual en varias de las principales publicaciones sobre juegos de azar. Los casinos tambi\u00e9n recurren a \u00e9l con frecuencia para que proporcione asesoramiento experto sobre nuevos juegos y promociones.<\/p><\/div><!-- \/.author-content --><\/div>","protected":false},"excerpt":{"rendered":"<p>Consigue Lucky Jet Bonus \ud83c\udf81 Ofrece tu oportunidad de empezar a jugar con c\u00f3digos introductorios, pero ten en cuenta que s\u00f3lo son v\u00e1lidos durante un breve periodo de tiempo despu\u00e9s de crear una cuenta. En cuanto te conectes, un temporizador empezar\u00e1 a contar el tiempo que le queda a esta oferta \u00fanica en la vida. Para [...]<\/p>","protected":false},"author":2,"featured_media":0,"parent":0,"menu_order":0,"comment_status":"closed","ping_status":"closed","template":"page-no-sidebar.php","meta":{"_acf_changed":false,"footnotes":""},"class_list":["post-250","page","type-page","status-publish","hentry"],"acf":[],"yoast_head":"<!-- This site is optimized with the Yoast SEO plugin v26.7 - https:\/\/yoast.com\/wordpress\/plugins\/seo\/ -->\n<title>Lucky Jet promo code 1win | How to use the promocode Lucky Jet Game<\/title>\n<meta name=\"description\" content=\"Lucky Jet Promo Code and Bonus at 1Win Casino. How to Activate and Where to Find Bonus Code Lucky Jet Game? Luckyjet Bonus Voucher - Get your Reward.\" \/>\n<meta name=\"robots\" content=\"index, follow, max-snippet:-1, max-image-preview:large, max-video-preview:-1\" \/>\n<link rel=\"canonical\" href=\"https:\/\/luckyjet-games.com\/es\/lucky-jet-promo-code\/\" \/>\n<meta property=\"og:locale\" content=\"es_ES\" \/>\n<meta property=\"og:type\" content=\"article\" \/>\n<meta property=\"og:title\" content=\"Lucky Jet promo code 1win | How to use the promocode Lucky Jet Game\" \/>\n<meta property=\"og:description\" content=\"Lucky Jet Promo Code and Bonus at 1Win Casino. How to Activate and Where to Find Bonus Code Lucky Jet Game? Luckyjet Bonus Voucher - Get your Reward.\" \/>\n<meta property=\"og:url\" content=\"https:\/\/luckyjet-games.com\/es\/lucky-jet-promo-code\/\" \/>\n<meta property=\"og:site_name\" content=\"Lucky Jet Games\" \/>\n<meta property=\"article:modified_time\" content=\"2024-03-13T19:00:42+00:00\" \/>\n<meta property=\"og:image\" content=\"https:\/\/luckyjet-games.com\/wp-content\/uploads\/2023\/04\/LUCKY4444-1024x1024.jpg\" \/>\n<meta name=\"twitter:card\" content=\"summary_large_image\" \/>\n<meta name=\"twitter:label1\" content=\"Tiempo de lectura\" \/>\n\t<meta name=\"twitter:data1\" content=\"5 minutos\" \/>\n<!-- \/ Yoast SEO plugin. -->","yoast_head_json":{"title":"Lucky Jet c\u00f3digo promocional 1win | C\u00f3mo utilizar el promocode Lucky Jet Juego","description":"Lucky Jet C\u00f3digo Promocional y Bono en 1Win Casino. \u00bfC\u00f3mo activar y d\u00f3nde encontrar el c\u00f3digo de bono Lucky Jet juego? Luckyjet Bono - Obtenga su recompensa.","robots":{"index":"index","follow":"follow","max-snippet":"max-snippet:-1","max-image-preview":"max-image-preview:large","max-video-preview":"max-video-preview:-1"},"canonical":"https:\/\/luckyjet-games.com\/es\/lucky-jet-promo-code\/","og_locale":"es_ES","og_type":"article","og_title":"Lucky Jet promo code 1win | How to use the promocode Lucky Jet Game","og_description":"Lucky Jet Promo Code and Bonus at 1Win Casino. How to Activate and Where to Find Bonus Code Lucky Jet Game? Luckyjet Bonus Voucher - Get your Reward.","og_url":"https:\/\/luckyjet-games.com\/es\/lucky-jet-promo-code\/","og_site_name":"Lucky Jet Games","article_modified_time":"2024-03-13T19:00:42+00:00","og_image":[{"url":"https:\/\/luckyjet-games.com\/wp-content\/uploads\/2023\/04\/LUCKY4444-1024x1024.jpg","type":"","width":"","height":""}],"twitter_card":"summary_large_image","twitter_misc":{"Tiempo de lectura":"5 minutos"},"schema":{"@context":"https:\/\/schema.org","@graph":[{"@type":"WebPage","@id":"https:\/\/luckyjet-games.com\/lucky-jet-promo-code\/","url":"https:\/\/luckyjet-games.com\/lucky-jet-promo-code\/","name":"Lucky Jet c\u00f3digo promocional 1win | C\u00f3mo utilizar el promocode Lucky Jet Juego","isPartOf":{"@id":"https:\/\/luckyjet-games.com\/de\/#website"},"primaryImageOfPage":{"@id":"https:\/\/luckyjet-games.com\/lucky-jet-promo-code\/#primaryimage"},"image":{"@id":"https:\/\/luckyjet-games.com\/lucky-jet-promo-code\/#primaryimage"},"thumbnailUrl":"https:\/\/luckyjet-games.com\/wp-content\/uploads\/2023\/04\/LUCKY4444-1024x1024.jpg","datePublished":"2022-12-20T11:11:31+00:00","dateModified":"2024-03-13T19:00:42+00:00","description":"Lucky Jet C\u00f3digo Promocional y Bono en 1Win Casino. \u00bfC\u00f3mo activar y d\u00f3nde encontrar el c\u00f3digo de bono Lucky Jet juego? Luckyjet Bono - Obtenga su recompensa.","breadcrumb":{"@id":"https:\/\/luckyjet-games.com\/lucky-jet-promo-code\/#breadcrumb"},"inLanguage":"es","potentialAction":[{"@type":"ReadAction","target":["https:\/\/luckyjet-games.com\/lucky-jet-promo-code\/"]}]},{"@type":"ImageObject","inLanguage":"es","@id":"https:\/\/luckyjet-games.com\/lucky-jet-promo-code\/#primaryimage","url":"https:\/\/luckyjet-games.com\/wp-content\/uploads\/2023\/04\/LUCKY4444-1024x1024.jpg","contentUrl":"https:\/\/luckyjet-games.com\/wp-content\/uploads\/2023\/04\/LUCKY4444-1024x1024.jpg"},{"@type":"BreadcrumbList","@id":"https:\/\/luckyjet-games.com\/lucky-jet-promo-code\/#breadcrumb","itemListElement":[{"@type":"ListItem","position":1,"name":"Home","item":"https:\/\/luckyjet-games.com\/"},{"@type":"ListItem","position":2,"name":"Lucky Jet Promo Code and Bonus"}]},{"@type":"WebSite","@id":"https:\/\/luckyjet-games.com\/de\/#website","url":"https:\/\/luckyjet-games.com\/de\/","name":"Juegos Lucky Jet","description":"","publisher":{"@id":"https:\/\/luckyjet-games.com\/de\/#organization"},"potentialAction":[{"@type":"SearchAction","target":{"@type":"EntryPoint","urlTemplate":"https:\/\/luckyjet-games.com\/de\/?s={search_term_string}"},"query-input":{"@type":"PropertyValueSpecification","valueRequired":true,"valueName":"search_term_string"}}],"inLanguage":"es"},{"@type":"Organization","@id":"https:\/\/luckyjet-games.com\/de\/#organization","name":"Juegos Lucky Jet","url":"https:\/\/luckyjet-games.com\/de\/","logo":{"@type":"ImageObject","inLanguage":"es","@id":"https:\/\/luckyjet-games.com\/de\/#\/schema\/logo\/image\/","url":"https:\/\/luckyjet-games.com\/wp-content\/uploads\/2022\/10\/Lucky-Jet-Game.png","contentUrl":"https:\/\/luckyjet-games.com\/wp-content\/uploads\/2022\/10\/Lucky-Jet-Game.png","width":711,"height":599,"caption":"Lucky Jet Games"},"image":{"@id":"https:\/\/luckyjet-games.com\/de\/#\/schema\/logo\/image\/"}}]}},"_links":{"self":[{"href":"https:\/\/luckyjet-games.com\/es\/wp-json\/wp\/v2\/pages\/250","targetHints":{"allow":["GET"]}}],"collection":[{"href":"https:\/\/luckyjet-games.com\/es\/wp-json\/wp\/v2\/pages"}],"about":[{"href":"https:\/\/luckyjet-games.com\/es\/wp-json\/wp\/v2\/types\/page"}],"author":[{"embeddable":true,"href":"https:\/\/luckyjet-games.com\/es\/wp-json\/wp\/v2\/users\/2"}],"replies":[{"embeddable":true,"href":"https:\/\/luckyjet-games.com\/es\/wp-json\/wp\/v2\/comments?post=250"}],"version-history":[{"count":0,"href":"https:\/\/luckyjet-games.com\/es\/wp-json\/wp\/v2\/pages\/250\/revisions"}],"wp:attachment":[{"href":"https:\/\/luckyjet-games.com\/es\/wp-json\/wp\/v2\/media?parent=250"}],"curies":[{"name":"gracias","href":"https:\/\/api.w.org\/{rel}","templated":true}]}}