{"id":16,"date":"2022-10-07T12:25:17","date_gmt":"2022-10-07T12:25:17","guid":{"rendered":"https:\/\/luckyjet-games.com\/?page_id=16"},"modified":"2024-03-12T18:08:58","modified_gmt":"2024-03-12T18:08:58","slug":"reviews-of-players-about-lucky-jet-game","status":"publish","type":"page","link":"https:\/\/luckyjet-games.com\/es\/reviews-lucky-jet-game\/","title":{"rendered":"Opiniones de los jugadores sobre el juego Lucky Jet"},"content":{"rendered":"<p>Nuestro sitio web ofrece rese\u00f1as precisas y perspicaces de varios actores de la competencia del <a href=\"https:\/\/luckyjet-games.com\/es\/\">juego Lucky Jet<\/a>.<\/p>\n<div style=\"text-align: center;\"><a class=\"glow-button\" href=\"#go\" data-go=\"go\">Jugar al juego Lucky Jet<\/a><\/div>\n<div id=\"attachment_33\" style=\"width: 994px\" class=\"wp-caption aligncenter\"><a href=\"#go\" data-go=\"go\"><img decoding=\"async\" aria-describedby=\"caption-attachment-33\" class=\"wp-image-33 size-large\" title=\"Rese\u00f1as de Lucky Jet\" src=\"https:\/\/luckyjet-games.com\/wp-content\/uploads\/2022\/10\/Jucky-Jet-Game-1024x532.jpg\" alt=\"Rese\u00f1as de Lucky Jet\" width=\"994\" height=\"516\" srcset=\"https:\/\/luckyjet-games.com\/wp-content\/uploads\/2022\/10\/Jucky-Jet-Game-1024x532.jpg 1024w, https:\/\/luckyjet-games.com\/wp-content\/uploads\/2022\/10\/Jucky-Jet-Game-300x156.jpg 300w, https:\/\/luckyjet-games.com\/wp-content\/uploads\/2022\/10\/Jucky-Jet-Game-768x399.jpg 768w, https:\/\/luckyjet-games.com\/wp-content\/uploads\/2022\/10\/Jucky-Jet-Game-77x40.jpg 77w, https:\/\/luckyjet-games.com\/wp-content\/uploads\/2022\/10\/Jucky-Jet-Game-62x32.jpg 62w, https:\/\/luckyjet-games.com\/wp-content\/uploads\/2022\/10\/Jucky-Jet-Game-154x80.jpg 154w, https:\/\/luckyjet-games.com\/wp-content\/uploads\/2022\/10\/Jucky-Jet-Game-260x135.jpg 260w, https:\/\/luckyjet-games.com\/wp-content\/uploads\/2022\/10\/Jucky-Jet-Game.jpg 1089w\" sizes=\"(max-width: 994px) 100vw, 994px\" \/><\/a><p id=\"caption-attachment-33\" class=\"wp-caption-text\">Rese\u00f1as de Lucky Jet<\/p><\/div>\n        <section class=\"sc_fs_faq sc_card\">\n            <div>\n\t\t\t\t<div id=\"ez-toc-container\" class=\"ez-toc-v2_0_75 counter-hierarchy ez-toc-counter ez-toc-grey ez-toc-container-direction\">\n<div class=\"ez-toc-title-container\">\n<p class=\"ez-toc-title\" style=\"cursor:inherit\">Tabla de contenido<\/p>\n<span class=\"ez-toc-title-toggle\"><a href=\"#\" class=\"ez-toc-pull-right ez-toc-btn ez-toc-btn-xs ez-toc-btn-default ez-toc-toggle\" aria-label=\"Alternar tabla de contenidos\"><span class=\"ez-toc-js-icon-con\"><span class=\"\"><span class=\"eztoc-hide\" style=\"display:none;\">Toggle<\/span><span class=\"ez-toc-icon-toggle-span\"><svg style=\"fill: #999;color:#999\" xmlns=\"http:\/\/www.w3.org\/2000\/svg\" class=\"list-377408\" width=\"20px\" height=\"20px\" viewbox=\"0 0 24 24\" fill=\"none\"><path d=\"M6 6H4v2h2V6zm14 0H8v2h12V6zM4 11h2v2H4v-2zm16 0H8v2h12v-2zM4 16h2v2H4v-2zm16 0H8v2h12v-2z\" fill=\"currentColor\"><\/path><\/svg><svg style=\"fill: #999;color:#999\" class=\"arrow-unsorted-368013\" xmlns=\"http:\/\/www.w3.org\/2000\/svg\" width=\"10px\" height=\"10px\" viewbox=\"0 0 24 24\" version=\"1.2\" baseprofile=\"tiny\"><path d=\"M18.2 9.3l-6.2-6.3-6.2 6.3c-.2.2-.3.4-.3.7s.1.5.3.7c.2.2.4.3.7.3h11c.3 0 .5-.1.7-.3.2-.2.3-.5.3-.7s-.1-.5-.3-.7zM5.8 14.7l6.2 6.3 6.2-6.3c.2-.2.3-.5.3-.7s-.1-.5-.3-.7c-.2-.2-.4-.3-.7-.3h-11c-.3 0-.5.1-.7.3-.2.2-.3.5-.3.7s.1.5.3.7z\"\/><\/svg><\/span><\/span><\/span><\/a><\/span><\/div>\n<nav><ul class='ez-toc-list ez-toc-list-level-1 eztoc-toggle-hide-by-default' ><li class='ez-toc-page-1 ez-toc-heading-level-3'><a class=\"ez-toc-link ez-toc-heading-1\" href=\"https:\/\/luckyjet-games.com\/es\/reviews-lucky-jet-game\/#Max\" >Max<\/a><\/li><li class='ez-toc-page-1 ez-toc-heading-level-3'><a class=\"ez-toc-link ez-toc-heading-2\" href=\"https:\/\/luckyjet-games.com\/es\/reviews-lucky-jet-game\/#Maria\" >Mar\u00eda<\/a><\/li><li class='ez-toc-page-1 ez-toc-heading-level-3'><a class=\"ez-toc-link ez-toc-heading-3\" href=\"https:\/\/luckyjet-games.com\/es\/reviews-lucky-jet-game\/#Andrew\" >Andrew<\/a><\/li><li class='ez-toc-page-1 ez-toc-heading-level-3'><a class=\"ez-toc-link ez-toc-heading-4\" href=\"https:\/\/luckyjet-games.com\/es\/reviews-lucky-jet-game\/#Sam\" >Sam<\/a><\/li><li class='ez-toc-page-1 ez-toc-heading-level-3'><a class=\"ez-toc-link ez-toc-heading-5\" href=\"https:\/\/luckyjet-games.com\/es\/reviews-lucky-jet-game\/#Linda\" >Linda<\/a><\/li><li class='ez-toc-page-1 ez-toc-heading-level-3'><a class=\"ez-toc-link ez-toc-heading-6\" href=\"https:\/\/luckyjet-games.com\/es\/reviews-lucky-jet-game\/#George\" >George<\/a><\/li><li class='ez-toc-page-1 ez-toc-heading-level-3'><a class=\"ez-toc-link ez-toc-heading-7\" href=\"https:\/\/luckyjet-games.com\/es\/reviews-lucky-jet-game\/#John\" >John<\/a><\/li><li class='ez-toc-page-1 ez-toc-heading-level-3'><a class=\"ez-toc-link ez-toc-heading-8\" href=\"https:\/\/luckyjet-games.com\/es\/reviews-lucky-jet-game\/#Mary\" >Mary<\/a><\/li><\/ul><\/nav><\/div>\n<h3><span class=\"ez-toc-section\" id=\"Max\"><\/span>Max<span class=\"ez-toc-section-end\"><\/span><\/h3>                <div>\n\t\t\t\t\t                    <p>\n\t\t\t\t\t\tSoy un gran fan de Lucky Jet. Anteriormente jugu\u00e9 al Aviator y al Crash. Hay algo sovi\u00e9tico en el primero, creo. Los fans de los juegos patri\u00f3ticos se cortan por la mitad en el camino. El juego es bastante agarrado en su naturaleza.                    <\/p>\n                <\/div>\n            <\/div>\n        <\/section>\n\t\t        <section class=\"sc_fs_faq sc_card\">\n            <div>\n\t\t\t\t<h3><span class=\"ez-toc-section\" id=\"Maria\"><\/span>Mar\u00eda<span class=\"ez-toc-section-end\"><\/span><\/h3>                <div>\n\t\t\t\t\t                    <p>\n\t\t\t\t\t\tCreo que la mejor caracter\u00edstica de los juegos de choque Lucky Jet es el algoritmo. Revis\u00e9 minuciosamente su legitimidad varias veces antes de comprometerme a jugar con dinero real. Todas las pruebas coinciden, no hay trampas.                    <\/p>\n                <\/div>\n            <\/div>\n        <\/section>\n\t\t        <section class=\"sc_fs_faq sc_card\">\n            <div>\n\t\t\t\t<h3><span class=\"ez-toc-section\" id=\"Andrew\"><\/span>Andrew<span class=\"ez-toc-section-end\"><\/span><\/h3>                <div>\n\t\t\t\t\t                    <p>\n\t\t\t\t\t\tEste es mi juego favorito. Puedo ganar mucho dinero con \u00e9l y no tengo que esforzarme mucho.                    <\/p>\n                <\/div>\n            <\/div>\n        <\/section>\n\t\t        <section class=\"sc_fs_faq sc_card\">\n            <div>\n\t\t\t\t<h3><span class=\"ez-toc-section\" id=\"Sam\"><\/span>Sam<span class=\"ez-toc-section-end\"><\/span><\/h3>                <div>\n\t\t\t\t\t                    <p>\n\t\t\t\t\t\tHe notado algo raro, pero llevo mucho tiempo jugando. La mayor\u00eda de las veces, en Lucky Jet, gano. Cuando miro las clasificaciones de los jugadores, veo que m\u00e1s de la mitad de las 20-30 personas son capaces de retirar su dinero antes de que Lucky Joe despegue. Alguien gana una cantidad doble; alguien gana diez veces m\u00e1s; pero no es muy com\u00fan. Muchos jugadores que apuestan x2 o x3 est\u00e1n casi siempre en ganancias. Esto me dice mucho.                    <\/p>\n                <\/div>\n            <\/div>\n        <\/section>\n\t\t        <section class=\"sc_fs_faq sc_card\">\n            <div>\n\t\t\t\t<h3><span class=\"ez-toc-section\" id=\"Linda\"><\/span>Linda<span class=\"ez-toc-section-end\"><\/span><\/h3>                <div>\n\t\t\t\t\t                    <p>\n\t\t\t\t\t\tMe encanta este juego. Es f\u00e1cil de jugar y las recompensas son estupendas.                    <\/p>\n                <\/div>\n            <\/div>\n        <\/section>\n\t\t        <section class=\"sc_fs_faq sc_card\">\n            <div>\n\t\t\t\t<h3><span class=\"ez-toc-section\" id=\"George\"><\/span>George<span class=\"ez-toc-section-end\"><\/span><\/h3>                <div>\n\t\t\t\t\t                    <p>\n\t\t\t\t\t\tLe\u00ed un mont\u00f3n de art\u00edculos sobre estrategias de apuestas para juegos de casino. Apliqu\u00e9 las t\u00e1cticas y estrategias a mi propio juego, pero acab\u00e9 perdiendo m\u00e1s dinero que nunca. En cualquier juego, hay que ser precavido y consciente en todo momento. Puedes utilizar cualquier estrategia que quieras, pero al final, t\u00fa eres el \u00fanico que tiene el control. Un ejemplo sencillo: Utilic\u00e9 un coeficiente de x1.1 al hacer una gran apuesta y program\u00e9 el retiro autom\u00e1tico por 1x esa cantidad si ganaba . \u00a1Imagina mi sorpresa cuando el coeficiente sali\u00f3 a 1 tres veces seguidas! Perd\u00ed 300 d\u00f3lares. Resulta que el algoritmo cierra con frecuencia a los que se entretienen en \u00e9l con apuestas excesivamente altas. Entonces decid\u00ed tomar las riendas de mi propio destino. Durante muchos meses, estuve ganando dinero de forma consecutiva. Pero - mantente alerta y juega con precauci\u00f3n.                    <\/p>\n                <\/div>\n            <\/div>\n        <\/section>\n\t\t        <section class=\"sc_fs_faq sc_card\">\n            <div>\n\t\t\t\t<h3><span class=\"ez-toc-section\" id=\"John\"><\/span>John<span class=\"ez-toc-section-end\"><\/span><\/h3>                <div>\n\t\t\t\t\t                    <p>\n\t\t\t\t\t\tDespu\u00e9s de leer sobre las estrategias y consejos de Lucky Jet, decid\u00ed probarlo en un casino online. El juego me pareci\u00f3 muy f\u00e1cil de jugar y gan\u00e9 mucho dinero con \u00e9l. Definitivamente recomendar\u00eda este juego a cualquiera que est\u00e9 buscando una forma f\u00e1cil de ganar dinero.                    <\/p>\n                <\/div>\n            <\/div>\n        <\/section>\n\t\t        <section class=\"sc_fs_faq sc_card\">\n            <div>\n\t\t\t\t<h3><span class=\"ez-toc-section\" id=\"Mary\"><\/span>Mary<span class=\"ez-toc-section-end\"><\/span><\/h3>                <div>\n\t\t\t\t\t                    <p>\n\t\t\t\t\t\tHe jugado a Lucky Jet en un casino online de 1Win y he ganado mucho dinero haci\u00e9ndolo. Recomiendo de todo coraz\u00f3n este juego a cualquiera que busque un m\u00e9todo f\u00e1cil de hacer algo de dinero.                    <\/p>\n                <\/div>\n            <\/div>\n        <\/section>\n\t\t\n<script type=\"application\/ld+json\">{\n    \"@context\": \"https:\\\/\\\/schema.org\",\n    \"@type\": \"FAQPage\",\n    \"mainEntity\": [\n        {\n            \"@type\": \"Question\",\n            \"name\": \"Max\",\n            \"acceptedAnswer\": {\n                \"@type\": \"Answer\",\n                \"text\": \"I'm a big fan of Lucky Jet. I previously played Aviator and Crash. There's something Soviet about the first one, I believe. Fans of patriotic games are sliced in half on the road to it. The game is quite grasping in its nature.\"\n            }\n        },\n        {\n            \"@type\": \"Question\",\n            \"name\": \"Maria\",\n            \"acceptedAnswer\": {\n                \"@type\": \"Answer\",\n                \"text\": \"I think that the best feature of Lucky Jet crash games is the algorithm. I thoroughly checked it for legitimacy several times before committing to playing with real money. All proof matches up there's no cheating going on.\"\n            }\n        },\n        {\n            \"@type\": \"Question\",\n            \"name\": \"Andrew\",\n            \"acceptedAnswer\": {\n                \"@type\": \"Answer\",\n                \"text\": \"This is my favorite game. I can make a lot of money with it and I don't have to put in much effort.\"\n            }\n        },\n        {\n            \"@type\": \"Question\",\n            \"name\": \"Sam\",\n            \"acceptedAnswer\": {\n                \"@type\": \"Answer\",\n                \"text\": \"I noticed something odd, but I've been playing for a long time. The majority of the time, at Lucky Jet, I win. When I look at the ratings of players, I see that more than half of 20-30 people are able to withdraw their money before Lucky Joe takes off. Someone wins a double amount; someone wins ten times more; yet it's not very common. Many players who wager x2 or x3 are almost always in profits. It says much to me.\"\n            }\n        },\n        {\n            \"@type\": \"Question\",\n            \"name\": \"Linda\",\n            \"acceptedAnswer\": {\n                \"@type\": \"Answer\",\n                \"text\": \"I love this game. It's easy to play and the rewards are great.\"\n            }\n        },\n        {\n            \"@type\": \"Question\",\n            \"name\": \"George\",\n            \"acceptedAnswer\": {\n                \"@type\": \"Answer\",\n                \"text\": \"I read a ton of articles on betting strategies for casino games. I applied the tactics and strategy to my own playing, but ended up losing more money than I ever have before. In any game, you need to be cautious and aware at all times. You can use whatever strategy you want, but in the end, you are the only one who is in control. A simple example: I used x1.1 odds when making a big bet and programmed the automatic withdrawal for 1x that amount if I won . Imagine my surprise when the coefficient flew out at 1 three times in a row! I lost 300 bucks. It turns out that the algorithm frequently shuts off those who linger on it at excessively high stakes. Then I decided to take control of my own destiny. For many months, I was making money in a row. But - stay alert and play cautiously.\"\n            }\n        },\n        {\n            \"@type\": \"Question\",\n            \"name\": \"John\",\n            \"acceptedAnswer\": {\n                \"@type\": \"Answer\",\n                \"text\": \"After reading about the strategies and tips of Lucky Jet, I decided to try it out in an online casino. I found the game to be very easy to play and I won a lot of money with it. I would definitely recommend this game to anyone who is looking for an easy way to make money.\"\n            }\n        },\n        {\n            \"@type\": \"Question\",\n            \"name\": \"Mary\",\n            \"acceptedAnswer\": {\n                \"@type\": \"Answer\",\n                \"text\": \"I played Lucky Jet at an 1Win online casino and I made a lot of money doing so. I wholeheartedly recommend this game to anyone seeking an effortless method of making some cash.\"\n            }\n        }\n    ]\n}<\/script>\n\n<div class=\"author-card author-card--top\"><img alt='Foto del avatar' src='https:\/\/luckyjet-games.com\/wp-content\/uploads\/2023\/03\/Chris-Hodge-130x130.jpg' srcset='https:\/\/luckyjet-games.com\/wp-content\/uploads\/2023\/03\/Chris-Hodge-260x260.jpg 2x' class='avatar avatar-130 photo author-image' height='130' width='130' \/><div class=\"author-content text-md-center\"><span class=\"author-title\">Autor<\/span><a href=\"https:\/\/luckyjet-games.com\/es\/author\/chris-hodge\/\" class=\"author-name\">Chris Hodge<\/a><p class=\"author__details\">Chris Hodge es un experto en juegos de azar. Lleva m\u00e1s de 10 a\u00f1os jugando y estudiando los juegos de casino. En ese tiempo, ha desarrollado una comprensi\u00f3n \u00edntima de las estrategias y la mec\u00e1nica detr\u00e1s de cada juego en el casino.<br \/>\r\n<br \/>\r\nLos conocimientos y la experiencia de Chris le han valido un puesto como colaborador habitual en varias de las principales publicaciones sobre juegos de azar. Los casinos tambi\u00e9n recurren a \u00e9l con frecuencia para que proporcione asesoramiento experto sobre nuevos juegos y promociones.<\/p><\/div><!-- \/.author-content --><\/div>","protected":false},"excerpt":{"rendered":"<p>Nuestro sitio web ofrece rese\u00f1as precisas y perspicaces de varios jugadores competitivos del juego Lucky Jet. Jugar al juego Lucky Jet AutorChris HodgeChris Hodge es un experto en juegos de azar. Lleva m\u00e1s de 10 a\u00f1os jugando y estudiando los juegos de casino. En ese tiempo, ha desarrollado una comprensi\u00f3n \u00edntima de las estrategias y la mec\u00e1nica detr\u00e1s de [...]<\/p>","protected":false},"author":2,"featured_media":0,"parent":0,"menu_order":0,"comment_status":"closed","ping_status":"closed","template":"page-no-sidebar.php","meta":{"_acf_changed":false,"footnotes":""},"class_list":["post-16","page","type-page","status-publish","hentry"],"acf":[],"yoast_head":"<!-- This site is optimized with the Yoast SEO plugin v26.7 - https:\/\/yoast.com\/wordpress\/plugins\/seo\/ -->\n<title>Reviews from Real Players about Lucky Jet Game - Feedback<\/title>\n<meta name=\"description\" content=\"Reviews from real players about game Lucky Jet Game \ud83d\ude80 What you need to know about game Lucky Jet. Gamblers opinion and Recomendations\" \/>\n<meta name=\"robots\" content=\"index, follow, max-snippet:-1, max-image-preview:large, max-video-preview:-1\" \/>\n<link rel=\"canonical\" href=\"https:\/\/luckyjet-games.com\/es\/reviews-lucky-jet-game\/\" \/>\n<meta property=\"og:locale\" content=\"es_ES\" \/>\n<meta property=\"og:type\" content=\"article\" \/>\n<meta property=\"og:title\" content=\"Reviews from Real Players about Lucky Jet Game - Feedback\" \/>\n<meta property=\"og:description\" content=\"Reviews from real players about game Lucky Jet Game \ud83d\ude80 What you need to know about game Lucky Jet. Gamblers opinion and Recomendations\" \/>\n<meta property=\"og:url\" content=\"https:\/\/luckyjet-games.com\/es\/reviews-lucky-jet-game\/\" \/>\n<meta property=\"og:site_name\" content=\"Lucky Jet Games\" \/>\n<meta property=\"article:modified_time\" content=\"2024-03-12T18:08:58+00:00\" \/>\n<meta property=\"og:image\" content=\"https:\/\/luckyjet-games.com\/wp-content\/uploads\/2022\/10\/Jucky-Jet-Game-1024x532.jpg\" \/>\n<meta name=\"twitter:card\" content=\"summary_large_image\" \/>\n<meta name=\"twitter:label1\" content=\"Tiempo de lectura\" \/>\n\t<meta name=\"twitter:data1\" content=\"3 minutos\" \/>\n<!-- \/ Yoast SEO plugin. -->","yoast_head_json":{"title":"Opiniones de jugadores reales sobre el juego Lucky Jet - Comentarios","description":"Opiniones de jugadores reales sobre el juego Lucky Jet Juego \ud83d\ude80 Lo que necesitas saber sobre el juego Lucky Jet. Opiniones y recomendaciones de jugadores","robots":{"index":"index","follow":"follow","max-snippet":"max-snippet:-1","max-image-preview":"max-image-preview:large","max-video-preview":"max-video-preview:-1"},"canonical":"https:\/\/luckyjet-games.com\/es\/reviews-lucky-jet-game\/","og_locale":"es_ES","og_type":"article","og_title":"Reviews from Real Players about Lucky Jet Game - Feedback","og_description":"Reviews from real players about game Lucky Jet Game \ud83d\ude80 What you need to know about game Lucky Jet. Gamblers opinion and Recomendations","og_url":"https:\/\/luckyjet-games.com\/es\/reviews-lucky-jet-game\/","og_site_name":"Lucky Jet Games","article_modified_time":"2024-03-12T18:08:58+00:00","og_image":[{"url":"https:\/\/luckyjet-games.com\/wp-content\/uploads\/2022\/10\/Jucky-Jet-Game-1024x532.jpg","type":"","width":"","height":""}],"twitter_card":"summary_large_image","twitter_misc":{"Tiempo de lectura":"3 minutos"},"schema":{"@context":"https:\/\/schema.org","@graph":[{"@type":"WebPage","@id":"https:\/\/luckyjet-games.com\/reviews-lucky-jet-game\/","url":"https:\/\/luckyjet-games.com\/reviews-lucky-jet-game\/","name":"Opiniones de jugadores reales sobre el juego Lucky Jet - Comentarios","isPartOf":{"@id":"https:\/\/luckyjet-games.com\/de\/#website"},"primaryImageOfPage":{"@id":"https:\/\/luckyjet-games.com\/reviews-lucky-jet-game\/#primaryimage"},"image":{"@id":"https:\/\/luckyjet-games.com\/reviews-lucky-jet-game\/#primaryimage"},"thumbnailUrl":"https:\/\/luckyjet-games.com\/wp-content\/uploads\/2022\/10\/Jucky-Jet-Game-1024x532.jpg","datePublished":"2022-10-07T12:25:17+00:00","dateModified":"2024-03-12T18:08:58+00:00","description":"Opiniones de jugadores reales sobre el juego Lucky Jet Juego \ud83d\ude80 Lo que necesitas saber sobre el juego Lucky Jet. Opiniones y recomendaciones de jugadores","breadcrumb":{"@id":"https:\/\/luckyjet-games.com\/reviews-lucky-jet-game\/#breadcrumb"},"inLanguage":"es","potentialAction":[{"@type":"ReadAction","target":["https:\/\/luckyjet-games.com\/reviews-lucky-jet-game\/"]}]},{"@type":"ImageObject","inLanguage":"es","@id":"https:\/\/luckyjet-games.com\/reviews-lucky-jet-game\/#primaryimage","url":"https:\/\/luckyjet-games.com\/wp-content\/uploads\/2022\/10\/Jucky-Jet-Game-1024x532.jpg","contentUrl":"https:\/\/luckyjet-games.com\/wp-content\/uploads\/2022\/10\/Jucky-Jet-Game-1024x532.jpg"},{"@type":"BreadcrumbList","@id":"https:\/\/luckyjet-games.com\/reviews-lucky-jet-game\/#breadcrumb","itemListElement":[{"@type":"ListItem","position":1,"name":"Home","item":"https:\/\/luckyjet-games.com\/"},{"@type":"ListItem","position":2,"name":"Reviews of players about Lucky Jet Game"}]},{"@type":"WebSite","@id":"https:\/\/luckyjet-games.com\/de\/#website","url":"https:\/\/luckyjet-games.com\/de\/","name":"Juegos Lucky Jet","description":"","publisher":{"@id":"https:\/\/luckyjet-games.com\/de\/#organization"},"potentialAction":[{"@type":"SearchAction","target":{"@type":"EntryPoint","urlTemplate":"https:\/\/luckyjet-games.com\/de\/?s={search_term_string}"},"query-input":{"@type":"PropertyValueSpecification","valueRequired":true,"valueName":"search_term_string"}}],"inLanguage":"es"},{"@type":"Organization","@id":"https:\/\/luckyjet-games.com\/de\/#organization","name":"Juegos Lucky Jet","url":"https:\/\/luckyjet-games.com\/de\/","logo":{"@type":"ImageObject","inLanguage":"es","@id":"https:\/\/luckyjet-games.com\/de\/#\/schema\/logo\/image\/","url":"https:\/\/luckyjet-games.com\/wp-content\/uploads\/2022\/10\/Lucky-Jet-Game.png","contentUrl":"https:\/\/luckyjet-games.com\/wp-content\/uploads\/2022\/10\/Lucky-Jet-Game.png","width":711,"height":599,"caption":"Lucky Jet Games"},"image":{"@id":"https:\/\/luckyjet-games.com\/de\/#\/schema\/logo\/image\/"}}]}},"_links":{"self":[{"href":"https:\/\/luckyjet-games.com\/es\/wp-json\/wp\/v2\/pages\/16","targetHints":{"allow":["GET"]}}],"collection":[{"href":"https:\/\/luckyjet-games.com\/es\/wp-json\/wp\/v2\/pages"}],"about":[{"href":"https:\/\/luckyjet-games.com\/es\/wp-json\/wp\/v2\/types\/page"}],"author":[{"embeddable":true,"href":"https:\/\/luckyjet-games.com\/es\/wp-json\/wp\/v2\/users\/2"}],"replies":[{"embeddable":true,"href":"https:\/\/luckyjet-games.com\/es\/wp-json\/wp\/v2\/comments?post=16"}],"version-history":[{"count":0,"href":"https:\/\/luckyjet-games.com\/es\/wp-json\/wp\/v2\/pages\/16\/revisions"}],"wp:attachment":[{"href":"https:\/\/luckyjet-games.com\/es\/wp-json\/wp\/v2\/media?parent=16"}],"curies":[{"name":"gracias","href":"https:\/\/api.w.org\/{rel}","templated":true}]}}