{"id":60,"date":"2022-10-11T08:03:52","date_gmt":"2022-10-11T08:03:52","guid":{"rendered":"https:\/\/luckyjet-games.com\/?page_id=60"},"modified":"2024-03-12T18:07:28","modified_gmt":"2024-03-12T18:07:28","slug":"lucky-jet-predictor-apk-download","status":"publish","type":"page","link":"https:\/\/luckyjet-games.com\/de\/lucky-jet-predictor-apk-download\/","title":{"rendered":"Lucky Jet Predictor APK herunterladen"},"content":{"rendered":"<div style=\"text-align: center;\"><a class=\"glow-button\" href=\"#go\" data-go=\"go\">Lucky Jet Spiel spielen<\/a><\/div>\n<div id=\"attachment_33\" style=\"width: 924px\" class=\"wp-caption aligncenter\"><a href=\"#go\" data-go=\"go\"><img decoding=\"async\" aria-describedby=\"caption-attachment-33\" class=\"wp-image-33\" title=\"Lucky Jet Spiel\" src=\"https:\/\/luckyjet-games.com\/wp-content\/uploads\/2022\/10\/Jucky-Jet-Game-1024x532.jpg\" alt=\"Lucky Jet Spiel\" width=\"924\" height=\"480\" srcset=\"https:\/\/luckyjet-games.com\/wp-content\/uploads\/2022\/10\/Jucky-Jet-Game-1024x532.jpg 1024w, https:\/\/luckyjet-games.com\/wp-content\/uploads\/2022\/10\/Jucky-Jet-Game-300x156.jpg 300w, https:\/\/luckyjet-games.com\/wp-content\/uploads\/2022\/10\/Jucky-Jet-Game-768x399.jpg 768w, https:\/\/luckyjet-games.com\/wp-content\/uploads\/2022\/10\/Jucky-Jet-Game-77x40.jpg 77w, https:\/\/luckyjet-games.com\/wp-content\/uploads\/2022\/10\/Jucky-Jet-Game-62x32.jpg 62w, https:\/\/luckyjet-games.com\/wp-content\/uploads\/2022\/10\/Jucky-Jet-Game-154x80.jpg 154w, https:\/\/luckyjet-games.com\/wp-content\/uploads\/2022\/10\/Jucky-Jet-Game-260x135.jpg 260w, https:\/\/luckyjet-games.com\/wp-content\/uploads\/2022\/10\/Jucky-Jet-Game.jpg 1089w\" sizes=\"(max-width: 924px) 100vw, 924px\" \/><\/a><p id=\"caption-attachment-33\" class=\"wp-caption-text\">Lucky Jet Spiel<\/p><\/div>\n<p>Sie k\u00f6nnen jede Version von <a href=\"https:\/\/luckyjet-games.com\/de\/\">Lucky Jet<\/a> Pr\u00e4diktor. Wenn Sie Lucky Jet Predictor auf Ihrem mobilen Ger\u00e4t installieren m\u00f6chten, muss dieses \u00fcber Android 2.3 oder h\u00f6her verf\u00fcgen. Alle Versionen von Lucky Jet Predictor sind \u00fcber Android Top verf\u00fcgbar, und Sie k\u00f6nnen es direkt auf Ihr Telefon oder ein anderes Android-Ger\u00e4t erhalten. Daf\u00fcr ben\u00f6tigen Sie Emulatoren; Sie k\u00f6nnen jedoch Lucky Jet Cheat Predictor auf Ihrem PC verwenden, wenn Sie Emulatoren verwenden.<\/p>\n<div id=\"ez-toc-container\" class=\"ez-toc-v2_0_75 counter-hierarchy ez-toc-counter ez-toc-grey ez-toc-container-direction\">\n<div class=\"ez-toc-title-container\">\n<p class=\"ez-toc-title\" style=\"cursor:inherit\">Inhaltsverzeichnis<\/p>\n<span class=\"ez-toc-title-toggle\"><a href=\"#\" class=\"ez-toc-pull-right ez-toc-btn ez-toc-btn-xs ez-toc-btn-default ez-toc-toggle\" aria-label=\"Inhaltsverzeichnis umschalten\"><span class=\"ez-toc-js-icon-con\"><span class=\"\"><span class=\"eztoc-hide\" style=\"display:none;\">Umschalten auf<\/span><span class=\"ez-toc-icon-toggle-span\"><svg style=\"fill: #999;color:#999\" xmlns=\"http:\/\/www.w3.org\/2000\/svg\" class=\"list-377408\" width=\"20px\" height=\"20px\" viewbox=\"0 0 24 24\" fill=\"none\"><path d=\"M6 6H4v2h2V6zm14 0H8v2h12V6zM4 11h2v2H4v-2zm16 0H8v2h12v-2zM4 16h2v2H4v-2zm16 0H8v2h12v-2z\" fill=\"currentColor\"><\/path><\/svg><svg style=\"fill: #999;color:#999\" class=\"arrow-unsorted-368013\" xmlns=\"http:\/\/www.w3.org\/2000\/svg\" width=\"10px\" height=\"10px\" viewbox=\"0 0 24 24\" version=\"1.2\" baseprofile=\"tiny\"><path d=\"M18.2 9.3l-6.2-6.3-6.2 6.3c-.2.2-.3.4-.3.7s.1.5.3.7c.2.2.4.3.7.3h11c.3 0 .5-.1.7-.3.2-.2.3-.5.3-.7s-.1-.5-.3-.7zM5.8 14.7l6.2 6.3 6.2-6.3c.2-.2.3-.5.3-.7s-.1-.5-.3-.7c-.2-.2-.4-.3-.7-.3h-11c-.3 0-.5.1-.7.3-.2.2-.3.5-.3.7s.1.5.3.7z\"\/><\/svg><\/span><\/span><\/span><\/a><\/span><\/div>\n<nav><ul class='ez-toc-list ez-toc-list-level-1 eztoc-toggle-hide-by-default' ><li class='ez-toc-page-1 ez-toc-heading-level-2'><a class=\"ez-toc-link ez-toc-heading-1\" href=\"https:\/\/luckyjet-games.com\/de\/lucky-jet-predictor-apk-download\/#How_to_Download_Lucky_Jet_Predictor_for_Android\" >Wie l\u00e4dt man Lucky Jet Predictor f\u00fcr Android herunter?<\/a><\/li><li class='ez-toc-page-1 ez-toc-heading-level-2'><a class=\"ez-toc-link ez-toc-heading-2\" href=\"https:\/\/luckyjet-games.com\/de\/lucky-jet-predictor-apk-download\/#How_to_Install_Lucky_Jet_Cheat_Predictor_APK_on_Windows\" >Wie installiert man Lucky Jet Cheat Predictor APK unter Windows?<\/a><\/li><li class='ez-toc-page-1 ez-toc-heading-level-2'><a class=\"ez-toc-link ez-toc-heading-3\" href=\"https:\/\/luckyjet-games.com\/de\/lucky-jet-predictor-apk-download\/#How_to_Hack_Lucky_Jet_Game\" >Wie hackt man das Lucky Jet Spiel?<\/a><\/li><li class='ez-toc-page-1 ez-toc-heading-level-2'><a class=\"ez-toc-link ez-toc-heading-4\" href=\"https:\/\/luckyjet-games.com\/de\/lucky-jet-predictor-apk-download\/#How_to_Use_Lucky_Jet_Cheat_Predictor\" >Wie benutzt man den Lucky Jet Cheat Predictor?<\/a><\/li><li class='ez-toc-page-1 ez-toc-heading-level-2'><a class=\"ez-toc-link ez-toc-heading-5\" href=\"https:\/\/luckyjet-games.com\/de\/lucky-jet-predictor-apk-download\/#What_is_Lucky_Jet_Signals_Telegram_and_How_its_work\" >Was ist Lucky Jet Signals Telegram und wie funktioniert es?<\/a><\/li><li class='ez-toc-page-1 ez-toc-heading-level-2'><a class=\"ez-toc-link ez-toc-heading-6\" href=\"https:\/\/luckyjet-games.com\/de\/lucky-jet-predictor-apk-download\/#Conclusion\" >Schlussfolgerung<\/a><\/li><\/ul><\/nav><\/div>\n<h2><span class=\"ez-toc-section\" id=\"How_to_Download_Lucky_Jet_Predictor_for_Android\"><\/span>Wie l\u00e4dt man Lucky Jet Predictor f\u00fcr Android herunter?<span class=\"ez-toc-section-end\"><\/span><\/h2>\n<ul>\n<li>Rufen Sie mit Ihrem Android-Ger\u00e4t den Google Play Store auf.<\/li>\n<li>Geben Sie in der Suchleiste \"Lucky Jet Predictor\" ein.<\/li>\n<li>W\u00e4hlen Sie die App aus, wenn sie in den Suchergebnissen erscheint.<\/li>\n<li>Tippen Sie auf \"Installieren\".<\/li>\n<li>Warten Sie, bis Lucky Jet Predictor fertig heruntergeladen und auf Ihrem Ger\u00e4t installiert ist.<\/li>\n<li>Sobald das erledigt ist, k\u00f6nnen Sie die App verwenden!<\/li>\n<\/ul>\n<div id=\"attachment_65\" style=\"width: 496px\" class=\"wp-caption aligncenter\"><a href=\"#go\" data-go=\"go\"><img decoding=\"async\" aria-describedby=\"caption-attachment-65\" class=\"wp-image-65 size-full\" title=\"Lucky Jet-Schummler\" src=\"https:\/\/luckyjet-games.com\/wp-content\/uploads\/2022\/10\/Jucky-Jet-Signals-Telegram.jpg\" alt=\"Lucky Jet-Schummler\" width=\"496\" height=\"200\" srcset=\"https:\/\/luckyjet-games.com\/wp-content\/uploads\/2022\/10\/Jucky-Jet-Signals-Telegram.jpg 496w, https:\/\/luckyjet-games.com\/wp-content\/uploads\/2022\/10\/Jucky-Jet-Signals-Telegram-300x121.jpg 300w, https:\/\/luckyjet-games.com\/wp-content\/uploads\/2022\/10\/Jucky-Jet-Signals-Telegram-99x40.jpg 99w, https:\/\/luckyjet-games.com\/wp-content\/uploads\/2022\/10\/Jucky-Jet-Signals-Telegram-79x32.jpg 79w, https:\/\/luckyjet-games.com\/wp-content\/uploads\/2022\/10\/Jucky-Jet-Signals-Telegram-198x80.jpg 198w, https:\/\/luckyjet-games.com\/wp-content\/uploads\/2022\/10\/Jucky-Jet-Signals-Telegram-335x135.jpg 335w\" sizes=\"(max-width: 496px) 100vw, 496px\" \/><\/a><p id=\"caption-attachment-65\" class=\"wp-caption-text\">Lucky Jet-Schummler<\/p><\/div>\n<div style=\"text-align: center;\"><a class=\"glow-button\" href=\"#go\" data-go=\"go\">Lucky Jet Spiel herunterladen und spielen<\/a><\/div>\n<h2><span class=\"ez-toc-section\" id=\"How_to_Install_Lucky_Jet_Cheat_Predictor_APK_on_Windows\"><\/span>Wie installiert man Lucky Jet Cheat Predictor APK unter Windows?<span class=\"ez-toc-section-end\"><\/span><\/h2>\n<ul>\n<li>Zun\u00e4chst m\u00fcssen Sie einen Android-Emulator auf Ihrem PC installieren. Wir empfehlen die Verwendung von Bluestacks.<\/li>\n<li>Sobald Sie den Emulator installiert haben, starten Sie ihn und melden Sie sich mit Ihrem Google-Konto an.<\/li>\n<li>Suchen Sie im Play Store nach \"Lucky Jet Cheat Predictor\".<\/li>\n<li>Installieren Sie die App.<\/li>\n<li>Starten Sie Lucky Jet Cheat Predictor.<\/li>\n<li>Sie sollten jetzt in der Lage sein, die App auf Ihrem PC zu verwenden!<\/li>\n<\/ul>\n<div id=\"attachment_64\" style=\"width: 224px\" class=\"wp-caption aligncenter\"><a href=\"#go\" data-go=\"go\"><img decoding=\"async\" aria-describedby=\"caption-attachment-64\" class=\"wp-image-64 size-full\" title=\"Lucky Jet Pr\u00e4diktor\" src=\"https:\/\/luckyjet-games.com\/wp-content\/uploads\/2022\/10\/Jucky-Jet-Predictor.jpg\" alt=\"Lucky Jet Pr\u00e4diktor\" width=\"224\" height=\"478\" srcset=\"https:\/\/luckyjet-games.com\/wp-content\/uploads\/2022\/10\/Jucky-Jet-Predictor.jpg 224w, https:\/\/luckyjet-games.com\/wp-content\/uploads\/2022\/10\/Jucky-Jet-Predictor-141x300.jpg 141w, https:\/\/luckyjet-games.com\/wp-content\/uploads\/2022\/10\/Jucky-Jet-Predictor-19x40.jpg 19w, https:\/\/luckyjet-games.com\/wp-content\/uploads\/2022\/10\/Jucky-Jet-Predictor-15x32.jpg 15w, https:\/\/luckyjet-games.com\/wp-content\/uploads\/2022\/10\/Jucky-Jet-Predictor-37x80.jpg 37w, https:\/\/luckyjet-games.com\/wp-content\/uploads\/2022\/10\/Jucky-Jet-Predictor-63x135.jpg 63w\" sizes=\"(max-width: 224px) 100vw, 224px\" \/><\/a><p id=\"caption-attachment-64\" class=\"wp-caption-text\">Lucky Jet Pr\u00e4diktor<\/p><\/div>\n<div style=\"text-align: center;\"><a class=\"glow-button\" href=\"#go\" data-go=\"go\">Lucky Jet spielen<\/a><\/div>\n<h2><span class=\"ez-toc-section\" id=\"How_to_Hack_Lucky_Jet_Game\"><\/span>Wie hackt man das Lucky Jet Spiel?<span class=\"ez-toc-section-end\"><\/span><\/h2>\n<p>Es gibt viele M\u00f6glichkeiten, Lucky Jet zu hacken. Sie k\u00f6nnen modded APKs, Lucky Patcher, Game Killer, oder Freiheit App verwenden.<\/p>\n<ul>\n<li>Modifizierte APKs: Du kannst modifizierte APKs von Lucky Jet auf Seiten wie APKPure.com finden.<\/li>\n<li>Lucky Patcher: Lucky Patcher ist eine Android-App, mit der Sie App-Berechtigungen \u00e4ndern und In-App-K\u00e4ufe umgehen k\u00f6nnen.<\/li>\n<li>Spiel-Killer: Game Killer ist eine Android-App, mit der Sie Spiele ver\u00e4ndern und unbegrenzte Ressourcen erhalten k\u00f6nnen.<\/li>\n<li>Freiheits-App: Freedom App ist eine Android-App, mit der Sie In-App-K\u00e4ufe umgehen k\u00f6nnen.<\/li>\n<\/ul>\n<h2><span class=\"ez-toc-section\" id=\"How_to_Use_Lucky_Jet_Cheat_Predictor\"><\/span>Wie benutzt man den Lucky Jet Cheat Predictor?<span class=\"ez-toc-section-end\"><\/span><\/h2>\n<ul>\n<li>Sobald Sie die App installiert haben, starten Sie sie und melden sich mit Ihrem Google-Konto an.<\/li>\n<li>W\u00e4hlen Sie das Spiel aus, das Sie hacken m\u00f6chten.<\/li>\n<li>W\u00e4hlen Sie die Ressourcen aus, die Sie erzeugen m\u00f6chten.<\/li>\n<li>Tippen Sie auf \"Erzeugen\".<\/li>\n<li>Warten Sie darauf, dass die Ressourcen generiert werden.<\/li>\n<li>Sie k\u00f6nnen jetzt die Ressourcen im Spiel verwenden!<\/li>\n<\/ul>\n<h2><span class=\"ez-toc-section\" id=\"What_is_Lucky_Jet_Signals_Telegram_and_How_its_work\"><\/span>Was ist Lucky Jet Signals Telegram und wie funktioniert es?<span class=\"ez-toc-section-end\"><\/span><\/h2>\n<p>Lucky Jet Signals Telegram ist ein Bot, der Ihnen Lucky Jet Spieltipps und Tricks sendet.<\/p>\n<ol>\n<li>Um den Bot zu verwenden, f\u00fcgen Sie ihn zu Ihrer Lucky Jet Telegram-Gruppe hinzu.<\/li>\n<li>Sobald Sie den Lucky Jet-Bot hinzugef\u00fcgt haben, geben Sie \"\/start\" ein, um zu starten.<\/li>\n<li>Der Bot wird Ihnen dann eine Nachricht mit einem Link zum Lucky Jet-Spickzettel schicken.<\/li>\n<li>Das Lucky Jet Cheat Sheet ist eine PDF-Datei, die alle Lucky Jet Cheats und Tipps enth\u00e4lt.<\/li>\n<li>Sie k\u00f6nnen auch \"\/help\" eingeben, um eine Liste aller Befehle zu erhalten, die der Bot unterst\u00fctzt.<\/li>\n<\/ol>\n<div id=\"attachment_66\" style=\"width: 682px\" class=\"wp-caption aligncenter\"><a href=\"#go\" data-go=\"go\"><img decoding=\"async\" aria-describedby=\"caption-attachment-66\" class=\"wp-image-66 size-full\" title=\"Lucky Jet signalisiert Telegramm\" src=\"https:\/\/luckyjet-games.com\/wp-content\/uploads\/2022\/10\/Jucky-Jet-Signals-Telegram-Bot.jpg\" alt=\"Lucky Jet signalisiert Telegramm\" width=\"682\" height=\"392\" srcset=\"https:\/\/luckyjet-games.com\/wp-content\/uploads\/2022\/10\/Jucky-Jet-Signals-Telegram-Bot.jpg 682w, https:\/\/luckyjet-games.com\/wp-content\/uploads\/2022\/10\/Jucky-Jet-Signals-Telegram-Bot-300x172.jpg 300w, https:\/\/luckyjet-games.com\/wp-content\/uploads\/2022\/10\/Jucky-Jet-Signals-Telegram-Bot-70x40.jpg 70w, https:\/\/luckyjet-games.com\/wp-content\/uploads\/2022\/10\/Jucky-Jet-Signals-Telegram-Bot-56x32.jpg 56w, https:\/\/luckyjet-games.com\/wp-content\/uploads\/2022\/10\/Jucky-Jet-Signals-Telegram-Bot-139x80.jpg 139w, https:\/\/luckyjet-games.com\/wp-content\/uploads\/2022\/10\/Jucky-Jet-Signals-Telegram-Bot-235x135.jpg 235w\" sizes=\"(max-width: 682px) 100vw, 682px\" \/><\/a><p id=\"caption-attachment-66\" class=\"wp-caption-text\">Lucky Jet signalisiert Telegramm<\/p><\/div>\n<div style=\"text-align: center;\"><a class=\"glow-button\" href=\"#go\" data-go=\"go\">Lucky Jet Spiel spielen<\/a><\/div>\n<h2><span class=\"ez-toc-section\" id=\"Conclusion\"><\/span>Schlussfolgerung<span class=\"ez-toc-section-end\"><\/span><\/h2>\n<p class=\"translation-block\">Lucky Jet Predictor ist eine App, die Gl\u00fcckszahlen f\u00fcr das beliebte chinesische Spiel Lucky Jet vorhersagt. Die App steht f\u00fcr Android und Windows zum Download bereit. Sie k\u00f6nnen die App auch verwenden, um <a href=\"https:\/\/luckyjet-games.com\/de\/\" target=\"_self\">das Lucky Jet-Spiel<\/a> zu hacken und unbegrenzte Ressourcen zu erhalten. Der Bot bietet au\u00dferdem einen Lucky Jet-Spickzettel mit allen Lucky Jet-Vorhersagen und Tipps.<\/p>\n<div class=\"author-card author-card--top\"><img alt='Avatar-Foto' src='https:\/\/luckyjet-games.com\/wp-content\/uploads\/2023\/03\/Chris-Hodge-130x130.jpg' srcset='https:\/\/luckyjet-games.com\/wp-content\/uploads\/2023\/03\/Chris-Hodge-260x260.jpg 2x' class='avatar avatar-130 photo author-image' height='130' width='130' \/><div class=\"author-content text-md-center\"><span class=\"author-title\">Autor<\/span><a href=\"https:\/\/luckyjet-games.com\/de\/author\/chris-hodge\/\" class=\"author-name\">Chris Hodge<\/a><p class=\"author__details\">Chris Hodge ist ein Experte f\u00fcr Gl\u00fccksspiele. Er spielt und studiert Casinospiele seit \u00fcber 10 Jahren. In dieser Zeit hat er ein tiefes Verst\u00e4ndnis f\u00fcr die Strategien und Mechanismen hinter jedem Spiel im Casino entwickelt.<br \/>\r\n<br \/>\r\nChris' Wissen und Fachkenntnisse haben ihm einen Platz als regelm\u00e4\u00dfiger Mitarbeiter in mehreren f\u00fchrenden Gl\u00fccksspielpublikationen eingebracht. Au\u00dferdem wird er h\u00e4ufig von Casinos um fachkundigen Rat zu neuen Spielen und Werbeaktionen gebeten.<\/p><\/div><!-- \/.author-content --><\/div>","protected":false},"excerpt":{"rendered":"<p>Lucky Jet-Spiel spielen Sie k\u00f6nnen jede Version von Lucky Jet Predictor herunterladen. Wenn Sie Lucky Jet Predictor auf Ihrem Mobilger\u00e4t installieren m\u00f6chten, muss es \u00fcber Android 2.3 oder h\u00f6her verf\u00fcgen. Alle Versionen von Lucky Jet Predictor sind \u00fcber Android Top verf\u00fcgbar und Sie k\u00f6nnen es direkt auf Ihr Telefon oder ein anderes Android-Ger\u00e4t herunterladen.<\/p>","protected":false},"author":2,"featured_media":62,"parent":0,"menu_order":0,"comment_status":"closed","ping_status":"closed","template":"page-no-sidebar.php","meta":{"_acf_changed":false,"footnotes":""},"class_list":["post-60","page","type-page","status-publish","has-post-thumbnail","hentry"],"acf":[],"yoast_head":"<!-- This site is optimized with the Yoast SEO plugin v26.7 - https:\/\/yoast.com\/wordpress\/plugins\/seo\/ -->\n<title>Lucky Jet Predictor - How to Hack Lucky Jet | Signals Telegram Bot<\/title>\n<meta name=\"description\" content=\"How to hack and use Lucky Jet Predictor APK. Lucky Jet Cheats and tips for winning \ud83d\ude80 Where to find predictions for Lucky Jet. Signals Telegram Bot\" \/>\n<meta name=\"robots\" content=\"index, follow, max-snippet:-1, max-image-preview:large, max-video-preview:-1\" \/>\n<link rel=\"canonical\" href=\"https:\/\/luckyjet-games.com\/de\/lucky-jet-predictor-apk-download\/\" \/>\n<meta property=\"og:locale\" content=\"de_DE\" \/>\n<meta property=\"og:type\" content=\"article\" \/>\n<meta property=\"og:title\" content=\"Lucky Jet Predictor - How to Hack Lucky Jet | Signals Telegram Bot\" \/>\n<meta property=\"og:description\" content=\"How to hack and use Lucky Jet Predictor APK. Lucky Jet Cheats and tips for winning \ud83d\ude80 Where to find predictions for Lucky Jet. Signals Telegram Bot\" \/>\n<meta property=\"og:url\" content=\"https:\/\/luckyjet-games.com\/de\/lucky-jet-predictor-apk-download\/\" \/>\n<meta property=\"og:site_name\" content=\"Lucky Jet Games\" \/>\n<meta property=\"article:modified_time\" content=\"2024-03-12T18:07:28+00:00\" \/>\n<meta property=\"og:image\" content=\"https:\/\/luckyjet-games.com\/wp-content\/uploads\/2022\/10\/Lucky-Jet-Hack.jpg\" \/>\n\t<meta property=\"og:image:width\" content=\"200\" \/>\n\t<meta property=\"og:image:height\" content=\"200\" \/>\n\t<meta property=\"og:image:type\" content=\"image\/jpeg\" \/>\n<meta name=\"twitter:card\" content=\"summary_large_image\" \/>\n<meta name=\"twitter:label1\" content=\"Gesch\u00e4tzte Lesezeit\" \/>\n\t<meta name=\"twitter:data1\" content=\"4\u00a0Minuten\" \/>\n<!-- \/ Yoast SEO plugin. -->","yoast_head_json":{"title":"Lucky Jet Predictor - Wie man Lucky Jet hackt | Signale Telegram Bot","description":"Wie zu hacken und verwenden Lucky Jet Predictor APK. Lucky Jet Cheats und Tipps zum Gewinnen \ud83d\ude80 Wo findet man Vorhersagen f\u00fcr Lucky Jet. Signale Telegram Bot","robots":{"index":"index","follow":"follow","max-snippet":"max-snippet:-1","max-image-preview":"max-image-preview:large","max-video-preview":"max-video-preview:-1"},"canonical":"https:\/\/luckyjet-games.com\/de\/lucky-jet-predictor-apk-download\/","og_locale":"de_DE","og_type":"article","og_title":"Lucky Jet Predictor - How to Hack Lucky Jet | Signals Telegram Bot","og_description":"How to hack and use Lucky Jet Predictor APK. Lucky Jet Cheats and tips for winning \ud83d\ude80 Where to find predictions for Lucky Jet. Signals Telegram Bot","og_url":"https:\/\/luckyjet-games.com\/de\/lucky-jet-predictor-apk-download\/","og_site_name":"Lucky Jet Games","article_modified_time":"2024-03-12T18:07:28+00:00","og_image":[{"width":200,"height":200,"url":"https:\/\/luckyjet-games.com\/wp-content\/uploads\/2022\/10\/Lucky-Jet-Hack.jpg","type":"image\/jpeg"}],"twitter_card":"summary_large_image","twitter_misc":{"Gesch\u00e4tzte Lesezeit":"4\u00a0Minuten"},"schema":{"@context":"https:\/\/schema.org","@graph":[{"@type":"WebPage","@id":"https:\/\/luckyjet-games.com\/lucky-jet-predictor-apk-download\/","url":"https:\/\/luckyjet-games.com\/lucky-jet-predictor-apk-download\/","name":"Lucky Jet Predictor - Wie man Lucky Jet hackt | Signale Telegram Bot","isPartOf":{"@id":"https:\/\/luckyjet-games.com\/de\/#website"},"primaryImageOfPage":{"@id":"https:\/\/luckyjet-games.com\/lucky-jet-predictor-apk-download\/#primaryimage"},"image":{"@id":"https:\/\/luckyjet-games.com\/lucky-jet-predictor-apk-download\/#primaryimage"},"thumbnailUrl":"https:\/\/luckyjet-games.com\/wp-content\/uploads\/2022\/10\/Lucky-Jet-Hack.jpg","datePublished":"2022-10-11T08:03:52+00:00","dateModified":"2024-03-12T18:07:28+00:00","description":"Wie zu hacken und verwenden Lucky Jet Predictor APK. Lucky Jet Cheats und Tipps zum Gewinnen \ud83d\ude80 Wo findet man Vorhersagen f\u00fcr Lucky Jet. Signale Telegram Bot","breadcrumb":{"@id":"https:\/\/luckyjet-games.com\/lucky-jet-predictor-apk-download\/#breadcrumb"},"inLanguage":"de","potentialAction":[{"@type":"ReadAction","target":["https:\/\/luckyjet-games.com\/lucky-jet-predictor-apk-download\/"]}]},{"@type":"ImageObject","inLanguage":"de","@id":"https:\/\/luckyjet-games.com\/lucky-jet-predictor-apk-download\/#primaryimage","url":"https:\/\/luckyjet-games.com\/wp-content\/uploads\/2022\/10\/Lucky-Jet-Hack.jpg","contentUrl":"https:\/\/luckyjet-games.com\/wp-content\/uploads\/2022\/10\/Lucky-Jet-Hack.jpg","width":200,"height":200,"caption":"Lucky Jet Hack"},{"@type":"BreadcrumbList","@id":"https:\/\/luckyjet-games.com\/lucky-jet-predictor-apk-download\/#breadcrumb","itemListElement":[{"@type":"ListItem","position":1,"name":"Home","item":"https:\/\/luckyjet-games.com\/"},{"@type":"ListItem","position":2,"name":"Lucky Jet Predictor APK Download"}]},{"@type":"WebSite","@id":"https:\/\/luckyjet-games.com\/de\/#website","url":"https:\/\/luckyjet-games.com\/de\/","name":"Lucky Jet Spiele","description":"","publisher":{"@id":"https:\/\/luckyjet-games.com\/de\/#organization"},"potentialAction":[{"@type":"SearchAction","target":{"@type":"EntryPoint","urlTemplate":"https:\/\/luckyjet-games.com\/de\/?s={search_term_string}"},"query-input":{"@type":"PropertyValueSpecification","valueRequired":true,"valueName":"search_term_string"}}],"inLanguage":"de"},{"@type":"Organization","@id":"https:\/\/luckyjet-games.com\/de\/#organization","name":"Lucky Jet Spiele","url":"https:\/\/luckyjet-games.com\/de\/","logo":{"@type":"ImageObject","inLanguage":"de","@id":"https:\/\/luckyjet-games.com\/de\/#\/schema\/logo\/image\/","url":"https:\/\/luckyjet-games.com\/wp-content\/uploads\/2022\/10\/Lucky-Jet-Game.png","contentUrl":"https:\/\/luckyjet-games.com\/wp-content\/uploads\/2022\/10\/Lucky-Jet-Game.png","width":711,"height":599,"caption":"Lucky Jet Games"},"image":{"@id":"https:\/\/luckyjet-games.com\/de\/#\/schema\/logo\/image\/"}}]}},"_links":{"self":[{"href":"https:\/\/luckyjet-games.com\/de\/wp-json\/wp\/v2\/pages\/60","targetHints":{"allow":["GET"]}}],"collection":[{"href":"https:\/\/luckyjet-games.com\/de\/wp-json\/wp\/v2\/pages"}],"about":[{"href":"https:\/\/luckyjet-games.com\/de\/wp-json\/wp\/v2\/types\/page"}],"author":[{"embeddable":true,"href":"https:\/\/luckyjet-games.com\/de\/wp-json\/wp\/v2\/users\/2"}],"replies":[{"embeddable":true,"href":"https:\/\/luckyjet-games.com\/de\/wp-json\/wp\/v2\/comments?post=60"}],"version-history":[{"count":0,"href":"https:\/\/luckyjet-games.com\/de\/wp-json\/wp\/v2\/pages\/60\/revisions"}],"wp:featuredmedia":[{"embeddable":true,"href":"https:\/\/luckyjet-games.com\/de\/wp-json\/wp\/v2\/media\/62"}],"wp:attachment":[{"href":"https:\/\/luckyjet-games.com\/de\/wp-json\/wp\/v2\/media?parent=60"}],"curies":[{"name":"wp","href":"https:\/\/api.w.org\/{rel}","templated":true}]}}