{"id":371,"date":"2023-10-27T15:00:00","date_gmt":"2023-10-27T15:00:00","guid":{"rendered":"https:\/\/luckyjet-games.com\/?page_id=371"},"modified":"2023-12-22T17:07:29","modified_gmt":"2023-12-22T17:07:29","slug":"rocket-gambling-game","status":"publish","type":"page","link":"https:\/\/luckyjet-games.com\/de\/rocket-gambling-game\/","title":{"rendered":"Raketen-Gl\u00fccksspiel"},"content":{"rendered":"<div style=\"text-align: center;\"><a class=\"glow-button\" href=\"#go\" data-go=\"go\">Spielen Sie bei Rocket Gambling Game \ud83d\ude80.<\/a><\/div>\n<p>Tauchen Sie ein in die Feinheiten des Rocket Money Game, erkunden Sie seine Regeln und lernen Sie die Strategien zur Maximierung Ihrer Rendite.<\/p>\n<div id=\"ez-toc-container\" class=\"ez-toc-v2_0_75 counter-hierarchy ez-toc-counter ez-toc-grey ez-toc-container-direction\">\n<div class=\"ez-toc-title-container\">\n<p class=\"ez-toc-title\" style=\"cursor:inherit\">Inhaltsverzeichnis<\/p>\n<span class=\"ez-toc-title-toggle\"><a href=\"#\" class=\"ez-toc-pull-right ez-toc-btn ez-toc-btn-xs ez-toc-btn-default ez-toc-toggle\" aria-label=\"Inhaltsverzeichnis umschalten\"><span class=\"ez-toc-js-icon-con\"><span class=\"\"><span class=\"eztoc-hide\" style=\"display:none;\">Umschalten auf<\/span><span class=\"ez-toc-icon-toggle-span\"><svg style=\"fill: #999;color:#999\" xmlns=\"http:\/\/www.w3.org\/2000\/svg\" class=\"list-377408\" width=\"20px\" height=\"20px\" viewbox=\"0 0 24 24\" fill=\"none\"><path d=\"M6 6H4v2h2V6zm14 0H8v2h12V6zM4 11h2v2H4v-2zm16 0H8v2h12v-2zM4 16h2v2H4v-2zm16 0H8v2h12v-2z\" fill=\"currentColor\"><\/path><\/svg><svg style=\"fill: #999;color:#999\" class=\"arrow-unsorted-368013\" xmlns=\"http:\/\/www.w3.org\/2000\/svg\" width=\"10px\" height=\"10px\" viewbox=\"0 0 24 24\" version=\"1.2\" baseprofile=\"tiny\"><path d=\"M18.2 9.3l-6.2-6.3-6.2 6.3c-.2.2-.3.4-.3.7s.1.5.3.7c.2.2.4.3.7.3h11c.3 0 .5-.1.7-.3.2-.2.3-.5.3-.7s-.1-.5-.3-.7zM5.8 14.7l6.2 6.3 6.2-6.3c.2-.2.3-.5.3-.7s-.1-.5-.3-.7c-.2-.2-.4-.3-.7-.3h-11c-.3 0-.5.1-.7.3-.2.2-.3.5-.3.7s.1.5.3.7z\"\/><\/svg><\/span><\/span><\/span><\/a><\/span><\/div>\n<nav><ul class='ez-toc-list ez-toc-list-level-1 eztoc-toggle-hide-by-default' ><li class='ez-toc-page-1 ez-toc-heading-level-2'><a class=\"ez-toc-link ez-toc-heading-1\" href=\"https:\/\/luckyjet-games.com\/de\/rocket-gambling-game\/#Introduction_to_Rocket_Gambling\" >Einf\u00fchrung in das Raketengl\u00fccksspiel<\/a><\/li><li class='ez-toc-page-1 ez-toc-heading-level-2'><a class=\"ez-toc-link ez-toc-heading-2\" href=\"https:\/\/luckyjet-games.com\/de\/rocket-gambling-game\/#How_to_Play_the_Rocket_Money_Game\" >So spielt man das Rocket Money-Spiel<\/a><\/li><li class='ez-toc-page-1 ez-toc-heading-level-2'><a class=\"ez-toc-link ez-toc-heading-3\" href=\"https:\/\/luckyjet-games.com\/de\/rocket-gambling-game\/#Key_Features_of_Rocket_Betting\" >Hauptmerkmale von Rocket Betting<\/a><\/li><li class='ez-toc-page-1 ez-toc-heading-level-2'><a class=\"ez-toc-link ez-toc-heading-4\" href=\"https:\/\/luckyjet-games.com\/de\/rocket-gambling-game\/#Rocket_Gambling_on_Mobile\" >Raketengl\u00fccksspiel auf dem Handy<\/a><\/li><li class='ez-toc-page-1 ez-toc-heading-level-2'><a class=\"ez-toc-link ez-toc-heading-5\" href=\"https:\/\/luckyjet-games.com\/de\/rocket-gambling-game\/#A_Safe_and_Exciting_Alternative\" >Eine sichere und aufregende Alternative<\/a><\/li><li class='ez-toc-page-1 ez-toc-heading-level-2'><a class=\"ez-toc-link ez-toc-heading-6\" href=\"https:\/\/luckyjet-games.com\/de\/rocket-gambling-game\/#FAQs\" >FAQs<\/a><ul class='ez-toc-list-level-3' ><li class='ez-toc-heading-level-3'><a class=\"ez-toc-link ez-toc-heading-7\" href=\"https:\/\/luckyjet-games.com\/de\/rocket-gambling-game\/#Is_Rocket_Gambling_safe\" >Ist Rocket Gambling sicher?<\/a><\/li><li class='ez-toc-page-1 ez-toc-heading-level-3'><a class=\"ez-toc-link ez-toc-heading-8\" href=\"https:\/\/luckyjet-games.com\/de\/rocket-gambling-game\/#Can_I_play_Rocket_Gambling_on_mobile\" >Kann ich Rocket Gambling auf dem Handy spielen?<\/a><\/li><li class='ez-toc-page-1 ez-toc-heading-level-3'><a class=\"ez-toc-link ez-toc-heading-9\" href=\"https:\/\/luckyjet-games.com\/de\/rocket-gambling-game\/#How_do_I_cash_out\" >Wie kann ich auszahlen?<\/a><\/li><li class='ez-toc-page-1 ez-toc-heading-level-3'><a class=\"ez-toc-link ez-toc-heading-10\" href=\"https:\/\/luckyjet-games.com\/de\/rocket-gambling-game\/#How_do_Rocket_Betting_Games_ensure_fairness\" >Wie gew\u00e4hrleisten Rocket Betting Games Fairness?<\/a><\/li><li class='ez-toc-page-1 ez-toc-heading-level-3'><a class=\"ez-toc-link ez-toc-heading-11\" href=\"https:\/\/luckyjet-games.com\/de\/rocket-gambling-game\/#Can_I_win_real_money_in_Rocket_Betting_Games\" >Kann ich bei Rocket Betting Games echtes Geld gewinnen?<\/a><\/li><\/ul><\/li><\/ul><\/nav><\/div>\n<h2><span class=\"ez-toc-section\" id=\"Introduction_to_Rocket_Gambling\"><\/span><strong>Einf\u00fchrung in das Raketengl\u00fccksspiel<\/strong><span class=\"ez-toc-section-end\"><\/span><\/h2>\n<p>Rocket Gambling bietet ein aufregendes Erlebnis, bei dem die Spannung in dem Moment beginnt, in dem Sie die Rakete abfeuern. Beim Aufstieg werden Sie mit Multiplikationsfaktoren belohnt. Erreichen Sie gewaltige H\u00f6hen von bis zum 1.000-fachen und freuen Sie sich \u00fcber herausragende Belohnungen, die Ihren urspr\u00fcnglichen Einsatz um das unglaubliche 1.000-fache vervielfachen.<\/p>\n<div id=\"attachment_372\" style=\"width: 988px\" class=\"wp-caption aligncenter\"><img decoding=\"async\" aria-describedby=\"caption-attachment-372\" class=\"wp-image-372 size-full\" title=\"Raketengeldspiel\" src=\"https:\/\/luckyjet-games.com\/wp-content\/uploads\/2023\/10\/Rocket-Money-Game.jpg\" alt=\"Raketengeldspiel\" width=\"988\" height=\"470\" srcset=\"https:\/\/luckyjet-games.com\/wp-content\/uploads\/2023\/10\/Rocket-Money-Game.jpg 988w, https:\/\/luckyjet-games.com\/wp-content\/uploads\/2023\/10\/Rocket-Money-Game-300x143.jpg 300w, https:\/\/luckyjet-games.com\/wp-content\/uploads\/2023\/10\/Rocket-Money-Game-768x365.jpg 768w, https:\/\/luckyjet-games.com\/wp-content\/uploads\/2023\/10\/Rocket-Money-Game-18x9.jpg 18w, https:\/\/luckyjet-games.com\/wp-content\/uploads\/2023\/10\/Rocket-Money-Game-84x40.jpg 84w, https:\/\/luckyjet-games.com\/wp-content\/uploads\/2023\/10\/Rocket-Money-Game-570x270.jpg 570w, https:\/\/luckyjet-games.com\/wp-content\/uploads\/2023\/10\/Rocket-Money-Game-67x32.jpg 67w, https:\/\/luckyjet-games.com\/wp-content\/uploads\/2023\/10\/Rocket-Money-Game-168x80.jpg 168w, https:\/\/luckyjet-games.com\/wp-content\/uploads\/2023\/10\/Rocket-Money-Game-284x135.jpg 284w\" sizes=\"(max-width: 988px) 100vw, 988px\" \/><p id=\"caption-attachment-372\" class=\"wp-caption-text\">Raketengeldspiel<\/p><\/div>\n<h2><span class=\"ez-toc-section\" id=\"How_to_Play_the_Rocket_Money_Game\"><\/span><strong>So spielt man das Rocket Money-Spiel<\/strong><span class=\"ez-toc-section-end\"><\/span><\/h2>\n<ul>\n<li><strong>Einrichten Ihres Kontos<\/strong>:\n<ul>\n<li>Beginnen Sie Ihre Reise mit der Registrierung auf der Plattform.<\/li>\n<li>Abh\u00e4ngig von Ihrem gew\u00e4hlten Plan m\u00fcssen Sie m\u00f6glicherweise eine KYC-\u00dcberpr\u00fcfung durchf\u00fchren (juristische Dokumente zur Identit\u00e4ts\u00fcberpr\u00fcfung einreichen).<\/li>\n<li>Erstellen Sie einen eindeutigen Benutzernamen und ein Passwort f\u00fcr Ihr Konto. Stellen Sie sicher, dass Sie \u00fcber eine Kommunikationsmethode zur Kontobest\u00e4tigung und eine Bitcoin-Wallet verf\u00fcgen.<\/li>\n<\/ul>\n<\/li>\n<li><strong>Machen Sie Ihre Wette<\/strong>:\n<ul>\n<li>Entscheiden Sie, ob Sie manuell oder automatisch spielen m\u00f6chten.<\/li>\n<li>W\u00e4hlen Sie Ihre bevorzugte Kryptow\u00e4hrung und veranlassen Sie jederzeit Ihre Auszahlung, wenn Sie bereit sind.<\/li>\n<li>Manuelles Wetten gibt Ihnen die vollst\u00e4ndige Kontrolle \u00fcber Ihre Entscheidungen. Optimieren Sie mit AutoBet Ihr Erlebnis, indem Sie Ihren Einsatzbetrag vorab festlegen und eine ideale Auszahlungsquote festlegen.<\/li>\n<\/ul>\n<\/li>\n<\/ul>\n<div id=\"attachment_373\" style=\"width: 613px\" class=\"wp-caption aligncenter\"><img decoding=\"async\" aria-describedby=\"caption-attachment-373\" class=\"wp-image-373 size-full\" title=\"Raketenspiel, das Geld verdient\" src=\"https:\/\/luckyjet-games.com\/wp-content\/uploads\/2023\/10\/Rocket-Game-that-Makes-Money.jpg\" alt=\"Raketenspiel, das Geld verdient\" width=\"613\" height=\"310\" srcset=\"https:\/\/luckyjet-games.com\/wp-content\/uploads\/2023\/10\/Rocket-Game-that-Makes-Money.jpg 613w, https:\/\/luckyjet-games.com\/wp-content\/uploads\/2023\/10\/Rocket-Game-that-Makes-Money-300x152.jpg 300w, https:\/\/luckyjet-games.com\/wp-content\/uploads\/2023\/10\/Rocket-Game-that-Makes-Money-18x9.jpg 18w, https:\/\/luckyjet-games.com\/wp-content\/uploads\/2023\/10\/Rocket-Game-that-Makes-Money-79x40.jpg 79w, https:\/\/luckyjet-games.com\/wp-content\/uploads\/2023\/10\/Rocket-Game-that-Makes-Money-63x32.jpg 63w, https:\/\/luckyjet-games.com\/wp-content\/uploads\/2023\/10\/Rocket-Game-that-Makes-Money-158x80.jpg 158w, https:\/\/luckyjet-games.com\/wp-content\/uploads\/2023\/10\/Rocket-Game-that-Makes-Money-267x135.jpg 267w\" sizes=\"(max-width: 613px) 100vw, 613px\" \/><p id=\"caption-attachment-373\" class=\"wp-caption-text\">Raketenspiel, das Geld verdient<\/p><\/div>\n<ul>\n<li><strong>Starten und Auszahlen<\/strong>:\n<ul>\n<li>Beginnen Sie eine neue Spielrunde, indem Sie einen zus\u00e4tzlichen Einsatz platzieren und warten Sie auf den Start-Countdown.<\/li>\n<li>\u00dcberwachen Sie die Flugbahn der Rakete und lassen Sie sich mit einem f\u00fcr Sie angenehmen Multiplikator Geld auszahlen, oder lassen Sie ihn von AutoBet f\u00fcr Sie bestimmen.<\/li>\n<\/ul>\n<\/li>\n<\/ul>\n<div style=\"text-align: center;\"><a class=\"glow-button\" href=\"#go\" data-go=\"go\">\ud83d\ude80 Spielen Sie bei Rocket Money Game<\/a><\/div>\n<h2><span class=\"ez-toc-section\" id=\"Key_Features_of_Rocket_Betting\"><\/span><strong>Hauptmerkmale von Rocket Betting<\/strong><span class=\"ez-toc-section-end\"><\/span><\/h2>\n<ul>\n<li><strong>Blockchain-basierte Struktur<\/strong>: Rocket Ship Money Game zeichnet sich durch seinen Blockchain-orientierten Aufbau aus, der un\u00fcbertroffene Transparenz und Sicherheit gew\u00e4hrleistet.<\/li>\n<li><strong>Visuelle und akustische Verbesserung<\/strong>: Fesselnde 3D-Grafiken und audiovisuelle Effekte verst\u00e4rken Ihr Spielerlebnis. Stellen Sie sicher, dass Ihr Ger\u00e4t leistungsstark genug f\u00fcr ein reibungsloses Gameplay ist.<\/li>\n<li><strong>Gerechtigkeit<\/strong>: Best\u00e4tigen Sie die Fairness des Spiels, indem Sie seinen Code \u00fcberpr\u00fcfen und sicherstellen, dass jeder Start und jede Auszahlung transparent und unvoreingenommen ist.<\/li>\n<\/ul>\n<p><iframe title=\"Wie man Rocket spielt\" width=\"994\" height=\"559\" src=\"https:\/\/www.youtube.com\/embed\/qQLsUaXShnE?feature=oembed\" frameborder=\"0\" allow=\"accelerometer; autoplay; clipboard-write; encrypted-media; gyroscope; picture-in-picture; web-share\" allowfullscreen><\/iframe><\/p>\n<h2><span class=\"ez-toc-section\" id=\"Rocket_Gambling_on_Mobile\"><\/span><strong>Raketengl\u00fccksspiel auf dem Handy<\/strong><span class=\"ez-toc-section-end\"><\/span><\/h2>\n<p>Rocket Gambling ist f\u00fcr das mobile Gameplay geeignet und stellt sicher, dass Sie jederzeit und \u00fcberall unterwegs spielen k\u00f6nnen. Die intuitive Benutzeroberfl\u00e4che sorgt f\u00fcr ein reibungsloses Erlebnis und ist auf kleinere Bildschirme zugeschnitten, ohne Kompromisse bei den Funktionen einzugehen.<\/p>\n<div style=\"text-align: center;\"><a class=\"glow-button\" href=\"#go\" data-go=\"go\">Beginnen Sie bei Rocket Gambling Game zu spielen \ud83d\ude80.<\/a><\/div>\n<h2><span class=\"ez-toc-section\" id=\"A_Safe_and_Exciting_Alternative\"><\/span><strong>Eine sichere und aufregende Alternative<\/strong><span class=\"ez-toc-section-end\"><\/span><\/h2>\n<p>Rocket Betting Games sind eine erfrischende Alternative zu traditionellen Online-Casinos. Ihre Transparenz, gepaart mit dem Nervenkitzel des strategischen Gameplays, machen sie zu einem Favoriten unter modernen Spielern. \u00dcberpr\u00fcfen Sie jedoch immer die Nutzungsbedingungen einer Plattform, um sicherzustellen, dass sie Ihren Spielpr\u00e4ferenzen entsprechen.<\/p>\n<h2><span class=\"ez-toc-section\" id=\"FAQs\"><\/span><strong>FAQs<\/strong><span class=\"ez-toc-section-end\"><\/span><\/h2>\n        <section class=\"sc_fs_faq sc_card\">\n            <div>\n\t\t\t\t<h3><span class=\"ez-toc-section\" id=\"Is_Rocket_Gambling_safe\"><\/span>Ist Rocket Gambling sicher?<span class=\"ez-toc-section-end\"><\/span><\/h3>                <div>\n\t\t\t\t\t                    <p>\n\t\t\t\t\t\tJa, seine Blockchain-basierte Struktur garantiert h\u00f6chste Sicherheit und Transparenz.                    <\/p>\n                <\/div>\n            <\/div>\n        <\/section>\n\t\t        <section class=\"sc_fs_faq sc_card\">\n            <div>\n\t\t\t\t<h3><span class=\"ez-toc-section\" id=\"Can_I_play_Rocket_Gambling_on_mobile\"><\/span>Kann ich Rocket Gambling auf dem Handy spielen?<span class=\"ez-toc-section-end\"><\/span><\/h3>                <div>\n\t\t\t\t\t                    <p>\n\t\t\t\t\t\tAbsolut! Das Spiel ist f\u00fcr mobile Ger\u00e4te optimiert und bietet ein nahtloses Erlebnis.                    <\/p>\n                <\/div>\n            <\/div>\n        <\/section>\n\t\t        <section class=\"sc_fs_faq sc_card\">\n            <div>\n\t\t\t\t<h3><span class=\"ez-toc-section\" id=\"How_do_I_cash_out\"><\/span>Wie kann ich auszahlen?<span class=\"ez-toc-section-end\"><\/span><\/h3>                <div>\n\t\t\t\t\t                    <p>\n\t\t\t\t\t\tSie k\u00f6nnen eine Auszahlung manuell vornehmen, indem Sie den gew\u00fcnschten Multiplikator ausw\u00e4hlen, oder die AutoBet-Funktion nutzen, um automatisch den besten Auszahlungszeitpunkt zu ermitteln.                    <\/p>\n                <\/div>\n            <\/div>\n        <\/section>\n\t\t        <section class=\"sc_fs_faq sc_card\">\n            <div>\n\t\t\t\t<h3><span class=\"ez-toc-section\" id=\"How_do_Rocket_Betting_Games_ensure_fairness\"><\/span>Wie gew\u00e4hrleisten Rocket Betting Games Fairness?<span class=\"ez-toc-section-end\"><\/span><\/h3>                <div>\n\t\t\t\t\t                    <p>\n\t\t\t\t\t\tRocket Betting Games nutzen die Blockchain-Technologie, \u00e4hnlich wie Kryptow\u00e4hrungen wie Bitcoin. Diese Technologie sorgt f\u00fcr Transparenz und erm\u00f6glicht es den Spielern, die Fairness des Spiels zu \u00fcberpr\u00fcfen.                    <\/p>\n                <\/div>\n            <\/div>\n        <\/section>\n\t\t        <section class=\"sc_fs_faq sc_card\">\n            <div>\n\t\t\t\t<h3><span class=\"ez-toc-section\" id=\"Can_I_win_real_money_in_Rocket_Betting_Games\"><\/span>Kann ich bei Rocket Betting Games echtes Geld gewinnen?<span class=\"ez-toc-section-end\"><\/span><\/h3>                <div>\n\t\t\t\t\t                    <p>\n\t\t\t\t\t\tDefinitiv. Ihre Gewinne werden von den Provisionen der Plattform, Ihren Eins\u00e4tzen und dem Spielergebnis beeinflusst. Wie bei jedem Gl\u00fccksspiel gibt es sowohl das Potenzial f\u00fcr Gewinne als auch f\u00fcr Verluste.                    <\/p>\n                <\/div>\n            <\/div>\n        <\/section>\n\t\t\n<script type=\"application\/ld+json\">{\n    \"@context\": \"https:\\\/\\\/schema.org\",\n    \"@type\": \"FAQPage\",\n    \"mainEntity\": [\n        {\n            \"@type\": \"Question\",\n            \"name\": \"Is Rocket Gambling safe?\",\n            \"acceptedAnswer\": {\n                \"@type\": \"Answer\",\n                \"text\": \"Yes, its blockchain-based structure guarantees top-notch security and transparency.\"\n            }\n        },\n        {\n            \"@type\": \"Question\",\n            \"name\": \"Can I play Rocket Gambling on mobile?\",\n            \"acceptedAnswer\": {\n                \"@type\": \"Answer\",\n                \"text\": \"Absolutely! The game is optimized for mobile devices, offering a seamless experience.\"\n            }\n        },\n        {\n            \"@type\": \"Question\",\n            \"name\": \"How do I cash out?\",\n            \"acceptedAnswer\": {\n                \"@type\": \"Answer\",\n                \"text\": \"You can cash out manually by selecting your desired multiplier or use the AutoBet feature to automatically determine the best cashout moment.\"\n            }\n        },\n        {\n            \"@type\": \"Question\",\n            \"name\": \"How do Rocket Betting Games ensure fairness?\",\n            \"acceptedAnswer\": {\n                \"@type\": \"Answer\",\n                \"text\": \"Rocket Betting Games use blockchain technology, similar to cryptocurrencies like Bitcoin. This technology ensures transparency and allows players to verify the game's fairness.\"\n            }\n        },\n        {\n            \"@type\": \"Question\",\n            \"name\": \"Can I win real money in Rocket Betting Games?\",\n            \"acceptedAnswer\": {\n                \"@type\": \"Answer\",\n                \"text\": \"Definitely. Your winnings are influenced by the platform's commissions, your bets, and the game's outcome. As with all gambling, there's potential for both wins and losses.\"\n            }\n        }\n    ]\n}<\/script>\n\n<div class=\"author-card author-card--top\"><img alt='Avatar-Foto' src='https:\/\/luckyjet-games.com\/wp-content\/uploads\/2023\/03\/Chris-Hodge-130x130.jpg' srcset='https:\/\/luckyjet-games.com\/wp-content\/uploads\/2023\/03\/Chris-Hodge-260x260.jpg 2x' class='avatar avatar-130 photo author-image' height='130' width='130' \/><div class=\"author-content text-md-center\"><span class=\"author-title\">Autor<\/span><a href=\"https:\/\/luckyjet-games.com\/de\/author\/chris-hodge\/\" class=\"author-name\">Chris Hodge<\/a><p class=\"author__details\">Chris Hodge ist ein Experte f\u00fcr Gl\u00fccksspiele. Er spielt und studiert Casinospiele seit \u00fcber 10 Jahren. In dieser Zeit hat er ein tiefes Verst\u00e4ndnis f\u00fcr die Strategien und Mechanismen hinter jedem Spiel im Casino entwickelt.<br \/>\r\n<br \/>\r\nChris' Wissen und Fachkenntnisse haben ihm einen Platz als regelm\u00e4\u00dfiger Mitarbeiter in mehreren f\u00fchrenden Gl\u00fccksspielpublikationen eingebracht. Au\u00dferdem wird er h\u00e4ufig von Casinos um fachkundigen Rat zu neuen Spielen und Werbeaktionen gebeten.<\/p><\/div><!-- \/.author-content --><\/div>","protected":false},"excerpt":{"rendered":"<p>Spielen Sie beim Rocket Gambling Game \ud83d\ude80 Tauchen Sie ein in die Feinheiten des Rocket Money Game, erforschen Sie seine Regeln und lernen Sie die Strategien, um Ihre Gewinne zu maximieren. Einf\u00fchrung in Rocket Gambling Rocket Gambling bietet ein aufregendes Erlebnis, bei dem die Aufregung in dem Moment beginnt, in dem Sie die Rakete starten. W\u00e4hrend sie aufsteigt, werden Sie mit Multiplikationsfaktoren belohnt. [...]<\/p>","protected":false},"author":2,"featured_media":0,"parent":0,"menu_order":0,"comment_status":"closed","ping_status":"closed","template":"page-no-sidebar.php","meta":{"_acf_changed":false,"footnotes":""},"class_list":["post-371","page","type-page","status-publish","hentry"],"acf":[],"yoast_head":"<!-- This site is optimized with the Yoast SEO plugin v26.7 - https:\/\/yoast.com\/wordpress\/plugins\/seo\/ -->\n<title>Crash Rocket Gambling Game - Rocket Game that Makes Money<\/title>\n<meta name=\"description\" content=\"Rocket Money Game that Makes money \ud83d\ude80 How to play and where to find Crash Rocket Gambling Game? Rules and how to place bet at Rocket Betting Game\" \/>\n<meta name=\"robots\" content=\"index, follow, max-snippet:-1, max-image-preview:large, max-video-preview:-1\" \/>\n<link rel=\"canonical\" href=\"https:\/\/luckyjet-games.com\/de\/rocket-gambling-game\/\" \/>\n<meta property=\"og:locale\" content=\"de_DE\" \/>\n<meta property=\"og:type\" content=\"article\" \/>\n<meta property=\"og:title\" content=\"Crash Rocket Gambling Game - Rocket Game that Makes Money\" \/>\n<meta property=\"og:description\" content=\"Rocket Money Game that Makes money \ud83d\ude80 How to play and where to find Crash Rocket Gambling Game? Rules and how to place bet at Rocket Betting Game\" \/>\n<meta property=\"og:url\" content=\"https:\/\/luckyjet-games.com\/de\/rocket-gambling-game\/\" \/>\n<meta property=\"og:site_name\" content=\"Lucky Jet Games\" \/>\n<meta property=\"article:modified_time\" content=\"2023-12-22T17:07:29+00:00\" \/>\n<meta property=\"og:image\" content=\"https:\/\/luckyjet-games.com\/wp-content\/uploads\/2023\/10\/Rocket-Money-Game.jpg\" \/>\n<meta name=\"twitter:card\" content=\"summary_large_image\" \/>\n<meta name=\"twitter:label1\" content=\"Gesch\u00e4tzte Lesezeit\" \/>\n\t<meta name=\"twitter:data1\" content=\"3\u00a0Minuten\" \/>\n<!-- \/ Yoast SEO plugin. -->","yoast_head_json":{"title":"Crash Rocket Gambling Game \u2013 Raketenspiel, das Geld verdient","description":"Rocket-Geldspiel, mit dem man Geld verdient \ud83d\ude80 Wie spielt man und wo findet man das Crash Rocket-Gl\u00fccksspiel? Regeln und wie man Wetten bei Rocket Betting Game platziert","robots":{"index":"index","follow":"follow","max-snippet":"max-snippet:-1","max-image-preview":"max-image-preview:large","max-video-preview":"max-video-preview:-1"},"canonical":"https:\/\/luckyjet-games.com\/de\/rocket-gambling-game\/","og_locale":"de_DE","og_type":"article","og_title":"Crash Rocket Gambling Game - Rocket Game that Makes Money","og_description":"Rocket Money Game that Makes money \ud83d\ude80 How to play and where to find Crash Rocket Gambling Game? Rules and how to place bet at Rocket Betting Game","og_url":"https:\/\/luckyjet-games.com\/de\/rocket-gambling-game\/","og_site_name":"Lucky Jet Games","article_modified_time":"2023-12-22T17:07:29+00:00","og_image":[{"url":"https:\/\/luckyjet-games.com\/wp-content\/uploads\/2023\/10\/Rocket-Money-Game.jpg","type":"","width":"","height":""}],"twitter_card":"summary_large_image","twitter_misc":{"Gesch\u00e4tzte Lesezeit":"3\u00a0Minuten"},"schema":{"@context":"https:\/\/schema.org","@graph":[{"@type":"WebPage","@id":"https:\/\/luckyjet-games.com\/rocket-gambling-game\/","url":"https:\/\/luckyjet-games.com\/rocket-gambling-game\/","name":"Crash Rocket Gambling Game \u2013 Raketenspiel, das Geld verdient","isPartOf":{"@id":"https:\/\/luckyjet-games.com\/de\/#website"},"primaryImageOfPage":{"@id":"https:\/\/luckyjet-games.com\/rocket-gambling-game\/#primaryimage"},"image":{"@id":"https:\/\/luckyjet-games.com\/rocket-gambling-game\/#primaryimage"},"thumbnailUrl":"https:\/\/luckyjet-games.com\/wp-content\/uploads\/2023\/10\/Rocket-Money-Game.jpg","datePublished":"2023-10-27T15:00:00+00:00","dateModified":"2023-12-22T17:07:29+00:00","description":"Rocket-Geldspiel, mit dem man Geld verdient \ud83d\ude80 Wie spielt man und wo findet man das Crash Rocket-Gl\u00fccksspiel? Regeln und wie man Wetten bei Rocket Betting Game platziert","breadcrumb":{"@id":"https:\/\/luckyjet-games.com\/rocket-gambling-game\/#breadcrumb"},"inLanguage":"de","potentialAction":[{"@type":"ReadAction","target":["https:\/\/luckyjet-games.com\/rocket-gambling-game\/"]}]},{"@type":"ImageObject","inLanguage":"de","@id":"https:\/\/luckyjet-games.com\/rocket-gambling-game\/#primaryimage","url":"https:\/\/luckyjet-games.com\/wp-content\/uploads\/2023\/10\/Rocket-Money-Game.jpg","contentUrl":"https:\/\/luckyjet-games.com\/wp-content\/uploads\/2023\/10\/Rocket-Money-Game.jpg"},{"@type":"BreadcrumbList","@id":"https:\/\/luckyjet-games.com\/rocket-gambling-game\/#breadcrumb","itemListElement":[{"@type":"ListItem","position":1,"name":"Home","item":"https:\/\/luckyjet-games.com\/"},{"@type":"ListItem","position":2,"name":"Rocket Gambling Game"}]},{"@type":"WebSite","@id":"https:\/\/luckyjet-games.com\/de\/#website","url":"https:\/\/luckyjet-games.com\/de\/","name":"Lucky Jet Spiele","description":"","publisher":{"@id":"https:\/\/luckyjet-games.com\/de\/#organization"},"potentialAction":[{"@type":"SearchAction","target":{"@type":"EntryPoint","urlTemplate":"https:\/\/luckyjet-games.com\/de\/?s={search_term_string}"},"query-input":{"@type":"PropertyValueSpecification","valueRequired":true,"valueName":"search_term_string"}}],"inLanguage":"de"},{"@type":"Organization","@id":"https:\/\/luckyjet-games.com\/de\/#organization","name":"Lucky Jet Spiele","url":"https:\/\/luckyjet-games.com\/de\/","logo":{"@type":"ImageObject","inLanguage":"de","@id":"https:\/\/luckyjet-games.com\/de\/#\/schema\/logo\/image\/","url":"https:\/\/luckyjet-games.com\/wp-content\/uploads\/2022\/10\/Lucky-Jet-Game.png","contentUrl":"https:\/\/luckyjet-games.com\/wp-content\/uploads\/2022\/10\/Lucky-Jet-Game.png","width":711,"height":599,"caption":"Lucky Jet Games"},"image":{"@id":"https:\/\/luckyjet-games.com\/de\/#\/schema\/logo\/image\/"}}]}},"_links":{"self":[{"href":"https:\/\/luckyjet-games.com\/de\/wp-json\/wp\/v2\/pages\/371","targetHints":{"allow":["GET"]}}],"collection":[{"href":"https:\/\/luckyjet-games.com\/de\/wp-json\/wp\/v2\/pages"}],"about":[{"href":"https:\/\/luckyjet-games.com\/de\/wp-json\/wp\/v2\/types\/page"}],"author":[{"embeddable":true,"href":"https:\/\/luckyjet-games.com\/de\/wp-json\/wp\/v2\/users\/2"}],"replies":[{"embeddable":true,"href":"https:\/\/luckyjet-games.com\/de\/wp-json\/wp\/v2\/comments?post=371"}],"version-history":[{"count":0,"href":"https:\/\/luckyjet-games.com\/de\/wp-json\/wp\/v2\/pages\/371\/revisions"}],"wp:attachment":[{"href":"https:\/\/luckyjet-games.com\/de\/wp-json\/wp\/v2\/media?parent=371"}],"curies":[{"name":"wp","href":"https:\/\/api.w.org\/{rel}","templated":true}]}}