{"id":358,"date":"2023-09-25T11:50:26","date_gmt":"2023-09-25T11:50:26","guid":{"rendered":"https:\/\/luckyjet-games.com\/?page_id=358"},"modified":"2023-09-25T11:50:26","modified_gmt":"2023-09-25T11:50:26","slug":"cookies-policy","status":"publish","type":"page","link":"https:\/\/luckyjet-games.com\/de\/cookies-policy\/","title":{"rendered":"Cookie-Richtlinie"},"content":{"rendered":"<p>In diesem umfassenden Leitfaden befassen wir uns mit den Feinheiten von Cookie-Richtlinien, um Ihnen ein umfassendes Verst\u00e4ndnis ihrer Bedeutung und Komponenten zu vermitteln und Ihnen zu zeigen, wie Sie eine wirksame Richtlinie f\u00fcr Ihre Website erstellen.<\/p>\n<div id=\"ez-toc-container\" class=\"ez-toc-v2_0_75 counter-hierarchy ez-toc-counter ez-toc-grey ez-toc-container-direction\">\n<div class=\"ez-toc-title-container\">\n<p class=\"ez-toc-title\" style=\"cursor:inherit\">Inhaltsverzeichnis<\/p>\n<span class=\"ez-toc-title-toggle\"><a href=\"#\" class=\"ez-toc-pull-right ez-toc-btn ez-toc-btn-xs ez-toc-btn-default ez-toc-toggle\" aria-label=\"Inhaltsverzeichnis umschalten\"><span class=\"ez-toc-js-icon-con\"><span class=\"\"><span class=\"eztoc-hide\" style=\"display:none;\">Umschalten auf<\/span><span class=\"ez-toc-icon-toggle-span\"><svg style=\"fill: #999;color:#999\" xmlns=\"http:\/\/www.w3.org\/2000\/svg\" class=\"list-377408\" width=\"20px\" height=\"20px\" viewbox=\"0 0 24 24\" fill=\"none\"><path d=\"M6 6H4v2h2V6zm14 0H8v2h12V6zM4 11h2v2H4v-2zm16 0H8v2h12v-2zM4 16h2v2H4v-2zm16 0H8v2h12v-2z\" fill=\"currentColor\"><\/path><\/svg><svg style=\"fill: #999;color:#999\" class=\"arrow-unsorted-368013\" xmlns=\"http:\/\/www.w3.org\/2000\/svg\" width=\"10px\" height=\"10px\" viewbox=\"0 0 24 24\" version=\"1.2\" baseprofile=\"tiny\"><path d=\"M18.2 9.3l-6.2-6.3-6.2 6.3c-.2.2-.3.4-.3.7s.1.5.3.7c.2.2.4.3.7.3h11c.3 0 .5-.1.7-.3.2-.2.3-.5.3-.7s-.1-.5-.3-.7zM5.8 14.7l6.2 6.3 6.2-6.3c.2-.2.3-.5.3-.7s-.1-.5-.3-.7c-.2-.2-.4-.3-.7-.3h-11c-.3 0-.5.1-.7.3-.2.2-.3.5-.3.7s.1.5.3.7z\"\/><\/svg><\/span><\/span><\/span><\/a><\/span><\/div>\n<nav><ul class='ez-toc-list ez-toc-list-level-1 eztoc-toggle-hide-by-default' ><li class='ez-toc-page-1 ez-toc-heading-level-2'><a class=\"ez-toc-link ez-toc-heading-1\" href=\"https:\/\/luckyjet-games.com\/de\/cookies-policy\/#Introduction\" >Einf\u00fchrung<\/a><\/li><li class='ez-toc-page-1 ez-toc-heading-level-2'><a class=\"ez-toc-link ez-toc-heading-2\" href=\"https:\/\/luckyjet-games.com\/de\/cookies-policy\/#What_Are_Cookies\" >Was sind Cookies?<\/a><\/li><li class='ez-toc-page-1 ez-toc-heading-level-2'><a class=\"ez-toc-link ez-toc-heading-3\" href=\"https:\/\/luckyjet-games.com\/de\/cookies-policy\/#Why_Do_You_Need_a_Cookies_Policy\" >Warum ben\u00f6tigen Sie eine Cookie-Richtlinie?<\/a><\/li><li class='ez-toc-page-1 ez-toc-heading-level-2'><a class=\"ez-toc-link ez-toc-heading-4\" href=\"https:\/\/luckyjet-games.com\/de\/cookies-policy\/#Components_of_an_Effective_Cookies_Policy\" >Bestandteile einer wirksamen Cookie-Richtlinie<\/a><ul class='ez-toc-list-level-3' ><li class='ez-toc-heading-level-3'><a class=\"ez-toc-link ez-toc-heading-5\" href=\"https:\/\/luckyjet-games.com\/de\/cookies-policy\/#1_Introduction\" >1. Einleitung<\/a><\/li><li class='ez-toc-page-1 ez-toc-heading-level-3'><a class=\"ez-toc-link ez-toc-heading-6\" href=\"https:\/\/luckyjet-games.com\/de\/cookies-policy\/#2_What_Are_Cookies\" >2. Was sind Cookies?<\/a><\/li><li class='ez-toc-page-1 ez-toc-heading-level-3'><a class=\"ez-toc-link ez-toc-heading-7\" href=\"https:\/\/luckyjet-games.com\/de\/cookies-policy\/#3_Types_of_Cookies\" >3. Arten von Cookies<\/a><\/li><li class='ez-toc-page-1 ez-toc-heading-level-3'><a class=\"ez-toc-link ez-toc-heading-8\" href=\"https:\/\/luckyjet-games.com\/de\/cookies-policy\/#4_Why_Do_You_Use_Cookies\" >4. Warum verwenden Sie Cookies?<\/a><\/li><li class='ez-toc-page-1 ez-toc-heading-level-3'><a class=\"ez-toc-link ez-toc-heading-9\" href=\"https:\/\/luckyjet-games.com\/de\/cookies-policy\/#5_How_to_Disable_Cookies\" >5. So deaktivieren Sie Cookies<\/a><\/li><li class='ez-toc-page-1 ez-toc-heading-level-3'><a class=\"ez-toc-link ez-toc-heading-10\" href=\"https:\/\/luckyjet-games.com\/de\/cookies-policy\/#6_Third-Party_Cookies\" >6. Cookies von Drittanbietern<\/a><\/li><li class='ez-toc-page-1 ez-toc-heading-level-3'><a class=\"ez-toc-link ez-toc-heading-11\" href=\"https:\/\/luckyjet-games.com\/de\/cookies-policy\/#7_Changes_to_Your_Policy\" >7. \u00c4nderungen Ihrer Police<\/a><\/li><li class='ez-toc-page-1 ez-toc-heading-level-3'><a class=\"ez-toc-link ez-toc-heading-12\" href=\"https:\/\/luckyjet-games.com\/de\/cookies-policy\/#8_Obtaining_Consent\" >8. Einholung der Einwilligung<\/a><\/li><\/ul><\/li><li class='ez-toc-page-1 ez-toc-heading-level-2'><a class=\"ez-toc-link ez-toc-heading-13\" href=\"https:\/\/luckyjet-games.com\/de\/cookies-policy\/#Creating_an_Effective_Cookies_Policy\" >Erstellen einer effektiven Cookie-Richtlinie<\/a><\/li><li class='ez-toc-page-1 ez-toc-heading-level-2'><a class=\"ez-toc-link ez-toc-heading-14\" href=\"https:\/\/luckyjet-games.com\/de\/cookies-policy\/#Conclusion\" >Schlussfolgerung<\/a><\/li><\/ul><\/nav><\/div>\n<h2><span class=\"ez-toc-section\" id=\"Introduction\"><\/span>Einf\u00fchrung<span class=\"ez-toc-section-end\"><\/span><\/h2>\n<p>Wenn es darum geht, eine starke Online-Pr\u00e4senz aufzubauen, ist eine gut ausgearbeitete Cookie-Richtlinie ein wesentlicher Bestandteil. Es stellt nicht nur die Einhaltung gesetzlicher Vorschriften sicher, sondern schafft auch Vertrauen bei Ihren Website-Besuchern. In diesem Leitfaden beleuchten wir die wichtigsten Aspekte von Cookie-Richtlinien und helfen Ihnen dabei, eine zu erstellen, die nicht nur den gesetzlichen Anforderungen entspricht, sondern auch das Benutzererlebnis verbessert.<\/p>\n<h2><span class=\"ez-toc-section\" id=\"What_Are_Cookies\"><\/span>Was sind Cookies?<span class=\"ez-toc-section-end\"><\/span><\/h2>\n<p>Cookies sind kleine Datenst\u00fccke, die auf dem Ger\u00e4t eines Benutzers gespeichert werden, wenn dieser eine Website besucht. Sie dienen verschiedenen Zwecken, einschlie\u00dflich der Speicherung von Benutzerpr\u00e4ferenzen, der Verbesserung der Website-Funktionalit\u00e4t und der Verfolgung des Benutzerverhaltens. Cookies werden in zwei Hauptkategorien unterteilt:<\/p>\n<ol>\n<li><strong>Sitzungscookies<\/strong>: Diese tempor\u00e4ren Cookies werden nur w\u00e4hrend der Sitzung eines Benutzers auf Ihrer Website gespeichert und gel\u00f6scht, wenn er seinen Browser schlie\u00dft.<\/li>\n<li><strong>Dauerhafte Cookies<\/strong>: Permanente Cookies verbleiben f\u00fcr einen bestimmten Zeitraum auf dem Ger\u00e4t eines Benutzers, auch nachdem dieser Ihre Website verl\u00e4sst.<\/li>\n<\/ol>\n<h2><span class=\"ez-toc-section\" id=\"Why_Do_You_Need_a_Cookies_Policy\"><\/span>Warum ben\u00f6tigen Sie eine Cookie-Richtlinie?<span class=\"ez-toc-section-end\"><\/span><\/h2>\n<p>Eine Cookie-Richtlinie ist aus mehreren Gr\u00fcnden wichtig:<\/p>\n<ol>\n<li><strong>Einhaltung gesetzlicher Vorschriften<\/strong>: Viele L\u00e4nder verlangen von Websites, dass sie Benutzer \u00fcber die Verwendung von Cookies informieren und ihre Zustimmung einholen. Die Nichtbeachtung dieser Vorschriften kann rechtliche Konsequenzen nach sich ziehen.<\/li>\n<li><strong>Transparenz<\/strong>: Es zeigt Transparenz und Ehrlichkeit bei Ihren Datenerfassungspraktiken und f\u00f6rdert das Vertrauen bei Ihrem Publikum.<\/li>\n<li><strong>Einwilligung des Benutzers<\/strong>: Es erm\u00f6glicht Benutzern, fundierte Entscheidungen \u00fcber ihren Datenschutz zu treffen, indem ihnen die M\u00f6glichkeit gegeben wird, Cookies zu akzeptieren oder abzulehnen.<\/li>\n<\/ol>\n<h2><span class=\"ez-toc-section\" id=\"Components_of_an_Effective_Cookies_Policy\"><\/span>Bestandteile einer wirksamen Cookie-Richtlinie<span class=\"ez-toc-section-end\"><\/span><\/h2>\n<p>Um eine Cookie-Richtlinie zu erstellen, die sich von der Konkurrenz abhebt, sollten Sie die folgenden Komponenten einbeziehen:<\/p>\n<h3><span class=\"ez-toc-section\" id=\"1_Introduction\"><\/span>1. Einleitung<span class=\"ez-toc-section-end\"><\/span><\/h3>\n<p><strong>Titel<\/strong>: Kennzeichnen Sie Ihre Richtlinie zur leichteren Identifizierung deutlich als \u201eCookie-Richtlinie\u201c.<\/p>\n<h3><span class=\"ez-toc-section\" id=\"2_What_Are_Cookies\"><\/span>2. Was sind Cookies?<span class=\"ez-toc-section-end\"><\/span><\/h3>\n<p>Geben Sie eine kurze Erkl\u00e4rung zu Cookies, wie wir bereits besprochen haben.<\/p>\n<h3><span class=\"ez-toc-section\" id=\"3_Types_of_Cookies\"><\/span>3. Arten von Cookies<span class=\"ez-toc-section-end\"><\/span><\/h3>\n<p>Erkl\u00e4ren Sie die verschiedenen Arten von Cookies, die Ihre Website verwendet, und ihre jeweiligen Zwecke.<\/p>\n<h3><span class=\"ez-toc-section\" id=\"4_Why_Do_You_Use_Cookies\"><\/span>4. Warum verwenden Sie Cookies?<span class=\"ez-toc-section-end\"><\/span><\/h3>\n<p>Erl\u00e4utern Sie die Gr\u00fcnde f\u00fcr die Erfassung von Benutzerdaten mithilfe von Cookies und welche Vorteile dies sowohl f\u00fcr Ihre Website als auch f\u00fcr die Benutzer hat.<\/p>\n<h3><span class=\"ez-toc-section\" id=\"5_How_to_Disable_Cookies\"><\/span>5. So deaktivieren Sie Cookies<span class=\"ez-toc-section-end\"><\/span><\/h3>\n<p>Bieten Sie Anweisungen, wie Benutzer Cookies in ihren Browsereinstellungen verwalten und deaktivieren k\u00f6nnen.<\/p>\n<h3><span class=\"ez-toc-section\" id=\"6_Third-Party_Cookies\"><\/span>6. Cookies von Drittanbietern<span class=\"ez-toc-section-end\"><\/span><\/h3>\n<p>Geben Sie gegebenenfalls alle auf Ihrer Website verwendeten Cookies von Drittanbietern offen und stellen Sie Links zu deren jeweiligen Richtlinien bereit.<\/p>\n<h3><span class=\"ez-toc-section\" id=\"7_Changes_to_Your_Policy\"><\/span>7. \u00c4nderungen Ihrer Police<span class=\"ez-toc-section-end\"><\/span><\/h3>\n<p>Erkl\u00e4ren Sie, dass die Cookie-Richtlinie aktualisiert werden kann und wie Benutzer \u00fcber \u00c4nderungen informiert werden.<\/p>\n<h3><span class=\"ez-toc-section\" id=\"8_Obtaining_Consent\"><\/span>8. Einholung der Einwilligung<span class=\"ez-toc-section-end\"><\/span><\/h3>\n<p>Beschreiben Sie die Methoden, mit denen die Einwilligung des Benutzers zur Verwendung von Cookies eingeholt wird, z. B. Popup-Benachrichtigungen oder Banner.<\/p>\n<h2><span class=\"ez-toc-section\" id=\"Creating_an_Effective_Cookies_Policy\"><\/span>Erstellen einer effektiven Cookie-Richtlinie<span class=\"ez-toc-section-end\"><\/span><\/h2>\n<p>Um eine wirksame Cookie-Richtlinie zu erstellen, die die Konkurrenz \u00fcbertrifft, befolgen Sie diese Schritte:<\/p>\n<ol>\n<li><strong>Forschung<\/strong>: Bleiben Sie \u00fcber die neuesten Cookie-bezogenen Vorschriften in der Region Ihrer Zielgruppe auf dem Laufenden.<\/li>\n<li><strong>Klare Sprache<\/strong>: Schreiben Sie Ihre Richtlinie in einer einfachen, leicht verst\u00e4ndlichen Sprache, um sicherzustellen, dass Benutzer ihren Inhalt verstehen.<\/li>\n<li><strong>Barrierefreiheit<\/strong>: Stellen Sie sicher, dass Ihre Richtlinie leicht zug\u00e4nglich ist, normalerweise \u00fcber einen Fu\u00dfzeilenlink auf Ihrer Website.<\/li>\n<li><strong>Einwilligungsmechanismus<\/strong>: Implementieren Sie einen benutzerfreundlichen Zustimmungsmechanismus, der die Entscheidungen der Benutzer respektiert.<\/li>\n<li><strong>Regelm\u00e4\u00dfige Updates<\/strong>: \u00dcberpr\u00fcfen und aktualisieren Sie Ihre Richtlinie regelm\u00e4\u00dfig, um mit den sich \u00e4ndernden Vorschriften konform zu bleiben.<\/li>\n<\/ol>\n<h2><span class=\"ez-toc-section\" id=\"Conclusion\"><\/span>Schlussfolgerung<span class=\"ez-toc-section-end\"><\/span><\/h2>\n<p>Zusammenfassend l\u00e4sst sich sagen, dass eine gut ausgearbeitete Cookie-Richtlinie ein wesentliches Element Ihrer Website ist, das nicht nur die Einhaltung gesetzlicher Vorschriften gew\u00e4hrleistet, sondern auch das Vertrauen Ihrer Zielgruppe st\u00e4rkt. Indem Sie die in diesem umfassenden Leitfaden dargelegten Richtlinien befolgen, k\u00f6nnen Sie eine Cookie-Richtlinie erstellen, die nicht nur den gesetzlichen Anforderungen entspricht, sondern auch das Benutzererlebnis auf Ihrer Website verbessert.<\/p>\n<p>Indem Sie klare Informationen zu Cookies bereitstellen, die Zustimmung der Benutzer einholen und \u00fcber regulatorische \u00c4nderungen auf dem Laufenden bleiben, \u00fcbertreffen Sie nicht nur Ihre Konkurrenten, sondern etablieren Ihre Website auch als vertrauensw\u00fcrdige und benutzerorientierte Online-Plattform.<\/p>\n<div class=\"author-card author-card--top\"><img alt='Avatar-Foto' src='https:\/\/luckyjet-games.com\/wp-content\/uploads\/2023\/03\/Chris-Hodge-130x130.jpg' srcset='https:\/\/luckyjet-games.com\/wp-content\/uploads\/2023\/03\/Chris-Hodge-260x260.jpg 2x' class='avatar avatar-130 photo author-image' height='130' width='130' \/><div class=\"author-content text-md-center\"><span class=\"author-title\">Autor<\/span><a href=\"https:\/\/luckyjet-games.com\/de\/author\/chris-hodge\/\" class=\"author-name\">Chris Hodge<\/a><p class=\"author__details\">Chris Hodge ist ein Experte f\u00fcr Gl\u00fccksspiele. Er spielt und studiert Casinospiele seit \u00fcber 10 Jahren. In dieser Zeit hat er ein tiefes Verst\u00e4ndnis f\u00fcr die Strategien und Mechanismen hinter jedem Spiel im Casino entwickelt.<br \/>\r\n<br \/>\r\nChris' Wissen und Fachkenntnisse haben ihm einen Platz als regelm\u00e4\u00dfiger Mitarbeiter in mehreren f\u00fchrenden Gl\u00fccksspielpublikationen eingebracht. Au\u00dferdem wird er h\u00e4ufig von Casinos um fachkundigen Rat zu neuen Spielen und Werbeaktionen gebeten.<\/p><\/div><!-- \/.author-content --><\/div>","protected":false},"excerpt":{"rendered":"<p>In diesem umfassenden Leitfaden befassen wir uns mit den Feinheiten von Cookie-Richtlinien, um Ihnen ein gr\u00fcndliches Verst\u00e4ndnis ihrer Bedeutung und ihrer Bestandteile zu vermitteln und Ihnen zu zeigen, wie Sie eine effektive Richtlinie f\u00fcr Ihre Website erstellen. Einleitung Wenn es darum geht, eine starke Online-Pr\u00e4senz aufzubauen, ist eine gut ausgearbeitete Cookie-Richtlinie ein wesentlicher Bestandteil. Sie gew\u00e4hrleistet nicht nur [...]<\/p>","protected":false},"author":2,"featured_media":0,"parent":0,"menu_order":0,"comment_status":"closed","ping_status":"closed","template":"page-no-sidebar.php","meta":{"_acf_changed":false,"footnotes":""},"class_list":["post-358","page","type-page","status-publish","hentry"],"acf":[],"yoast_head":"<!-- This site is optimized with the Yoast SEO plugin v26.7 - https:\/\/yoast.com\/wordpress\/plugins\/seo\/ -->\n<title>Cookies Policy - Lucky Jet Games<\/title>\n<meta name=\"robots\" content=\"index, follow, max-snippet:-1, max-image-preview:large, max-video-preview:-1\" \/>\n<link rel=\"canonical\" href=\"https:\/\/luckyjet-games.com\/de\/cookies-policy\/\" \/>\n<meta property=\"og:locale\" content=\"de_DE\" \/>\n<meta property=\"og:type\" content=\"article\" \/>\n<meta property=\"og:title\" content=\"Cookies Policy - Lucky Jet Games\" \/>\n<meta property=\"og:description\" content=\"In this comprehensive guide, we delve into the intricacies of cookies policies to provide you with a thorough understanding of their importance, components, and how to create an effective one for your website. Introduction When it comes to establishing a strong online presence, a well-crafted cookies policy is an essential component. It not only ensures [&hellip;]\" \/>\n<meta property=\"og:url\" content=\"https:\/\/luckyjet-games.com\/de\/cookies-policy\/\" \/>\n<meta property=\"og:site_name\" content=\"Lucky Jet Games\" \/>\n<meta name=\"twitter:card\" content=\"summary_large_image\" \/>\n<!-- \/ Yoast SEO plugin. -->","yoast_head_json":{"title":"Cookie-Richtlinie \u2013 Lucky Jet-Spiele","robots":{"index":"index","follow":"follow","max-snippet":"max-snippet:-1","max-image-preview":"max-image-preview:large","max-video-preview":"max-video-preview:-1"},"canonical":"https:\/\/luckyjet-games.com\/de\/cookies-policy\/","og_locale":"de_DE","og_type":"article","og_title":"Cookies Policy - Lucky Jet Games","og_description":"In this comprehensive guide, we delve into the intricacies of cookies policies to provide you with a thorough understanding of their importance, components, and how to create an effective one for your website. Introduction When it comes to establishing a strong online presence, a well-crafted cookies policy is an essential component. It not only ensures [&hellip;]","og_url":"https:\/\/luckyjet-games.com\/de\/cookies-policy\/","og_site_name":"Lucky Jet Games","twitter_card":"summary_large_image","schema":{"@context":"https:\/\/schema.org","@graph":[{"@type":"WebPage","@id":"https:\/\/luckyjet-games.com\/cookies-policy\/","url":"https:\/\/luckyjet-games.com\/cookies-policy\/","name":"Cookie-Richtlinie \u2013 Lucky Jet-Spiele","isPartOf":{"@id":"https:\/\/luckyjet-games.com\/de\/#website"},"datePublished":"2023-09-25T11:50:26+00:00","breadcrumb":{"@id":"https:\/\/luckyjet-games.com\/cookies-policy\/#breadcrumb"},"inLanguage":"de","potentialAction":[{"@type":"ReadAction","target":["https:\/\/luckyjet-games.com\/cookies-policy\/"]}]},{"@type":"BreadcrumbList","@id":"https:\/\/luckyjet-games.com\/cookies-policy\/#breadcrumb","itemListElement":[{"@type":"ListItem","position":1,"name":"Home","item":"https:\/\/luckyjet-games.com\/"},{"@type":"ListItem","position":2,"name":"Cookies Policy"}]},{"@type":"WebSite","@id":"https:\/\/luckyjet-games.com\/de\/#website","url":"https:\/\/luckyjet-games.com\/de\/","name":"Lucky Jet Spiele","description":"","publisher":{"@id":"https:\/\/luckyjet-games.com\/de\/#organization"},"potentialAction":[{"@type":"SearchAction","target":{"@type":"EntryPoint","urlTemplate":"https:\/\/luckyjet-games.com\/de\/?s={search_term_string}"},"query-input":{"@type":"PropertyValueSpecification","valueRequired":true,"valueName":"search_term_string"}}],"inLanguage":"de"},{"@type":"Organization","@id":"https:\/\/luckyjet-games.com\/de\/#organization","name":"Lucky Jet Spiele","url":"https:\/\/luckyjet-games.com\/de\/","logo":{"@type":"ImageObject","inLanguage":"de","@id":"https:\/\/luckyjet-games.com\/de\/#\/schema\/logo\/image\/","url":"https:\/\/luckyjet-games.com\/wp-content\/uploads\/2022\/10\/Lucky-Jet-Game.png","contentUrl":"https:\/\/luckyjet-games.com\/wp-content\/uploads\/2022\/10\/Lucky-Jet-Game.png","width":711,"height":599,"caption":"Lucky Jet Games"},"image":{"@id":"https:\/\/luckyjet-games.com\/de\/#\/schema\/logo\/image\/"}}]}},"_links":{"self":[{"href":"https:\/\/luckyjet-games.com\/de\/wp-json\/wp\/v2\/pages\/358","targetHints":{"allow":["GET"]}}],"collection":[{"href":"https:\/\/luckyjet-games.com\/de\/wp-json\/wp\/v2\/pages"}],"about":[{"href":"https:\/\/luckyjet-games.com\/de\/wp-json\/wp\/v2\/types\/page"}],"author":[{"embeddable":true,"href":"https:\/\/luckyjet-games.com\/de\/wp-json\/wp\/v2\/users\/2"}],"replies":[{"embeddable":true,"href":"https:\/\/luckyjet-games.com\/de\/wp-json\/wp\/v2\/comments?post=358"}],"version-history":[{"count":0,"href":"https:\/\/luckyjet-games.com\/de\/wp-json\/wp\/v2\/pages\/358\/revisions"}],"wp:attachment":[{"href":"https:\/\/luckyjet-games.com\/de\/wp-json\/wp\/v2\/media?parent=358"}],"curies":[{"name":"wp","href":"https:\/\/api.w.org\/{rel}","templated":true}]}}