{"id":27,"date":"2022-10-07T14:43:44","date_gmt":"2022-10-07T14:43:44","guid":{"rendered":"https:\/\/luckyjet-games.com\/?page_id=27"},"modified":"2024-03-12T18:02:22","modified_gmt":"2024-03-12T18:02:22","slug":"how-to-download-lucky-jet-app","status":"publish","type":"page","link":"https:\/\/luckyjet-games.com\/de\/download-lucky-jet-app\/","title":{"rendered":"So laden Sie die Lucky Jet-App herunter"},"content":{"rendered":"<div style=\"text-align: center;\"><a class=\"glow-button\" href=\"#go\" data-go=\"go\">Spielen Sie Lucky Jet bei 1Win Casino<\/a><\/div>\n\n\n\n<p>Der Einstieg in das Spiel ist einfach <a href=\"https:\/\/luckyjet-games.com\/de\/\">Lucky Jet-Spiel<\/a>. Das Spiel wird f\u00fcr Android, iOS und Windows oder MacOS verf\u00fcgbar sein.<\/p>\n\n\n<div class=\"wp-block-image\">\n<figure class=\"aligncenter\"><a href=\"#go\" data-go=\"go\" rel=\"noreferrer noopener\"><img decoding=\"async\" width=\"1022\" height=\"500\" src=\"https:\/\/luckyjet-games.com\/wp-content\/uploads\/2022\/10\/Jucky-Jet-App.jpg\" alt=\"Lucky Jet-App\" class=\"wp-image-38\" srcset=\"https:\/\/luckyjet-games.com\/wp-content\/uploads\/2022\/10\/Jucky-Jet-App.jpg 1022w, https:\/\/luckyjet-games.com\/wp-content\/uploads\/2022\/10\/Jucky-Jet-App-300x147.jpg 300w, https:\/\/luckyjet-games.com\/wp-content\/uploads\/2022\/10\/Jucky-Jet-App-768x376.jpg 768w, https:\/\/luckyjet-games.com\/wp-content\/uploads\/2022\/10\/Jucky-Jet-App-82x40.jpg 82w, https:\/\/luckyjet-games.com\/wp-content\/uploads\/2022\/10\/Jucky-Jet-App-65x32.jpg 65w, https:\/\/luckyjet-games.com\/wp-content\/uploads\/2022\/10\/Jucky-Jet-App-164x80.jpg 164w, https:\/\/luckyjet-games.com\/wp-content\/uploads\/2022\/10\/Jucky-Jet-App-276x135.jpg 276w\" sizes=\"(max-width: 1022px) 100vw, 1022px\" \/><\/a><figcaption class=\"wp-element-caption\">Lucky Jet-App<\/figcaption><\/figure>\n<\/div>\n\n\n<p>Das Lucky Jet ist ein reines Browserspiel, das Sie in keinem App Store finden werden. Das liegt an der Politik von Apples AppStore und Googles Play Store, die keine Echtgeldspiele in ihren Katalogen zulassen. Das ist jedoch unser Vorteil, denn alles, was du brauchst, um das Spiel zu spielen, ist ein Telefon, ein Computer oder ein Tablet mit einem Browser - folge einfach dem Link und fang an zu spielen!<\/p>\n\n\n\n<figure class=\"wp-block-table\"><table><tbody><tr><td>Version der Anwendung<\/td><td>37.02<\/td><\/tr><tr><td>Kosten<\/td><td>Kostenlos<\/td><\/tr><tr><td>OS<\/td><td>iOS, Android<\/td><\/tr><tr><td>Markt spielen<\/td><td>Nicht verf\u00fcgbar<\/td><\/tr><tr><td>Apple Store<\/td><td>Nicht verf\u00fcgbar<\/td><\/tr><tr><td>Lautst\u00e4rke f\u00fcr Android<\/td><td>43,12 Mb<\/td><\/tr><tr><td>Lautst\u00e4rke f\u00fcr iOS<\/td><td>23,4 Mb<\/td><\/tr><tr><td>Kasino-Service<\/td><td>Ja, wenn Sie ein Konto haben<\/td><\/tr><\/tbody><\/table><\/figure>\n\n\n\n<div id=\"ez-toc-container\" class=\"ez-toc-v2_0_75 counter-hierarchy ez-toc-counter ez-toc-grey ez-toc-container-direction\">\n<div class=\"ez-toc-title-container\">\n<p class=\"ez-toc-title\" style=\"cursor:inherit\">Inhaltsverzeichnis<\/p>\n<span class=\"ez-toc-title-toggle\"><a href=\"#\" class=\"ez-toc-pull-right ez-toc-btn ez-toc-btn-xs ez-toc-btn-default ez-toc-toggle\" aria-label=\"Inhaltsverzeichnis umschalten\"><span class=\"ez-toc-js-icon-con\"><span class=\"\"><span class=\"eztoc-hide\" style=\"display:none;\">Umschalten auf<\/span><span class=\"ez-toc-icon-toggle-span\"><svg style=\"fill: #999;color:#999\" xmlns=\"http:\/\/www.w3.org\/2000\/svg\" class=\"list-377408\" width=\"20px\" height=\"20px\" viewbox=\"0 0 24 24\" fill=\"none\"><path d=\"M6 6H4v2h2V6zm14 0H8v2h12V6zM4 11h2v2H4v-2zm16 0H8v2h12v-2zM4 16h2v2H4v-2zm16 0H8v2h12v-2z\" fill=\"currentColor\"><\/path><\/svg><svg style=\"fill: #999;color:#999\" class=\"arrow-unsorted-368013\" xmlns=\"http:\/\/www.w3.org\/2000\/svg\" width=\"10px\" height=\"10px\" viewbox=\"0 0 24 24\" version=\"1.2\" baseprofile=\"tiny\"><path d=\"M18.2 9.3l-6.2-6.3-6.2 6.3c-.2.2-.3.4-.3.7s.1.5.3.7c.2.2.4.3.7.3h11c.3 0 .5-.1.7-.3.2-.2.3-.5.3-.7s-.1-.5-.3-.7zM5.8 14.7l6.2 6.3 6.2-6.3c.2-.2.3-.5.3-.7s-.1-.5-.3-.7c-.2-.2-.4-.3-.7-.3h-11c-.3 0-.5.1-.7.3-.2.2-.3.5-.3.7s.1.5.3.7z\"\/><\/svg><\/span><\/span><\/span><\/a><\/span><\/div>\n<nav><ul class='ez-toc-list ez-toc-list-level-1 eztoc-toggle-hide-by-default' ><li class='ez-toc-page-1 ez-toc-heading-level-2'><a class=\"ez-toc-link ez-toc-heading-1\" href=\"https:\/\/luckyjet-games.com\/de\/download-lucky-jet-app\/#Play_Lucky_Jet_for_free_at_1Win_Casino\" >Spielen Sie Lucky Jet kostenlos im 1Win Casino<\/a><\/li><li class='ez-toc-page-1 ez-toc-heading-level-2'><a class=\"ez-toc-link ez-toc-heading-2\" href=\"https:\/\/luckyjet-games.com\/de\/download-lucky-jet-app\/#Download_Lucky_Jet_%E2%80%93_Play_for_real_money\" >Download Lucky Jet - Spielen Sie um echtes Geld<\/a><\/li><li class='ez-toc-page-1 ez-toc-heading-level-2'><a class=\"ez-toc-link ez-toc-heading-3\" href=\"https:\/\/luckyjet-games.com\/de\/download-lucky-jet-app\/#Download_app_on_your_Android\" >Laden Sie die App auf Ihr Android herunter<\/a><ul class='ez-toc-list-level-3' ><li class='ez-toc-heading-level-3'><a class=\"ez-toc-link ez-toc-heading-4\" href=\"https:\/\/luckyjet-games.com\/de\/download-lucky-jet-app\/#Follow_the_link\" >Folgen Sie dem Link:<\/a><\/li><li class='ez-toc-page-1 ez-toc-heading-level-3'><a class=\"ez-toc-link ez-toc-heading-5\" href=\"https:\/\/luckyjet-games.com\/de\/download-lucky-jet-app\/#Use_Chrome_menu\" >Verwenden Sie das Chrome-Men\u00fc:<\/a><\/li><\/ul><\/li><li class='ez-toc-page-1 ez-toc-heading-level-2'><a class=\"ez-toc-link ez-toc-heading-6\" href=\"https:\/\/luckyjet-games.com\/de\/download-lucky-jet-app\/#Download_for_iOS\" >Herunterladen f\u00fcr iOS<\/a><\/li><li class='ez-toc-page-1 ez-toc-heading-level-2'><a class=\"ez-toc-link ez-toc-heading-7\" href=\"https:\/\/luckyjet-games.com\/de\/download-lucky-jet-app\/#Play_Lucky_Jet_game_on_your_computer\" >Spielen Sie das Lucky Jet-Spiel auf Ihrem Computer<\/a><\/li><li class='ez-toc-page-1 ez-toc-heading-level-2'><a class=\"ez-toc-link ez-toc-heading-8\" href=\"https:\/\/luckyjet-games.com\/de\/download-lucky-jet-app\/#Conclusion\" >Schlussfolgerung<\/a><\/li><\/ul><\/nav><\/div>\n<h2 class=\"wp-block-heading\"><span class=\"ez-toc-section\" id=\"Play_Lucky_Jet_for_free_at_1Win_Casino\"><\/span>Spielen Sie Lucky Jet kostenlos im 1Win Casino<span class=\"ez-toc-section-end\"><\/span><\/h2>\n\n\n\n<p>Mit Lucky Jet haben Sie die M\u00f6glichkeit, sich zu entspannen und Spa\u00df zu haben, ohne einen Cent auszugeben. Die Online-Casinos stellen jedem Spieler ein Bonusguthaben zur Verf\u00fcgung, mit dem er Spielautomaten, Roulette, Poker oder Crash-Spiele spielen kann. Folgen Sie dem Link, registrieren Sie sich und beginnen Sie risikofrei zu spielen.<\/p>\n\n\n\n<div style=\"text-align: center;\"><a class=\"glow-button\" href=\"#go\" data-go=\"go\">\ud83d\udcf1 Download Lucky Jet Spiel<\/a><\/div>\n\n\n\n<h2 class=\"wp-block-heading\"><span class=\"ez-toc-section\" id=\"Download_Lucky_Jet_%E2%80%93_Play_for_real_money\"><\/span>Download Lucky Jet - Spielen Sie um echtes Geld<span class=\"ez-toc-section-end\"><\/span><\/h2>\n\n\n\n<p>Ein Spiel macht nur dann wirklich Spa\u00df, wenn man die Chance auf einen gro\u00dfen Gewinn hat. Und mit dem Lucky Jet-Spiel ist das definitiv m\u00f6glich! Vor allem, wenn Sie unsere einfachen Strategien befolgen. Mit nur wenigen Klicks kann Lucky Joe Ihnen helfen, Ihr Einkommen erheblich zu steigern. Um immer Zugang zum Lucky Jet-Spiel zu haben, folgen Sie einfach den unten stehenden Anweisungen.<\/p>\n\n\n<div class=\"wp-block-image wp-image-40 size-full\">\n<figure class=\"aligncenter\"><a href=\"#go\" data-go=\"go\" rel=\"noreferrer noopener\"><img decoding=\"async\" width=\"439\" height=\"459\" src=\"https:\/\/luckyjet-games.com\/wp-content\/uploads\/2022\/10\/Download-Jucky-Jet.jpg\" alt=\"Lucky Jet herunterladen\" class=\"wp-image-40\" srcset=\"https:\/\/luckyjet-games.com\/wp-content\/uploads\/2022\/10\/Download-Jucky-Jet.jpg 439w, https:\/\/luckyjet-games.com\/wp-content\/uploads\/2022\/10\/Download-Jucky-Jet-287x300.jpg 287w, https:\/\/luckyjet-games.com\/wp-content\/uploads\/2022\/10\/Download-Jucky-Jet-38x40.jpg 38w, https:\/\/luckyjet-games.com\/wp-content\/uploads\/2022\/10\/Download-Jucky-Jet-31x32.jpg 31w, https:\/\/luckyjet-games.com\/wp-content\/uploads\/2022\/10\/Download-Jucky-Jet-77x80.jpg 77w, https:\/\/luckyjet-games.com\/wp-content\/uploads\/2022\/10\/Download-Jucky-Jet-129x135.jpg 129w\" sizes=\"(max-width: 439px) 100vw, 439px\" \/><\/a><figcaption class=\"wp-element-caption\">Lucky Jet herunterladen<\/figcaption><\/figure>\n<\/div>\n\n\n<h2 class=\"wp-block-heading\"><span class=\"ez-toc-section\" id=\"Download_app_on_your_Android\"><\/span>Laden Sie die App auf Ihr Android herunter<span class=\"ez-toc-section-end\"><\/span><\/h2>\n\n\n\n<p>Sie k\u00f6nnen auf Android-Tablets ganz einfach auf das Spiel zugreifen, indem Sie die App installieren. Suchen Sie einfach nach Lucky Jet im Spielekatalog, nachdem Sie die Anwendung installiert haben. Wenn Sie ein Telefon verwenden, rufen Sie die Casino-Website im Chrome-Browser auf. Es gibt zwei M\u00f6glichkeiten, Apps zu installieren:<\/p>\n\n\n\n<h3 class=\"wp-block-heading\"><span class=\"ez-toc-section\" id=\"Follow_the_link\"><\/span>Folgen Sie dem Link:<span class=\"ez-toc-section-end\"><\/span><\/h3>\n\n\n\n<ul class=\"wp-block-list\">\n<li>Bl\u00e4ttern Sie nach unten zu den \"Informationen\";<\/li>\n\n\n\n<li>W\u00e4hlen Sie die Android-App aus. Gehen Sie nach dem Herunterladen zu \"Einstellungen\" und w\u00e4hlen Sie \"Erweitert\". W\u00e4hlen Sie \"Android-App\" und warten Sie dann, bis das Programm installiert ist.<\/li>\n\n\n\n<li>Installieren Sie die .apk-Datei, sobald sie heruntergeladen ist.<\/li>\n<\/ul>\n\n\n\n<h3 class=\"wp-block-heading\"><span class=\"ez-toc-section\" id=\"Use_Chrome_menu\"><\/span>Verwenden Sie das Chrome-Men\u00fc:<span class=\"ez-toc-section-end\"><\/span><\/h3>\n\n\n\n<ul class=\"wp-block-list\">\n<li>Klicken Sie auf das Browser-Men\u00fc in der oberen rechten Ecke. (Es sollte wie drei Punkte aussehen.)<\/li>\n\n\n\n<li>W\u00e4hlen Sie \"Anwendung installieren\";<\/li>\n\n\n\n<li>Klicken Sie in dem Pop-up-Fenster auf \"Installieren\";<\/li>\n\n\n\n<li>Das Casino-Symbol wird in der Liste der Anwendungen angezeigt.<\/li>\n<\/ul>\n\n\n<div class=\"wp-block-image wp-image-41 size-full\">\n<figure class=\"aligncenter\"><a href=\"#go\" data-go=\"go\" rel=\"noreferrer noopener\"><img decoding=\"async\" width=\"245\" height=\"467\" src=\"https:\/\/luckyjet-games.com\/wp-content\/uploads\/2022\/10\/Jucky-Jet-Download.jpg\" alt=\"Lucky Jet Herunterladen\" class=\"wp-image-41\" srcset=\"https:\/\/luckyjet-games.com\/wp-content\/uploads\/2022\/10\/Jucky-Jet-Download.jpg 245w, https:\/\/luckyjet-games.com\/wp-content\/uploads\/2022\/10\/Jucky-Jet-Download-157x300.jpg 157w, https:\/\/luckyjet-games.com\/wp-content\/uploads\/2022\/10\/Jucky-Jet-Download-21x40.jpg 21w, https:\/\/luckyjet-games.com\/wp-content\/uploads\/2022\/10\/Jucky-Jet-Download-17x32.jpg 17w, https:\/\/luckyjet-games.com\/wp-content\/uploads\/2022\/10\/Jucky-Jet-Download-42x80.jpg 42w, https:\/\/luckyjet-games.com\/wp-content\/uploads\/2022\/10\/Jucky-Jet-Download-71x135.jpg 71w\" sizes=\"(max-width: 245px) 100vw, 245px\" \/><\/a><figcaption class=\"wp-element-caption\">Lucky Jet Herunterladen<\/figcaption><\/figure>\n<\/div>\n\n\n<div style=\"text-align: center;\"><a class=\"glow-button\" href=\"#go\" data-go=\"go\">Lucky Jet spielen<\/a><\/div>\n\n\n\n<h2 class=\"wp-block-heading\"><span class=\"ez-toc-section\" id=\"Download_for_iOS\"><\/span>Herunterladen f\u00fcr iOS<span class=\"ez-toc-section-end\"><\/span><\/h2>\n\n\n\n<p>Um das Spiel auf Ihrem iPhone oder iPad zu installieren, m\u00fcssen Sie in Safari ein Lesezeichen erstellen und es an den Hauptbildschirm senden. Um dies zu tun:<\/p>\n\n\n\n<ul class=\"wp-block-list\">\n<li>\u00d6ffnen Sie Safari auf Ihrem iPhone;<\/li>\n\n\n\n<li>zur Casino-Website gehen;<\/li>\n\n\n\n<li>klicken Sie auf die Schaltfl\u00e4che \"\u00d6ffnen\";<\/li>\n\n\n\n<li>W\u00e4hlen Sie \"Hauptbildschirm\";<\/li>\n\n\n\n<li>erscheint das Casino-Symbol auf dem Hauptbildschirm des Telefons.<\/li>\n<\/ul>\n\n\n\n<h2 class=\"wp-block-heading\"><span class=\"ez-toc-section\" id=\"Play_Lucky_Jet_game_on_your_computer\"><\/span>Spielen Sie das Lucky Jet-Spiel auf Ihrem Computer<span class=\"ez-toc-section-end\"><\/span><\/h2>\n\n\n\n<p>Das Spiel ist ausschlie\u00dflich als Webversion f\u00fcr Windows und MacOS erh\u00e4ltlich. Das Spiel ist immer in der Spielesammlung der 1win-Website zu finden. Um sofortiges Feedback zu Ihrem Spiel zu erhalten, vergessen Sie nicht, ein Lesezeichen auf der Website zu setzen!<\/p>\n\n\n<div class=\"wp-block-image wp-image-42 size-full\">\n<figure class=\"aligncenter\"><a href=\"#go\" data-go=\"go\" rel=\"noreferrer noopener\"><img decoding=\"async\" width=\"694\" height=\"427\" src=\"https:\/\/luckyjet-games.com\/wp-content\/uploads\/2022\/10\/Play-Jucky-Jet-Game.jpg\" alt=\"Lucky Jet Spiel spielen\" class=\"wp-image-42\" srcset=\"https:\/\/luckyjet-games.com\/wp-content\/uploads\/2022\/10\/Play-Jucky-Jet-Game.jpg 694w, https:\/\/luckyjet-games.com\/wp-content\/uploads\/2022\/10\/Play-Jucky-Jet-Game-300x185.jpg 300w, https:\/\/luckyjet-games.com\/wp-content\/uploads\/2022\/10\/Play-Jucky-Jet-Game-65x40.jpg 65w, https:\/\/luckyjet-games.com\/wp-content\/uploads\/2022\/10\/Play-Jucky-Jet-Game-52x32.jpg 52w, https:\/\/luckyjet-games.com\/wp-content\/uploads\/2022\/10\/Play-Jucky-Jet-Game-130x80.jpg 130w, https:\/\/luckyjet-games.com\/wp-content\/uploads\/2022\/10\/Play-Jucky-Jet-Game-219x135.jpg 219w\" sizes=\"(max-width: 694px) 100vw, 694px\" \/><\/a><figcaption class=\"wp-element-caption\">Lucky Jet Spiel spielen<\/figcaption><\/figure>\n<\/div>\n\n\n<div style=\"text-align: center;\"><a class=\"glow-button\" href=\"#go\" data-go=\"go\">Lucky Jet vom Handy aus spielen<\/a><\/div>\n\n\n\n<h2 class=\"wp-block-heading\"><span class=\"ez-toc-section\" id=\"Conclusion\"><\/span>Schlussfolgerung<span class=\"ez-toc-section-end\"><\/span><\/h2>\n\n\n\n<p>Lucky Jet ist ein Spiel, das leicht zug\u00e4nglich ist und auf jedem Ger\u00e4t gespielt werden kann. Das Einzige, was Sie brauchen, ist ein Browser. Und wenn Sie um echtes Geld spielen m\u00f6chten, laden Sie einfach die App herunter oder verwenden Sie die Webversion auf Ihrem Computer. Mit ein wenig Gl\u00fcck k\u00f6nnen Sie mit Lucky Jet ernsthafte Gewinne erzielen!<\/p>\n<div class=\"author-card author-card--top\"><img alt='Avatar-Foto' src='https:\/\/luckyjet-games.com\/wp-content\/uploads\/2023\/03\/Chris-Hodge-130x130.jpg' srcset='https:\/\/luckyjet-games.com\/wp-content\/uploads\/2023\/03\/Chris-Hodge-260x260.jpg 2x' class='avatar avatar-130 photo author-image' height='130' width='130' \/><div class=\"author-content text-md-center\"><span class=\"author-title\">Autor<\/span><a href=\"https:\/\/luckyjet-games.com\/de\/author\/chris-hodge\/\" class=\"author-name\">Chris Hodge<\/a><p class=\"author__details\">Chris Hodge ist ein Experte f\u00fcr Gl\u00fccksspiele. Er spielt und studiert Casinospiele seit \u00fcber 10 Jahren. In dieser Zeit hat er ein tiefes Verst\u00e4ndnis f\u00fcr die Strategien und Mechanismen hinter jedem Spiel im Casino entwickelt.<br \/>\r\n<br \/>\r\nChris' Wissen und Fachkenntnisse haben ihm einen Platz als regelm\u00e4\u00dfiger Mitarbeiter in mehreren f\u00fchrenden Gl\u00fccksspielpublikationen eingebracht. Au\u00dferdem wird er h\u00e4ufig von Casinos um fachkundigen Rat zu neuen Spielen und Werbeaktionen gebeten.<\/p><\/div><!-- \/.author-content --><\/div>","protected":false},"excerpt":{"rendered":"<p>Spielen Sie Lucky Jet bei 1Win Casino Es ist einfach, das Lucky Jet-Spiel zu spielen. Das Spiel wird f\u00fcr Android, iOS und Windows oder MacOS zug\u00e4nglich sein. Lucky Jet ist nur ein Browserspiel, das Sie in keinem App-Store finden werden. Das liegt daran, dass der AppStore von Apple und der Play Store von Google [...]<\/p>","protected":false},"author":2,"featured_media":0,"parent":0,"menu_order":0,"comment_status":"closed","ping_status":"closed","template":"page-no-sidebar.php","meta":{"_acf_changed":false,"footnotes":""},"class_list":["post-27","page","type-page","status-publish","hentry"],"acf":[],"yoast_head":"<!-- This site is optimized with the Yoast SEO plugin v26.7 - https:\/\/yoast.com\/wordpress\/plugins\/seo\/ -->\n<title>How to Download Lucky Jet App: Android, iPhone, Windows or Mac<\/title>\n<meta name=\"description\" content=\"How to download Lucky Jet App for Android, iPhone, Windows or Mac. Download Lucky Jet 1win casino game on your smartphone \ud83d\ude80 How to Install Lucky Jet apk\" \/>\n<meta name=\"robots\" content=\"index, follow, max-snippet:-1, max-image-preview:large, max-video-preview:-1\" \/>\n<link rel=\"canonical\" href=\"https:\/\/luckyjet-games.com\/de\/download-lucky-jet-app\/\" \/>\n<meta property=\"og:locale\" content=\"de_DE\" \/>\n<meta property=\"og:type\" content=\"article\" \/>\n<meta property=\"og:title\" content=\"How to Download Lucky Jet App: Android, iPhone, Windows or Mac\" \/>\n<meta property=\"og:description\" content=\"How to download Lucky Jet App for Android, iPhone, Windows or Mac. Download Lucky Jet 1win casino game on your smartphone \ud83d\ude80 How to Install Lucky Jet apk\" \/>\n<meta property=\"og:url\" content=\"https:\/\/luckyjet-games.com\/de\/download-lucky-jet-app\/\" \/>\n<meta property=\"og:site_name\" content=\"Lucky Jet Games\" \/>\n<meta property=\"article:modified_time\" content=\"2024-03-12T18:02:22+00:00\" \/>\n<meta property=\"og:image\" content=\"https:\/\/luckyjet-games.com\/wp-content\/uploads\/2022\/10\/Jucky-Jet-App.jpg\" \/>\n<meta name=\"twitter:card\" content=\"summary_large_image\" \/>\n<meta name=\"twitter:label1\" content=\"Gesch\u00e4tzte Lesezeit\" \/>\n\t<meta name=\"twitter:data1\" content=\"4\u00a0Minuten\" \/>\n<!-- \/ Yoast SEO plugin. -->","yoast_head_json":{"title":"Wie man die Lucky Jet-App herunterl\u00e4dt: Android, iPhone, Windows oder Mac","description":"So laden Sie die Lucky Jet-App f\u00fcr Android, iPhone, Windows oder Mac herunter. Laden Sie das Lucky Jet 1win Casino-Spiel auf Ihr Smartphone herunter \ud83d\ude80 So installieren Sie Lucky Jet apk","robots":{"index":"index","follow":"follow","max-snippet":"max-snippet:-1","max-image-preview":"max-image-preview:large","max-video-preview":"max-video-preview:-1"},"canonical":"https:\/\/luckyjet-games.com\/de\/download-lucky-jet-app\/","og_locale":"de_DE","og_type":"article","og_title":"How to Download Lucky Jet App: Android, iPhone, Windows or Mac","og_description":"How to download Lucky Jet App for Android, iPhone, Windows or Mac. Download Lucky Jet 1win casino game on your smartphone \ud83d\ude80 How to Install Lucky Jet apk","og_url":"https:\/\/luckyjet-games.com\/de\/download-lucky-jet-app\/","og_site_name":"Lucky Jet Games","article_modified_time":"2024-03-12T18:02:22+00:00","og_image":[{"url":"https:\/\/luckyjet-games.com\/wp-content\/uploads\/2022\/10\/Jucky-Jet-App.jpg","type":"","width":"","height":""}],"twitter_card":"summary_large_image","twitter_misc":{"Gesch\u00e4tzte Lesezeit":"4\u00a0Minuten"},"schema":{"@context":"https:\/\/schema.org","@graph":[{"@type":"WebPage","@id":"https:\/\/luckyjet-games.com\/download-lucky-jet-app\/","url":"https:\/\/luckyjet-games.com\/download-lucky-jet-app\/","name":"Wie man die Lucky Jet-App herunterl\u00e4dt: Android, iPhone, Windows oder Mac","isPartOf":{"@id":"https:\/\/luckyjet-games.com\/de\/#website"},"primaryImageOfPage":{"@id":"https:\/\/luckyjet-games.com\/download-lucky-jet-app\/#primaryimage"},"image":{"@id":"https:\/\/luckyjet-games.com\/download-lucky-jet-app\/#primaryimage"},"thumbnailUrl":"https:\/\/luckyjet-games.com\/wp-content\/uploads\/2022\/10\/Jucky-Jet-App.jpg","datePublished":"2022-10-07T14:43:44+00:00","dateModified":"2024-03-12T18:02:22+00:00","description":"So laden Sie die Lucky Jet-App f\u00fcr Android, iPhone, Windows oder Mac herunter. Laden Sie das Lucky Jet 1win Casino-Spiel auf Ihr Smartphone herunter \ud83d\ude80 So installieren Sie Lucky Jet apk","breadcrumb":{"@id":"https:\/\/luckyjet-games.com\/download-lucky-jet-app\/#breadcrumb"},"inLanguage":"de","potentialAction":[{"@type":"ReadAction","target":["https:\/\/luckyjet-games.com\/download-lucky-jet-app\/"]}]},{"@type":"ImageObject","inLanguage":"de","@id":"https:\/\/luckyjet-games.com\/download-lucky-jet-app\/#primaryimage","url":"https:\/\/luckyjet-games.com\/wp-content\/uploads\/2022\/10\/Jucky-Jet-App.jpg","contentUrl":"https:\/\/luckyjet-games.com\/wp-content\/uploads\/2022\/10\/Jucky-Jet-App.jpg"},{"@type":"BreadcrumbList","@id":"https:\/\/luckyjet-games.com\/download-lucky-jet-app\/#breadcrumb","itemListElement":[{"@type":"ListItem","position":1,"name":"Home","item":"https:\/\/luckyjet-games.com\/"},{"@type":"ListItem","position":2,"name":"How to Download Lucky Jet App"}]},{"@type":"WebSite","@id":"https:\/\/luckyjet-games.com\/de\/#website","url":"https:\/\/luckyjet-games.com\/de\/","name":"Lucky Jet Spiele","description":"","publisher":{"@id":"https:\/\/luckyjet-games.com\/de\/#organization"},"potentialAction":[{"@type":"SearchAction","target":{"@type":"EntryPoint","urlTemplate":"https:\/\/luckyjet-games.com\/de\/?s={search_term_string}"},"query-input":{"@type":"PropertyValueSpecification","valueRequired":true,"valueName":"search_term_string"}}],"inLanguage":"de"},{"@type":"Organization","@id":"https:\/\/luckyjet-games.com\/de\/#organization","name":"Lucky Jet Spiele","url":"https:\/\/luckyjet-games.com\/de\/","logo":{"@type":"ImageObject","inLanguage":"de","@id":"https:\/\/luckyjet-games.com\/de\/#\/schema\/logo\/image\/","url":"https:\/\/luckyjet-games.com\/wp-content\/uploads\/2022\/10\/Lucky-Jet-Game.png","contentUrl":"https:\/\/luckyjet-games.com\/wp-content\/uploads\/2022\/10\/Lucky-Jet-Game.png","width":711,"height":599,"caption":"Lucky Jet Games"},"image":{"@id":"https:\/\/luckyjet-games.com\/de\/#\/schema\/logo\/image\/"}}]}},"_links":{"self":[{"href":"https:\/\/luckyjet-games.com\/de\/wp-json\/wp\/v2\/pages\/27","targetHints":{"allow":["GET"]}}],"collection":[{"href":"https:\/\/luckyjet-games.com\/de\/wp-json\/wp\/v2\/pages"}],"about":[{"href":"https:\/\/luckyjet-games.com\/de\/wp-json\/wp\/v2\/types\/page"}],"author":[{"embeddable":true,"href":"https:\/\/luckyjet-games.com\/de\/wp-json\/wp\/v2\/users\/2"}],"replies":[{"embeddable":true,"href":"https:\/\/luckyjet-games.com\/de\/wp-json\/wp\/v2\/comments?post=27"}],"version-history":[{"count":0,"href":"https:\/\/luckyjet-games.com\/de\/wp-json\/wp\/v2\/pages\/27\/revisions"}],"wp:attachment":[{"href":"https:\/\/luckyjet-games.com\/de\/wp-json\/wp\/v2\/media?parent=27"}],"curies":[{"name":"wp","href":"https:\/\/api.w.org\/{rel}","templated":true}]}}