{"id":250,"date":"2022-12-20T11:11:31","date_gmt":"2022-12-20T11:11:31","guid":{"rendered":"https:\/\/luckyjet-games.com\/?page_id=250"},"modified":"2024-03-13T19:00:42","modified_gmt":"2024-03-13T19:00:42","slug":"lucky-jet-promo-code-and-bonus","status":"publish","type":"page","link":"https:\/\/luckyjet-games.com\/de\/lucky-jet-promo-code\/","title":{"rendered":"Lucky Jet Promo Code und Bonus"},"content":{"rendered":"<div style=\"text-align: center;\"><a class=\"glow-button-new\" href=\"#go\" data-go=\"go\">Erhalten Sie Lucky Jet Bonus \ud83c\udf81.<\/a><\/div>\n\n\n\n<p>Bieten Sie Ihre Chance, das Spiel mit Einf\u00fchrungscodes zu starten, aber beachten Sie, dass diese nur f\u00fcr einen kurzen Zeitraum g\u00fcltig sind, nachdem Sie ein Konto erstellt haben. Sobald Sie sich anmelden, beginnt ein Timer, der die verbleibende Zeit f\u00fcr dieses einmalige Angebot herunterz\u00e4hlt! Um von dieser Aktion zu profitieren und alles zu bekommen, was sie zu bieten hat, melden Sie sich bei <a href=\"https:\/\/luckyjet-games.com\/de\/\">Lucky Jet<\/a> jetzt - denn diese Gelegenheit ist exklusiv f\u00fcr neue Mitglieder.<\/p>\n\n\n<div class=\"wp-block-image\">\n<figure class=\"aligncenter is-resized\"><a href=\"#go\" data-go=\"go\"><img decoding=\"async\" width=\"1024\" height=\"1024\" src=\"https:\/\/luckyjet-games.com\/wp-content\/uploads\/2023\/04\/LUCKY4444-1024x1024.jpg\" alt=\"LUCKY4444\" class=\"wp-image-307\" style=\"width:450px\" srcset=\"https:\/\/luckyjet-games.com\/wp-content\/uploads\/2023\/04\/LUCKY4444-1024x1024.jpg 1024w, https:\/\/luckyjet-games.com\/wp-content\/uploads\/2023\/04\/LUCKY4444-300x300.jpg 300w, https:\/\/luckyjet-games.com\/wp-content\/uploads\/2023\/04\/LUCKY4444-150x150.jpg 150w, https:\/\/luckyjet-games.com\/wp-content\/uploads\/2023\/04\/LUCKY4444-768x768.jpg 768w, https:\/\/luckyjet-games.com\/wp-content\/uploads\/2023\/04\/LUCKY4444-1536x1536.jpg 1536w, https:\/\/luckyjet-games.com\/wp-content\/uploads\/2023\/04\/LUCKY4444-12x12.jpg 12w, https:\/\/luckyjet-games.com\/wp-content\/uploads\/2023\/04\/LUCKY4444-40x40.jpg 40w, https:\/\/luckyjet-games.com\/wp-content\/uploads\/2023\/04\/LUCKY4444-50x50.jpg 50w, https:\/\/luckyjet-games.com\/wp-content\/uploads\/2023\/04\/LUCKY4444-100x100.jpg 100w, https:\/\/luckyjet-games.com\/wp-content\/uploads\/2023\/04\/LUCKY4444-120x120.jpg 120w, https:\/\/luckyjet-games.com\/wp-content\/uploads\/2023\/04\/LUCKY4444-135x135.jpg 135w, https:\/\/luckyjet-games.com\/wp-content\/uploads\/2023\/04\/LUCKY4444-270x270.jpg 270w, https:\/\/luckyjet-games.com\/wp-content\/uploads\/2023\/04\/LUCKY4444-450x450.jpg 450w, https:\/\/luckyjet-games.com\/wp-content\/uploads\/2023\/04\/LUCKY4444-479x479.jpg 479w, https:\/\/luckyjet-games.com\/wp-content\/uploads\/2023\/04\/LUCKY4444-570x570.jpg 570w, https:\/\/luckyjet-games.com\/wp-content\/uploads\/2023\/04\/LUCKY4444-767x767.jpg 767w, https:\/\/luckyjet-games.com\/wp-content\/uploads\/2023\/04\/LUCKY4444-32x32.jpg 32w, https:\/\/luckyjet-games.com\/wp-content\/uploads\/2023\/04\/LUCKY4444-80x80.jpg 80w, https:\/\/luckyjet-games.com\/wp-content\/uploads\/2023\/04\/LUCKY4444.jpg 1600w\" sizes=\"(max-width: 1024px) 100vw, 1024px\" \/><\/a><figcaption class=\"wp-element-caption\">LUCKY4444<\/figcaption><\/figure>\n<\/div>\n\n\n<p>Um den Lucky Jet Promo-Code zu erhalten, ist es leicht, auf der offiziellen Website zu suchen. Soziale Netzwerke, die diesem Spiel gewidmet sind, oder Websites mit einer Partnerschaft mit dem 1win-Entwickler sind ebenfalls potenzielle Quellen. Es ist jedoch wichtig zu bestimmen, ob diese Codes abgelaufen sind und durch neuere Versionen ersetzt wurden, bevor Sie sie verwenden.<\/p>\n\n\n\n<p>Um sicherzustellen, dass die Spieler das Beste aus Lucky Jet herausholen, stellen wir st\u00e4ndig aktualisierte Bonuscodes zur Verf\u00fcgung, die auf unserer offiziellen Website, in Blogbeitr\u00e4gen und auf anderen Social-Media-Plattformen abgerufen werden k\u00f6nnen. Wenn Sie diese Codes aktivieren, wird Ihr Kontostand zweifelsohne eine angenehme \u00dcberraschung enthalten!<\/p>\n\n\n\n<div id=\"ez-toc-container\" class=\"ez-toc-v2_0_75 counter-hierarchy ez-toc-counter ez-toc-grey ez-toc-container-direction\">\n<div class=\"ez-toc-title-container\">\n<p class=\"ez-toc-title\" style=\"cursor:inherit\">Inhaltsverzeichnis<\/p>\n<span class=\"ez-toc-title-toggle\"><a href=\"#\" class=\"ez-toc-pull-right ez-toc-btn ez-toc-btn-xs ez-toc-btn-default ez-toc-toggle\" aria-label=\"Inhaltsverzeichnis umschalten\"><span class=\"ez-toc-js-icon-con\"><span class=\"\"><span class=\"eztoc-hide\" style=\"display:none;\">Umschalten auf<\/span><span class=\"ez-toc-icon-toggle-span\"><svg style=\"fill: #999;color:#999\" xmlns=\"http:\/\/www.w3.org\/2000\/svg\" class=\"list-377408\" width=\"20px\" height=\"20px\" viewbox=\"0 0 24 24\" fill=\"none\"><path d=\"M6 6H4v2h2V6zm14 0H8v2h12V6zM4 11h2v2H4v-2zm16 0H8v2h12v-2zM4 16h2v2H4v-2zm16 0H8v2h12v-2z\" fill=\"currentColor\"><\/path><\/svg><svg style=\"fill: #999;color:#999\" class=\"arrow-unsorted-368013\" xmlns=\"http:\/\/www.w3.org\/2000\/svg\" width=\"10px\" height=\"10px\" viewbox=\"0 0 24 24\" version=\"1.2\" baseprofile=\"tiny\"><path d=\"M18.2 9.3l-6.2-6.3-6.2 6.3c-.2.2-.3.4-.3.7s.1.5.3.7c.2.2.4.3.7.3h11c.3 0 .5-.1.7-.3.2-.2.3-.5.3-.7s-.1-.5-.3-.7zM5.8 14.7l6.2 6.3 6.2-6.3c.2-.2.3-.5.3-.7s-.1-.5-.3-.7c-.2-.2-.4-.3-.7-.3h-11c-.3 0-.5.1-.7.3-.2.2-.3.5-.3.7s.1.5.3.7z\"\/><\/svg><\/span><\/span><\/span><\/a><\/span><\/div>\n<nav><ul class='ez-toc-list ez-toc-list-level-1 eztoc-toggle-hide-by-default' ><li class='ez-toc-page-1 ez-toc-heading-level-2'><a class=\"ez-toc-link ez-toc-heading-1\" href=\"https:\/\/luckyjet-games.com\/de\/lucky-jet-promo-code\/#How_to_Activate_a_Promocode\" >Wie aktiviere ich einen Promocode?<\/a><\/li><li class='ez-toc-page-1 ez-toc-heading-level-2'><a class=\"ez-toc-link ez-toc-heading-2\" href=\"https:\/\/luckyjet-games.com\/de\/lucky-jet-promo-code\/#Bonus_Lucky_Jet_Game\" >Bonus Lucky Jet Spiel<\/a><ul class='ez-toc-list-level-3' ><li class='ez-toc-heading-level-3'><a class=\"ez-toc-link ez-toc-heading-3\" href=\"https:\/\/luckyjet-games.com\/de\/lucky-jet-promo-code\/#Lucky_Jet_Cashback\" >Lucky Jet R\u00fcckerstattung<\/a><\/li><\/ul><\/li><li class='ez-toc-page-1 ez-toc-heading-level-2'><a class=\"ez-toc-link ez-toc-heading-4\" href=\"https:\/\/luckyjet-games.com\/de\/lucky-jet-promo-code\/#How_to_Enter_a_Promo_Code_in_1win_LuckyJet\" >So geben Sie einen Promo-Code in 1win LuckyJet ein<\/a><\/li><li class='ez-toc-page-1 ez-toc-heading-level-2'><a class=\"ez-toc-link ez-toc-heading-5\" href=\"https:\/\/luckyjet-games.com\/de\/lucky-jet-promo-code\/#What_Does_the_Promo_Code_Give_in_Lucky_Jet_1win\" >Was gibt der Promo-Code in Lucky Jet 1win<\/a><\/li><\/ul><\/nav><\/div>\n<h2 class=\"wp-block-heading\"><span class=\"ez-toc-section\" id=\"How_to_Activate_a_Promocode\"><\/span>Wie aktiviere ich einen Promocode?<span class=\"ez-toc-section-end\"><\/span><\/h2>\n\n\n\n<p>Aktivieren eines Lucky Jet-Promo-Codes \"<strong>LUCKY4444<\/strong>\" ist ein recht einfacher Vorgang. Alles, was Sie tun m\u00fcssen, ist, den Promo-Code in Ihren Kontoeinstellungen einzugeben und ihn anzuwenden. Sobald das erledigt ist, k\u00f6nnen Sie eine Reihe von Vorteilen wie Freispiele, exklusive Boni oder sogar zus\u00e4tzliche M\u00fcnzen genie\u00dfen! Loggen Sie sich einfach regelm\u00e4\u00dfig ein, um weitere Belohnungen zu erhalten!<\/p>\n\n\n\n<p>Letztendlich ist Lucky Jet ein unglaublich unterhaltsames Spiel, das Sie in Atem halten wird. Stellen Sie sicher, dass Sie alle verf\u00fcgbaren Promo-Codes f\u00fcr maximalen Spa\u00df und Belohnungen nutzen!<\/p>\n\n\n\n<div style=\"text-align: center;\"><a class=\"glow-button-new\" href=\"#go\" data-go=\"go\">Beginn der Wiedergabe von Lucky Jet<\/a><\/div>\n\n\n\n<h2 class=\"wp-block-heading\"><span class=\"ez-toc-section\" id=\"Bonus_Lucky_Jet_Game\"><\/span>Bonus Lucky Jet Spiel<span class=\"ez-toc-section-end\"><\/span><\/h2>\n\n\n\n<p>Um neuen Spielern eine positive erste Erfahrung zu erm\u00f6glichen, dient der Willkommensbonus als Zeichen des guten Willens der Entwickler. Dies dient dazu, die Benutzer zu motivieren, sich auf der Plattform anzumelden und f\u00fcr l\u00e4ngere Zeit zu bleiben. Lucky Jet m\u00f6chte auch, dass sich die Spieler mit dem gesamten Spielablauf besch\u00e4ftigen und alle Mechanismen verstehen. Daher werden sie ermutigt, auch nach dem Aufbrauchen des Willkommensbonus weiterzuspielen.<\/p>\n\n\n\n<p>Die Aktionscodes von Lucky Jet sind \u00fcberall! Sie k\u00f6nnen sie auf Blogs, Foren f\u00fcr die Gemeinschaft, News-Artikel und so viel mehr entdecken. So stellen Sie sicher, ein Auge f\u00fcr die neuesten Promo-Codes zu halten und starten Sie Bargeld in auf den ganzen Spa\u00df und Belohnungen, die dieses Spiel zu bieten hat!<\/p>\n\n\n\n<p>Genie\u00dfen Sie Ihre Zeit bei Lucky Jet und haben Sie viel Spa\u00df beim Spielen mit uns. Je mehr Sie spielen, desto besser werden die Preise, die Sie bekommen!<\/p>\n\n\n<div class=\"wp-block-image\">\n<figure class=\"aligncenter\"><a href=\"#go\" data-go=\"go\"><img decoding=\"async\" width=\"631\" height=\"305\" src=\"https:\/\/luckyjet-games.com\/wp-content\/uploads\/2022\/12\/Lucky-Jet-1win.jpg\" alt=\"Lucky Jet 1win\" class=\"wp-image-255\" srcset=\"https:\/\/luckyjet-games.com\/wp-content\/uploads\/2022\/12\/Lucky-Jet-1win.jpg 631w, https:\/\/luckyjet-games.com\/wp-content\/uploads\/2022\/12\/Lucky-Jet-1win-300x145.jpg 300w, https:\/\/luckyjet-games.com\/wp-content\/uploads\/2022\/12\/Lucky-Jet-1win-18x9.jpg 18w, https:\/\/luckyjet-games.com\/wp-content\/uploads\/2022\/12\/Lucky-Jet-1win-83x40.jpg 83w, https:\/\/luckyjet-games.com\/wp-content\/uploads\/2022\/12\/Lucky-Jet-1win-66x32.jpg 66w, https:\/\/luckyjet-games.com\/wp-content\/uploads\/2022\/12\/Lucky-Jet-1win-166x80.jpg 166w, https:\/\/luckyjet-games.com\/wp-content\/uploads\/2022\/12\/Lucky-Jet-1win-279x135.jpg 279w\" sizes=\"(max-width: 631px) 100vw, 631px\" \/><\/a><figcaption class=\"wp-element-caption\">Lucky Jet 1win<\/figcaption><\/figure>\n<\/div>\n\n\n<div style=\"text-align: center;\"><a class=\"glow-button-new\" href=\"#go\" data-go=\"go\">Willkommensbonus erhalten Lucky Jet<\/a><\/div>\n\n\n\n<h3 class=\"wp-block-heading\"><span class=\"ez-toc-section\" id=\"Lucky_Jet_Cashback\"><\/span>Lucky Jet R\u00fcckerstattung<span class=\"ez-toc-section-end\"><\/span><\/h3>\n\n\n\n<p>Eine weitere M\u00f6glichkeit, von Freizeitaktivit\u00e4ten wie Spielen zu profitieren, ist die Nutzung des vom Management verwalteten Werbeprogramms.<\/p>\n\n\n\n<p>Die Spieler k\u00f6nnen den Teil des Geldes, den sie in das Spiel investiert haben, je nach ihrer Leistung im Spiel zur\u00fcckverdienen.<\/p>\n\n\n\n<p>Lucky Jet bietet gro\u00dfz\u00fcgige w\u00f6chentliche Renditen auf alle ausgegebenen Betr\u00e4ge und erm\u00f6glicht es den Nutzern, ihre Belohnungen am Ende jeder Periode direkt auf ihr Einzahlungskonto zu erhalten. Nehmen Sie an Lucky Jet teil und ernten Sie die Vorteile!<\/p>\n\n\n\n<p>Im Gegensatz zu Promocode-Bonussen kann dieses Cashback nicht abgehoben werden; es kann jedoch in Eins\u00e4tze oder Spielautomaten-Drehungen reinvestiert werden, um Ihnen zu einem weiteren Sieg zu verhelfen.<\/p>\n\n\n\n<h2 class=\"wp-block-heading\"><span class=\"ez-toc-section\" id=\"How_to_Enter_a_Promo_Code_in_1win_LuckyJet\"><\/span>So geben Sie einen Promo-Code in 1win LuckyJet ein<span class=\"ez-toc-section-end\"><\/span><\/h2>\n\n\n\n<p>Bei einigen Nutzern kann es aufgrund eines \u00fcbersprungenen Schritts bei der Registrierung zu Schwierigkeiten bei der Anwendung ihres Aktionscodes kommen.<\/p>\n\n\n\n<p>Wenn die Aktivierung nicht richtig funktioniert, ist es f\u00fcr neue Spieler wichtig, genau hinzuschauen und sicherzustellen, dass sie richtig funktioniert.<\/p>\n\n\n\n<p>Um Ihren Promocode korrekt zu verwenden, befolgen Sie bitte die folgenden Schritte:<\/p>\n\n\n\n<ol class=\"wp-block-list\">\n<li>Rufen Sie die Startseite der offiziellen Casino-Website auf.<\/li>\n\n\n\n<li>Um zur Registrierung oder Anmeldung zu gelangen, klicken Sie auf die entsprechende Schaltfl\u00e4che.<\/li>\n\n\n\n<li>F\u00fcllen Sie die entsprechenden Felder aus und achten Sie darauf, den mitgelieferten Gutscheincode einzugeben \"<strong>LUCKY4444<\/strong>&#8220;.<\/li>\n\n\n\n<li>Um die angegebenen Daten zu \u00fcberpr\u00fcfen, folgen Sie dem an Ihre E-Mail-Adresse gesendeten Link.<\/li>\n<\/ol>\n\n\n<div class=\"wp-block-image\">\n<figure class=\"aligncenter\"><a href=\"#go\" data-go=\"go\"><img decoding=\"async\" width=\"958\" height=\"424\" src=\"https:\/\/luckyjet-games.com\/wp-content\/uploads\/2022\/12\/Lucky-Jet-Promo-Code.jpg\" alt=\"Lucky Jet Promo-Code\" class=\"wp-image-254\" srcset=\"https:\/\/luckyjet-games.com\/wp-content\/uploads\/2022\/12\/Lucky-Jet-Promo-Code.jpg 958w, https:\/\/luckyjet-games.com\/wp-content\/uploads\/2022\/12\/Lucky-Jet-Promo-Code-300x133.jpg 300w, https:\/\/luckyjet-games.com\/wp-content\/uploads\/2022\/12\/Lucky-Jet-Promo-Code-768x340.jpg 768w, https:\/\/luckyjet-games.com\/wp-content\/uploads\/2022\/12\/Lucky-Jet-Promo-Code-18x8.jpg 18w, https:\/\/luckyjet-games.com\/wp-content\/uploads\/2022\/12\/Lucky-Jet-Promo-Code-90x40.jpg 90w, https:\/\/luckyjet-games.com\/wp-content\/uploads\/2022\/12\/Lucky-Jet-Promo-Code-72x32.jpg 72w, https:\/\/luckyjet-games.com\/wp-content\/uploads\/2022\/12\/Lucky-Jet-Promo-Code-181x80.jpg 181w, https:\/\/luckyjet-games.com\/wp-content\/uploads\/2022\/12\/Lucky-Jet-Promo-Code-305x135.jpg 305w\" sizes=\"(max-width: 958px) 100vw, 958px\" \/><\/a><figcaption class=\"wp-element-caption\">Lucky Jet Promo-Code<\/figcaption><\/figure>\n<\/div>\n\n\n<div style=\"text-align: center;\"><a class=\"glow-button-new\" href=\"#go\" data-go=\"go\">Promo-Code Lucky Jet \ud83c\udf81.<\/a><\/div>\n\n\n\n<h2 class=\"wp-block-heading\"><span class=\"ez-toc-section\" id=\"What_Does_the_Promo_Code_Give_in_Lucky_Jet_1win\"><\/span>Was gibt der Promo-Code in Lucky Jet 1win<span class=\"ez-toc-section-end\"><\/span><\/h2>\n\n\n\n<p>Durch die Anwendung des Codes auf ihr Konto haben Neulinge f\u00fcnfmal mehr M\u00f6glichkeiten, die Mittel zu verwenden, und erhalten so den dringend ben\u00f6tigten Freiraum, um sich selbst zu verbessern und ihre F\u00e4higkeiten in einer realistischen Umgebung zu verbessern. Dies erweitert nicht nur ihre Entwicklungsperspektiven, sondern sorgt auch f\u00fcr eine solide Grundlage im wettbewerbsorientierten Spiel.<\/p>\n\n\n\n<p>Lucky Jet bietet eine Reihe von Boni an, darunter vervielfachte Einzahlungen, die nur f\u00fcr ausgew\u00e4hlte Spiele und Slots verwendet werden k\u00f6nnen. Die Spieler m\u00fcssen mindestens das 1,5-fache des urspr\u00fcnglichen Einzahlungsbetrags einsetzen, um diese Belohnungen in Anspruch nehmen zu k\u00f6nnen. Alle Gewinne aus dem Spielen mit diesem Bonusgeld k\u00f6nnen dann jedoch ohne Einschr\u00e4nkung direkt auf Ihr Bankkonto oder Ihre digitale Geldb\u00f6rse \u00fcberwiesen werden.<\/p>\n\n\n\n<p>Sobald der Code erfolgreich aktiviert wurde, k\u00f6nnen Sie sehen, wann er abl\u00e4uft und planen, wie Sie Ihre Einzahlung vor diesem Datum am besten nutzen k\u00f6nnen. Um Ihre Eins\u00e4tze an den Spielautomaten zu maximieren, sollten Sie sich genau \u00fcberlegen, wann - und wie oft - Sie diese Gelder verwenden sollten.<\/p>\n<div class=\"author-card author-card--top\"><img alt='Avatar-Foto' src='https:\/\/luckyjet-games.com\/wp-content\/uploads\/2023\/03\/Chris-Hodge-130x130.jpg' srcset='https:\/\/luckyjet-games.com\/wp-content\/uploads\/2023\/03\/Chris-Hodge-260x260.jpg 2x' class='avatar avatar-130 photo author-image' height='130' width='130' \/><div class=\"author-content text-md-center\"><span class=\"author-title\">Autor<\/span><a href=\"https:\/\/luckyjet-games.com\/de\/author\/chris-hodge\/\" class=\"author-name\">Chris Hodge<\/a><p class=\"author__details\">Chris Hodge ist ein Experte f\u00fcr Gl\u00fccksspiele. Er spielt und studiert Casinospiele seit \u00fcber 10 Jahren. In dieser Zeit hat er ein tiefes Verst\u00e4ndnis f\u00fcr die Strategien und Mechanismen hinter jedem Spiel im Casino entwickelt.<br \/>\r\n<br \/>\r\nChris' Wissen und Fachkenntnisse haben ihm einen Platz als regelm\u00e4\u00dfiger Mitarbeiter in mehreren f\u00fchrenden Gl\u00fccksspielpublikationen eingebracht. Au\u00dferdem wird er h\u00e4ufig von Casinos um fachkundigen Rat zu neuen Spielen und Werbeaktionen gebeten.<\/p><\/div><!-- \/.author-content --><\/div>","protected":false},"excerpt":{"rendered":"<p>Holen Sie sich Lucky Jet Bonus \ud83c\udf81 Bieten Sie Ihre Chance, das Spiel mit Einf\u00fchrungscodes zu starten, aber seien Sie sich bewusst, dass diese nur f\u00fcr einen kurzen Zeitraum g\u00fcltig sind, nachdem Sie ein Konto erstellt haben. Sobald Sie sich einloggen, beginnt ein Timer, der die verbleibende Zeit f\u00fcr dieses einmalige Angebot herunterz\u00e4hlt! Zum Mitnehmen [...]<\/p>","protected":false},"author":2,"featured_media":0,"parent":0,"menu_order":0,"comment_status":"closed","ping_status":"closed","template":"page-no-sidebar.php","meta":{"_acf_changed":false,"footnotes":""},"class_list":["post-250","page","type-page","status-publish","hentry"],"acf":[],"yoast_head":"<!-- This site is optimized with the Yoast SEO plugin v26.7 - https:\/\/yoast.com\/wordpress\/plugins\/seo\/ -->\n<title>Lucky Jet promo code 1win | How to use the promocode Lucky Jet Game<\/title>\n<meta name=\"description\" content=\"Lucky Jet Promo Code and Bonus at 1Win Casino. How to Activate and Where to Find Bonus Code Lucky Jet Game? Luckyjet Bonus Voucher - Get your Reward.\" \/>\n<meta name=\"robots\" content=\"index, follow, max-snippet:-1, max-image-preview:large, max-video-preview:-1\" \/>\n<link rel=\"canonical\" href=\"https:\/\/luckyjet-games.com\/de\/lucky-jet-promo-code\/\" \/>\n<meta property=\"og:locale\" content=\"de_DE\" \/>\n<meta property=\"og:type\" content=\"article\" \/>\n<meta property=\"og:title\" content=\"Lucky Jet promo code 1win | How to use the promocode Lucky Jet Game\" \/>\n<meta property=\"og:description\" content=\"Lucky Jet Promo Code and Bonus at 1Win Casino. How to Activate and Where to Find Bonus Code Lucky Jet Game? Luckyjet Bonus Voucher - Get your Reward.\" \/>\n<meta property=\"og:url\" content=\"https:\/\/luckyjet-games.com\/de\/lucky-jet-promo-code\/\" \/>\n<meta property=\"og:site_name\" content=\"Lucky Jet Games\" \/>\n<meta property=\"article:modified_time\" content=\"2024-03-13T19:00:42+00:00\" \/>\n<meta property=\"og:image\" content=\"https:\/\/luckyjet-games.com\/wp-content\/uploads\/2023\/04\/LUCKY4444-1024x1024.jpg\" \/>\n<meta name=\"twitter:card\" content=\"summary_large_image\" \/>\n<meta name=\"twitter:label1\" content=\"Gesch\u00e4tzte Lesezeit\" \/>\n\t<meta name=\"twitter:data1\" content=\"5\u00a0Minuten\" \/>\n<!-- \/ Yoast SEO plugin. -->","yoast_head_json":{"title":"Lucky Jet promo code 1win | Wie man den promocode Lucky Jet Game benutzt","description":"Lucky Jet Promo Code und Bonus bei 1Win Casino. Wie aktiviert man und wo findet man den Bonus Code Lucky Jet Game? Luckyjet Bonus Voucher - Holen Sie sich Ihre Belohnung.","robots":{"index":"index","follow":"follow","max-snippet":"max-snippet:-1","max-image-preview":"max-image-preview:large","max-video-preview":"max-video-preview:-1"},"canonical":"https:\/\/luckyjet-games.com\/de\/lucky-jet-promo-code\/","og_locale":"de_DE","og_type":"article","og_title":"Lucky Jet promo code 1win | How to use the promocode Lucky Jet Game","og_description":"Lucky Jet Promo Code and Bonus at 1Win Casino. How to Activate and Where to Find Bonus Code Lucky Jet Game? Luckyjet Bonus Voucher - Get your Reward.","og_url":"https:\/\/luckyjet-games.com\/de\/lucky-jet-promo-code\/","og_site_name":"Lucky Jet Games","article_modified_time":"2024-03-13T19:00:42+00:00","og_image":[{"url":"https:\/\/luckyjet-games.com\/wp-content\/uploads\/2023\/04\/LUCKY4444-1024x1024.jpg","type":"","width":"","height":""}],"twitter_card":"summary_large_image","twitter_misc":{"Gesch\u00e4tzte Lesezeit":"5\u00a0Minuten"},"schema":{"@context":"https:\/\/schema.org","@graph":[{"@type":"WebPage","@id":"https:\/\/luckyjet-games.com\/lucky-jet-promo-code\/","url":"https:\/\/luckyjet-games.com\/lucky-jet-promo-code\/","name":"Lucky Jet promo code 1win | Wie man den promocode Lucky Jet Game benutzt","isPartOf":{"@id":"https:\/\/luckyjet-games.com\/de\/#website"},"primaryImageOfPage":{"@id":"https:\/\/luckyjet-games.com\/lucky-jet-promo-code\/#primaryimage"},"image":{"@id":"https:\/\/luckyjet-games.com\/lucky-jet-promo-code\/#primaryimage"},"thumbnailUrl":"https:\/\/luckyjet-games.com\/wp-content\/uploads\/2023\/04\/LUCKY4444-1024x1024.jpg","datePublished":"2022-12-20T11:11:31+00:00","dateModified":"2024-03-13T19:00:42+00:00","description":"Lucky Jet Promo Code und Bonus bei 1Win Casino. Wie aktiviert man und wo findet man den Bonus Code Lucky Jet Game? Luckyjet Bonus Voucher - Holen Sie sich Ihre Belohnung.","breadcrumb":{"@id":"https:\/\/luckyjet-games.com\/lucky-jet-promo-code\/#breadcrumb"},"inLanguage":"de","potentialAction":[{"@type":"ReadAction","target":["https:\/\/luckyjet-games.com\/lucky-jet-promo-code\/"]}]},{"@type":"ImageObject","inLanguage":"de","@id":"https:\/\/luckyjet-games.com\/lucky-jet-promo-code\/#primaryimage","url":"https:\/\/luckyjet-games.com\/wp-content\/uploads\/2023\/04\/LUCKY4444-1024x1024.jpg","contentUrl":"https:\/\/luckyjet-games.com\/wp-content\/uploads\/2023\/04\/LUCKY4444-1024x1024.jpg"},{"@type":"BreadcrumbList","@id":"https:\/\/luckyjet-games.com\/lucky-jet-promo-code\/#breadcrumb","itemListElement":[{"@type":"ListItem","position":1,"name":"Home","item":"https:\/\/luckyjet-games.com\/"},{"@type":"ListItem","position":2,"name":"Lucky Jet Promo Code and Bonus"}]},{"@type":"WebSite","@id":"https:\/\/luckyjet-games.com\/de\/#website","url":"https:\/\/luckyjet-games.com\/de\/","name":"Lucky Jet Spiele","description":"","publisher":{"@id":"https:\/\/luckyjet-games.com\/de\/#organization"},"potentialAction":[{"@type":"SearchAction","target":{"@type":"EntryPoint","urlTemplate":"https:\/\/luckyjet-games.com\/de\/?s={search_term_string}"},"query-input":{"@type":"PropertyValueSpecification","valueRequired":true,"valueName":"search_term_string"}}],"inLanguage":"de"},{"@type":"Organization","@id":"https:\/\/luckyjet-games.com\/de\/#organization","name":"Lucky Jet Spiele","url":"https:\/\/luckyjet-games.com\/de\/","logo":{"@type":"ImageObject","inLanguage":"de","@id":"https:\/\/luckyjet-games.com\/de\/#\/schema\/logo\/image\/","url":"https:\/\/luckyjet-games.com\/wp-content\/uploads\/2022\/10\/Lucky-Jet-Game.png","contentUrl":"https:\/\/luckyjet-games.com\/wp-content\/uploads\/2022\/10\/Lucky-Jet-Game.png","width":711,"height":599,"caption":"Lucky Jet Games"},"image":{"@id":"https:\/\/luckyjet-games.com\/de\/#\/schema\/logo\/image\/"}}]}},"_links":{"self":[{"href":"https:\/\/luckyjet-games.com\/de\/wp-json\/wp\/v2\/pages\/250","targetHints":{"allow":["GET"]}}],"collection":[{"href":"https:\/\/luckyjet-games.com\/de\/wp-json\/wp\/v2\/pages"}],"about":[{"href":"https:\/\/luckyjet-games.com\/de\/wp-json\/wp\/v2\/types\/page"}],"author":[{"embeddable":true,"href":"https:\/\/luckyjet-games.com\/de\/wp-json\/wp\/v2\/users\/2"}],"replies":[{"embeddable":true,"href":"https:\/\/luckyjet-games.com\/de\/wp-json\/wp\/v2\/comments?post=250"}],"version-history":[{"count":0,"href":"https:\/\/luckyjet-games.com\/de\/wp-json\/wp\/v2\/pages\/250\/revisions"}],"wp:attachment":[{"href":"https:\/\/luckyjet-games.com\/de\/wp-json\/wp\/v2\/media?parent=250"}],"curies":[{"name":"wp","href":"https:\/\/api.w.org\/{rel}","templated":true}]}}