{"id":60,"date":"2022-10-11T08:03:52","date_gmt":"2022-10-11T08:03:52","guid":{"rendered":"https:\/\/luckyjet-games.com\/?page_id=60"},"modified":"2024-03-12T18:07:28","modified_gmt":"2024-03-12T18:07:28","slug":"lucky-jet-predictor-apk-download","status":"publish","type":"page","link":"https:\/\/luckyjet-games.com\/cs\/lucky-jet-predictor-apk-download\/","title":{"rendered":"Lucky Jet Predictor APK ke sta\u017een\u00ed"},"content":{"rendered":"<div style=\"text-align: center;\"><a class=\"glow-button\" href=\"#go\" data-go=\"go\">Hr\u00e1t hru Lucky Jet<\/a><\/div>\n<div id=\"attachment_33\" style=\"width: 924px\" class=\"wp-caption aligncenter\"><a href=\"#go\" data-go=\"go\"><img decoding=\"async\" aria-describedby=\"caption-attachment-33\" class=\"wp-image-33\" title=\"Hra Lucky Jet\" src=\"https:\/\/luckyjet-games.com\/wp-content\/uploads\/2022\/10\/Jucky-Jet-Game-1024x532.jpg\" alt=\"Hra Lucky Jet\" width=\"924\" height=\"480\" srcset=\"https:\/\/luckyjet-games.com\/wp-content\/uploads\/2022\/10\/Jucky-Jet-Game-1024x532.jpg 1024w, https:\/\/luckyjet-games.com\/wp-content\/uploads\/2022\/10\/Jucky-Jet-Game-300x156.jpg 300w, https:\/\/luckyjet-games.com\/wp-content\/uploads\/2022\/10\/Jucky-Jet-Game-768x399.jpg 768w, https:\/\/luckyjet-games.com\/wp-content\/uploads\/2022\/10\/Jucky-Jet-Game-77x40.jpg 77w, https:\/\/luckyjet-games.com\/wp-content\/uploads\/2022\/10\/Jucky-Jet-Game-62x32.jpg 62w, https:\/\/luckyjet-games.com\/wp-content\/uploads\/2022\/10\/Jucky-Jet-Game-154x80.jpg 154w, https:\/\/luckyjet-games.com\/wp-content\/uploads\/2022\/10\/Jucky-Jet-Game-260x135.jpg 260w, https:\/\/luckyjet-games.com\/wp-content\/uploads\/2022\/10\/Jucky-Jet-Game.jpg 1089w\" sizes=\"(max-width: 924px) 100vw, 924px\" \/><\/a><p id=\"caption-attachment-33\" class=\"wp-caption-text\">Hra Lucky Jet<\/p><\/div>\n<p>M\u016f\u017eete si st\u00e1hnout libovolnou verzi <a href=\"https:\/\/luckyjet-games.com\/cs\/\">Lucky Jet<\/a> Prediktor. Pokud chcete nainstalovat aplikaci Lucky Jet Predictor do sv\u00e9ho mobiln\u00edho za\u0159\u00edzen\u00ed, mus\u00ed m\u00edt syst\u00e9m Android 2.3 nebo vy\u0161\u0161\u00ed. V\u0161echny verze aplikace Lucky Jet Predictor jsou k dispozici prost\u0159ednictv\u00edm slu\u017eby Android Top a m\u016f\u017eete ji z\u00edskat p\u0159\u00edmo do sv\u00e9ho telefonu nebo jin\u00e9ho za\u0159\u00edzen\u00ed se syst\u00e9mem Android. K tomu budete pot\u0159ebovat emul\u00e1tory; pokud v\u0161ak emul\u00e1tory pou\u017e\u00edv\u00e1te, m\u016f\u017eete Lucky Jet Cheat Predictor pou\u017e\u00edvat i na po\u010d\u00edta\u010di.<\/p>\n<div id=\"ez-toc-container\" class=\"ez-toc-v2_0_75 counter-hierarchy ez-toc-counter ez-toc-grey ez-toc-container-direction\">\n<div class=\"ez-toc-title-container\">\n<p class=\"ez-toc-title\" style=\"cursor:inherit\">Obsah<\/p>\n<span class=\"ez-toc-title-toggle\"><a href=\"#\" class=\"ez-toc-pull-right ez-toc-btn ez-toc-btn-xs ez-toc-btn-default ez-toc-toggle\" aria-label=\"P\u0159epnut\u00ed tabulky obsahu\"><span class=\"ez-toc-js-icon-con\"><span class=\"\"><span class=\"eztoc-hide\" style=\"display:none;\">P\u0159ep\u00edna\u010d<\/span><span class=\"ez-toc-icon-toggle-span\"><svg style=\"fill: #999;color:#999\" xmlns=\"http:\/\/www.w3.org\/2000\/svg\" class=\"list-377408\" width=\"20px\" height=\"20px\" viewbox=\"0 0 24 24\" fill=\"none\"><path d=\"M6 6H4v2h2V6zm14 0H8v2h12V6zM4 11h2v2H4v-2zm16 0H8v2h12v-2zM4 16h2v2H4v-2zm16 0H8v2h12v-2z\" fill=\"currentColor\"><\/path><\/svg><svg style=\"fill: #999;color:#999\" class=\"arrow-unsorted-368013\" xmlns=\"http:\/\/www.w3.org\/2000\/svg\" width=\"10px\" height=\"10px\" viewbox=\"0 0 24 24\" version=\"1.2\" baseprofile=\"tiny\"><path d=\"M18.2 9.3l-6.2-6.3-6.2 6.3c-.2.2-.3.4-.3.7s.1.5.3.7c.2.2.4.3.7.3h11c.3 0 .5-.1.7-.3.2-.2.3-.5.3-.7s-.1-.5-.3-.7zM5.8 14.7l6.2 6.3 6.2-6.3c.2-.2.3-.5.3-.7s-.1-.5-.3-.7c-.2-.2-.4-.3-.7-.3h-11c-.3 0-.5.1-.7.3-.2.2-.3.5-.3.7s.1.5.3.7z\"\/><\/svg><\/span><\/span><\/span><\/a><\/span><\/div>\n<nav><ul class='ez-toc-list ez-toc-list-level-1 eztoc-toggle-hide-by-default' ><li class='ez-toc-page-1 ez-toc-heading-level-2'><a class=\"ez-toc-link ez-toc-heading-1\" href=\"https:\/\/luckyjet-games.com\/cs\/lucky-jet-predictor-apk-download\/#How_to_Download_Lucky_Jet_Predictor_for_Android\" >Jak st\u00e1hnout Lucky Jet Predictor pro Android?<\/a><\/li><li class='ez-toc-page-1 ez-toc-heading-level-2'><a class=\"ez-toc-link ez-toc-heading-2\" href=\"https:\/\/luckyjet-games.com\/cs\/lucky-jet-predictor-apk-download\/#How_to_Install_Lucky_Jet_Cheat_Predictor_APK_on_Windows\" >Jak nainstalovat Lucky Jet Cheat Predictor APK v syst\u00e9mu Windows?<\/a><\/li><li class='ez-toc-page-1 ez-toc-heading-level-2'><a class=\"ez-toc-link ez-toc-heading-3\" href=\"https:\/\/luckyjet-games.com\/cs\/lucky-jet-predictor-apk-download\/#How_to_Hack_Lucky_Jet_Game\" >Jak hacknout hru Lucky Jet?<\/a><\/li><li class='ez-toc-page-1 ez-toc-heading-level-2'><a class=\"ez-toc-link ez-toc-heading-4\" href=\"https:\/\/luckyjet-games.com\/cs\/lucky-jet-predictor-apk-download\/#How_to_Use_Lucky_Jet_Cheat_Predictor\" >Jak pou\u017e\u00edvat Lucky Jet Cheat Predictor?<\/a><\/li><li class='ez-toc-page-1 ez-toc-heading-level-2'><a class=\"ez-toc-link ez-toc-heading-5\" href=\"https:\/\/luckyjet-games.com\/cs\/lucky-jet-predictor-apk-download\/#What_is_Lucky_Jet_Signals_Telegram_and_How_its_work\" >Co je Lucky Jet Signals Telegram a jak funguje?<\/a><\/li><li class='ez-toc-page-1 ez-toc-heading-level-2'><a class=\"ez-toc-link ez-toc-heading-6\" href=\"https:\/\/luckyjet-games.com\/cs\/lucky-jet-predictor-apk-download\/#Conclusion\" >Z\u00e1v\u011br<\/a><\/li><\/ul><\/nav><\/div>\n<h2><span class=\"ez-toc-section\" id=\"How_to_Download_Lucky_Jet_Predictor_for_Android\"><\/span>Jak st\u00e1hnout Lucky Jet Predictor pro Android?<span class=\"ez-toc-section-end\"><\/span><\/h2>\n<ul>\n<li>V za\u0159\u00edzen\u00ed se syst\u00e9mem Android p\u0159ejd\u011bte do obchodu Google Play.<\/li>\n<li>Do vyhled\u00e1vac\u00edho \u0159\u00e1dku zadejte \"Lucky Jet Predictor\".<\/li>\n<li>Kdy\u017e se aplikace zobraz\u00ed ve v\u00fdsledc\u00edch vyhled\u00e1v\u00e1n\u00ed, vyberte ji.<\/li>\n<li>Klepn\u011bte na mo\u017enost \"Instalovat\".<\/li>\n<li>Po\u010dkejte, a\u017e se Lucky Jet Predictor dokon\u010d\u00ed stahov\u00e1n\u00ed a instalace do va\u0161eho za\u0159\u00edzen\u00ed.<\/li>\n<li>Po dokon\u010den\u00ed m\u016f\u017eete aplikaci za\u010d\u00edt pou\u017e\u00edvat!<\/li>\n<\/ul>\n<div id=\"attachment_65\" style=\"width: 496px\" class=\"wp-caption aligncenter\"><a href=\"#go\" data-go=\"go\"><img decoding=\"async\" aria-describedby=\"caption-attachment-65\" class=\"wp-image-65 size-full\" title=\"Lucky Jet Cheat\" src=\"https:\/\/luckyjet-games.com\/wp-content\/uploads\/2022\/10\/Jucky-Jet-Signals-Telegram.jpg\" alt=\"Lucky Jet Cheat\" width=\"496\" height=\"200\" srcset=\"https:\/\/luckyjet-games.com\/wp-content\/uploads\/2022\/10\/Jucky-Jet-Signals-Telegram.jpg 496w, https:\/\/luckyjet-games.com\/wp-content\/uploads\/2022\/10\/Jucky-Jet-Signals-Telegram-300x121.jpg 300w, https:\/\/luckyjet-games.com\/wp-content\/uploads\/2022\/10\/Jucky-Jet-Signals-Telegram-99x40.jpg 99w, https:\/\/luckyjet-games.com\/wp-content\/uploads\/2022\/10\/Jucky-Jet-Signals-Telegram-79x32.jpg 79w, https:\/\/luckyjet-games.com\/wp-content\/uploads\/2022\/10\/Jucky-Jet-Signals-Telegram-198x80.jpg 198w, https:\/\/luckyjet-games.com\/wp-content\/uploads\/2022\/10\/Jucky-Jet-Signals-Telegram-335x135.jpg 335w\" sizes=\"(max-width: 496px) 100vw, 496px\" \/><\/a><p id=\"caption-attachment-65\" class=\"wp-caption-text\">Lucky Jet Cheat<\/p><\/div>\n<div style=\"text-align: center;\"><a class=\"glow-button\" href=\"#go\" data-go=\"go\">St\u00e1hnout a hr\u00e1t hru Lucky Jet<\/a><\/div>\n<h2><span class=\"ez-toc-section\" id=\"How_to_Install_Lucky_Jet_Cheat_Predictor_APK_on_Windows\"><\/span>Jak nainstalovat Lucky Jet Cheat Predictor APK v syst\u00e9mu Windows?<span class=\"ez-toc-section-end\"><\/span><\/h2>\n<ul>\n<li>Nejprve je t\u0159eba do po\u010d\u00edta\u010de nainstalovat emul\u00e1tor syst\u00e9mu Android. Doporu\u010dujeme pou\u017e\u00edt Bluestacks.<\/li>\n<li>Po instalaci emul\u00e1toru jej spus\u0165te a p\u0159ihlaste se pomoc\u00ed \u00fa\u010dtu Google.<\/li>\n<li>V Obchod\u011b Play vyhledejte polo\u017eku \"Lucky Jet Cheat Predictor\".<\/li>\n<li>Nainstalujte si aplikaci.<\/li>\n<li>Spus\u0165te Lucky Jet Cheat Predictor.<\/li>\n<li>Nyn\u00ed byste m\u011bli b\u00fdt schopni pou\u017e\u00edvat aplikaci v po\u010d\u00edta\u010di!<\/li>\n<\/ul>\n<div id=\"attachment_64\" style=\"width: 224px\" class=\"wp-caption aligncenter\"><a href=\"#go\" data-go=\"go\"><img decoding=\"async\" aria-describedby=\"caption-attachment-64\" class=\"wp-image-64 size-full\" title=\"Prediktor Lucky Jet\" src=\"https:\/\/luckyjet-games.com\/wp-content\/uploads\/2022\/10\/Jucky-Jet-Predictor.jpg\" alt=\"Prediktor Lucky Jet\" width=\"224\" height=\"478\" srcset=\"https:\/\/luckyjet-games.com\/wp-content\/uploads\/2022\/10\/Jucky-Jet-Predictor.jpg 224w, https:\/\/luckyjet-games.com\/wp-content\/uploads\/2022\/10\/Jucky-Jet-Predictor-141x300.jpg 141w, https:\/\/luckyjet-games.com\/wp-content\/uploads\/2022\/10\/Jucky-Jet-Predictor-19x40.jpg 19w, https:\/\/luckyjet-games.com\/wp-content\/uploads\/2022\/10\/Jucky-Jet-Predictor-15x32.jpg 15w, https:\/\/luckyjet-games.com\/wp-content\/uploads\/2022\/10\/Jucky-Jet-Predictor-37x80.jpg 37w, https:\/\/luckyjet-games.com\/wp-content\/uploads\/2022\/10\/Jucky-Jet-Predictor-63x135.jpg 63w\" sizes=\"(max-width: 224px) 100vw, 224px\" \/><\/a><p id=\"caption-attachment-64\" class=\"wp-caption-text\">Prediktor Lucky Jet<\/p><\/div>\n<div style=\"text-align: center;\"><a class=\"glow-button\" href=\"#go\" data-go=\"go\">P\u0159ehr\u00e1t Lucky Jet<\/a><\/div>\n<h2><span class=\"ez-toc-section\" id=\"How_to_Hack_Lucky_Jet_Game\"><\/span>Jak hacknout hru Lucky Jet?<span class=\"ez-toc-section-end\"><\/span><\/h2>\n<p>Existuje mnoho zp\u016fsob\u016f, jak hacknout Lucky Jet. M\u016f\u017eete pou\u017e\u00edt upraven\u00e9 APK, lucky patcher, game killer nebo aplikaci Freedom.<\/p>\n<ul>\n<li>Modifikovan\u00e9 soubory APK: M\u016f\u017eete naj\u00edt modifikovan\u00e9 APK Lucky Jet na m\u00edstech, jako je APKPure.com.<\/li>\n<li>Lucky Patcher: Lucky Patcher je aplikace pro Android, kter\u00e1 umo\u017e\u0148uje m\u011bnit opr\u00e1vn\u011bn\u00ed aplikac\u00ed a obch\u00e1zet n\u00e1kupy v aplikac\u00edch.<\/li>\n<li>Hra Killer: Game Killer je aplikace pro Android, kter\u00e1 umo\u017e\u0148uje upravovat hry a z\u00edsk\u00e1vat neomezen\u00e9 zdroje.<\/li>\n<li>Aplikace Freedom: Freedom App je aplikace pro Android, kter\u00e1 umo\u017e\u0148uje obej\u00edt n\u00e1kupy v aplikac\u00edch.<\/li>\n<\/ul>\n<h2><span class=\"ez-toc-section\" id=\"How_to_Use_Lucky_Jet_Cheat_Predictor\"><\/span>Jak pou\u017e\u00edvat Lucky Jet Cheat Predictor?<span class=\"ez-toc-section-end\"><\/span><\/h2>\n<ul>\n<li>Po nainstalov\u00e1n\u00ed aplikace ji spus\u0165te a p\u0159ihlaste se pomoc\u00ed \u00fa\u010dtu Google.<\/li>\n<li>Vyberte hru, kterou chcete hacknout.<\/li>\n<li>Vyberte prost\u0159edky, kter\u00e9 chcete vygenerovat.<\/li>\n<li>Klepn\u011bte na mo\u017enost \"Generovat\".<\/li>\n<li>Po\u010dkejte na vygenerov\u00e1n\u00ed prost\u0159edk\u016f.<\/li>\n<li>Nyn\u00ed m\u016f\u017eete ve h\u0159e pou\u017e\u00edvat zdroje!<\/li>\n<\/ul>\n<h2><span class=\"ez-toc-section\" id=\"What_is_Lucky_Jet_Signals_Telegram_and_How_its_work\"><\/span>Co je Lucky Jet Signals Telegram a jak funguje?<span class=\"ez-toc-section-end\"><\/span><\/h2>\n<p>Lucky Jet Signals Telegram je bot, kter\u00fd v\u00e1m pos\u00edl\u00e1 hern\u00ed tipy a triky Lucky Jet.<\/p>\n<ol>\n<li>Chcete-li bota pou\u017e\u00edvat, p\u0159idejte si ho do skupiny Lucky Jet Telegram.<\/li>\n<li>Po p\u0159id\u00e1n\u00ed bota Lucky Jet zadejte p\u0159\u00edkaz \"\/start\" a za\u010dn\u011bte.<\/li>\n<li>Pot\u00e9 v\u00e1m bot po\u0161le zpr\u00e1vu s odkazem na tah\u00e1k Lucky Jet.<\/li>\n<li>Cheat Sheet Lucky Jet je PDF soubor, kter\u00fd obsahuje v\u0161echny cheaty a tipy pro Lucky Jet.<\/li>\n<li>M\u016f\u017eete tak\u00e9 zadat p\u0159\u00edkaz \"\/help\" a zobrazit seznam v\u0161ech p\u0159\u00edkaz\u016f, kter\u00e9 bot podporuje.<\/li>\n<\/ol>\n<div id=\"attachment_66\" style=\"width: 682px\" class=\"wp-caption aligncenter\"><a href=\"#go\" data-go=\"go\"><img decoding=\"async\" aria-describedby=\"caption-attachment-66\" class=\"wp-image-66 size-full\" title=\"Lucky Jet Sign\u00e1ly Telegram\" src=\"https:\/\/luckyjet-games.com\/wp-content\/uploads\/2022\/10\/Jucky-Jet-Signals-Telegram-Bot.jpg\" alt=\"Lucky Jet Sign\u00e1ly Telegram\" width=\"682\" height=\"392\" srcset=\"https:\/\/luckyjet-games.com\/wp-content\/uploads\/2022\/10\/Jucky-Jet-Signals-Telegram-Bot.jpg 682w, https:\/\/luckyjet-games.com\/wp-content\/uploads\/2022\/10\/Jucky-Jet-Signals-Telegram-Bot-300x172.jpg 300w, https:\/\/luckyjet-games.com\/wp-content\/uploads\/2022\/10\/Jucky-Jet-Signals-Telegram-Bot-70x40.jpg 70w, https:\/\/luckyjet-games.com\/wp-content\/uploads\/2022\/10\/Jucky-Jet-Signals-Telegram-Bot-56x32.jpg 56w, https:\/\/luckyjet-games.com\/wp-content\/uploads\/2022\/10\/Jucky-Jet-Signals-Telegram-Bot-139x80.jpg 139w, https:\/\/luckyjet-games.com\/wp-content\/uploads\/2022\/10\/Jucky-Jet-Signals-Telegram-Bot-235x135.jpg 235w\" sizes=\"(max-width: 682px) 100vw, 682px\" \/><\/a><p id=\"caption-attachment-66\" class=\"wp-caption-text\">Lucky Jet Sign\u00e1ly Telegram<\/p><\/div>\n<div style=\"text-align: center;\"><a class=\"glow-button\" href=\"#go\" data-go=\"go\">Hr\u00e1t hru Lucky Jet<\/a><\/div>\n<h2><span class=\"ez-toc-section\" id=\"Conclusion\"><\/span>Z\u00e1v\u011br<span class=\"ez-toc-section-end\"><\/span><\/h2>\n<p class=\"translation-block\">Lucky Jet Predictor je aplikace, kter\u00e1 p\u0159edpov\u00edd\u00e1 \u0161\u0165astn\u00e1 \u010d\u00edsla pro popul\u00e1rn\u00ed \u010d\u00ednskou hru Lucky Jet. Aplikace je k dispozici ke sta\u017een\u00ed pro Android a Windows. Aplikaci m\u016f\u017eete tak\u00e9 pou\u017e\u00edt k hacknut\u00ed <a href=\"https:\/\/luckyjet-games.com\/cs\/\" target=\"_self\">hry Lucky Jet<\/a> a z\u00edskat neomezen\u00e9 mno\u017estv\u00ed zdroj\u016f. Bot tak\u00e9 poskytuje tah\u00e1k pro Lucky Jet, kter\u00fd obsahuje v\u0161echny p\u0159edpov\u011bdi a tipy pro Lucky Jet.<\/p>\n<div class=\"author-card author-card--top\"><img alt='Fotografie avatara' src='https:\/\/luckyjet-games.com\/wp-content\/uploads\/2023\/03\/Chris-Hodge-130x130.jpg' srcset='https:\/\/luckyjet-games.com\/wp-content\/uploads\/2023\/03\/Chris-Hodge-260x260.jpg 2x' class='avatar avatar-130 photo author-image' height='130' width='130' \/><div class=\"author-content text-md-center\"><span class=\"author-title\">Autor<\/span><a href=\"https:\/\/luckyjet-games.com\/cs\/author\/chris-hodge\/\" class=\"author-name\">Chris Hodge<\/a><p class=\"author__details\">Chris Hodge je odborn\u00edk na hazardn\u00ed hry. Kasinov\u00e9 hry hraje a studuje ji\u017e v\u00edce ne\u017e 10 let. Za tu dobu si vytvo\u0159il dokonal\u00fd p\u0159ehled o strategi\u00edch a mechanismech v\u0161ech her v kasinu.<br \/>\r\n<br \/>\r\nD\u00edky sv\u00fdm znalostem a zku\u0161enostem se Chris stal pravideln\u00fdm p\u0159isp\u011bvatelem n\u011bkolika \u0161pi\u010dkov\u00fdch publikac\u00ed o hazardn\u00edch hr\u00e1ch. Kasina ho tak\u00e9 \u010dasto vyz\u00fdvaj\u00ed, aby jim poskytl odborn\u00e9 rady ohledn\u011b nov\u00fdch her a propaga\u010dn\u00edch akc\u00ed.<\/p><\/div><!-- \/.author-content --><\/div>","protected":false},"excerpt":{"rendered":"<p>Hr\u00e1t hru Lucky Jet M\u016f\u017eete si st\u00e1hnout libovolnou verzi hry Lucky Jet Predictor. Pokud si chcete nainstalovat Lucky Jet Predictor do sv\u00e9ho mobiln\u00edho za\u0159\u00edzen\u00ed, mus\u00ed m\u00edt Android 2.3 nebo vy\u0161\u0161\u00ed. V\u0161echny verze hry Lucky Jet Predictor jsou k dispozici prost\u0159ednictv\u00edm slu\u017eby Android Top a m\u016f\u017eete ji z\u00edskat p\u0159\u00edmo do sv\u00e9ho telefonu nebo jin\u00e9ho za\u0159\u00edzen\u00ed s opera\u010dn\u00edm syst\u00e9mem Android.<\/p>","protected":false},"author":2,"featured_media":62,"parent":0,"menu_order":0,"comment_status":"closed","ping_status":"closed","template":"page-no-sidebar.php","meta":{"_acf_changed":false,"footnotes":""},"class_list":["post-60","page","type-page","status-publish","has-post-thumbnail","hentry"],"acf":[],"yoast_head":"<!-- This site is optimized with the Yoast SEO plugin v26.7 - https:\/\/yoast.com\/wordpress\/plugins\/seo\/ -->\n<title>Lucky Jet Predictor - How to Hack Lucky Jet | Signals Telegram Bot<\/title>\n<meta name=\"description\" content=\"How to hack and use Lucky Jet Predictor APK. Lucky Jet Cheats and tips for winning \ud83d\ude80 Where to find predictions for Lucky Jet. Signals Telegram Bot\" \/>\n<meta name=\"robots\" content=\"index, follow, max-snippet:-1, max-image-preview:large, max-video-preview:-1\" \/>\n<link rel=\"canonical\" href=\"https:\/\/luckyjet-games.com\/cs\/lucky-jet-predictor-apk-download\/\" \/>\n<meta property=\"og:locale\" content=\"cs_CZ\" \/>\n<meta property=\"og:type\" content=\"article\" \/>\n<meta property=\"og:title\" content=\"Lucky Jet Predictor - How to Hack Lucky Jet | Signals Telegram Bot\" \/>\n<meta property=\"og:description\" content=\"How to hack and use Lucky Jet Predictor APK. Lucky Jet Cheats and tips for winning \ud83d\ude80 Where to find predictions for Lucky Jet. Signals Telegram Bot\" \/>\n<meta property=\"og:url\" content=\"https:\/\/luckyjet-games.com\/cs\/lucky-jet-predictor-apk-download\/\" \/>\n<meta property=\"og:site_name\" content=\"Lucky Jet Games\" \/>\n<meta property=\"article:modified_time\" content=\"2024-03-12T18:07:28+00:00\" \/>\n<meta property=\"og:image\" content=\"https:\/\/luckyjet-games.com\/wp-content\/uploads\/2022\/10\/Lucky-Jet-Hack.jpg\" \/>\n\t<meta property=\"og:image:width\" content=\"200\" \/>\n\t<meta property=\"og:image:height\" content=\"200\" \/>\n\t<meta property=\"og:image:type\" content=\"image\/jpeg\" \/>\n<meta name=\"twitter:card\" content=\"summary_large_image\" \/>\n<meta name=\"twitter:label1\" content=\"Odhadovan\u00e1 doba \u010dten\u00ed\" \/>\n\t<meta name=\"twitter:data1\" content=\"4 minuty\" \/>\n<!-- \/ Yoast SEO plugin. -->","yoast_head_json":{"title":"Lucky Jet Predictor - Jak Hack Lucky Jet | Sign\u00e1ly Telegram Bot","description":"Jak hacknout a pou\u017e\u00edvat Lucky Jet Predictor APK. Lucky Jet Cheaty a tipy na v\u00fdhru \ud83d\ude80 Kde naj\u00edt p\u0159edpov\u011bdi pro Lucky Jet. Sign\u00e1ly Telegram Bot","robots":{"index":"index","follow":"follow","max-snippet":"max-snippet:-1","max-image-preview":"max-image-preview:large","max-video-preview":"max-video-preview:-1"},"canonical":"https:\/\/luckyjet-games.com\/cs\/lucky-jet-predictor-apk-download\/","og_locale":"cs_CZ","og_type":"article","og_title":"Lucky Jet Predictor - How to Hack Lucky Jet | Signals Telegram Bot","og_description":"How to hack and use Lucky Jet Predictor APK. Lucky Jet Cheats and tips for winning \ud83d\ude80 Where to find predictions for Lucky Jet. Signals Telegram Bot","og_url":"https:\/\/luckyjet-games.com\/cs\/lucky-jet-predictor-apk-download\/","og_site_name":"Lucky Jet Games","article_modified_time":"2024-03-12T18:07:28+00:00","og_image":[{"width":200,"height":200,"url":"https:\/\/luckyjet-games.com\/wp-content\/uploads\/2022\/10\/Lucky-Jet-Hack.jpg","type":"image\/jpeg"}],"twitter_card":"summary_large_image","twitter_misc":{"Odhadovan\u00e1 doba \u010dten\u00ed":"4 minuty"},"schema":{"@context":"https:\/\/schema.org","@graph":[{"@type":"WebPage","@id":"https:\/\/luckyjet-games.com\/lucky-jet-predictor-apk-download\/","url":"https:\/\/luckyjet-games.com\/lucky-jet-predictor-apk-download\/","name":"Lucky Jet Predictor - Jak Hack Lucky Jet | Sign\u00e1ly Telegram Bot","isPartOf":{"@id":"https:\/\/luckyjet-games.com\/de\/#website"},"primaryImageOfPage":{"@id":"https:\/\/luckyjet-games.com\/lucky-jet-predictor-apk-download\/#primaryimage"},"image":{"@id":"https:\/\/luckyjet-games.com\/lucky-jet-predictor-apk-download\/#primaryimage"},"thumbnailUrl":"https:\/\/luckyjet-games.com\/wp-content\/uploads\/2022\/10\/Lucky-Jet-Hack.jpg","datePublished":"2022-10-11T08:03:52+00:00","dateModified":"2024-03-12T18:07:28+00:00","description":"Jak hacknout a pou\u017e\u00edvat Lucky Jet Predictor APK. Lucky Jet Cheaty a tipy na v\u00fdhru \ud83d\ude80 Kde naj\u00edt p\u0159edpov\u011bdi pro Lucky Jet. Sign\u00e1ly Telegram Bot","breadcrumb":{"@id":"https:\/\/luckyjet-games.com\/lucky-jet-predictor-apk-download\/#breadcrumb"},"inLanguage":"cs","potentialAction":[{"@type":"ReadAction","target":["https:\/\/luckyjet-games.com\/lucky-jet-predictor-apk-download\/"]}]},{"@type":"ImageObject","inLanguage":"cs","@id":"https:\/\/luckyjet-games.com\/lucky-jet-predictor-apk-download\/#primaryimage","url":"https:\/\/luckyjet-games.com\/wp-content\/uploads\/2022\/10\/Lucky-Jet-Hack.jpg","contentUrl":"https:\/\/luckyjet-games.com\/wp-content\/uploads\/2022\/10\/Lucky-Jet-Hack.jpg","width":200,"height":200,"caption":"Lucky Jet Hack"},{"@type":"BreadcrumbList","@id":"https:\/\/luckyjet-games.com\/lucky-jet-predictor-apk-download\/#breadcrumb","itemListElement":[{"@type":"ListItem","position":1,"name":"Home","item":"https:\/\/luckyjet-games.com\/"},{"@type":"ListItem","position":2,"name":"Lucky Jet Predictor APK Download"}]},{"@type":"WebSite","@id":"https:\/\/luckyjet-games.com\/de\/#website","url":"https:\/\/luckyjet-games.com\/de\/","name":"Lucky Jet Hry","description":"","publisher":{"@id":"https:\/\/luckyjet-games.com\/de\/#organization"},"potentialAction":[{"@type":"SearchAction","target":{"@type":"EntryPoint","urlTemplate":"https:\/\/luckyjet-games.com\/de\/?s={search_term_string}"},"query-input":{"@type":"PropertyValueSpecification","valueRequired":true,"valueName":"search_term_string"}}],"inLanguage":"cs"},{"@type":"Organization","@id":"https:\/\/luckyjet-games.com\/de\/#organization","name":"Lucky Jet Hry","url":"https:\/\/luckyjet-games.com\/de\/","logo":{"@type":"ImageObject","inLanguage":"cs","@id":"https:\/\/luckyjet-games.com\/de\/#\/schema\/logo\/image\/","url":"https:\/\/luckyjet-games.com\/wp-content\/uploads\/2022\/10\/Lucky-Jet-Game.png","contentUrl":"https:\/\/luckyjet-games.com\/wp-content\/uploads\/2022\/10\/Lucky-Jet-Game.png","width":711,"height":599,"caption":"Lucky Jet Games"},"image":{"@id":"https:\/\/luckyjet-games.com\/de\/#\/schema\/logo\/image\/"}}]}},"_links":{"self":[{"href":"https:\/\/luckyjet-games.com\/cs\/wp-json\/wp\/v2\/pages\/60","targetHints":{"allow":["GET"]}}],"collection":[{"href":"https:\/\/luckyjet-games.com\/cs\/wp-json\/wp\/v2\/pages"}],"about":[{"href":"https:\/\/luckyjet-games.com\/cs\/wp-json\/wp\/v2\/types\/page"}],"author":[{"embeddable":true,"href":"https:\/\/luckyjet-games.com\/cs\/wp-json\/wp\/v2\/users\/2"}],"replies":[{"embeddable":true,"href":"https:\/\/luckyjet-games.com\/cs\/wp-json\/wp\/v2\/comments?post=60"}],"version-history":[{"count":0,"href":"https:\/\/luckyjet-games.com\/cs\/wp-json\/wp\/v2\/pages\/60\/revisions"}],"wp:featuredmedia":[{"embeddable":true,"href":"https:\/\/luckyjet-games.com\/cs\/wp-json\/wp\/v2\/media\/62"}],"wp:attachment":[{"href":"https:\/\/luckyjet-games.com\/cs\/wp-json\/wp\/v2\/media?parent=60"}],"curies":[{"name":"wp","href":"https:\/\/api.w.org\/{rel}","templated":true}]}}