{"id":371,"date":"2023-10-27T15:00:00","date_gmt":"2023-10-27T15:00:00","guid":{"rendered":"https:\/\/luckyjet-games.com\/?page_id=371"},"modified":"2023-12-22T17:07:29","modified_gmt":"2023-12-22T17:07:29","slug":"rocket-gambling-game","status":"publish","type":"page","link":"https:\/\/luckyjet-games.com\/cs\/rocket-gambling-game\/","title":{"rendered":"Raketov\u00e1 hazardn\u00ed hra"},"content":{"rendered":"<div style=\"text-align: center;\"><a class=\"glow-button\" href=\"#go\" data-go=\"go\">Hrajte na Rocket Gambling Game \ud83d\ude80<\/a><\/div>\n<p>Pono\u0159te se do spletitosti hry Rocket Money, prozkoumejte jej\u00ed pravidla a nau\u010dte se strategie, jak maximalizovat sv\u00e9 v\u00fdnosy.<\/p>\n<div id=\"ez-toc-container\" class=\"ez-toc-v2_0_75 counter-hierarchy ez-toc-counter ez-toc-grey ez-toc-container-direction\">\n<div class=\"ez-toc-title-container\">\n<p class=\"ez-toc-title\" style=\"cursor:inherit\">Obsah<\/p>\n<span class=\"ez-toc-title-toggle\"><a href=\"#\" class=\"ez-toc-pull-right ez-toc-btn ez-toc-btn-xs ez-toc-btn-default ez-toc-toggle\" aria-label=\"P\u0159epnut\u00ed tabulky obsahu\"><span class=\"ez-toc-js-icon-con\"><span class=\"\"><span class=\"eztoc-hide\" style=\"display:none;\">P\u0159ep\u00edna\u010d<\/span><span class=\"ez-toc-icon-toggle-span\"><svg style=\"fill: #999;color:#999\" xmlns=\"http:\/\/www.w3.org\/2000\/svg\" class=\"list-377408\" width=\"20px\" height=\"20px\" viewbox=\"0 0 24 24\" fill=\"none\"><path d=\"M6 6H4v2h2V6zm14 0H8v2h12V6zM4 11h2v2H4v-2zm16 0H8v2h12v-2zM4 16h2v2H4v-2zm16 0H8v2h12v-2z\" fill=\"currentColor\"><\/path><\/svg><svg style=\"fill: #999;color:#999\" class=\"arrow-unsorted-368013\" xmlns=\"http:\/\/www.w3.org\/2000\/svg\" width=\"10px\" height=\"10px\" viewbox=\"0 0 24 24\" version=\"1.2\" baseprofile=\"tiny\"><path d=\"M18.2 9.3l-6.2-6.3-6.2 6.3c-.2.2-.3.4-.3.7s.1.5.3.7c.2.2.4.3.7.3h11c.3 0 .5-.1.7-.3.2-.2.3-.5.3-.7s-.1-.5-.3-.7zM5.8 14.7l6.2 6.3 6.2-6.3c.2-.2.3-.5.3-.7s-.1-.5-.3-.7c-.2-.2-.4-.3-.7-.3h-11c-.3 0-.5.1-.7.3-.2.2-.3.5-.3.7s.1.5.3.7z\"\/><\/svg><\/span><\/span><\/span><\/a><\/span><\/div>\n<nav><ul class='ez-toc-list ez-toc-list-level-1 eztoc-toggle-hide-by-default' ><li class='ez-toc-page-1 ez-toc-heading-level-2'><a class=\"ez-toc-link ez-toc-heading-1\" href=\"https:\/\/luckyjet-games.com\/cs\/rocket-gambling-game\/#Introduction_to_Rocket_Gambling\" >\u00davod do raketov\u00e9ho hazardu<\/a><\/li><li class='ez-toc-page-1 ez-toc-heading-level-2'><a class=\"ez-toc-link ez-toc-heading-2\" href=\"https:\/\/luckyjet-games.com\/cs\/rocket-gambling-game\/#How_to_Play_the_Rocket_Money_Game\" >Jak hr\u00e1t hru Rocket Money<\/a><\/li><li class='ez-toc-page-1 ez-toc-heading-level-2'><a class=\"ez-toc-link ez-toc-heading-3\" href=\"https:\/\/luckyjet-games.com\/cs\/rocket-gambling-game\/#Key_Features_of_Rocket_Betting\" >Kl\u00ed\u010dov\u00e9 vlastnosti raketov\u00e9ho s\u00e1zen\u00ed<\/a><\/li><li class='ez-toc-page-1 ez-toc-heading-level-2'><a class=\"ez-toc-link ez-toc-heading-4\" href=\"https:\/\/luckyjet-games.com\/cs\/rocket-gambling-game\/#Rocket_Gambling_on_Mobile\" >Raketov\u00e9 hazardn\u00ed hry na mobilu<\/a><\/li><li class='ez-toc-page-1 ez-toc-heading-level-2'><a class=\"ez-toc-link ez-toc-heading-5\" href=\"https:\/\/luckyjet-games.com\/cs\/rocket-gambling-game\/#A_Safe_and_Exciting_Alternative\" >Bezpe\u010dn\u00e1 a vzru\u0161uj\u00edc\u00ed alternativa<\/a><\/li><li class='ez-toc-page-1 ez-toc-heading-level-2'><a class=\"ez-toc-link ez-toc-heading-6\" href=\"https:\/\/luckyjet-games.com\/cs\/rocket-gambling-game\/#FAQs\" >Nej\u010dast\u011bj\u0161\u00ed dotazy<\/a><ul class='ez-toc-list-level-3' ><li class='ez-toc-heading-level-3'><a class=\"ez-toc-link ez-toc-heading-7\" href=\"https:\/\/luckyjet-games.com\/cs\/rocket-gambling-game\/#Is_Rocket_Gambling_safe\" >Je Rocket Gambling bezpe\u010dn\u00fd?<\/a><\/li><li class='ez-toc-page-1 ez-toc-heading-level-3'><a class=\"ez-toc-link ez-toc-heading-8\" href=\"https:\/\/luckyjet-games.com\/cs\/rocket-gambling-game\/#Can_I_play_Rocket_Gambling_on_mobile\" >Mohu hr\u00e1t Rocket Gambling na mobilu?<\/a><\/li><li class='ez-toc-page-1 ez-toc-heading-level-3'><a class=\"ez-toc-link ez-toc-heading-9\" href=\"https:\/\/luckyjet-games.com\/cs\/rocket-gambling-game\/#How_do_I_cash_out\" >Jak mohu vybrat pen\u00edze?<\/a><\/li><li class='ez-toc-page-1 ez-toc-heading-level-3'><a class=\"ez-toc-link ez-toc-heading-10\" href=\"https:\/\/luckyjet-games.com\/cs\/rocket-gambling-game\/#How_do_Rocket_Betting_Games_ensure_fairness\" >Jak Rocket Betting Games zaji\u0161\u0165uje f\u00e9rovost?<\/a><\/li><li class='ez-toc-page-1 ez-toc-heading-level-3'><a class=\"ez-toc-link ez-toc-heading-11\" href=\"https:\/\/luckyjet-games.com\/cs\/rocket-gambling-game\/#Can_I_win_real_money_in_Rocket_Betting_Games\" >Mohu vyhr\u00e1t skute\u010dn\u00e9 pen\u00edze v Rocket Betting Games?<\/a><\/li><\/ul><\/li><\/ul><\/nav><\/div>\n<h2><span class=\"ez-toc-section\" id=\"Introduction_to_Rocket_Gambling\"><\/span><strong>\u00davod do raketov\u00e9ho hazardu<\/strong><span class=\"ez-toc-section-end\"><\/span><\/h2>\n<p>Rocket Gambling nab\u00edz\u00ed vzru\u0161uj\u00edc\u00ed z\u00e1\u017eitek, kdy vzru\u0161en\u00ed za\u010d\u00edn\u00e1 ve chv\u00edli, kdy odp\u00e1l\u00edte raketu. Jak stoup\u00e1, jste odm\u011bn\u011bni n\u00e1sob\u00edc\u00edmi faktory. Dos\u00e1hn\u011bte vysok\u00fdch v\u00fd\u0161ek a\u017e 1 000x a u\u017e\u00edvejte si vynikaj\u00edc\u00ed odm\u011bny, zn\u00e1sobte sv\u016fj po\u010d\u00e1te\u010dn\u00ed vklad a\u017e ohromuj\u00edc\u00edm 1 000kr\u00e1t.<\/p>\n<div id=\"attachment_372\" style=\"width: 988px\" class=\"wp-caption aligncenter\"><img decoding=\"async\" aria-describedby=\"caption-attachment-372\" class=\"wp-image-372 size-full\" title=\"Hra o raketov\u00e9 pen\u00edze\" src=\"https:\/\/luckyjet-games.com\/wp-content\/uploads\/2023\/10\/Rocket-Money-Game.jpg\" alt=\"Hra o raketov\u00e9 pen\u00edze\" width=\"988\" height=\"470\" srcset=\"https:\/\/luckyjet-games.com\/wp-content\/uploads\/2023\/10\/Rocket-Money-Game.jpg 988w, https:\/\/luckyjet-games.com\/wp-content\/uploads\/2023\/10\/Rocket-Money-Game-300x143.jpg 300w, https:\/\/luckyjet-games.com\/wp-content\/uploads\/2023\/10\/Rocket-Money-Game-768x365.jpg 768w, https:\/\/luckyjet-games.com\/wp-content\/uploads\/2023\/10\/Rocket-Money-Game-18x9.jpg 18w, https:\/\/luckyjet-games.com\/wp-content\/uploads\/2023\/10\/Rocket-Money-Game-84x40.jpg 84w, https:\/\/luckyjet-games.com\/wp-content\/uploads\/2023\/10\/Rocket-Money-Game-570x270.jpg 570w, https:\/\/luckyjet-games.com\/wp-content\/uploads\/2023\/10\/Rocket-Money-Game-67x32.jpg 67w, https:\/\/luckyjet-games.com\/wp-content\/uploads\/2023\/10\/Rocket-Money-Game-168x80.jpg 168w, https:\/\/luckyjet-games.com\/wp-content\/uploads\/2023\/10\/Rocket-Money-Game-284x135.jpg 284w\" sizes=\"(max-width: 988px) 100vw, 988px\" \/><p id=\"caption-attachment-372\" class=\"wp-caption-text\">Hra o raketov\u00e9 pen\u00edze<\/p><\/div>\n<h2><span class=\"ez-toc-section\" id=\"How_to_Play_the_Rocket_Money_Game\"><\/span><strong>Jak hr\u00e1t hru Rocket Money<\/strong><span class=\"ez-toc-section-end\"><\/span><\/h2>\n<ul>\n<li><strong>Nastaven\u00ed va\u0161eho \u00fa\u010dtu<\/strong>:\n<ul>\n<li>Za\u010dn\u011bte svou cestu registrac\u00ed na platform\u011b.<\/li>\n<li>V z\u00e1vislosti na zvolen\u00e9m pl\u00e1nu mo\u017en\u00e1 budete muset dokon\u010dit ov\u011b\u0159en\u00ed KYC (p\u0159edlo\u017eit pr\u00e1vn\u00ed dokumenty k ov\u011b\u0159en\u00ed identity).<\/li>\n<li>Vytvo\u0159te si jedine\u010dn\u00e9 u\u017eivatelsk\u00e9 jm\u00e9no a heslo pro sv\u016fj \u00fa\u010det. Ujist\u011bte se, \u017ee m\u00e1te zp\u016fsob komunikace pro ov\u011b\u0159en\u00ed \u00fa\u010dtu a bitcoinovou pen\u011b\u017eenku.<\/li>\n<\/ul>\n<\/li>\n<li><strong>Uzav\u0159en\u00ed s\u00e1zky<\/strong>:\n<ul>\n<li>Rozhodn\u011bte se, zda chcete hr\u00e1t ru\u010dn\u011b nebo automaticky.<\/li>\n<li>Vyberte si preferovanou kryptom\u011bnu, a a\u017e budete p\u0159ipraveni, zahajte v\u00fdb\u011br kdykoli.<\/li>\n<li>Manu\u00e1ln\u00ed s\u00e1zen\u00ed v\u00e1m poskytuje \u00faplnou kontrolu nad va\u0161imi rozhodnut\u00edmi. S AutoBet zefektivn\u011bte sv\u00e9 zku\u0161enosti t\u00edm, \u017ee si p\u0159edem ur\u010d\u00edte v\u00fd\u0161i s\u00e1zky a nastav\u00edte ide\u00e1ln\u00ed pom\u011br pro v\u00fdplatu.<\/li>\n<\/ul>\n<\/li>\n<\/ul>\n<div id=\"attachment_373\" style=\"width: 613px\" class=\"wp-caption aligncenter\"><img decoding=\"async\" aria-describedby=\"caption-attachment-373\" class=\"wp-image-373 size-full\" title=\"Raketov\u00e1 hra, kter\u00e1 vyd\u011bl\u00e1v\u00e1 pen\u00edze\" src=\"https:\/\/luckyjet-games.com\/wp-content\/uploads\/2023\/10\/Rocket-Game-that-Makes-Money.jpg\" alt=\"Raketov\u00e1 hra, kter\u00e1 vyd\u011bl\u00e1v\u00e1 pen\u00edze\" width=\"613\" height=\"310\" srcset=\"https:\/\/luckyjet-games.com\/wp-content\/uploads\/2023\/10\/Rocket-Game-that-Makes-Money.jpg 613w, https:\/\/luckyjet-games.com\/wp-content\/uploads\/2023\/10\/Rocket-Game-that-Makes-Money-300x152.jpg 300w, https:\/\/luckyjet-games.com\/wp-content\/uploads\/2023\/10\/Rocket-Game-that-Makes-Money-18x9.jpg 18w, https:\/\/luckyjet-games.com\/wp-content\/uploads\/2023\/10\/Rocket-Game-that-Makes-Money-79x40.jpg 79w, https:\/\/luckyjet-games.com\/wp-content\/uploads\/2023\/10\/Rocket-Game-that-Makes-Money-63x32.jpg 63w, https:\/\/luckyjet-games.com\/wp-content\/uploads\/2023\/10\/Rocket-Game-that-Makes-Money-158x80.jpg 158w, https:\/\/luckyjet-games.com\/wp-content\/uploads\/2023\/10\/Rocket-Game-that-Makes-Money-267x135.jpg 267w\" sizes=\"(max-width: 613px) 100vw, 613px\" \/><p id=\"caption-attachment-373\" class=\"wp-caption-text\">Raketov\u00e1 hra, kter\u00e1 vyd\u011bl\u00e1v\u00e1 pen\u00edze<\/p><\/div>\n<ul>\n<li><strong>Spu\u0161t\u011bn\u00ed a vyplacen\u00ed<\/strong>:\n<ul>\n<li>Za\u010dn\u011bte nov\u00e9 hern\u00ed kolo um\u00edst\u011bn\u00edm dal\u0161\u00ed s\u00e1zky a po\u010dkejte na odpo\u010det startu.<\/li>\n<li>Sledujte trajektorii rakety a vyd\u011blejte na multiplik\u00e1toru, kter\u00fd v\u00e1m vyhovuje, nebo nechte AutoBet, aby to ur\u010dil za v\u00e1s.<\/li>\n<\/ul>\n<\/li>\n<\/ul>\n<div style=\"text-align: center;\"><a class=\"glow-button\" href=\"#go\" data-go=\"go\">\ud83d\ude80 Hrajte na Rocket Money Game<\/a><\/div>\n<h2><span class=\"ez-toc-section\" id=\"Key_Features_of_Rocket_Betting\"><\/span><strong>Kl\u00ed\u010dov\u00e9 vlastnosti raketov\u00e9ho s\u00e1zen\u00ed<\/strong><span class=\"ez-toc-section-end\"><\/span><\/h2>\n<ul>\n<li><strong>Struktura zalo\u017een\u00e1 na blockchainu<\/strong>: Rocket Ship Money Game se vyzna\u010duje nastaven\u00edm orientovan\u00fdm na blockchain, kter\u00e9 zaji\u0161\u0165uje bezkonkuren\u010dn\u00ed transparentnost a bezpe\u010dnost.<\/li>\n<li><strong>Vizu\u00e1ln\u00ed a zvukov\u00e9 vylep\u0161en\u00ed<\/strong>: Pohlcuj\u00edc\u00ed 3D grafika a audiovizu\u00e1ln\u00ed efekty umocn\u00ed v\u00e1\u0161 hern\u00ed z\u00e1\u017eitek. Ujist\u011bte se, \u017ee je va\u0161e za\u0159\u00edzen\u00ed dostate\u010dn\u011b v\u00fdkonn\u00e9 pro bezprobl\u00e9mov\u00e9 hran\u00ed.<\/li>\n<li><strong>Spravedlnost<\/strong>: Potvr\u010fte poctivost hry ov\u011b\u0159en\u00edm jej\u00edho k\u00f3du a zajist\u011bte, aby ka\u017ed\u00e9 spu\u0161t\u011bn\u00ed a v\u00fdb\u011br pen\u011bz byl transparentn\u00ed a nezaujat\u00fd.<\/li>\n<\/ul>\n<p><iframe title=\"Jak hr\u00e1t raketu\" width=\"994\" height=\"559\" src=\"https:\/\/www.youtube.com\/embed\/qQLsUaXShnE?feature=oembed\" frameborder=\"0\" allow=\"accelerometer; autoplay; clipboard-write; encrypted-media; gyroscope; picture-in-picture; web-share\" allowfullscreen><\/iframe><\/p>\n<h2><span class=\"ez-toc-section\" id=\"Rocket_Gambling_on_Mobile\"><\/span><strong>Raketov\u00e9 hazardn\u00ed hry na mobilu<\/strong><span class=\"ez-toc-section-end\"><\/span><\/h2>\n<p>Rocket Gambling, p\u0159izp\u016fsoben\u00fd pro mobiln\u00ed hry, zaji\u0161\u0165uje, \u017ee m\u016f\u017eete hr\u00e1t na cest\u00e1ch, kdykoli a kdekoli. Jeho intuitivn\u00ed rozhran\u00ed zaji\u0161\u0165uje hladk\u00fd z\u00e1\u017eitek, p\u0159izp\u016fsoben\u00fd pro men\u0161\u00ed obrazovky bez kompromis\u016f ve funkc\u00edch.<\/p>\n<div style=\"text-align: center;\"><a class=\"glow-button\" href=\"#go\" data-go=\"go\">Za\u010d\u00edt hr\u00e1t na Rocket Gambling Game \ud83d\ude80<\/a><\/div>\n<h2><span class=\"ez-toc-section\" id=\"A_Safe_and_Exciting_Alternative\"><\/span><strong>Bezpe\u010dn\u00e1 a vzru\u0161uj\u00edc\u00ed alternativa<\/strong><span class=\"ez-toc-section-end\"><\/span><\/h2>\n<p>Rocket Betting Games jsou osv\u011b\u017euj\u00edc\u00ed alternativou k tradi\u010dn\u00edm online kasin\u016fm. Jejich transparentn\u00ed povaha v kombinaci se vzru\u0161en\u00edm ze strategick\u00e9 hry z nich d\u011bl\u00e1 obl\u00edben\u00e9 mezi modern\u00edmi hazardn\u00edmi hr\u00e1\u010di. V\u017edy si v\u0161ak p\u0159e\u010dt\u011bte podm\u00ednky pou\u017e\u00edv\u00e1n\u00ed platformy, abyste se ujistili, \u017ee jsou v souladu s va\u0161imi hern\u00edmi preferencemi.<\/p>\n<h2><span class=\"ez-toc-section\" id=\"FAQs\"><\/span><strong>Nej\u010dast\u011bj\u0161\u00ed dotazy<\/strong><span class=\"ez-toc-section-end\"><\/span><\/h2>\n        <section class=\"sc_fs_faq sc_card\">\n            <div>\n\t\t\t\t<h3><span class=\"ez-toc-section\" id=\"Is_Rocket_Gambling_safe\"><\/span>Je Rocket Gambling bezpe\u010dn\u00fd?<span class=\"ez-toc-section-end\"><\/span><\/h3>                <div>\n\t\t\t\t\t                    <p>\n\t\t\t\t\t\tAno, jeho struktura zalo\u017een\u00e1 na blockchainu zaru\u010duje prvot\u0159\u00eddn\u00ed bezpe\u010dnost a transparentnost.                    <\/p>\n                <\/div>\n            <\/div>\n        <\/section>\n\t\t        <section class=\"sc_fs_faq sc_card\">\n            <div>\n\t\t\t\t<h3><span class=\"ez-toc-section\" id=\"Can_I_play_Rocket_Gambling_on_mobile\"><\/span>Mohu hr\u00e1t Rocket Gambling na mobilu?<span class=\"ez-toc-section-end\"><\/span><\/h3>                <div>\n\t\t\t\t\t                    <p>\n\t\t\t\t\t\tAbsolutn\u011b! Hra je optimalizov\u00e1na pro mobiln\u00ed za\u0159\u00edzen\u00ed a nab\u00edz\u00ed bezprobl\u00e9mov\u00fd z\u00e1\u017eitek.                    <\/p>\n                <\/div>\n            <\/div>\n        <\/section>\n\t\t        <section class=\"sc_fs_faq sc_card\">\n            <div>\n\t\t\t\t<h3><span class=\"ez-toc-section\" id=\"How_do_I_cash_out\"><\/span>Jak mohu vybrat pen\u00edze?<span class=\"ez-toc-section-end\"><\/span><\/h3>                <div>\n\t\t\t\t\t                    <p>\n\t\t\t\t\t\tVyplatit m\u016f\u017eete ru\u010dn\u011b v\u00fdb\u011brem po\u017eadovan\u00e9ho multiplik\u00e1toru nebo pomoc\u00ed funkce AutoBet automaticky ur\u010dit nejlep\u0161\u00ed okam\u017eik pro v\u00fdb\u011br.                    <\/p>\n                <\/div>\n            <\/div>\n        <\/section>\n\t\t        <section class=\"sc_fs_faq sc_card\">\n            <div>\n\t\t\t\t<h3><span class=\"ez-toc-section\" id=\"How_do_Rocket_Betting_Games_ensure_fairness\"><\/span>Jak Rocket Betting Games zaji\u0161\u0165uje f\u00e9rovost?<span class=\"ez-toc-section-end\"><\/span><\/h3>                <div>\n\t\t\t\t\t                    <p>\n\t\t\t\t\t\tRocket Betting Games vyu\u017e\u00edvaj\u00ed technologii blockchain, podobnou kryptom\u011bn\u00e1m, jako je bitcoin. Tato technologie zaji\u0161\u0165uje transparentnost a umo\u017e\u0148uje hr\u00e1\u010d\u016fm ov\u011b\u0159it poctivost hry.                    <\/p>\n                <\/div>\n            <\/div>\n        <\/section>\n\t\t        <section class=\"sc_fs_faq sc_card\">\n            <div>\n\t\t\t\t<h3><span class=\"ez-toc-section\" id=\"Can_I_win_real_money_in_Rocket_Betting_Games\"><\/span>Mohu vyhr\u00e1t skute\u010dn\u00e9 pen\u00edze v Rocket Betting Games?<span class=\"ez-toc-section-end\"><\/span><\/h3>                <div>\n\t\t\t\t\t                    <p>\n\t\t\t\t\t\tRozhodn\u011b. Va\u0161e v\u00fdhry jsou ovlivn\u011bny provizemi platformy, va\u0161imi s\u00e1zkami a v\u00fdsledkem hry. Stejn\u011b jako u v\u0161ech hazardn\u00edch her existuje potenci\u00e1l pro v\u00fdhry i prohry.                    <\/p>\n                <\/div>\n            <\/div>\n        <\/section>\n\t\t\n<script type=\"application\/ld+json\">{\n    \"@context\": \"https:\\\/\\\/schema.org\",\n    \"@type\": \"FAQPage\",\n    \"mainEntity\": [\n        {\n            \"@type\": \"Question\",\n            \"name\": \"Is Rocket Gambling safe?\",\n            \"acceptedAnswer\": {\n                \"@type\": \"Answer\",\n                \"text\": \"Yes, its blockchain-based structure guarantees top-notch security and transparency.\"\n            }\n        },\n        {\n            \"@type\": \"Question\",\n            \"name\": \"Can I play Rocket Gambling on mobile?\",\n            \"acceptedAnswer\": {\n                \"@type\": \"Answer\",\n                \"text\": \"Absolutely! The game is optimized for mobile devices, offering a seamless experience.\"\n            }\n        },\n        {\n            \"@type\": \"Question\",\n            \"name\": \"How do I cash out?\",\n            \"acceptedAnswer\": {\n                \"@type\": \"Answer\",\n                \"text\": \"You can cash out manually by selecting your desired multiplier or use the AutoBet feature to automatically determine the best cashout moment.\"\n            }\n        },\n        {\n            \"@type\": \"Question\",\n            \"name\": \"How do Rocket Betting Games ensure fairness?\",\n            \"acceptedAnswer\": {\n                \"@type\": \"Answer\",\n                \"text\": \"Rocket Betting Games use blockchain technology, similar to cryptocurrencies like Bitcoin. This technology ensures transparency and allows players to verify the game's fairness.\"\n            }\n        },\n        {\n            \"@type\": \"Question\",\n            \"name\": \"Can I win real money in Rocket Betting Games?\",\n            \"acceptedAnswer\": {\n                \"@type\": \"Answer\",\n                \"text\": \"Definitely. Your winnings are influenced by the platform's commissions, your bets, and the game's outcome. As with all gambling, there's potential for both wins and losses.\"\n            }\n        }\n    ]\n}<\/script>\n\n<div class=\"author-card author-card--top\"><img alt='Fotografie avatara' src='https:\/\/luckyjet-games.com\/wp-content\/uploads\/2023\/03\/Chris-Hodge-130x130.jpg' srcset='https:\/\/luckyjet-games.com\/wp-content\/uploads\/2023\/03\/Chris-Hodge-260x260.jpg 2x' class='avatar avatar-130 photo author-image' height='130' width='130' \/><div class=\"author-content text-md-center\"><span class=\"author-title\">Autor<\/span><a href=\"https:\/\/luckyjet-games.com\/cs\/author\/chris-hodge\/\" class=\"author-name\">Chris Hodge<\/a><p class=\"author__details\">Chris Hodge je odborn\u00edk na hazardn\u00ed hry. Kasinov\u00e9 hry hraje a studuje ji\u017e v\u00edce ne\u017e 10 let. Za tu dobu si vytvo\u0159il dokonal\u00fd p\u0159ehled o strategi\u00edch a mechanismech v\u0161ech her v kasinu.<br \/>\r\n<br \/>\r\nD\u00edky sv\u00fdm znalostem a zku\u0161enostem se Chris stal pravideln\u00fdm p\u0159isp\u011bvatelem n\u011bkolika \u0161pi\u010dkov\u00fdch publikac\u00ed o hazardn\u00edch hr\u00e1ch. Kasina ho tak\u00e9 \u010dasto vyz\u00fdvaj\u00ed, aby jim poskytl odborn\u00e9 rady ohledn\u011b nov\u00fdch her a propaga\u010dn\u00edch akc\u00ed.<\/p><\/div><!-- \/.author-content --><\/div>","protected":false},"excerpt":{"rendered":"<p>Zahrajte si na Rocket Gambling Game \ud83d\ude80 Pono\u0159te se do slo\u017eitost\u00ed hry Rocket Money Game, prozkoumejte jej\u00ed pravidla a nau\u010dte se strategie, jak maximalizovat sv\u00e9 zisky. \u00davod do hry Rocket Gambling Hra Rocket Gambling nab\u00edz\u00ed vzru\u0161uj\u00edc\u00ed z\u00e1\u017eitek, kde vzru\u0161en\u00ed za\u010d\u00edn\u00e1 ve chv\u00edli, kdy vypust\u00edte raketu. Jak stoup\u00e1 vzh\u016fru, jste odm\u011b\u0148ov\u00e1ni n\u00e1sob\u00edc\u00edmi se faktory. [...]<\/p>","protected":false},"author":2,"featured_media":0,"parent":0,"menu_order":0,"comment_status":"closed","ping_status":"closed","template":"page-no-sidebar.php","meta":{"_acf_changed":false,"footnotes":""},"class_list":["post-371","page","type-page","status-publish","hentry"],"acf":[],"yoast_head":"<!-- This site is optimized with the Yoast SEO plugin v26.7 - https:\/\/yoast.com\/wordpress\/plugins\/seo\/ -->\n<title>Crash Rocket Gambling Game - Rocket Game that Makes Money<\/title>\n<meta name=\"description\" content=\"Rocket Money Game that Makes money \ud83d\ude80 How to play and where to find Crash Rocket Gambling Game? Rules and how to place bet at Rocket Betting Game\" \/>\n<meta name=\"robots\" content=\"index, follow, max-snippet:-1, max-image-preview:large, max-video-preview:-1\" \/>\n<link rel=\"canonical\" href=\"https:\/\/luckyjet-games.com\/cs\/rocket-gambling-game\/\" \/>\n<meta property=\"og:locale\" content=\"cs_CZ\" \/>\n<meta property=\"og:type\" content=\"article\" \/>\n<meta property=\"og:title\" content=\"Crash Rocket Gambling Game - Rocket Game that Makes Money\" \/>\n<meta property=\"og:description\" content=\"Rocket Money Game that Makes money \ud83d\ude80 How to play and where to find Crash Rocket Gambling Game? Rules and how to place bet at Rocket Betting Game\" \/>\n<meta property=\"og:url\" content=\"https:\/\/luckyjet-games.com\/cs\/rocket-gambling-game\/\" \/>\n<meta property=\"og:site_name\" content=\"Lucky Jet Games\" \/>\n<meta property=\"article:modified_time\" content=\"2023-12-22T17:07:29+00:00\" \/>\n<meta property=\"og:image\" content=\"https:\/\/luckyjet-games.com\/wp-content\/uploads\/2023\/10\/Rocket-Money-Game.jpg\" \/>\n<meta name=\"twitter:card\" content=\"summary_large_image\" \/>\n<meta name=\"twitter:label1\" content=\"Odhadovan\u00e1 doba \u010dten\u00ed\" \/>\n\t<meta name=\"twitter:data1\" content=\"3 minuty\" \/>\n<!-- \/ Yoast SEO plugin. -->","yoast_head_json":{"title":"Crash Rocket Gambling Game \u2013 raketov\u00e1 hra, kter\u00e1 vyd\u011bl\u00e1v\u00e1 pen\u00edze","description":"Hra Rocket Money, kter\u00e1 vyd\u011bl\u00e1v\u00e1 pen\u00edze \ud83d\ude80 Jak hr\u00e1t a kde naj\u00edt hru Crash Rocket Gambling Game? Pravidla a jak s\u00e1zet ve h\u0159e Rocket Betting Game","robots":{"index":"index","follow":"follow","max-snippet":"max-snippet:-1","max-image-preview":"max-image-preview:large","max-video-preview":"max-video-preview:-1"},"canonical":"https:\/\/luckyjet-games.com\/cs\/rocket-gambling-game\/","og_locale":"cs_CZ","og_type":"article","og_title":"Crash Rocket Gambling Game - Rocket Game that Makes Money","og_description":"Rocket Money Game that Makes money \ud83d\ude80 How to play and where to find Crash Rocket Gambling Game? Rules and how to place bet at Rocket Betting Game","og_url":"https:\/\/luckyjet-games.com\/cs\/rocket-gambling-game\/","og_site_name":"Lucky Jet Games","article_modified_time":"2023-12-22T17:07:29+00:00","og_image":[{"url":"https:\/\/luckyjet-games.com\/wp-content\/uploads\/2023\/10\/Rocket-Money-Game.jpg","type":"","width":"","height":""}],"twitter_card":"summary_large_image","twitter_misc":{"Odhadovan\u00e1 doba \u010dten\u00ed":"3 minuty"},"schema":{"@context":"https:\/\/schema.org","@graph":[{"@type":"WebPage","@id":"https:\/\/luckyjet-games.com\/rocket-gambling-game\/","url":"https:\/\/luckyjet-games.com\/rocket-gambling-game\/","name":"Crash Rocket Gambling Game \u2013 raketov\u00e1 hra, kter\u00e1 vyd\u011bl\u00e1v\u00e1 pen\u00edze","isPartOf":{"@id":"https:\/\/luckyjet-games.com\/de\/#website"},"primaryImageOfPage":{"@id":"https:\/\/luckyjet-games.com\/rocket-gambling-game\/#primaryimage"},"image":{"@id":"https:\/\/luckyjet-games.com\/rocket-gambling-game\/#primaryimage"},"thumbnailUrl":"https:\/\/luckyjet-games.com\/wp-content\/uploads\/2023\/10\/Rocket-Money-Game.jpg","datePublished":"2023-10-27T15:00:00+00:00","dateModified":"2023-12-22T17:07:29+00:00","description":"Hra Rocket Money, kter\u00e1 vyd\u011bl\u00e1v\u00e1 pen\u00edze \ud83d\ude80 Jak hr\u00e1t a kde naj\u00edt hru Crash Rocket Gambling Game? Pravidla a jak s\u00e1zet ve h\u0159e Rocket Betting Game","breadcrumb":{"@id":"https:\/\/luckyjet-games.com\/rocket-gambling-game\/#breadcrumb"},"inLanguage":"cs","potentialAction":[{"@type":"ReadAction","target":["https:\/\/luckyjet-games.com\/rocket-gambling-game\/"]}]},{"@type":"ImageObject","inLanguage":"cs","@id":"https:\/\/luckyjet-games.com\/rocket-gambling-game\/#primaryimage","url":"https:\/\/luckyjet-games.com\/wp-content\/uploads\/2023\/10\/Rocket-Money-Game.jpg","contentUrl":"https:\/\/luckyjet-games.com\/wp-content\/uploads\/2023\/10\/Rocket-Money-Game.jpg"},{"@type":"BreadcrumbList","@id":"https:\/\/luckyjet-games.com\/rocket-gambling-game\/#breadcrumb","itemListElement":[{"@type":"ListItem","position":1,"name":"Home","item":"https:\/\/luckyjet-games.com\/"},{"@type":"ListItem","position":2,"name":"Rocket Gambling Game"}]},{"@type":"WebSite","@id":"https:\/\/luckyjet-games.com\/de\/#website","url":"https:\/\/luckyjet-games.com\/de\/","name":"Lucky Jet Hry","description":"","publisher":{"@id":"https:\/\/luckyjet-games.com\/de\/#organization"},"potentialAction":[{"@type":"SearchAction","target":{"@type":"EntryPoint","urlTemplate":"https:\/\/luckyjet-games.com\/de\/?s={search_term_string}"},"query-input":{"@type":"PropertyValueSpecification","valueRequired":true,"valueName":"search_term_string"}}],"inLanguage":"cs"},{"@type":"Organization","@id":"https:\/\/luckyjet-games.com\/de\/#organization","name":"Lucky Jet Hry","url":"https:\/\/luckyjet-games.com\/de\/","logo":{"@type":"ImageObject","inLanguage":"cs","@id":"https:\/\/luckyjet-games.com\/de\/#\/schema\/logo\/image\/","url":"https:\/\/luckyjet-games.com\/wp-content\/uploads\/2022\/10\/Lucky-Jet-Game.png","contentUrl":"https:\/\/luckyjet-games.com\/wp-content\/uploads\/2022\/10\/Lucky-Jet-Game.png","width":711,"height":599,"caption":"Lucky Jet Games"},"image":{"@id":"https:\/\/luckyjet-games.com\/de\/#\/schema\/logo\/image\/"}}]}},"_links":{"self":[{"href":"https:\/\/luckyjet-games.com\/cs\/wp-json\/wp\/v2\/pages\/371","targetHints":{"allow":["GET"]}}],"collection":[{"href":"https:\/\/luckyjet-games.com\/cs\/wp-json\/wp\/v2\/pages"}],"about":[{"href":"https:\/\/luckyjet-games.com\/cs\/wp-json\/wp\/v2\/types\/page"}],"author":[{"embeddable":true,"href":"https:\/\/luckyjet-games.com\/cs\/wp-json\/wp\/v2\/users\/2"}],"replies":[{"embeddable":true,"href":"https:\/\/luckyjet-games.com\/cs\/wp-json\/wp\/v2\/comments?post=371"}],"version-history":[{"count":0,"href":"https:\/\/luckyjet-games.com\/cs\/wp-json\/wp\/v2\/pages\/371\/revisions"}],"wp:attachment":[{"href":"https:\/\/luckyjet-games.com\/cs\/wp-json\/wp\/v2\/media?parent=371"}],"curies":[{"name":"wp","href":"https:\/\/api.w.org\/{rel}","templated":true}]}}