{"id":360,"date":"2023-09-25T14:06:00","date_gmt":"2023-09-25T14:06:00","guid":{"rendered":"https:\/\/luckyjet-games.com\/?page_id=360"},"modified":"2023-09-25T14:08:12","modified_gmt":"2023-09-25T14:08:12","slug":"privacy-policy","status":"publish","type":"page","link":"https:\/\/luckyjet-games.com\/cs\/privacy-policy\/","title":{"rendered":"Z\u00e1sady ochrany osobn\u00edch \u00fadaj\u016f"},"content":{"rendered":"<p>Na luckyjet-games.com jsme odhodl\u00e1ni zajistit soukrom\u00ed a bezpe\u010dnost na\u0161ich hr\u00e1\u010d\u016f. Tyto z\u00e1sady ochrany osobn\u00edch \u00fadaj\u016f popisuj\u00ed na\u0161e postupy t\u00fdkaj\u00edc\u00ed se shroma\u017e\u010fov\u00e1n\u00ed, pou\u017e\u00edv\u00e1n\u00ed a ochrany va\u0161ich osobn\u00edch \u00fadaj\u016f. Pou\u017e\u00edv\u00e1n\u00edm na\u0161ich slu\u017eeb souhlas\u00edte s podm\u00ednkami uveden\u00fdmi n\u00ed\u017ee.<\/p>\n<div id=\"ez-toc-container\" class=\"ez-toc-v2_0_75 counter-hierarchy ez-toc-counter ez-toc-grey ez-toc-container-direction\">\n<div class=\"ez-toc-title-container\">\n<p class=\"ez-toc-title\" style=\"cursor:inherit\">Obsah<\/p>\n<span class=\"ez-toc-title-toggle\"><a href=\"#\" class=\"ez-toc-pull-right ez-toc-btn ez-toc-btn-xs ez-toc-btn-default ez-toc-toggle\" aria-label=\"P\u0159epnut\u00ed tabulky obsahu\"><span class=\"ez-toc-js-icon-con\"><span class=\"\"><span class=\"eztoc-hide\" style=\"display:none;\">P\u0159ep\u00edna\u010d<\/span><span class=\"ez-toc-icon-toggle-span\"><svg style=\"fill: #999;color:#999\" xmlns=\"http:\/\/www.w3.org\/2000\/svg\" class=\"list-377408\" width=\"20px\" height=\"20px\" viewbox=\"0 0 24 24\" fill=\"none\"><path d=\"M6 6H4v2h2V6zm14 0H8v2h12V6zM4 11h2v2H4v-2zm16 0H8v2h12v-2zM4 16h2v2H4v-2zm16 0H8v2h12v-2z\" fill=\"currentColor\"><\/path><\/svg><svg style=\"fill: #999;color:#999\" class=\"arrow-unsorted-368013\" xmlns=\"http:\/\/www.w3.org\/2000\/svg\" width=\"10px\" height=\"10px\" viewbox=\"0 0 24 24\" version=\"1.2\" baseprofile=\"tiny\"><path d=\"M18.2 9.3l-6.2-6.3-6.2 6.3c-.2.2-.3.4-.3.7s.1.5.3.7c.2.2.4.3.7.3h11c.3 0 .5-.1.7-.3.2-.2.3-.5.3-.7s-.1-.5-.3-.7zM5.8 14.7l6.2 6.3 6.2-6.3c.2-.2.3-.5.3-.7s-.1-.5-.3-.7c-.2-.2-.4-.3-.7-.3h-11c-.3 0-.5.1-.7.3-.2.2-.3.5-.3.7s.1.5.3.7z\"\/><\/svg><\/span><\/span><\/span><\/a><\/span><\/div>\n<nav><ul class='ez-toc-list ez-toc-list-level-1 eztoc-toggle-hide-by-default' ><li class='ez-toc-page-1 ez-toc-heading-level-2'><a class=\"ez-toc-link ez-toc-heading-1\" href=\"https:\/\/luckyjet-games.com\/cs\/privacy-policy\/#Information_We_Collect\" >Informace, kter\u00e9 shroma\u017e\u010fujeme<\/a><ul class='ez-toc-list-level-3' ><li class='ez-toc-heading-level-3'><a class=\"ez-toc-link ez-toc-heading-2\" href=\"https:\/\/luckyjet-games.com\/cs\/privacy-policy\/#Personal_Information\" >Osobn\u00ed informace<\/a><\/li><li class='ez-toc-page-1 ez-toc-heading-level-3'><a class=\"ez-toc-link ez-toc-heading-3\" href=\"https:\/\/luckyjet-games.com\/cs\/privacy-policy\/#Usage_Data\" >\u00dadaje o pou\u017eit\u00ed<\/a><\/li><li class='ez-toc-page-1 ez-toc-heading-level-3'><a class=\"ez-toc-link ez-toc-heading-4\" href=\"https:\/\/luckyjet-games.com\/cs\/privacy-policy\/#Cookies\" >Soubory cookie<\/a><\/li><\/ul><\/li><li class='ez-toc-page-1 ez-toc-heading-level-2'><a class=\"ez-toc-link ez-toc-heading-5\" href=\"https:\/\/luckyjet-games.com\/cs\/privacy-policy\/#How_We_Use_Your_Information\" >Jak pou\u017e\u00edv\u00e1me va\u0161e informace<\/a><ul class='ez-toc-list-level-3' ><li class='ez-toc-heading-level-3'><a class=\"ez-toc-link ez-toc-heading-6\" href=\"https:\/\/luckyjet-games.com\/cs\/privacy-policy\/#Account_Management\" >Spr\u00e1va \u00fa\u010dtu<\/a><\/li><li class='ez-toc-page-1 ez-toc-heading-level-3'><a class=\"ez-toc-link ez-toc-heading-7\" href=\"https:\/\/luckyjet-games.com\/cs\/privacy-policy\/#Personalization\" >Personalizace<\/a><\/li><li class='ez-toc-page-1 ez-toc-heading-level-3'><a class=\"ez-toc-link ez-toc-heading-8\" href=\"https:\/\/luckyjet-games.com\/cs\/privacy-policy\/#Security\" >Bezpe\u010dnostn\u00ed<\/a><\/li><\/ul><\/li><li class='ez-toc-page-1 ez-toc-heading-level-2'><a class=\"ez-toc-link ez-toc-heading-9\" href=\"https:\/\/luckyjet-games.com\/cs\/privacy-policy\/#Sharing_Your_Information\" >Sd\u00edlen\u00ed va\u0161ich informac\u00ed<\/a><\/li><li class='ez-toc-page-1 ez-toc-heading-level-2'><a class=\"ez-toc-link ez-toc-heading-10\" href=\"https:\/\/luckyjet-games.com\/cs\/privacy-policy\/#Compliance_with_Legal_Requirements\" >Soulad s pr\u00e1vn\u00edmi po\u017eadavky<\/a><\/li><li class='ez-toc-page-1 ez-toc-heading-level-2'><a class=\"ez-toc-link ez-toc-heading-11\" href=\"https:\/\/luckyjet-games.com\/cs\/privacy-policy\/#Your_Rights_and_Choices\" >Va\u0161e pr\u00e1va a volby<\/a><\/li><li class='ez-toc-page-1 ez-toc-heading-level-2'><a class=\"ez-toc-link ez-toc-heading-12\" href=\"https:\/\/luckyjet-games.com\/cs\/privacy-policy\/#Changes_to_this_Privacy_Policy\" >Zm\u011bny t\u011bchto z\u00e1sad ochrany osobn\u00edch \u00fadaj\u016f<\/a><\/li><\/ul><\/nav><\/div>\n<h2><span class=\"ez-toc-section\" id=\"Information_We_Collect\"><\/span>Informace, kter\u00e9 shroma\u017e\u010fujeme<span class=\"ez-toc-section-end\"><\/span><\/h2>\n<h3><span class=\"ez-toc-section\" id=\"Personal_Information\"><\/span>Osobn\u00ed informace<span class=\"ez-toc-section-end\"><\/span><\/h3>\n<p>Shroma\u017e\u010fujeme osobn\u00ed \u00fadaje, kter\u00e9 n\u00e1m poskytnete p\u0159i registraci \u00fa\u010dtu, prov\u00e1d\u011bn\u00ed vklad\u016f nebo pou\u017e\u00edv\u00e1n\u00ed na\u0161ich slu\u017eeb. To m\u016f\u017ee zahrnovat va\u0161e jm\u00e9no, e-mailovou adresu, kontaktn\u00ed \u00fadaje, datum narozen\u00ed a platebn\u00ed \u00fadaje. Tyto informace pou\u017e\u00edv\u00e1me k ov\u011b\u0159en\u00ed va\u0161\u00ed identity a poskytov\u00e1n\u00ed personalizovan\u00e9ho hern\u00edho z\u00e1\u017eitku.<\/p>\n<h3><span class=\"ez-toc-section\" id=\"Usage_Data\"><\/span>\u00dadaje o pou\u017eit\u00ed<span class=\"ez-toc-section-end\"><\/span><\/h3>\n<p>Pro vylep\u0161en\u00ed na\u0161ich slu\u017eeb shroma\u017e\u010fujeme informace o va\u0161ich interakc\u00edch s na\u0161imi webov\u00fdmi str\u00e1nkami a hrami. To zahrnuje va\u0161i IP adresu, typ prohl\u00ed\u017ee\u010de, informace o za\u0159\u00edzen\u00ed a nav\u0161t\u00edven\u00e9 str\u00e1nky. Tyto \u00fadaje pou\u017e\u00edv\u00e1me ke zlep\u0161en\u00ed v\u00fdkonu na\u0161ich webov\u00fdch str\u00e1nek, \u0159e\u0161en\u00ed probl\u00e9m\u016f a anal\u00fdze chov\u00e1n\u00ed u\u017eivatel\u016f.<\/p>\n<h3><span class=\"ez-toc-section\" id=\"Cookies\"><\/span>Soubory cookie<span class=\"ez-toc-section-end\"><\/span><\/h3>\n<p>Ke sledov\u00e1n\u00ed va\u0161\u00ed aktivity na na\u0161ich webov\u00fdch str\u00e1nk\u00e1ch pou\u017e\u00edv\u00e1me soubory cookie a podobn\u00e9 technologie. Cookies jsou mal\u00e9 textov\u00e9 soubory, kter\u00e9 se ukl\u00e1daj\u00ed ve va\u0161em za\u0159\u00edzen\u00ed. Pomohou n\u00e1m rozpoznat v\u00e1s p\u0159i dal\u0161\u00edch n\u00e1v\u0161t\u011bv\u00e1ch a nab\u00eddnout v\u00e1m v\u00edce p\u0159izp\u016fsoben\u00fd z\u00e1\u017eitek. Sv\u00e9 preference t\u00fdkaj\u00edc\u00ed se soubor\u016f cookie m\u016f\u017eete spravovat prost\u0159ednictv\u00edm nastaven\u00ed prohl\u00ed\u017ee\u010de.<\/p>\n<h2><span class=\"ez-toc-section\" id=\"How_We_Use_Your_Information\"><\/span>Jak pou\u017e\u00edv\u00e1me va\u0161e informace<span class=\"ez-toc-section-end\"><\/span><\/h2>\n<h3><span class=\"ez-toc-section\" id=\"Account_Management\"><\/span>Spr\u00e1va \u00fa\u010dtu<span class=\"ez-toc-section-end\"><\/span><\/h3>\n<p>Va\u0161e osobn\u00ed \u00fadaje pou\u017e\u00edv\u00e1me k vytvo\u0159en\u00ed a spr\u00e1v\u011b va\u0161eho \u00fa\u010dtu, zpracov\u00e1n\u00ed transakc\u00ed a poskytov\u00e1n\u00ed z\u00e1kaznick\u00e9 podpory. To zaji\u0161\u0165uje bezprobl\u00e9mov\u00fd hern\u00ed z\u00e1\u017eitek a umo\u017e\u0148uje n\u00e1m pomoci v\u00e1m s jak\u00fdmikoli probl\u00e9my, se kter\u00fdmi se m\u016f\u017eete setkat.<\/p>\n<h3><span class=\"ez-toc-section\" id=\"Personalization\"><\/span>Personalizace<span class=\"ez-toc-section-end\"><\/span><\/h3>\n<p>Pochopen\u00ed va\u0161ich preferenc\u00ed a chov\u00e1n\u00ed n\u00e1m umo\u017e\u0148uje p\u0159izp\u016fsobit v\u00e1\u0161 hern\u00ed z\u00e1\u017eitek. M\u016f\u017eeme v\u00e1m doporu\u010dit hry, propaga\u010dn\u00ed akce a nab\u00eddky, kter\u00e9 odpov\u00eddaj\u00ed va\u0161im z\u00e1jm\u016fm a historii hran\u00ed.<\/p>\n<h3><span class=\"ez-toc-section\" id=\"Security\"><\/span>Bezpe\u010dnostn\u00ed<span class=\"ez-toc-section-end\"><\/span><\/h3>\n<p>Ochrana va\u0161ich informac\u00ed je na\u0161\u00ed nejvy\u0161\u0161\u00ed prioritou. Pou\u017e\u00edv\u00e1me standardn\u00ed bezpe\u010dnostn\u00ed opat\u0159en\u00ed, abychom ochr\u00e1nili va\u0161e data p\u0159ed neopr\u00e1vn\u011bn\u00fdm p\u0159\u00edstupem, zve\u0159ejn\u011bn\u00edm nebo zm\u011bnou. To zahrnuje \u0161ifrov\u00e1n\u00ed, firewally a pravideln\u00e9 bezpe\u010dnostn\u00ed audity.<\/p>\n<h2><span class=\"ez-toc-section\" id=\"Sharing_Your_Information\"><\/span>Sd\u00edlen\u00ed va\u0161ich informac\u00ed<span class=\"ez-toc-section-end\"><\/span><\/h2>\n<p>Va\u0161e osobn\u00ed \u00fadaje neprod\u00e1v\u00e1me, neobchodujeme ani nepronaj\u00edm\u00e1me t\u0159et\u00edm stran\u00e1m. Va\u0161e \u00fadaje v\u0161ak m\u016f\u017eeme sd\u00edlet s d\u016fv\u011bryhodn\u00fdmi poskytovateli slu\u017eeb a partnery, kte\u0159\u00ed n\u00e1m pom\u00e1haj\u00ed p\u0159i poskytov\u00e1n\u00ed na\u0161ich slu\u017eeb. Tyto subjekty jsou v\u00e1z\u00e1ny p\u0159\u00edsn\u00fdmi dohodami o ml\u010denlivosti.<\/p>\n<h2><span class=\"ez-toc-section\" id=\"Compliance_with_Legal_Requirements\"><\/span>Soulad s pr\u00e1vn\u00edmi po\u017eadavky<span class=\"ez-toc-section-end\"><\/span><\/h2>\n<p>Va\u0161e informace m\u016f\u017eeme zp\u0159\u00edstupnit, pokud to vy\u017eaduje z\u00e1kon, nap\u0159\u00edklad v reakci na p\u0159edvol\u00e1n\u00ed nebo soudn\u00ed p\u0159\u00edkaz. Spolupracujeme tak\u00e9 s org\u00e1ny \u010dinn\u00fdmi v trestn\u00edm \u0159\u00edzen\u00ed, abychom zabr\u00e1nili podvodn\u00fdm aktivit\u00e1m a zajistili integritu na\u0161\u00ed platformy.<\/p>\n<h2><span class=\"ez-toc-section\" id=\"Your_Rights_and_Choices\"><\/span>Va\u0161e pr\u00e1va a volby<span class=\"ez-toc-section-end\"><\/span><\/h2>\n<p>M\u00e1te pr\u00e1vo na p\u0159\u00edstup, aktualizaci nebo vymaz\u00e1n\u00ed sv\u00fdch osobn\u00edch \u00fadaj\u016f. Chcete-li tato pr\u00e1va uplatnit, kontaktujte n\u00e1\u0161 t\u00fdm z\u00e1kaznick\u00e9 podpory. Z odb\u011bru marketingov\u00fdch sd\u011blen\u00ed se tak\u00e9 m\u016f\u017eete kdykoli odhl\u00e1sit.<\/p>\n<h2><span class=\"ez-toc-section\" id=\"Changes_to_this_Privacy_Policy\"><\/span>Zm\u011bny t\u011bchto z\u00e1sad ochrany osobn\u00edch \u00fadaj\u016f<span class=\"ez-toc-section-end\"><\/span><\/h2>\n<p>Vyhrazujeme si pr\u00e1vo aktualizovat tyto z\u00e1sady ochrany osobn\u00edch \u00fadaj\u016f, aby odr\u00e1\u017eely zm\u011bny v na\u0161ich postupech a pr\u00e1vn\u00edch po\u017eadavc\u00edch. Doporu\u010dujeme v\u00e1m pravideln\u011b kontrolovat tuto str\u00e1nku kv\u016fli p\u0159\u00edpadn\u00fdm aktualizac\u00edm.<\/p>\n<div class=\"author-card author-card--top\"><img alt='Fotografie avatara' src='https:\/\/luckyjet-games.com\/wp-content\/uploads\/2023\/03\/Chris-Hodge-130x130.jpg' srcset='https:\/\/luckyjet-games.com\/wp-content\/uploads\/2023\/03\/Chris-Hodge-260x260.jpg 2x' class='avatar avatar-130 photo author-image' height='130' width='130' \/><div class=\"author-content text-md-center\"><span class=\"author-title\">Autor<\/span><a href=\"https:\/\/luckyjet-games.com\/cs\/author\/chris-hodge\/\" class=\"author-name\">Chris Hodge<\/a><p class=\"author__details\">Chris Hodge je odborn\u00edk na hazardn\u00ed hry. Kasinov\u00e9 hry hraje a studuje ji\u017e v\u00edce ne\u017e 10 let. Za tu dobu si vytvo\u0159il dokonal\u00fd p\u0159ehled o strategi\u00edch a mechanismech v\u0161ech her v kasinu.<br \/>\r\n<br \/>\r\nD\u00edky sv\u00fdm znalostem a zku\u0161enostem se Chris stal pravideln\u00fdm p\u0159isp\u011bvatelem n\u011bkolika \u0161pi\u010dkov\u00fdch publikac\u00ed o hazardn\u00edch hr\u00e1ch. Kasina ho tak\u00e9 \u010dasto vyz\u00fdvaj\u00ed, aby jim poskytl odborn\u00e9 rady ohledn\u011b nov\u00fdch her a propaga\u010dn\u00edch akc\u00ed.<\/p><\/div><!-- \/.author-content --><\/div>","protected":false},"excerpt":{"rendered":"<p>Ve spole\u010dnosti luckyjet-games.com se zavazujeme zajistit soukrom\u00ed a bezpe\u010dnost na\u0161ich hr\u00e1\u010d\u016f. Tyto z\u00e1sady ochrany osobn\u00edch \u00fadaj\u016f popisuj\u00ed na\u0161e postupy t\u00fdkaj\u00edc\u00ed se shroma\u017e\u010fov\u00e1n\u00ed, pou\u017e\u00edv\u00e1n\u00ed a ochrany va\u0161ich osobn\u00edch \u00fadaj\u016f. Pou\u017e\u00edv\u00e1n\u00edm na\u0161ich slu\u017eeb vyjad\u0159ujete souhlas s n\u00ed\u017ee uveden\u00fdmi podm\u00ednkami. Informace, kter\u00e9 shroma\u017e\u010fujeme Osobn\u00ed \u00fadaje Shroma\u017e\u010fujeme osobn\u00ed \u00fadaje, kter\u00e9 n\u00e1m poskytnete p\u0159i registraci do [...].<\/p>","protected":false},"author":2,"featured_media":0,"parent":0,"menu_order":0,"comment_status":"closed","ping_status":"closed","template":"page-no-sidebar.php","meta":{"_acf_changed":false,"footnotes":""},"class_list":["post-360","page","type-page","status-publish","hentry"],"acf":[],"yoast_head":"<!-- This site is optimized with the Yoast SEO plugin v26.7 - https:\/\/yoast.com\/wordpress\/plugins\/seo\/ -->\n<title>Privacy Policy - Lucky Jet Games<\/title>\n<meta name=\"description\" content=\"At luckyjet-games.com, we are committed to ensuring the privacy and security of our players.\" \/>\n<meta name=\"robots\" content=\"index, follow, max-snippet:-1, max-image-preview:large, max-video-preview:-1\" \/>\n<link rel=\"canonical\" href=\"https:\/\/luckyjet-games.com\/cs\/privacy-policy\/\" \/>\n<meta property=\"og:locale\" content=\"cs_CZ\" \/>\n<meta property=\"og:type\" content=\"article\" \/>\n<meta property=\"og:title\" content=\"Privacy Policy - Lucky Jet Games\" \/>\n<meta property=\"og:description\" content=\"At luckyjet-games.com, we are committed to ensuring the privacy and security of our players.\" \/>\n<meta property=\"og:url\" content=\"https:\/\/luckyjet-games.com\/cs\/privacy-policy\/\" \/>\n<meta property=\"og:site_name\" content=\"Lucky Jet Games\" \/>\n<meta property=\"article:modified_time\" content=\"2023-09-25T14:08:12+00:00\" \/>\n<meta name=\"twitter:card\" content=\"summary_large_image\" \/>\n<meta name=\"twitter:label1\" content=\"Odhadovan\u00e1 doba \u010dten\u00ed\" \/>\n\t<meta name=\"twitter:data1\" content=\"2 minuty\" \/>\n<!-- \/ Yoast SEO plugin. -->","yoast_head_json":{"title":"Z\u00e1sady ochrany osobn\u00edch \u00fadaj\u016f \u2013 Lucky Jet Games","description":"Na luckyjet-games.com jsme odhodl\u00e1ni zajistit soukrom\u00ed a bezpe\u010dnost na\u0161ich hr\u00e1\u010d\u016f.","robots":{"index":"index","follow":"follow","max-snippet":"max-snippet:-1","max-image-preview":"max-image-preview:large","max-video-preview":"max-video-preview:-1"},"canonical":"https:\/\/luckyjet-games.com\/cs\/privacy-policy\/","og_locale":"cs_CZ","og_type":"article","og_title":"Privacy Policy - Lucky Jet Games","og_description":"At luckyjet-games.com, we are committed to ensuring the privacy and security of our players.","og_url":"https:\/\/luckyjet-games.com\/cs\/privacy-policy\/","og_site_name":"Lucky Jet Games","article_modified_time":"2023-09-25T14:08:12+00:00","twitter_card":"summary_large_image","twitter_misc":{"Odhadovan\u00e1 doba \u010dten\u00ed":"2 minuty"},"schema":{"@context":"https:\/\/schema.org","@graph":[{"@type":"WebPage","@id":"https:\/\/luckyjet-games.com\/privacy-policy\/","url":"https:\/\/luckyjet-games.com\/privacy-policy\/","name":"Z\u00e1sady ochrany osobn\u00edch \u00fadaj\u016f \u2013 Lucky Jet Games","isPartOf":{"@id":"https:\/\/luckyjet-games.com\/de\/#website"},"datePublished":"2023-09-25T14:06:00+00:00","dateModified":"2023-09-25T14:08:12+00:00","description":"Na luckyjet-games.com jsme odhodl\u00e1ni zajistit soukrom\u00ed a bezpe\u010dnost na\u0161ich hr\u00e1\u010d\u016f.","breadcrumb":{"@id":"https:\/\/luckyjet-games.com\/privacy-policy\/#breadcrumb"},"inLanguage":"cs","potentialAction":[{"@type":"ReadAction","target":["https:\/\/luckyjet-games.com\/privacy-policy\/"]}]},{"@type":"BreadcrumbList","@id":"https:\/\/luckyjet-games.com\/privacy-policy\/#breadcrumb","itemListElement":[{"@type":"ListItem","position":1,"name":"Home","item":"https:\/\/luckyjet-games.com\/"},{"@type":"ListItem","position":2,"name":"Privacy Policy"}]},{"@type":"WebSite","@id":"https:\/\/luckyjet-games.com\/de\/#website","url":"https:\/\/luckyjet-games.com\/de\/","name":"Lucky Jet Hry","description":"","publisher":{"@id":"https:\/\/luckyjet-games.com\/de\/#organization"},"potentialAction":[{"@type":"SearchAction","target":{"@type":"EntryPoint","urlTemplate":"https:\/\/luckyjet-games.com\/de\/?s={search_term_string}"},"query-input":{"@type":"PropertyValueSpecification","valueRequired":true,"valueName":"search_term_string"}}],"inLanguage":"cs"},{"@type":"Organization","@id":"https:\/\/luckyjet-games.com\/de\/#organization","name":"Lucky Jet Hry","url":"https:\/\/luckyjet-games.com\/de\/","logo":{"@type":"ImageObject","inLanguage":"cs","@id":"https:\/\/luckyjet-games.com\/de\/#\/schema\/logo\/image\/","url":"https:\/\/luckyjet-games.com\/wp-content\/uploads\/2022\/10\/Lucky-Jet-Game.png","contentUrl":"https:\/\/luckyjet-games.com\/wp-content\/uploads\/2022\/10\/Lucky-Jet-Game.png","width":711,"height":599,"caption":"Lucky Jet Games"},"image":{"@id":"https:\/\/luckyjet-games.com\/de\/#\/schema\/logo\/image\/"}}]}},"_links":{"self":[{"href":"https:\/\/luckyjet-games.com\/cs\/wp-json\/wp\/v2\/pages\/360","targetHints":{"allow":["GET"]}}],"collection":[{"href":"https:\/\/luckyjet-games.com\/cs\/wp-json\/wp\/v2\/pages"}],"about":[{"href":"https:\/\/luckyjet-games.com\/cs\/wp-json\/wp\/v2\/types\/page"}],"author":[{"embeddable":true,"href":"https:\/\/luckyjet-games.com\/cs\/wp-json\/wp\/v2\/users\/2"}],"replies":[{"embeddable":true,"href":"https:\/\/luckyjet-games.com\/cs\/wp-json\/wp\/v2\/comments?post=360"}],"version-history":[{"count":0,"href":"https:\/\/luckyjet-games.com\/cs\/wp-json\/wp\/v2\/pages\/360\/revisions"}],"wp:attachment":[{"href":"https:\/\/luckyjet-games.com\/cs\/wp-json\/wp\/v2\/media?parent=360"}],"curies":[{"name":"wp","href":"https:\/\/api.w.org\/{rel}","templated":true}]}}