{"id":358,"date":"2023-09-25T11:50:26","date_gmt":"2023-09-25T11:50:26","guid":{"rendered":"https:\/\/luckyjet-games.com\/?page_id=358"},"modified":"2023-09-25T11:50:26","modified_gmt":"2023-09-25T11:50:26","slug":"cookies-policy","status":"publish","type":"page","link":"https:\/\/luckyjet-games.com\/cs\/cookies-policy\/","title":{"rendered":"Z\u00e1sady pou\u017e\u00edv\u00e1n\u00ed soubor\u016f cookie"},"content":{"rendered":"<p>V tomto komplexn\u00edm pr\u016fvodci se pono\u0159\u00edme do slo\u017eitosti z\u00e1sad t\u00fdkaj\u00edc\u00edch se soubor\u016f cookie, abychom v\u00e1m poskytli d\u016fkladn\u00e9 pochopen\u00ed jejich d\u016fle\u017eitosti, sou\u010d\u00e1st\u00ed a toho, jak vytvo\u0159it pro v\u00e1\u0161 web efektivn\u00ed.<\/p>\n<div id=\"ez-toc-container\" class=\"ez-toc-v2_0_75 counter-hierarchy ez-toc-counter ez-toc-grey ez-toc-container-direction\">\n<div class=\"ez-toc-title-container\">\n<p class=\"ez-toc-title\" style=\"cursor:inherit\">Obsah<\/p>\n<span class=\"ez-toc-title-toggle\"><a href=\"#\" class=\"ez-toc-pull-right ez-toc-btn ez-toc-btn-xs ez-toc-btn-default ez-toc-toggle\" aria-label=\"P\u0159epnut\u00ed tabulky obsahu\"><span class=\"ez-toc-js-icon-con\"><span class=\"\"><span class=\"eztoc-hide\" style=\"display:none;\">P\u0159ep\u00edna\u010d<\/span><span class=\"ez-toc-icon-toggle-span\"><svg style=\"fill: #999;color:#999\" xmlns=\"http:\/\/www.w3.org\/2000\/svg\" class=\"list-377408\" width=\"20px\" height=\"20px\" viewbox=\"0 0 24 24\" fill=\"none\"><path d=\"M6 6H4v2h2V6zm14 0H8v2h12V6zM4 11h2v2H4v-2zm16 0H8v2h12v-2zM4 16h2v2H4v-2zm16 0H8v2h12v-2z\" fill=\"currentColor\"><\/path><\/svg><svg style=\"fill: #999;color:#999\" class=\"arrow-unsorted-368013\" xmlns=\"http:\/\/www.w3.org\/2000\/svg\" width=\"10px\" height=\"10px\" viewbox=\"0 0 24 24\" version=\"1.2\" baseprofile=\"tiny\"><path d=\"M18.2 9.3l-6.2-6.3-6.2 6.3c-.2.2-.3.4-.3.7s.1.5.3.7c.2.2.4.3.7.3h11c.3 0 .5-.1.7-.3.2-.2.3-.5.3-.7s-.1-.5-.3-.7zM5.8 14.7l6.2 6.3 6.2-6.3c.2-.2.3-.5.3-.7s-.1-.5-.3-.7c-.2-.2-.4-.3-.7-.3h-11c-.3 0-.5.1-.7.3-.2.2-.3.5-.3.7s.1.5.3.7z\"\/><\/svg><\/span><\/span><\/span><\/a><\/span><\/div>\n<nav><ul class='ez-toc-list ez-toc-list-level-1 eztoc-toggle-hide-by-default' ><li class='ez-toc-page-1 ez-toc-heading-level-2'><a class=\"ez-toc-link ez-toc-heading-1\" href=\"https:\/\/luckyjet-games.com\/cs\/cookies-policy\/#Introduction\" >\u00davod<\/a><\/li><li class='ez-toc-page-1 ez-toc-heading-level-2'><a class=\"ez-toc-link ez-toc-heading-2\" href=\"https:\/\/luckyjet-games.com\/cs\/cookies-policy\/#What_Are_Cookies\" >Co jsou soubory cookie?<\/a><\/li><li class='ez-toc-page-1 ez-toc-heading-level-2'><a class=\"ez-toc-link ez-toc-heading-3\" href=\"https:\/\/luckyjet-games.com\/cs\/cookies-policy\/#Why_Do_You_Need_a_Cookies_Policy\" >Pro\u010d pot\u0159ebujete z\u00e1sady soubor\u016f cookie?<\/a><\/li><li class='ez-toc-page-1 ez-toc-heading-level-2'><a class=\"ez-toc-link ez-toc-heading-4\" href=\"https:\/\/luckyjet-games.com\/cs\/cookies-policy\/#Components_of_an_Effective_Cookies_Policy\" >Sou\u010d\u00e1sti \u00fa\u010dinn\u00fdch z\u00e1sad pou\u017e\u00edv\u00e1n\u00ed soubor\u016f cookie<\/a><ul class='ez-toc-list-level-3' ><li class='ez-toc-heading-level-3'><a class=\"ez-toc-link ez-toc-heading-5\" href=\"https:\/\/luckyjet-games.com\/cs\/cookies-policy\/#1_Introduction\" >1. \u00davod<\/a><\/li><li class='ez-toc-page-1 ez-toc-heading-level-3'><a class=\"ez-toc-link ez-toc-heading-6\" href=\"https:\/\/luckyjet-games.com\/cs\/cookies-policy\/#2_What_Are_Cookies\" >2. Co jsou soubory cookie?<\/a><\/li><li class='ez-toc-page-1 ez-toc-heading-level-3'><a class=\"ez-toc-link ez-toc-heading-7\" href=\"https:\/\/luckyjet-games.com\/cs\/cookies-policy\/#3_Types_of_Cookies\" >3. Typy soubor\u016f cookie<\/a><\/li><li class='ez-toc-page-1 ez-toc-heading-level-3'><a class=\"ez-toc-link ez-toc-heading-8\" href=\"https:\/\/luckyjet-games.com\/cs\/cookies-policy\/#4_Why_Do_You_Use_Cookies\" >4. Pro\u010d pou\u017e\u00edv\u00e1te soubory cookie?<\/a><\/li><li class='ez-toc-page-1 ez-toc-heading-level-3'><a class=\"ez-toc-link ez-toc-heading-9\" href=\"https:\/\/luckyjet-games.com\/cs\/cookies-policy\/#5_How_to_Disable_Cookies\" >5. Jak zak\u00e1zat soubory cookie<\/a><\/li><li class='ez-toc-page-1 ez-toc-heading-level-3'><a class=\"ez-toc-link ez-toc-heading-10\" href=\"https:\/\/luckyjet-games.com\/cs\/cookies-policy\/#6_Third-Party_Cookies\" >6. Soubory cookie t\u0159et\u00edch stran<\/a><\/li><li class='ez-toc-page-1 ez-toc-heading-level-3'><a class=\"ez-toc-link ez-toc-heading-11\" href=\"https:\/\/luckyjet-games.com\/cs\/cookies-policy\/#7_Changes_to_Your_Policy\" >7. Zm\u011bny va\u0161ich z\u00e1sad<\/a><\/li><li class='ez-toc-page-1 ez-toc-heading-level-3'><a class=\"ez-toc-link ez-toc-heading-12\" href=\"https:\/\/luckyjet-games.com\/cs\/cookies-policy\/#8_Obtaining_Consent\" >8. Z\u00edsk\u00e1n\u00ed souhlasu<\/a><\/li><\/ul><\/li><li class='ez-toc-page-1 ez-toc-heading-level-2'><a class=\"ez-toc-link ez-toc-heading-13\" href=\"https:\/\/luckyjet-games.com\/cs\/cookies-policy\/#Creating_an_Effective_Cookies_Policy\" >Vytvo\u0159en\u00ed \u00fa\u010dinn\u00fdch z\u00e1sad soubor\u016f cookie<\/a><\/li><li class='ez-toc-page-1 ez-toc-heading-level-2'><a class=\"ez-toc-link ez-toc-heading-14\" href=\"https:\/\/luckyjet-games.com\/cs\/cookies-policy\/#Conclusion\" >Z\u00e1v\u011br<\/a><\/li><\/ul><\/nav><\/div>\n<h2><span class=\"ez-toc-section\" id=\"Introduction\"><\/span>\u00davod<span class=\"ez-toc-section-end\"><\/span><\/h2>\n<p>Pokud jde o vytvo\u0159en\u00ed siln\u00e9 online p\u0159\u00edtomnosti, nezbytnou sou\u010d\u00e1st\u00ed je dob\u0159e vytvo\u0159en\u00e1 politika soubor\u016f cookie. Nejen, \u017ee zaji\u0161\u0165uje soulad s pr\u00e1vn\u00edmi p\u0159edpisy, ale tak\u00e9 buduje d\u016fv\u011bru n\u00e1v\u0161t\u011bvn\u00edk\u016f va\u0161eho webu. V t\u00e9to p\u0159\u00edru\u010dce prozkoum\u00e1me kl\u00ed\u010dov\u00e9 aspekty z\u00e1sad soubor\u016f cookie a pom\u016f\u017eeme v\u00e1m vytvo\u0159it takovou, kter\u00e1 nejen spl\u0148uje z\u00e1konn\u00e9 po\u017eadavky, ale tak\u00e9 zlep\u0161uje u\u017eivatelskou zku\u0161enost.<\/p>\n<h2><span class=\"ez-toc-section\" id=\"What_Are_Cookies\"><\/span>Co jsou soubory cookie?<span class=\"ez-toc-section-end\"><\/span><\/h2>\n<p>Cookies jsou mal\u00e9 kousky dat, kter\u00e9 se ukl\u00e1daj\u00ed do za\u0159\u00edzen\u00ed u\u017eivatele p\u0159i n\u00e1v\u0161t\u011bv\u011b webov\u00e9 str\u00e1nky. Slou\u017e\u00ed k r\u016fzn\u00fdm \u00fa\u010del\u016fm, v\u010detn\u011b zapamatov\u00e1n\u00ed si u\u017eivatelsk\u00fdch preferenc\u00ed, vylep\u0161en\u00ed funk\u010dnosti webov\u00fdch str\u00e1nek a sledov\u00e1n\u00ed chov\u00e1n\u00ed u\u017eivatel\u016f. Soubory cookie jsou rozd\u011bleny do dvou hlavn\u00edch kategori\u00ed:<\/p>\n<ol>\n<li><strong>Soubory cookie relace<\/strong>: Tyto do\u010dasn\u00e9 soubory cookie se ukl\u00e1daj\u00ed pouze b\u011bhem relace u\u017eivatele na va\u0161em webu a jsou smaz\u00e1ny, kdy\u017e zav\u0159e prohl\u00ed\u017ee\u010d.<\/li>\n<li><strong>Trval\u00e9 soubory cookie<\/strong>: Trval\u00e9 soubory cookie z\u016fst\u00e1vaj\u00ed v za\u0159\u00edzen\u00ed u\u017eivatele po stanovenou dobu, a to i pot\u00e9, co opust\u00ed v\u00e1\u0161 web.<\/li>\n<\/ol>\n<h2><span class=\"ez-toc-section\" id=\"Why_Do_You_Need_a_Cookies_Policy\"><\/span>Pro\u010d pot\u0159ebujete z\u00e1sady soubor\u016f cookie?<span class=\"ez-toc-section-end\"><\/span><\/h2>\n<p>Z\u00e1sady soubor\u016f cookie jsou z\u00e1sadn\u00ed z n\u011bkolika d\u016fvod\u016f:<\/p>\n<ol>\n<li><strong>Soulad s pr\u00e1vn\u00edmi p\u0159edpisy<\/strong>: Mnoho zem\u00ed vy\u017eaduje, aby webov\u00e9 str\u00e1nky informovaly u\u017eivatele o pou\u017e\u00edv\u00e1n\u00ed soubor\u016f cookie a z\u00edskaly jejich souhlas. Nedodr\u017een\u00ed t\u011bchto p\u0159edpis\u016f m\u016f\u017ee v\u00e9st k pr\u00e1vn\u00edm d\u016fsledk\u016fm.<\/li>\n<li><strong>Pr\u016fhlednost<\/strong>: Prokazuje transparentnost a poctivost ve va\u0161ich postupech shroma\u017e\u010fov\u00e1n\u00ed dat a podporuje d\u016fv\u011bru va\u0161eho publika.<\/li>\n<li><strong>Souhlas u\u017eivatele<\/strong>: Umo\u017e\u0148uje u\u017eivatel\u016fm \u010dinit informovan\u00e1 rozhodnut\u00ed o ochran\u011b osobn\u00edch \u00fadaj\u016f t\u00edm, \u017ee jim poskytuje mo\u017enost p\u0159ijmout nebo odm\u00edtnout soubory cookie.<\/li>\n<\/ol>\n<h2><span class=\"ez-toc-section\" id=\"Components_of_an_Effective_Cookies_Policy\"><\/span>Sou\u010d\u00e1sti \u00fa\u010dinn\u00fdch z\u00e1sad pou\u017e\u00edv\u00e1n\u00ed soubor\u016f cookie<span class=\"ez-toc-section-end\"><\/span><\/h2>\n<p>Chcete-li vytvo\u0159it z\u00e1sady soubor\u016f cookie, kter\u00e9 p\u0159ed\u010d\u00ed konkurenci, zva\u017ete zahrnut\u00ed n\u00e1sleduj\u00edc\u00edch sou\u010d\u00e1st\u00ed:<\/p>\n<h3><span class=\"ez-toc-section\" id=\"1_Introduction\"><\/span>1. \u00davod<span class=\"ez-toc-section-end\"><\/span><\/h3>\n<p><strong>Titul<\/strong>: Jasn\u011b ozna\u010dte sv\u00e9 z\u00e1sady jako \u201eZ\u00e1sady pou\u017e\u00edv\u00e1n\u00ed soubor\u016f cookie\u201c pro snadnou identifikaci.<\/p>\n<h3><span class=\"ez-toc-section\" id=\"2_What_Are_Cookies\"><\/span>2. Co jsou soubory cookie?<span class=\"ez-toc-section-end\"><\/span><\/h3>\n<p>Poskytn\u011bte stru\u010dn\u00e9 vysv\u011btlen\u00ed soubor\u016f cookie, jak jsme probrali d\u0159\u00edve.<\/p>\n<h3><span class=\"ez-toc-section\" id=\"3_Types_of_Cookies\"><\/span>3. Typy soubor\u016f cookie<span class=\"ez-toc-section-end\"><\/span><\/h3>\n<p>Vysv\u011btlete r\u016fzn\u00e9 typy soubor\u016f cookie, kter\u00e9 va\u0161e webov\u00e9 str\u00e1nky pou\u017e\u00edvaj\u00ed, a jejich p\u0159\u00edslu\u0161n\u00e9 \u00fa\u010dely.<\/p>\n<h3><span class=\"ez-toc-section\" id=\"4_Why_Do_You_Use_Cookies\"><\/span>4. Pro\u010d pou\u017e\u00edv\u00e1te soubory cookie?<span class=\"ez-toc-section-end\"><\/span><\/h3>\n<p>Popi\u0161te d\u016fvody pro shroma\u017e\u010fov\u00e1n\u00ed u\u017eivatelsk\u00fdch dat prost\u0159ednictv\u00edm soubor\u016f cookie a jak to prosp\u00edv\u00e1 va\u0161emu webu i u\u017eivatel\u016fm.<\/p>\n<h3><span class=\"ez-toc-section\" id=\"5_How_to_Disable_Cookies\"><\/span>5. Jak zak\u00e1zat soubory cookie<span class=\"ez-toc-section-end\"><\/span><\/h3>\n<p>Nab\u00eddn\u011bte pokyny, jak mohou u\u017eivatel\u00e9 spravovat a deaktivovat soubory cookie v nastaven\u00ed sv\u00e9ho prohl\u00ed\u017ee\u010de.<\/p>\n<h3><span class=\"ez-toc-section\" id=\"6_Third-Party_Cookies\"><\/span>6. Soubory cookie t\u0159et\u00edch stran<span class=\"ez-toc-section-end\"><\/span><\/h3>\n<p>Pokud je to mo\u017en\u00e9, zve\u0159ejn\u011bte v\u0161echny soubory cookie t\u0159et\u00edch stran pou\u017e\u00edvan\u00e9 na va\u0161em webu a poskytn\u011bte odkazy na jejich p\u0159\u00edslu\u0161n\u00e9 z\u00e1sady.<\/p>\n<h3><span class=\"ez-toc-section\" id=\"7_Changes_to_Your_Policy\"><\/span>7. Zm\u011bny va\u0161ich z\u00e1sad<span class=\"ez-toc-section-end\"><\/span><\/h3>\n<p>Vysv\u011btlete, \u017ee z\u00e1sady pou\u017e\u00edv\u00e1n\u00ed soubor\u016f cookie mohou b\u00fdt aktualizov\u00e1ny a jak budou u\u017eivatel\u00e9 informov\u00e1ni o jak\u00fdchkoli zm\u011bn\u00e1ch.<\/p>\n<h3><span class=\"ez-toc-section\" id=\"8_Obtaining_Consent\"><\/span>8. Z\u00edsk\u00e1n\u00ed souhlasu<span class=\"ez-toc-section-end\"><\/span><\/h3>\n<p>Popi\u0161te metody pou\u017e\u00edvan\u00e9 k z\u00edsk\u00e1n\u00ed souhlasu u\u017eivatele s pou\u017e\u00edv\u00e1n\u00edm soubor\u016f cookie, jako jsou vyskakovac\u00ed ozn\u00e1men\u00ed nebo bannery.<\/p>\n<h2><span class=\"ez-toc-section\" id=\"Creating_an_Effective_Cookies_Policy\"><\/span>Vytvo\u0159en\u00ed \u00fa\u010dinn\u00fdch z\u00e1sad soubor\u016f cookie<span class=\"ez-toc-section-end\"><\/span><\/h2>\n<p>Chcete-li vytvo\u0159it \u00fa\u010dinnou politiku soubor\u016f cookie, kter\u00e1 p\u0159evy\u0161uje konkurenci, postupujte takto:<\/p>\n<ol>\n<li><strong>V\u00fdzkum<\/strong>: Z\u016fsta\u0148te informov\u00e1ni o nejnov\u011bj\u0161\u00edch p\u0159edpisech t\u00fdkaj\u00edc\u00edch se soubor\u016f cookie v regionu va\u0161eho c\u00edlov\u00e9ho publika.<\/li>\n<li><strong>Jasn\u00fd jazyk<\/strong>: Napi\u0161te sv\u00e9 z\u00e1sady srozumiteln\u00fdm a snadno srozumiteln\u00fdm jazykem, abyste zajistili, \u017ee u\u017eivatel\u00e9 porozum\u00ed jejich obsahu.<\/li>\n<li><strong>P\u0159\u00edstupnost<\/strong>: Ujist\u011bte se, \u017ee jsou va\u0161e z\u00e1sady snadno dostupn\u00e9, obvykle prost\u0159ednictv\u00edm odkazu v z\u00e1pat\u00ed na va\u0161em webu.<\/li>\n<li><strong>Mechanismus souhlasu<\/strong>: Implementujte u\u017eivatelsky p\u0159\u00edv\u011btiv\u00fd mechanismus souhlasu, kter\u00fd respektuje volby u\u017eivatele.<\/li>\n<li><strong>Pravideln\u00e9 aktualizace<\/strong>: Pravideln\u011b kontrolujte a aktualizujte sv\u00e9 z\u00e1sady, abyste z\u016fstali v souladu s vyv\u00edjej\u00edc\u00edmi se p\u0159edpisy.<\/li>\n<\/ol>\n<h2><span class=\"ez-toc-section\" id=\"Conclusion\"><\/span>Z\u00e1v\u011br<span class=\"ez-toc-section-end\"><\/span><\/h2>\n<p>Z\u00e1v\u011brem lze \u0159\u00edci, \u017ee dob\u0159e vytvo\u0159en\u00e9 z\u00e1sady pro soubory cookie jsou z\u00e1kladn\u00edm prvkem va\u0161eho webu, kter\u00fd nejen zaji\u0161\u0165uje soulad s pr\u00e1vn\u00edmi p\u0159edpisy, ale tak\u00e9 podporuje d\u016fv\u011bru va\u0161eho publika. Dodr\u017eov\u00e1n\u00edm pokyn\u016f uveden\u00fdch v tomto komplexn\u00edm pr\u016fvodci m\u016f\u017eete vytvo\u0159it z\u00e1sady pro soubory cookie, kter\u00e9 nejen spl\u0148uj\u00ed z\u00e1konn\u00e9 po\u017eadavky, ale tak\u00e9 vylep\u0161uj\u00ed u\u017eivatelskou zku\u0161enost na va\u0161em webu.<\/p>\n<p>Poskytnut\u00edm jasn\u00fdch informac\u00ed o souborech cookie, z\u00edsk\u00e1n\u00edm souhlasu u\u017eivatele a sledov\u00e1n\u00edm aktu\u00e1ln\u00edch zm\u011bn pr\u00e1vn\u00edch p\u0159edpis\u016f nejen\u017ee p\u0159ekon\u00e1te sv\u00e9 konkurenty, ale tak\u00e9 vytvo\u0159\u00edte ze sv\u00e9ho webu d\u016fv\u011bryhodnou online platformu zam\u011b\u0159enou na u\u017eivatele.<\/p>\n<div class=\"author-card author-card--top\"><img alt='Fotografie avatara' src='https:\/\/luckyjet-games.com\/wp-content\/uploads\/2023\/03\/Chris-Hodge-130x130.jpg' srcset='https:\/\/luckyjet-games.com\/wp-content\/uploads\/2023\/03\/Chris-Hodge-260x260.jpg 2x' class='avatar avatar-130 photo author-image' height='130' width='130' \/><div class=\"author-content text-md-center\"><span class=\"author-title\">Autor<\/span><a href=\"https:\/\/luckyjet-games.com\/cs\/author\/chris-hodge\/\" class=\"author-name\">Chris Hodge<\/a><p class=\"author__details\">Chris Hodge je odborn\u00edk na hazardn\u00ed hry. Kasinov\u00e9 hry hraje a studuje ji\u017e v\u00edce ne\u017e 10 let. Za tu dobu si vytvo\u0159il dokonal\u00fd p\u0159ehled o strategi\u00edch a mechanismech v\u0161ech her v kasinu.<br \/>\r\n<br \/>\r\nD\u00edky sv\u00fdm znalostem a zku\u0161enostem se Chris stal pravideln\u00fdm p\u0159isp\u011bvatelem n\u011bkolika \u0161pi\u010dkov\u00fdch publikac\u00ed o hazardn\u00edch hr\u00e1ch. Kasina ho tak\u00e9 \u010dasto vyz\u00fdvaj\u00ed, aby jim poskytl odborn\u00e9 rady ohledn\u011b nov\u00fdch her a propaga\u010dn\u00edch akc\u00ed.<\/p><\/div><!-- \/.author-content --><\/div>","protected":false},"excerpt":{"rendered":"<p>V tomto obs\u00e1hl\u00e9m pr\u016fvodci se v\u011bnujeme slo\u017eit\u00fdm z\u00e1sad\u00e1m soubor\u016f cookie, abychom v\u00e1m poskytli d\u016fkladn\u00e9 informace o jejich v\u00fdznamu, sou\u010d\u00e1stech a o tom, jak vytvo\u0159it efektivn\u00ed z\u00e1sady pro va\u0161e webov\u00e9 str\u00e1nky. \u00davod Pokud jde o vytvo\u0159en\u00ed siln\u00e9 online prezentace, jsou dob\u0159e vytvo\u0159en\u00e9 z\u00e1sady pou\u017e\u00edv\u00e1n\u00ed soubor\u016f cookie nezbytnou sou\u010d\u00e1st\u00ed. Nejen\u017ee zaji\u0161\u0165uje, \u017ee [...]<\/p>","protected":false},"author":2,"featured_media":0,"parent":0,"menu_order":0,"comment_status":"closed","ping_status":"closed","template":"page-no-sidebar.php","meta":{"_acf_changed":false,"footnotes":""},"class_list":["post-358","page","type-page","status-publish","hentry"],"acf":[],"yoast_head":"<!-- This site is optimized with the Yoast SEO plugin v26.7 - https:\/\/yoast.com\/wordpress\/plugins\/seo\/ -->\n<title>Cookies Policy - Lucky Jet Games<\/title>\n<meta name=\"robots\" content=\"index, follow, max-snippet:-1, max-image-preview:large, max-video-preview:-1\" \/>\n<link rel=\"canonical\" href=\"https:\/\/luckyjet-games.com\/cs\/cookies-policy\/\" \/>\n<meta property=\"og:locale\" content=\"cs_CZ\" \/>\n<meta property=\"og:type\" content=\"article\" \/>\n<meta property=\"og:title\" content=\"Cookies Policy - Lucky Jet Games\" \/>\n<meta property=\"og:description\" content=\"In this comprehensive guide, we delve into the intricacies of cookies policies to provide you with a thorough understanding of their importance, components, and how to create an effective one for your website. Introduction When it comes to establishing a strong online presence, a well-crafted cookies policy is an essential component. It not only ensures [&hellip;]\" \/>\n<meta property=\"og:url\" content=\"https:\/\/luckyjet-games.com\/cs\/cookies-policy\/\" \/>\n<meta property=\"og:site_name\" content=\"Lucky Jet Games\" \/>\n<meta name=\"twitter:card\" content=\"summary_large_image\" \/>\n<!-- \/ Yoast SEO plugin. -->","yoast_head_json":{"title":"Z\u00e1sady soubor\u016f cookie - Lucky Jet Games","robots":{"index":"index","follow":"follow","max-snippet":"max-snippet:-1","max-image-preview":"max-image-preview:large","max-video-preview":"max-video-preview:-1"},"canonical":"https:\/\/luckyjet-games.com\/cs\/cookies-policy\/","og_locale":"cs_CZ","og_type":"article","og_title":"Cookies Policy - Lucky Jet Games","og_description":"In this comprehensive guide, we delve into the intricacies of cookies policies to provide you with a thorough understanding of their importance, components, and how to create an effective one for your website. Introduction When it comes to establishing a strong online presence, a well-crafted cookies policy is an essential component. It not only ensures [&hellip;]","og_url":"https:\/\/luckyjet-games.com\/cs\/cookies-policy\/","og_site_name":"Lucky Jet Games","twitter_card":"summary_large_image","schema":{"@context":"https:\/\/schema.org","@graph":[{"@type":"WebPage","@id":"https:\/\/luckyjet-games.com\/cookies-policy\/","url":"https:\/\/luckyjet-games.com\/cookies-policy\/","name":"Z\u00e1sady soubor\u016f cookie - Lucky Jet Games","isPartOf":{"@id":"https:\/\/luckyjet-games.com\/de\/#website"},"datePublished":"2023-09-25T11:50:26+00:00","breadcrumb":{"@id":"https:\/\/luckyjet-games.com\/cookies-policy\/#breadcrumb"},"inLanguage":"cs","potentialAction":[{"@type":"ReadAction","target":["https:\/\/luckyjet-games.com\/cookies-policy\/"]}]},{"@type":"BreadcrumbList","@id":"https:\/\/luckyjet-games.com\/cookies-policy\/#breadcrumb","itemListElement":[{"@type":"ListItem","position":1,"name":"Home","item":"https:\/\/luckyjet-games.com\/"},{"@type":"ListItem","position":2,"name":"Cookies Policy"}]},{"@type":"WebSite","@id":"https:\/\/luckyjet-games.com\/de\/#website","url":"https:\/\/luckyjet-games.com\/de\/","name":"Lucky Jet Hry","description":"","publisher":{"@id":"https:\/\/luckyjet-games.com\/de\/#organization"},"potentialAction":[{"@type":"SearchAction","target":{"@type":"EntryPoint","urlTemplate":"https:\/\/luckyjet-games.com\/de\/?s={search_term_string}"},"query-input":{"@type":"PropertyValueSpecification","valueRequired":true,"valueName":"search_term_string"}}],"inLanguage":"cs"},{"@type":"Organization","@id":"https:\/\/luckyjet-games.com\/de\/#organization","name":"Lucky Jet Hry","url":"https:\/\/luckyjet-games.com\/de\/","logo":{"@type":"ImageObject","inLanguage":"cs","@id":"https:\/\/luckyjet-games.com\/de\/#\/schema\/logo\/image\/","url":"https:\/\/luckyjet-games.com\/wp-content\/uploads\/2022\/10\/Lucky-Jet-Game.png","contentUrl":"https:\/\/luckyjet-games.com\/wp-content\/uploads\/2022\/10\/Lucky-Jet-Game.png","width":711,"height":599,"caption":"Lucky Jet Games"},"image":{"@id":"https:\/\/luckyjet-games.com\/de\/#\/schema\/logo\/image\/"}}]}},"_links":{"self":[{"href":"https:\/\/luckyjet-games.com\/cs\/wp-json\/wp\/v2\/pages\/358","targetHints":{"allow":["GET"]}}],"collection":[{"href":"https:\/\/luckyjet-games.com\/cs\/wp-json\/wp\/v2\/pages"}],"about":[{"href":"https:\/\/luckyjet-games.com\/cs\/wp-json\/wp\/v2\/types\/page"}],"author":[{"embeddable":true,"href":"https:\/\/luckyjet-games.com\/cs\/wp-json\/wp\/v2\/users\/2"}],"replies":[{"embeddable":true,"href":"https:\/\/luckyjet-games.com\/cs\/wp-json\/wp\/v2\/comments?post=358"}],"version-history":[{"count":0,"href":"https:\/\/luckyjet-games.com\/cs\/wp-json\/wp\/v2\/pages\/358\/revisions"}],"wp:attachment":[{"href":"https:\/\/luckyjet-games.com\/cs\/wp-json\/wp\/v2\/media?parent=358"}],"curies":[{"name":"wp","href":"https:\/\/api.w.org\/{rel}","templated":true}]}}