{"id":250,"date":"2022-12-20T11:11:31","date_gmt":"2022-12-20T11:11:31","guid":{"rendered":"https:\/\/luckyjet-games.com\/?page_id=250"},"modified":"2024-03-13T19:00:42","modified_gmt":"2024-03-13T19:00:42","slug":"lucky-jet-promo-code-and-bonus","status":"publish","type":"page","link":"https:\/\/luckyjet-games.com\/cs\/lucky-jet-promo-code\/","title":{"rendered":"Lucky Jet Promo k\u00f3d a bonus"},"content":{"rendered":"<div style=\"text-align: center;\"><a class=\"glow-button-new\" href=\"#go\" data-go=\"go\">Z\u00edskejte bonus Lucky Jet \ud83c\udf81<\/a><\/div>\n\n\n\n<p>Nab\u00edz\u00edme v\u00e1m mo\u017enost nastartovat hru pomoc\u00ed \u00favodn\u00edch k\u00f3d\u016f, ale m\u011bjte na pam\u011bti, \u017ee jsou platn\u00e9 pouze kr\u00e1tkou dobu po vytvo\u0159en\u00ed \u00fa\u010dtu. Jakmile se p\u0159ihl\u00e1s\u00edte, \u010dasova\u010d za\u010dne odpo\u010d\u00edt\u00e1vat zb\u00fdvaj\u00edc\u00ed \u010das do konce t\u00e9to jedine\u010dn\u00e9 nab\u00eddky! Chcete-li vyu\u017e\u00edt t\u00e9to akce a z\u00edskat v\u0161e, co nab\u00edz\u00ed, zaregistrujte se pomoc\u00ed <a href=\"https:\/\/luckyjet-games.com\/cs\/\">Lucky Jet<\/a> nyn\u00ed - proto\u017ee tato p\u0159\u00edle\u017eitost je exkluzivn\u00ed pro nov\u00e9 \u010dleny.<\/p>\n\n\n<div class=\"wp-block-image\">\n<figure class=\"aligncenter is-resized\"><a href=\"#go\" data-go=\"go\"><img decoding=\"async\" width=\"1024\" height=\"1024\" src=\"https:\/\/luckyjet-games.com\/wp-content\/uploads\/2023\/04\/LUCKY4444-1024x1024.jpg\" alt=\"LUCKY4444\" class=\"wp-image-307\" style=\"width:450px\" srcset=\"https:\/\/luckyjet-games.com\/wp-content\/uploads\/2023\/04\/LUCKY4444-1024x1024.jpg 1024w, https:\/\/luckyjet-games.com\/wp-content\/uploads\/2023\/04\/LUCKY4444-300x300.jpg 300w, https:\/\/luckyjet-games.com\/wp-content\/uploads\/2023\/04\/LUCKY4444-150x150.jpg 150w, https:\/\/luckyjet-games.com\/wp-content\/uploads\/2023\/04\/LUCKY4444-768x768.jpg 768w, https:\/\/luckyjet-games.com\/wp-content\/uploads\/2023\/04\/LUCKY4444-1536x1536.jpg 1536w, https:\/\/luckyjet-games.com\/wp-content\/uploads\/2023\/04\/LUCKY4444-12x12.jpg 12w, https:\/\/luckyjet-games.com\/wp-content\/uploads\/2023\/04\/LUCKY4444-40x40.jpg 40w, https:\/\/luckyjet-games.com\/wp-content\/uploads\/2023\/04\/LUCKY4444-50x50.jpg 50w, https:\/\/luckyjet-games.com\/wp-content\/uploads\/2023\/04\/LUCKY4444-100x100.jpg 100w, https:\/\/luckyjet-games.com\/wp-content\/uploads\/2023\/04\/LUCKY4444-120x120.jpg 120w, https:\/\/luckyjet-games.com\/wp-content\/uploads\/2023\/04\/LUCKY4444-135x135.jpg 135w, https:\/\/luckyjet-games.com\/wp-content\/uploads\/2023\/04\/LUCKY4444-270x270.jpg 270w, https:\/\/luckyjet-games.com\/wp-content\/uploads\/2023\/04\/LUCKY4444-450x450.jpg 450w, https:\/\/luckyjet-games.com\/wp-content\/uploads\/2023\/04\/LUCKY4444-479x479.jpg 479w, https:\/\/luckyjet-games.com\/wp-content\/uploads\/2023\/04\/LUCKY4444-570x570.jpg 570w, https:\/\/luckyjet-games.com\/wp-content\/uploads\/2023\/04\/LUCKY4444-767x767.jpg 767w, https:\/\/luckyjet-games.com\/wp-content\/uploads\/2023\/04\/LUCKY4444-32x32.jpg 32w, https:\/\/luckyjet-games.com\/wp-content\/uploads\/2023\/04\/LUCKY4444-80x80.jpg 80w, https:\/\/luckyjet-games.com\/wp-content\/uploads\/2023\/04\/LUCKY4444.jpg 1600w\" sizes=\"(max-width: 1024px) 100vw, 1024px\" \/><\/a><figcaption class=\"wp-element-caption\">LUCKY4444<\/figcaption><\/figure>\n<\/div>\n\n\n<p>Z\u00edsk\u00e1n\u00ed promo k\u00f3du Lucky Jet je snadno dosa\u017eiteln\u00e9 vyhled\u00e1n\u00edm na ofici\u00e1ln\u00edch str\u00e1nk\u00e1ch. Potenci\u00e1ln\u00edmi zdroji jsou tak\u00e9 soci\u00e1ln\u00ed s\u00edt\u011b v\u011bnovan\u00e9 t\u00e9to h\u0159e nebo str\u00e1nky, kter\u00e9 spolupracuj\u00ed s v\u00fdvoj\u00e1\u0159em 1win. P\u0159ed jejich vyu\u017eit\u00edm je v\u0161ak d\u016fle\u017eit\u00e9 zjistit, zda platnost t\u011bchto k\u00f3d\u016f nevypr\u0161ela a nebyly nahrazeny nov\u011bj\u0161\u00edmi verzemi.<\/p>\n\n\n\n<p>Abychom zajistili, \u017ee hr\u00e1\u010di z\u00edskaj\u00ed z Lucky Jet co nejv\u00edce, neust\u00e1le poskytujeme bonusov\u00e9 aktualizace prost\u0159ednictv\u00edm k\u00f3d\u016f, kter\u00e9 jsou k dispozici na na\u0161ich ofici\u00e1ln\u00edch webov\u00fdch str\u00e1nk\u00e1ch, na blogu a dal\u0161\u00edch platform\u00e1ch soci\u00e1ln\u00edch m\u00e9di\u00ed. Po jejich aktivaci se na va\u0161em \u00fa\u010dtu nepochybn\u011b objev\u00ed p\u0159\u00edjemn\u00e9 p\u0159ekvapen\u00ed!<\/p>\n\n\n\n<div id=\"ez-toc-container\" class=\"ez-toc-v2_0_75 counter-hierarchy ez-toc-counter ez-toc-grey ez-toc-container-direction\">\n<div class=\"ez-toc-title-container\">\n<p class=\"ez-toc-title\" style=\"cursor:inherit\">Obsah<\/p>\n<span class=\"ez-toc-title-toggle\"><a href=\"#\" class=\"ez-toc-pull-right ez-toc-btn ez-toc-btn-xs ez-toc-btn-default ez-toc-toggle\" aria-label=\"P\u0159epnut\u00ed tabulky obsahu\"><span class=\"ez-toc-js-icon-con\"><span class=\"\"><span class=\"eztoc-hide\" style=\"display:none;\">P\u0159ep\u00edna\u010d<\/span><span class=\"ez-toc-icon-toggle-span\"><svg style=\"fill: #999;color:#999\" xmlns=\"http:\/\/www.w3.org\/2000\/svg\" class=\"list-377408\" width=\"20px\" height=\"20px\" viewbox=\"0 0 24 24\" fill=\"none\"><path d=\"M6 6H4v2h2V6zm14 0H8v2h12V6zM4 11h2v2H4v-2zm16 0H8v2h12v-2zM4 16h2v2H4v-2zm16 0H8v2h12v-2z\" fill=\"currentColor\"><\/path><\/svg><svg style=\"fill: #999;color:#999\" class=\"arrow-unsorted-368013\" xmlns=\"http:\/\/www.w3.org\/2000\/svg\" width=\"10px\" height=\"10px\" viewbox=\"0 0 24 24\" version=\"1.2\" baseprofile=\"tiny\"><path d=\"M18.2 9.3l-6.2-6.3-6.2 6.3c-.2.2-.3.4-.3.7s.1.5.3.7c.2.2.4.3.7.3h11c.3 0 .5-.1.7-.3.2-.2.3-.5.3-.7s-.1-.5-.3-.7zM5.8 14.7l6.2 6.3 6.2-6.3c.2-.2.3-.5.3-.7s-.1-.5-.3-.7c-.2-.2-.4-.3-.7-.3h-11c-.3 0-.5.1-.7.3-.2.2-.3.5-.3.7s.1.5.3.7z\"\/><\/svg><\/span><\/span><\/span><\/a><\/span><\/div>\n<nav><ul class='ez-toc-list ez-toc-list-level-1 eztoc-toggle-hide-by-default' ><li class='ez-toc-page-1 ez-toc-heading-level-2'><a class=\"ez-toc-link ez-toc-heading-1\" href=\"https:\/\/luckyjet-games.com\/cs\/lucky-jet-promo-code\/#How_to_Activate_a_Promocode\" >Jak aktivovat propaga\u010dn\u00ed k\u00f3d?<\/a><\/li><li class='ez-toc-page-1 ez-toc-heading-level-2'><a class=\"ez-toc-link ez-toc-heading-2\" href=\"https:\/\/luckyjet-games.com\/cs\/lucky-jet-promo-code\/#Bonus_Lucky_Jet_Game\" >Bonusov\u00e1 hra Lucky Jet<\/a><ul class='ez-toc-list-level-3' ><li class='ez-toc-heading-level-3'><a class=\"ez-toc-link ez-toc-heading-3\" href=\"https:\/\/luckyjet-games.com\/cs\/lucky-jet-promo-code\/#Lucky_Jet_Cashback\" >Lucky Jet Cashback<\/a><\/li><\/ul><\/li><li class='ez-toc-page-1 ez-toc-heading-level-2'><a class=\"ez-toc-link ez-toc-heading-4\" href=\"https:\/\/luckyjet-games.com\/cs\/lucky-jet-promo-code\/#How_to_Enter_a_Promo_Code_in_1win_LuckyJet\" >Jak zadat propaga\u010dn\u00ed k\u00f3d v aplikaci 1win LuckyJet<\/a><\/li><li class='ez-toc-page-1 ez-toc-heading-level-2'><a class=\"ez-toc-link ez-toc-heading-5\" href=\"https:\/\/luckyjet-games.com\/cs\/lucky-jet-promo-code\/#What_Does_the_Promo_Code_Give_in_Lucky_Jet_1win\" >Co d\u00e1v\u00e1 propaga\u010dn\u00ed k\u00f3d v Lucky Jet 1win<\/a><\/li><\/ul><\/nav><\/div>\n<h2 class=\"wp-block-heading\"><span class=\"ez-toc-section\" id=\"How_to_Activate_a_Promocode\"><\/span>Jak aktivovat propaga\u010dn\u00ed k\u00f3d?<span class=\"ez-toc-section-end\"><\/span><\/h2>\n\n\n\n<p>Aktivace promo k\u00f3du Lucky Jet \"<strong>LUCKY4444<\/strong>\" je pom\u011brn\u011b jednoduch\u00fd proces. Sta\u010d\u00ed zadat propaga\u010dn\u00ed k\u00f3d do nastaven\u00ed \u00fa\u010dtu a pou\u017e\u00edt jej. Jakmile tak u\u010din\u00edte, budete si moci u\u017e\u00edvat celou \u0159adu v\u00fdhod, jako jsou rozto\u010den\u00ed zdarma, exkluzivn\u00ed bonusy nebo dokonce dodate\u010dn\u00e9 mince! Pro dal\u0161\u00ed odm\u011bny se sta\u010d\u00ed pravideln\u011b p\u0159ihla\u0161ovat!<\/p>\n\n\n\n<p>Nakonec je Lucky Jet neuv\u011b\u0159iteln\u011b z\u00e1bavn\u00e1 hra, kter\u00e1 v\u00e1s udr\u017e\u00ed v nap\u011bt\u00ed. Nezapome\u0148te pln\u011b vyu\u017e\u00edt v\u0161echny dostupn\u00e9 promo k\u00f3dy pro maxim\u00e1ln\u00ed z\u00e1bavu a odm\u011bny!<\/p>\n\n\n\n<div style=\"text-align: center;\"><a class=\"glow-button-new\" href=\"#go\" data-go=\"go\">Za\u010d\u00edt hr\u00e1t Lucky Jet<\/a><\/div>\n\n\n\n<h2 class=\"wp-block-heading\"><span class=\"ez-toc-section\" id=\"Bonus_Lucky_Jet_Game\"><\/span>Bonusov\u00e1 hra Lucky Jet<span class=\"ez-toc-section-end\"><\/span><\/h2>\n\n\n\n<p>Uv\u00edtac\u00ed bonus je projevem dobr\u00e9 v\u016fle v\u00fdvoj\u00e1\u0159\u016f, aby nov\u00fdm hr\u00e1\u010d\u016fm pomohl z\u00edskat pozitivn\u00ed prvn\u00ed zku\u0161enosti. Slou\u017e\u00ed k motivaci u\u017eivatel\u016f, aby se na platform\u011b zaregistrovali a z\u016fstali v n\u00ed del\u0161\u00ed dobu. Spole\u010dnost Lucky Jet tak\u00e9 chce, aby se jej\u00ed hr\u00e1\u010di i nad\u00e1le v\u011bnovali cel\u00e9mu procesu hry a porozum\u011bli v\u0161em jej\u00edm mechanik\u00e1m, a proto je vyb\u00edz\u00ed, aby u hry z\u016fstali i po vy\u010derp\u00e1n\u00ed uv\u00edtac\u00edho bonusu.<\/p>\n\n\n\n<p>Propaga\u010dn\u00ed k\u00f3dy Lucky Jet jsou v\u0161ude! M\u016f\u017eete je objevit na bloz\u00edch, komunitn\u00edch f\u00f3rech, ve zpravodajsk\u00fdch \u010dl\u00e1nc\u00edch a na mnoha dal\u0161\u00edch m\u00edstech. Proto nezapome\u0148te sledovat nejnov\u011bj\u0161\u00ed propaga\u010dn\u00ed k\u00f3dy a za\u010dn\u011bte vyd\u011bl\u00e1vat na ve\u0161ker\u00e9 z\u00e1bav\u011b a odm\u011bn\u00e1ch, kter\u00e9 tato hra nab\u00edz\u00ed!<\/p>\n\n\n\n<p>U\u017eijte si \u010das str\u00e1ven\u00fd na Lucky Jet a u\u017eijte si hran\u00ed s n\u00e1mi. \u010c\u00edm v\u00edce budete hr\u00e1t, t\u00edm lep\u0161\u00ed ceny z\u00edsk\u00e1te!<\/p>\n\n\n<div class=\"wp-block-image\">\n<figure class=\"aligncenter\"><a href=\"#go\" data-go=\"go\"><img decoding=\"async\" width=\"631\" height=\"305\" src=\"https:\/\/luckyjet-games.com\/wp-content\/uploads\/2022\/12\/Lucky-Jet-1win.jpg\" alt=\"Lucky Jet 1win\" class=\"wp-image-255\" srcset=\"https:\/\/luckyjet-games.com\/wp-content\/uploads\/2022\/12\/Lucky-Jet-1win.jpg 631w, https:\/\/luckyjet-games.com\/wp-content\/uploads\/2022\/12\/Lucky-Jet-1win-300x145.jpg 300w, https:\/\/luckyjet-games.com\/wp-content\/uploads\/2022\/12\/Lucky-Jet-1win-18x9.jpg 18w, https:\/\/luckyjet-games.com\/wp-content\/uploads\/2022\/12\/Lucky-Jet-1win-83x40.jpg 83w, https:\/\/luckyjet-games.com\/wp-content\/uploads\/2022\/12\/Lucky-Jet-1win-66x32.jpg 66w, https:\/\/luckyjet-games.com\/wp-content\/uploads\/2022\/12\/Lucky-Jet-1win-166x80.jpg 166w, https:\/\/luckyjet-games.com\/wp-content\/uploads\/2022\/12\/Lucky-Jet-1win-279x135.jpg 279w\" sizes=\"(max-width: 631px) 100vw, 631px\" \/><\/a><figcaption class=\"wp-element-caption\">Lucky Jet 1win<\/figcaption><\/figure>\n<\/div>\n\n\n<div style=\"text-align: center;\"><a class=\"glow-button-new\" href=\"#go\" data-go=\"go\">Z\u00edskat uv\u00edtac\u00ed bonus Lucky Jet<\/a><\/div>\n\n\n\n<h3 class=\"wp-block-heading\"><span class=\"ez-toc-section\" id=\"Lucky_Jet_Cashback\"><\/span>Lucky Jet Cashback<span class=\"ez-toc-section-end\"><\/span><\/h3>\n\n\n\n<p>Dal\u0161\u00edm zp\u016fsobem, jak z\u00edskat zisk z volno\u010dasov\u00fdch aktivit, jako je hran\u00ed her, je vyu\u017eit\u00ed propaga\u010dn\u00edho programu spravovan\u00e9ho veden\u00edm.<\/p>\n\n\n\n<p>Hr\u00e1\u010di mohou z\u00edskat zp\u011bt \u010d\u00e1st pen\u011bz, kter\u00e9 do hry vlo\u017eili, v z\u00e1vislosti na jejich hern\u00edch v\u00fdkonech.<\/p>\n\n\n\n<p>Lucky Jet nab\u00edz\u00ed \u0161t\u011bdr\u00e9 t\u00fddenn\u00ed v\u00fdnosy ze v\u0161ech utracen\u00fdch \u010d\u00e1stek a umo\u017e\u0148uje u\u017eivatel\u016fm vyzvednout si odm\u011bny na konci ka\u017ed\u00e9ho obdob\u00ed p\u0159\u00edmo na sv\u016fj vkladov\u00fd \u00fa\u010det. Z\u00fa\u010dastn\u011bte se Lucky Jet a skl\u00edzejte v\u00fdhody!<\/p>\n\n\n\n<p>Na rozd\u00edl od bonus\u016f s promok\u00f3dem nelze tento cashback vybrat, ale lze jej znovu investovat do s\u00e1zek nebo rozto\u010den\u00ed automat\u016f, aby v\u00e1m pomohl dos\u00e1hnout dal\u0161\u00edho v\u00edt\u011bzstv\u00ed.<\/p>\n\n\n\n<h2 class=\"wp-block-heading\"><span class=\"ez-toc-section\" id=\"How_to_Enter_a_Promo_Code_in_1win_LuckyJet\"><\/span>Jak zadat propaga\u010dn\u00ed k\u00f3d v aplikaci 1win LuckyJet<span class=\"ez-toc-section-end\"><\/span><\/h2>\n\n\n\n<p>N\u011bkte\u0159\u00ed u\u017eivatel\u00e9 mohou m\u00edt pot\u00ed\u017ee s uplatn\u011bn\u00edm propaga\u010dn\u00edho k\u00f3du kv\u016fli p\u0159esko\u010den\u00e9mu kroku p\u0159i registraci.<\/p>\n\n\n\n<p>Pokud n\u00e1sledn\u011b aktivace nefunguje spr\u00e1vn\u011b, je pro nov\u011bj\u0161\u00ed hr\u00e1\u010de nezbytn\u00e9 v\u011bnovat j\u00ed zv\u00fd\u0161enou pozornost a zajistit jej\u00ed spr\u00e1vn\u00e9 fungov\u00e1n\u00ed.<\/p>\n\n\n\n<p>Chcete-li spr\u00e1vn\u011b pou\u017e\u00edt sv\u016fj propaga\u010dn\u00ed k\u00f3d, postupujte podle n\u00e1sleduj\u00edc\u00edch krok\u016f:<\/p>\n\n\n\n<ol class=\"wp-block-list\">\n<li>Spus\u0165te domovskou str\u00e1nku ofici\u00e1ln\u00edch webov\u00fdch str\u00e1nek kasina.<\/li>\n\n\n\n<li>Pro p\u0159\u00edstup k registraci nebo p\u0159ihl\u00e1\u0161en\u00ed klikn\u011bte na p\u0159\u00edslu\u0161n\u00e9 tla\u010d\u00edtko.<\/li>\n\n\n\n<li>Vypl\u0148te p\u0159\u00edslu\u0161n\u00e1 pole a nezapome\u0148te vlo\u017eit k\u00f3d kup\u00f3nu \"<strong>LUCKY4444<\/strong>&#8220;.<\/li>\n\n\n\n<li>Chcete-li ov\u011b\u0159it poskytnut\u00e9 \u00fadaje, postupujte podle odkazu zaslan\u00e9ho na va\u0161i e-mailovou adresu.<\/li>\n<\/ol>\n\n\n<div class=\"wp-block-image\">\n<figure class=\"aligncenter\"><a href=\"#go\" data-go=\"go\"><img decoding=\"async\" width=\"958\" height=\"424\" src=\"https:\/\/luckyjet-games.com\/wp-content\/uploads\/2022\/12\/Lucky-Jet-Promo-Code.jpg\" alt=\"Lucky Jet Promo k\u00f3d\" class=\"wp-image-254\" srcset=\"https:\/\/luckyjet-games.com\/wp-content\/uploads\/2022\/12\/Lucky-Jet-Promo-Code.jpg 958w, https:\/\/luckyjet-games.com\/wp-content\/uploads\/2022\/12\/Lucky-Jet-Promo-Code-300x133.jpg 300w, https:\/\/luckyjet-games.com\/wp-content\/uploads\/2022\/12\/Lucky-Jet-Promo-Code-768x340.jpg 768w, https:\/\/luckyjet-games.com\/wp-content\/uploads\/2022\/12\/Lucky-Jet-Promo-Code-18x8.jpg 18w, https:\/\/luckyjet-games.com\/wp-content\/uploads\/2022\/12\/Lucky-Jet-Promo-Code-90x40.jpg 90w, https:\/\/luckyjet-games.com\/wp-content\/uploads\/2022\/12\/Lucky-Jet-Promo-Code-72x32.jpg 72w, https:\/\/luckyjet-games.com\/wp-content\/uploads\/2022\/12\/Lucky-Jet-Promo-Code-181x80.jpg 181w, https:\/\/luckyjet-games.com\/wp-content\/uploads\/2022\/12\/Lucky-Jet-Promo-Code-305x135.jpg 305w\" sizes=\"(max-width: 958px) 100vw, 958px\" \/><\/a><figcaption class=\"wp-element-caption\">Lucky Jet Promo k\u00f3d<\/figcaption><\/figure>\n<\/div>\n\n\n<div style=\"text-align: center;\"><a class=\"glow-button-new\" href=\"#go\" data-go=\"go\">Promok\u00f3d Lucky Jet \ud83c\udf81<\/a><\/div>\n\n\n\n<h2 class=\"wp-block-heading\"><span class=\"ez-toc-section\" id=\"What_Does_the_Promo_Code_Give_in_Lucky_Jet_1win\"><\/span>Co d\u00e1v\u00e1 propaga\u010dn\u00ed k\u00f3d v Lucky Jet 1win<span class=\"ez-toc-section-end\"><\/span><\/h2>\n\n\n\n<p>Pou\u017eit\u00ed k\u00f3du na jejich \u00fa\u010dtu d\u00e1v\u00e1 nov\u00e1\u010dk\u016fm p\u011btin\u00e1sobn\u011b v\u011bt\u0161\u00ed \u0161ance, kde prost\u0159edky pou\u017e\u00edt, a d\u00e1v\u00e1 jim tak tolik pot\u0159ebn\u00fd prostor pro sebezdokonalov\u00e1n\u00ed a zdokonalov\u00e1n\u00ed dovednost\u00ed v re\u00e1ln\u00e9m prost\u0159ed\u00ed. To nejen roz\u0161i\u0159uje jejich perspektivy v oblasti v\u00fdvoje, ale tak\u00e9 zaji\u0161\u0165uje pevn\u00e9 z\u00e1klady v oblasti kompetitivn\u00edho hran\u00ed.<\/p>\n\n\n\n<p>Lucky Jet nab\u00edz\u00ed \u0159adu bonus\u016f, v\u010detn\u011b n\u00e1soben\u00ed vklad\u016f, kter\u00e9 lze vyu\u017e\u00edt pouze ve vybran\u00fdch hr\u00e1ch a slotech. Hr\u00e1\u010di mus\u00ed vsadit alespo\u0148 1,5n\u00e1sobek p\u016fvodn\u00edho vkladu, aby mohli tyto odm\u011bny vyu\u017e\u00edt; ve\u0161ker\u00e9 v\u00fdhry z hran\u00ed s t\u011bmito bonusov\u00fdmi pen\u011bzi si v\u0161ak pot\u00e9 m\u016f\u017eete bez omezen\u00ed poslat p\u0159\u00edmo na sv\u016fj bankovn\u00ed \u00fa\u010det nebo do digit\u00e1ln\u00ed pen\u011b\u017eenky.<\/p>\n\n\n\n<p>Po \u00fasp\u011b\u0161n\u00e9 aktivaci k\u00f3du uvid\u00edte, kdy vypr\u0161\u00ed jeho platnost, a m\u016f\u017eete za\u010d\u00edt pl\u00e1novat, jak sv\u016fj vklad co nejl\u00e9pe vyu\u017e\u00edt je\u0161t\u011b p\u0159ed t\u00edmto datem. Chcete-li maximalizovat sv\u00e9 s\u00e1zky na automatech, v\u011bnujte \u010das pe\u010dliv\u00e9mu zv\u00e1\u017een\u00ed, kdy - a jak \u010dasto - byste m\u011bli tyto prost\u0159edky pou\u017e\u00edt.<\/p>\n<div class=\"author-card author-card--top\"><img alt='Fotografie avatara' src='https:\/\/luckyjet-games.com\/wp-content\/uploads\/2023\/03\/Chris-Hodge-130x130.jpg' srcset='https:\/\/luckyjet-games.com\/wp-content\/uploads\/2023\/03\/Chris-Hodge-260x260.jpg 2x' class='avatar avatar-130 photo author-image' height='130' width='130' \/><div class=\"author-content text-md-center\"><span class=\"author-title\">Autor<\/span><a href=\"https:\/\/luckyjet-games.com\/cs\/author\/chris-hodge\/\" class=\"author-name\">Chris Hodge<\/a><p class=\"author__details\">Chris Hodge je odborn\u00edk na hazardn\u00ed hry. Kasinov\u00e9 hry hraje a studuje ji\u017e v\u00edce ne\u017e 10 let. Za tu dobu si vytvo\u0159il dokonal\u00fd p\u0159ehled o strategi\u00edch a mechanismech v\u0161ech her v kasinu.<br \/>\r\n<br \/>\r\nD\u00edky sv\u00fdm znalostem a zku\u0161enostem se Chris stal pravideln\u00fdm p\u0159isp\u011bvatelem n\u011bkolika \u0161pi\u010dkov\u00fdch publikac\u00ed o hazardn\u00edch hr\u00e1ch. Kasina ho tak\u00e9 \u010dasto vyz\u00fdvaj\u00ed, aby jim poskytl odborn\u00e9 rady ohledn\u011b nov\u00fdch her a propaga\u010dn\u00edch akc\u00ed.<\/p><\/div><!-- \/.author-content --><\/div>","protected":false},"excerpt":{"rendered":"<p>Z\u00edskejte bonus Lucky Jet \ud83c\udf81 Nab\u00edz\u00edme v\u00e1m mo\u017enost nastartovat hru pomoc\u00ed \u00favodn\u00edch k\u00f3d\u016f, ale m\u011bjte na pam\u011bti, \u017ee jsou platn\u00e9 pouze kr\u00e1tkou dobu po vytvo\u0159en\u00ed \u00fa\u010dtu. Jakmile se p\u0159ihl\u00e1s\u00edte, \u010dasova\u010d za\u010dne odpo\u010d\u00edt\u00e1vat zb\u00fdvaj\u00edc\u00ed \u010das do konce t\u00e9to jedine\u010dn\u00e9 nab\u00eddky! Chcete-li vyu\u017e\u00edt [...]<\/p>","protected":false},"author":2,"featured_media":0,"parent":0,"menu_order":0,"comment_status":"closed","ping_status":"closed","template":"page-no-sidebar.php","meta":{"_acf_changed":false,"footnotes":""},"class_list":["post-250","page","type-page","status-publish","hentry"],"acf":[],"yoast_head":"<!-- This site is optimized with the Yoast SEO plugin v26.7 - https:\/\/yoast.com\/wordpress\/plugins\/seo\/ -->\n<title>Lucky Jet promo code 1win | How to use the promocode Lucky Jet Game<\/title>\n<meta name=\"description\" content=\"Lucky Jet Promo Code and Bonus at 1Win Casino. How to Activate and Where to Find Bonus Code Lucky Jet Game? Luckyjet Bonus Voucher - Get your Reward.\" \/>\n<meta name=\"robots\" content=\"index, follow, max-snippet:-1, max-image-preview:large, max-video-preview:-1\" \/>\n<link rel=\"canonical\" href=\"https:\/\/luckyjet-games.com\/cs\/lucky-jet-promo-code\/\" \/>\n<meta property=\"og:locale\" content=\"cs_CZ\" \/>\n<meta property=\"og:type\" content=\"article\" \/>\n<meta property=\"og:title\" content=\"Lucky Jet promo code 1win | How to use the promocode Lucky Jet Game\" \/>\n<meta property=\"og:description\" content=\"Lucky Jet Promo Code and Bonus at 1Win Casino. How to Activate and Where to Find Bonus Code Lucky Jet Game? Luckyjet Bonus Voucher - Get your Reward.\" \/>\n<meta property=\"og:url\" content=\"https:\/\/luckyjet-games.com\/cs\/lucky-jet-promo-code\/\" \/>\n<meta property=\"og:site_name\" content=\"Lucky Jet Games\" \/>\n<meta property=\"article:modified_time\" content=\"2024-03-13T19:00:42+00:00\" \/>\n<meta property=\"og:image\" content=\"https:\/\/luckyjet-games.com\/wp-content\/uploads\/2023\/04\/LUCKY4444-1024x1024.jpg\" \/>\n<meta name=\"twitter:card\" content=\"summary_large_image\" \/>\n<meta name=\"twitter:label1\" content=\"Odhadovan\u00e1 doba \u010dten\u00ed\" \/>\n\t<meta name=\"twitter:data1\" content=\"5 minut\" \/>\n<!-- \/ Yoast SEO plugin. -->","yoast_head_json":{"title":"Lucky Jet promo k\u00f3d 1win | Jak pou\u017e\u00edvat promo k\u00f3d Lucky Jet Game","description":"Lucky Jet Promo k\u00f3d a bonus v kasinu 1Win. Jak aktivovat a kde naj\u00edt bonusov\u00fd k\u00f3d Lucky Jet Game? Bonusov\u00fd poukaz Luckyjet - z\u00edskejte svou odm\u011bnu.","robots":{"index":"index","follow":"follow","max-snippet":"max-snippet:-1","max-image-preview":"max-image-preview:large","max-video-preview":"max-video-preview:-1"},"canonical":"https:\/\/luckyjet-games.com\/cs\/lucky-jet-promo-code\/","og_locale":"cs_CZ","og_type":"article","og_title":"Lucky Jet promo code 1win | How to use the promocode Lucky Jet Game","og_description":"Lucky Jet Promo Code and Bonus at 1Win Casino. How to Activate and Where to Find Bonus Code Lucky Jet Game? Luckyjet Bonus Voucher - Get your Reward.","og_url":"https:\/\/luckyjet-games.com\/cs\/lucky-jet-promo-code\/","og_site_name":"Lucky Jet Games","article_modified_time":"2024-03-13T19:00:42+00:00","og_image":[{"url":"https:\/\/luckyjet-games.com\/wp-content\/uploads\/2023\/04\/LUCKY4444-1024x1024.jpg","type":"","width":"","height":""}],"twitter_card":"summary_large_image","twitter_misc":{"Odhadovan\u00e1 doba \u010dten\u00ed":"5 minut"},"schema":{"@context":"https:\/\/schema.org","@graph":[{"@type":"WebPage","@id":"https:\/\/luckyjet-games.com\/lucky-jet-promo-code\/","url":"https:\/\/luckyjet-games.com\/lucky-jet-promo-code\/","name":"Lucky Jet promo k\u00f3d 1win | Jak pou\u017e\u00edvat promo k\u00f3d Lucky Jet Game","isPartOf":{"@id":"https:\/\/luckyjet-games.com\/de\/#website"},"primaryImageOfPage":{"@id":"https:\/\/luckyjet-games.com\/lucky-jet-promo-code\/#primaryimage"},"image":{"@id":"https:\/\/luckyjet-games.com\/lucky-jet-promo-code\/#primaryimage"},"thumbnailUrl":"https:\/\/luckyjet-games.com\/wp-content\/uploads\/2023\/04\/LUCKY4444-1024x1024.jpg","datePublished":"2022-12-20T11:11:31+00:00","dateModified":"2024-03-13T19:00:42+00:00","description":"Lucky Jet Promo k\u00f3d a bonus v kasinu 1Win. Jak aktivovat a kde naj\u00edt bonusov\u00fd k\u00f3d Lucky Jet Game? Bonusov\u00fd poukaz Luckyjet - z\u00edskejte svou odm\u011bnu.","breadcrumb":{"@id":"https:\/\/luckyjet-games.com\/lucky-jet-promo-code\/#breadcrumb"},"inLanguage":"cs","potentialAction":[{"@type":"ReadAction","target":["https:\/\/luckyjet-games.com\/lucky-jet-promo-code\/"]}]},{"@type":"ImageObject","inLanguage":"cs","@id":"https:\/\/luckyjet-games.com\/lucky-jet-promo-code\/#primaryimage","url":"https:\/\/luckyjet-games.com\/wp-content\/uploads\/2023\/04\/LUCKY4444-1024x1024.jpg","contentUrl":"https:\/\/luckyjet-games.com\/wp-content\/uploads\/2023\/04\/LUCKY4444-1024x1024.jpg"},{"@type":"BreadcrumbList","@id":"https:\/\/luckyjet-games.com\/lucky-jet-promo-code\/#breadcrumb","itemListElement":[{"@type":"ListItem","position":1,"name":"Home","item":"https:\/\/luckyjet-games.com\/"},{"@type":"ListItem","position":2,"name":"Lucky Jet Promo Code and Bonus"}]},{"@type":"WebSite","@id":"https:\/\/luckyjet-games.com\/de\/#website","url":"https:\/\/luckyjet-games.com\/de\/","name":"Lucky Jet Hry","description":"","publisher":{"@id":"https:\/\/luckyjet-games.com\/de\/#organization"},"potentialAction":[{"@type":"SearchAction","target":{"@type":"EntryPoint","urlTemplate":"https:\/\/luckyjet-games.com\/de\/?s={search_term_string}"},"query-input":{"@type":"PropertyValueSpecification","valueRequired":true,"valueName":"search_term_string"}}],"inLanguage":"cs"},{"@type":"Organization","@id":"https:\/\/luckyjet-games.com\/de\/#organization","name":"Lucky Jet Hry","url":"https:\/\/luckyjet-games.com\/de\/","logo":{"@type":"ImageObject","inLanguage":"cs","@id":"https:\/\/luckyjet-games.com\/de\/#\/schema\/logo\/image\/","url":"https:\/\/luckyjet-games.com\/wp-content\/uploads\/2022\/10\/Lucky-Jet-Game.png","contentUrl":"https:\/\/luckyjet-games.com\/wp-content\/uploads\/2022\/10\/Lucky-Jet-Game.png","width":711,"height":599,"caption":"Lucky Jet Games"},"image":{"@id":"https:\/\/luckyjet-games.com\/de\/#\/schema\/logo\/image\/"}}]}},"_links":{"self":[{"href":"https:\/\/luckyjet-games.com\/cs\/wp-json\/wp\/v2\/pages\/250","targetHints":{"allow":["GET"]}}],"collection":[{"href":"https:\/\/luckyjet-games.com\/cs\/wp-json\/wp\/v2\/pages"}],"about":[{"href":"https:\/\/luckyjet-games.com\/cs\/wp-json\/wp\/v2\/types\/page"}],"author":[{"embeddable":true,"href":"https:\/\/luckyjet-games.com\/cs\/wp-json\/wp\/v2\/users\/2"}],"replies":[{"embeddable":true,"href":"https:\/\/luckyjet-games.com\/cs\/wp-json\/wp\/v2\/comments?post=250"}],"version-history":[{"count":0,"href":"https:\/\/luckyjet-games.com\/cs\/wp-json\/wp\/v2\/pages\/250\/revisions"}],"wp:attachment":[{"href":"https:\/\/luckyjet-games.com\/cs\/wp-json\/wp\/v2\/media?parent=250"}],"curies":[{"name":"wp","href":"https:\/\/api.w.org\/{rel}","templated":true}]}}