{"id":16,"date":"2022-10-07T12:25:17","date_gmt":"2022-10-07T12:25:17","guid":{"rendered":"https:\/\/luckyjet-games.com\/?page_id=16"},"modified":"2024-03-12T18:08:58","modified_gmt":"2024-03-12T18:08:58","slug":"reviews-of-players-about-lucky-jet-game","status":"publish","type":"page","link":"https:\/\/luckyjet-games.com\/cs\/reviews-lucky-jet-game\/","title":{"rendered":"Recenze hr\u00e1\u010d\u016f o h\u0159e Lucky Jet"},"content":{"rendered":"<p>Na\u0161e webov\u00e9 str\u00e1nky poskytuj\u00ed p\u0159esn\u00e9 a zasv\u011bcen\u00e9 recenze od r\u016fzn\u00fdch konkuren\u010dn\u00edch hr\u00e1\u010d\u016f z oblasti <a href=\"https:\/\/luckyjet-games.com\/cs\/\">hra Lucky Jet<\/a>.<\/p>\n<div style=\"text-align: center;\"><a class=\"glow-button\" href=\"#go\" data-go=\"go\">Hr\u00e1t hru Lucky Jet<\/a><\/div>\n<div id=\"attachment_33\" style=\"width: 994px\" class=\"wp-caption aligncenter\"><a href=\"#go\" data-go=\"go\"><img decoding=\"async\" aria-describedby=\"caption-attachment-33\" class=\"wp-image-33 size-large\" title=\"Lucky Jet Recenze\" src=\"https:\/\/luckyjet-games.com\/wp-content\/uploads\/2022\/10\/Jucky-Jet-Game-1024x532.jpg\" alt=\"Lucky Jet Recenze\" width=\"994\" height=\"516\" srcset=\"https:\/\/luckyjet-games.com\/wp-content\/uploads\/2022\/10\/Jucky-Jet-Game-1024x532.jpg 1024w, https:\/\/luckyjet-games.com\/wp-content\/uploads\/2022\/10\/Jucky-Jet-Game-300x156.jpg 300w, https:\/\/luckyjet-games.com\/wp-content\/uploads\/2022\/10\/Jucky-Jet-Game-768x399.jpg 768w, https:\/\/luckyjet-games.com\/wp-content\/uploads\/2022\/10\/Jucky-Jet-Game-77x40.jpg 77w, https:\/\/luckyjet-games.com\/wp-content\/uploads\/2022\/10\/Jucky-Jet-Game-62x32.jpg 62w, https:\/\/luckyjet-games.com\/wp-content\/uploads\/2022\/10\/Jucky-Jet-Game-154x80.jpg 154w, https:\/\/luckyjet-games.com\/wp-content\/uploads\/2022\/10\/Jucky-Jet-Game-260x135.jpg 260w, https:\/\/luckyjet-games.com\/wp-content\/uploads\/2022\/10\/Jucky-Jet-Game.jpg 1089w\" sizes=\"(max-width: 994px) 100vw, 994px\" \/><\/a><p id=\"caption-attachment-33\" class=\"wp-caption-text\">Lucky Jet Recenze<\/p><\/div>\n        <section class=\"sc_fs_faq sc_card\">\n            <div>\n\t\t\t\t<div id=\"ez-toc-container\" class=\"ez-toc-v2_0_75 counter-hierarchy ez-toc-counter ez-toc-grey ez-toc-container-direction\">\n<div class=\"ez-toc-title-container\">\n<p class=\"ez-toc-title\" style=\"cursor:inherit\">Obsah<\/p>\n<span class=\"ez-toc-title-toggle\"><a href=\"#\" class=\"ez-toc-pull-right ez-toc-btn ez-toc-btn-xs ez-toc-btn-default ez-toc-toggle\" aria-label=\"P\u0159epnut\u00ed tabulky obsahu\"><span class=\"ez-toc-js-icon-con\"><span class=\"\"><span class=\"eztoc-hide\" style=\"display:none;\">P\u0159ep\u00edna\u010d<\/span><span class=\"ez-toc-icon-toggle-span\"><svg style=\"fill: #999;color:#999\" xmlns=\"http:\/\/www.w3.org\/2000\/svg\" class=\"list-377408\" width=\"20px\" height=\"20px\" viewbox=\"0 0 24 24\" fill=\"none\"><path d=\"M6 6H4v2h2V6zm14 0H8v2h12V6zM4 11h2v2H4v-2zm16 0H8v2h12v-2zM4 16h2v2H4v-2zm16 0H8v2h12v-2z\" fill=\"currentColor\"><\/path><\/svg><svg style=\"fill: #999;color:#999\" class=\"arrow-unsorted-368013\" xmlns=\"http:\/\/www.w3.org\/2000\/svg\" width=\"10px\" height=\"10px\" viewbox=\"0 0 24 24\" version=\"1.2\" baseprofile=\"tiny\"><path d=\"M18.2 9.3l-6.2-6.3-6.2 6.3c-.2.2-.3.4-.3.7s.1.5.3.7c.2.2.4.3.7.3h11c.3 0 .5-.1.7-.3.2-.2.3-.5.3-.7s-.1-.5-.3-.7zM5.8 14.7l6.2 6.3 6.2-6.3c.2-.2.3-.5.3-.7s-.1-.5-.3-.7c-.2-.2-.4-.3-.7-.3h-11c-.3 0-.5.1-.7.3-.2.2-.3.5-.3.7s.1.5.3.7z\"\/><\/svg><\/span><\/span><\/span><\/a><\/span><\/div>\n<nav><ul class='ez-toc-list ez-toc-list-level-1 eztoc-toggle-hide-by-default' ><li class='ez-toc-page-1 ez-toc-heading-level-3'><a class=\"ez-toc-link ez-toc-heading-1\" href=\"https:\/\/luckyjet-games.com\/cs\/reviews-lucky-jet-game\/#Max\" >Max<\/a><\/li><li class='ez-toc-page-1 ez-toc-heading-level-3'><a class=\"ez-toc-link ez-toc-heading-2\" href=\"https:\/\/luckyjet-games.com\/cs\/reviews-lucky-jet-game\/#Maria\" >Maria<\/a><\/li><li class='ez-toc-page-1 ez-toc-heading-level-3'><a class=\"ez-toc-link ez-toc-heading-3\" href=\"https:\/\/luckyjet-games.com\/cs\/reviews-lucky-jet-game\/#Andrew\" >Andrew<\/a><\/li><li class='ez-toc-page-1 ez-toc-heading-level-3'><a class=\"ez-toc-link ez-toc-heading-4\" href=\"https:\/\/luckyjet-games.com\/cs\/reviews-lucky-jet-game\/#Sam\" >Sam<\/a><\/li><li class='ez-toc-page-1 ez-toc-heading-level-3'><a class=\"ez-toc-link ez-toc-heading-5\" href=\"https:\/\/luckyjet-games.com\/cs\/reviews-lucky-jet-game\/#Linda\" >Linda<\/a><\/li><li class='ez-toc-page-1 ez-toc-heading-level-3'><a class=\"ez-toc-link ez-toc-heading-6\" href=\"https:\/\/luckyjet-games.com\/cs\/reviews-lucky-jet-game\/#George\" >George<\/a><\/li><li class='ez-toc-page-1 ez-toc-heading-level-3'><a class=\"ez-toc-link ez-toc-heading-7\" href=\"https:\/\/luckyjet-games.com\/cs\/reviews-lucky-jet-game\/#John\" >John<\/a><\/li><li class='ez-toc-page-1 ez-toc-heading-level-3'><a class=\"ez-toc-link ez-toc-heading-8\" href=\"https:\/\/luckyjet-games.com\/cs\/reviews-lucky-jet-game\/#Mary\" >Mary<\/a><\/li><\/ul><\/nav><\/div>\n<h3><span class=\"ez-toc-section\" id=\"Max\"><\/span>Max<span class=\"ez-toc-section-end\"><\/span><\/h3>                <div>\n\t\t\t\t\t                    <p>\n\t\t\t\t\t\tJsem velk\u00fdm fanou\u0161kem Lucky Jet. D\u0159\u00edve jsem hr\u00e1l Aviator a Crash. Na t\u00e9 prvn\u00ed je podle m\u011b n\u011bco sov\u011btsk\u00e9ho. Fanou\u0161ci vlasteneck\u00fdch her se na cest\u011b k n\u011bmu rozkr\u00e1jej\u00ed. Hra je ve sv\u00e9 podstat\u011b dost uchopiteln\u00e1.                    <\/p>\n                <\/div>\n            <\/div>\n        <\/section>\n\t\t        <section class=\"sc_fs_faq sc_card\">\n            <div>\n\t\t\t\t<h3><span class=\"ez-toc-section\" id=\"Maria\"><\/span>Maria<span class=\"ez-toc-section-end\"><\/span><\/h3>                <div>\n\t\t\t\t\t                    <p>\n\t\t\t\t\t\tMysl\u00edm, \u017ee nejlep\u0161\u00ed vlastnost\u00ed Lucky Jet crash her je algoritmus. N\u011bkolikr\u00e1t jsem d\u016fkladn\u011b zkontroloval jeho legitimitu, ne\u017e jsem se zav\u00e1zal hr\u00e1t se skute\u010dn\u00fdmi pen\u011bzi. V\u0161echny d\u016fkazy se shoduj\u00ed, \u017ee se ned\u011bje \u017e\u00e1dn\u00e9 podv\u00e1d\u011bn\u00ed.                    <\/p>\n                <\/div>\n            <\/div>\n        <\/section>\n\t\t        <section class=\"sc_fs_faq sc_card\">\n            <div>\n\t\t\t\t<h3><span class=\"ez-toc-section\" id=\"Andrew\"><\/span>Andrew<span class=\"ez-toc-section-end\"><\/span><\/h3>                <div>\n\t\t\t\t\t                    <p>\n\t\t\t\t\t\tTohle je moje obl\u00edben\u00e1 hra. M\u016f\u017eu s n\u00ed vyd\u011blat spoustu pen\u011bz a nemus\u00edm se moc sna\u017eit.                    <\/p>\n                <\/div>\n            <\/div>\n        <\/section>\n\t\t        <section class=\"sc_fs_faq sc_card\">\n            <div>\n\t\t\t\t<h3><span class=\"ez-toc-section\" id=\"Sam\"><\/span>Sam<span class=\"ez-toc-section-end\"><\/span><\/h3>                <div>\n\t\t\t\t\t                    <p>\n\t\t\t\t\t\tV\u0161iml jsem si n\u011b\u010deho zvl\u00e1\u0161tn\u00edho, ale hraju u\u017e dlouho. V\u011bt\u0161inu \u010dasu p\u0159i Lucky Jet vyhr\u00e1v\u00e1m. Kdy\u017e se pod\u00edv\u00e1m na hodnocen\u00ed hr\u00e1\u010d\u016f, vid\u00edm, \u017ee v\u00edce ne\u017e polovina z 20-30 lid\u00ed je schopna vybrat sv\u00e9 pen\u00edze d\u0159\u00edve, ne\u017e Lucky Joe odstartuje. N\u011bkdo vyhraje dvojn\u00e1sobnou \u010d\u00e1stku, n\u011bkdo desetkr\u00e1t v\u00edce, p\u0159esto to nen\u00ed p\u0159\u00edli\u0161 \u010dast\u00e9. Mnoho hr\u00e1\u010d\u016f, kte\u0159\u00ed s\u00e1zej\u00ed x2 nebo x3, je t\u00e9m\u011b\u0159 v\u017edy v zisku. To mi \u0159\u00edk\u00e1 mnoh\u00e9.                    <\/p>\n                <\/div>\n            <\/div>\n        <\/section>\n\t\t        <section class=\"sc_fs_faq sc_card\">\n            <div>\n\t\t\t\t<h3><span class=\"ez-toc-section\" id=\"Linda\"><\/span>Linda<span class=\"ez-toc-section-end\"><\/span><\/h3>                <div>\n\t\t\t\t\t                    <p>\n\t\t\t\t\t\tTuto hru miluji. Je snadn\u00e9 ji hr\u00e1t a odm\u011bny jsou skv\u011bl\u00e9.                    <\/p>\n                <\/div>\n            <\/div>\n        <\/section>\n\t\t        <section class=\"sc_fs_faq sc_card\">\n            <div>\n\t\t\t\t<h3><span class=\"ez-toc-section\" id=\"George\"><\/span>George<span class=\"ez-toc-section-end\"><\/span><\/h3>                <div>\n\t\t\t\t\t                    <p>\n\t\t\t\t\t\tP\u0159e\u010detl jsem spoustu \u010dl\u00e1nk\u016f o strategi\u00edch s\u00e1zen\u00ed na kasinov\u00e9 hry. Pou\u017eil jsem taktiku a strategii pro sv\u00e9 vlastn\u00ed hran\u00ed, ale nakonec jsem prohr\u00e1l v\u00edce pen\u011bz ne\u017e kdykoli p\u0159edt\u00edm. V ka\u017ed\u00e9 h\u0159e mus\u00edte b\u00fdt neust\u00e1le obez\u0159etn\u00ed a uv\u011bdom\u011bl\u00ed. M\u016f\u017eete pou\u017e\u00edt jakoukoli strategii, ale nakonec jste to jen vy, kdo m\u00e1 v\u0161e pod kontrolou. Jednoduch\u00fd p\u0159\u00edklad: P\u0159i uzav\u00edr\u00e1n\u00ed velk\u00e9 s\u00e1zky jsem pou\u017eil kurz x1,1 a naprogramoval jsem automatick\u00fd v\u00fdb\u011br na 1x tuto \u010d\u00e1stku, pokud jsem vyhr\u00e1l . P\u0159edstavte si m\u00e9 p\u0159ekvapen\u00ed, kdy\u017e koeficient t\u0159ikr\u00e1t za sebou vylet\u011bl na 1! P\u0159i\u0161el jsem o 300 dolar\u016f. Uk\u00e1zalo se, \u017ee algoritmus \u010dasto vyp\u00edn\u00e1 ty, kte\u0159\u00ed na n\u011bm setrv\u00e1vaj\u00ed p\u0159i p\u0159\u00edli\u0161 vysok\u00fdch s\u00e1zk\u00e1ch. Pak jsem se rozhodl p\u0159evz\u00edt kontrolu nad sv\u00fdm osudem. Mnoho m\u011bs\u00edc\u016f jsem vyd\u011bl\u00e1val pen\u00edze v \u0159ad\u011b za sebou. Ale - z\u016fsta\u0148te ve st\u0159ehu a hrajte opatrn\u011b.                    <\/p>\n                <\/div>\n            <\/div>\n        <\/section>\n\t\t        <section class=\"sc_fs_faq sc_card\">\n            <div>\n\t\t\t\t<h3><span class=\"ez-toc-section\" id=\"John\"><\/span>John<span class=\"ez-toc-section-end\"><\/span><\/h3>                <div>\n\t\t\t\t\t                    <p>\n\t\t\t\t\t\tPot\u00e9, co jsem si p\u0159e\u010detl o strategi\u00edch a tipech Lucky Jet, jsem se rozhodl vyzkou\u0161et ji v online kasinu. Zjistil jsem, \u017ee hra je velmi snadn\u00e1 a vyhr\u00e1l jsem s n\u00ed spoustu pen\u011bz. Rozhodn\u011b bych tuto hru doporu\u010dil v\u0161em, kte\u0159\u00ed hledaj\u00ed snadn\u00fd zp\u016fsob, jak vyd\u011blat pen\u00edze.                    <\/p>\n                <\/div>\n            <\/div>\n        <\/section>\n\t\t        <section class=\"sc_fs_faq sc_card\">\n            <div>\n\t\t\t\t<h3><span class=\"ez-toc-section\" id=\"Mary\"><\/span>Mary<span class=\"ez-toc-section-end\"><\/span><\/h3>                <div>\n\t\t\t\t\t                    <p>\n\t\t\t\t\t\tHr\u00e1l jsem Lucky Jet v online kasinu 1Win a vyd\u011blal jsem na tom spoustu pen\u011bz. Tuto hru z cel\u00e9ho srdce doporu\u010duji ka\u017ed\u00e9mu, kdo hled\u00e1 zp\u016fsob, jak si bez n\u00e1mahy vyd\u011blat n\u011bjak\u00e9 pen\u00edze.                    <\/p>\n                <\/div>\n            <\/div>\n        <\/section>\n\t\t\n<script type=\"application\/ld+json\">{\n    \"@context\": \"https:\\\/\\\/schema.org\",\n    \"@type\": \"FAQPage\",\n    \"mainEntity\": [\n        {\n            \"@type\": \"Question\",\n            \"name\": \"Max\",\n            \"acceptedAnswer\": {\n                \"@type\": \"Answer\",\n                \"text\": \"I'm a big fan of Lucky Jet. I previously played Aviator and Crash. There's something Soviet about the first one, I believe. Fans of patriotic games are sliced in half on the road to it. The game is quite grasping in its nature.\"\n            }\n        },\n        {\n            \"@type\": \"Question\",\n            \"name\": \"Maria\",\n            \"acceptedAnswer\": {\n                \"@type\": \"Answer\",\n                \"text\": \"I think that the best feature of Lucky Jet crash games is the algorithm. I thoroughly checked it for legitimacy several times before committing to playing with real money. All proof matches up there's no cheating going on.\"\n            }\n        },\n        {\n            \"@type\": \"Question\",\n            \"name\": \"Andrew\",\n            \"acceptedAnswer\": {\n                \"@type\": \"Answer\",\n                \"text\": \"This is my favorite game. I can make a lot of money with it and I don't have to put in much effort.\"\n            }\n        },\n        {\n            \"@type\": \"Question\",\n            \"name\": \"Sam\",\n            \"acceptedAnswer\": {\n                \"@type\": \"Answer\",\n                \"text\": \"I noticed something odd, but I've been playing for a long time. The majority of the time, at Lucky Jet, I win. When I look at the ratings of players, I see that more than half of 20-30 people are able to withdraw their money before Lucky Joe takes off. Someone wins a double amount; someone wins ten times more; yet it's not very common. Many players who wager x2 or x3 are almost always in profits. It says much to me.\"\n            }\n        },\n        {\n            \"@type\": \"Question\",\n            \"name\": \"Linda\",\n            \"acceptedAnswer\": {\n                \"@type\": \"Answer\",\n                \"text\": \"I love this game. It's easy to play and the rewards are great.\"\n            }\n        },\n        {\n            \"@type\": \"Question\",\n            \"name\": \"George\",\n            \"acceptedAnswer\": {\n                \"@type\": \"Answer\",\n                \"text\": \"I read a ton of articles on betting strategies for casino games. I applied the tactics and strategy to my own playing, but ended up losing more money than I ever have before. In any game, you need to be cautious and aware at all times. You can use whatever strategy you want, but in the end, you are the only one who is in control. A simple example: I used x1.1 odds when making a big bet and programmed the automatic withdrawal for 1x that amount if I won . Imagine my surprise when the coefficient flew out at 1 three times in a row! I lost 300 bucks. It turns out that the algorithm frequently shuts off those who linger on it at excessively high stakes. Then I decided to take control of my own destiny. For many months, I was making money in a row. But - stay alert and play cautiously.\"\n            }\n        },\n        {\n            \"@type\": \"Question\",\n            \"name\": \"John\",\n            \"acceptedAnswer\": {\n                \"@type\": \"Answer\",\n                \"text\": \"After reading about the strategies and tips of Lucky Jet, I decided to try it out in an online casino. I found the game to be very easy to play and I won a lot of money with it. I would definitely recommend this game to anyone who is looking for an easy way to make money.\"\n            }\n        },\n        {\n            \"@type\": \"Question\",\n            \"name\": \"Mary\",\n            \"acceptedAnswer\": {\n                \"@type\": \"Answer\",\n                \"text\": \"I played Lucky Jet at an 1Win online casino and I made a lot of money doing so. I wholeheartedly recommend this game to anyone seeking an effortless method of making some cash.\"\n            }\n        }\n    ]\n}<\/script>\n\n<div class=\"author-card author-card--top\"><img alt='Fotografie avatara' src='https:\/\/luckyjet-games.com\/wp-content\/uploads\/2023\/03\/Chris-Hodge-130x130.jpg' srcset='https:\/\/luckyjet-games.com\/wp-content\/uploads\/2023\/03\/Chris-Hodge-260x260.jpg 2x' class='avatar avatar-130 photo author-image' height='130' width='130' \/><div class=\"author-content text-md-center\"><span class=\"author-title\">Autor<\/span><a href=\"https:\/\/luckyjet-games.com\/cs\/author\/chris-hodge\/\" class=\"author-name\">Chris Hodge<\/a><p class=\"author__details\">Chris Hodge je odborn\u00edk na hazardn\u00ed hry. Kasinov\u00e9 hry hraje a studuje ji\u017e v\u00edce ne\u017e 10 let. Za tu dobu si vytvo\u0159il dokonal\u00fd p\u0159ehled o strategi\u00edch a mechanismech v\u0161ech her v kasinu.<br \/>\r\n<br \/>\r\nD\u00edky sv\u00fdm znalostem a zku\u0161enostem se Chris stal pravideln\u00fdm p\u0159isp\u011bvatelem n\u011bkolika \u0161pi\u010dkov\u00fdch publikac\u00ed o hazardn\u00edch hr\u00e1ch. Kasina ho tak\u00e9 \u010dasto vyz\u00fdvaj\u00ed, aby jim poskytl odborn\u00e9 rady ohledn\u011b nov\u00fdch her a propaga\u010dn\u00edch akc\u00ed.<\/p><\/div><!-- \/.author-content --><\/div>","protected":false},"excerpt":{"rendered":"<p>Na\u0161e webov\u00e9 str\u00e1nky poskytuj\u00ed p\u0159esn\u00e9 a zasv\u011bcen\u00e9 recenze od r\u016fzn\u00fdch konkuren\u010dn\u00edch hr\u00e1\u010d\u016f hry Lucky Jet. Zahrajte si hru Lucky Jet AutorChris HodgeChris Hodge je odborn\u00edk na hazardn\u00ed hry. Kasinov\u00e9 hry hraje a studuje ji\u017e v\u00edce ne\u017e 10 let. Za tu dobu si osvojil hlubok\u00e9 znalosti strategi\u00ed a mechanik, kter\u00e9 se skr\u00fdvaj\u00ed za [...]<\/p>","protected":false},"author":2,"featured_media":0,"parent":0,"menu_order":0,"comment_status":"closed","ping_status":"closed","template":"page-no-sidebar.php","meta":{"_acf_changed":false,"footnotes":""},"class_list":["post-16","page","type-page","status-publish","hentry"],"acf":[],"yoast_head":"<!-- This site is optimized with the Yoast SEO plugin v26.7 - https:\/\/yoast.com\/wordpress\/plugins\/seo\/ -->\n<title>Reviews from Real Players about Lucky Jet Game - Feedback<\/title>\n<meta name=\"description\" content=\"Reviews from real players about game Lucky Jet Game \ud83d\ude80 What you need to know about game Lucky Jet. Gamblers opinion and Recomendations\" \/>\n<meta name=\"robots\" content=\"index, follow, max-snippet:-1, max-image-preview:large, max-video-preview:-1\" \/>\n<link rel=\"canonical\" href=\"https:\/\/luckyjet-games.com\/cs\/reviews-lucky-jet-game\/\" \/>\n<meta property=\"og:locale\" content=\"cs_CZ\" \/>\n<meta property=\"og:type\" content=\"article\" \/>\n<meta property=\"og:title\" content=\"Reviews from Real Players about Lucky Jet Game - Feedback\" \/>\n<meta property=\"og:description\" content=\"Reviews from real players about game Lucky Jet Game \ud83d\ude80 What you need to know about game Lucky Jet. Gamblers opinion and Recomendations\" \/>\n<meta property=\"og:url\" content=\"https:\/\/luckyjet-games.com\/cs\/reviews-lucky-jet-game\/\" \/>\n<meta property=\"og:site_name\" content=\"Lucky Jet Games\" \/>\n<meta property=\"article:modified_time\" content=\"2024-03-12T18:08:58+00:00\" \/>\n<meta property=\"og:image\" content=\"https:\/\/luckyjet-games.com\/wp-content\/uploads\/2022\/10\/Jucky-Jet-Game-1024x532.jpg\" \/>\n<meta name=\"twitter:card\" content=\"summary_large_image\" \/>\n<meta name=\"twitter:label1\" content=\"Odhadovan\u00e1 doba \u010dten\u00ed\" \/>\n\t<meta name=\"twitter:data1\" content=\"3 minuty\" \/>\n<!-- \/ Yoast SEO plugin. -->","yoast_head_json":{"title":"Recenze od skute\u010dn\u00fdch hr\u00e1\u010d\u016f o h\u0159e Lucky Jet - zp\u011btn\u00e1 vazba","description":"Recenze skute\u010dn\u00fdch hr\u00e1\u010d\u016f o h\u0159e Lucky Jet Hra \ud83d\ude80 Co pot\u0159ebujete v\u011bd\u011bt o h\u0159e Lucky Jet. N\u00e1zory a doporu\u010den\u00ed hr\u00e1\u010d\u016f","robots":{"index":"index","follow":"follow","max-snippet":"max-snippet:-1","max-image-preview":"max-image-preview:large","max-video-preview":"max-video-preview:-1"},"canonical":"https:\/\/luckyjet-games.com\/cs\/reviews-lucky-jet-game\/","og_locale":"cs_CZ","og_type":"article","og_title":"Reviews from Real Players about Lucky Jet Game - Feedback","og_description":"Reviews from real players about game Lucky Jet Game \ud83d\ude80 What you need to know about game Lucky Jet. Gamblers opinion and Recomendations","og_url":"https:\/\/luckyjet-games.com\/cs\/reviews-lucky-jet-game\/","og_site_name":"Lucky Jet Games","article_modified_time":"2024-03-12T18:08:58+00:00","og_image":[{"url":"https:\/\/luckyjet-games.com\/wp-content\/uploads\/2022\/10\/Jucky-Jet-Game-1024x532.jpg","type":"","width":"","height":""}],"twitter_card":"summary_large_image","twitter_misc":{"Odhadovan\u00e1 doba \u010dten\u00ed":"3 minuty"},"schema":{"@context":"https:\/\/schema.org","@graph":[{"@type":"WebPage","@id":"https:\/\/luckyjet-games.com\/reviews-lucky-jet-game\/","url":"https:\/\/luckyjet-games.com\/reviews-lucky-jet-game\/","name":"Recenze od skute\u010dn\u00fdch hr\u00e1\u010d\u016f o h\u0159e Lucky Jet - zp\u011btn\u00e1 vazba","isPartOf":{"@id":"https:\/\/luckyjet-games.com\/de\/#website"},"primaryImageOfPage":{"@id":"https:\/\/luckyjet-games.com\/reviews-lucky-jet-game\/#primaryimage"},"image":{"@id":"https:\/\/luckyjet-games.com\/reviews-lucky-jet-game\/#primaryimage"},"thumbnailUrl":"https:\/\/luckyjet-games.com\/wp-content\/uploads\/2022\/10\/Jucky-Jet-Game-1024x532.jpg","datePublished":"2022-10-07T12:25:17+00:00","dateModified":"2024-03-12T18:08:58+00:00","description":"Recenze skute\u010dn\u00fdch hr\u00e1\u010d\u016f o h\u0159e Lucky Jet Hra \ud83d\ude80 Co pot\u0159ebujete v\u011bd\u011bt o h\u0159e Lucky Jet. N\u00e1zory a doporu\u010den\u00ed hr\u00e1\u010d\u016f","breadcrumb":{"@id":"https:\/\/luckyjet-games.com\/reviews-lucky-jet-game\/#breadcrumb"},"inLanguage":"cs","potentialAction":[{"@type":"ReadAction","target":["https:\/\/luckyjet-games.com\/reviews-lucky-jet-game\/"]}]},{"@type":"ImageObject","inLanguage":"cs","@id":"https:\/\/luckyjet-games.com\/reviews-lucky-jet-game\/#primaryimage","url":"https:\/\/luckyjet-games.com\/wp-content\/uploads\/2022\/10\/Jucky-Jet-Game-1024x532.jpg","contentUrl":"https:\/\/luckyjet-games.com\/wp-content\/uploads\/2022\/10\/Jucky-Jet-Game-1024x532.jpg"},{"@type":"BreadcrumbList","@id":"https:\/\/luckyjet-games.com\/reviews-lucky-jet-game\/#breadcrumb","itemListElement":[{"@type":"ListItem","position":1,"name":"Home","item":"https:\/\/luckyjet-games.com\/"},{"@type":"ListItem","position":2,"name":"Reviews of players about Lucky Jet Game"}]},{"@type":"WebSite","@id":"https:\/\/luckyjet-games.com\/de\/#website","url":"https:\/\/luckyjet-games.com\/de\/","name":"Lucky Jet Hry","description":"","publisher":{"@id":"https:\/\/luckyjet-games.com\/de\/#organization"},"potentialAction":[{"@type":"SearchAction","target":{"@type":"EntryPoint","urlTemplate":"https:\/\/luckyjet-games.com\/de\/?s={search_term_string}"},"query-input":{"@type":"PropertyValueSpecification","valueRequired":true,"valueName":"search_term_string"}}],"inLanguage":"cs"},{"@type":"Organization","@id":"https:\/\/luckyjet-games.com\/de\/#organization","name":"Lucky Jet Hry","url":"https:\/\/luckyjet-games.com\/de\/","logo":{"@type":"ImageObject","inLanguage":"cs","@id":"https:\/\/luckyjet-games.com\/de\/#\/schema\/logo\/image\/","url":"https:\/\/luckyjet-games.com\/wp-content\/uploads\/2022\/10\/Lucky-Jet-Game.png","contentUrl":"https:\/\/luckyjet-games.com\/wp-content\/uploads\/2022\/10\/Lucky-Jet-Game.png","width":711,"height":599,"caption":"Lucky Jet Games"},"image":{"@id":"https:\/\/luckyjet-games.com\/de\/#\/schema\/logo\/image\/"}}]}},"_links":{"self":[{"href":"https:\/\/luckyjet-games.com\/cs\/wp-json\/wp\/v2\/pages\/16","targetHints":{"allow":["GET"]}}],"collection":[{"href":"https:\/\/luckyjet-games.com\/cs\/wp-json\/wp\/v2\/pages"}],"about":[{"href":"https:\/\/luckyjet-games.com\/cs\/wp-json\/wp\/v2\/types\/page"}],"author":[{"embeddable":true,"href":"https:\/\/luckyjet-games.com\/cs\/wp-json\/wp\/v2\/users\/2"}],"replies":[{"embeddable":true,"href":"https:\/\/luckyjet-games.com\/cs\/wp-json\/wp\/v2\/comments?post=16"}],"version-history":[{"count":0,"href":"https:\/\/luckyjet-games.com\/cs\/wp-json\/wp\/v2\/pages\/16\/revisions"}],"wp:attachment":[{"href":"https:\/\/luckyjet-games.com\/cs\/wp-json\/wp\/v2\/media?parent=16"}],"curies":[{"name":"wp","href":"https:\/\/api.w.org\/{rel}","templated":true}]}}