{"id":60,"date":"2022-10-11T08:03:52","date_gmt":"2022-10-11T08:03:52","guid":{"rendered":"https:\/\/luckyjet-games.com\/?page_id=60"},"modified":"2024-03-12T18:07:28","modified_gmt":"2024-03-12T18:07:28","slug":"lucky-jet-predictor-apk-download","status":"publish","type":"page","link":"https:\/\/luckyjet-games.com\/az\/lucky-jet-predictor-apk-download\/","title":{"rendered":"Lucky Jet Predictor APK Download"},"content":{"rendered":"<div style=\"text-align: center;\"><a class=\"glow-button\" href=\"#go\" data-go=\"go\">Lucky Jet Oyununu Oynay\u0131n<\/a><\/div>\n<div id=\"attachment_33\" style=\"width: 924px\" class=\"wp-caption aligncenter\"><a href=\"#go\" data-go=\"go\"><img decoding=\"async\" aria-describedby=\"caption-attachment-33\" class=\"wp-image-33\" title=\"Lucky Jet Oyunu\" src=\"https:\/\/luckyjet-games.com\/wp-content\/uploads\/2022\/10\/Jucky-Jet-Game-1024x532.jpg\" alt=\"Lucky Jet Oyunu\" width=\"924\" height=\"480\" srcset=\"https:\/\/luckyjet-games.com\/wp-content\/uploads\/2022\/10\/Jucky-Jet-Game-1024x532.jpg 1024w, https:\/\/luckyjet-games.com\/wp-content\/uploads\/2022\/10\/Jucky-Jet-Game-300x156.jpg 300w, https:\/\/luckyjet-games.com\/wp-content\/uploads\/2022\/10\/Jucky-Jet-Game-768x399.jpg 768w, https:\/\/luckyjet-games.com\/wp-content\/uploads\/2022\/10\/Jucky-Jet-Game-77x40.jpg 77w, https:\/\/luckyjet-games.com\/wp-content\/uploads\/2022\/10\/Jucky-Jet-Game-62x32.jpg 62w, https:\/\/luckyjet-games.com\/wp-content\/uploads\/2022\/10\/Jucky-Jet-Game-154x80.jpg 154w, https:\/\/luckyjet-games.com\/wp-content\/uploads\/2022\/10\/Jucky-Jet-Game-260x135.jpg 260w, https:\/\/luckyjet-games.com\/wp-content\/uploads\/2022\/10\/Jucky-Jet-Game.jpg 1089w\" sizes=\"(max-width: 924px) 100vw, 924px\" \/><\/a><p id=\"caption-attachment-33\" class=\"wp-caption-text\">Lucky Jet Oyunu<\/p><\/div>\n<p>\u0130st\u0259nil\u0259n versiyan\u0131 y\u00fckl\u0259y\u0259 bil\u0259rsiniz <a href=\"https:\/\/luckyjet-games.com\/az\/\">Lucky Jet<\/a> Proqnoz ver\u0259n. Mobil cihaz\u0131n\u0131zda Lucky Jet Predictor qura\u015fd\u0131rmaq ist\u0259yirsinizs\u0259, onun Android 2.3 v\u0259 ya daha y\u00fcks\u0259k versiyas\u0131 olmal\u0131d\u0131r. Lucky Jet Predictor-un b\u00fct\u00fcn versiyalar\u0131 Android Top vasit\u0259sil\u0259 m\u00f6vcuddur v\u0259 siz onu birba\u015fa telefonunuzda v\u0259 ya dig\u0259r Android cihaz\u0131n\u0131zda \u0259ld\u0259 ed\u0259 bil\u0259rsiniz. Bunun \u00fc\u00e7\u00fcn siz\u0259 emulyatorlar laz\u0131md\u0131r; lakin, emulyatorlardan istifad\u0259 edirsinizs\u0259, komp\u00fcterinizd\u0259 Lucky Jet Cheat Predictor-dan istifad\u0259 ed\u0259 bil\u0259rsiniz.<\/p>\n<div id=\"ez-toc-container\" class=\"ez-toc-v2_0_75 counter-hierarchy ez-toc-counter ez-toc-grey ez-toc-container-direction\">\n<div class=\"ez-toc-title-container\">\n<p class=\"ez-toc-title\" style=\"cursor:inherit\">M\u00fcnd\u0259ricat<\/p>\n<span class=\"ez-toc-title-toggle\"><a href=\"#\" class=\"ez-toc-pull-right ez-toc-btn ez-toc-btn-xs ez-toc-btn-default ez-toc-toggle\" aria-label=\"M\u0259zmun C\u0259dv\u0259lini d\u0259yi\u015fin\"><span class=\"ez-toc-js-icon-con\"><span class=\"\"><span class=\"eztoc-hide\" style=\"display:none;\">D\u0259yi\u015fdirin<\/span><span class=\"ez-toc-icon-toggle-span\"><svg style=\"fill: #999;color:#999\" xmlns=\"http:\/\/www.w3.org\/2000\/svg\" class=\"list-377408\" width=\"20px\" height=\"20px\" viewbox=\"0 0 24 24\" fill=\"none\"><path d=\"M6 6H4v2h2V6zm14 0H8v2h12V6zM4 11h2v2H4v-2zm16 0H8v2h12v-2zM4 16h2v2H4v-2zm16 0H8v2h12v-2z\" fill=\"currentColor\"><\/path><\/svg><svg style=\"fill: #999;color:#999\" class=\"arrow-unsorted-368013\" xmlns=\"http:\/\/www.w3.org\/2000\/svg\" width=\"10px\" height=\"10px\" viewbox=\"0 0 24 24\" version=\"1.2\" baseprofile=\"tiny\"><path d=\"M18.2 9.3l-6.2-6.3-6.2 6.3c-.2.2-.3.4-.3.7s.1.5.3.7c.2.2.4.3.7.3h11c.3 0 .5-.1.7-.3.2-.2.3-.5.3-.7s-.1-.5-.3-.7zM5.8 14.7l6.2 6.3 6.2-6.3c.2-.2.3-.5.3-.7s-.1-.5-.3-.7c-.2-.2-.4-.3-.7-.3h-11c-.3 0-.5.1-.7.3-.2.2-.3.5-.3.7s.1.5.3.7z\"\/><\/svg><\/span><\/span><\/span><\/a><\/span><\/div>\n<nav><ul class='ez-toc-list ez-toc-list-level-1 eztoc-toggle-hide-by-default' ><li class='ez-toc-page-1 ez-toc-heading-level-2'><a class=\"ez-toc-link ez-toc-heading-1\" href=\"https:\/\/luckyjet-games.com\/az\/lucky-jet-predictor-apk-download\/#How_to_Download_Lucky_Jet_Predictor_for_Android\" >Android \u00fc\u00e7\u00fcn Lucky Jet Predictor-u nec\u0259 y\u00fckl\u0259m\u0259k olar?<\/a><\/li><li class='ez-toc-page-1 ez-toc-heading-level-2'><a class=\"ez-toc-link ez-toc-heading-2\" href=\"https:\/\/luckyjet-games.com\/az\/lucky-jet-predictor-apk-download\/#How_to_Install_Lucky_Jet_Cheat_Predictor_APK_on_Windows\" >Windows-da Lucky Jet Cheat Predictor APK-ni nec\u0259 qura\u015fd\u0131rmaq olar?<\/a><\/li><li class='ez-toc-page-1 ez-toc-heading-level-2'><a class=\"ez-toc-link ez-toc-heading-3\" href=\"https:\/\/luckyjet-games.com\/az\/lucky-jet-predictor-apk-download\/#How_to_Hack_Lucky_Jet_Game\" >Lucky Jet oyununu nec\u0259 s\u0131nd\u0131rmaq olar?<\/a><\/li><li class='ez-toc-page-1 ez-toc-heading-level-2'><a class=\"ez-toc-link ez-toc-heading-4\" href=\"https:\/\/luckyjet-games.com\/az\/lucky-jet-predictor-apk-download\/#How_to_Use_Lucky_Jet_Cheat_Predictor\" >Lucky Jet Cheat Predictor-dan nec\u0259 istifad\u0259 etm\u0259li?<\/a><\/li><li class='ez-toc-page-1 ez-toc-heading-level-2'><a class=\"ez-toc-link ez-toc-heading-5\" href=\"https:\/\/luckyjet-games.com\/az\/lucky-jet-predictor-apk-download\/#What_is_Lucky_Jet_Signals_Telegram_and_How_its_work\" >Lucky Jet Signals Telegram n\u0259dir v\u0259 nec\u0259 i\u015fl\u0259yir?<\/a><\/li><li class='ez-toc-page-1 ez-toc-heading-level-2'><a class=\"ez-toc-link ez-toc-heading-6\" href=\"https:\/\/luckyjet-games.com\/az\/lucky-jet-predictor-apk-download\/#Conclusion\" >N\u0259tic\u0259<\/a><\/li><\/ul><\/nav><\/div>\n<h2><span class=\"ez-toc-section\" id=\"How_to_Download_Lucky_Jet_Predictor_for_Android\"><\/span>Android \u00fc\u00e7\u00fcn Lucky Jet Predictor-u nec\u0259 y\u00fckl\u0259m\u0259k olar?<span class=\"ez-toc-section-end\"><\/span><\/h2>\n<ul>\n<li>Android cihaz\u0131n\u0131zdan Google Play Store-a ke\u00e7in.<\/li>\n<li>Axtar\u0131\u015f \u00e7ubu\u011funa &quot;Lucky Jet Predictor&quot; yaz\u0131n.<\/li>\n<li>T\u0259tbiq axtar\u0131\u015f n\u0259tic\u0259l\u0259rind\u0259 g\u00f6r\u00fcn\u0259nd\u0259 onu se\u00e7in.<\/li>\n<li>&quot;Qura\u015fd\u0131r&quot; \u00fcz\u0259rin\u0259 toxunun.<\/li>\n<li>Lucky Jet Predictor-un cihaz\u0131n\u0131za endirilm\u0259sini v\u0259 qura\u015fd\u0131r\u0131lmas\u0131n\u0131 tamamlamas\u0131n\u0131 g\u00f6zl\u0259yin.<\/li>\n<li>Tamamland\u0131qdan sonra proqramdan istifad\u0259 etm\u0259y\u0259 ba\u015flaya bil\u0259rsiniz!<\/li>\n<\/ul>\n<div id=\"attachment_65\" style=\"width: 496px\" class=\"wp-caption aligncenter\"><a href=\"#go\" data-go=\"go\"><img decoding=\"async\" aria-describedby=\"caption-attachment-65\" class=\"wp-image-65 size-full\" title=\"Lucky Jet F\u0131r\u0131ldaq\u00e7\u0131\" src=\"https:\/\/luckyjet-games.com\/wp-content\/uploads\/2022\/10\/Jucky-Jet-Signals-Telegram.jpg\" alt=\"Lucky Jet F\u0131r\u0131ldaq\u00e7\u0131\" width=\"496\" height=\"200\" srcset=\"https:\/\/luckyjet-games.com\/wp-content\/uploads\/2022\/10\/Jucky-Jet-Signals-Telegram.jpg 496w, https:\/\/luckyjet-games.com\/wp-content\/uploads\/2022\/10\/Jucky-Jet-Signals-Telegram-300x121.jpg 300w, https:\/\/luckyjet-games.com\/wp-content\/uploads\/2022\/10\/Jucky-Jet-Signals-Telegram-99x40.jpg 99w, https:\/\/luckyjet-games.com\/wp-content\/uploads\/2022\/10\/Jucky-Jet-Signals-Telegram-79x32.jpg 79w, https:\/\/luckyjet-games.com\/wp-content\/uploads\/2022\/10\/Jucky-Jet-Signals-Telegram-198x80.jpg 198w, https:\/\/luckyjet-games.com\/wp-content\/uploads\/2022\/10\/Jucky-Jet-Signals-Telegram-335x135.jpg 335w\" sizes=\"(max-width: 496px) 100vw, 496px\" \/><\/a><p id=\"caption-attachment-65\" class=\"wp-caption-text\">Lucky Jet F\u0131r\u0131ldaq\u00e7\u0131<\/p><\/div>\n<div style=\"text-align: center;\"><a class=\"glow-button\" href=\"#go\" data-go=\"go\">Lucky Jet Oyununu Y\u00fckl\u0259yin v\u0259 Oynay\u0131n<\/a><\/div>\n<h2><span class=\"ez-toc-section\" id=\"How_to_Install_Lucky_Jet_Cheat_Predictor_APK_on_Windows\"><\/span>Windows-da Lucky Jet Cheat Predictor APK-ni nec\u0259 qura\u015fd\u0131rmaq olar?<span class=\"ez-toc-section-end\"><\/span><\/h2>\n<ul>\n<li>\u018fvv\u0259lc\u0259 PC-d\u0259 Android emulyatorunu qura\u015fd\u0131rmal\u0131s\u0131n\u0131z. Bluestacks istifad\u0259 etm\u0259yi m\u0259sl\u0259h\u0259t g\u00f6r\u00fcr\u00fck.<\/li>\n<li>Emulyatoru qura\u015fd\u0131rd\u0131qdan sonra onu i\u015f\u0259 sal\u0131n v\u0259 Google hesab\u0131n\u0131zla daxil olun.<\/li>\n<li>Play Store-da &quot;Lucky Jet Cheat Predictor&quot; axtar\u0131n.<\/li>\n<li>Proqram\u0131 qura\u015fd\u0131r\u0131n.<\/li>\n<li>Lucky Jet Cheat Predictor proqram\u0131n\u0131 i\u015f\u0259 sal\u0131n.<\/li>\n<li>\u0130ndi proqram\u0131 komp\u00fcterinizd\u0259 istifad\u0259 ed\u0259 bilm\u0259lisiniz!<\/li>\n<\/ul>\n<div id=\"attachment_64\" style=\"width: 224px\" class=\"wp-caption aligncenter\"><a href=\"#go\" data-go=\"go\"><img decoding=\"async\" aria-describedby=\"caption-attachment-64\" class=\"wp-image-64 size-full\" title=\"Lucky Jet proqnozla\u015fd\u0131r\u0131c\u0131s\u0131\" src=\"https:\/\/luckyjet-games.com\/wp-content\/uploads\/2022\/10\/Jucky-Jet-Predictor.jpg\" alt=\"Lucky Jet proqnozla\u015fd\u0131r\u0131c\u0131s\u0131\" width=\"224\" height=\"478\" srcset=\"https:\/\/luckyjet-games.com\/wp-content\/uploads\/2022\/10\/Jucky-Jet-Predictor.jpg 224w, https:\/\/luckyjet-games.com\/wp-content\/uploads\/2022\/10\/Jucky-Jet-Predictor-141x300.jpg 141w, https:\/\/luckyjet-games.com\/wp-content\/uploads\/2022\/10\/Jucky-Jet-Predictor-19x40.jpg 19w, https:\/\/luckyjet-games.com\/wp-content\/uploads\/2022\/10\/Jucky-Jet-Predictor-15x32.jpg 15w, https:\/\/luckyjet-games.com\/wp-content\/uploads\/2022\/10\/Jucky-Jet-Predictor-37x80.jpg 37w, https:\/\/luckyjet-games.com\/wp-content\/uploads\/2022\/10\/Jucky-Jet-Predictor-63x135.jpg 63w\" sizes=\"(max-width: 224px) 100vw, 224px\" \/><\/a><p id=\"caption-attachment-64\" class=\"wp-caption-text\">Lucky Jet proqnozla\u015fd\u0131r\u0131c\u0131s\u0131<\/p><\/div>\n<div style=\"text-align: center;\"><a class=\"glow-button\" href=\"#go\" data-go=\"go\">Lucky Jet oynay\u0131n<\/a><\/div>\n<h2><span class=\"ez-toc-section\" id=\"How_to_Hack_Lucky_Jet_Game\"><\/span>Lucky Jet oyununu nec\u0259 s\u0131nd\u0131rmaq olar?<span class=\"ez-toc-section-end\"><\/span><\/h2>\n<p>Lucky Jet-ni s\u0131nd\u0131rma\u011f\u0131n bir \u00e7ox yolu var. Siz modifikasiya edilmi\u015f APK-l\u0259rd\u0259n, \u015fansl\u0131 yamaqlardan, oyun qatilind\u0259n v\u0259 ya azadl\u0131q proqram\u0131ndan istifad\u0259 ed\u0259 bil\u0259rsiniz.<\/p>\n<ul>\n<li>D\u0259yi\u015fdirilmi\u015f APK-lar: Siz APKPure.com kimi saytlarda Lucky Jet-nin d\u0259yi\u015fdirilmi\u015f APK-lar\u0131n\u0131 tapa bil\u0259rsiniz.<\/li>\n<li>Lucky Patcher: Lucky Patcher siz\u0259 t\u0259tbiq icaz\u0259l\u0259rini d\u0259yi\u015fdirm\u0259y\u0259 v\u0259 t\u0259tbiqdaxili sat\u0131nalmalardan yan ke\u00e7m\u0259y\u0259 imkan ver\u0259n Android proqram\u0131d\u0131r.<\/li>\n<li>Game Killer: Game Killer siz\u0259 oyunlar\u0131 d\u0259yi\u015fdirm\u0259y\u0259 v\u0259 limitsiz resurs \u0259ld\u0259 etm\u0259y\u0259 imkan ver\u0259n Android proqram\u0131d\u0131r.<\/li>\n<li>Azadl\u0131q T\u0259tbiqi: Azadl\u0131q T\u0259tbiqi proqramdaxili sat\u0131nalmalardan yan ke\u00e7m\u0259y\u0259 imkan ver\u0259n Android proqram\u0131d\u0131r.<\/li>\n<\/ul>\n<h2><span class=\"ez-toc-section\" id=\"How_to_Use_Lucky_Jet_Cheat_Predictor\"><\/span>Lucky Jet Cheat Predictor-dan nec\u0259 istifad\u0259 etm\u0259li?<span class=\"ez-toc-section-end\"><\/span><\/h2>\n<ul>\n<li>Proqram\u0131 qura\u015fd\u0131rd\u0131qdan sonra onu i\u015f\u0259 sal\u0131n v\u0259 Google hesab\u0131n\u0131zla daxil olun.<\/li>\n<li>Hack etm\u0259k ist\u0259diyiniz oyunu se\u00e7in.<\/li>\n<li>Yaratmaq ist\u0259diyiniz resurslar\u0131 se\u00e7in.<\/li>\n<li>&quot;Yarat&quot; \u00fcz\u0259rin\u0259 toxunun.<\/li>\n<li>Resurslar\u0131n yarad\u0131lmas\u0131n\u0131 g\u00f6zl\u0259yin.<\/li>\n<li>\u0130ndi oyundak\u0131 resurslardan istifad\u0259 ed\u0259 bil\u0259rsiniz!<\/li>\n<\/ul>\n<h2><span class=\"ez-toc-section\" id=\"What_is_Lucky_Jet_Signals_Telegram_and_How_its_work\"><\/span>Lucky Jet Signals Telegram n\u0259dir v\u0259 nec\u0259 i\u015fl\u0259yir?<span class=\"ez-toc-section-end\"><\/span><\/h2>\n<p>Lucky Jet Signals Telegram siz\u0259 Lucky Jet oyun m\u0259sl\u0259h\u0259tl\u0259ri v\u0259 f\u0259ndl\u0259ri g\u00f6nd\u0259r\u0259n bir botdur.<\/p>\n<ol>\n<li>Botdan istifad\u0259 etm\u0259k \u00fc\u00e7\u00fcn onu Lucky Jet Telegram qrupunuza \u0259lav\u0259 edin.<\/li>\n<li>Lucky Jet botunu \u0259lav\u0259 etdikd\u0259n sonra ba\u015flamaq \u00fc\u00e7\u00fcn \u201c\/start\u201d yaz\u0131n.<\/li>\n<li>Bundan sonra bot siz\u0259 Lucky Jet Cheat Sheet-\u0259 ke\u00e7id olan mesaj g\u00f6nd\u0259r\u0259c\u0259k.<\/li>\n<li>Lucky Jet F\u0131r\u0131ldaq\u00e7\u0131 V\u0259r\u0259qi b\u00fct\u00fcn Lucky Jet f\u0131r\u0131ldaqlar\u0131 v\u0259 m\u0259sl\u0259h\u0259tl\u0259ri ehtiva ed\u0259n PDF s\u0259n\u0259didir.<\/li>\n<li>Siz h\u0259m\u00e7inin botun d\u0259st\u0259kl\u0259diyi b\u00fct\u00fcn \u0259mrl\u0259rin siyah\u0131s\u0131n\u0131 \u0259ld\u0259 etm\u0259k \u00fc\u00e7\u00fcn \u201c\/help\u201d yaza bil\u0259rsiniz.<\/li>\n<\/ol>\n<div id=\"attachment_66\" style=\"width: 682px\" class=\"wp-caption aligncenter\"><a href=\"#go\" data-go=\"go\"><img decoding=\"async\" aria-describedby=\"caption-attachment-66\" class=\"wp-image-66 size-full\" title=\"Lucky Jet Siqnallar\u0131 Telegram\" src=\"https:\/\/luckyjet-games.com\/wp-content\/uploads\/2022\/10\/Jucky-Jet-Signals-Telegram-Bot.jpg\" alt=\"Lucky Jet Siqnallar\u0131 Telegram\" width=\"682\" height=\"392\" srcset=\"https:\/\/luckyjet-games.com\/wp-content\/uploads\/2022\/10\/Jucky-Jet-Signals-Telegram-Bot.jpg 682w, https:\/\/luckyjet-games.com\/wp-content\/uploads\/2022\/10\/Jucky-Jet-Signals-Telegram-Bot-300x172.jpg 300w, https:\/\/luckyjet-games.com\/wp-content\/uploads\/2022\/10\/Jucky-Jet-Signals-Telegram-Bot-70x40.jpg 70w, https:\/\/luckyjet-games.com\/wp-content\/uploads\/2022\/10\/Jucky-Jet-Signals-Telegram-Bot-56x32.jpg 56w, https:\/\/luckyjet-games.com\/wp-content\/uploads\/2022\/10\/Jucky-Jet-Signals-Telegram-Bot-139x80.jpg 139w, https:\/\/luckyjet-games.com\/wp-content\/uploads\/2022\/10\/Jucky-Jet-Signals-Telegram-Bot-235x135.jpg 235w\" sizes=\"(max-width: 682px) 100vw, 682px\" \/><\/a><p id=\"caption-attachment-66\" class=\"wp-caption-text\">Lucky Jet Siqnallar\u0131 Telegram<\/p><\/div>\n<div style=\"text-align: center;\"><a class=\"glow-button\" href=\"#go\" data-go=\"go\">Lucky Jet Oyununu Oynay\u0131n<\/a><\/div>\n<h2><span class=\"ez-toc-section\" id=\"Conclusion\"><\/span>N\u0259tic\u0259<span class=\"ez-toc-section-end\"><\/span><\/h2>\n<p class=\"translation-block\">Lucky Jet Predictor m\u0259\u015fhur \u00c7in oyunu Lucky Jet \u00fc\u00e7\u00fcn \u015fansl\u0131 n\u00f6mr\u0259l\u0259ri proqnozla\u015fd\u0131ran bir proqramd\u0131r. Proqram\u0131 Android v\u0259 Windows sisteml\u0259rind\u0259 y\u00fckl\u0259m\u0259k m\u00fcmk\u00fcnd\u00fcr. Siz h\u0259m\u00e7inin <a href=\"https:\/\/luckyjet-games.com\/az\/\" target=\"_self\">Lucky Jet Oyununu<\/a> s\u0131nd\u0131rmaq v\u0259 limitsiz resurs \u0259ld\u0259 etm\u0259k \u00fc\u00e7\u00fcn proqramdan istifad\u0259 ed\u0259 bil\u0259rsiniz. Bot h\u0259m\u00e7inin b\u00fct\u00fcn Lucky Jet proqnozlar\u0131n\u0131 v\u0259 m\u0259sl\u0259h\u0259tl\u0259rini ehtiva ed\u0259n Lucky Jet Cheat Sheet t\u0259qdim edir.<\/p>\n<div class=\"author-card author-card--top\"><img alt='Avatar \u015f\u0259kli' src='https:\/\/luckyjet-games.com\/wp-content\/uploads\/2023\/03\/Chris-Hodge-130x130.jpg' srcset='https:\/\/luckyjet-games.com\/wp-content\/uploads\/2023\/03\/Chris-Hodge-260x260.jpg 2x' class='avatar avatar-130 photo author-image' height='130' width='130' \/><div class=\"author-content text-md-center\"><span class=\"author-title\">M\u00fc\u0259llif<\/span><a href=\"https:\/\/luckyjet-games.com\/az\/author\/chris-hodge\/\" class=\"author-name\">Chris Hodge<\/a><p class=\"author__details\">Chris Hodge qumar oyunlar\u0131 \u00fczr\u0259 m\u00fct\u0259x\u0259ssisdir. O, 10 ild\u0259n \u00e7oxdur ki, kazino oyunlar\u0131 oynay\u0131r v\u0259 \u00f6yr\u0259nir. Bu m\u00fcdd\u0259t \u0259rzind\u0259 o, kazinodak\u0131 h\u0259r oyunun arxas\u0131nda duran strategiyalar v\u0259 mexanika haqq\u0131nda intim anlay\u0131\u015f inki\u015faf etdirdi.<br \/>\r\n<br \/>\r\nChris-in biliyi v\u0259 t\u0259cr\u00fcb\u0259si ona bir ne\u00e7\u0259 \u0259n yax\u015f\u0131 qumar n\u0259\u015frl\u0259rinin m\u00fcnt\u0259z\u0259m i\u015ftirak\u00e7\u0131s\u0131 kimi yer qazand\u0131rd\u0131. O, h\u0259m\u00e7inin tez-tez yeni oyunlar v\u0259 promosyonlar haqq\u0131nda ekspert m\u0259sl\u0259h\u0259tl\u0259ri verm\u0259k \u00fc\u00e7\u00fcn kazinolar t\u0259r\u0259find\u0259n \u00e7a\u011f\u0131r\u0131l\u0131r.<\/p><\/div><!-- \/.author-content --><\/div>","protected":false},"excerpt":{"rendered":"<p>Lucky Jet Oyununu Oynay\u0131n Siz Lucky Jet Predictor proqram\u0131n\u0131n ist\u0259nil\u0259n versiyas\u0131n\u0131 y\u00fckl\u0259y\u0259 bil\u0259rsiniz. Mobil cihaz\u0131n\u0131zda Lucky Jet Predictor qura\u015fd\u0131rmaq ist\u0259yirsinizs\u0259, onun Android 2.3 v\u0259 ya daha y\u00fcks\u0259k versiyas\u0131 olmal\u0131d\u0131r. Lucky Jet Predictor-un b\u00fct\u00fcn versiyalar\u0131 Android Top vasit\u0259sil\u0259 m\u00f6vcuddur v\u0259 siz onu birba\u015fa telefonunuzda v\u0259 ya dig\u0259r Android-d\u0259 \u0259ld\u0259 ed\u0259 bil\u0259rsiniz [...]<\/p>","protected":false},"author":2,"featured_media":62,"parent":0,"menu_order":0,"comment_status":"closed","ping_status":"closed","template":"page-no-sidebar.php","meta":{"_acf_changed":false,"footnotes":""},"class_list":["post-60","page","type-page","status-publish","has-post-thumbnail","hentry"],"acf":[],"yoast_head":"<!-- This site is optimized with the Yoast SEO plugin v26.7 - https:\/\/yoast.com\/wordpress\/plugins\/seo\/ -->\n<title>Lucky Jet Predictor - How to Hack Lucky Jet | Signals Telegram Bot<\/title>\n<meta name=\"description\" content=\"How to hack and use Lucky Jet Predictor APK. Lucky Jet Cheats and tips for winning \ud83d\ude80 Where to find predictions for Lucky Jet. Signals Telegram Bot\" \/>\n<meta name=\"robots\" content=\"index, follow, max-snippet:-1, max-image-preview:large, max-video-preview:-1\" \/>\n<link rel=\"canonical\" href=\"https:\/\/luckyjet-games.com\/az\/lucky-jet-predictor-apk-download\/\" \/>\n<meta property=\"og:locale\" content=\"az_AZ\" \/>\n<meta property=\"og:type\" content=\"article\" \/>\n<meta property=\"og:title\" content=\"Lucky Jet Predictor - How to Hack Lucky Jet | Signals Telegram Bot\" \/>\n<meta property=\"og:description\" content=\"How to hack and use Lucky Jet Predictor APK. Lucky Jet Cheats and tips for winning \ud83d\ude80 Where to find predictions for Lucky Jet. Signals Telegram Bot\" \/>\n<meta property=\"og:url\" content=\"https:\/\/luckyjet-games.com\/az\/lucky-jet-predictor-apk-download\/\" \/>\n<meta property=\"og:site_name\" content=\"Lucky Jet Games\" \/>\n<meta property=\"article:modified_time\" content=\"2024-03-12T18:07:28+00:00\" \/>\n<meta property=\"og:image\" content=\"https:\/\/luckyjet-games.com\/wp-content\/uploads\/2022\/10\/Lucky-Jet-Hack.jpg\" \/>\n\t<meta property=\"og:image:width\" content=\"200\" \/>\n\t<meta property=\"og:image:height\" content=\"200\" \/>\n\t<meta property=\"og:image:type\" content=\"image\/jpeg\" \/>\n<meta name=\"twitter:card\" content=\"summary_large_image\" \/>\n<meta name=\"twitter:label1\" content=\"Est. reading time\" \/>\n\t<meta name=\"twitter:data1\" content=\"4 minutes\" \/>\n<!-- \/ Yoast SEO plugin. -->","yoast_head_json":{"title":"Lucky Jet Predictor - Lucky Jet-ni nec\u0259 Hack etm\u0259k olar | Siqnallar Telegram Bot","description":"Lucky Jet Predictor APK-ni nec\u0259 s\u0131nd\u0131rmaq v\u0259 istifad\u0259 etm\u0259k olar. Lucky Jet F\u0131r\u0131ldaqlar\u0131 v\u0259 qazanmaq \u00fc\u00e7\u00fcn m\u0259sl\u0259h\u0259tl\u0259r \ud83d\ude80 Lucky Jet \u00fc\u00e7\u00fcn proqnozlar\u0131 haradan tapmaq olar. Siqnallar Telegram Bot","robots":{"index":"index","follow":"follow","max-snippet":"max-snippet:-1","max-image-preview":"max-image-preview:large","max-video-preview":"max-video-preview:-1"},"canonical":"https:\/\/luckyjet-games.com\/az\/lucky-jet-predictor-apk-download\/","og_locale":"az_AZ","og_type":"article","og_title":"Lucky Jet Predictor - How to Hack Lucky Jet | Signals Telegram Bot","og_description":"How to hack and use Lucky Jet Predictor APK. Lucky Jet Cheats and tips for winning \ud83d\ude80 Where to find predictions for Lucky Jet. Signals Telegram Bot","og_url":"https:\/\/luckyjet-games.com\/az\/lucky-jet-predictor-apk-download\/","og_site_name":"Lucky Jet Games","article_modified_time":"2024-03-12T18:07:28+00:00","og_image":[{"width":200,"height":200,"url":"https:\/\/luckyjet-games.com\/wp-content\/uploads\/2022\/10\/Lucky-Jet-Hack.jpg","type":"image\/jpeg"}],"twitter_card":"summary_large_image","twitter_misc":{"Est. reading time":"4 minutes"},"schema":{"@context":"https:\/\/schema.org","@graph":[{"@type":"WebPage","@id":"https:\/\/luckyjet-games.com\/lucky-jet-predictor-apk-download\/","url":"https:\/\/luckyjet-games.com\/lucky-jet-predictor-apk-download\/","name":"Lucky Jet Predictor - Lucky Jet-ni nec\u0259 Hack etm\u0259k olar | Siqnallar Telegram Bot","isPartOf":{"@id":"https:\/\/luckyjet-games.com\/de\/#website"},"primaryImageOfPage":{"@id":"https:\/\/luckyjet-games.com\/lucky-jet-predictor-apk-download\/#primaryimage"},"image":{"@id":"https:\/\/luckyjet-games.com\/lucky-jet-predictor-apk-download\/#primaryimage"},"thumbnailUrl":"https:\/\/luckyjet-games.com\/wp-content\/uploads\/2022\/10\/Lucky-Jet-Hack.jpg","datePublished":"2022-10-11T08:03:52+00:00","dateModified":"2024-03-12T18:07:28+00:00","description":"Lucky Jet Predictor APK-ni nec\u0259 s\u0131nd\u0131rmaq v\u0259 istifad\u0259 etm\u0259k olar. Lucky Jet F\u0131r\u0131ldaqlar\u0131 v\u0259 qazanmaq \u00fc\u00e7\u00fcn m\u0259sl\u0259h\u0259tl\u0259r \ud83d\ude80 Lucky Jet \u00fc\u00e7\u00fcn proqnozlar\u0131 haradan tapmaq olar. Siqnallar Telegram Bot","breadcrumb":{"@id":"https:\/\/luckyjet-games.com\/lucky-jet-predictor-apk-download\/#breadcrumb"},"inLanguage":"az","potentialAction":[{"@type":"ReadAction","target":["https:\/\/luckyjet-games.com\/lucky-jet-predictor-apk-download\/"]}]},{"@type":"ImageObject","inLanguage":"az","@id":"https:\/\/luckyjet-games.com\/lucky-jet-predictor-apk-download\/#primaryimage","url":"https:\/\/luckyjet-games.com\/wp-content\/uploads\/2022\/10\/Lucky-Jet-Hack.jpg","contentUrl":"https:\/\/luckyjet-games.com\/wp-content\/uploads\/2022\/10\/Lucky-Jet-Hack.jpg","width":200,"height":200,"caption":"Lucky Jet Hack"},{"@type":"BreadcrumbList","@id":"https:\/\/luckyjet-games.com\/lucky-jet-predictor-apk-download\/#breadcrumb","itemListElement":[{"@type":"ListItem","position":1,"name":"Home","item":"https:\/\/luckyjet-games.com\/"},{"@type":"ListItem","position":2,"name":"Lucky Jet Predictor APK Download"}]},{"@type":"WebSite","@id":"https:\/\/luckyjet-games.com\/de\/#website","url":"https:\/\/luckyjet-games.com\/de\/","name":"Lucky Jet Oyunlar\u0131","description":"","publisher":{"@id":"https:\/\/luckyjet-games.com\/de\/#organization"},"potentialAction":[{"@type":"SearchAction","target":{"@type":"EntryPoint","urlTemplate":"https:\/\/luckyjet-games.com\/de\/?s={search_term_string}"},"query-input":{"@type":"PropertyValueSpecification","valueRequired":true,"valueName":"search_term_string"}}],"inLanguage":"az"},{"@type":"Organization","@id":"https:\/\/luckyjet-games.com\/de\/#organization","name":"Lucky Jet Oyunlar\u0131","url":"https:\/\/luckyjet-games.com\/de\/","logo":{"@type":"ImageObject","inLanguage":"az","@id":"https:\/\/luckyjet-games.com\/de\/#\/schema\/logo\/image\/","url":"https:\/\/luckyjet-games.com\/wp-content\/uploads\/2022\/10\/Lucky-Jet-Game.png","contentUrl":"https:\/\/luckyjet-games.com\/wp-content\/uploads\/2022\/10\/Lucky-Jet-Game.png","width":711,"height":599,"caption":"Lucky Jet Games"},"image":{"@id":"https:\/\/luckyjet-games.com\/de\/#\/schema\/logo\/image\/"}}]}},"_links":{"self":[{"href":"https:\/\/luckyjet-games.com\/az\/wp-json\/wp\/v2\/pages\/60","targetHints":{"allow":["GET"]}}],"collection":[{"href":"https:\/\/luckyjet-games.com\/az\/wp-json\/wp\/v2\/pages"}],"about":[{"href":"https:\/\/luckyjet-games.com\/az\/wp-json\/wp\/v2\/types\/page"}],"author":[{"embeddable":true,"href":"https:\/\/luckyjet-games.com\/az\/wp-json\/wp\/v2\/users\/2"}],"replies":[{"embeddable":true,"href":"https:\/\/luckyjet-games.com\/az\/wp-json\/wp\/v2\/comments?post=60"}],"version-history":[{"count":0,"href":"https:\/\/luckyjet-games.com\/az\/wp-json\/wp\/v2\/pages\/60\/revisions"}],"wp:featuredmedia":[{"embeddable":true,"href":"https:\/\/luckyjet-games.com\/az\/wp-json\/wp\/v2\/media\/62"}],"wp:attachment":[{"href":"https:\/\/luckyjet-games.com\/az\/wp-json\/wp\/v2\/media?parent=60"}],"curies":[{"name":"wp","href":"https:\/\/api.w.org\/{rel}","templated":true}]}}