{"id":360,"date":"2023-09-25T14:06:00","date_gmt":"2023-09-25T14:06:00","guid":{"rendered":"https:\/\/luckyjet-games.com\/?page_id=360"},"modified":"2023-09-25T14:08:12","modified_gmt":"2023-09-25T14:08:12","slug":"privacy-policy","status":"publish","type":"page","link":"https:\/\/luckyjet-games.com\/az\/privacy-policy\/","title":{"rendered":"Gizlilik Siyas\u0259ti"},"content":{"rendered":"<p>luckyjet-games.com-da biz oyun\u00e7ular\u0131m\u0131z\u0131n m\u0259xfiliyini v\u0259 t\u0259hl\u00fck\u0259sizliyini t\u0259min etm\u0259y\u0259 sadiqik. Bu M\u0259xfilik Siyas\u0259ti \u015f\u0259xsi m\u0259lumatlar\u0131n\u0131z\u0131n toplanmas\u0131, istifad\u0259si v\u0259 qorunmas\u0131 il\u0259 ba\u011fl\u0131 t\u0259cr\u00fcb\u0259l\u0259rimizi t\u0259svir edir. Xidm\u0259tl\u0259rimizd\u0259n istifad\u0259 etm\u0259kl\u0259 siz a\u015fa\u011f\u0131da qeyd olunan \u015f\u0259rtl\u0259rl\u0259 raz\u0131la\u015f\u0131rs\u0131n\u0131z.<\/p>\n<div id=\"ez-toc-container\" class=\"ez-toc-v2_0_75 counter-hierarchy ez-toc-counter ez-toc-grey ez-toc-container-direction\">\n<div class=\"ez-toc-title-container\">\n<p class=\"ez-toc-title\" style=\"cursor:inherit\">M\u00fcnd\u0259ricat<\/p>\n<span class=\"ez-toc-title-toggle\"><a href=\"#\" class=\"ez-toc-pull-right ez-toc-btn ez-toc-btn-xs ez-toc-btn-default ez-toc-toggle\" aria-label=\"M\u0259zmun C\u0259dv\u0259lini d\u0259yi\u015fin\"><span class=\"ez-toc-js-icon-con\"><span class=\"\"><span class=\"eztoc-hide\" style=\"display:none;\">D\u0259yi\u015fdirin<\/span><span class=\"ez-toc-icon-toggle-span\"><svg style=\"fill: #999;color:#999\" xmlns=\"http:\/\/www.w3.org\/2000\/svg\" class=\"list-377408\" width=\"20px\" height=\"20px\" viewbox=\"0 0 24 24\" fill=\"none\"><path d=\"M6 6H4v2h2V6zm14 0H8v2h12V6zM4 11h2v2H4v-2zm16 0H8v2h12v-2zM4 16h2v2H4v-2zm16 0H8v2h12v-2z\" fill=\"currentColor\"><\/path><\/svg><svg style=\"fill: #999;color:#999\" class=\"arrow-unsorted-368013\" xmlns=\"http:\/\/www.w3.org\/2000\/svg\" width=\"10px\" height=\"10px\" viewbox=\"0 0 24 24\" version=\"1.2\" baseprofile=\"tiny\"><path d=\"M18.2 9.3l-6.2-6.3-6.2 6.3c-.2.2-.3.4-.3.7s.1.5.3.7c.2.2.4.3.7.3h11c.3 0 .5-.1.7-.3.2-.2.3-.5.3-.7s-.1-.5-.3-.7zM5.8 14.7l6.2 6.3 6.2-6.3c.2-.2.3-.5.3-.7s-.1-.5-.3-.7c-.2-.2-.4-.3-.7-.3h-11c-.3 0-.5.1-.7.3-.2.2-.3.5-.3.7s.1.5.3.7z\"\/><\/svg><\/span><\/span><\/span><\/a><\/span><\/div>\n<nav><ul class='ez-toc-list ez-toc-list-level-1 eztoc-toggle-hide-by-default' ><li class='ez-toc-page-1 ez-toc-heading-level-2'><a class=\"ez-toc-link ez-toc-heading-1\" href=\"https:\/\/luckyjet-games.com\/az\/privacy-policy\/#Information_We_Collect\" >Toplad\u0131\u011f\u0131m\u0131z m\u0259lumat<\/a><ul class='ez-toc-list-level-3' ><li class='ez-toc-heading-level-3'><a class=\"ez-toc-link ez-toc-heading-2\" href=\"https:\/\/luckyjet-games.com\/az\/privacy-policy\/#Personal_Information\" >\u015e\u0259xsi m\u0259lumat<\/a><\/li><li class='ez-toc-page-1 ez-toc-heading-level-3'><a class=\"ez-toc-link ez-toc-heading-3\" href=\"https:\/\/luckyjet-games.com\/az\/privacy-policy\/#Usage_Data\" >\u0130stifad\u0259 M\u0259lumatlar\u0131<\/a><\/li><li class='ez-toc-page-1 ez-toc-heading-level-3'><a class=\"ez-toc-link ez-toc-heading-4\" href=\"https:\/\/luckyjet-games.com\/az\/privacy-policy\/#Cookies\" >Pe\u00e7enyel\u0259r<\/a><\/li><\/ul><\/li><li class='ez-toc-page-1 ez-toc-heading-level-2'><a class=\"ez-toc-link ez-toc-heading-5\" href=\"https:\/\/luckyjet-games.com\/az\/privacy-policy\/#How_We_Use_Your_Information\" >M\u0259lumatlar\u0131n\u0131zdan Nec\u0259 \u0130stifad\u0259 edirik<\/a><ul class='ez-toc-list-level-3' ><li class='ez-toc-heading-level-3'><a class=\"ez-toc-link ez-toc-heading-6\" href=\"https:\/\/luckyjet-games.com\/az\/privacy-policy\/#Account_Management\" >Hesab\u0131n \u0130dar\u0259 Edilm\u0259si<\/a><\/li><li class='ez-toc-page-1 ez-toc-heading-level-3'><a class=\"ez-toc-link ez-toc-heading-7\" href=\"https:\/\/luckyjet-games.com\/az\/privacy-policy\/#Personalization\" >F\u0259rdil\u0259\u015fdirm\u0259<\/a><\/li><li class='ez-toc-page-1 ez-toc-heading-level-3'><a class=\"ez-toc-link ez-toc-heading-8\" href=\"https:\/\/luckyjet-games.com\/az\/privacy-policy\/#Security\" >T\u0259hl\u00fck\u0259sizlik<\/a><\/li><\/ul><\/li><li class='ez-toc-page-1 ez-toc-heading-level-2'><a class=\"ez-toc-link ez-toc-heading-9\" href=\"https:\/\/luckyjet-games.com\/az\/privacy-policy\/#Sharing_Your_Information\" >M\u0259lumat\u0131n\u0131z\u0131n Payla\u015f\u0131lmas\u0131<\/a><\/li><li class='ez-toc-page-1 ez-toc-heading-level-2'><a class=\"ez-toc-link ez-toc-heading-10\" href=\"https:\/\/luckyjet-games.com\/az\/privacy-policy\/#Compliance_with_Legal_Requirements\" >Qanuni T\u0259l\u0259bl\u0259r\u0259 Uy\u011funluq<\/a><\/li><li class='ez-toc-page-1 ez-toc-heading-level-2'><a class=\"ez-toc-link ez-toc-heading-11\" href=\"https:\/\/luckyjet-games.com\/az\/privacy-policy\/#Your_Rights_and_Choices\" >H\u00fcquqlar\u0131n\u0131z v\u0259 Se\u00e7iml\u0259riniz<\/a><\/li><li class='ez-toc-page-1 ez-toc-heading-level-2'><a class=\"ez-toc-link ez-toc-heading-12\" href=\"https:\/\/luckyjet-games.com\/az\/privacy-policy\/#Changes_to_this_Privacy_Policy\" >Bu M\u0259xfilik Siyas\u0259tin\u0259 edil\u0259n d\u0259yi\u015fiklikl\u0259r<\/a><\/li><\/ul><\/nav><\/div>\n<h2><span class=\"ez-toc-section\" id=\"Information_We_Collect\"><\/span>Toplad\u0131\u011f\u0131m\u0131z m\u0259lumat<span class=\"ez-toc-section-end\"><\/span><\/h2>\n<h3><span class=\"ez-toc-section\" id=\"Personal_Information\"><\/span>\u015e\u0259xsi m\u0259lumat<span class=\"ez-toc-section-end\"><\/span><\/h3>\n<p>Hesab\u0131 qeydiyyatdan ke\u00e7ir\u0259rk\u0259n, depozitl\u0259r ed\u0259rk\u0259n v\u0259 ya xidm\u0259tl\u0259rimizd\u0259n istifad\u0259 ed\u0259rk\u0259n t\u0259qdim etdiyiniz \u015f\u0259xsi m\u0259lumatlar\u0131 toplay\u0131r\u0131q. Buraya ad\u0131n\u0131z, e-po\u00e7t \u00fcnvan\u0131n\u0131z, \u0259laq\u0259 m\u0259lumatlar\u0131n\u0131z, do\u011fum tarixiniz v\u0259 \u00f6d\u0259ni\u015f m\u0259lumat\u0131n\u0131z daxil ola bil\u0259r. Bu m\u0259lumatdan \u015f\u0259xsiyy\u0259tinizi yoxlamaq v\u0259 siz\u0259 f\u0259rdil\u0259\u015fdirilmi\u015f oyun t\u0259cr\u00fcb\u0259si t\u0259qdim etm\u0259k \u00fc\u00e7\u00fcn istifad\u0259 edirik.<\/p>\n<h3><span class=\"ez-toc-section\" id=\"Usage_Data\"><\/span>\u0130stifad\u0259 M\u0259lumatlar\u0131<span class=\"ez-toc-section-end\"><\/span><\/h3>\n<p>Xidm\u0259tl\u0259rimizi t\u0259kmill\u0259\u015fdirm\u0259k \u00fc\u00e7\u00fcn biz vebsayt\u0131m\u0131z v\u0259 oyunlar\u0131m\u0131zla qar\u015f\u0131l\u0131ql\u0131 \u0259laq\u0259niz haqq\u0131nda m\u0259lumat toplay\u0131r\u0131q. Buraya IP \u00fcnvan\u0131n\u0131z, brauzerinizin n\u00f6v\u00fc, cihaz m\u0259lumat\u0131 v\u0259 ziyar\u0259t edil\u0259n s\u0259hif\u0259l\u0259r daxildir. Biz bu datadan vebsayt\u0131m\u0131z\u0131n i\u015fini yax\u015f\u0131la\u015fd\u0131rmaq, probleml\u0259ri h\u0259ll etm\u0259k v\u0259 istifad\u0259\u00e7i davran\u0131\u015f\u0131n\u0131 t\u0259hlil etm\u0259k \u00fc\u00e7\u00fcn istifad\u0259 edirik.<\/p>\n<h3><span class=\"ez-toc-section\" id=\"Cookies\"><\/span>Pe\u00e7enyel\u0259r<span class=\"ez-toc-section-end\"><\/span><\/h3>\n<p>Veb sayt\u0131m\u0131zdak\u0131 f\u0259aliyy\u0259tinizi izl\u0259m\u0259k \u00fc\u00e7\u00fcn kukil\u0259rd\u0259n v\u0259 ox\u015far texnologiyalardan istifad\u0259 edirik. Kukil\u0259r cihaz\u0131n\u0131zda saxlan\u0131lan ki\u00e7ik m\u0259tn fayllar\u0131d\u0131r. Onlar biz\u0259 sonrak\u0131 s\u0259f\u0259rl\u0259rd\u0259 sizi tan\u0131ma\u011fa k\u00f6m\u0259k edir v\u0259 daha uy\u011funla\u015fd\u0131r\u0131lm\u0131\u015f t\u0259cr\u00fcb\u0259 t\u0259klif edir. Siz kuki se\u00e7iml\u0259rinizi brauzerinizin parametrl\u0259ri vasit\u0259sil\u0259 idar\u0259 ed\u0259 bil\u0259rsiniz.<\/p>\n<h2><span class=\"ez-toc-section\" id=\"How_We_Use_Your_Information\"><\/span>M\u0259lumatlar\u0131n\u0131zdan Nec\u0259 \u0130stifad\u0259 edirik<span class=\"ez-toc-section-end\"><\/span><\/h2>\n<h3><span class=\"ez-toc-section\" id=\"Account_Management\"><\/span>Hesab\u0131n \u0130dar\u0259 Edilm\u0259si<span class=\"ez-toc-section-end\"><\/span><\/h3>\n<p>Biz \u015f\u0259xsi m\u0259lumatlar\u0131n\u0131zdan hesab\u0131n\u0131z\u0131 yaratmaq v\u0259 idar\u0259 etm\u0259k, \u0259m\u0259liyyatlar\u0131 emal etm\u0259k v\u0259 m\u00fc\u015ft\u0259ri d\u0259st\u0259yini t\u0259min etm\u0259k \u00fc\u00e7\u00fcn istifad\u0259 edirik. Bu, q\u00fcsursuz oyun t\u0259cr\u00fcb\u0259sini t\u0259min edir v\u0259 qar\u015f\u0131la\u015fa bil\u0259c\u0259yiniz h\u0259r hans\u0131 problemd\u0259 siz\u0259 k\u00f6m\u0259k etm\u0259y\u0259 imkan verir.<\/p>\n<h3><span class=\"ez-toc-section\" id=\"Personalization\"><\/span>F\u0259rdil\u0259\u015fdirm\u0259<span class=\"ez-toc-section-end\"><\/span><\/h3>\n<p>Tercihl\u0259rinizi v\u0259 davran\u0131\u015flar\u0131n\u0131z\u0131 anlamaq biz\u0259 oyun t\u0259cr\u00fcb\u0259nizi f\u0259rdil\u0259\u015fdirm\u0259y\u0259 imkan verir. Maraqlar\u0131n\u0131za v\u0259 oyun tarix\u00e7\u0259niz\u0259 uy\u011fun oyunlar, promosyonlar v\u0259 t\u0259klifl\u0259r t\u00f6vsiy\u0259 ed\u0259 bil\u0259rik.<\/p>\n<h3><span class=\"ez-toc-section\" id=\"Security\"><\/span>T\u0259hl\u00fck\u0259sizlik<span class=\"ez-toc-section-end\"><\/span><\/h3>\n<p>M\u0259lumatlar\u0131n\u0131z\u0131 qorumaq bizim \u0259sas prioritetimizdir. Biz m\u0259lumatlar\u0131n\u0131z\u0131 icaz\u0259siz giri\u015fd\u0259n, a\u00e7\u0131qlamadan v\u0259 ya d\u0259yi\u015fdirilm\u0259d\u0259n qorumaq \u00fc\u00e7\u00fcn s\u0259naye standartlar\u0131na uy\u011fun t\u0259hl\u00fck\u0259sizlik t\u0259dbirl\u0259ri t\u0259tbiq edirik. Buraya \u015fifr\u0259l\u0259m\u0259, firewall v\u0259 m\u00fcnt\u0259z\u0259m t\u0259hl\u00fck\u0259sizlik yoxlamalar\u0131 daxildir.<\/p>\n<h2><span class=\"ez-toc-section\" id=\"Sharing_Your_Information\"><\/span>M\u0259lumat\u0131n\u0131z\u0131n Payla\u015f\u0131lmas\u0131<span class=\"ez-toc-section-end\"><\/span><\/h2>\n<p>Biz sizin \u015f\u0259xsi m\u0259lumatlar\u0131n\u0131z\u0131 \u00fc\u00e7\u00fcnc\u00fc t\u0259r\u0259fl\u0259r\u0259 satm\u0131r\u0131q, ticar\u0259t etmirik v\u0259 ya icar\u0259y\u0259 g\u00f6t\u00fcrm\u00fcr\u00fck. Bununla bel\u0259, biz m\u0259lumatlar\u0131n\u0131z\u0131 xidm\u0259tl\u0259rimizi t\u0259qdim etm\u0259kd\u0259 biz\u0259 k\u00f6m\u0259k ed\u0259n etibarl\u0131 xidm\u0259t t\u0259minat\u00e7\u0131lar\u0131 v\u0259 t\u0259r\u0259fda\u015flarla payla\u015fa bil\u0259rik. Bu qurumlar ciddi m\u0259xfilik m\u00fcqavil\u0259l\u0259ri il\u0259 ba\u011fl\u0131d\u0131rlar.<\/p>\n<h2><span class=\"ez-toc-section\" id=\"Compliance_with_Legal_Requirements\"><\/span>Qanuni T\u0259l\u0259bl\u0259r\u0259 Uy\u011funluq<span class=\"ez-toc-section-end\"><\/span><\/h2>\n<p>Biz sizin m\u0259lumat\u0131n\u0131z\u0131 qanunun t\u0259l\u0259b etdiyi hallarda, m\u0259s\u0259l\u0259n, \u00e7a\u011f\u0131r\u0131\u015f v\u0259 ya m\u0259hk\u0259m\u0259 q\u0259rar\u0131na cavab olaraq a\u00e7\u0131qlaya bil\u0259rik. Saxta f\u0259aliyy\u0259tl\u0259rin qar\u015f\u0131s\u0131n\u0131 almaq v\u0259 platformam\u0131z\u0131n b\u00fct\u00f6vl\u00fcy\u00fcn\u00fc t\u0259min etm\u0259k \u00fc\u00e7\u00fcn h\u00fcquq-m\u00fchafiz\u0259 orqanlar\u0131 il\u0259 d\u0259 \u0259m\u0259kda\u015fl\u0131q edirik.<\/p>\n<h2><span class=\"ez-toc-section\" id=\"Your_Rights_and_Choices\"><\/span>H\u00fcquqlar\u0131n\u0131z v\u0259 Se\u00e7iml\u0259riniz<span class=\"ez-toc-section-end\"><\/span><\/h2>\n<p>Sizin \u015f\u0259xsi m\u0259lumatlar\u0131n\u0131za daxil olmaq, yenil\u0259m\u0259k v\u0259 ya silm\u0259k h\u00fcququnuz var. Bu h\u00fcquqlardan istifad\u0259 etm\u0259k \u00fc\u00e7\u00fcn m\u00fc\u015ft\u0259ri d\u0259st\u0259k komandam\u0131zla \u0259laq\u0259 saxlay\u0131n. Siz h\u0259m\u00e7inin ist\u0259nil\u0259n vaxt marketinq kommunikasiyalar\u0131na abun\u0259likd\u0259n \u00e7\u0131xa bil\u0259rsiniz.<\/p>\n<h2><span class=\"ez-toc-section\" id=\"Changes_to_this_Privacy_Policy\"><\/span>Bu M\u0259xfilik Siyas\u0259tin\u0259 edil\u0259n d\u0259yi\u015fiklikl\u0259r<span class=\"ez-toc-section-end\"><\/span><\/h2>\n<p>T\u0259cr\u00fcb\u0259l\u0259rimizd\u0259 v\u0259 qanuni t\u0259l\u0259bl\u0259rimizd\u0259 d\u0259yi\u015fiklikl\u0259ri \u0259ks etdirm\u0259k \u00fc\u00e7\u00fcn bu M\u0259xfilik Siyas\u0259tini yenil\u0259m\u0259k h\u00fcququmuzu \u00f6z\u00fcm\u00fczd\u0259 saxlay\u0131r\u0131q. \u0130st\u0259nil\u0259n yenil\u0259m\u0259 \u00fc\u00e7\u00fcn bu s\u0259hif\u0259ni vaxta\u015f\u0131r\u0131 n\u0259z\u0259rd\u0259n ke\u00e7irm\u0259yi t\u00f6vsiy\u0259 edirik.<\/p>\n<div class=\"author-card author-card--top\"><img alt='Avatar \u015f\u0259kli' src='https:\/\/luckyjet-games.com\/wp-content\/uploads\/2023\/03\/Chris-Hodge-130x130.jpg' srcset='https:\/\/luckyjet-games.com\/wp-content\/uploads\/2023\/03\/Chris-Hodge-260x260.jpg 2x' class='avatar avatar-130 photo author-image' height='130' width='130' \/><div class=\"author-content text-md-center\"><span class=\"author-title\">M\u00fc\u0259llif<\/span><a href=\"https:\/\/luckyjet-games.com\/az\/author\/chris-hodge\/\" class=\"author-name\">Chris Hodge<\/a><p class=\"author__details\">Chris Hodge qumar oyunlar\u0131 \u00fczr\u0259 m\u00fct\u0259x\u0259ssisdir. O, 10 ild\u0259n \u00e7oxdur ki, kazino oyunlar\u0131 oynay\u0131r v\u0259 \u00f6yr\u0259nir. Bu m\u00fcdd\u0259t \u0259rzind\u0259 o, kazinodak\u0131 h\u0259r oyunun arxas\u0131nda duran strategiyalar v\u0259 mexanika haqq\u0131nda intim anlay\u0131\u015f inki\u015faf etdirdi.<br \/>\r\n<br \/>\r\nChris-in biliyi v\u0259 t\u0259cr\u00fcb\u0259si ona bir ne\u00e7\u0259 \u0259n yax\u015f\u0131 qumar n\u0259\u015frl\u0259rinin m\u00fcnt\u0259z\u0259m i\u015ftirak\u00e7\u0131s\u0131 kimi yer qazand\u0131rd\u0131. O, h\u0259m\u00e7inin tez-tez yeni oyunlar v\u0259 promosyonlar haqq\u0131nda ekspert m\u0259sl\u0259h\u0259tl\u0259ri verm\u0259k \u00fc\u00e7\u00fcn kazinolar t\u0259r\u0259find\u0259n \u00e7a\u011f\u0131r\u0131l\u0131r.<\/p><\/div><!-- \/.author-content --><\/div>","protected":false},"excerpt":{"rendered":"<p>luckyjet-games.com-d\u0259 biz oyun\u00e7ular\u0131m\u0131z\u0131n m\u0259xfiliyini v\u0259 t\u0259hl\u00fck\u0259sizliyini t\u0259min etm\u0259y\u0259 sadiqik. Bu M\u0259xfilik Siyas\u0259ti \u015f\u0259xsi m\u0259lumatlar\u0131n\u0131z\u0131n toplanmas\u0131, istifad\u0259si v\u0259 qorunmas\u0131 il\u0259 ba\u011fl\u0131 t\u0259cr\u00fcb\u0259l\u0259rimizi t\u0259svir edir. Xidm\u0259tl\u0259rimizd\u0259n istifad\u0259 etm\u0259kl\u0259 siz a\u015fa\u011f\u0131da qeyd olunan \u015f\u0259rtl\u0259rl\u0259 raz\u0131la\u015f\u0131rs\u0131n\u0131z. \u015e\u0259xsi M\u0259lumatlar\u0131 Toplad\u0131\u011f\u0131m\u0131z M\u0259lumat Qeydiyyatdan ke\u00e7\u0259rk\u0259n t\u0259qdim etdiyiniz \u015f\u0259xsi m\u0259lumatlar\u0131 toplay\u0131r\u0131q [\u2026]<\/p>","protected":false},"author":2,"featured_media":0,"parent":0,"menu_order":0,"comment_status":"closed","ping_status":"closed","template":"page-no-sidebar.php","meta":{"_acf_changed":false,"footnotes":""},"class_list":["post-360","page","type-page","status-publish","hentry"],"acf":[],"yoast_head":"<!-- This site is optimized with the Yoast SEO plugin v26.7 - https:\/\/yoast.com\/wordpress\/plugins\/seo\/ -->\n<title>Privacy Policy - Lucky Jet Games<\/title>\n<meta name=\"description\" content=\"At luckyjet-games.com, we are committed to ensuring the privacy and security of our players.\" \/>\n<meta name=\"robots\" content=\"index, follow, max-snippet:-1, max-image-preview:large, max-video-preview:-1\" \/>\n<link rel=\"canonical\" href=\"https:\/\/luckyjet-games.com\/az\/privacy-policy\/\" \/>\n<meta property=\"og:locale\" content=\"az_AZ\" \/>\n<meta property=\"og:type\" content=\"article\" \/>\n<meta property=\"og:title\" content=\"Privacy Policy - Lucky Jet Games\" \/>\n<meta property=\"og:description\" content=\"At luckyjet-games.com, we are committed to ensuring the privacy and security of our players.\" \/>\n<meta property=\"og:url\" content=\"https:\/\/luckyjet-games.com\/az\/privacy-policy\/\" \/>\n<meta property=\"og:site_name\" content=\"Lucky Jet Games\" \/>\n<meta property=\"article:modified_time\" content=\"2023-09-25T14:08:12+00:00\" \/>\n<meta name=\"twitter:card\" content=\"summary_large_image\" \/>\n<meta name=\"twitter:label1\" content=\"Est. reading time\" \/>\n\t<meta name=\"twitter:data1\" content=\"2 minutes\" \/>\n<!-- \/ Yoast SEO plugin. -->","yoast_head_json":{"title":"M\u0259xfilik Siyas\u0259ti - Lucky Jet Oyunlar\u0131","description":"luckyjet-games.com-da biz oyun\u00e7ular\u0131m\u0131z\u0131n m\u0259xfiliyini v\u0259 t\u0259hl\u00fck\u0259sizliyini t\u0259min etm\u0259y\u0259 sadiqik.","robots":{"index":"index","follow":"follow","max-snippet":"max-snippet:-1","max-image-preview":"max-image-preview:large","max-video-preview":"max-video-preview:-1"},"canonical":"https:\/\/luckyjet-games.com\/az\/privacy-policy\/","og_locale":"az_AZ","og_type":"article","og_title":"Privacy Policy - Lucky Jet Games","og_description":"At luckyjet-games.com, we are committed to ensuring the privacy and security of our players.","og_url":"https:\/\/luckyjet-games.com\/az\/privacy-policy\/","og_site_name":"Lucky Jet Games","article_modified_time":"2023-09-25T14:08:12+00:00","twitter_card":"summary_large_image","twitter_misc":{"Est. reading time":"2 minutes"},"schema":{"@context":"https:\/\/schema.org","@graph":[{"@type":"WebPage","@id":"https:\/\/luckyjet-games.com\/privacy-policy\/","url":"https:\/\/luckyjet-games.com\/privacy-policy\/","name":"M\u0259xfilik Siyas\u0259ti - Lucky Jet Oyunlar\u0131","isPartOf":{"@id":"https:\/\/luckyjet-games.com\/de\/#website"},"datePublished":"2023-09-25T14:06:00+00:00","dateModified":"2023-09-25T14:08:12+00:00","description":"luckyjet-games.com-da biz oyun\u00e7ular\u0131m\u0131z\u0131n m\u0259xfiliyini v\u0259 t\u0259hl\u00fck\u0259sizliyini t\u0259min etm\u0259y\u0259 sadiqik.","breadcrumb":{"@id":"https:\/\/luckyjet-games.com\/privacy-policy\/#breadcrumb"},"inLanguage":"az","potentialAction":[{"@type":"ReadAction","target":["https:\/\/luckyjet-games.com\/privacy-policy\/"]}]},{"@type":"BreadcrumbList","@id":"https:\/\/luckyjet-games.com\/privacy-policy\/#breadcrumb","itemListElement":[{"@type":"ListItem","position":1,"name":"Home","item":"https:\/\/luckyjet-games.com\/"},{"@type":"ListItem","position":2,"name":"Privacy Policy"}]},{"@type":"WebSite","@id":"https:\/\/luckyjet-games.com\/de\/#website","url":"https:\/\/luckyjet-games.com\/de\/","name":"Lucky Jet Oyunlar\u0131","description":"","publisher":{"@id":"https:\/\/luckyjet-games.com\/de\/#organization"},"potentialAction":[{"@type":"SearchAction","target":{"@type":"EntryPoint","urlTemplate":"https:\/\/luckyjet-games.com\/de\/?s={search_term_string}"},"query-input":{"@type":"PropertyValueSpecification","valueRequired":true,"valueName":"search_term_string"}}],"inLanguage":"az"},{"@type":"Organization","@id":"https:\/\/luckyjet-games.com\/de\/#organization","name":"Lucky Jet Oyunlar\u0131","url":"https:\/\/luckyjet-games.com\/de\/","logo":{"@type":"ImageObject","inLanguage":"az","@id":"https:\/\/luckyjet-games.com\/de\/#\/schema\/logo\/image\/","url":"https:\/\/luckyjet-games.com\/wp-content\/uploads\/2022\/10\/Lucky-Jet-Game.png","contentUrl":"https:\/\/luckyjet-games.com\/wp-content\/uploads\/2022\/10\/Lucky-Jet-Game.png","width":711,"height":599,"caption":"Lucky Jet Games"},"image":{"@id":"https:\/\/luckyjet-games.com\/de\/#\/schema\/logo\/image\/"}}]}},"_links":{"self":[{"href":"https:\/\/luckyjet-games.com\/az\/wp-json\/wp\/v2\/pages\/360","targetHints":{"allow":["GET"]}}],"collection":[{"href":"https:\/\/luckyjet-games.com\/az\/wp-json\/wp\/v2\/pages"}],"about":[{"href":"https:\/\/luckyjet-games.com\/az\/wp-json\/wp\/v2\/types\/page"}],"author":[{"embeddable":true,"href":"https:\/\/luckyjet-games.com\/az\/wp-json\/wp\/v2\/users\/2"}],"replies":[{"embeddable":true,"href":"https:\/\/luckyjet-games.com\/az\/wp-json\/wp\/v2\/comments?post=360"}],"version-history":[{"count":0,"href":"https:\/\/luckyjet-games.com\/az\/wp-json\/wp\/v2\/pages\/360\/revisions"}],"wp:attachment":[{"href":"https:\/\/luckyjet-games.com\/az\/wp-json\/wp\/v2\/media?parent=360"}],"curies":[{"name":"wp","href":"https:\/\/api.w.org\/{rel}","templated":true}]}}