{"id":358,"date":"2023-09-25T11:50:26","date_gmt":"2023-09-25T11:50:26","guid":{"rendered":"https:\/\/luckyjet-games.com\/?page_id=358"},"modified":"2023-09-25T11:50:26","modified_gmt":"2023-09-25T11:50:26","slug":"cookies-policy","status":"publish","type":"page","link":"https:\/\/luckyjet-games.com\/az\/cookies-policy\/","title":{"rendered":"Kukil\u0259r Siyas\u0259ti"},"content":{"rendered":"<p>Bu h\u0259rt\u0259r\u0259fli b\u0259l\u0259d\u00e7id\u0259 biz kuki siyas\u0259tl\u0259rinin inc\u0259likl\u0259rini ara\u015fd\u0131r\u0131r\u0131q ki, siz\u0259 onlar\u0131n \u0259h\u0259miyy\u0259ti, komponentl\u0259ri v\u0259 veb sayt\u0131n\u0131z \u00fc\u00e7\u00fcn effektiv olan\u0131 nec\u0259 yarada bil\u0259c\u0259yinizi tam ba\u015fa d\u00fc\u015f\u0259siniz.<\/p>\n<div id=\"ez-toc-container\" class=\"ez-toc-v2_0_75 counter-hierarchy ez-toc-counter ez-toc-grey ez-toc-container-direction\">\n<div class=\"ez-toc-title-container\">\n<p class=\"ez-toc-title\" style=\"cursor:inherit\">M\u00fcnd\u0259ricat<\/p>\n<span class=\"ez-toc-title-toggle\"><a href=\"#\" class=\"ez-toc-pull-right ez-toc-btn ez-toc-btn-xs ez-toc-btn-default ez-toc-toggle\" aria-label=\"M\u0259zmun C\u0259dv\u0259lini d\u0259yi\u015fin\"><span class=\"ez-toc-js-icon-con\"><span class=\"\"><span class=\"eztoc-hide\" style=\"display:none;\">D\u0259yi\u015fdirin<\/span><span class=\"ez-toc-icon-toggle-span\"><svg style=\"fill: #999;color:#999\" xmlns=\"http:\/\/www.w3.org\/2000\/svg\" class=\"list-377408\" width=\"20px\" height=\"20px\" viewbox=\"0 0 24 24\" fill=\"none\"><path d=\"M6 6H4v2h2V6zm14 0H8v2h12V6zM4 11h2v2H4v-2zm16 0H8v2h12v-2zM4 16h2v2H4v-2zm16 0H8v2h12v-2z\" fill=\"currentColor\"><\/path><\/svg><svg style=\"fill: #999;color:#999\" class=\"arrow-unsorted-368013\" xmlns=\"http:\/\/www.w3.org\/2000\/svg\" width=\"10px\" height=\"10px\" viewbox=\"0 0 24 24\" version=\"1.2\" baseprofile=\"tiny\"><path d=\"M18.2 9.3l-6.2-6.3-6.2 6.3c-.2.2-.3.4-.3.7s.1.5.3.7c.2.2.4.3.7.3h11c.3 0 .5-.1.7-.3.2-.2.3-.5.3-.7s-.1-.5-.3-.7zM5.8 14.7l6.2 6.3 6.2-6.3c.2-.2.3-.5.3-.7s-.1-.5-.3-.7c-.2-.2-.4-.3-.7-.3h-11c-.3 0-.5.1-.7.3-.2.2-.3.5-.3.7s.1.5.3.7z\"\/><\/svg><\/span><\/span><\/span><\/a><\/span><\/div>\n<nav><ul class='ez-toc-list ez-toc-list-level-1 eztoc-toggle-hide-by-default' ><li class='ez-toc-page-1 ez-toc-heading-level-2'><a class=\"ez-toc-link ez-toc-heading-1\" href=\"https:\/\/luckyjet-games.com\/az\/cookies-policy\/#Introduction\" >Giri\u015f<\/a><\/li><li class='ez-toc-page-1 ez-toc-heading-level-2'><a class=\"ez-toc-link ez-toc-heading-2\" href=\"https:\/\/luckyjet-games.com\/az\/cookies-policy\/#What_Are_Cookies\" >Kukil\u0259r n\u0259dir?<\/a><\/li><li class='ez-toc-page-1 ez-toc-heading-level-2'><a class=\"ez-toc-link ez-toc-heading-3\" href=\"https:\/\/luckyjet-games.com\/az\/cookies-policy\/#Why_Do_You_Need_a_Cookies_Policy\" >Niy\u0259 kuki siyas\u0259tin\u0259 ehtiyac\u0131n\u0131z var?<\/a><\/li><li class='ez-toc-page-1 ez-toc-heading-level-2'><a class=\"ez-toc-link ez-toc-heading-4\" href=\"https:\/\/luckyjet-games.com\/az\/cookies-policy\/#Components_of_an_Effective_Cookies_Policy\" >Effektiv Kukil\u0259r Siyas\u0259tinin Komponentl\u0259ri<\/a><ul class='ez-toc-list-level-3' ><li class='ez-toc-heading-level-3'><a class=\"ez-toc-link ez-toc-heading-5\" href=\"https:\/\/luckyjet-games.com\/az\/cookies-policy\/#1_Introduction\" >1. Giri\u015f<\/a><\/li><li class='ez-toc-page-1 ez-toc-heading-level-3'><a class=\"ez-toc-link ez-toc-heading-6\" href=\"https:\/\/luckyjet-games.com\/az\/cookies-policy\/#2_What_Are_Cookies\" >2. Kukil\u0259r n\u0259dir?<\/a><\/li><li class='ez-toc-page-1 ez-toc-heading-level-3'><a class=\"ez-toc-link ez-toc-heading-7\" href=\"https:\/\/luckyjet-games.com\/az\/cookies-policy\/#3_Types_of_Cookies\" >3. Kukil\u0259rin n\u00f6vl\u0259ri<\/a><\/li><li class='ez-toc-page-1 ez-toc-heading-level-3'><a class=\"ez-toc-link ez-toc-heading-8\" href=\"https:\/\/luckyjet-games.com\/az\/cookies-policy\/#4_Why_Do_You_Use_Cookies\" >4. Niy\u0259 kukil\u0259rd\u0259n istifad\u0259 edirsiniz?<\/a><\/li><li class='ez-toc-page-1 ez-toc-heading-level-3'><a class=\"ez-toc-link ez-toc-heading-9\" href=\"https:\/\/luckyjet-games.com\/az\/cookies-policy\/#5_How_to_Disable_Cookies\" >5. Kukil\u0259ri nec\u0259 s\u00f6nd\u00fcrm\u0259k olar<\/a><\/li><li class='ez-toc-page-1 ez-toc-heading-level-3'><a class=\"ez-toc-link ez-toc-heading-10\" href=\"https:\/\/luckyjet-games.com\/az\/cookies-policy\/#6_Third-Party_Cookies\" >6. \u00dc\u00e7\u00fcnc\u00fc t\u0259r\u0259f kukil\u0259ri<\/a><\/li><li class='ez-toc-page-1 ez-toc-heading-level-3'><a class=\"ez-toc-link ez-toc-heading-11\" href=\"https:\/\/luckyjet-games.com\/az\/cookies-policy\/#7_Changes_to_Your_Policy\" >7. Siyas\u0259tiniz\u0259 D\u0259yi\u015fiklikl\u0259r<\/a><\/li><li class='ez-toc-page-1 ez-toc-heading-level-3'><a class=\"ez-toc-link ez-toc-heading-12\" href=\"https:\/\/luckyjet-games.com\/az\/cookies-policy\/#8_Obtaining_Consent\" >8. Raz\u0131l\u0131\u011f\u0131n \u0259ld\u0259 edilm\u0259si<\/a><\/li><\/ul><\/li><li class='ez-toc-page-1 ez-toc-heading-level-2'><a class=\"ez-toc-link ez-toc-heading-13\" href=\"https:\/\/luckyjet-games.com\/az\/cookies-policy\/#Creating_an_Effective_Cookies_Policy\" >Effektiv kukil\u0259r siyas\u0259tinin yarad\u0131lmas\u0131<\/a><\/li><li class='ez-toc-page-1 ez-toc-heading-level-2'><a class=\"ez-toc-link ez-toc-heading-14\" href=\"https:\/\/luckyjet-games.com\/az\/cookies-policy\/#Conclusion\" >N\u0259tic\u0259<\/a><\/li><\/ul><\/nav><\/div>\n<h2><span class=\"ez-toc-section\" id=\"Introduction\"><\/span>Giri\u015f<span class=\"ez-toc-section-end\"><\/span><\/h2>\n<p>G\u00fccl\u00fc onlayn m\u00f6vcudlu\u011fun yarad\u0131lmas\u0131na g\u0259ldikd\u0259, yax\u015f\u0131 haz\u0131rlanm\u0131\u015f kukil\u0259r siyas\u0259ti vacib komponentdir. Bu, yaln\u0131z qanuni uy\u011funlu\u011fu t\u0259min etmir, h\u0259m d\u0259 veb sayt\u0131n\u0131z\u0131n ziyar\u0259t\u00e7il\u0259ri il\u0259 inam yarad\u0131r. Bu b\u0259l\u0259d\u00e7id\u0259 biz kuki siyas\u0259tl\u0259rinin \u0259sas aspektl\u0259rini ara\u015fd\u0131raraq, siz\u0259 t\u0259kc\u0259 qanuni t\u0259l\u0259bl\u0259r\u0259 cavab ver\u0259n deyil, h\u0259m d\u0259 istifad\u0259\u00e7i t\u0259cr\u00fcb\u0259sini art\u0131ran birini yaratma\u011fa k\u00f6m\u0259k ed\u0259c\u0259yik.<\/p>\n<h2><span class=\"ez-toc-section\" id=\"What_Are_Cookies\"><\/span>Kukil\u0259r n\u0259dir?<span class=\"ez-toc-section-end\"><\/span><\/h2>\n<p>Kukil\u0259r istifad\u0259\u00e7i veb-sayta daxil olduqda onun cihaz\u0131nda saxlan\u0131lan ki\u00e7ik m\u0259lumat par\u00e7alar\u0131d\u0131r. Onlar m\u00fcxt\u0259lif m\u0259qs\u0259dl\u0259r\u0259 xidm\u0259t edir, o c\u00fcml\u0259d\u0259n istifad\u0259\u00e7i se\u00e7iml\u0259rini xat\u0131rlamaq, veb-sayt\u0131n funksionall\u0131\u011f\u0131n\u0131 art\u0131rmaq v\u0259 istifad\u0259\u00e7i davran\u0131\u015f\u0131n\u0131 izl\u0259m\u0259k. Kukil\u0259r iki \u0259sas kateqoriyaya b\u00f6l\u00fcn\u00fcr:<\/p>\n<ol>\n<li><strong>Sessiya kukil\u0259ri<\/strong>: Bu m\u00fcv\u0259qq\u0259ti kukil\u0259r yaln\u0131z istifad\u0259\u00e7inin vebsayt\u0131n\u0131zdak\u0131 sessiyas\u0131 zaman\u0131 saxlan\u0131l\u0131r v\u0259 onlar brauzerini ba\u011flayan zaman silinir.<\/li>\n<li><strong>Davaml\u0131 kukil\u0259r<\/strong>: Davaml\u0131 kukil\u0259r istifad\u0259\u00e7inin cihaz\u0131nda, h\u0259tta vebsayt\u0131n\u0131z\u0131 t\u0259rk etdikd\u0259n sonra bel\u0259 m\u00fc\u0259yy\u0259n m\u00fcdd\u0259t \u0259rzind\u0259 qal\u0131r.<\/li>\n<\/ol>\n<h2><span class=\"ez-toc-section\" id=\"Why_Do_You_Need_a_Cookies_Policy\"><\/span>Niy\u0259 kuki siyas\u0259tin\u0259 ehtiyac\u0131n\u0131z var?<span class=\"ez-toc-section-end\"><\/span><\/h2>\n<p>Kukil\u0259r siyas\u0259ti bir ne\u00e7\u0259 s\u0259b\u0259b\u0259 g\u00f6r\u0259 vacibdir:<\/p>\n<ol>\n<li><strong>H\u00fcquqi Uy\u011funluq<\/strong>: Bir \u00e7ox \u00f6lk\u0259l\u0259r veb-saytlardan istifad\u0259\u00e7il\u0259ri kukil\u0259rd\u0259n istifad\u0259 haqq\u0131nda m\u0259lumatland\u0131rma\u011f\u0131 v\u0259 onlar\u0131n raz\u0131l\u0131\u011f\u0131n\u0131 alma\u011f\u0131 t\u0259l\u0259b edir. Bu qaydalara \u0259m\u0259l edilm\u0259m\u0259si h\u00fcquqi n\u0259tic\u0259l\u0259r\u0259 s\u0259b\u0259b ola bil\u0259r.<\/li>\n<li><strong>\u015e\u0259ffafl\u0131q<\/strong>: O, m\u0259lumat toplama t\u0259cr\u00fcb\u0259nizd\u0259 \u015f\u0259ffafl\u0131q v\u0259 d\u00fcr\u00fcstl\u00fck n\u00fcmayi\u015f etdirir, auditoriyan\u0131zda etimad\u0131 art\u0131r\u0131r.<\/li>\n<li><strong>\u0130stifad\u0259\u00e7i raz\u0131l\u0131\u011f\u0131<\/strong>: Bu, istifad\u0259\u00e7il\u0259r\u0259 kukil\u0259ri q\u0259bul etm\u0259k v\u0259 ya r\u0259dd etm\u0259k se\u00e7imi il\u0259 t\u0259min etm\u0259kl\u0259, m\u0259lumatlar\u0131n m\u0259xfiliyi il\u0259 ba\u011fl\u0131 \u0259sasland\u0131r\u0131lm\u0131\u015f q\u0259rarlar q\u0259bul etm\u0259y\u0259 imkan verir.<\/li>\n<\/ol>\n<h2><span class=\"ez-toc-section\" id=\"Components_of_an_Effective_Cookies_Policy\"><\/span>Effektiv Kukil\u0259r Siyas\u0259tinin Komponentl\u0259ri<span class=\"ez-toc-section-end\"><\/span><\/h2>\n<p>R\u0259qab\u0259ti \u00fcst\u0259l\u0259y\u0259n kuki siyas\u0259ti yaratmaq \u00fc\u00e7\u00fcn a\u015fa\u011f\u0131dak\u0131 komponentl\u0259ri daxil etm\u0259yi d\u00fc\u015f\u00fcn\u00fcn:<\/p>\n<h3><span class=\"ez-toc-section\" id=\"1_Introduction\"><\/span>1. Giri\u015f<span class=\"ez-toc-section-end\"><\/span><\/h3>\n<p><strong>Ba\u015fl\u0131q<\/strong>: Asan identifikasiya \u00fc\u00e7\u00fcn siyas\u0259tinizi \u201cKukil\u0259r Siyas\u0259ti\u201d olaraq a\u00e7\u0131q \u015f\u0259kild\u0259 etiketl\u0259yin.<\/p>\n<h3><span class=\"ez-toc-section\" id=\"2_What_Are_Cookies\"><\/span>2. Kukil\u0259r n\u0259dir?<span class=\"ez-toc-section-end\"><\/span><\/h3>\n<p>Daha \u0259vv\u0259l m\u00fczakir\u0259 etdiyimiz kimi kukil\u0259rin q\u0131sa izah\u0131n\u0131 verin.<\/p>\n<h3><span class=\"ez-toc-section\" id=\"3_Types_of_Cookies\"><\/span>3. Kukil\u0259rin n\u00f6vl\u0259ri<span class=\"ez-toc-section-end\"><\/span><\/h3>\n<p>Veb sayt\u0131n\u0131z\u0131n istifad\u0259 etdiyi m\u00fcxt\u0259lif kuki n\u00f6vl\u0259rini v\u0259 onlar\u0131n m\u00fcvafiq m\u0259qs\u0259dl\u0259rini izah edin.<\/p>\n<h3><span class=\"ez-toc-section\" id=\"4_Why_Do_You_Use_Cookies\"><\/span>4. Niy\u0259 kukil\u0259rd\u0259n istifad\u0259 edirsiniz?<span class=\"ez-toc-section-end\"><\/span><\/h3>\n<p>Kukil\u0259r vasit\u0259sil\u0259 istifad\u0259\u00e7i m\u0259lumatlar\u0131n\u0131n toplanmas\u0131n\u0131n s\u0259b\u0259bl\u0259rini v\u0259 bunun h\u0259m vebsayt\u0131n\u0131za, h\u0259m d\u0259 istifad\u0259\u00e7il\u0259riniz\u0259 nec\u0259 fayda verdiyini \u0259trafl\u0131 izah edin.<\/p>\n<h3><span class=\"ez-toc-section\" id=\"5_How_to_Disable_Cookies\"><\/span>5. Kukil\u0259ri nec\u0259 s\u00f6nd\u00fcrm\u0259k olar<span class=\"ez-toc-section-end\"><\/span><\/h3>\n<p>\u0130stifad\u0259\u00e7il\u0259rin brauzer parametrl\u0259rind\u0259 kukil\u0259ri nec\u0259 idar\u0259 ed\u0259 v\u0259 s\u00f6nd\u00fcr\u0259 bil\u0259c\u0259yin\u0259 dair t\u0259limatlar t\u0259klif edin.<\/p>\n<h3><span class=\"ez-toc-section\" id=\"6_Third-Party_Cookies\"><\/span>6. \u00dc\u00e7\u00fcnc\u00fc t\u0259r\u0259f kukil\u0259ri<span class=\"ez-toc-section-end\"><\/span><\/h3>\n<p>M\u00fcmk\u00fcns\u0259, veb sayt\u0131n\u0131zda istifad\u0259 olunan h\u0259r hans\u0131 \u00fc\u00e7\u00fcnc\u00fc t\u0259r\u0259f kukil\u0259rini a\u00e7\u0131qlay\u0131n v\u0259 onlar\u0131n m\u00fcvafiq siyas\u0259tl\u0259rin\u0259 ke\u00e7idl\u0259r t\u0259qdim edin.<\/p>\n<h3><span class=\"ez-toc-section\" id=\"7_Changes_to_Your_Policy\"><\/span>7. Siyas\u0259tiniz\u0259 D\u0259yi\u015fiklikl\u0259r<span class=\"ez-toc-section-end\"><\/span><\/h3>\n<p>Kukil\u0259r siyas\u0259tinin yenil\u0259n\u0259 bil\u0259c\u0259yini v\u0259 istifad\u0259\u00e7il\u0259r\u0259 h\u0259r hans\u0131 d\u0259yi\u015fiklik bar\u0259d\u0259 nec\u0259 m\u0259lumat veril\u0259c\u0259yini izah edin.<\/p>\n<h3><span class=\"ez-toc-section\" id=\"8_Obtaining_Consent\"><\/span>8. Raz\u0131l\u0131\u011f\u0131n \u0259ld\u0259 edilm\u0259si<span class=\"ez-toc-section-end\"><\/span><\/h3>\n<p>Pop-up bildiri\u015fl\u0259ri v\u0259 ya bannerl\u0259r kimi kuki istifad\u0259si \u00fc\u00e7\u00fcn istifad\u0259\u00e7i raz\u0131l\u0131\u011f\u0131n\u0131 almaq \u00fc\u00e7\u00fcn istifad\u0259 olunan \u00fcsullar\u0131 t\u0259svir edin.<\/p>\n<h2><span class=\"ez-toc-section\" id=\"Creating_an_Effective_Cookies_Policy\"><\/span>Effektiv kukil\u0259r siyas\u0259tinin yarad\u0131lmas\u0131<span class=\"ez-toc-section-end\"><\/span><\/h2>\n<p>R\u0259qibl\u0259ri \u00fcst\u0259l\u0259y\u0259n effektiv kuki siyas\u0259ti yaratmaq \u00fc\u00e7\u00fcn bu add\u0131mlar\u0131 yerin\u0259 yetirin:<\/p>\n<ol>\n<li><strong>Ara\u015fd\u0131rma<\/strong>: H\u0259d\u0259f auditoriyan\u0131z\u0131n regionunda kuki il\u0259 ba\u011fl\u0131 \u0259n son qaydalardan x\u0259b\u0259rdar olun.<\/li>\n<li><strong>T\u0259miz Dil<\/strong>: \u0130stifad\u0259\u00e7il\u0259rin onun m\u0259zmununu ba\u015fa d\u00fc\u015fm\u0259sini t\u0259min etm\u0259k \u00fc\u00e7\u00fcn siyas\u0259tinizi sad\u0259, asan ba\u015fa d\u00fc\u015f\u00fcl\u0259n dild\u0259 yaz\u0131n.<\/li>\n<li><strong>\u018fl\u00e7atanl\u0131q<\/strong>: Siyas\u0259tinizin ad\u0259t\u0259n veb sayt\u0131n\u0131zdak\u0131 altbilgi linki vasit\u0259sil\u0259 asanl\u0131qla \u0259ld\u0259 olundu\u011fundan \u0259min olun.<\/li>\n<li><strong>Raz\u0131l\u0131q Mexanizmi<\/strong>: \u0130stifad\u0259\u00e7i se\u00e7iml\u0259rin\u0259 h\u00f6rm\u0259t ed\u0259n istifad\u0259\u00e7i dostu raz\u0131l\u0131q mexanizmini h\u0259yata ke\u00e7irin.<\/li>\n<li><strong>Daimi Yenil\u0259m\u0259l\u0259r<\/strong>: \u0130nki\u015faf ed\u0259n qaydalara uy\u011fun qalmaq \u00fc\u00e7\u00fcn siyas\u0259tinizi vaxta\u015f\u0131r\u0131 n\u0259z\u0259rd\u0259n ke\u00e7irin v\u0259 yenil\u0259yin.<\/li>\n<\/ol>\n<h2><span class=\"ez-toc-section\" id=\"Conclusion\"><\/span>N\u0259tic\u0259<span class=\"ez-toc-section-end\"><\/span><\/h2>\n<p>N\u0259tic\u0259 olaraq, yax\u015f\u0131 haz\u0131rlanm\u0131\u015f kukil\u0259r siyas\u0259ti veb sayt\u0131n\u0131z\u0131n vacib elementidir v\u0259 bu, t\u0259kc\u0259 qanunlara uy\u011funlu\u011fu t\u0259min etmir, h\u0259m d\u0259 auditoriyan\u0131zda etibar\u0131 art\u0131r\u0131r. Bu h\u0259rt\u0259r\u0259fli b\u0259l\u0259d\u00e7id\u0259 g\u00f6st\u0259ril\u0259n t\u0259limatlara \u0259m\u0259l etm\u0259kl\u0259 siz yaln\u0131z qanuni t\u0259l\u0259bl\u0259r\u0259 cavab ver\u0259n deyil, h\u0259m d\u0259 veb sayt\u0131n\u0131zdak\u0131 istifad\u0259\u00e7i t\u0259cr\u00fcb\u0259sini yax\u015f\u0131la\u015fd\u0131ran kukil\u0259r siyas\u0259ti yarada bil\u0259rsiniz.<\/p>\n<p>Kukil\u0259r haqq\u0131nda ayd\u0131n m\u0259lumat verm\u0259k, istifad\u0259\u00e7i raz\u0131l\u0131\u011f\u0131n\u0131 almaq v\u0259 t\u0259nziml\u0259m\u0259 d\u0259yi\u015fiklikl\u0259rind\u0259n x\u0259b\u0259rdar olmaqla siz n\u0259inki r\u0259qibl\u0259rinizi qabaqlayacaqs\u0131n\u0131z, h\u0259m d\u0259 veb sayt\u0131n\u0131z\u0131 etibarl\u0131 v\u0259 istifad\u0259\u00e7i m\u0259rk\u0259zli onlayn platforma kimi quracaqs\u0131n\u0131z.<\/p>\n<div class=\"author-card author-card--top\"><img alt='Avatar \u015f\u0259kli' src='https:\/\/luckyjet-games.com\/wp-content\/uploads\/2023\/03\/Chris-Hodge-130x130.jpg' srcset='https:\/\/luckyjet-games.com\/wp-content\/uploads\/2023\/03\/Chris-Hodge-260x260.jpg 2x' class='avatar avatar-130 photo author-image' height='130' width='130' \/><div class=\"author-content text-md-center\"><span class=\"author-title\">M\u00fc\u0259llif<\/span><a href=\"https:\/\/luckyjet-games.com\/az\/author\/chris-hodge\/\" class=\"author-name\">Chris Hodge<\/a><p class=\"author__details\">Chris Hodge qumar oyunlar\u0131 \u00fczr\u0259 m\u00fct\u0259x\u0259ssisdir. O, 10 ild\u0259n \u00e7oxdur ki, kazino oyunlar\u0131 oynay\u0131r v\u0259 \u00f6yr\u0259nir. Bu m\u00fcdd\u0259t \u0259rzind\u0259 o, kazinodak\u0131 h\u0259r oyunun arxas\u0131nda duran strategiyalar v\u0259 mexanika haqq\u0131nda intim anlay\u0131\u015f inki\u015faf etdirdi.<br \/>\r\n<br \/>\r\nChris-in biliyi v\u0259 t\u0259cr\u00fcb\u0259si ona bir ne\u00e7\u0259 \u0259n yax\u015f\u0131 qumar n\u0259\u015frl\u0259rinin m\u00fcnt\u0259z\u0259m i\u015ftirak\u00e7\u0131s\u0131 kimi yer qazand\u0131rd\u0131. O, h\u0259m\u00e7inin tez-tez yeni oyunlar v\u0259 promosyonlar haqq\u0131nda ekspert m\u0259sl\u0259h\u0259tl\u0259ri verm\u0259k \u00fc\u00e7\u00fcn kazinolar t\u0259r\u0259find\u0259n \u00e7a\u011f\u0131r\u0131l\u0131r.<\/p><\/div><!-- \/.author-content --><\/div>","protected":false},"excerpt":{"rendered":"<p>Bu h\u0259rt\u0259r\u0259fli b\u0259l\u0259d\u00e7id\u0259 biz kuki siyas\u0259tl\u0259rinin inc\u0259likl\u0259rini ara\u015fd\u0131r\u0131r\u0131q ki, siz\u0259 onlar\u0131n \u0259h\u0259miyy\u0259ti, komponentl\u0259ri v\u0259 veb sayt\u0131n\u0131z \u00fc\u00e7\u00fcn effektiv bir qurma yollar\u0131 haqq\u0131nda h\u0259rt\u0259r\u0259fli ba\u015fa d\u00fc\u015f\u00fcl\u0259siniz. Giri\u015f G\u00fccl\u00fc onlayn m\u00f6vcudlu\u011fun yarad\u0131lmas\u0131na g\u0259ldikd\u0259, yax\u015f\u0131 haz\u0131rlanm\u0131\u015f kukil\u0259r siyas\u0259ti vacib komponentdir. Bu, t\u0259kc\u0259 t\u0259min etmir [\u2026]<\/p>","protected":false},"author":2,"featured_media":0,"parent":0,"menu_order":0,"comment_status":"closed","ping_status":"closed","template":"page-no-sidebar.php","meta":{"_acf_changed":false,"footnotes":""},"class_list":["post-358","page","type-page","status-publish","hentry"],"acf":[],"yoast_head":"<!-- This site is optimized with the Yoast SEO plugin v26.7 - https:\/\/yoast.com\/wordpress\/plugins\/seo\/ -->\n<title>Cookies Policy - Lucky Jet Games<\/title>\n<meta name=\"robots\" content=\"index, follow, max-snippet:-1, max-image-preview:large, max-video-preview:-1\" \/>\n<link rel=\"canonical\" href=\"https:\/\/luckyjet-games.com\/az\/cookies-policy\/\" \/>\n<meta property=\"og:locale\" content=\"az_AZ\" \/>\n<meta property=\"og:type\" content=\"article\" \/>\n<meta property=\"og:title\" content=\"Cookies Policy - Lucky Jet Games\" \/>\n<meta property=\"og:description\" content=\"In this comprehensive guide, we delve into the intricacies of cookies policies to provide you with a thorough understanding of their importance, components, and how to create an effective one for your website. Introduction When it comes to establishing a strong online presence, a well-crafted cookies policy is an essential component. It not only ensures [&hellip;]\" \/>\n<meta property=\"og:url\" content=\"https:\/\/luckyjet-games.com\/az\/cookies-policy\/\" \/>\n<meta property=\"og:site_name\" content=\"Lucky Jet Games\" \/>\n<meta name=\"twitter:card\" content=\"summary_large_image\" \/>\n<!-- \/ Yoast SEO plugin. -->","yoast_head_json":{"title":"Kukil\u0259r Siyas\u0259ti - Lucky Jet Oyunlar\u0131","robots":{"index":"index","follow":"follow","max-snippet":"max-snippet:-1","max-image-preview":"max-image-preview:large","max-video-preview":"max-video-preview:-1"},"canonical":"https:\/\/luckyjet-games.com\/az\/cookies-policy\/","og_locale":"az_AZ","og_type":"article","og_title":"Cookies Policy - Lucky Jet Games","og_description":"In this comprehensive guide, we delve into the intricacies of cookies policies to provide you with a thorough understanding of their importance, components, and how to create an effective one for your website. Introduction When it comes to establishing a strong online presence, a well-crafted cookies policy is an essential component. It not only ensures [&hellip;]","og_url":"https:\/\/luckyjet-games.com\/az\/cookies-policy\/","og_site_name":"Lucky Jet Games","twitter_card":"summary_large_image","schema":{"@context":"https:\/\/schema.org","@graph":[{"@type":"WebPage","@id":"https:\/\/luckyjet-games.com\/cookies-policy\/","url":"https:\/\/luckyjet-games.com\/cookies-policy\/","name":"Kukil\u0259r Siyas\u0259ti - Lucky Jet Oyunlar\u0131","isPartOf":{"@id":"https:\/\/luckyjet-games.com\/de\/#website"},"datePublished":"2023-09-25T11:50:26+00:00","breadcrumb":{"@id":"https:\/\/luckyjet-games.com\/cookies-policy\/#breadcrumb"},"inLanguage":"az","potentialAction":[{"@type":"ReadAction","target":["https:\/\/luckyjet-games.com\/cookies-policy\/"]}]},{"@type":"BreadcrumbList","@id":"https:\/\/luckyjet-games.com\/cookies-policy\/#breadcrumb","itemListElement":[{"@type":"ListItem","position":1,"name":"Home","item":"https:\/\/luckyjet-games.com\/"},{"@type":"ListItem","position":2,"name":"Cookies Policy"}]},{"@type":"WebSite","@id":"https:\/\/luckyjet-games.com\/de\/#website","url":"https:\/\/luckyjet-games.com\/de\/","name":"Lucky Jet Oyunlar\u0131","description":"","publisher":{"@id":"https:\/\/luckyjet-games.com\/de\/#organization"},"potentialAction":[{"@type":"SearchAction","target":{"@type":"EntryPoint","urlTemplate":"https:\/\/luckyjet-games.com\/de\/?s={search_term_string}"},"query-input":{"@type":"PropertyValueSpecification","valueRequired":true,"valueName":"search_term_string"}}],"inLanguage":"az"},{"@type":"Organization","@id":"https:\/\/luckyjet-games.com\/de\/#organization","name":"Lucky Jet Oyunlar\u0131","url":"https:\/\/luckyjet-games.com\/de\/","logo":{"@type":"ImageObject","inLanguage":"az","@id":"https:\/\/luckyjet-games.com\/de\/#\/schema\/logo\/image\/","url":"https:\/\/luckyjet-games.com\/wp-content\/uploads\/2022\/10\/Lucky-Jet-Game.png","contentUrl":"https:\/\/luckyjet-games.com\/wp-content\/uploads\/2022\/10\/Lucky-Jet-Game.png","width":711,"height":599,"caption":"Lucky Jet Games"},"image":{"@id":"https:\/\/luckyjet-games.com\/de\/#\/schema\/logo\/image\/"}}]}},"_links":{"self":[{"href":"https:\/\/luckyjet-games.com\/az\/wp-json\/wp\/v2\/pages\/358","targetHints":{"allow":["GET"]}}],"collection":[{"href":"https:\/\/luckyjet-games.com\/az\/wp-json\/wp\/v2\/pages"}],"about":[{"href":"https:\/\/luckyjet-games.com\/az\/wp-json\/wp\/v2\/types\/page"}],"author":[{"embeddable":true,"href":"https:\/\/luckyjet-games.com\/az\/wp-json\/wp\/v2\/users\/2"}],"replies":[{"embeddable":true,"href":"https:\/\/luckyjet-games.com\/az\/wp-json\/wp\/v2\/comments?post=358"}],"version-history":[{"count":0,"href":"https:\/\/luckyjet-games.com\/az\/wp-json\/wp\/v2\/pages\/358\/revisions"}],"wp:attachment":[{"href":"https:\/\/luckyjet-games.com\/az\/wp-json\/wp\/v2\/media?parent=358"}],"curies":[{"name":"wp","href":"https:\/\/api.w.org\/{rel}","templated":true}]}}