{"id":27,"date":"2022-10-07T14:43:44","date_gmt":"2022-10-07T14:43:44","guid":{"rendered":"https:\/\/luckyjet-games.com\/?page_id=27"},"modified":"2024-03-12T18:02:22","modified_gmt":"2024-03-12T18:02:22","slug":"how-to-download-lucky-jet-app","status":"publish","type":"page","link":"https:\/\/luckyjet-games.com\/az\/download-lucky-jet-app\/","title":{"rendered":"Lucky Jet T\u0259tbiqini Nec\u0259 Y\u00fckl\u0259m\u0259k olar"},"content":{"rendered":"<div style=\"text-align: center;\"><a class=\"glow-button\" href=\"#go\" data-go=\"go\">1Win Casino-da Lucky Jet oynay\u0131n<\/a><\/div>\n\n\n\n<p>Oynama\u011fa ba\u015flamaq \u00e7ox sad\u0259dir <a href=\"https:\/\/luckyjet-games.com\/az\/\">Lucky Jet oyunu<\/a>. Oyun Android, iOS v\u0259 Windows v\u0259 ya MacOS \u00fc\u00e7\u00fcn \u0259l\u00e7atan olacaq.<\/p>\n\n\n<div class=\"wp-block-image\">\n<figure class=\"aligncenter\"><a href=\"#go\" data-go=\"go\" rel=\"noreferrer noopener\"><img decoding=\"async\" width=\"1022\" height=\"500\" src=\"https:\/\/luckyjet-games.com\/wp-content\/uploads\/2022\/10\/Jucky-Jet-App.jpg\" alt=\"Lucky Jet T\u0259tbiqi\" class=\"wp-image-38\" srcset=\"https:\/\/luckyjet-games.com\/wp-content\/uploads\/2022\/10\/Jucky-Jet-App.jpg 1022w, https:\/\/luckyjet-games.com\/wp-content\/uploads\/2022\/10\/Jucky-Jet-App-300x147.jpg 300w, https:\/\/luckyjet-games.com\/wp-content\/uploads\/2022\/10\/Jucky-Jet-App-768x376.jpg 768w, https:\/\/luckyjet-games.com\/wp-content\/uploads\/2022\/10\/Jucky-Jet-App-82x40.jpg 82w, https:\/\/luckyjet-games.com\/wp-content\/uploads\/2022\/10\/Jucky-Jet-App-65x32.jpg 65w, https:\/\/luckyjet-games.com\/wp-content\/uploads\/2022\/10\/Jucky-Jet-App-164x80.jpg 164w, https:\/\/luckyjet-games.com\/wp-content\/uploads\/2022\/10\/Jucky-Jet-App-276x135.jpg 276w\" sizes=\"(max-width: 1022px) 100vw, 1022px\" \/><\/a><figcaption class=\"wp-element-caption\">Lucky Jet T\u0259tbiqi<\/figcaption><\/figure>\n<\/div>\n\n\n<p>Lucky Jet yaln\u0131z brauzer oyunudur, onu he\u00e7 bir proqram ma\u011fazas\u0131nda tapa bilm\u0259y\u0259c\u0259ksiniz. Bu, Apple-\u0131n AppStore v\u0259 Google-un Play Store siyas\u0259ti il\u0259 \u0259laq\u0259dard\u0131r ki, onlar\u0131n kataloqlar\u0131nda real pullu oyunlara icaz\u0259 verilmir. Bununla bel\u0259, bu bizim xeyrimiz\u0259 i\u015fl\u0259yir, \u00e7\u00fcnki oyunu oynamaq \u00fc\u00e7\u00fcn siz\u0259 laz\u0131m olan t\u0259k \u015fey brauzeri olan telefon, komp\u00fcter v\u0259 ya plan\u015fetdir, sad\u0259c\u0259 linki izl\u0259yin v\u0259 oynama\u011fa ba\u015flay\u0131n!<\/p>\n\n\n\n<figure class=\"wp-block-table\"><table><tbody><tr><td>T\u0259tbiq versiyas\u0131<\/td><td>37.02<\/td><\/tr><tr><td>X\u0259rc<\/td><td>Pulsuz<\/td><\/tr><tr><td>\u018fS<\/td><td>iOS, Android<\/td><\/tr><tr><td>Play Market<\/td><td>M\u00f6vcud deyil<\/td><\/tr><tr><td>alma ma\u011fazas\u0131<\/td><td>M\u00f6vcud deyil<\/td><\/tr><tr><td>Android \u00fc\u00e7\u00fcn h\u0259cm<\/td><td>43,12 Mb<\/td><\/tr><tr><td>iOS \u00fc\u00e7\u00fcn h\u0259cm<\/td><td>23,4 Mb<\/td><\/tr><tr><td>Casino xidm\u0259ti<\/td><td>B\u0259li, \u0259g\u0259r hesab\u0131n\u0131z varsa<\/td><\/tr><\/tbody><\/table><\/figure>\n\n\n\n<div id=\"ez-toc-container\" class=\"ez-toc-v2_0_75 counter-hierarchy ez-toc-counter ez-toc-grey ez-toc-container-direction\">\n<div class=\"ez-toc-title-container\">\n<p class=\"ez-toc-title\" style=\"cursor:inherit\">M\u00fcnd\u0259ricat<\/p>\n<span class=\"ez-toc-title-toggle\"><a href=\"#\" class=\"ez-toc-pull-right ez-toc-btn ez-toc-btn-xs ez-toc-btn-default ez-toc-toggle\" aria-label=\"M\u0259zmun C\u0259dv\u0259lini d\u0259yi\u015fin\"><span class=\"ez-toc-js-icon-con\"><span class=\"\"><span class=\"eztoc-hide\" style=\"display:none;\">D\u0259yi\u015fdirin<\/span><span class=\"ez-toc-icon-toggle-span\"><svg style=\"fill: #999;color:#999\" xmlns=\"http:\/\/www.w3.org\/2000\/svg\" class=\"list-377408\" width=\"20px\" height=\"20px\" viewbox=\"0 0 24 24\" fill=\"none\"><path d=\"M6 6H4v2h2V6zm14 0H8v2h12V6zM4 11h2v2H4v-2zm16 0H8v2h12v-2zM4 16h2v2H4v-2zm16 0H8v2h12v-2z\" fill=\"currentColor\"><\/path><\/svg><svg style=\"fill: #999;color:#999\" class=\"arrow-unsorted-368013\" xmlns=\"http:\/\/www.w3.org\/2000\/svg\" width=\"10px\" height=\"10px\" viewbox=\"0 0 24 24\" version=\"1.2\" baseprofile=\"tiny\"><path d=\"M18.2 9.3l-6.2-6.3-6.2 6.3c-.2.2-.3.4-.3.7s.1.5.3.7c.2.2.4.3.7.3h11c.3 0 .5-.1.7-.3.2-.2.3-.5.3-.7s-.1-.5-.3-.7zM5.8 14.7l6.2 6.3 6.2-6.3c.2-.2.3-.5.3-.7s-.1-.5-.3-.7c-.2-.2-.4-.3-.7-.3h-11c-.3 0-.5.1-.7.3-.2.2-.3.5-.3.7s.1.5.3.7z\"\/><\/svg><\/span><\/span><\/span><\/a><\/span><\/div>\n<nav><ul class='ez-toc-list ez-toc-list-level-1 eztoc-toggle-hide-by-default' ><li class='ez-toc-page-1 ez-toc-heading-level-2'><a class=\"ez-toc-link ez-toc-heading-1\" href=\"https:\/\/luckyjet-games.com\/az\/download-lucky-jet-app\/#Play_Lucky_Jet_for_free_at_1Win_Casino\" >1Win Casino-da Lucky Jet-ni pulsuz oynay\u0131n<\/a><\/li><li class='ez-toc-page-1 ez-toc-heading-level-2'><a class=\"ez-toc-link ez-toc-heading-2\" href=\"https:\/\/luckyjet-games.com\/az\/download-lucky-jet-app\/#Download_Lucky_Jet_%E2%80%93_Play_for_real_money\" >Lucky Jet y\u00fckl\u0259yin \u2013 Real pulla oynay\u0131n<\/a><\/li><li class='ez-toc-page-1 ez-toc-heading-level-2'><a class=\"ez-toc-link ez-toc-heading-3\" href=\"https:\/\/luckyjet-games.com\/az\/download-lucky-jet-app\/#Download_app_on_your_Android\" >Proqram\u0131 Android-d\u0259 y\u00fckl\u0259yin<\/a><ul class='ez-toc-list-level-3' ><li class='ez-toc-heading-level-3'><a class=\"ez-toc-link ez-toc-heading-4\" href=\"https:\/\/luckyjet-games.com\/az\/download-lucky-jet-app\/#Follow_the_link\" >Linki izl\u0259yin:<\/a><\/li><li class='ez-toc-page-1 ez-toc-heading-level-3'><a class=\"ez-toc-link ez-toc-heading-5\" href=\"https:\/\/luckyjet-games.com\/az\/download-lucky-jet-app\/#Use_Chrome_menu\" >Chrome menyusundan istifad\u0259 edin:<\/a><\/li><\/ul><\/li><li class='ez-toc-page-1 ez-toc-heading-level-2'><a class=\"ez-toc-link ez-toc-heading-6\" href=\"https:\/\/luckyjet-games.com\/az\/download-lucky-jet-app\/#Download_for_iOS\" >iOS \u00fc\u00e7\u00fcn y\u00fckl\u0259yin<\/a><\/li><li class='ez-toc-page-1 ez-toc-heading-level-2'><a class=\"ez-toc-link ez-toc-heading-7\" href=\"https:\/\/luckyjet-games.com\/az\/download-lucky-jet-app\/#Play_Lucky_Jet_game_on_your_computer\" >Lucky Jet oyununu komp\u00fcterinizd\u0259 oynay\u0131n<\/a><\/li><li class='ez-toc-page-1 ez-toc-heading-level-2'><a class=\"ez-toc-link ez-toc-heading-8\" href=\"https:\/\/luckyjet-games.com\/az\/download-lucky-jet-app\/#Conclusion\" >N\u0259tic\u0259<\/a><\/li><\/ul><\/nav><\/div>\n<h2 class=\"wp-block-heading\"><span class=\"ez-toc-section\" id=\"Play_Lucky_Jet_for_free_at_1Win_Casino\"><\/span>1Win Casino-da Lucky Jet-ni pulsuz oynay\u0131n<span class=\"ez-toc-section-end\"><\/span><\/h2>\n\n\n\n<p>Bir q\u0259pik x\u0259rcl\u0259m\u0259d\u0259n Lucky Jet il\u0259 dinc\u0259lm\u0259k v\u0259 \u0259yl\u0259nm\u0259k \u015fans\u0131n\u0131 \u0259ld\u0259 edin. Onlayn kazinolar h\u0259r bir oyun\u00e7uya slot, rulet, poker v\u0259 ya q\u0259za oyunlar\u0131 oynamaq \u00fc\u00e7\u00fcn bonus balans\u0131 t\u0259qdim edir. Linki izl\u0259yin, qeydiyyatdan ke\u00e7in v\u0259 risksiz oynama\u011fa ba\u015flay\u0131n.<\/p>\n\n\n\n<div style=\"text-align: center;\"><a class=\"glow-button\" href=\"#go\" data-go=\"go\">\ud83d\udcf1 Lucky Jet Oyununu y\u00fckl\u0259yin<\/a><\/div>\n\n\n\n<h2 class=\"wp-block-heading\"><span class=\"ez-toc-section\" id=\"Download_Lucky_Jet_%E2%80%93_Play_for_real_money\"><\/span>Lucky Jet y\u00fckl\u0259yin \u2013 Real pulla oynay\u0131n<span class=\"ez-toc-section-end\"><\/span><\/h2>\n\n\n\n<p>Oyundan h\u0259qiq\u0259t\u0259n h\u0259zz alma\u011f\u0131n yegan\u0259 yolu b\u00f6y\u00fck qazanma \u015fans\u0131n\u0131n olmas\u0131d\u0131r. V\u0259 Lucky Jet oyunu il\u0259 bu, m\u00fctl\u0259q m\u00fcmk\u00fcnd\u00fcr! X\u00fcsusil\u0259 sad\u0259 strategiyalar\u0131m\u0131za \u0259m\u0259l edirsinizs\u0259. Bir ne\u00e7\u0259 klikl\u0259, Lucky Joe g\u0259lirinizi \u0259h\u0259miyy\u0259tli d\u0259r\u0259c\u0259d\u0259 art\u0131rma\u011fa k\u00f6m\u0259k ed\u0259 bil\u0259r. H\u0259mi\u015f\u0259 Lucky Jet oyununa giri\u015f \u0259ld\u0259 etm\u0259k \u00fc\u00e7\u00fcn sad\u0259c\u0259 olaraq a\u015fa\u011f\u0131dak\u0131 t\u0259limatlara \u0259m\u0259l edin.<\/p>\n\n\n<div class=\"wp-block-image wp-image-40 size-full\">\n<figure class=\"aligncenter\"><a href=\"#go\" data-go=\"go\" rel=\"noreferrer noopener\"><img decoding=\"async\" width=\"439\" height=\"459\" src=\"https:\/\/luckyjet-games.com\/wp-content\/uploads\/2022\/10\/Download-Jucky-Jet.jpg\" alt=\"Lucky Jet y\u00fckl\u0259yin\" class=\"wp-image-40\" srcset=\"https:\/\/luckyjet-games.com\/wp-content\/uploads\/2022\/10\/Download-Jucky-Jet.jpg 439w, https:\/\/luckyjet-games.com\/wp-content\/uploads\/2022\/10\/Download-Jucky-Jet-287x300.jpg 287w, https:\/\/luckyjet-games.com\/wp-content\/uploads\/2022\/10\/Download-Jucky-Jet-38x40.jpg 38w, https:\/\/luckyjet-games.com\/wp-content\/uploads\/2022\/10\/Download-Jucky-Jet-31x32.jpg 31w, https:\/\/luckyjet-games.com\/wp-content\/uploads\/2022\/10\/Download-Jucky-Jet-77x80.jpg 77w, https:\/\/luckyjet-games.com\/wp-content\/uploads\/2022\/10\/Download-Jucky-Jet-129x135.jpg 129w\" sizes=\"(max-width: 439px) 100vw, 439px\" \/><\/a><figcaption class=\"wp-element-caption\">Lucky Jet y\u00fckl\u0259yin<\/figcaption><\/figure>\n<\/div>\n\n\n<h2 class=\"wp-block-heading\"><span class=\"ez-toc-section\" id=\"Download_app_on_your_Android\"><\/span>Proqram\u0131 Android-d\u0259 y\u00fckl\u0259yin<span class=\"ez-toc-section-end\"><\/span><\/h2>\n\n\n\n<p>Proqram\u0131 qura\u015fd\u0131raraq Android plan\u015fetl\u0259rind\u0259 oyuna asanl\u0131qla daxil ola bil\u0259rsiniz. Proqram\u0131 qura\u015fd\u0131rd\u0131qdan sonra oyun kataloqunda Lucky Jet axtar\u0131n. Telefondan istifad\u0259 edirsinizs\u0259, Chrome brauzerind\u0259 kazino veb sayt\u0131na daxil olun. Proqramlar\u0131 qura\u015fd\u0131rma\u011f\u0131n iki yolu var:<\/p>\n\n\n\n<h3 class=\"wp-block-heading\"><span class=\"ez-toc-section\" id=\"Follow_the_link\"><\/span>Linki izl\u0259yin:<span class=\"ez-toc-section-end\"><\/span><\/h3>\n\n\n\n<ul class=\"wp-block-list\">\n<li>&quot;M\u0259lumat&quot; a gedin;<\/li>\n\n\n\n<li>Android proqram\u0131n\u0131 se\u00e7in. Y\u00fckl\u0259m\u0259 tamamland\u0131qdan sonra &quot;Parametrl\u0259r&quot;\u0259 ke\u00e7in v\u0259 &quot;\u018ftrafl\u0131&quot; se\u00e7in. &quot;Android proqram\u0131&quot; se\u00e7in, sonra proqram\u0131n qura\u015fd\u0131r\u0131lmas\u0131n\u0131 g\u00f6zl\u0259yin.<\/li>\n\n\n\n<li>.apk fayl\u0131 y\u00fckl\u0259ndikd\u0259n sonra onu qura\u015fd\u0131r\u0131n.<\/li>\n<\/ul>\n\n\n\n<h3 class=\"wp-block-heading\"><span class=\"ez-toc-section\" id=\"Use_Chrome_menu\"><\/span>Chrome menyusundan istifad\u0259 edin:<span class=\"ez-toc-section-end\"><\/span><\/h3>\n\n\n\n<ul class=\"wp-block-list\">\n<li>Yuxar\u0131 sa\u011f k\u00fcncd\u0259ki brauzer menyusuna klikl\u0259yin. (\u00dc\u00e7 n\u00f6qt\u0259 kimi g\u00f6r\u00fcnm\u0259lidir.)<\/li>\n\n\n\n<li>&quot;T\u0259tbiqi qura\u015fd\u0131r&quot; se\u00e7in;<\/li>\n\n\n\n<li>A\u00e7\u0131lan p\u0259nc\u0259r\u0259d\u0259 &quot;Qura\u015fd\u0131r&quot; d\u00fcym\u0259sini bas\u0131n;<\/li>\n\n\n\n<li>Proqramlar siyah\u0131s\u0131nda kazino simvolu g\u00f6r\u00fcn\u0259c\u0259k.<\/li>\n<\/ul>\n\n\n<div class=\"wp-block-image wp-image-41 size-full\">\n<figure class=\"aligncenter\"><a href=\"#go\" data-go=\"go\" rel=\"noreferrer noopener\"><img decoding=\"async\" width=\"245\" height=\"467\" src=\"https:\/\/luckyjet-games.com\/wp-content\/uploads\/2022\/10\/Jucky-Jet-Download.jpg\" alt=\"Lucky Jet Y\u00fckl\u0259\" class=\"wp-image-41\" srcset=\"https:\/\/luckyjet-games.com\/wp-content\/uploads\/2022\/10\/Jucky-Jet-Download.jpg 245w, https:\/\/luckyjet-games.com\/wp-content\/uploads\/2022\/10\/Jucky-Jet-Download-157x300.jpg 157w, https:\/\/luckyjet-games.com\/wp-content\/uploads\/2022\/10\/Jucky-Jet-Download-21x40.jpg 21w, https:\/\/luckyjet-games.com\/wp-content\/uploads\/2022\/10\/Jucky-Jet-Download-17x32.jpg 17w, https:\/\/luckyjet-games.com\/wp-content\/uploads\/2022\/10\/Jucky-Jet-Download-42x80.jpg 42w, https:\/\/luckyjet-games.com\/wp-content\/uploads\/2022\/10\/Jucky-Jet-Download-71x135.jpg 71w\" sizes=\"(max-width: 245px) 100vw, 245px\" \/><\/a><figcaption class=\"wp-element-caption\">Lucky Jet Y\u00fckl\u0259<\/figcaption><\/figure>\n<\/div>\n\n\n<div style=\"text-align: center;\"><a class=\"glow-button\" href=\"#go\" data-go=\"go\">Lucky Jet oynay\u0131n<\/a><\/div>\n\n\n\n<h2 class=\"wp-block-heading\"><span class=\"ez-toc-section\" id=\"Download_for_iOS\"><\/span>iOS \u00fc\u00e7\u00fcn y\u00fckl\u0259yin<span class=\"ez-toc-section-end\"><\/span><\/h2>\n\n\n\n<p>Oyunu iPhone v\u0259 ya iPad-d\u0259 qura\u015fd\u0131rmaq \u00fc\u00e7\u00fcn Safari-d\u0259 \u0259lf\u0259cin yaratmal\u0131 v\u0259 onu \u0259sas ekrana g\u00f6nd\u0259rm\u0259lisiniz. Bunu etm\u0259k:<\/p>\n\n\n\n<ul class=\"wp-block-list\">\n<li>iPhone-da Safari-ni a\u00e7\u0131n;<\/li>\n\n\n\n<li>kazino sayt\u0131na daxil olun;<\/li>\n\n\n\n<li>&quot;A\u00e7\u0131q&quot; d\u00fcym\u0259sini bas\u0131n;<\/li>\n\n\n\n<li>&quot;\u0259sas ekran&quot; se\u00e7in;<\/li>\n\n\n\n<li>kazino simvolu telefonun \u0259sas ekran\u0131nda g\u00f6r\u00fcn\u0259c\u0259k.<\/li>\n<\/ul>\n\n\n\n<h2 class=\"wp-block-heading\"><span class=\"ez-toc-section\" id=\"Play_Lucky_Jet_game_on_your_computer\"><\/span>Lucky Jet oyununu komp\u00fcterinizd\u0259 oynay\u0131n<span class=\"ez-toc-section-end\"><\/span><\/h2>\n\n\n\n<p>Oyun yaln\u0131z Windows v\u0259 MacOS \u00fc\u00e7\u00fcn veb versiyas\u0131 olaraq m\u00f6vcuddur. Oyun h\u0259mi\u015f\u0259 1win veb sayt\u0131n\u0131n oyun kolleksiyas\u0131nda tap\u0131la bil\u0259r. Oyununuz haqq\u0131nda d\u0259rhal r\u0259y \u0259ld\u0259 etm\u0259k \u00fc\u00e7\u00fcn sayt\u0131 i\u015far\u0259l\u0259m\u0259yi unutmay\u0131n!<\/p>\n\n\n<div class=\"wp-block-image wp-image-42 size-full\">\n<figure class=\"aligncenter\"><a href=\"#go\" data-go=\"go\" rel=\"noreferrer noopener\"><img decoding=\"async\" width=\"694\" height=\"427\" src=\"https:\/\/luckyjet-games.com\/wp-content\/uploads\/2022\/10\/Play-Jucky-Jet-Game.jpg\" alt=\"Lucky Jet Oyununu Oynay\u0131n\" class=\"wp-image-42\" srcset=\"https:\/\/luckyjet-games.com\/wp-content\/uploads\/2022\/10\/Play-Jucky-Jet-Game.jpg 694w, https:\/\/luckyjet-games.com\/wp-content\/uploads\/2022\/10\/Play-Jucky-Jet-Game-300x185.jpg 300w, https:\/\/luckyjet-games.com\/wp-content\/uploads\/2022\/10\/Play-Jucky-Jet-Game-65x40.jpg 65w, https:\/\/luckyjet-games.com\/wp-content\/uploads\/2022\/10\/Play-Jucky-Jet-Game-52x32.jpg 52w, https:\/\/luckyjet-games.com\/wp-content\/uploads\/2022\/10\/Play-Jucky-Jet-Game-130x80.jpg 130w, https:\/\/luckyjet-games.com\/wp-content\/uploads\/2022\/10\/Play-Jucky-Jet-Game-219x135.jpg 219w\" sizes=\"(max-width: 694px) 100vw, 694px\" \/><\/a><figcaption class=\"wp-element-caption\">Lucky Jet Oyununu Oynay\u0131n<\/figcaption><\/figure>\n<\/div>\n\n\n<div style=\"text-align: center;\"><a class=\"glow-button\" href=\"#go\" data-go=\"go\">Mobild\u0259n Lucky Jet oynay\u0131n<\/a><\/div>\n\n\n\n<h2 class=\"wp-block-heading\"><span class=\"ez-toc-section\" id=\"Conclusion\"><\/span>N\u0259tic\u0259<span class=\"ez-toc-section-end\"><\/span><\/h2>\n\n\n\n<p>Lucky Jet daxil olmaq asan v\u0259 ist\u0259nil\u0259n cihazda oynana bil\u0259n bir oyundur. Siz\u0259 laz\u0131m olan yegan\u0259 \u015fey brauzerdir. \u018fg\u0259r real pulla oynamaq ist\u0259yirsinizs\u0259, sad\u0259c\u0259 proqram\u0131 y\u00fckl\u0259yin v\u0259 ya veb versiyas\u0131n\u0131 komp\u00fcterinizd\u0259 istifad\u0259 edin. Bir az \u015fansla, Lucky Jet siz\u0259 ciddi qazanc \u0259ld\u0259 etm\u0259y\u0259 k\u00f6m\u0259k ed\u0259 bil\u0259r!<\/p>\n<div class=\"author-card author-card--top\"><img alt='Avatar \u015f\u0259kli' src='https:\/\/luckyjet-games.com\/wp-content\/uploads\/2023\/03\/Chris-Hodge-130x130.jpg' srcset='https:\/\/luckyjet-games.com\/wp-content\/uploads\/2023\/03\/Chris-Hodge-260x260.jpg 2x' class='avatar avatar-130 photo author-image' height='130' width='130' \/><div class=\"author-content text-md-center\"><span class=\"author-title\">M\u00fc\u0259llif<\/span><a href=\"https:\/\/luckyjet-games.com\/az\/author\/chris-hodge\/\" class=\"author-name\">Chris Hodge<\/a><p class=\"author__details\">Chris Hodge qumar oyunlar\u0131 \u00fczr\u0259 m\u00fct\u0259x\u0259ssisdir. O, 10 ild\u0259n \u00e7oxdur ki, kazino oyunlar\u0131 oynay\u0131r v\u0259 \u00f6yr\u0259nir. Bu m\u00fcdd\u0259t \u0259rzind\u0259 o, kazinodak\u0131 h\u0259r oyunun arxas\u0131nda duran strategiyalar v\u0259 mexanika haqq\u0131nda intim anlay\u0131\u015f inki\u015faf etdirdi.<br \/>\r\n<br \/>\r\nChris-in biliyi v\u0259 t\u0259cr\u00fcb\u0259si ona bir ne\u00e7\u0259 \u0259n yax\u015f\u0131 qumar n\u0259\u015frl\u0259rinin m\u00fcnt\u0259z\u0259m i\u015ftirak\u00e7\u0131s\u0131 kimi yer qazand\u0131rd\u0131. O, h\u0259m\u00e7inin tez-tez yeni oyunlar v\u0259 promosyonlar haqq\u0131nda ekspert m\u0259sl\u0259h\u0259tl\u0259ri verm\u0259k \u00fc\u00e7\u00fcn kazinolar t\u0259r\u0259find\u0259n \u00e7a\u011f\u0131r\u0131l\u0131r.<\/p><\/div><!-- \/.author-content --><\/div>","protected":false},"excerpt":{"rendered":"<p>1Win Casino-da Lucky Jet oynay\u0131n Lucky Jet oyununu oynama\u011fa ba\u015flamaq \u00e7ox sad\u0259dir. Oyun Android, iOS v\u0259 Windows v\u0259 ya MacOS \u00fc\u00e7\u00fcn \u0259l\u00e7atan olacaq. Lucky Jet yaln\u0131z bir brauzer oyunudur, onu he\u00e7 bir proqram ma\u011fazas\u0131nda tapa bilm\u0259zsiniz. Bu, Apple-\u0131n AppStore v\u0259 Google-un Play Store-u il\u0259 \u0259laq\u0259dard\u0131r [\u2026]<\/p>","protected":false},"author":2,"featured_media":0,"parent":0,"menu_order":0,"comment_status":"closed","ping_status":"closed","template":"page-no-sidebar.php","meta":{"_acf_changed":false,"footnotes":""},"class_list":["post-27","page","type-page","status-publish","hentry"],"acf":[],"yoast_head":"<!-- This site is optimized with the Yoast SEO plugin v26.7 - https:\/\/yoast.com\/wordpress\/plugins\/seo\/ -->\n<title>How to Download Lucky Jet App: Android, iPhone, Windows or Mac<\/title>\n<meta name=\"description\" content=\"How to download Lucky Jet App for Android, iPhone, Windows or Mac. Download Lucky Jet 1win casino game on your smartphone \ud83d\ude80 How to Install Lucky Jet apk\" \/>\n<meta name=\"robots\" content=\"index, follow, max-snippet:-1, max-image-preview:large, max-video-preview:-1\" \/>\n<link rel=\"canonical\" href=\"https:\/\/luckyjet-games.com\/az\/download-lucky-jet-app\/\" \/>\n<meta property=\"og:locale\" content=\"az_AZ\" \/>\n<meta property=\"og:type\" content=\"article\" \/>\n<meta property=\"og:title\" content=\"How to Download Lucky Jet App: Android, iPhone, Windows or Mac\" \/>\n<meta property=\"og:description\" content=\"How to download Lucky Jet App for Android, iPhone, Windows or Mac. Download Lucky Jet 1win casino game on your smartphone \ud83d\ude80 How to Install Lucky Jet apk\" \/>\n<meta property=\"og:url\" content=\"https:\/\/luckyjet-games.com\/az\/download-lucky-jet-app\/\" \/>\n<meta property=\"og:site_name\" content=\"Lucky Jet Games\" \/>\n<meta property=\"article:modified_time\" content=\"2024-03-12T18:02:22+00:00\" \/>\n<meta property=\"og:image\" content=\"https:\/\/luckyjet-games.com\/wp-content\/uploads\/2022\/10\/Jucky-Jet-App.jpg\" \/>\n<meta name=\"twitter:card\" content=\"summary_large_image\" \/>\n<meta name=\"twitter:label1\" content=\"Est. reading time\" \/>\n\t<meta name=\"twitter:data1\" content=\"4 minutes\" \/>\n<!-- \/ Yoast SEO plugin. -->","yoast_head_json":{"title":"Lucky Jet T\u0259tbiqini nec\u0259 y\u00fckl\u0259m\u0259k olar: Android, iPhone, Windows v\u0259 ya Mac","description":"Android, iPhone, Windows v\u0259 ya Mac \u00fc\u00e7\u00fcn Lucky Jet T\u0259tbiqini nec\u0259 y\u00fckl\u0259m\u0259k olar. Lucky Jet 1win kazino oyununu smartfonunuza y\u00fckl\u0259yin \ud83d\ude80 Lucky Jet apk-n\u0131 nec\u0259 qura\u015fd\u0131rmaq olar","robots":{"index":"index","follow":"follow","max-snippet":"max-snippet:-1","max-image-preview":"max-image-preview:large","max-video-preview":"max-video-preview:-1"},"canonical":"https:\/\/luckyjet-games.com\/az\/download-lucky-jet-app\/","og_locale":"az_AZ","og_type":"article","og_title":"How to Download Lucky Jet App: Android, iPhone, Windows or Mac","og_description":"How to download Lucky Jet App for Android, iPhone, Windows or Mac. Download Lucky Jet 1win casino game on your smartphone \ud83d\ude80 How to Install Lucky Jet apk","og_url":"https:\/\/luckyjet-games.com\/az\/download-lucky-jet-app\/","og_site_name":"Lucky Jet Games","article_modified_time":"2024-03-12T18:02:22+00:00","og_image":[{"url":"https:\/\/luckyjet-games.com\/wp-content\/uploads\/2022\/10\/Jucky-Jet-App.jpg","type":"","width":"","height":""}],"twitter_card":"summary_large_image","twitter_misc":{"Est. reading time":"4 minutes"},"schema":{"@context":"https:\/\/schema.org","@graph":[{"@type":"WebPage","@id":"https:\/\/luckyjet-games.com\/download-lucky-jet-app\/","url":"https:\/\/luckyjet-games.com\/download-lucky-jet-app\/","name":"Lucky Jet T\u0259tbiqini nec\u0259 y\u00fckl\u0259m\u0259k olar: Android, iPhone, Windows v\u0259 ya Mac","isPartOf":{"@id":"https:\/\/luckyjet-games.com\/de\/#website"},"primaryImageOfPage":{"@id":"https:\/\/luckyjet-games.com\/download-lucky-jet-app\/#primaryimage"},"image":{"@id":"https:\/\/luckyjet-games.com\/download-lucky-jet-app\/#primaryimage"},"thumbnailUrl":"https:\/\/luckyjet-games.com\/wp-content\/uploads\/2022\/10\/Jucky-Jet-App.jpg","datePublished":"2022-10-07T14:43:44+00:00","dateModified":"2024-03-12T18:02:22+00:00","description":"Android, iPhone, Windows v\u0259 ya Mac \u00fc\u00e7\u00fcn Lucky Jet T\u0259tbiqini nec\u0259 y\u00fckl\u0259m\u0259k olar. Lucky Jet 1win kazino oyununu smartfonunuza y\u00fckl\u0259yin \ud83d\ude80 Lucky Jet apk-n\u0131 nec\u0259 qura\u015fd\u0131rmaq olar","breadcrumb":{"@id":"https:\/\/luckyjet-games.com\/download-lucky-jet-app\/#breadcrumb"},"inLanguage":"az","potentialAction":[{"@type":"ReadAction","target":["https:\/\/luckyjet-games.com\/download-lucky-jet-app\/"]}]},{"@type":"ImageObject","inLanguage":"az","@id":"https:\/\/luckyjet-games.com\/download-lucky-jet-app\/#primaryimage","url":"https:\/\/luckyjet-games.com\/wp-content\/uploads\/2022\/10\/Jucky-Jet-App.jpg","contentUrl":"https:\/\/luckyjet-games.com\/wp-content\/uploads\/2022\/10\/Jucky-Jet-App.jpg"},{"@type":"BreadcrumbList","@id":"https:\/\/luckyjet-games.com\/download-lucky-jet-app\/#breadcrumb","itemListElement":[{"@type":"ListItem","position":1,"name":"Home","item":"https:\/\/luckyjet-games.com\/"},{"@type":"ListItem","position":2,"name":"How to Download Lucky Jet App"}]},{"@type":"WebSite","@id":"https:\/\/luckyjet-games.com\/de\/#website","url":"https:\/\/luckyjet-games.com\/de\/","name":"Lucky Jet Oyunlar\u0131","description":"","publisher":{"@id":"https:\/\/luckyjet-games.com\/de\/#organization"},"potentialAction":[{"@type":"SearchAction","target":{"@type":"EntryPoint","urlTemplate":"https:\/\/luckyjet-games.com\/de\/?s={search_term_string}"},"query-input":{"@type":"PropertyValueSpecification","valueRequired":true,"valueName":"search_term_string"}}],"inLanguage":"az"},{"@type":"Organization","@id":"https:\/\/luckyjet-games.com\/de\/#organization","name":"Lucky Jet Oyunlar\u0131","url":"https:\/\/luckyjet-games.com\/de\/","logo":{"@type":"ImageObject","inLanguage":"az","@id":"https:\/\/luckyjet-games.com\/de\/#\/schema\/logo\/image\/","url":"https:\/\/luckyjet-games.com\/wp-content\/uploads\/2022\/10\/Lucky-Jet-Game.png","contentUrl":"https:\/\/luckyjet-games.com\/wp-content\/uploads\/2022\/10\/Lucky-Jet-Game.png","width":711,"height":599,"caption":"Lucky Jet Games"},"image":{"@id":"https:\/\/luckyjet-games.com\/de\/#\/schema\/logo\/image\/"}}]}},"_links":{"self":[{"href":"https:\/\/luckyjet-games.com\/az\/wp-json\/wp\/v2\/pages\/27","targetHints":{"allow":["GET"]}}],"collection":[{"href":"https:\/\/luckyjet-games.com\/az\/wp-json\/wp\/v2\/pages"}],"about":[{"href":"https:\/\/luckyjet-games.com\/az\/wp-json\/wp\/v2\/types\/page"}],"author":[{"embeddable":true,"href":"https:\/\/luckyjet-games.com\/az\/wp-json\/wp\/v2\/users\/2"}],"replies":[{"embeddable":true,"href":"https:\/\/luckyjet-games.com\/az\/wp-json\/wp\/v2\/comments?post=27"}],"version-history":[{"count":0,"href":"https:\/\/luckyjet-games.com\/az\/wp-json\/wp\/v2\/pages\/27\/revisions"}],"wp:attachment":[{"href":"https:\/\/luckyjet-games.com\/az\/wp-json\/wp\/v2\/media?parent=27"}],"curies":[{"name":"wp","href":"https:\/\/api.w.org\/{rel}","templated":true}]}}