{"id":16,"date":"2022-10-07T12:25:17","date_gmt":"2022-10-07T12:25:17","guid":{"rendered":"https:\/\/luckyjet-games.com\/?page_id=16"},"modified":"2024-03-12T18:08:58","modified_gmt":"2024-03-12T18:08:58","slug":"reviews-of-players-about-lucky-jet-game","status":"publish","type":"page","link":"https:\/\/luckyjet-games.com\/az\/reviews-lucky-jet-game\/","title":{"rendered":"Lucky Jet Oyunu haqq\u0131nda oyun\u00e7ular\u0131n r\u0259yl\u0259ri"},"content":{"rendered":"<p>Veb sayt\u0131m\u0131z m\u00fcxt\u0259lif r\u0259qab\u0259tli oyun\u00e7ular\u0131n d\u0259qiq v\u0259 d\u0259rin r\u0259yl\u0259rini t\u0259qdim edir <a href=\"https:\/\/luckyjet-games.com\/az\/\">oyun Lucky Jet<\/a>.<\/p>\n<div style=\"text-align: center;\"><a class=\"glow-button\" href=\"#go\" data-go=\"go\">Lucky Jet Oyununu Oynay\u0131n<\/a><\/div>\n<div id=\"attachment_33\" style=\"width: 994px\" class=\"wp-caption aligncenter\"><a href=\"#go\" data-go=\"go\"><img decoding=\"async\" aria-describedby=\"caption-attachment-33\" class=\"wp-image-33 size-large\" title=\"Lucky Jet r\u0259yl\u0259ri\" src=\"https:\/\/luckyjet-games.com\/wp-content\/uploads\/2022\/10\/Jucky-Jet-Game-1024x532.jpg\" alt=\"Lucky Jet r\u0259yl\u0259ri\" width=\"994\" height=\"516\" srcset=\"https:\/\/luckyjet-games.com\/wp-content\/uploads\/2022\/10\/Jucky-Jet-Game-1024x532.jpg 1024w, https:\/\/luckyjet-games.com\/wp-content\/uploads\/2022\/10\/Jucky-Jet-Game-300x156.jpg 300w, https:\/\/luckyjet-games.com\/wp-content\/uploads\/2022\/10\/Jucky-Jet-Game-768x399.jpg 768w, https:\/\/luckyjet-games.com\/wp-content\/uploads\/2022\/10\/Jucky-Jet-Game-77x40.jpg 77w, https:\/\/luckyjet-games.com\/wp-content\/uploads\/2022\/10\/Jucky-Jet-Game-62x32.jpg 62w, https:\/\/luckyjet-games.com\/wp-content\/uploads\/2022\/10\/Jucky-Jet-Game-154x80.jpg 154w, https:\/\/luckyjet-games.com\/wp-content\/uploads\/2022\/10\/Jucky-Jet-Game-260x135.jpg 260w, https:\/\/luckyjet-games.com\/wp-content\/uploads\/2022\/10\/Jucky-Jet-Game.jpg 1089w\" sizes=\"(max-width: 994px) 100vw, 994px\" \/><\/a><p id=\"caption-attachment-33\" class=\"wp-caption-text\">Lucky Jet r\u0259yl\u0259ri<\/p><\/div>\n        <section class=\"sc_fs_faq sc_card\">\n            <div>\n\t\t\t\t<div id=\"ez-toc-container\" class=\"ez-toc-v2_0_75 counter-hierarchy ez-toc-counter ez-toc-grey ez-toc-container-direction\">\n<div class=\"ez-toc-title-container\">\n<p class=\"ez-toc-title\" style=\"cursor:inherit\">M\u00fcnd\u0259ricat<\/p>\n<span class=\"ez-toc-title-toggle\"><a href=\"#\" class=\"ez-toc-pull-right ez-toc-btn ez-toc-btn-xs ez-toc-btn-default ez-toc-toggle\" aria-label=\"M\u0259zmun C\u0259dv\u0259lini d\u0259yi\u015fin\"><span class=\"ez-toc-js-icon-con\"><span class=\"\"><span class=\"eztoc-hide\" style=\"display:none;\">D\u0259yi\u015fdirin<\/span><span class=\"ez-toc-icon-toggle-span\"><svg style=\"fill: #999;color:#999\" xmlns=\"http:\/\/www.w3.org\/2000\/svg\" class=\"list-377408\" width=\"20px\" height=\"20px\" viewbox=\"0 0 24 24\" fill=\"none\"><path d=\"M6 6H4v2h2V6zm14 0H8v2h12V6zM4 11h2v2H4v-2zm16 0H8v2h12v-2zM4 16h2v2H4v-2zm16 0H8v2h12v-2z\" fill=\"currentColor\"><\/path><\/svg><svg style=\"fill: #999;color:#999\" class=\"arrow-unsorted-368013\" xmlns=\"http:\/\/www.w3.org\/2000\/svg\" width=\"10px\" height=\"10px\" viewbox=\"0 0 24 24\" version=\"1.2\" baseprofile=\"tiny\"><path d=\"M18.2 9.3l-6.2-6.3-6.2 6.3c-.2.2-.3.4-.3.7s.1.5.3.7c.2.2.4.3.7.3h11c.3 0 .5-.1.7-.3.2-.2.3-.5.3-.7s-.1-.5-.3-.7zM5.8 14.7l6.2 6.3 6.2-6.3c.2-.2.3-.5.3-.7s-.1-.5-.3-.7c-.2-.2-.4-.3-.7-.3h-11c-.3 0-.5.1-.7.3-.2.2-.3.5-.3.7s.1.5.3.7z\"\/><\/svg><\/span><\/span><\/span><\/a><\/span><\/div>\n<nav><ul class='ez-toc-list ez-toc-list-level-1 eztoc-toggle-hide-by-default' ><li class='ez-toc-page-1 ez-toc-heading-level-3'><a class=\"ez-toc-link ez-toc-heading-1\" href=\"https:\/\/luckyjet-games.com\/az\/reviews-lucky-jet-game\/#Max\" >Maks<\/a><\/li><li class='ez-toc-page-1 ez-toc-heading-level-3'><a class=\"ez-toc-link ez-toc-heading-2\" href=\"https:\/\/luckyjet-games.com\/az\/reviews-lucky-jet-game\/#Maria\" >Maria<\/a><\/li><li class='ez-toc-page-1 ez-toc-heading-level-3'><a class=\"ez-toc-link ez-toc-heading-3\" href=\"https:\/\/luckyjet-games.com\/az\/reviews-lucky-jet-game\/#Andrew\" >Andrew<\/a><\/li><li class='ez-toc-page-1 ez-toc-heading-level-3'><a class=\"ez-toc-link ez-toc-heading-4\" href=\"https:\/\/luckyjet-games.com\/az\/reviews-lucky-jet-game\/#Sam\" >Sam<\/a><\/li><li class='ez-toc-page-1 ez-toc-heading-level-3'><a class=\"ez-toc-link ez-toc-heading-5\" href=\"https:\/\/luckyjet-games.com\/az\/reviews-lucky-jet-game\/#Linda\" >Linda<\/a><\/li><li class='ez-toc-page-1 ez-toc-heading-level-3'><a class=\"ez-toc-link ez-toc-heading-6\" href=\"https:\/\/luckyjet-games.com\/az\/reviews-lucky-jet-game\/#George\" >George<\/a><\/li><li class='ez-toc-page-1 ez-toc-heading-level-3'><a class=\"ez-toc-link ez-toc-heading-7\" href=\"https:\/\/luckyjet-games.com\/az\/reviews-lucky-jet-game\/#John\" >John<\/a><\/li><li class='ez-toc-page-1 ez-toc-heading-level-3'><a class=\"ez-toc-link ez-toc-heading-8\" href=\"https:\/\/luckyjet-games.com\/az\/reviews-lucky-jet-game\/#Mary\" >M\u0259ry\u0259m<\/a><\/li><\/ul><\/nav><\/div>\n<h3><span class=\"ez-toc-section\" id=\"Max\"><\/span>Maks<span class=\"ez-toc-section-end\"><\/span><\/h3>                <div>\n\t\t\t\t\t                    <p>\n\t\t\t\t\t\tM\u0259n Lucky Jet-nin b\u00f6y\u00fck p\u0259r\u0259sti\u015fkar\u0131yam. \u018fvv\u0259ll\u0259r Aviator v\u0259 Crash oynad\u0131m. Birincid\u0259 sovetl\u0259r\u0259 xas bir \u015fey var, m\u0259nc\u0259. V\u0259t\u0259np\u0259rv\u0259rlik oyunlar\u0131n\u0131n p\u0259r\u0259sti\u015fkarlar\u0131 ona ged\u0259n yolda yar\u0131ya b\u00f6l\u00fcn\u00fcr. Oyun \u00f6z t\u0259bi\u0259tin\u0259 g\u00f6r\u0259 olduqca ba\u015fa d\u00fc\u015f\u00fcl\u0259ndir.                    <\/p>\n                <\/div>\n            <\/div>\n        <\/section>\n\t\t        <section class=\"sc_fs_faq sc_card\">\n            <div>\n\t\t\t\t<h3><span class=\"ez-toc-section\" id=\"Maria\"><\/span>Maria<span class=\"ez-toc-section-end\"><\/span><\/h3>                <div>\n\t\t\t\t\t                    <p>\n\t\t\t\t\t\tD\u00fc\u015f\u00fcn\u00fcr\u0259m ki, Lucky Jet q\u0259za oyunlar\u0131n\u0131n \u0259n yax\u015f\u0131 x\u00fcsusiyy\u0259ti alqoritmdir. M\u0259n real pulla oynama\u011fa ba\u015flamazdan \u0259vv\u0259l bir ne\u00e7\u0259 d\u0259f\u0259 qanuniliyini h\u0259rt\u0259r\u0259fli yoxlad\u0131m. B\u00fct\u00fcn s\u00fcbutlar uy\u011fun g\u0259lir, he\u00e7 bir aldatma yoxdur.                    <\/p>\n                <\/div>\n            <\/div>\n        <\/section>\n\t\t        <section class=\"sc_fs_faq sc_card\">\n            <div>\n\t\t\t\t<h3><span class=\"ez-toc-section\" id=\"Andrew\"><\/span>Andrew<span class=\"ez-toc-section-end\"><\/span><\/h3>                <div>\n\t\t\t\t\t                    <p>\n\t\t\t\t\t\tBu m\u0259nim sevimli oyunumdur. Bununla \u00e7ox pul qazana bil\u0259r\u0259m v\u0259 \u00e7ox s\u0259y g\u00f6st\u0259rm\u0259m\u0259liy\u0259m.                    <\/p>\n                <\/div>\n            <\/div>\n        <\/section>\n\t\t        <section class=\"sc_fs_faq sc_card\">\n            <div>\n\t\t\t\t<h3><span class=\"ez-toc-section\" id=\"Sam\"><\/span>Sam<span class=\"ez-toc-section-end\"><\/span><\/h3>                <div>\n\t\t\t\t\t                    <p>\n\t\t\t\t\t\tQ\u0259rib\u0259 bir \u015fey hiss etdim, amma uzun m\u00fcdd\u0259tdir ki, oynay\u0131ram. \u00c7ox vaxt, Lucky Jet-d\u0259 m\u0259n qalib g\u0259lir\u0259m. Oyun\u00e7ular\u0131n reytinql\u0259rin\u0259 baxanda g\u00f6r\u00fcr\u0259m ki, Lucky Joe havaya qalxana q\u0259d\u0259r 20-30 n\u0259f\u0259rin yar\u0131dan \u00e7oxu pullar\u0131n\u0131 \u00e7\u0131xara bilir. Kims\u0259 ikiqat m\u0259bl\u0259\u011f qazan\u0131r; kims\u0259 on qat art\u0131q qalib g\u0259lir; h\u0259l\u0259 \u00e7ox yayg\u0131n deyil. X2 v\u0259 ya x3 m\u0259rc ed\u0259n bir \u00e7ox oyun\u00e7u dem\u0259k olar ki, h\u0259mi\u015f\u0259 qazanc \u0259ld\u0259 edir. M\u0259n\u0259 \u00e7ox \u015fey deyir.                    <\/p>\n                <\/div>\n            <\/div>\n        <\/section>\n\t\t        <section class=\"sc_fs_faq sc_card\">\n            <div>\n\t\t\t\t<h3><span class=\"ez-toc-section\" id=\"Linda\"><\/span>Linda<span class=\"ez-toc-section-end\"><\/span><\/h3>                <div>\n\t\t\t\t\t                    <p>\n\t\t\t\t\t\tBu oyunu sevir\u0259m. Oynamaq asand\u0131r v\u0259 m\u00fckafatlar b\u00f6y\u00fckd\u00fcr.                    <\/p>\n                <\/div>\n            <\/div>\n        <\/section>\n\t\t        <section class=\"sc_fs_faq sc_card\">\n            <div>\n\t\t\t\t<h3><span class=\"ez-toc-section\" id=\"George\"><\/span>George<span class=\"ez-toc-section-end\"><\/span><\/h3>                <div>\n\t\t\t\t\t                    <p>\n\t\t\t\t\t\tM\u0259n kazino oyunlar\u0131 \u00fc\u00e7\u00fcn m\u0259rc strategiyalar\u0131 haqq\u0131nda bir \u00e7ox m\u0259qal\u0259 oxudum. M\u0259n taktika v\u0259 strategiyan\u0131 \u00f6z oyunuma t\u0259tbiq etdim, amma sonda \u0259vv\u0259lkind\u0259n daha \u00e7ox pul itirdim. \u0130st\u0259nil\u0259n oyunda h\u0259r zaman diqq\u0259tli v\u0259 x\u0259b\u0259rdar olmaq laz\u0131md\u0131r. \u0130st\u0259diyiniz strategiyadan istifad\u0259 ed\u0259 bil\u0259rsiniz, amma sonda n\u0259zar\u0259td\u0259 olan t\u0259k sizsiniz. Sad\u0259 bir misal: M\u0259n b\u00f6y\u00fck m\u0259rc ed\u0259rk\u0259n x1.1 \u0259msaldan istifad\u0259 etdim v\u0259 qazand\u0131\u011f\u0131m t\u0259qdird\u0259 h\u0259min m\u0259bl\u0259\u011fin 1 qat\u0131na avtomatik pul \u00e7\u0131xarma\u011f\u0131 proqramla\u015fd\u0131rd\u0131m. T\u0259s\u0259vv\u00fcr edin ki, \u0259msal \u00fc\u00e7 d\u0259f\u0259 ard\u0131c\u0131l olaraq 1-\u0259 u\u00e7anda m\u0259nim t\u0259\u0259cc\u00fcbl\u0259ndim! 300 dollar itirdim. M\u0259lum olub ki, alqoritm tez-tez h\u0259dd\u0259n art\u0131q y\u00fcks\u0259k riskl\u0259r\u0259 m\u0259ruz qalanlar\u0131 ba\u011flay\u0131r. Sonra \u00f6z taleyim\u0259 n\u0259zar\u0259t etm\u0259k q\u0259rar\u0131na g\u0259ldim. Ne\u00e7\u0259 ay idi ki, ard\u0131c\u0131l olaraq pul qazan\u0131rd\u0131m. Ancaq - ay\u0131q qal\u0131n v\u0259 ehtiyatla oynay\u0131n.                    <\/p>\n                <\/div>\n            <\/div>\n        <\/section>\n\t\t        <section class=\"sc_fs_faq sc_card\">\n            <div>\n\t\t\t\t<h3><span class=\"ez-toc-section\" id=\"John\"><\/span>John<span class=\"ez-toc-section-end\"><\/span><\/h3>                <div>\n\t\t\t\t\t                    <p>\n\t\t\t\t\t\tLucky Jet-nin strategiyalar\u0131 v\u0259 m\u0259sl\u0259h\u0259tl\u0259ri haqq\u0131nda oxuduqdan sonra onu onlayn kazinoda s\u0131namaq q\u0259rar\u0131na g\u0259ldim. M\u0259n oyunu oynamaq \u00fc\u00e7\u00fcn \u00e7ox asan tapd\u0131m v\u0259 onunla \u00e7oxlu pul qazand\u0131m. M\u0259n pul qazanma\u011f\u0131n asan yolunu axtaran h\u0259r k\u0259s\u0259 bu oyunu m\u00fctl\u0259q t\u00f6vsiy\u0259 ed\u0259rdim.                    <\/p>\n                <\/div>\n            <\/div>\n        <\/section>\n\t\t        <section class=\"sc_fs_faq sc_card\">\n            <div>\n\t\t\t\t<h3><span class=\"ez-toc-section\" id=\"Mary\"><\/span>M\u0259ry\u0259m<span class=\"ez-toc-section-end\"><\/span><\/h3>                <div>\n\t\t\t\t\t                    <p>\n\t\t\t\t\t\tM\u0259n 1Win onlayn kazinoda Lucky Jet oynad\u0131m v\u0259 bununla \u00e7ox pul qazand\u0131m. M\u0259n \u00fcr\u0259kd\u0259n bu oyunu bir az pul qazanma\u011f\u0131n asan bir \u00fcsulunu axtaran h\u0259r k\u0259s\u0259 t\u00f6vsiy\u0259 edir\u0259m.                    <\/p>\n                <\/div>\n            <\/div>\n        <\/section>\n\t\t\n<script type=\"application\/ld+json\">{\n    \"@context\": \"https:\\\/\\\/schema.org\",\n    \"@type\": \"FAQPage\",\n    \"mainEntity\": [\n        {\n            \"@type\": \"Question\",\n            \"name\": \"Max\",\n            \"acceptedAnswer\": {\n                \"@type\": \"Answer\",\n                \"text\": \"I'm a big fan of Lucky Jet. I previously played Aviator and Crash. There's something Soviet about the first one, I believe. Fans of patriotic games are sliced in half on the road to it. The game is quite grasping in its nature.\"\n            }\n        },\n        {\n            \"@type\": \"Question\",\n            \"name\": \"Maria\",\n            \"acceptedAnswer\": {\n                \"@type\": \"Answer\",\n                \"text\": \"I think that the best feature of Lucky Jet crash games is the algorithm. I thoroughly checked it for legitimacy several times before committing to playing with real money. All proof matches up there's no cheating going on.\"\n            }\n        },\n        {\n            \"@type\": \"Question\",\n            \"name\": \"Andrew\",\n            \"acceptedAnswer\": {\n                \"@type\": \"Answer\",\n                \"text\": \"This is my favorite game. I can make a lot of money with it and I don't have to put in much effort.\"\n            }\n        },\n        {\n            \"@type\": \"Question\",\n            \"name\": \"Sam\",\n            \"acceptedAnswer\": {\n                \"@type\": \"Answer\",\n                \"text\": \"I noticed something odd, but I've been playing for a long time. The majority of the time, at Lucky Jet, I win. When I look at the ratings of players, I see that more than half of 20-30 people are able to withdraw their money before Lucky Joe takes off. Someone wins a double amount; someone wins ten times more; yet it's not very common. Many players who wager x2 or x3 are almost always in profits. It says much to me.\"\n            }\n        },\n        {\n            \"@type\": \"Question\",\n            \"name\": \"Linda\",\n            \"acceptedAnswer\": {\n                \"@type\": \"Answer\",\n                \"text\": \"I love this game. It's easy to play and the rewards are great.\"\n            }\n        },\n        {\n            \"@type\": \"Question\",\n            \"name\": \"George\",\n            \"acceptedAnswer\": {\n                \"@type\": \"Answer\",\n                \"text\": \"I read a ton of articles on betting strategies for casino games. I applied the tactics and strategy to my own playing, but ended up losing more money than I ever have before. In any game, you need to be cautious and aware at all times. You can use whatever strategy you want, but in the end, you are the only one who is in control. A simple example: I used x1.1 odds when making a big bet and programmed the automatic withdrawal for 1x that amount if I won . Imagine my surprise when the coefficient flew out at 1 three times in a row! I lost 300 bucks. It turns out that the algorithm frequently shuts off those who linger on it at excessively high stakes. Then I decided to take control of my own destiny. For many months, I was making money in a row. But - stay alert and play cautiously.\"\n            }\n        },\n        {\n            \"@type\": \"Question\",\n            \"name\": \"John\",\n            \"acceptedAnswer\": {\n                \"@type\": \"Answer\",\n                \"text\": \"After reading about the strategies and tips of Lucky Jet, I decided to try it out in an online casino. I found the game to be very easy to play and I won a lot of money with it. I would definitely recommend this game to anyone who is looking for an easy way to make money.\"\n            }\n        },\n        {\n            \"@type\": \"Question\",\n            \"name\": \"Mary\",\n            \"acceptedAnswer\": {\n                \"@type\": \"Answer\",\n                \"text\": \"I played Lucky Jet at an 1Win online casino and I made a lot of money doing so. I wholeheartedly recommend this game to anyone seeking an effortless method of making some cash.\"\n            }\n        }\n    ]\n}<\/script>\n\n<div class=\"author-card author-card--top\"><img alt='Avatar \u015f\u0259kli' src='https:\/\/luckyjet-games.com\/wp-content\/uploads\/2023\/03\/Chris-Hodge-130x130.jpg' srcset='https:\/\/luckyjet-games.com\/wp-content\/uploads\/2023\/03\/Chris-Hodge-260x260.jpg 2x' class='avatar avatar-130 photo author-image' height='130' width='130' \/><div class=\"author-content text-md-center\"><span class=\"author-title\">M\u00fc\u0259llif<\/span><a href=\"https:\/\/luckyjet-games.com\/az\/author\/chris-hodge\/\" class=\"author-name\">Chris Hodge<\/a><p class=\"author__details\">Chris Hodge qumar oyunlar\u0131 \u00fczr\u0259 m\u00fct\u0259x\u0259ssisdir. O, 10 ild\u0259n \u00e7oxdur ki, kazino oyunlar\u0131 oynay\u0131r v\u0259 \u00f6yr\u0259nir. Bu m\u00fcdd\u0259t \u0259rzind\u0259 o, kazinodak\u0131 h\u0259r oyunun arxas\u0131nda duran strategiyalar v\u0259 mexanika haqq\u0131nda intim anlay\u0131\u015f inki\u015faf etdirdi.<br \/>\r\n<br \/>\r\nChris-in biliyi v\u0259 t\u0259cr\u00fcb\u0259si ona bir ne\u00e7\u0259 \u0259n yax\u015f\u0131 qumar n\u0259\u015frl\u0259rinin m\u00fcnt\u0259z\u0259m i\u015ftirak\u00e7\u0131s\u0131 kimi yer qazand\u0131rd\u0131. O, h\u0259m\u00e7inin tez-tez yeni oyunlar v\u0259 promosyonlar haqq\u0131nda ekspert m\u0259sl\u0259h\u0259tl\u0259ri verm\u0259k \u00fc\u00e7\u00fcn kazinolar t\u0259r\u0259find\u0259n \u00e7a\u011f\u0131r\u0131l\u0131r.<\/p><\/div><!-- \/.author-content --><\/div>","protected":false},"excerpt":{"rendered":"<p>Veb sayt\u0131m\u0131z Lucky Jet oyununun m\u00fcxt\u0259lif r\u0259qib oyun\u00e7ular\u0131ndan d\u0259qiq v\u0259 d\u0259rin r\u0259yl\u0259r t\u0259qdim edir. Lucky Jet oynay\u0131n Oyunun m\u00fc\u0259llifiChris HodgeChris Hodge qumar oyunlar\u0131 \u00fczr\u0259 m\u00fct\u0259x\u0259ssisdir. O, 10 ild\u0259n \u00e7oxdur ki, kazino oyunlar\u0131 oynay\u0131r v\u0259 \u00f6yr\u0259nir. Bu m\u00fcdd\u0259t \u0259rzind\u0259 o, arxas\u0131nda duran strategiyalar v\u0259 mexanika haqq\u0131nda d\u0259rin bir anlay\u0131\u015f inki\u015faf etdirdi [...]<\/p>","protected":false},"author":2,"featured_media":0,"parent":0,"menu_order":0,"comment_status":"closed","ping_status":"closed","template":"page-no-sidebar.php","meta":{"_acf_changed":false,"footnotes":""},"class_list":["post-16","page","type-page","status-publish","hentry"],"acf":[],"yoast_head":"<!-- This site is optimized with the Yoast SEO plugin v26.7 - https:\/\/yoast.com\/wordpress\/plugins\/seo\/ -->\n<title>Reviews from Real Players about Lucky Jet Game - Feedback<\/title>\n<meta name=\"description\" content=\"Reviews from real players about game Lucky Jet Game \ud83d\ude80 What you need to know about game Lucky Jet. Gamblers opinion and Recomendations\" \/>\n<meta name=\"robots\" content=\"index, follow, max-snippet:-1, max-image-preview:large, max-video-preview:-1\" \/>\n<link rel=\"canonical\" href=\"https:\/\/luckyjet-games.com\/az\/reviews-lucky-jet-game\/\" \/>\n<meta property=\"og:locale\" content=\"az_AZ\" \/>\n<meta property=\"og:type\" content=\"article\" \/>\n<meta property=\"og:title\" content=\"Reviews from Real Players about Lucky Jet Game - Feedback\" \/>\n<meta property=\"og:description\" content=\"Reviews from real players about game Lucky Jet Game \ud83d\ude80 What you need to know about game Lucky Jet. Gamblers opinion and Recomendations\" \/>\n<meta property=\"og:url\" content=\"https:\/\/luckyjet-games.com\/az\/reviews-lucky-jet-game\/\" \/>\n<meta property=\"og:site_name\" content=\"Lucky Jet Games\" \/>\n<meta property=\"article:modified_time\" content=\"2024-03-12T18:08:58+00:00\" \/>\n<meta property=\"og:image\" content=\"https:\/\/luckyjet-games.com\/wp-content\/uploads\/2022\/10\/Jucky-Jet-Game-1024x532.jpg\" \/>\n<meta name=\"twitter:card\" content=\"summary_large_image\" \/>\n<meta name=\"twitter:label1\" content=\"Est. reading time\" \/>\n\t<meta name=\"twitter:data1\" content=\"3 minutes\" \/>\n<!-- \/ Yoast SEO plugin. -->","yoast_head_json":{"title":"Lucky Jet Oyunu haqq\u0131nda Real Oyun\u00e7ulardan r\u0259yl\u0259r - \u018flaq\u0259","description":"Lucky Jet Oyunu haqq\u0131nda real oyun\u00e7ular\u0131n r\u0259yl\u0259ri \ud83d\ude80 Lucky Jet oyunu haqq\u0131nda n\u0259 bilm\u0259k laz\u0131md\u0131r. Qumarbazlar\u0131n r\u0259yi v\u0259 t\u00f6vsiy\u0259l\u0259ri","robots":{"index":"index","follow":"follow","max-snippet":"max-snippet:-1","max-image-preview":"max-image-preview:large","max-video-preview":"max-video-preview:-1"},"canonical":"https:\/\/luckyjet-games.com\/az\/reviews-lucky-jet-game\/","og_locale":"az_AZ","og_type":"article","og_title":"Reviews from Real Players about Lucky Jet Game - Feedback","og_description":"Reviews from real players about game Lucky Jet Game \ud83d\ude80 What you need to know about game Lucky Jet. Gamblers opinion and Recomendations","og_url":"https:\/\/luckyjet-games.com\/az\/reviews-lucky-jet-game\/","og_site_name":"Lucky Jet Games","article_modified_time":"2024-03-12T18:08:58+00:00","og_image":[{"url":"https:\/\/luckyjet-games.com\/wp-content\/uploads\/2022\/10\/Jucky-Jet-Game-1024x532.jpg","type":"","width":"","height":""}],"twitter_card":"summary_large_image","twitter_misc":{"Est. reading time":"3 minutes"},"schema":{"@context":"https:\/\/schema.org","@graph":[{"@type":"WebPage","@id":"https:\/\/luckyjet-games.com\/reviews-lucky-jet-game\/","url":"https:\/\/luckyjet-games.com\/reviews-lucky-jet-game\/","name":"Lucky Jet Oyunu haqq\u0131nda Real Oyun\u00e7ulardan r\u0259yl\u0259r - \u018flaq\u0259","isPartOf":{"@id":"https:\/\/luckyjet-games.com\/de\/#website"},"primaryImageOfPage":{"@id":"https:\/\/luckyjet-games.com\/reviews-lucky-jet-game\/#primaryimage"},"image":{"@id":"https:\/\/luckyjet-games.com\/reviews-lucky-jet-game\/#primaryimage"},"thumbnailUrl":"https:\/\/luckyjet-games.com\/wp-content\/uploads\/2022\/10\/Jucky-Jet-Game-1024x532.jpg","datePublished":"2022-10-07T12:25:17+00:00","dateModified":"2024-03-12T18:08:58+00:00","description":"Lucky Jet Oyunu haqq\u0131nda real oyun\u00e7ular\u0131n r\u0259yl\u0259ri \ud83d\ude80 Lucky Jet oyunu haqq\u0131nda n\u0259 bilm\u0259k laz\u0131md\u0131r. Qumarbazlar\u0131n r\u0259yi v\u0259 t\u00f6vsiy\u0259l\u0259ri","breadcrumb":{"@id":"https:\/\/luckyjet-games.com\/reviews-lucky-jet-game\/#breadcrumb"},"inLanguage":"az","potentialAction":[{"@type":"ReadAction","target":["https:\/\/luckyjet-games.com\/reviews-lucky-jet-game\/"]}]},{"@type":"ImageObject","inLanguage":"az","@id":"https:\/\/luckyjet-games.com\/reviews-lucky-jet-game\/#primaryimage","url":"https:\/\/luckyjet-games.com\/wp-content\/uploads\/2022\/10\/Jucky-Jet-Game-1024x532.jpg","contentUrl":"https:\/\/luckyjet-games.com\/wp-content\/uploads\/2022\/10\/Jucky-Jet-Game-1024x532.jpg"},{"@type":"BreadcrumbList","@id":"https:\/\/luckyjet-games.com\/reviews-lucky-jet-game\/#breadcrumb","itemListElement":[{"@type":"ListItem","position":1,"name":"Home","item":"https:\/\/luckyjet-games.com\/"},{"@type":"ListItem","position":2,"name":"Reviews of players about Lucky Jet Game"}]},{"@type":"WebSite","@id":"https:\/\/luckyjet-games.com\/de\/#website","url":"https:\/\/luckyjet-games.com\/de\/","name":"Lucky Jet Oyunlar\u0131","description":"","publisher":{"@id":"https:\/\/luckyjet-games.com\/de\/#organization"},"potentialAction":[{"@type":"SearchAction","target":{"@type":"EntryPoint","urlTemplate":"https:\/\/luckyjet-games.com\/de\/?s={search_term_string}"},"query-input":{"@type":"PropertyValueSpecification","valueRequired":true,"valueName":"search_term_string"}}],"inLanguage":"az"},{"@type":"Organization","@id":"https:\/\/luckyjet-games.com\/de\/#organization","name":"Lucky Jet Oyunlar\u0131","url":"https:\/\/luckyjet-games.com\/de\/","logo":{"@type":"ImageObject","inLanguage":"az","@id":"https:\/\/luckyjet-games.com\/de\/#\/schema\/logo\/image\/","url":"https:\/\/luckyjet-games.com\/wp-content\/uploads\/2022\/10\/Lucky-Jet-Game.png","contentUrl":"https:\/\/luckyjet-games.com\/wp-content\/uploads\/2022\/10\/Lucky-Jet-Game.png","width":711,"height":599,"caption":"Lucky Jet Games"},"image":{"@id":"https:\/\/luckyjet-games.com\/de\/#\/schema\/logo\/image\/"}}]}},"_links":{"self":[{"href":"https:\/\/luckyjet-games.com\/az\/wp-json\/wp\/v2\/pages\/16","targetHints":{"allow":["GET"]}}],"collection":[{"href":"https:\/\/luckyjet-games.com\/az\/wp-json\/wp\/v2\/pages"}],"about":[{"href":"https:\/\/luckyjet-games.com\/az\/wp-json\/wp\/v2\/types\/page"}],"author":[{"embeddable":true,"href":"https:\/\/luckyjet-games.com\/az\/wp-json\/wp\/v2\/users\/2"}],"replies":[{"embeddable":true,"href":"https:\/\/luckyjet-games.com\/az\/wp-json\/wp\/v2\/comments?post=16"}],"version-history":[{"count":0,"href":"https:\/\/luckyjet-games.com\/az\/wp-json\/wp\/v2\/pages\/16\/revisions"}],"wp:attachment":[{"href":"https:\/\/luckyjet-games.com\/az\/wp-json\/wp\/v2\/media?parent=16"}],"curies":[{"name":"wp","href":"https:\/\/api.w.org\/{rel}","templated":true}]}}